{"id":5424,"date":"2024-11-25T23:05:17","date_gmt":"2024-11-25T15:05:17","guid":{"rendered":"https:\/\/www.hnhlcranes.com\/?post_type=product&#038;p=5424"},"modified":"2025-01-19T18:08:18","modified_gmt":"2025-01-19T10:08:18","slug":"jerabovy-drapak","status":"publish","type":"product","link":"https:\/\/www.hnhlcranes.com\/cs\/produkt\/jerabovy-drapak\/","title":{"rendered":"Uchopen\u00ed je\u0159\u00e1bu"},"content":{"rendered":"<h6><span style=\"font-family: arial, helvetica, sans-serif; font-size: 18pt;\"><strong>Typy je\u0159\u00e1bov\u00fdch drap\u00e1k\u016f a jejich vlastnosti<\/strong><\/span><\/h6>\n<h6><span style=\"font-family: arial, helvetica, sans-serif; font-size: 14pt;\"><strong>Uchopen\u00ed jedn\u00edm lanem<\/strong><\/span><\/h6>\n<ul>\n<li><strong>Mechanismus<\/strong>: Pracuje s jedn\u00edm ocelov\u00fdm lanem pro zved\u00e1n\u00ed i otev\u00edr\u00e1n\u00ed\/zav\u00edr\u00e1n\u00ed pomoc\u00ed speci\u00e1ln\u00edho blokovac\u00edho mechanismu.<\/li>\n<li><strong>Funkce<\/strong>: Vhodn\u00e9 pro je\u0159\u00e1by s jedn\u00edm zvedac\u00edm bubnem (s jedn\u00edm h\u00e1kem), kter\u00e9 umo\u017e\u0148uj\u00ed bezprobl\u00e9mov\u00e9 otev\u00edr\u00e1n\u00ed a zav\u00edr\u00e1n\u00ed p\u0159i nakl\u00e1d\u00e1n\u00ed a vykl\u00e1d\u00e1n\u00ed. Snadno se p\u0159ipev\u0148uje a odep\u00edn\u00e1, tak\u017ee je vhodn\u00fd pro operace pod vodou i na sou\u0161i, jako je nap\u0159\u00edklad nab\u00edr\u00e1n\u00ed a stohov\u00e1n\u00ed.<\/li>\n<li><strong>Omezen\u00ed<\/strong>: Nelze otev\u0159\u00edt ve vzduchu, s v\u00fdjimkou ru\u010dn\u011b ta\u017een\u00fdch nebo d\u00e1lkov\u011b ovl\u00e1dan\u00fdch typ\u016f.<\/li>\n<\/ul>\n<h6><span style=\"font-family: arial, helvetica, sans-serif; font-size: 14pt;\"><strong>Dvojit\u00e9 uchopen\u00ed lana<\/strong><\/span><\/h6>\n<ul>\n<li><strong>Mechanismus<\/strong>: Ur\u010deno pro je\u0159\u00e1by se dv\u011bma zdvihac\u00edmi mechanismy (jedno lano pro ka\u017ed\u00fd buben). Pou\u017e\u00edv\u00e1 jedno lano pro vyv\u00e1\u017een\u00ed a druh\u00e9 pro otev\u00edr\u00e1n\u00ed a zav\u00edr\u00e1n\u00ed drap\u00e1ku.<\/li>\n<li><strong>Funkce<\/strong>:\n<ul>\n<li>\u010casto se pou\u017e\u00edv\u00e1 v p\u0159\u00edstavech, doc\u00edch a stavebnictv\u00ed.<\/li>\n<li>K dispozici jsou lehk\u00e9, st\u0159edn\u00ed, t\u011b\u017ek\u00e9 a velmi t\u011b\u017ek\u00e9 konfigurace podle vlastnost\u00ed materi\u00e1lu.<\/li>\n<li>Navr\u017eeno pro manipulaci se sypk\u00fdmi materi\u00e1ly.<\/li>\n<\/ul>\n<\/li>\n<\/ul>\n<h6><span style=\"font-family: arial, helvetica, sans-serif; font-size: 14pt;\"><strong>Uchopen\u00ed \u010dty\u0159 lan<\/strong><\/span><\/h6>\n<ul>\n<li><strong>Mechanismus<\/strong>: Pou\u017e\u00edv\u00e1 se u je\u0159\u00e1b\u016f vybaven\u00fdch dv\u011bma sadami lanov\u00fdch bubn\u016f. Pou\u017e\u00edv\u00e1 dv\u011b lana k podp\u00edr\u00e1n\u00ed a dv\u011b k otev\u00edr\u00e1n\u00ed a zav\u00edr\u00e1n\u00ed \u010delist\u00ed.<\/li>\n<li><strong>Aplikace<\/strong>: Vhodn\u00e9 pro \u00fakoly, jako je nakl\u00e1d\u00e1n\u00ed, vykl\u00e1d\u00e1n\u00ed, stohov\u00e1n\u00ed a pod\u00e1v\u00e1n\u00ed materi\u00e1l\u016f. \u010casto se pou\u017e\u00edv\u00e1 s mostov\u00fdmi nebo port\u00e1lov\u00fdmi je\u0159\u00e1by.<\/li>\n<li><strong>P\u0159izp\u016fsoben\u00ed<\/strong>: Na z\u00e1klad\u011b pot\u0159eb u\u017eivatele a vlastnost\u00ed materi\u00e1lu lze p\u0159izp\u016fsobit zuby, paraleln\u00ed nosn\u00edky nebo pro podvodn\u00ed operace.<\/li>\n<\/ul>\n<h6><span style=\"font-family: arial, helvetica, sans-serif; font-size: 14pt;\"><strong>Uchopen\u00ed s v\u00edce dr\u00e1py<\/strong><\/span><\/h6>\n<ul>\n<li><strong>Aplikace<\/strong>: Efektivn\u011b manipuluje s kovov\u00fdm \u0161rotem, velk\u00fdmi pevn\u00fdmi materi\u00e1ly a odpadem v n\u00e1ro\u010dn\u00fdch prost\u0159ed\u00edch, jako jsou p\u0159\u00edstavy, \u017eeleznice, hutnictv\u00ed a stavebnictv\u00ed.<\/li>\n<li><strong>Funkce<\/strong>:\n<ul>\n<li>K dispozici jsou modely s jedn\u00edm, dv\u011bma, \u010dty\u0159mi lany a elektrick\u00e9 modely.<\/li>\n<li>\u010celisti se zav\u00edraj\u00ed individu\u00e1ln\u011b podle velikosti a tvaru materi\u00e1lu, co\u017e zaji\u0161\u0165uje efektivn\u00ed manipulaci.<\/li>\n<li>Konstrukce se 4 a\u017e 8 \u010delistmi, p\u0159izp\u016fsobiteln\u00e1 na z\u00e1klad\u011b po\u017eadavk\u016f u\u017eivatele a vlastnost\u00ed materi\u00e1lu.<\/li>\n<\/ul>\n<\/li>\n<\/ul>\n<h6><span style=\"font-family: arial, helvetica, sans-serif; font-size: 14pt;\"><strong>Uchopen\u00ed protokolu<\/strong><\/span><\/h6>\n<ul>\n<li><strong>Aplikace<\/strong>: Speci\u00e1ln\u011b navr\u017een\u00e9 pro manipulaci se d\u0159evem na d\u0159eva\u0159sk\u00fdch skladech, ve velk\u00fdch d\u0159evozpracuj\u00edc\u00edch z\u00e1vodech, pap\u00edrn\u00e1ch a p\u0159\u00edstavech. Pou\u017e\u00edv\u00e1 se k vykl\u00e1d\u00e1n\u00ed lod\u00ed, stohov\u00e1n\u00ed kl\u00e1d a dal\u0161\u00edm souvisej\u00edc\u00edm \u010dinnostem.<\/li>\n<li><strong>Funkce<\/strong>:\n<ul>\n<li>K dispozici jsou modely s jedn\u00edm, dv\u011bma, \u010dty\u0159mi lany a elektrick\u00e9 modely.<\/li>\n<li>Mo\u017enost p\u0159izp\u016fsoben\u00ed konkr\u00e9tn\u00edm pot\u0159eb\u00e1m u\u017eivatele.<\/li>\n<\/ul>\n<\/li>\n<\/ul>\n<h6><span style=\"font-family: arial, helvetica, sans-serif; font-size: 14pt;\"><strong>Motorizovan\u00fd drap\u00e1k<\/strong><\/span><\/h6>\n<ul>\n<li><strong>Mechanismus<\/strong>: Je vybaven vlastn\u00edm otev\u00edrac\u00edm\/zav\u00edrac\u00edm mechanismem, kter\u00fd umo\u017e\u0148uje manipulaci s materi\u00e1lem v libovoln\u00e9 v\u00fd\u0161ce.<\/li>\n<li><strong>Funkce<\/strong>:\n<ul>\n<li>Vy\u0161\u0161\u00ed produktivita v porovn\u00e1n\u00ed s jednoprovazov\u00fdmi drap\u00e1ky.<\/li>\n<li>Snadn\u00e9 p\u0159ipojov\u00e1n\u00ed a odpojov\u00e1n\u00ed s vysokou \u00fa\u010dinnost\u00ed nakl\u00e1d\u00e1n\u00ed a vykl\u00e1d\u00e1n\u00ed.<\/li>\n<li>Vhodn\u00e9 pro manipulaci se sypk\u00fdmi materi\u00e1ly.<\/li>\n<li>Pro vy\u0161\u0161\u00ed v\u00fd\u0161ky zdvihu vy\u017eaduje navij\u00e1k nap\u00e1jec\u00edho kabelu.<\/li>\n<\/ul>\n<\/li>\n<li><strong>Omezen\u00ed<\/strong>: Nen\u00ed vhodn\u00fd pro provoz pod vodou.<\/li>\n<\/ul>\n<h6><span style=\"font-family: arial, helvetica, sans-serif; font-size: 14pt;\"><strong>Elektrick\u00fd hydraulick\u00fd drap\u00e1k s v\u00edce dr\u00e1py<\/strong><\/span><\/h6>\n<ul>\n<li><strong>Aplikace<\/strong>: Navr\u017eeno pro manipulaci s nepravideln\u00fdmi a velk\u00fdmi materi\u00e1ly, jako je ocelov\u00fd \u0161rot, surov\u00e9 \u017eelezo, ruda a odpad v n\u00e1ro\u010dn\u00fdch podm\u00ednk\u00e1ch, a \u00fa\u010dinn\u011b tak nahrazuje ru\u010dn\u00ed pr\u00e1ci.<\/li>\n<li><strong>Funkce<\/strong>:\n<ul>\n<li>Je vybaven nez\u00e1visl\u00fdm hydraulick\u00fdm syst\u00e9mem, kter\u00fd vyu\u017e\u00edv\u00e1 vysoce kvalitn\u00ed komponenty pro vynikaj\u00edc\u00ed v\u00fdkon.<\/li>\n<li>Ka\u017ed\u00e1 \u010delist je poh\u00e1n\u011bna samostatn\u00fdm hydraulick\u00fdm v\u00e1lcem, tak\u017ee nedoch\u00e1z\u00ed k rozsyp\u00e1v\u00e1n\u00ed materi\u00e1lu.<\/li>\n<li>Obsahuje kabelov\u00fd konektor na horn\u00ed stran\u011b pro snadnou integraci je\u0159\u00e1bu.<\/li>\n<li>K dispozici jsou r\u016fzn\u00e9 konfigurace: kruhov\u00e9 nebo obd\u00e9ln\u00edkov\u00e9 \u010delisti a uzav\u0159en\u00e9, polootev\u0159en\u00e9 nebo otev\u0159en\u00e9 dr\u00e1py.<\/li>\n<\/ul>\n<\/li>\n<\/ul>","protected":false},"excerpt":{"rendered":"<p>Singlr lano uchopit, \u010cty\u0159i lano uchopit, Elektro-hydraulick\u00e9 multi-flap uchopit, Orange peel uchopit, Elektrick\u00fd motor uchopit, Elektro-Hydraulicclamshell uchopit<\/p>","protected":false},"featured_media":7139,"template":"","meta":{"_kad_post_transparent":"default","_kad_post_title":"","_kad_post_layout":"default","_kad_post_sidebar_id":"","_kad_post_content_style":"default","_kad_post_vertical_padding":"show","_kad_post_feature":"","_kad_post_feature_position":"","_kad_post_header":false,"_kad_post_footer":false},"product_brand":[],"product_cat":[59],"product_tag":[508,510,513,497,514,512,515,498,521,376,517,518,496,507,520,516,495,522,494,504,502,505,501,506,499,523,503,519,509,500,493,511],"class_list":{"0":"post-5424","1":"product","2":"type-product","3":"status-publish","4":"has-post-thumbnail","6":"product_cat-crane-spreader","7":"product_tag-20ft-container-spreader","8":"product_tag-40ft-container-lifting-frame","9":"product_tag-billet-clamps","10":"product_tag-billet-crane-clamp","11":"product_tag-billet-crane-clamps-manufacturer","12":"product_tag-billet-lifting-clamp","13":"product_tag-billet-lifting-clamps-china-supplier","14":"product_tag-c-type-hook","15":"product_tag-c-type-spreader","16":"product_tag-china-crane-parts-supplier","17":"product_tag-coil-c-type-hook","18":"product_tag-coil-hook","19":"product_tag-container-spreader","20":"product_tag-container-spreader-manufacturers","21":"product_tag-crane-c-hook","22":"product_tag-crane-c-type-spreader","23":"product_tag-crane-grab","24":"product_tag-crane-magnets","25":"product_tag-crane-spreader","26":"product_tag-electric-motor-grab","27":"product_tag-electro-hydraulic-multi-flap-grab","28":"product_tag-electro-hydraulicclamshell-grab","29":"product_tag-four-rope-grab","30":"product_tag-grab-manufacturers","31":"product_tag-lifting-electromagnet","32":"product_tag-lifting-electromagnet-spreader","33":"product_tag-orange-peel-grab","34":"product_tag-overhead-crane-steel-coil-c-type-hook","35":"product_tag-semi-automatic-container-spreader","36":"product_tag-singlr-rope-grab","37":"product_tag-special-crane-spreader","38":"product_tag-tec-container-spreader","40":"first","41":"instock","42":"featured","43":"shipping-taxable","44":"product-type-simple","45":"entry","46":"content-bg","47":"loop-entry"},"yoast_head":"<!-- This site is optimized with the Yoast SEO plugin v24.5 - https:\/\/yoast.com\/wordpress\/plugins\/seo\/ -->\n<title>Crane grab - Four rope grab-Electric motor grab-grab manufacturer- Crane Parts Manufacturer<\/title>\n<meta name=\"description\" content=\"Singlr rope grab,Four rope grab,Electro-hydraulic multi-flap grab,Orange peel grab,Electric motor grab,Electro-Hydraulicclamshell grab,Crane grab\" \/>\n<meta name=\"robots\" content=\"index, follow, max-snippet:-1, max-image-preview:large, max-video-preview:-1\" \/>\n<link rel=\"canonical\" href=\"https:\/\/www.hnhlcranes.com\/cs\/produkt\/jerabovy-drapak\/\" \/>\n<meta property=\"og:locale\" content=\"cs_CZ\" \/>\n<meta property=\"og:type\" content=\"article\" \/>\n<meta property=\"og:title\" content=\"Crane grab - Four rope grab-Electric motor grab-grab manufacturer- Crane Parts Manufacturer\" \/>\n<meta property=\"og:description\" content=\"Singlr rope grab,Four rope grab,Electro-hydraulic multi-flap grab,Orange peel grab,Electric motor grab,Electro-Hydraulicclamshell grab,Crane grab\" \/>\n<meta property=\"og:url\" content=\"https:\/\/www.hnhlcranes.com\/cs\/produkt\/jerabovy-drapak\/\" \/>\n<meta property=\"og:site_name\" content=\"Crane Parts Manufacturer\" \/>\n<meta property=\"article:modified_time\" content=\"2025-01-19T10:08:18+00:00\" \/>\n<meta property=\"og:image\" content=\"https:\/\/www.hnhlcranes.com\/wp-content\/uploads\/2024\/11\/Crane-grab.jpg\" \/>\n\t<meta property=\"og:image:width\" content=\"600\" \/>\n\t<meta property=\"og:image:height\" content=\"600\" \/>\n\t<meta property=\"og:image:type\" content=\"image\/jpeg\" \/>\n<meta name=\"twitter:card\" content=\"summary_large_image\" \/>\n<meta name=\"twitter:label1\" content=\"Odhadovan\u00e1 doba \u010dten\u00ed\" \/>\n\t<meta name=\"twitter:data1\" content=\"3 minuty\" \/>\n<script type=\"application\/ld+json\" class=\"yoast-schema-graph\">{\"@context\":\"https:\/\/schema.org\",\"@graph\":[{\"@type\":\"WebPage\",\"@id\":\"https:\/\/www.hnhlcranes.com\/product\/crane-grab\/\",\"url\":\"https:\/\/www.hnhlcranes.com\/product\/crane-grab\/\",\"name\":\"Crane grab - Four rope grab-Electric motor grab-grab manufacturer- Crane Parts Manufacturer\",\"isPartOf\":{\"@id\":\"https:\/\/www.hnhlcranes.com\/#website\"},\"primaryImageOfPage\":{\"@id\":\"https:\/\/www.hnhlcranes.com\/product\/crane-grab\/#primaryimage\"},\"image\":{\"@id\":\"https:\/\/www.hnhlcranes.com\/product\/crane-grab\/#primaryimage\"},\"thumbnailUrl\":\"https:\/\/www.hnhlcranes.com\/wp-content\/uploads\/2024\/11\/Crane-grab.jpg\",\"datePublished\":\"2024-11-25T15:05:17+00:00\",\"dateModified\":\"2025-01-19T10:08:18+00:00\",\"description\":\"Singlr rope grab,Four rope grab,Electro-hydraulic multi-flap grab,Orange peel grab,Electric motor grab,Electro-Hydraulicclamshell grab,Crane grab\",\"breadcrumb\":{\"@id\":\"https:\/\/www.hnhlcranes.com\/product\/crane-grab\/#breadcrumb\"},\"inLanguage\":\"cs\",\"potentialAction\":[{\"@type\":\"ReadAction\",\"target\":[\"https:\/\/www.hnhlcranes.com\/product\/crane-grab\/\"]}]},{\"@type\":\"ImageObject\",\"inLanguage\":\"cs\",\"@id\":\"https:\/\/www.hnhlcranes.com\/product\/crane-grab\/#primaryimage\",\"url\":\"https:\/\/www.hnhlcranes.com\/wp-content\/uploads\/2024\/11\/Crane-grab.jpg\",\"contentUrl\":\"https:\/\/www.hnhlcranes.com\/wp-content\/uploads\/2024\/11\/Crane-grab.jpg\",\"width\":600,\"height\":600},{\"@type\":\"BreadcrumbList\",\"@id\":\"https:\/\/www.hnhlcranes.com\/product\/crane-grab\/#breadcrumb\",\"itemListElement\":[{\"@type\":\"ListItem\",\"position\":1,\"name\":\"home\",\"item\":\"https:\/\/www.hnhlcranes.com\/\"},{\"@type\":\"ListItem\",\"position\":2,\"name\":\"products\",\"item\":\"https:\/\/www.hnhlcranes.com\/products\/\"},{\"@type\":\"ListItem\",\"position\":3,\"name\":\"Crane grab\"}]},{\"@type\":\"WebSite\",\"@id\":\"https:\/\/www.hnhlcranes.com\/#website\",\"url\":\"https:\/\/www.hnhlcranes.com\/\",\"name\":\"Crane Parts Manufacturer\",\"description\":\"Crane Wheels,Crane Drums,Crane Hooks,Crane Coupling,Crane End Carriage,Electric Hoist,European Crane Parts,Crane Rail Clip,Crane Spreader,Crane Motor,Crane Reducer,Crane Brake,Light Crane Parts,Workstation Crane Parts,Crane Electrical Parts,China Crane Parts Supplier,China Crane Parts Manufacturer,Angle box type crane wheel,45 degree split crane wheel,European crane wheel,Crane Wheel Blocks,Overhead crane drum,European crane drum,Overhead crane hook,European crane hook,Crane pulley block,Gear coupling,Brake wheel coupling,Drum gear coupling,Brake wheel drum gear coupling,Cardan Shaft Coupling,WZL drum coupling,Plum blossom elastic coupling,Brake wheel plum elastic coupling,European Single girder crane end carriage,European Double girder crane end carriage,European Suspension  crane end carriage,Wire Rope Electric Hoist,Electric Chain Hoist,European Single Girder Wire Rope Electric Hoist,European Double Girder Wire Rope Electric Hoist,Crane grab,Container spreader,Billet crane clamps,C-type hook,Lifting Electromagnet,YZR crane motor,YZP crane motor,ZQ Reducer,ZSC Reducer,QJ Reducer,QJ-L Reducer,QJY Reducer,H series gearbox,F Series Gear Motor,K Series Gear Motor,R Series Gear Motor,travelling machinery gear motor,Electro hydraulic drum brake,Electro hydraulic disc brake,Crane Safety brake,Crane cable trolley,Crane remote controller,Crane pendant controller,Crane electrical control cabinet,Crane limit switch,Crane sound and light alarm,Heavy Duty Aviation Connector,Crane overload limiter\",\"publisher\":{\"@id\":\"https:\/\/www.hnhlcranes.com\/#organization\"},\"potentialAction\":[{\"@type\":\"SearchAction\",\"target\":{\"@type\":\"EntryPoint\",\"urlTemplate\":\"https:\/\/www.hnhlcranes.com\/?s={search_term_string}\"},\"query-input\":{\"@type\":\"PropertyValueSpecification\",\"valueRequired\":true,\"valueName\":\"search_term_string\"}}],\"inLanguage\":\"cs\"},{\"@type\":\"Organization\",\"@id\":\"https:\/\/www.hnhlcranes.com\/#organization\",\"name\":\"Crane Parts Manufacturer\",\"url\":\"https:\/\/www.hnhlcranes.com\/\",\"logo\":{\"@type\":\"ImageObject\",\"inLanguage\":\"cs\",\"@id\":\"https:\/\/www.hnhlcranes.com\/#\/schema\/logo\/image\/\",\"url\":\"https:\/\/www.hnhlcranes.com\/wp-content\/uploads\/2025\/01\/HL-logo-1.png\",\"contentUrl\":\"https:\/\/www.hnhlcranes.com\/wp-content\/uploads\/2025\/01\/HL-logo-1.png\",\"width\":600,\"height\":169,\"caption\":\"Crane Parts Manufacturer\"},\"image\":{\"@id\":\"https:\/\/www.hnhlcranes.com\/#\/schema\/logo\/image\/\"}}]}<\/script>\n<!-- \/ Yoast SEO plugin. -->","yoast_head_json":{"title":"Crane grab - Four rope grab-Electric motor grab-grab manufacturer- Crane Parts Manufacturer","description":"Singlr rope grab,Four rope grab,Electro-hydraulic multi-flap grab,Orange peel grab,Electric motor grab,Electro-Hydraulicclamshell grab,Crane grab","robots":{"index":"index","follow":"follow","max-snippet":"max-snippet:-1","max-image-preview":"max-image-preview:large","max-video-preview":"max-video-preview:-1"},"canonical":"https:\/\/www.hnhlcranes.com\/cs\/produkt\/jerabovy-drapak\/","og_locale":"cs_CZ","og_type":"article","og_title":"Crane grab - Four rope grab-Electric motor grab-grab manufacturer- Crane Parts Manufacturer","og_description":"Singlr rope grab,Four rope grab,Electro-hydraulic multi-flap grab,Orange peel grab,Electric motor grab,Electro-Hydraulicclamshell grab,Crane grab","og_url":"https:\/\/www.hnhlcranes.com\/cs\/produkt\/jerabovy-drapak\/","og_site_name":"Crane Parts Manufacturer","article_modified_time":"2025-01-19T10:08:18+00:00","og_image":[{"width":600,"height":600,"url":"https:\/\/www.hnhlcranes.com\/wp-content\/uploads\/2024\/11\/Crane-grab.jpg","type":"image\/jpeg"}],"twitter_card":"summary_large_image","twitter_misc":{"Odhadovan\u00e1 doba \u010dten\u00ed":"3 minuty"},"schema":{"@context":"https:\/\/schema.org","@graph":[{"@type":"WebPage","@id":"https:\/\/www.hnhlcranes.com\/product\/crane-grab\/","url":"https:\/\/www.hnhlcranes.com\/product\/crane-grab\/","name":"Crane grab - Four rope grab-Electric motor grab-grab manufacturer- Crane Parts Manufacturer","isPartOf":{"@id":"https:\/\/www.hnhlcranes.com\/#website"},"primaryImageOfPage":{"@id":"https:\/\/www.hnhlcranes.com\/product\/crane-grab\/#primaryimage"},"image":{"@id":"https:\/\/www.hnhlcranes.com\/product\/crane-grab\/#primaryimage"},"thumbnailUrl":"https:\/\/www.hnhlcranes.com\/wp-content\/uploads\/2024\/11\/Crane-grab.jpg","datePublished":"2024-11-25T15:05:17+00:00","dateModified":"2025-01-19T10:08:18+00:00","description":"Singlr rope grab,Four rope grab,Electro-hydraulic multi-flap grab,Orange peel grab,Electric motor grab,Electro-Hydraulicclamshell grab,Crane grab","breadcrumb":{"@id":"https:\/\/www.hnhlcranes.com\/product\/crane-grab\/#breadcrumb"},"inLanguage":"cs","potentialAction":[{"@type":"ReadAction","target":["https:\/\/www.hnhlcranes.com\/product\/crane-grab\/"]}]},{"@type":"ImageObject","inLanguage":"cs","@id":"https:\/\/www.hnhlcranes.com\/product\/crane-grab\/#primaryimage","url":"https:\/\/www.hnhlcranes.com\/wp-content\/uploads\/2024\/11\/Crane-grab.jpg","contentUrl":"https:\/\/www.hnhlcranes.com\/wp-content\/uploads\/2024\/11\/Crane-grab.jpg","width":600,"height":600},{"@type":"BreadcrumbList","@id":"https:\/\/www.hnhlcranes.com\/product\/crane-grab\/#breadcrumb","itemListElement":[{"@type":"ListItem","position":1,"name":"home","item":"https:\/\/www.hnhlcranes.com\/"},{"@type":"ListItem","position":2,"name":"products","item":"https:\/\/www.hnhlcranes.com\/products\/"},{"@type":"ListItem","position":3,"name":"Crane grab"}]},{"@type":"WebSite","@id":"https:\/\/www.hnhlcranes.com\/#website","url":"https:\/\/www.hnhlcranes.com\/","name":"Crane Parts Manufacturer","description":"Crane Wheels,Crane Drums,Crane Hooks,Crane Coupling,Crane End Carriage,Electric Hoist,European Crane Parts,Crane Rail Clip,Crane Spreader,Crane Motor,Crane Reducer,Crane Brake,Light Crane Parts,Workstation Crane Parts,Crane Electrical Parts,China Crane Parts Supplier,China Crane Parts Manufacturer,Angle box type crane wheel,45 degree split crane wheel,European crane wheel,Crane Wheel Blocks,Overhead crane drum,European crane drum,Overhead crane hook,European crane hook,Crane pulley block,Gear coupling,Brake wheel coupling,Drum gear coupling,Brake wheel drum gear coupling,Cardan Shaft Coupling,WZL drum coupling,Plum blossom elastic coupling,Brake wheel plum elastic coupling,European Single girder crane end carriage,European Double girder crane end carriage,European Suspension  crane end carriage,Wire Rope Electric Hoist,Electric Chain Hoist,European Single Girder Wire Rope Electric Hoist,European Double Girder Wire Rope Electric Hoist,Crane grab,Container spreader,Billet crane clamps,C-type hook,Lifting Electromagnet,YZR crane motor,YZP crane motor,ZQ Reducer,ZSC Reducer,QJ Reducer,QJ-L Reducer,QJY Reducer,H series gearbox,F Series Gear Motor,K Series Gear Motor,R Series Gear Motor,travelling machinery gear motor,Electro hydraulic drum brake,Electro hydraulic disc brake,Crane Safety brake,Crane cable trolley,Crane remote controller,Crane pendant controller,Crane electrical control cabinet,Crane limit switch,Crane sound and light alarm,Heavy Duty Aviation Connector,Crane overload limiter","publisher":{"@id":"https:\/\/www.hnhlcranes.com\/#organization"},"potentialAction":[{"@type":"SearchAction","target":{"@type":"EntryPoint","urlTemplate":"https:\/\/www.hnhlcranes.com\/?s={search_term_string}"},"query-input":{"@type":"PropertyValueSpecification","valueRequired":true,"valueName":"search_term_string"}}],"inLanguage":"cs"},{"@type":"Organization","@id":"https:\/\/www.hnhlcranes.com\/#organization","name":"Crane Parts Manufacturer","url":"https:\/\/www.hnhlcranes.com\/","logo":{"@type":"ImageObject","inLanguage":"cs","@id":"https:\/\/www.hnhlcranes.com\/#\/schema\/logo\/image\/","url":"https:\/\/www.hnhlcranes.com\/wp-content\/uploads\/2025\/01\/HL-logo-1.png","contentUrl":"https:\/\/www.hnhlcranes.com\/wp-content\/uploads\/2025\/01\/HL-logo-1.png","width":600,"height":169,"caption":"Crane Parts Manufacturer"},"image":{"@id":"https:\/\/www.hnhlcranes.com\/#\/schema\/logo\/image\/"}}]}},"_links":{"self":[{"href":"https:\/\/www.hnhlcranes.com\/cs\/wp-json\/wp\/v2\/product\/5424","targetHints":{"allow":["GET"]}}],"collection":[{"href":"https:\/\/www.hnhlcranes.com\/cs\/wp-json\/wp\/v2\/product"}],"about":[{"href":"https:\/\/www.hnhlcranes.com\/cs\/wp-json\/wp\/v2\/types\/product"}],"version-history":[{"count":3,"href":"https:\/\/www.hnhlcranes.com\/cs\/wp-json\/wp\/v2\/product\/5424\/revisions"}],"predecessor-version":[{"id":7141,"href":"https:\/\/www.hnhlcranes.com\/cs\/wp-json\/wp\/v2\/product\/5424\/revisions\/7141"}],"wp:featuredmedia":[{"embeddable":true,"href":"https:\/\/www.hnhlcranes.com\/cs\/wp-json\/wp\/v2\/media\/7139"}],"wp:attachment":[{"href":"https:\/\/www.hnhlcranes.com\/cs\/wp-json\/wp\/v2\/media?parent=5424"}],"wp:term":[{"taxonomy":"product_brand","embeddable":true,"href":"https:\/\/www.hnhlcranes.com\/cs\/wp-json\/wp\/v2\/product_brand?post=5424"},{"taxonomy":"product_cat","embeddable":true,"href":"https:\/\/www.hnhlcranes.com\/cs\/wp-json\/wp\/v2\/product_cat?post=5424"},{"taxonomy":"product_tag","embeddable":true,"href":"https:\/\/www.hnhlcranes.com\/cs\/wp-json\/wp\/v2\/product_tag?post=5424"}],"curies":[{"name":"wp","href":"https:\/\/api.w.org\/{rel}","templated":true}]}}