{"id":5444,"date":"2024-11-25T23:42:41","date_gmt":"2024-11-25T15:42:41","guid":{"rendered":"https:\/\/www.hnhlcranes.com\/?post_type=product&#038;p=5444"},"modified":"2025-01-10T15:05:04","modified_gmt":"2025-01-10T07:05:04","slug":"rozmetadlo-kontejneru","status":"publish","type":"product","link":"https:\/\/www.hnhlcranes.com\/cs\/produkt\/rozmetadlo-kontejneru\/","title":{"rendered":"Rozmetadlo kontejner\u016f"},"content":{"rendered":"<h3><strong>\u00davod do kontejnerov\u00e9ho rozmetadla<\/strong><\/h3>\n<p>A <strong>rozmetadlo kontejner\u016f<\/strong> je za\u0159\u00edzen\u00ed speci\u00e1ln\u011b navr\u017een\u00e9 pro zved\u00e1n\u00ed, p\u0159epravu a p\u0159esn\u00e9 um\u00edst\u011bn\u00ed kontejner\u016f. Obvykle se pou\u017e\u00edv\u00e1 na p\u0159\u00edstavn\u00edch je\u0159\u00e1bech, jako jsou p\u0159\u00edstavn\u00ed je\u0159\u00e1by a port\u00e1lov\u00e9 je\u0159\u00e1by. Rozmetadlo se p\u0159ipojuje k h\u00e1ku nebo zdvihac\u00edm lan\u016fm je\u0159\u00e1bu a zaji\u0161\u0165uje bezpe\u010dn\u00e9 zved\u00e1n\u00ed a manipulaci s kontejnery. D\u00edky sv\u00fdm v\u00fdsuvn\u00fdm a zaji\u0161\u0165ovac\u00edm mechanism\u016fm hraje rozmetadlo kontejner\u016f kl\u00ed\u010dovou roli p\u0159i udr\u017eov\u00e1n\u00ed stability a bezpe\u010dnosti kontejner\u016f b\u011bhem procesu zved\u00e1n\u00ed.<\/p>\n<h3><strong>Hlavn\u00ed funkce<\/strong><\/h3>\n<ul>\n<li><strong>Zved\u00e1n\u00ed kontejner\u016f<\/strong>: Hlavn\u00edm \u00fakolem rozmetadla kontejner\u016f je zvedat kontejnery z n\u00e1kladn\u00edch lod\u00ed nebo z p\u0159\u00edstavi\u0161\u0165 a p\u0159epravovat je na jin\u00e1 m\u00edsta. P\u0159ipojuje se ke \u010dty\u0159em rohov\u00fdm odlitk\u016fm kontejneru a zaji\u0161\u0165uje kontejner na m\u00edst\u011b b\u011bhem zved\u00e1n\u00ed.<\/li>\n<li><strong>P\u0159esn\u00e9 um\u00edst\u011bn\u00ed<\/strong>: Rozmetadlo kontejner\u016f zaji\u0161\u0165uje p\u0159esn\u00e9 um\u00edst\u011bn\u00ed kontejner\u016f p\u0159i jejich p\u0159em\u00eds\u0165ov\u00e1n\u00ed z jednoho m\u00edsta na druh\u00e9. To je d\u016fle\u017eit\u00e9 zejm\u00e9na v p\u0159\u00edstavn\u00edch provozech, kde je vy\u017eadov\u00e1na vysok\u00e1 p\u0159esnost p\u0159i stohov\u00e1n\u00ed a vykl\u00e1d\u00e1n\u00ed. Rozmetadlo pom\u00e1h\u00e1 zabr\u00e1nit naklon\u011bn\u00ed nebo p\u00e1du kontejner\u016f b\u011bhem p\u0159em\u00eds\u0165ov\u00e1n\u00ed.<\/li>\n<li><strong>Roz\u0161\u00ed\u0159en\u00ed a \u00faprava<\/strong>: V\u011bt\u0161ina rozmetadel kontejner\u016f je vybavena v\u00fdsuvnou funkc\u00ed, kter\u00e1 umo\u017e\u0148uje nastavit jejich \u0161\u00ed\u0159ku tak, aby se do nich ve\u0161ly kontejnery r\u016fzn\u00fdch velikost\u00ed (nap\u0159. 20stop\u00e9, 40stop\u00e9 nebo 45stop\u00e9). Tato p\u0159izp\u016fsobivost znamen\u00e1, \u017ee stejn\u00e9 rozmetadlo m\u016f\u017ee manipulovat s v\u00edce velikostmi kontejner\u016f, co\u017e zvy\u0161uje efektivitu provozu.<\/li>\n<li><strong>Uzamykac\u00ed mechanismus<\/strong>: Aby se kontejner p\u0159i zved\u00e1n\u00ed nesesunul, je rozmetadlo kontejner\u016f vybaveno blokovac\u00edm mechanismem. Ten m\u016f\u017ee b\u00fdt automatick\u00fd nebo manu\u00e1ln\u00ed a po p\u0159ipojen\u00ed bezpe\u010dn\u011b uzamkne \u010dty\u0159i rohov\u00e9 odlitky kontejneru, \u010d\u00edm\u017e zabr\u00e1n\u00ed n\u00e1hodn\u00e9mu odpojen\u00ed b\u011bhem zved\u00e1n\u00ed.<\/li>\n<li><strong>Zv\u00fd\u0161en\u00e1 efektivita<\/strong>: Rozmetadla kontejner\u016f jsou navr\u017eena pro rychl\u00e9 p\u0159ipojen\u00ed a odpojen\u00ed, co\u017e zvy\u0161uje efektivitu provozu je\u0159\u00e1bu. V ru\u0161n\u00fdch p\u0159\u00edstavech rozmetadlo zkracuje dobu obratu, \u010d\u00edm\u017e pom\u00e1h\u00e1 urychlit manipulaci s n\u00e1kladem a jeho p\u0159epravu.<\/li>\n<\/ul>\n<h3><strong>Kl\u00ed\u010dov\u00e9 konstruk\u010dn\u00ed prvky<\/strong><\/h3>\n<ul>\n<li><strong>R\u00e1m<\/strong>: R\u00e1m nese celou konstrukci rozmetadla a je obvykle vyroben z vysokopevnostn\u00ed oceli, aby unesl hmotnost kontejneru.<\/li>\n<li><strong>H\u00e1ky nebo zvedac\u00ed krou\u017eky<\/strong>: P\u0159ipojuj\u00ed rozmetadlo ke zdvihac\u00edmu syst\u00e9mu je\u0159\u00e1bu a usnad\u0148uj\u00ed tak zved\u00e1n\u00ed.<\/li>\n<li><strong>V\u00fdsuvn\u00e1 ramena<\/strong>: V\u00fdsuvn\u00e1 \u010d\u00e1st rozmetadla umo\u017e\u0148uje p\u0159izp\u016fsoben\u00ed r\u016fzn\u00fdm velikostem n\u00e1dob.<\/li>\n<li><strong>Uzamykac\u00ed mechanismus<\/strong>: Tento mechanismus zaji\u0161\u0165uje bezpe\u010dn\u00e9 upevn\u011bn\u00ed rohov\u00fdch odlitk\u016f kontejneru k rozmetadlu a zabra\u0148uje posunu kontejneru.<\/li>\n<li><strong>\u0158\u00eddic\u00ed syst\u00e9m<\/strong>: Modern\u00ed rozmetadla kontejner\u016f mohou b\u00fdt vybavena elektronick\u00fdmi \u0159\u00eddic\u00edmi syst\u00e9my pro \u0159\u00edzen\u00ed vysouv\u00e1n\u00ed, zamyk\u00e1n\u00ed a dal\u0161\u00edch funkc\u00ed, p\u0159i\u010dem\u017e n\u011bkter\u00e1 z nich mohou m\u00edt i d\u00e1lkov\u00e9 ovl\u00e1d\u00e1n\u00ed.<\/li>\n<\/ul>\n<h3><strong>V\u00fdhody<\/strong><\/h3>\n<ul>\n<li><strong>Zv\u00fd\u0161en\u00ed efektivity<\/strong>: Automatick\u00fd uzamykac\u00ed syst\u00e9m a rychl\u00e1 obsluha v\u00fdrazn\u011b zvy\u0161uj\u00ed efektivitu manipulace s kontejnery.<\/li>\n<li><strong>P\u0159izp\u016fsoben\u00ed r\u016fzn\u00fdm velikostem<\/strong>: D\u00edky v\u00fdsuvn\u00fdm ramen\u016fm je rozmetadlo vhodn\u00e9 pro \u0161irokou \u0161k\u00e1lu velikost\u00ed kontejner\u016f, co\u017e zaji\u0161\u0165uje vysokou univerz\u00e1lnost.<\/li>\n<li><strong>Vysok\u00e1 bezpe\u010dnost<\/strong>: Uzamykac\u00ed mechanismus zaji\u0161\u0165uje stabilitu a bezpe\u010dnost kontejner\u016f p\u0159i manipulaci, \u010d\u00edm\u017e se sni\u017euje riziko nehod.<\/li>\n<li><strong>Omezen\u00ed manu\u00e1ln\u00edch z\u00e1sah\u016f<\/strong>: Modern\u00ed rozmetadla kontejner\u016f jsou \u010dasto vybavena automatick\u00fdmi \u0159\u00eddic\u00edmi syst\u00e9my, kter\u00e9 sni\u017euj\u00ed pot\u0159ebu ru\u010dn\u00edch operac\u00ed a zvy\u0161uj\u00ed bezpe\u010dnost a efektivitu.<\/li>\n<\/ul>\n<h3><strong>Z\u00e1v\u011br<\/strong><\/h3>\n<p>Z\u00e1v\u011brem lze \u0159\u00edci, \u017ee rozmetadlo kontejner\u016f je z\u00e1kladn\u00edm vybaven\u00edm p\u0159\u00edstav\u016f, dok\u016f a dal\u0161\u00edch za\u0159\u00edzen\u00ed pro manipulaci s kontejnery. Zaji\u0161\u0165uje efektivn\u00ed, bezpe\u010dn\u00e9 a p\u0159esn\u00e9 zved\u00e1n\u00ed a manipulaci s kontejnery. D\u00edky v\u00fdsuvn\u00fdm a uzamykac\u00edm mechanism\u016fm se m\u016f\u017ee p\u0159izp\u016fsobit r\u016fzn\u00fdm velikostem kontejner\u016f, a proto je \u0161iroce pou\u017e\u00edv\u00e1n p\u0159i p\u0159eprav\u011b kontejner\u016f, nakl\u00e1dce, vykl\u00e1dce a stohov\u00e1n\u00ed po cel\u00e9m sv\u011bt\u011b.<\/p>","protected":false},"excerpt":{"rendered":"<p>V\u00fdrobci kontejnerov\u00fdch rozmetadel, 20ft kontejnerov\u00e9 rozmetadlo, poloautomatick\u00e9 kontejnerov\u00e9 rozmetadlo, 40ft kontejnerov\u00fd zvedac\u00ed r\u00e1m, kontejnerov\u00e9 rozmetadlo<\/p>","protected":false},"featured_media":7148,"template":"","meta":{"_kad_post_transparent":"default","_kad_post_title":"","_kad_post_layout":"default","_kad_post_sidebar_id":"","_kad_post_content_style":"default","_kad_post_vertical_padding":"show","_kad_post_feature":"","_kad_post_feature_position":"","_kad_post_header":false,"_kad_post_footer":false},"product_brand":[],"product_cat":[59],"product_tag":[508,510,513,497,514,512,515,498,521,376,517,518,496,507,520,516,495,522,494,504,502,505,501,506,499,523,503,519,509,500,493,511],"class_list":{"0":"post-5444","1":"product","2":"type-product","3":"status-publish","4":"has-post-thumbnail","6":"product_cat-crane-spreader","7":"product_tag-20ft-container-spreader","8":"product_tag-40ft-container-lifting-frame","9":"product_tag-billet-clamps","10":"product_tag-billet-crane-clamp","11":"product_tag-billet-crane-clamps-manufacturer","12":"product_tag-billet-lifting-clamp","13":"product_tag-billet-lifting-clamps-china-supplier","14":"product_tag-c-type-hook","15":"product_tag-c-type-spreader","16":"product_tag-china-crane-parts-supplier","17":"product_tag-coil-c-type-hook","18":"product_tag-coil-hook","19":"product_tag-container-spreader","20":"product_tag-container-spreader-manufacturers","21":"product_tag-crane-c-hook","22":"product_tag-crane-c-type-spreader","23":"product_tag-crane-grab","24":"product_tag-crane-magnets","25":"product_tag-crane-spreader","26":"product_tag-electric-motor-grab","27":"product_tag-electro-hydraulic-multi-flap-grab","28":"product_tag-electro-hydraulicclamshell-grab","29":"product_tag-four-rope-grab","30":"product_tag-grab-manufacturers","31":"product_tag-lifting-electromagnet","32":"product_tag-lifting-electromagnet-spreader","33":"product_tag-orange-peel-grab","34":"product_tag-overhead-crane-steel-coil-c-type-hook","35":"product_tag-semi-automatic-container-spreader","36":"product_tag-singlr-rope-grab","37":"product_tag-special-crane-spreader","38":"product_tag-tec-container-spreader","40":"first","41":"instock","42":"shipping-taxable","43":"product-type-simple","44":"entry","45":"content-bg","46":"loop-entry"},"yoast_head":"<!-- This site is optimized with the Yoast SEO plugin v24.5 - https:\/\/yoast.com\/wordpress\/plugins\/seo\/ -->\n<title>Container spreader - Container spreader manufacturers- Crane Parts Manufacturer<\/title>\n<meta name=\"description\" content=\"Container spreader manufacturer,Semi Automatic container spreader,40ft Container Lifting Frame,China Crane Parts Supplier\" \/>\n<meta name=\"robots\" content=\"index, follow, max-snippet:-1, max-image-preview:large, max-video-preview:-1\" \/>\n<link rel=\"canonical\" href=\"https:\/\/www.hnhlcranes.com\/cs\/produkt\/rozmetadlo-kontejneru\/\" \/>\n<meta property=\"og:locale\" content=\"cs_CZ\" \/>\n<meta property=\"og:type\" content=\"article\" \/>\n<meta property=\"og:title\" content=\"Container spreader - Container spreader manufacturers- Crane Parts Manufacturer\" \/>\n<meta property=\"og:description\" content=\"Container spreader manufacturer,Semi Automatic container spreader,40ft Container Lifting Frame,China Crane Parts Supplier\" \/>\n<meta property=\"og:url\" content=\"https:\/\/www.hnhlcranes.com\/cs\/produkt\/rozmetadlo-kontejneru\/\" \/>\n<meta property=\"og:site_name\" content=\"Crane Parts Manufacturer\" \/>\n<meta property=\"article:modified_time\" content=\"2025-01-10T07:05:04+00:00\" \/>\n<meta property=\"og:image\" content=\"https:\/\/www.hnhlcranes.com\/wp-content\/uploads\/2024\/11\/Container-spreader.jpg\" \/>\n\t<meta property=\"og:image:width\" content=\"600\" \/>\n\t<meta property=\"og:image:height\" content=\"600\" \/>\n\t<meta property=\"og:image:type\" content=\"image\/jpeg\" \/>\n<meta name=\"twitter:card\" content=\"summary_large_image\" \/>\n<meta name=\"twitter:label1\" content=\"Odhadovan\u00e1 doba \u010dten\u00ed\" \/>\n\t<meta name=\"twitter:data1\" content=\"3 minuty\" \/>\n<script type=\"application\/ld+json\" class=\"yoast-schema-graph\">{\"@context\":\"https:\/\/schema.org\",\"@graph\":[{\"@type\":\"WebPage\",\"@id\":\"https:\/\/www.hnhlcranes.com\/product\/container-spreader\/\",\"url\":\"https:\/\/www.hnhlcranes.com\/product\/container-spreader\/\",\"name\":\"Container spreader - Container spreader manufacturers- Crane Parts Manufacturer\",\"isPartOf\":{\"@id\":\"https:\/\/www.hnhlcranes.com\/#website\"},\"primaryImageOfPage\":{\"@id\":\"https:\/\/www.hnhlcranes.com\/product\/container-spreader\/#primaryimage\"},\"image\":{\"@id\":\"https:\/\/www.hnhlcranes.com\/product\/container-spreader\/#primaryimage\"},\"thumbnailUrl\":\"https:\/\/www.hnhlcranes.com\/wp-content\/uploads\/2024\/11\/Container-spreader.jpg\",\"datePublished\":\"2024-11-25T15:42:41+00:00\",\"dateModified\":\"2025-01-10T07:05:04+00:00\",\"description\":\"Container spreader manufacturer,Semi Automatic container spreader,40ft Container Lifting Frame,China Crane Parts Supplier\",\"breadcrumb\":{\"@id\":\"https:\/\/www.hnhlcranes.com\/product\/container-spreader\/#breadcrumb\"},\"inLanguage\":\"cs\",\"potentialAction\":[{\"@type\":\"ReadAction\",\"target\":[\"https:\/\/www.hnhlcranes.com\/product\/container-spreader\/\"]}]},{\"@type\":\"ImageObject\",\"inLanguage\":\"cs\",\"@id\":\"https:\/\/www.hnhlcranes.com\/product\/container-spreader\/#primaryimage\",\"url\":\"https:\/\/www.hnhlcranes.com\/wp-content\/uploads\/2024\/11\/Container-spreader.jpg\",\"contentUrl\":\"https:\/\/www.hnhlcranes.com\/wp-content\/uploads\/2024\/11\/Container-spreader.jpg\",\"width\":600,\"height\":600},{\"@type\":\"BreadcrumbList\",\"@id\":\"https:\/\/www.hnhlcranes.com\/product\/container-spreader\/#breadcrumb\",\"itemListElement\":[{\"@type\":\"ListItem\",\"position\":1,\"name\":\"home\",\"item\":\"https:\/\/www.hnhlcranes.com\/\"},{\"@type\":\"ListItem\",\"position\":2,\"name\":\"products\",\"item\":\"https:\/\/www.hnhlcranes.com\/products\/\"},{\"@type\":\"ListItem\",\"position\":3,\"name\":\"Container spreader\"}]},{\"@type\":\"WebSite\",\"@id\":\"https:\/\/www.hnhlcranes.com\/#website\",\"url\":\"https:\/\/www.hnhlcranes.com\/\",\"name\":\"Crane Parts Manufacturer\",\"description\":\"Crane Wheels,Crane Drums,Crane Hooks,Crane Coupling,Crane End Carriage,Electric Hoist,European Crane Parts,Crane Rail Clip,Crane Spreader,Crane Motor,Crane Reducer,Crane Brake,Light Crane Parts,Workstation Crane Parts,Crane Electrical Parts,China Crane Parts Supplier,China Crane Parts Manufacturer,Angle box type crane wheel,45 degree split crane wheel,European crane wheel,Crane Wheel Blocks,Overhead crane drum,European crane drum,Overhead crane hook,European crane hook,Crane pulley block,Gear coupling,Brake wheel coupling,Drum gear coupling,Brake wheel drum gear coupling,Cardan Shaft Coupling,WZL drum coupling,Plum blossom elastic coupling,Brake wheel plum elastic coupling,European Single girder crane end carriage,European Double girder crane end carriage,European Suspension  crane end carriage,Wire Rope Electric Hoist,Electric Chain Hoist,European Single Girder Wire Rope Electric Hoist,European Double Girder Wire Rope Electric Hoist,Crane grab,Container spreader,Billet crane clamps,C-type hook,Lifting Electromagnet,YZR crane motor,YZP crane motor,ZQ Reducer,ZSC Reducer,QJ Reducer,QJ-L Reducer,QJY Reducer,H series gearbox,F Series Gear Motor,K Series Gear Motor,R Series Gear Motor,travelling machinery gear motor,Electro hydraulic drum brake,Electro hydraulic disc brake,Crane Safety brake,Crane cable trolley,Crane remote controller,Crane pendant controller,Crane electrical control cabinet,Crane limit switch,Crane sound and light alarm,Heavy Duty Aviation Connector,Crane overload limiter\",\"publisher\":{\"@id\":\"https:\/\/www.hnhlcranes.com\/#organization\"},\"potentialAction\":[{\"@type\":\"SearchAction\",\"target\":{\"@type\":\"EntryPoint\",\"urlTemplate\":\"https:\/\/www.hnhlcranes.com\/?s={search_term_string}\"},\"query-input\":{\"@type\":\"PropertyValueSpecification\",\"valueRequired\":true,\"valueName\":\"search_term_string\"}}],\"inLanguage\":\"cs\"},{\"@type\":\"Organization\",\"@id\":\"https:\/\/www.hnhlcranes.com\/#organization\",\"name\":\"Crane Parts Manufacturer\",\"url\":\"https:\/\/www.hnhlcranes.com\/\",\"logo\":{\"@type\":\"ImageObject\",\"inLanguage\":\"cs\",\"@id\":\"https:\/\/www.hnhlcranes.com\/#\/schema\/logo\/image\/\",\"url\":\"https:\/\/www.hnhlcranes.com\/wp-content\/uploads\/2025\/01\/HL-logo-1.png\",\"contentUrl\":\"https:\/\/www.hnhlcranes.com\/wp-content\/uploads\/2025\/01\/HL-logo-1.png\",\"width\":600,\"height\":169,\"caption\":\"Crane Parts Manufacturer\"},\"image\":{\"@id\":\"https:\/\/www.hnhlcranes.com\/#\/schema\/logo\/image\/\"}}]}<\/script>\n<!-- \/ Yoast SEO plugin. -->","yoast_head_json":{"title":"Container spreader - Container spreader manufacturers- Crane Parts Manufacturer","description":"Container spreader manufacturer,Semi Automatic container spreader,40ft Container Lifting Frame,China Crane Parts Supplier","robots":{"index":"index","follow":"follow","max-snippet":"max-snippet:-1","max-image-preview":"max-image-preview:large","max-video-preview":"max-video-preview:-1"},"canonical":"https:\/\/www.hnhlcranes.com\/cs\/produkt\/rozmetadlo-kontejneru\/","og_locale":"cs_CZ","og_type":"article","og_title":"Container spreader - Container spreader manufacturers- Crane Parts Manufacturer","og_description":"Container spreader manufacturer,Semi Automatic container spreader,40ft Container Lifting Frame,China Crane Parts Supplier","og_url":"https:\/\/www.hnhlcranes.com\/cs\/produkt\/rozmetadlo-kontejneru\/","og_site_name":"Crane Parts Manufacturer","article_modified_time":"2025-01-10T07:05:04+00:00","og_image":[{"width":600,"height":600,"url":"https:\/\/www.hnhlcranes.com\/wp-content\/uploads\/2024\/11\/Container-spreader.jpg","type":"image\/jpeg"}],"twitter_card":"summary_large_image","twitter_misc":{"Odhadovan\u00e1 doba \u010dten\u00ed":"3 minuty"},"schema":{"@context":"https:\/\/schema.org","@graph":[{"@type":"WebPage","@id":"https:\/\/www.hnhlcranes.com\/product\/container-spreader\/","url":"https:\/\/www.hnhlcranes.com\/product\/container-spreader\/","name":"Container spreader - Container spreader manufacturers- Crane Parts Manufacturer","isPartOf":{"@id":"https:\/\/www.hnhlcranes.com\/#website"},"primaryImageOfPage":{"@id":"https:\/\/www.hnhlcranes.com\/product\/container-spreader\/#primaryimage"},"image":{"@id":"https:\/\/www.hnhlcranes.com\/product\/container-spreader\/#primaryimage"},"thumbnailUrl":"https:\/\/www.hnhlcranes.com\/wp-content\/uploads\/2024\/11\/Container-spreader.jpg","datePublished":"2024-11-25T15:42:41+00:00","dateModified":"2025-01-10T07:05:04+00:00","description":"Container spreader manufacturer,Semi Automatic container spreader,40ft Container Lifting Frame,China Crane Parts Supplier","breadcrumb":{"@id":"https:\/\/www.hnhlcranes.com\/product\/container-spreader\/#breadcrumb"},"inLanguage":"cs","potentialAction":[{"@type":"ReadAction","target":["https:\/\/www.hnhlcranes.com\/product\/container-spreader\/"]}]},{"@type":"ImageObject","inLanguage":"cs","@id":"https:\/\/www.hnhlcranes.com\/product\/container-spreader\/#primaryimage","url":"https:\/\/www.hnhlcranes.com\/wp-content\/uploads\/2024\/11\/Container-spreader.jpg","contentUrl":"https:\/\/www.hnhlcranes.com\/wp-content\/uploads\/2024\/11\/Container-spreader.jpg","width":600,"height":600},{"@type":"BreadcrumbList","@id":"https:\/\/www.hnhlcranes.com\/product\/container-spreader\/#breadcrumb","itemListElement":[{"@type":"ListItem","position":1,"name":"home","item":"https:\/\/www.hnhlcranes.com\/"},{"@type":"ListItem","position":2,"name":"products","item":"https:\/\/www.hnhlcranes.com\/products\/"},{"@type":"ListItem","position":3,"name":"Container spreader"}]},{"@type":"WebSite","@id":"https:\/\/www.hnhlcranes.com\/#website","url":"https:\/\/www.hnhlcranes.com\/","name":"Crane Parts Manufacturer","description":"Crane Wheels,Crane Drums,Crane Hooks,Crane Coupling,Crane End Carriage,Electric Hoist,European Crane Parts,Crane Rail Clip,Crane Spreader,Crane Motor,Crane Reducer,Crane Brake,Light Crane Parts,Workstation Crane Parts,Crane Electrical Parts,China Crane Parts Supplier,China Crane Parts Manufacturer,Angle box type crane wheel,45 degree split crane wheel,European crane wheel,Crane Wheel Blocks,Overhead crane drum,European crane drum,Overhead crane hook,European crane hook,Crane pulley block,Gear coupling,Brake wheel coupling,Drum gear coupling,Brake wheel drum gear coupling,Cardan Shaft Coupling,WZL drum coupling,Plum blossom elastic coupling,Brake wheel plum elastic coupling,European Single girder crane end carriage,European Double girder crane end carriage,European Suspension  crane end carriage,Wire Rope Electric Hoist,Electric Chain Hoist,European Single Girder Wire Rope Electric Hoist,European Double Girder Wire Rope Electric Hoist,Crane grab,Container spreader,Billet crane clamps,C-type hook,Lifting Electromagnet,YZR crane motor,YZP crane motor,ZQ Reducer,ZSC Reducer,QJ Reducer,QJ-L Reducer,QJY Reducer,H series gearbox,F Series Gear Motor,K Series Gear Motor,R Series Gear Motor,travelling machinery gear motor,Electro hydraulic drum brake,Electro hydraulic disc brake,Crane Safety brake,Crane cable trolley,Crane remote controller,Crane pendant controller,Crane electrical control cabinet,Crane limit switch,Crane sound and light alarm,Heavy Duty Aviation Connector,Crane overload limiter","publisher":{"@id":"https:\/\/www.hnhlcranes.com\/#organization"},"potentialAction":[{"@type":"SearchAction","target":{"@type":"EntryPoint","urlTemplate":"https:\/\/www.hnhlcranes.com\/?s={search_term_string}"},"query-input":{"@type":"PropertyValueSpecification","valueRequired":true,"valueName":"search_term_string"}}],"inLanguage":"cs"},{"@type":"Organization","@id":"https:\/\/www.hnhlcranes.com\/#organization","name":"Crane Parts Manufacturer","url":"https:\/\/www.hnhlcranes.com\/","logo":{"@type":"ImageObject","inLanguage":"cs","@id":"https:\/\/www.hnhlcranes.com\/#\/schema\/logo\/image\/","url":"https:\/\/www.hnhlcranes.com\/wp-content\/uploads\/2025\/01\/HL-logo-1.png","contentUrl":"https:\/\/www.hnhlcranes.com\/wp-content\/uploads\/2025\/01\/HL-logo-1.png","width":600,"height":169,"caption":"Crane Parts Manufacturer"},"image":{"@id":"https:\/\/www.hnhlcranes.com\/#\/schema\/logo\/image\/"}}]}},"_links":{"self":[{"href":"https:\/\/www.hnhlcranes.com\/cs\/wp-json\/wp\/v2\/product\/5444","targetHints":{"allow":["GET"]}}],"collection":[{"href":"https:\/\/www.hnhlcranes.com\/cs\/wp-json\/wp\/v2\/product"}],"about":[{"href":"https:\/\/www.hnhlcranes.com\/cs\/wp-json\/wp\/v2\/types\/product"}],"version-history":[{"count":4,"href":"https:\/\/www.hnhlcranes.com\/cs\/wp-json\/wp\/v2\/product\/5444\/revisions"}],"predecessor-version":[{"id":7152,"href":"https:\/\/www.hnhlcranes.com\/cs\/wp-json\/wp\/v2\/product\/5444\/revisions\/7152"}],"wp:featuredmedia":[{"embeddable":true,"href":"https:\/\/www.hnhlcranes.com\/cs\/wp-json\/wp\/v2\/media\/7148"}],"wp:attachment":[{"href":"https:\/\/www.hnhlcranes.com\/cs\/wp-json\/wp\/v2\/media?parent=5444"}],"wp:term":[{"taxonomy":"product_brand","embeddable":true,"href":"https:\/\/www.hnhlcranes.com\/cs\/wp-json\/wp\/v2\/product_brand?post=5444"},{"taxonomy":"product_cat","embeddable":true,"href":"https:\/\/www.hnhlcranes.com\/cs\/wp-json\/wp\/v2\/product_cat?post=5444"},{"taxonomy":"product_tag","embeddable":true,"href":"https:\/\/www.hnhlcranes.com\/cs\/wp-json\/wp\/v2\/product_tag?post=5444"}],"curies":[{"name":"wp","href":"https:\/\/api.w.org\/{rel}","templated":true}]}}