{"id":5472,"date":"2024-11-26T00:45:41","date_gmt":"2024-11-25T16:45:41","guid":{"rendered":"https:\/\/www.hnhlcranes.com\/?post_type=product&#038;p=5472"},"modified":"2025-01-10T15:26:49","modified_gmt":"2025-01-10T07:26:49","slug":"c-typ-haku","status":"publish","type":"product","link":"https:\/\/www.hnhlcranes.com\/cs\/produkt\/c-typ-haku\/","title":{"rendered":"H\u00e1\u010dek typu C"},"content":{"rendered":"<h3><strong>\u00davod do h\u00e1\u010dku typu C<\/strong><\/h3>\n<p>Na str\u00e1nk\u00e1ch <strong>H\u00e1\u010dek typu C<\/strong> je \u0161iroce pou\u017e\u00edvan\u00e9 zdvihac\u00ed za\u0159\u00edzen\u00ed v je\u0159\u00e1bech a zdvihac\u00edch za\u0159\u00edzen\u00edch, pojmenovan\u00e9 podle sv\u00e9ho tvaru \"C\". Pou\u017e\u00edv\u00e1 se p\u0159edev\u0161\u00edm k p\u0159en\u00e1\u0161en\u00ed a zved\u00e1n\u00ed t\u011b\u017ek\u00fdch b\u0159emen a b\u011b\u017en\u011b se pou\u017e\u00edv\u00e1 p\u0159i manipulaci s materi\u00e1lem a zved\u00e1n\u00ed v pr\u016fmyslov\u00e9 v\u00fdrob\u011b, skladov\u00e9 logistice a na stavb\u00e1ch. D\u00edky sv\u00e9 jednoduch\u00e9 konstrukci a siln\u00e9 nosnosti je h\u00e1k typu C b\u011b\u017en\u00fdm n\u00e1strojem p\u0159i r\u016fzn\u00fdch zvedac\u00edch \u00fakonech.<\/p>\n<h3><strong>H\u00e1\u010dek typu C <\/strong><strong>Kl\u00ed\u010dov\u00e9 vlastnosti<\/strong><\/h3>\n<ul>\n<li><strong>Jednoduch\u00e1 struktura<\/strong>: H\u00e1\u010dky typu C maj\u00ed jednoduch\u00fd design ve tvaru p\u00edsmene C, tak\u017ee se snadno vyr\u00e1b\u011bj\u00ed i pou\u017e\u00edvaj\u00ed. Obvykle se vyr\u00e1b\u00ed z vysokopevnostn\u00ed oceli nebo legovan\u00e9ho materi\u00e1lu, kter\u00fd zaji\u0161\u0165uje vynikaj\u00edc\u00ed nosnost a odolnost.<\/li>\n<li><strong>Siln\u00e1 nosnost<\/strong>: Konstrukce h\u00e1k\u016f typu C umo\u017e\u0148uje odolat zna\u010dn\u00e9mu tahu a hmotnosti, tak\u017ee jsou vhodn\u00e9 pro zved\u00e1n\u00ed t\u011b\u017ek\u00fdch p\u0159edm\u011bt\u016f. D\u00edky dob\u0159e navr\u017een\u00e9 konstrukci nab\u00edz\u00ed h\u00e1k typu C \u00fa\u010dinnou a bezpe\u010dnou oporu p\u0159i zved\u00e1n\u00ed.<\/li>\n<li><strong>Siln\u00e1 p\u0159izp\u016fsobivost<\/strong>: H\u00e1k typu C se \u0161iroce pou\u017e\u00edv\u00e1 na je\u0159\u00e1bech, v\u011b\u017eov\u00fdch je\u0159\u00e1bech, zvedac\u00edch voz\u00edc\u00edch a dal\u0161\u00edch za\u0159\u00edzen\u00edch, kter\u00e1 jsou schopna manipulovat s materi\u00e1ly r\u016fzn\u00fdch velikost\u00ed a tvar\u016f. Pou\u017e\u00edv\u00e1 se nejen ke zved\u00e1n\u00ed velk\u00fdch sou\u010d\u00e1st\u00ed, ale tak\u00e9 k p\u0159em\u00eds\u0165ov\u00e1n\u00ed pr\u016fmyslov\u00fdch materi\u00e1l\u016f, jako je ocel, stroje a stavebn\u00ed materi\u00e1ly.<\/li>\n<li><strong>Vysok\u00e1 bezpe\u010dnost<\/strong>: Mnoho h\u00e1\u010dk\u016f typu C je vybaveno ochrann\u00fdmi prvky proti p\u00e1du, jako jsou bezpe\u010dnostn\u00ed z\u00e1mky nebo speci\u00e1ln\u00ed konstrukce \u00fast\u00ed h\u00e1\u010dku. Tyto mechanismy \u00fa\u010dinn\u011b zabra\u0148uj\u00ed p\u00e1du p\u0159edm\u011bt\u016f p\u0159i zved\u00e1n\u00ed a zaji\u0161\u0165uj\u00ed tak bezpe\u010dnost zvedac\u00edch operac\u00ed.<\/li>\n<\/ul>\n<h3><strong>Princip fungov\u00e1n\u00ed<\/strong><\/h3>\n<p>Princip fungov\u00e1n\u00ed h\u00e1\u010dk\u016f typu C je jednoduch\u00fd. Obvykle se p\u0159ipojuje k ocelov\u00e9mu lanu nebo \u0159et\u011bzu zdvihac\u00edho za\u0159\u00edzen\u00ed. P\u0159i zved\u00e1n\u00ed ocelov\u00e9 lano zaji\u0161\u0165uje b\u0159emeno p\u0159es otvor h\u00e1ku. Ke zved\u00e1n\u00ed b\u0159emene se pak vyu\u017e\u00edv\u00e1 zdvihac\u00ed s\u00edla je\u0159\u00e1bu. D\u00edky konstrukci h\u00e1ku poskytuje \u00fast\u00ed h\u00e1ku silnou oporu, kter\u00e1 pevn\u011b dr\u017e\u00ed b\u0159emeno a udr\u017euje stabilitu po celou dobu zved\u00e1n\u00ed.<\/p>\n<h3><strong>V\u00fdhody<\/strong><\/h3>\n<ul>\n<li><strong>Efektivita a spolehlivost<\/strong>: Konstrukce h\u00e1k\u016f typu C umo\u017e\u0148uje rychl\u00e9 a spolehliv\u00e9 zved\u00e1n\u00ed t\u011b\u017ek\u00fdch p\u0159edm\u011bt\u016f a je vhodn\u00e1 pro \u010dast\u00e9 zved\u00e1n\u00ed.<\/li>\n<li><strong>N\u00e1kladov\u011b efektivn\u00ed<\/strong>: D\u00edky jednoduch\u00e9 konstrukci a pevn\u00fdm materi\u00e1l\u016fm jsou v\u00fdrobn\u00ed n\u00e1klady h\u00e1ku typu C relativn\u011b n\u00edzk\u00e9 a n\u00e1klady na \u00fadr\u017ebu minim\u00e1ln\u00ed, co\u017e z n\u011bj \u010din\u00ed ekonomick\u00fd a praktick\u00fd zvedac\u00ed n\u00e1stroj.<\/li>\n<li><strong>Snadn\u00e9 ovl\u00e1d\u00e1n\u00ed<\/strong>: H\u00e1k typu C se snadno ovl\u00e1d\u00e1, rychle se p\u0159ipojuje a odpojuje, co\u017e zkracuje dobu p\u0159\u00edpravy a zvy\u0161uje efektivitu pr\u00e1ce.<\/li>\n<li><strong>Vysok\u00e1 bezpe\u010dnost<\/strong>: H\u00e1ky typu C vybaven\u00e9 bezpe\u010dnostn\u00edmi z\u00e1mky a ochranou proti p\u00e1du \u00fa\u010dinn\u011b sni\u017euj\u00ed riziko p\u00e1du p\u0159edm\u011bt\u016f b\u011bhem zved\u00e1n\u00ed a zaji\u0161\u0165uj\u00ed bezpe\u010dnost p\u0159i pr\u00e1ci.<\/li>\n<\/ul>\n<h3><strong>Z\u00e1v\u011br<\/strong><\/h3>\n<p>Z\u00e1v\u011brem lze \u0159\u00edci, \u017ee h\u00e1ky typu C jsou d\u00edky sv\u00e9 jednoduch\u00e9, ale robustn\u00ed konstrukci z\u00e1kladn\u00edm zvedac\u00edm n\u00e1strojem, kter\u00fd se hojn\u011b pou\u017e\u00edv\u00e1 p\u0159i r\u016fzn\u00fdch zvedac\u00edch \u00fakolech. Jeho konstrukce umo\u017e\u0148uje p\u0159en\u00e1\u0161et t\u011b\u017ek\u00e1 b\u0159emena, p\u0159izp\u016fsobit se r\u016fzn\u00fdm pot\u0159eb\u00e1m zved\u00e1n\u00ed a zajistit vysokou bezpe\u010dnost a snadnou obsluhu. A\u0165 u\u017e se jedn\u00e1 o staveni\u0161t\u011b, pr\u016fmyslov\u00e9 z\u00e1vody, p\u0159\u00edstavy nebo sklady, h\u00e1ky typu C hraj\u00ed z\u00e1sadn\u00ed roli p\u0159i zvy\u0161ov\u00e1n\u00ed efektivity pr\u00e1ce a zaji\u0161\u0165ov\u00e1n\u00ed bezpe\u010dnosti p\u0159i zvedac\u00edch operac\u00edch.<\/p>\n<h6><strong><span style=\"font-family: arial, helvetica, sans-serif; font-size: 18pt;\">Rozm\u011bry a parametry<\/span><\/strong><\/h6>\n<p><img fetchpriority=\"high\" decoding=\"async\" class=\"alignnone wp-image-7171\" src=\"https:\/\/www.hnhlcranes.com\/wp-content\/uploads\/2024\/11\/C-type-hook-7-245x300.jpg\" alt=\"\" width=\"955\" height=\"1169\" srcset=\"https:\/\/www.hnhlcranes.com\/wp-content\/uploads\/2024\/11\/C-type-hook-7-245x300.jpg 245w, https:\/\/www.hnhlcranes.com\/wp-content\/uploads\/2024\/11\/C-type-hook-7-768x939.jpg 768w, https:\/\/www.hnhlcranes.com\/wp-content\/uploads\/2024\/11\/C-type-hook-7-600x734.jpg 600w, https:\/\/www.hnhlcranes.com\/wp-content\/uploads\/2024\/11\/C-type-hook-7.jpg 800w\" sizes=\"(max-width: 955px) 100vw, 955px\" \/><\/p>","protected":false},"excerpt":{"rendered":"<p>C\u00edvka C-Type Hook, c\u00edvka h\u00e1k, stropn\u00ed je\u0159\u00e1b ocelov\u00e9 c\u00edvky C-Type Hook, je\u0159\u00e1b C-h\u00e1k, C-typ rozmetadlo, C-typ h\u00e1k, je\u0159\u00e1b C-typ rozmetadlo, speci\u00e1ln\u00ed je\u0159\u00e1b rozmetadlo<\/p>","protected":false},"featured_media":7172,"template":"","meta":{"_kad_post_transparent":"default","_kad_post_title":"","_kad_post_layout":"default","_kad_post_sidebar_id":"","_kad_post_content_style":"default","_kad_post_vertical_padding":"show","_kad_post_feature":"","_kad_post_feature_position":"","_kad_post_header":false,"_kad_post_footer":false},"product_brand":[],"product_cat":[59],"product_tag":[508,510,513,497,514,512,515,498,521,376,517,518,496,507,520,516,495,522,494,504,502,505,501,506,499,523,503,519,509,500,493,511],"class_list":{"0":"post-5472","1":"product","2":"type-product","3":"status-publish","4":"has-post-thumbnail","6":"product_cat-crane-spreader","7":"product_tag-20ft-container-spreader","8":"product_tag-40ft-container-lifting-frame","9":"product_tag-billet-clamps","10":"product_tag-billet-crane-clamp","11":"product_tag-billet-crane-clamps-manufacturer","12":"product_tag-billet-lifting-clamp","13":"product_tag-billet-lifting-clamps-china-supplier","14":"product_tag-c-type-hook","15":"product_tag-c-type-spreader","16":"product_tag-china-crane-parts-supplier","17":"product_tag-coil-c-type-hook","18":"product_tag-coil-hook","19":"product_tag-container-spreader","20":"product_tag-container-spreader-manufacturers","21":"product_tag-crane-c-hook","22":"product_tag-crane-c-type-spreader","23":"product_tag-crane-grab","24":"product_tag-crane-magnets","25":"product_tag-crane-spreader","26":"product_tag-electric-motor-grab","27":"product_tag-electro-hydraulic-multi-flap-grab","28":"product_tag-electro-hydraulicclamshell-grab","29":"product_tag-four-rope-grab","30":"product_tag-grab-manufacturers","31":"product_tag-lifting-electromagnet","32":"product_tag-lifting-electromagnet-spreader","33":"product_tag-orange-peel-grab","34":"product_tag-overhead-crane-steel-coil-c-type-hook","35":"product_tag-semi-automatic-container-spreader","36":"product_tag-singlr-rope-grab","37":"product_tag-special-crane-spreader","38":"product_tag-tec-container-spreader","40":"first","41":"instock","42":"featured","43":"shipping-taxable","44":"product-type-simple","45":"entry","46":"content-bg","47":"loop-entry"},"yoast_head":"<!-- This site is optimized with the Yoast SEO plugin v24.5 - https:\/\/yoast.com\/wordpress\/plugins\/seo\/ -->\n<title>C-type hook - Crane C-type spreader-Coil hook-Crane Parts Manufacturer<\/title>\n<meta name=\"description\" content=\"Special Crane Spreader,Coil C-Type Hook,coil hooks,Overhead Crane Steel Coil C-Type Hooks,Crane C-hooks,C-type spreader,C-type hook\" \/>\n<meta name=\"robots\" content=\"index, follow, max-snippet:-1, max-image-preview:large, max-video-preview:-1\" \/>\n<link rel=\"canonical\" href=\"https:\/\/www.hnhlcranes.com\/cs\/produkt\/c-typ-haku\/\" \/>\n<meta property=\"og:locale\" content=\"cs_CZ\" \/>\n<meta property=\"og:type\" content=\"article\" \/>\n<meta property=\"og:title\" content=\"C-type hook - Crane C-type spreader-Coil hook-Crane Parts Manufacturer\" \/>\n<meta property=\"og:description\" content=\"Special Crane Spreader,Coil C-Type Hook,coil hooks,Overhead Crane Steel Coil C-Type Hooks,Crane C-hooks,C-type spreader,C-type hook\" \/>\n<meta property=\"og:url\" content=\"https:\/\/www.hnhlcranes.com\/cs\/produkt\/c-typ-haku\/\" \/>\n<meta property=\"og:site_name\" content=\"Crane Parts Manufacturer\" \/>\n<meta property=\"article:modified_time\" content=\"2025-01-10T07:26:49+00:00\" \/>\n<meta property=\"og:image\" content=\"https:\/\/www.hnhlcranes.com\/wp-content\/uploads\/2024\/11\/C-type-hook.jpg\" \/>\n\t<meta property=\"og:image:width\" content=\"600\" \/>\n\t<meta property=\"og:image:height\" content=\"600\" \/>\n\t<meta property=\"og:image:type\" content=\"image\/jpeg\" \/>\n<meta name=\"twitter:card\" content=\"summary_large_image\" \/>\n<meta name=\"twitter:label1\" content=\"Odhadovan\u00e1 doba \u010dten\u00ed\" \/>\n\t<meta name=\"twitter:data1\" content=\"3 minuty\" \/>\n<script type=\"application\/ld+json\" class=\"yoast-schema-graph\">{\"@context\":\"https:\/\/schema.org\",\"@graph\":[{\"@type\":\"WebPage\",\"@id\":\"https:\/\/www.hnhlcranes.com\/product\/c-type-hook\/\",\"url\":\"https:\/\/www.hnhlcranes.com\/product\/c-type-hook\/\",\"name\":\"C-type hook - Crane C-type spreader-Coil hook-Crane Parts Manufacturer\",\"isPartOf\":{\"@id\":\"https:\/\/www.hnhlcranes.com\/#website\"},\"primaryImageOfPage\":{\"@id\":\"https:\/\/www.hnhlcranes.com\/product\/c-type-hook\/#primaryimage\"},\"image\":{\"@id\":\"https:\/\/www.hnhlcranes.com\/product\/c-type-hook\/#primaryimage\"},\"thumbnailUrl\":\"https:\/\/www.hnhlcranes.com\/wp-content\/uploads\/2024\/11\/C-type-hook.jpg\",\"datePublished\":\"2024-11-25T16:45:41+00:00\",\"dateModified\":\"2025-01-10T07:26:49+00:00\",\"description\":\"Special Crane Spreader,Coil C-Type Hook,coil hooks,Overhead Crane Steel Coil C-Type Hooks,Crane C-hooks,C-type spreader,C-type hook\",\"breadcrumb\":{\"@id\":\"https:\/\/www.hnhlcranes.com\/product\/c-type-hook\/#breadcrumb\"},\"inLanguage\":\"cs\",\"potentialAction\":[{\"@type\":\"ReadAction\",\"target\":[\"https:\/\/www.hnhlcranes.com\/product\/c-type-hook\/\"]}]},{\"@type\":\"ImageObject\",\"inLanguage\":\"cs\",\"@id\":\"https:\/\/www.hnhlcranes.com\/product\/c-type-hook\/#primaryimage\",\"url\":\"https:\/\/www.hnhlcranes.com\/wp-content\/uploads\/2024\/11\/C-type-hook.jpg\",\"contentUrl\":\"https:\/\/www.hnhlcranes.com\/wp-content\/uploads\/2024\/11\/C-type-hook.jpg\",\"width\":600,\"height\":600},{\"@type\":\"BreadcrumbList\",\"@id\":\"https:\/\/www.hnhlcranes.com\/product\/c-type-hook\/#breadcrumb\",\"itemListElement\":[{\"@type\":\"ListItem\",\"position\":1,\"name\":\"home\",\"item\":\"https:\/\/www.hnhlcranes.com\/\"},{\"@type\":\"ListItem\",\"position\":2,\"name\":\"products\",\"item\":\"https:\/\/www.hnhlcranes.com\/products\/\"},{\"@type\":\"ListItem\",\"position\":3,\"name\":\"C-type hook\"}]},{\"@type\":\"WebSite\",\"@id\":\"https:\/\/www.hnhlcranes.com\/#website\",\"url\":\"https:\/\/www.hnhlcranes.com\/\",\"name\":\"Crane Parts Manufacturer\",\"description\":\"Crane Wheels,Crane Drums,Crane Hooks,Crane Coupling,Crane End Carriage,Electric Hoist,European Crane Parts,Crane Rail Clip,Crane Spreader,Crane Motor,Crane Reducer,Crane Brake,Light Crane Parts,Workstation Crane Parts,Crane Electrical Parts,China Crane Parts Supplier,China Crane Parts Manufacturer,Angle box type crane wheel,45 degree split crane wheel,European crane wheel,Crane Wheel Blocks,Overhead crane drum,European crane drum,Overhead crane hook,European crane hook,Crane pulley block,Gear coupling,Brake wheel coupling,Drum gear coupling,Brake wheel drum gear coupling,Cardan Shaft Coupling,WZL drum coupling,Plum blossom elastic coupling,Brake wheel plum elastic coupling,European Single girder crane end carriage,European Double girder crane end carriage,European Suspension  crane end carriage,Wire Rope Electric Hoist,Electric Chain Hoist,European Single Girder Wire Rope Electric Hoist,European Double Girder Wire Rope Electric Hoist,Crane grab,Container spreader,Billet crane clamps,C-type hook,Lifting Electromagnet,YZR crane motor,YZP crane motor,ZQ Reducer,ZSC Reducer,QJ Reducer,QJ-L Reducer,QJY Reducer,H series gearbox,F Series Gear Motor,K Series Gear Motor,R Series Gear Motor,travelling machinery gear motor,Electro hydraulic drum brake,Electro hydraulic disc brake,Crane Safety brake,Crane cable trolley,Crane remote controller,Crane pendant controller,Crane electrical control cabinet,Crane limit switch,Crane sound and light alarm,Heavy Duty Aviation Connector,Crane overload limiter\",\"publisher\":{\"@id\":\"https:\/\/www.hnhlcranes.com\/#organization\"},\"potentialAction\":[{\"@type\":\"SearchAction\",\"target\":{\"@type\":\"EntryPoint\",\"urlTemplate\":\"https:\/\/www.hnhlcranes.com\/?s={search_term_string}\"},\"query-input\":{\"@type\":\"PropertyValueSpecification\",\"valueRequired\":true,\"valueName\":\"search_term_string\"}}],\"inLanguage\":\"cs\"},{\"@type\":\"Organization\",\"@id\":\"https:\/\/www.hnhlcranes.com\/#organization\",\"name\":\"Crane Parts Manufacturer\",\"url\":\"https:\/\/www.hnhlcranes.com\/\",\"logo\":{\"@type\":\"ImageObject\",\"inLanguage\":\"cs\",\"@id\":\"https:\/\/www.hnhlcranes.com\/#\/schema\/logo\/image\/\",\"url\":\"https:\/\/www.hnhlcranes.com\/wp-content\/uploads\/2025\/01\/HL-logo-1.png\",\"contentUrl\":\"https:\/\/www.hnhlcranes.com\/wp-content\/uploads\/2025\/01\/HL-logo-1.png\",\"width\":600,\"height\":169,\"caption\":\"Crane Parts Manufacturer\"},\"image\":{\"@id\":\"https:\/\/www.hnhlcranes.com\/#\/schema\/logo\/image\/\"}}]}<\/script>\n<!-- \/ Yoast SEO plugin. -->","yoast_head_json":{"title":"C-type hook - Crane C-type spreader-Coil hook-Crane Parts Manufacturer","description":"Special Crane Spreader,Coil C-Type Hook,coil hooks,Overhead Crane Steel Coil C-Type Hooks,Crane C-hooks,C-type spreader,C-type hook","robots":{"index":"index","follow":"follow","max-snippet":"max-snippet:-1","max-image-preview":"max-image-preview:large","max-video-preview":"max-video-preview:-1"},"canonical":"https:\/\/www.hnhlcranes.com\/cs\/produkt\/c-typ-haku\/","og_locale":"cs_CZ","og_type":"article","og_title":"C-type hook - Crane C-type spreader-Coil hook-Crane Parts Manufacturer","og_description":"Special Crane Spreader,Coil C-Type Hook,coil hooks,Overhead Crane Steel Coil C-Type Hooks,Crane C-hooks,C-type spreader,C-type hook","og_url":"https:\/\/www.hnhlcranes.com\/cs\/produkt\/c-typ-haku\/","og_site_name":"Crane Parts Manufacturer","article_modified_time":"2025-01-10T07:26:49+00:00","og_image":[{"width":600,"height":600,"url":"https:\/\/www.hnhlcranes.com\/wp-content\/uploads\/2024\/11\/C-type-hook.jpg","type":"image\/jpeg"}],"twitter_card":"summary_large_image","twitter_misc":{"Odhadovan\u00e1 doba \u010dten\u00ed":"3 minuty"},"schema":{"@context":"https:\/\/schema.org","@graph":[{"@type":"WebPage","@id":"https:\/\/www.hnhlcranes.com\/product\/c-type-hook\/","url":"https:\/\/www.hnhlcranes.com\/product\/c-type-hook\/","name":"C-type hook - Crane C-type spreader-Coil hook-Crane Parts Manufacturer","isPartOf":{"@id":"https:\/\/www.hnhlcranes.com\/#website"},"primaryImageOfPage":{"@id":"https:\/\/www.hnhlcranes.com\/product\/c-type-hook\/#primaryimage"},"image":{"@id":"https:\/\/www.hnhlcranes.com\/product\/c-type-hook\/#primaryimage"},"thumbnailUrl":"https:\/\/www.hnhlcranes.com\/wp-content\/uploads\/2024\/11\/C-type-hook.jpg","datePublished":"2024-11-25T16:45:41+00:00","dateModified":"2025-01-10T07:26:49+00:00","description":"Special Crane Spreader,Coil C-Type Hook,coil hooks,Overhead Crane Steel Coil C-Type Hooks,Crane C-hooks,C-type spreader,C-type hook","breadcrumb":{"@id":"https:\/\/www.hnhlcranes.com\/product\/c-type-hook\/#breadcrumb"},"inLanguage":"cs","potentialAction":[{"@type":"ReadAction","target":["https:\/\/www.hnhlcranes.com\/product\/c-type-hook\/"]}]},{"@type":"ImageObject","inLanguage":"cs","@id":"https:\/\/www.hnhlcranes.com\/product\/c-type-hook\/#primaryimage","url":"https:\/\/www.hnhlcranes.com\/wp-content\/uploads\/2024\/11\/C-type-hook.jpg","contentUrl":"https:\/\/www.hnhlcranes.com\/wp-content\/uploads\/2024\/11\/C-type-hook.jpg","width":600,"height":600},{"@type":"BreadcrumbList","@id":"https:\/\/www.hnhlcranes.com\/product\/c-type-hook\/#breadcrumb","itemListElement":[{"@type":"ListItem","position":1,"name":"home","item":"https:\/\/www.hnhlcranes.com\/"},{"@type":"ListItem","position":2,"name":"products","item":"https:\/\/www.hnhlcranes.com\/products\/"},{"@type":"ListItem","position":3,"name":"C-type hook"}]},{"@type":"WebSite","@id":"https:\/\/www.hnhlcranes.com\/#website","url":"https:\/\/www.hnhlcranes.com\/","name":"Crane Parts Manufacturer","description":"Crane Wheels,Crane Drums,Crane Hooks,Crane Coupling,Crane End Carriage,Electric Hoist,European Crane Parts,Crane Rail Clip,Crane Spreader,Crane Motor,Crane Reducer,Crane Brake,Light Crane Parts,Workstation Crane Parts,Crane Electrical Parts,China Crane Parts Supplier,China Crane Parts Manufacturer,Angle box type crane wheel,45 degree split crane wheel,European crane wheel,Crane Wheel Blocks,Overhead crane drum,European crane drum,Overhead crane hook,European crane hook,Crane pulley block,Gear coupling,Brake wheel coupling,Drum gear coupling,Brake wheel drum gear coupling,Cardan Shaft Coupling,WZL drum coupling,Plum blossom elastic coupling,Brake wheel plum elastic coupling,European Single girder crane end carriage,European Double girder crane end carriage,European Suspension  crane end carriage,Wire Rope Electric Hoist,Electric Chain Hoist,European Single Girder Wire Rope Electric Hoist,European Double Girder Wire Rope Electric Hoist,Crane grab,Container spreader,Billet crane clamps,C-type hook,Lifting Electromagnet,YZR crane motor,YZP crane motor,ZQ Reducer,ZSC Reducer,QJ Reducer,QJ-L Reducer,QJY Reducer,H series gearbox,F Series Gear Motor,K Series Gear Motor,R Series Gear Motor,travelling machinery gear motor,Electro hydraulic drum brake,Electro hydraulic disc brake,Crane Safety brake,Crane cable trolley,Crane remote controller,Crane pendant controller,Crane electrical control cabinet,Crane limit switch,Crane sound and light alarm,Heavy Duty Aviation Connector,Crane overload limiter","publisher":{"@id":"https:\/\/www.hnhlcranes.com\/#organization"},"potentialAction":[{"@type":"SearchAction","target":{"@type":"EntryPoint","urlTemplate":"https:\/\/www.hnhlcranes.com\/?s={search_term_string}"},"query-input":{"@type":"PropertyValueSpecification","valueRequired":true,"valueName":"search_term_string"}}],"inLanguage":"cs"},{"@type":"Organization","@id":"https:\/\/www.hnhlcranes.com\/#organization","name":"Crane Parts Manufacturer","url":"https:\/\/www.hnhlcranes.com\/","logo":{"@type":"ImageObject","inLanguage":"cs","@id":"https:\/\/www.hnhlcranes.com\/#\/schema\/logo\/image\/","url":"https:\/\/www.hnhlcranes.com\/wp-content\/uploads\/2025\/01\/HL-logo-1.png","contentUrl":"https:\/\/www.hnhlcranes.com\/wp-content\/uploads\/2025\/01\/HL-logo-1.png","width":600,"height":169,"caption":"Crane Parts Manufacturer"},"image":{"@id":"https:\/\/www.hnhlcranes.com\/#\/schema\/logo\/image\/"}}]}},"_links":{"self":[{"href":"https:\/\/www.hnhlcranes.com\/cs\/wp-json\/wp\/v2\/product\/5472","targetHints":{"allow":["GET"]}}],"collection":[{"href":"https:\/\/www.hnhlcranes.com\/cs\/wp-json\/wp\/v2\/product"}],"about":[{"href":"https:\/\/www.hnhlcranes.com\/cs\/wp-json\/wp\/v2\/types\/product"}],"version-history":[{"count":5,"href":"https:\/\/www.hnhlcranes.com\/cs\/wp-json\/wp\/v2\/product\/5472\/revisions"}],"predecessor-version":[{"id":7176,"href":"https:\/\/www.hnhlcranes.com\/cs\/wp-json\/wp\/v2\/product\/5472\/revisions\/7176"}],"wp:featuredmedia":[{"embeddable":true,"href":"https:\/\/www.hnhlcranes.com\/cs\/wp-json\/wp\/v2\/media\/7172"}],"wp:attachment":[{"href":"https:\/\/www.hnhlcranes.com\/cs\/wp-json\/wp\/v2\/media?parent=5472"}],"wp:term":[{"taxonomy":"product_brand","embeddable":true,"href":"https:\/\/www.hnhlcranes.com\/cs\/wp-json\/wp\/v2\/product_brand?post=5472"},{"taxonomy":"product_cat","embeddable":true,"href":"https:\/\/www.hnhlcranes.com\/cs\/wp-json\/wp\/v2\/product_cat?post=5472"},{"taxonomy":"product_tag","embeddable":true,"href":"https:\/\/www.hnhlcranes.com\/cs\/wp-json\/wp\/v2\/product_tag?post=5472"}],"curies":[{"name":"wp","href":"https:\/\/api.w.org\/{rel}","templated":true}]}}