{"id":5505,"date":"2024-11-28T14:51:15","date_gmt":"2024-11-28T06:51:15","guid":{"rendered":"https:\/\/www.hnhlcranes.com\/?post_type=product&#038;p=5505"},"modified":"2025-01-10T15:49:58","modified_gmt":"2025-01-10T07:49:58","slug":"wjk-kolejnicovy-klip","status":"publish","type":"product","link":"https:\/\/www.hnhlcranes.com\/cs\/produkt\/wjk-kolejnicovy-klip\/","title":{"rendered":"WJK Rail Clip"},"content":{"rendered":"<h6><img fetchpriority=\"high\" decoding=\"async\" class=\"alignnone wp-image-7077\" src=\"https:\/\/www.hnhlcranes.com\/wp-content\/uploads\/2024\/11\/WJK-Rail-Clip-2-300x95.jpg\" alt=\"\" width=\"951\" height=\"301\" srcset=\"https:\/\/www.hnhlcranes.com\/wp-content\/uploads\/2024\/11\/WJK-Rail-Clip-2-300x95.jpg 300w, https:\/\/www.hnhlcranes.com\/wp-content\/uploads\/2024\/11\/WJK-Rail-Clip-2-768x242.jpg 768w, https:\/\/www.hnhlcranes.com\/wp-content\/uploads\/2024\/11\/WJK-Rail-Clip-2-600x189.jpg 600w, https:\/\/www.hnhlcranes.com\/wp-content\/uploads\/2024\/11\/WJK-Rail-Clip-2.jpg 800w\" sizes=\"(max-width: 951px) 100vw, 951px\" \/><\/h6>\n<h6><\/h6>\n<h3>Vlastnosti kolejnicov\u00e9ho klipu WJK<\/h3>\n<p>Na str\u00e1nk\u00e1ch <strong>Kolejnicov\u00fd klip WJK<\/strong> je speci\u00e1ln\u011b navr\u017een pro pou\u017eit\u00ed s ocelov\u00fdmi nosn\u00edky a m\u00e1 nosnost 350 tun na sadu, kter\u00e1 se skl\u00e1d\u00e1 celkem ze sedmi komponent\u016f. Tato robustn\u00ed konstrukce zaji\u0161\u0165uje optim\u00e1ln\u00ed v\u00fdkon v cel\u00e9 \u0159ad\u011b t\u011b\u017ek\u00fdch aplikac\u00ed.<\/p>\n<h4><strong>Sva\u0159ov\u00e1n\u00ed z\u00e1kladn\u00ed desky<\/strong><\/h4>\n<p>Na str\u00e1nk\u00e1ch <strong>Z\u00e1kladn\u00ed deska WJK<\/strong> je p\u0159iva\u0159en k p\u0159\u00edrub\u011b ocelov\u00e9ho je\u0159\u00e1bov\u00e9ho nosn\u00edku pomoc\u00ed t\u0159\u00edstrann\u00fdch okoln\u00edch svar\u016f nebo oboustrann\u00fdch bo\u010dn\u00edch svar\u016f. Toto uspo\u0159\u00e1d\u00e1n\u00ed zaji\u0161\u0165uje plynul\u00fd p\u0159enos vodorovn\u00e9 bo\u010dn\u00ed s\u00edly od je\u0159\u00e1bu na je\u0159\u00e1bov\u00fd nosn\u00edk. Nav\u00edc minimalizuje oslaben\u00ed konstrukce zp\u016fsoben\u00e9 nadm\u011brn\u00fdm vrt\u00e1n\u00edm v p\u0159\u00edrub\u011b, co\u017e v\u00fdrazn\u011b zvy\u0161uje nosnost pr\u016f\u0159ezu je\u0159\u00e1bov\u00e9ho nosn\u00edku.<\/p>\n<h4><strong>P\u0159ipojen\u00ed kulov\u00e9ho kloubu<\/strong><\/h4>\n<p>Z\u00e1kladn\u00ed deska je spojena se spodn\u00edm koncem T-\u0161roubu pomoc\u00ed <strong>kulov\u00fd kloub<\/strong>, co\u017e umo\u017e\u0148uje, aby T-\u0161roub z\u016fstal p\u0159i p\u016fsoben\u00ed bo\u010dn\u00ed s\u00edly kolmo k horn\u00edmu krytu. Tato konstrukce spoje umo\u017e\u0148uje tak\u00e9 m\u00edrn\u00e9 nakl\u00e1p\u011bn\u00ed. V d\u016fsledku toho je \u00fa\u010dinn\u011b zm\u00edrn\u011bn bo\u010dn\u00ed n\u00e1raz je\u0159\u00e1bu na kolejnici, nosn\u00edk je\u0159\u00e1bu a brzdov\u00fd syst\u00e9m, co\u017e v kone\u010dn\u00e9m d\u016fsledku prodlu\u017euje \u017eivotnost konstrukce t\u011bchto sou\u010d\u00e1st\u00ed.<\/p>\n<h4><strong>Nastavovac\u00ed deska m\u011b\u0159idla<\/strong><\/h4>\n<p>Na str\u00e1nk\u00e1ch <strong>Kolejnicov\u00e9 klipy WJK<\/strong> funkce a <strong>deska pro nastaven\u00ed m\u011b\u0159idla<\/strong>, kter\u00fd umo\u017e\u0148uje p\u0159esn\u00e9 nastaven\u00ed rozchodu kolejnic. Tato funkce nejen zvy\u0161uje p\u0159esnost instalace, ale tak\u00e9 sni\u017euje odchylky osy kolejnice. Krom\u011b toho obsahuje dvojit\u00fd samosvorn\u00fd mechanismus, kter\u00fd zabra\u0148uje uvoln\u011bn\u00ed b\u011bhem provozu a zaji\u0161\u0165uje stabiln\u00ed v\u00fdkon.<\/p>\n<h4><strong>Snadn\u00e1 instalace a \u00fadr\u017eba<\/strong><\/h4>\n<p>Na str\u00e1nk\u00e1ch <strong>T-\u0161rouby<\/strong> a <strong>horn\u00ed kryc\u00ed desky<\/strong> klip\u016f WJK lze snadno montovat a demontovat, co\u017e v\u00fdrazn\u011b zjednodu\u0161uje konstrukci a \u00fadr\u017ebu. Tato snadn\u00e1 instalace a \u00fadr\u017eba se projevuje zkr\u00e1cen\u00edm prostoj\u016f a zv\u00fd\u0161en\u00edm efektivity provozu.<\/p>\n<h4><strong>Kompatibilita se zak\u0159iven\u00edm kolejnic<\/strong><\/h4>\n<p>Na str\u00e1nk\u00e1ch <strong>horn\u00ed kryc\u00ed deska<\/strong> je navr\u017een tak, aby odpov\u00eddal zak\u0159iven\u00ed pr\u016f\u0159ezu kolejnice. T\u00edm je zaji\u0161t\u011bno pevn\u00e9 upevn\u011bn\u00ed kolejnice, ani\u017e by byl omezen jej\u00ed m\u00edrn\u00fd pod\u00e9ln\u00fd pohyb. Tato vlastnost nav\u00edc usnad\u0148uje sva\u0159ov\u00e1n\u00ed kolejnic po cel\u00e9 d\u00e9lce, d\u00edky \u010demu\u017e je kolejnicov\u00e1 spona WJK univerz\u00e1ln\u00ed v r\u016fzn\u00fdch konfigurac\u00edch kolejnic.<\/p>\n<h4><strong>Pevn\u00e1 rozte\u010d sou\u010d\u00e1st\u00ed<\/strong><\/h4>\n<p>Vzd\u00e1lenost mezi pevn\u00fdmi sou\u010d\u00e1stmi se ur\u010duje na z\u00e1klad\u011b nosnosti je\u0159\u00e1bu. U je\u0159\u00e1b\u016f s nosnost\u00ed \u2264 275 t je rozte\u010d 600 mm; u je\u0159\u00e1b\u016f s nosnost\u00ed &gt; 275 t se v\u0161ak rozte\u010d sni\u017euje na 500 mm, aby se p\u0159izp\u016fsobila zv\u00fd\u0161en\u00e9mu zat\u00ed\u017een\u00ed.<\/p>\n<h4><strong>Kompatibilita sva\u0159ovac\u00edch materi\u00e1l\u016f<\/strong><\/h4>\n<p>Na str\u00e1nk\u00e1ch <strong>z\u00e1kladna pevn\u00e9 sou\u010d\u00e1sti<\/strong> je k nosn\u00edku je\u0159\u00e1bu p\u0159iva\u0159en pomoc\u00ed model\u016f elektrod, kter\u00e9 jsou kompatibiln\u00ed s materi\u00e1lem spojovac\u00edch sou\u010d\u00e1st\u00ed. Nap\u0159\u00edklad, <strong>Elektrody E4303<\/strong> se pou\u017e\u00edvaj\u00ed pro <strong>Ocel Q235<\/strong>, zat\u00edmco <strong>Elektrody E5015<\/strong> jsou up\u0159ednost\u0148ov\u00e1ny pro <strong>Ocel Q345<\/strong> aby byla zaji\u0161t\u011bna pevn\u00e1 a spolehliv\u00e1 vazba.<\/p>\n<h4><strong>Typy svar\u016f podle zat\u00ed\u017een\u00ed je\u0159\u00e1bu<\/strong><\/h4>\n<p>Typy svar\u016f z\u00e1vis\u00ed na stupni zat\u00ed\u017een\u00ed je\u0159\u00e1bu. Pro <strong>st\u0159edn\u011b t\u011b\u017ek\u00e9 je\u0159\u00e1by<\/strong>se pou\u017e\u00edvaj\u00ed oboustrann\u00e9 svary, zat\u00edmco <strong>t\u011b\u017ek\u00e1 technika<\/strong> (nebo <strong>super t\u011b\u017ek\u00fd provoz<\/strong>) Je\u0159\u00e1by vy\u017eaduj\u00ed t\u0159\u00edstrann\u00e9 okoln\u00ed svary, aby zvl\u00e1dly vy\u0161\u0161\u00ed zat\u00ed\u017een\u00ed a nam\u00e1h\u00e1n\u00ed.<\/p>\n<h4><strong>Utahovac\u00ed moment \u0161roubu<\/strong><\/h4>\n<p>Pro <strong>st\u0159edn\u011b t\u011b\u017ek\u00e9 je\u0159\u00e1by<\/strong> (Q \u2264 275t) je maxim\u00e1ln\u00ed utahovac\u00ed moment \u0161roubu nastaven na 150 N-m, zat\u00edmco pro <strong>t\u011b\u017ek\u00e9 je\u0159\u00e1by<\/strong>, je utahovac\u00ed moment zv\u00fd\u0161en na 220 N-m, aby se p\u0159izp\u016fsobil vy\u0161\u0161\u00edm sil\u00e1m p\u016fsob\u00edc\u00edm p\u0159i provozu.<\/p>\n<h4><strong>Maxim\u00e1ln\u00ed bo\u010dn\u00ed s\u00edla<\/strong><\/h4>\n<p>Na str\u00e1nk\u00e1ch <strong>maxim\u00e1ln\u00ed p\u0159\u00edpustn\u00e1 bo\u010dn\u00ed s\u00edla<\/strong> pro kolejnicovou sponu WJK je 45 kN. To zaru\u010duje, \u017ee kolejnicov\u00e1 spona odol\u00e1 zna\u010dn\u00fdm bo\u010dn\u00edm sil\u00e1m, ani\u017e by byla naru\u0161ena jej\u00ed konstruk\u010dn\u00ed integrita.<\/p>\n<p>D\u00edky t\u011bmto pokro\u010dil\u00fdm konstruk\u010dn\u00edm prvk\u016fm <strong>Kolejnicov\u00fd klip WJK<\/strong> zaji\u0161\u0165uje bezpe\u010dn\u00e9, spolehliv\u00e9 a trvanliv\u00e9 spojen\u00ed mezi je\u0159\u00e1bem a kolejov\u00fdm syst\u00e9mem, \u010d\u00edm\u017e zvy\u0161uje celkovou efektivitu a bezpe\u010dnost provozu.<\/p>","protected":false},"excerpt":{"rendered":"<h6><strong><span style=\"font-family: arial, helvetica, sans-serif; font-size: 14pt;\">Specifikace WJK Rail Clip<\/span><\/strong><\/h6>\n<ul>\n<li><strong>Modely<\/strong>: WJK-TG38, WJK-TG43, WJK-TG50, WJK-TG60, WJK-QU70, WJK-QU80, WJK-QU100, WJK-QU120<\/li>\n<li><strong>Metoda upevn\u011bn\u00ed<\/strong>: Sva\u0159ovan\u00e1 z\u00e1kladn\u00ed deska<\/li>\n<\/ul>","protected":false},"featured_media":7075,"template":"","meta":{"_kad_post_transparent":"default","_kad_post_title":"","_kad_post_layout":"default","_kad_post_sidebar_id":"","_kad_post_content_style":"default","_kad_post_vertical_padding":"show","_kad_post_feature":"","_kad_post_feature_position":"","_kad_post_header":false,"_kad_post_footer":false},"product_brand":[],"product_cat":[83],"product_tag":[483,482,481,480,376,489,486,490,488,484,492,487,485,493,478,491,477,479],"class_list":{"0":"post-5505","1":"product","2":"type-product","3":"status-publish","4":"has-post-thumbnail","6":"product_cat-crane-rail-clip","7":"product_tag-05g525-rail-clip","8":"product_tag-cgbk-rail-clip","9":"product_tag-cgek-rail-clip","10":"product_tag-cgwk-rail-clip","11":"product_tag-china-crane-parts-supplier","12":"product_tag-crane-rail-clamp","13":"product_tag-crane-rail-clip","14":"product_tag-crane-rail-clip-supplier","15":"product_tag-crane-rail-fixing-device","16":"product_tag-hdgy-rail-clip","17":"product_tag-rail-connection-splint","18":"product_tag-rail-fixing-device","19":"product_tag-rail-joint","20":"product_tag-special-crane-spreader","21":"product_tag-swjk-rail-clip","22":"product_tag-tracks-jointing-plates","23":"product_tag-wjk-rail-clip","24":"product_tag-wjkc-rail-clip","26":"first","27":"instock","28":"shipping-taxable","29":"product-type-simple","30":"entry","31":"content-bg","32":"loop-entry"},"yoast_head":"<!-- This site is optimized with the Yoast SEO plugin v24.5 - https:\/\/yoast.com\/wordpress\/plugins\/seo\/ -->\n<title>WJK Rail Clip - WJK Rail Clips-Rail fixing device-Crane Rail Clamp-Crane Parts Manufacturer<\/title>\n<meta name=\"description\" content=\"Rail Clips,WJK Rail Clip,Crane Rail Clip,Rail fixing device,Crane Rail fixing device,crane Rail Clamp,SWJK Rail Clips,Overhead Crane Rail Clip\" \/>\n<meta name=\"robots\" content=\"index, follow, max-snippet:-1, max-image-preview:large, max-video-preview:-1\" \/>\n<link rel=\"canonical\" href=\"https:\/\/www.hnhlcranes.com\/cs\/produkt\/wjk-kolejnicovy-klip\/\" \/>\n<meta property=\"og:locale\" content=\"cs_CZ\" \/>\n<meta property=\"og:type\" content=\"article\" \/>\n<meta property=\"og:title\" content=\"WJK Rail Clip - WJK Rail Clips-Rail fixing device-Crane Rail Clamp-Crane Parts Manufacturer\" \/>\n<meta property=\"og:description\" content=\"Rail Clips,WJK Rail Clip,Crane Rail Clip,Rail fixing device,Crane Rail fixing device,crane Rail Clamp,SWJK Rail Clips,Overhead Crane Rail Clip\" \/>\n<meta property=\"og:url\" content=\"https:\/\/www.hnhlcranes.com\/cs\/produkt\/wjk-kolejnicovy-klip\/\" \/>\n<meta property=\"og:site_name\" content=\"Crane Parts Manufacturer\" \/>\n<meta property=\"article:modified_time\" content=\"2025-01-10T07:49:58+00:00\" \/>\n<meta property=\"og:image\" content=\"https:\/\/www.hnhlcranes.com\/wp-content\/uploads\/2024\/11\/WJK-Rail-Clip.jpg\" \/>\n\t<meta property=\"og:image:width\" content=\"600\" \/>\n\t<meta property=\"og:image:height\" content=\"600\" \/>\n\t<meta property=\"og:image:type\" content=\"image\/jpeg\" \/>\n<meta name=\"twitter:card\" content=\"summary_large_image\" \/>\n<meta name=\"twitter:label1\" content=\"Odhadovan\u00e1 doba \u010dten\u00ed\" \/>\n\t<meta name=\"twitter:data1\" content=\"3 minuty\" \/>\n<script type=\"application\/ld+json\" class=\"yoast-schema-graph\">{\"@context\":\"https:\/\/schema.org\",\"@graph\":[{\"@type\":\"WebPage\",\"@id\":\"https:\/\/www.hnhlcranes.com\/product\/wjk-rail-clip\/\",\"url\":\"https:\/\/www.hnhlcranes.com\/product\/wjk-rail-clip\/\",\"name\":\"WJK Rail Clip - WJK Rail Clips-Rail fixing device-Crane Rail Clamp-Crane Parts Manufacturer\",\"isPartOf\":{\"@id\":\"https:\/\/www.hnhlcranes.com\/#website\"},\"primaryImageOfPage\":{\"@id\":\"https:\/\/www.hnhlcranes.com\/product\/wjk-rail-clip\/#primaryimage\"},\"image\":{\"@id\":\"https:\/\/www.hnhlcranes.com\/product\/wjk-rail-clip\/#primaryimage\"},\"thumbnailUrl\":\"https:\/\/www.hnhlcranes.com\/wp-content\/uploads\/2024\/11\/WJK-Rail-Clip.jpg\",\"datePublished\":\"2024-11-28T06:51:15+00:00\",\"dateModified\":\"2025-01-10T07:49:58+00:00\",\"description\":\"Rail Clips,WJK Rail Clip,Crane Rail Clip,Rail fixing device,Crane Rail fixing device,crane Rail Clamp,SWJK Rail Clips,Overhead Crane Rail Clip\",\"breadcrumb\":{\"@id\":\"https:\/\/www.hnhlcranes.com\/product\/wjk-rail-clip\/#breadcrumb\"},\"inLanguage\":\"cs\",\"potentialAction\":[{\"@type\":\"ReadAction\",\"target\":[\"https:\/\/www.hnhlcranes.com\/product\/wjk-rail-clip\/\"]}]},{\"@type\":\"ImageObject\",\"inLanguage\":\"cs\",\"@id\":\"https:\/\/www.hnhlcranes.com\/product\/wjk-rail-clip\/#primaryimage\",\"url\":\"https:\/\/www.hnhlcranes.com\/wp-content\/uploads\/2024\/11\/WJK-Rail-Clip.jpg\",\"contentUrl\":\"https:\/\/www.hnhlcranes.com\/wp-content\/uploads\/2024\/11\/WJK-Rail-Clip.jpg\",\"width\":600,\"height\":600},{\"@type\":\"BreadcrumbList\",\"@id\":\"https:\/\/www.hnhlcranes.com\/product\/wjk-rail-clip\/#breadcrumb\",\"itemListElement\":[{\"@type\":\"ListItem\",\"position\":1,\"name\":\"home\",\"item\":\"https:\/\/www.hnhlcranes.com\/\"},{\"@type\":\"ListItem\",\"position\":2,\"name\":\"products\",\"item\":\"https:\/\/www.hnhlcranes.com\/products\/\"},{\"@type\":\"ListItem\",\"position\":3,\"name\":\"WJK Rail Clip\"}]},{\"@type\":\"WebSite\",\"@id\":\"https:\/\/www.hnhlcranes.com\/#website\",\"url\":\"https:\/\/www.hnhlcranes.com\/\",\"name\":\"Crane Parts Manufacturer\",\"description\":\"Crane Wheels,Crane Drums,Crane Hooks,Crane Coupling,Crane End Carriage,Electric Hoist,European Crane Parts,Crane Rail Clip,Crane Spreader,Crane Motor,Crane Reducer,Crane Brake,Light Crane Parts,Workstation Crane Parts,Crane Electrical Parts,China Crane Parts Supplier,China Crane Parts Manufacturer,Angle box type crane wheel,45 degree split crane wheel,European crane wheel,Crane Wheel Blocks,Overhead crane drum,European crane drum,Overhead crane hook,European crane hook,Crane pulley block,Gear coupling,Brake wheel coupling,Drum gear coupling,Brake wheel drum gear coupling,Cardan Shaft Coupling,WZL drum coupling,Plum blossom elastic coupling,Brake wheel plum elastic coupling,European Single girder crane end carriage,European Double girder crane end carriage,European Suspension  crane end carriage,Wire Rope Electric Hoist,Electric Chain Hoist,European Single Girder Wire Rope Electric Hoist,European Double Girder Wire Rope Electric Hoist,Crane grab,Container spreader,Billet crane clamps,C-type hook,Lifting Electromagnet,YZR crane motor,YZP crane motor,ZQ Reducer,ZSC Reducer,QJ Reducer,QJ-L Reducer,QJY Reducer,H series gearbox,F Series Gear Motor,K Series Gear Motor,R Series Gear Motor,travelling machinery gear motor,Electro hydraulic drum brake,Electro hydraulic disc brake,Crane Safety brake,Crane cable trolley,Crane remote controller,Crane pendant controller,Crane electrical control cabinet,Crane limit switch,Crane sound and light alarm,Heavy Duty Aviation Connector,Crane overload limiter\",\"publisher\":{\"@id\":\"https:\/\/www.hnhlcranes.com\/#organization\"},\"potentialAction\":[{\"@type\":\"SearchAction\",\"target\":{\"@type\":\"EntryPoint\",\"urlTemplate\":\"https:\/\/www.hnhlcranes.com\/?s={search_term_string}\"},\"query-input\":{\"@type\":\"PropertyValueSpecification\",\"valueRequired\":true,\"valueName\":\"search_term_string\"}}],\"inLanguage\":\"cs\"},{\"@type\":\"Organization\",\"@id\":\"https:\/\/www.hnhlcranes.com\/#organization\",\"name\":\"Crane Parts Manufacturer\",\"url\":\"https:\/\/www.hnhlcranes.com\/\",\"logo\":{\"@type\":\"ImageObject\",\"inLanguage\":\"cs\",\"@id\":\"https:\/\/www.hnhlcranes.com\/#\/schema\/logo\/image\/\",\"url\":\"https:\/\/www.hnhlcranes.com\/wp-content\/uploads\/2025\/01\/HL-logo-1.png\",\"contentUrl\":\"https:\/\/www.hnhlcranes.com\/wp-content\/uploads\/2025\/01\/HL-logo-1.png\",\"width\":600,\"height\":169,\"caption\":\"Crane Parts Manufacturer\"},\"image\":{\"@id\":\"https:\/\/www.hnhlcranes.com\/#\/schema\/logo\/image\/\"}}]}<\/script>\n<!-- \/ Yoast SEO plugin. -->","yoast_head_json":{"title":"WJK Rail Clip - WJK Rail Clips-Rail fixing device-Crane Rail Clamp-Crane Parts Manufacturer","description":"Rail Clips,WJK Rail Clip,Crane Rail Clip,Rail fixing device,Crane Rail fixing device,crane Rail Clamp,SWJK Rail Clips,Overhead Crane Rail Clip","robots":{"index":"index","follow":"follow","max-snippet":"max-snippet:-1","max-image-preview":"max-image-preview:large","max-video-preview":"max-video-preview:-1"},"canonical":"https:\/\/www.hnhlcranes.com\/cs\/produkt\/wjk-kolejnicovy-klip\/","og_locale":"cs_CZ","og_type":"article","og_title":"WJK Rail Clip - WJK Rail Clips-Rail fixing device-Crane Rail Clamp-Crane Parts Manufacturer","og_description":"Rail Clips,WJK Rail Clip,Crane Rail Clip,Rail fixing device,Crane Rail fixing device,crane Rail Clamp,SWJK Rail Clips,Overhead Crane Rail Clip","og_url":"https:\/\/www.hnhlcranes.com\/cs\/produkt\/wjk-kolejnicovy-klip\/","og_site_name":"Crane Parts Manufacturer","article_modified_time":"2025-01-10T07:49:58+00:00","og_image":[{"width":600,"height":600,"url":"https:\/\/www.hnhlcranes.com\/wp-content\/uploads\/2024\/11\/WJK-Rail-Clip.jpg","type":"image\/jpeg"}],"twitter_card":"summary_large_image","twitter_misc":{"Odhadovan\u00e1 doba \u010dten\u00ed":"3 minuty"},"schema":{"@context":"https:\/\/schema.org","@graph":[{"@type":"WebPage","@id":"https:\/\/www.hnhlcranes.com\/product\/wjk-rail-clip\/","url":"https:\/\/www.hnhlcranes.com\/product\/wjk-rail-clip\/","name":"WJK Rail Clip - WJK Rail Clips-Rail fixing device-Crane Rail Clamp-Crane Parts Manufacturer","isPartOf":{"@id":"https:\/\/www.hnhlcranes.com\/#website"},"primaryImageOfPage":{"@id":"https:\/\/www.hnhlcranes.com\/product\/wjk-rail-clip\/#primaryimage"},"image":{"@id":"https:\/\/www.hnhlcranes.com\/product\/wjk-rail-clip\/#primaryimage"},"thumbnailUrl":"https:\/\/www.hnhlcranes.com\/wp-content\/uploads\/2024\/11\/WJK-Rail-Clip.jpg","datePublished":"2024-11-28T06:51:15+00:00","dateModified":"2025-01-10T07:49:58+00:00","description":"Rail Clips,WJK Rail Clip,Crane Rail Clip,Rail fixing device,Crane Rail fixing device,crane Rail Clamp,SWJK Rail Clips,Overhead Crane Rail Clip","breadcrumb":{"@id":"https:\/\/www.hnhlcranes.com\/product\/wjk-rail-clip\/#breadcrumb"},"inLanguage":"cs","potentialAction":[{"@type":"ReadAction","target":["https:\/\/www.hnhlcranes.com\/product\/wjk-rail-clip\/"]}]},{"@type":"ImageObject","inLanguage":"cs","@id":"https:\/\/www.hnhlcranes.com\/product\/wjk-rail-clip\/#primaryimage","url":"https:\/\/www.hnhlcranes.com\/wp-content\/uploads\/2024\/11\/WJK-Rail-Clip.jpg","contentUrl":"https:\/\/www.hnhlcranes.com\/wp-content\/uploads\/2024\/11\/WJK-Rail-Clip.jpg","width":600,"height":600},{"@type":"BreadcrumbList","@id":"https:\/\/www.hnhlcranes.com\/product\/wjk-rail-clip\/#breadcrumb","itemListElement":[{"@type":"ListItem","position":1,"name":"home","item":"https:\/\/www.hnhlcranes.com\/"},{"@type":"ListItem","position":2,"name":"products","item":"https:\/\/www.hnhlcranes.com\/products\/"},{"@type":"ListItem","position":3,"name":"WJK Rail Clip"}]},{"@type":"WebSite","@id":"https:\/\/www.hnhlcranes.com\/#website","url":"https:\/\/www.hnhlcranes.com\/","name":"Crane Parts Manufacturer","description":"Crane Wheels,Crane Drums,Crane Hooks,Crane Coupling,Crane End Carriage,Electric Hoist,European Crane Parts,Crane Rail Clip,Crane Spreader,Crane Motor,Crane Reducer,Crane Brake,Light Crane Parts,Workstation Crane Parts,Crane Electrical Parts,China Crane Parts Supplier,China Crane Parts Manufacturer,Angle box type crane wheel,45 degree split crane wheel,European crane wheel,Crane Wheel Blocks,Overhead crane drum,European crane drum,Overhead crane hook,European crane hook,Crane pulley block,Gear coupling,Brake wheel coupling,Drum gear coupling,Brake wheel drum gear coupling,Cardan Shaft Coupling,WZL drum coupling,Plum blossom elastic coupling,Brake wheel plum elastic coupling,European Single girder crane end carriage,European Double girder crane end carriage,European Suspension  crane end carriage,Wire Rope Electric Hoist,Electric Chain Hoist,European Single Girder Wire Rope Electric Hoist,European Double Girder Wire Rope Electric Hoist,Crane grab,Container spreader,Billet crane clamps,C-type hook,Lifting Electromagnet,YZR crane motor,YZP crane motor,ZQ Reducer,ZSC Reducer,QJ Reducer,QJ-L Reducer,QJY Reducer,H series gearbox,F Series Gear Motor,K Series Gear Motor,R Series Gear Motor,travelling machinery gear motor,Electro hydraulic drum brake,Electro hydraulic disc brake,Crane Safety brake,Crane cable trolley,Crane remote controller,Crane pendant controller,Crane electrical control cabinet,Crane limit switch,Crane sound and light alarm,Heavy Duty Aviation Connector,Crane overload limiter","publisher":{"@id":"https:\/\/www.hnhlcranes.com\/#organization"},"potentialAction":[{"@type":"SearchAction","target":{"@type":"EntryPoint","urlTemplate":"https:\/\/www.hnhlcranes.com\/?s={search_term_string}"},"query-input":{"@type":"PropertyValueSpecification","valueRequired":true,"valueName":"search_term_string"}}],"inLanguage":"cs"},{"@type":"Organization","@id":"https:\/\/www.hnhlcranes.com\/#organization","name":"Crane Parts Manufacturer","url":"https:\/\/www.hnhlcranes.com\/","logo":{"@type":"ImageObject","inLanguage":"cs","@id":"https:\/\/www.hnhlcranes.com\/#\/schema\/logo\/image\/","url":"https:\/\/www.hnhlcranes.com\/wp-content\/uploads\/2025\/01\/HL-logo-1.png","contentUrl":"https:\/\/www.hnhlcranes.com\/wp-content\/uploads\/2025\/01\/HL-logo-1.png","width":600,"height":169,"caption":"Crane Parts Manufacturer"},"image":{"@id":"https:\/\/www.hnhlcranes.com\/#\/schema\/logo\/image\/"}}]}},"_links":{"self":[{"href":"https:\/\/www.hnhlcranes.com\/cs\/wp-json\/wp\/v2\/product\/5505","targetHints":{"allow":["GET"]}}],"collection":[{"href":"https:\/\/www.hnhlcranes.com\/cs\/wp-json\/wp\/v2\/product"}],"about":[{"href":"https:\/\/www.hnhlcranes.com\/cs\/wp-json\/wp\/v2\/types\/product"}],"version-history":[{"count":7,"href":"https:\/\/www.hnhlcranes.com\/cs\/wp-json\/wp\/v2\/product\/5505\/revisions"}],"predecessor-version":[{"id":7190,"href":"https:\/\/www.hnhlcranes.com\/cs\/wp-json\/wp\/v2\/product\/5505\/revisions\/7190"}],"wp:featuredmedia":[{"embeddable":true,"href":"https:\/\/www.hnhlcranes.com\/cs\/wp-json\/wp\/v2\/media\/7075"}],"wp:attachment":[{"href":"https:\/\/www.hnhlcranes.com\/cs\/wp-json\/wp\/v2\/media?parent=5505"}],"wp:term":[{"taxonomy":"product_brand","embeddable":true,"href":"https:\/\/www.hnhlcranes.com\/cs\/wp-json\/wp\/v2\/product_brand?post=5505"},{"taxonomy":"product_cat","embeddable":true,"href":"https:\/\/www.hnhlcranes.com\/cs\/wp-json\/wp\/v2\/product_cat?post=5505"},{"taxonomy":"product_tag","embeddable":true,"href":"https:\/\/www.hnhlcranes.com\/cs\/wp-json\/wp\/v2\/product_tag?post=5505"}],"curies":[{"name":"wp","href":"https:\/\/api.w.org\/{rel}","templated":true}]}}