{"id":5515,"date":"2024-11-28T19:30:00","date_gmt":"2024-11-28T11:30:00","guid":{"rendered":"https:\/\/www.hnhlcranes.com\/?post_type=product&#038;p=5515"},"modified":"2025-01-17T02:27:20","modified_gmt":"2025-01-16T18:27:20","slug":"swjk-kolejnicovy-klip","status":"publish","type":"product","link":"https:\/\/www.hnhlcranes.com\/cs\/produkt\/swjk-kolejnicovy-klip\/","title":{"rendered":"SWJK Rail Clip"},"content":{"rendered":"<h6><img fetchpriority=\"high\" decoding=\"async\" class=\"alignnone wp-image-7083\" src=\"https:\/\/www.hnhlcranes.com\/wp-content\/uploads\/2024\/11\/SWJK-Rail-Clip-1-300x90.jpg\" alt=\"\" width=\"950\" height=\"285\" srcset=\"https:\/\/www.hnhlcranes.com\/wp-content\/uploads\/2024\/11\/SWJK-Rail-Clip-1-300x90.jpg 300w, https:\/\/www.hnhlcranes.com\/wp-content\/uploads\/2024\/11\/SWJK-Rail-Clip-1-768x230.jpg 768w, https:\/\/www.hnhlcranes.com\/wp-content\/uploads\/2024\/11\/SWJK-Rail-Clip-1-600x180.jpg 600w, https:\/\/www.hnhlcranes.com\/wp-content\/uploads\/2024\/11\/SWJK-Rail-Clip-1.jpg 1000w\" sizes=\"(max-width: 950px) 100vw, 950px\" \/><\/h6>\n<h3><strong>Vlastnosti SWJK Rail Clip<\/strong><\/h3>\n<p>Na str\u00e1nk\u00e1ch <strong>Kolejnicov\u00fd klip SWJK<\/strong> je speci\u00e1ln\u011b navr\u017een pro aplikace, kter\u00e9 vy\u017eaduj\u00ed specializovan\u00e9 lisovac\u00ed desky. P\u0159i zachov\u00e1n\u00ed z\u00e1kladn\u00edch konstruk\u010dn\u00edch princip\u016f kolejnicov\u00e9 spony WJK zahrnuje kolejnicov\u00e1 spona SWJK \u00fapravy, kter\u00e9 spl\u0148uj\u00ed jedine\u010dn\u00e9 provozn\u00ed po\u017eadavky a podm\u00ednky prost\u0159ed\u00ed.<\/p>\n<h4><strong>Sva\u0159ov\u00e1n\u00ed a instalace<\/strong><\/h4>\n<p>Kolejnicov\u00e9 p\u0159\u00edchytky SWJK vyu\u017e\u00edvaj\u00ed k instalaci metodu t\u0159\u00edstrann\u00e9ho okoln\u00edho sva\u0159ov\u00e1n\u00ed s v\u00fd\u0161kou svaru 7 mm. Tato konstruk\u010dn\u00ed volba zaji\u0161\u0165uje bezpe\u010dn\u00e9 a stabiln\u00ed p\u0159ipevn\u011bn\u00ed k z\u00e1kladn\u00ed desce, d\u00edky \u010demu\u017e klip spolehliv\u011b odol\u00e1v\u00e1 nam\u00e1h\u00e1n\u00ed a sil\u00e1m p\u016fsob\u00edc\u00edm b\u011bhem provozu.<\/p>\n<h4><strong>Specifikace materi\u00e1lu<\/strong><\/h4>\n<p>U svorek SWJK z materi\u00e1lu Q345 je utahovac\u00ed moment nastaven na 150 N-m. Tyto spony jsou konstruov\u00e1ny tak, aby vydr\u017eely maxim\u00e1ln\u00ed bo\u010dn\u00ed s\u00edlu 40 kN v ka\u017ed\u00e9m tlakov\u00e9m bod\u011b kola. Krom\u011b toho vydr\u017e\u00ed maxim\u00e1ln\u00ed vodorovnou s\u00edlu 25 kN v podm\u00ednk\u00e1ch veden\u00e9ho kola, co\u017e zaji\u0161\u0165uje robustn\u00ed v\u00fdkon i v t\u011b\u017ek\u00fdch provozn\u00edch podm\u00ednk\u00e1ch.<\/p>\n<h4><strong>Mo\u017enosti p\u0159izp\u016fsoben\u00ed<\/strong><\/h4>\n<p>U projekt\u016f se specifick\u00fdmi po\u017eadavky nebo v situac\u00edch, kdy je v\u00fd\u0161kov\u00e1 vzd\u00e1lenost mezi vodorovn\u00fdm kolem je\u0159\u00e1bu a nosn\u00edkem je\u0159\u00e1bu minim\u00e1ln\u00ed, se doporu\u010duje, aby u\u017eivatel\u00e9 p\u0159edem informovali v\u00fdrobce. To umo\u017en\u00ed v\u00fdrobci poskytnout \u00fapravy na m\u00edru, aby byla zaji\u0161t\u011bna optim\u00e1ln\u00ed funk\u010dnost pro danou instalaci.<\/p>\n<p>D\u00edky t\u011bmto promy\u0161len\u00fdm \u00faprav\u00e1m designu se <strong>Kolejnicov\u00fd klip SWJK<\/strong> poskytuje vy\u0161\u0161\u00ed v\u00fdkon a v\u0161estrannost a \u00fa\u010dinn\u011b \u0159e\u0161\u00ed jedine\u010dn\u00e9 pot\u0159eby specializovan\u00fdch aplikac\u00ed p\u0159i zachov\u00e1n\u00ed spolehlivosti a odolnosti p\u016fvodn\u00edho klipu WJK.<\/p>","protected":false},"excerpt":{"rendered":"<h6><strong><span style=\"font-family: arial, helvetica, sans-serif; font-size: 14pt;\">Specifikace SWJK Rail Clip<\/span><\/strong><\/h6>\n<ul>\n<li><strong>Modely<\/strong>: SWJK-TG38, SWJK-TG43, SWJK-TG50, SWJK-TG60, SWJK-QU70, SWJK-QU80, SWJK-QU100, SWJK-QU120<\/li>\n<li><strong>Metoda upevn\u011bn\u00ed<\/strong>: Sva\u0159ovan\u00e1 z\u00e1kladn\u00ed deska<\/li>\n<\/ul>","protected":false},"featured_media":7082,"template":"","meta":{"_kad_post_transparent":"default","_kad_post_title":"","_kad_post_layout":"default","_kad_post_sidebar_id":"","_kad_post_content_style":"default","_kad_post_vertical_padding":"show","_kad_post_feature":"","_kad_post_feature_position":"","_kad_post_header":false,"_kad_post_footer":false},"product_brand":[],"product_cat":[83],"product_tag":[483,482,481,480,376,489,486,490,488,484,492,487,485,493,478,491,477,479],"class_list":{"0":"post-5515","1":"product","2":"type-product","3":"status-publish","4":"has-post-thumbnail","6":"product_cat-crane-rail-clip","7":"product_tag-05g525-rail-clip","8":"product_tag-cgbk-rail-clip","9":"product_tag-cgek-rail-clip","10":"product_tag-cgwk-rail-clip","11":"product_tag-china-crane-parts-supplier","12":"product_tag-crane-rail-clamp","13":"product_tag-crane-rail-clip","14":"product_tag-crane-rail-clip-supplier","15":"product_tag-crane-rail-fixing-device","16":"product_tag-hdgy-rail-clip","17":"product_tag-rail-connection-splint","18":"product_tag-rail-fixing-device","19":"product_tag-rail-joint","20":"product_tag-special-crane-spreader","21":"product_tag-swjk-rail-clip","22":"product_tag-tracks-jointing-plates","23":"product_tag-wjk-rail-clip","24":"product_tag-wjkc-rail-clip","26":"first","27":"instock","28":"featured","29":"shipping-taxable","30":"product-type-simple","31":"entry","32":"content-bg","33":"loop-entry"},"yoast_head":"<!-- This site is optimized with the Yoast SEO plugin v24.5 - https:\/\/yoast.com\/wordpress\/plugins\/seo\/ -->\n<title>SWJK Rail Clip - Rail Clamp- WJK Rail Clips-Rail fixing device-Crane Parts Manufacturer<\/title>\n<meta name=\"description\" content=\"Rail Clips,WJK Rail Clip,Crane Rail Clips,Rail fixing device,Crane Rail fixing device,crane Rail Clamp,SWJK Rail Clip,Overhead Crane Rail Clip\" \/>\n<meta name=\"robots\" content=\"index, follow, max-snippet:-1, max-image-preview:large, max-video-preview:-1\" \/>\n<link rel=\"canonical\" href=\"https:\/\/www.hnhlcranes.com\/cs\/produkt\/swjk-kolejnicovy-klip\/\" \/>\n<meta property=\"og:locale\" content=\"cs_CZ\" \/>\n<meta property=\"og:type\" content=\"article\" \/>\n<meta property=\"og:title\" content=\"SWJK Rail Clip - Rail Clamp- WJK Rail Clips-Rail fixing device-Crane Parts Manufacturer\" \/>\n<meta property=\"og:description\" content=\"Rail Clips,WJK Rail Clip,Crane Rail Clips,Rail fixing device,Crane Rail fixing device,crane Rail Clamp,SWJK Rail Clip,Overhead Crane Rail Clip\" \/>\n<meta property=\"og:url\" content=\"https:\/\/www.hnhlcranes.com\/cs\/produkt\/swjk-kolejnicovy-klip\/\" \/>\n<meta property=\"og:site_name\" content=\"Crane Parts Manufacturer\" \/>\n<meta property=\"article:modified_time\" content=\"2025-01-16T18:27:20+00:00\" \/>\n<meta property=\"og:image\" content=\"https:\/\/www.hnhlcranes.com\/wp-content\/uploads\/2024\/11\/SWJK-Rail-Clip.jpg\" \/>\n\t<meta property=\"og:image:width\" content=\"600\" \/>\n\t<meta property=\"og:image:height\" content=\"600\" \/>\n\t<meta property=\"og:image:type\" content=\"image\/jpeg\" \/>\n<meta name=\"twitter:card\" content=\"summary_large_image\" \/>\n<meta name=\"twitter:label1\" content=\"Odhadovan\u00e1 doba \u010dten\u00ed\" \/>\n\t<meta name=\"twitter:data1\" content=\"2 minuty\" \/>\n<script type=\"application\/ld+json\" class=\"yoast-schema-graph\">{\"@context\":\"https:\/\/schema.org\",\"@graph\":[{\"@type\":\"WebPage\",\"@id\":\"https:\/\/www.hnhlcranes.com\/product\/swjk-rail-clip\/\",\"url\":\"https:\/\/www.hnhlcranes.com\/product\/swjk-rail-clip\/\",\"name\":\"SWJK Rail Clip - Rail Clamp- WJK Rail Clips-Rail fixing device-Crane Parts Manufacturer\",\"isPartOf\":{\"@id\":\"https:\/\/www.hnhlcranes.com\/#website\"},\"primaryImageOfPage\":{\"@id\":\"https:\/\/www.hnhlcranes.com\/product\/swjk-rail-clip\/#primaryimage\"},\"image\":{\"@id\":\"https:\/\/www.hnhlcranes.com\/product\/swjk-rail-clip\/#primaryimage\"},\"thumbnailUrl\":\"https:\/\/www.hnhlcranes.com\/wp-content\/uploads\/2024\/11\/SWJK-Rail-Clip.jpg\",\"datePublished\":\"2024-11-28T11:30:00+00:00\",\"dateModified\":\"2025-01-16T18:27:20+00:00\",\"description\":\"Rail Clips,WJK Rail Clip,Crane Rail Clips,Rail fixing device,Crane Rail fixing device,crane Rail Clamp,SWJK Rail Clip,Overhead Crane Rail Clip\",\"breadcrumb\":{\"@id\":\"https:\/\/www.hnhlcranes.com\/product\/swjk-rail-clip\/#breadcrumb\"},\"inLanguage\":\"cs\",\"potentialAction\":[{\"@type\":\"ReadAction\",\"target\":[\"https:\/\/www.hnhlcranes.com\/product\/swjk-rail-clip\/\"]}]},{\"@type\":\"ImageObject\",\"inLanguage\":\"cs\",\"@id\":\"https:\/\/www.hnhlcranes.com\/product\/swjk-rail-clip\/#primaryimage\",\"url\":\"https:\/\/www.hnhlcranes.com\/wp-content\/uploads\/2024\/11\/SWJK-Rail-Clip.jpg\",\"contentUrl\":\"https:\/\/www.hnhlcranes.com\/wp-content\/uploads\/2024\/11\/SWJK-Rail-Clip.jpg\",\"width\":600,\"height\":600},{\"@type\":\"BreadcrumbList\",\"@id\":\"https:\/\/www.hnhlcranes.com\/product\/swjk-rail-clip\/#breadcrumb\",\"itemListElement\":[{\"@type\":\"ListItem\",\"position\":1,\"name\":\"home\",\"item\":\"https:\/\/www.hnhlcranes.com\/\"},{\"@type\":\"ListItem\",\"position\":2,\"name\":\"products\",\"item\":\"https:\/\/www.hnhlcranes.com\/products\/\"},{\"@type\":\"ListItem\",\"position\":3,\"name\":\"SWJK Rail Clip\"}]},{\"@type\":\"WebSite\",\"@id\":\"https:\/\/www.hnhlcranes.com\/#website\",\"url\":\"https:\/\/www.hnhlcranes.com\/\",\"name\":\"Crane Parts Manufacturer\",\"description\":\"Crane Wheels,Crane Drums,Crane Hooks,Crane Coupling,Crane End Carriage,Electric Hoist,European Crane Parts,Crane Rail Clip,Crane Spreader,Crane Motor,Crane Reducer,Crane Brake,Light Crane Parts,Workstation Crane Parts,Crane Electrical Parts,China Crane Parts Supplier,China Crane Parts Manufacturer,Angle box type crane wheel,45 degree split crane wheel,European crane wheel,Crane Wheel Blocks,Overhead crane drum,European crane drum,Overhead crane hook,European crane hook,Crane pulley block,Gear coupling,Brake wheel coupling,Drum gear coupling,Brake wheel drum gear coupling,Cardan Shaft Coupling,WZL drum coupling,Plum blossom elastic coupling,Brake wheel plum elastic coupling,European Single girder crane end carriage,European Double girder crane end carriage,European Suspension  crane end carriage,Wire Rope Electric Hoist,Electric Chain Hoist,European Single Girder Wire Rope Electric Hoist,European Double Girder Wire Rope Electric Hoist,Crane grab,Container spreader,Billet crane clamps,C-type hook,Lifting Electromagnet,YZR crane motor,YZP crane motor,ZQ Reducer,ZSC Reducer,QJ Reducer,QJ-L Reducer,QJY Reducer,H series gearbox,F Series Gear Motor,K Series Gear Motor,R Series Gear Motor,travelling machinery gear motor,Electro hydraulic drum brake,Electro hydraulic disc brake,Crane Safety brake,Crane cable trolley,Crane remote controller,Crane pendant controller,Crane electrical control cabinet,Crane limit switch,Crane sound and light alarm,Heavy Duty Aviation Connector,Crane overload limiter\",\"publisher\":{\"@id\":\"https:\/\/www.hnhlcranes.com\/#organization\"},\"potentialAction\":[{\"@type\":\"SearchAction\",\"target\":{\"@type\":\"EntryPoint\",\"urlTemplate\":\"https:\/\/www.hnhlcranes.com\/?s={search_term_string}\"},\"query-input\":{\"@type\":\"PropertyValueSpecification\",\"valueRequired\":true,\"valueName\":\"search_term_string\"}}],\"inLanguage\":\"cs\"},{\"@type\":\"Organization\",\"@id\":\"https:\/\/www.hnhlcranes.com\/#organization\",\"name\":\"Crane Parts Manufacturer\",\"url\":\"https:\/\/www.hnhlcranes.com\/\",\"logo\":{\"@type\":\"ImageObject\",\"inLanguage\":\"cs\",\"@id\":\"https:\/\/www.hnhlcranes.com\/#\/schema\/logo\/image\/\",\"url\":\"https:\/\/www.hnhlcranes.com\/wp-content\/uploads\/2025\/01\/HL-logo-1.png\",\"contentUrl\":\"https:\/\/www.hnhlcranes.com\/wp-content\/uploads\/2025\/01\/HL-logo-1.png\",\"width\":600,\"height\":169,\"caption\":\"Crane Parts Manufacturer\"},\"image\":{\"@id\":\"https:\/\/www.hnhlcranes.com\/#\/schema\/logo\/image\/\"}}]}<\/script>\n<!-- \/ Yoast SEO plugin. -->","yoast_head_json":{"title":"SWJK Rail Clip - Rail Clamp- WJK Rail Clips-Rail fixing device-Crane Parts Manufacturer","description":"Rail Clips,WJK Rail Clip,Crane Rail Clips,Rail fixing device,Crane Rail fixing device,crane Rail Clamp,SWJK Rail Clip,Overhead Crane Rail Clip","robots":{"index":"index","follow":"follow","max-snippet":"max-snippet:-1","max-image-preview":"max-image-preview:large","max-video-preview":"max-video-preview:-1"},"canonical":"https:\/\/www.hnhlcranes.com\/cs\/produkt\/swjk-kolejnicovy-klip\/","og_locale":"cs_CZ","og_type":"article","og_title":"SWJK Rail Clip - Rail Clamp- WJK Rail Clips-Rail fixing device-Crane Parts Manufacturer","og_description":"Rail Clips,WJK Rail Clip,Crane Rail Clips,Rail fixing device,Crane Rail fixing device,crane Rail Clamp,SWJK Rail Clip,Overhead Crane Rail Clip","og_url":"https:\/\/www.hnhlcranes.com\/cs\/produkt\/swjk-kolejnicovy-klip\/","og_site_name":"Crane Parts Manufacturer","article_modified_time":"2025-01-16T18:27:20+00:00","og_image":[{"width":600,"height":600,"url":"https:\/\/www.hnhlcranes.com\/wp-content\/uploads\/2024\/11\/SWJK-Rail-Clip.jpg","type":"image\/jpeg"}],"twitter_card":"summary_large_image","twitter_misc":{"Odhadovan\u00e1 doba \u010dten\u00ed":"2 minuty"},"schema":{"@context":"https:\/\/schema.org","@graph":[{"@type":"WebPage","@id":"https:\/\/www.hnhlcranes.com\/product\/swjk-rail-clip\/","url":"https:\/\/www.hnhlcranes.com\/product\/swjk-rail-clip\/","name":"SWJK Rail Clip - Rail Clamp- WJK Rail Clips-Rail fixing device-Crane Parts Manufacturer","isPartOf":{"@id":"https:\/\/www.hnhlcranes.com\/#website"},"primaryImageOfPage":{"@id":"https:\/\/www.hnhlcranes.com\/product\/swjk-rail-clip\/#primaryimage"},"image":{"@id":"https:\/\/www.hnhlcranes.com\/product\/swjk-rail-clip\/#primaryimage"},"thumbnailUrl":"https:\/\/www.hnhlcranes.com\/wp-content\/uploads\/2024\/11\/SWJK-Rail-Clip.jpg","datePublished":"2024-11-28T11:30:00+00:00","dateModified":"2025-01-16T18:27:20+00:00","description":"Rail Clips,WJK Rail Clip,Crane Rail Clips,Rail fixing device,Crane Rail fixing device,crane Rail Clamp,SWJK Rail Clip,Overhead Crane Rail Clip","breadcrumb":{"@id":"https:\/\/www.hnhlcranes.com\/product\/swjk-rail-clip\/#breadcrumb"},"inLanguage":"cs","potentialAction":[{"@type":"ReadAction","target":["https:\/\/www.hnhlcranes.com\/product\/swjk-rail-clip\/"]}]},{"@type":"ImageObject","inLanguage":"cs","@id":"https:\/\/www.hnhlcranes.com\/product\/swjk-rail-clip\/#primaryimage","url":"https:\/\/www.hnhlcranes.com\/wp-content\/uploads\/2024\/11\/SWJK-Rail-Clip.jpg","contentUrl":"https:\/\/www.hnhlcranes.com\/wp-content\/uploads\/2024\/11\/SWJK-Rail-Clip.jpg","width":600,"height":600},{"@type":"BreadcrumbList","@id":"https:\/\/www.hnhlcranes.com\/product\/swjk-rail-clip\/#breadcrumb","itemListElement":[{"@type":"ListItem","position":1,"name":"home","item":"https:\/\/www.hnhlcranes.com\/"},{"@type":"ListItem","position":2,"name":"products","item":"https:\/\/www.hnhlcranes.com\/products\/"},{"@type":"ListItem","position":3,"name":"SWJK Rail Clip"}]},{"@type":"WebSite","@id":"https:\/\/www.hnhlcranes.com\/#website","url":"https:\/\/www.hnhlcranes.com\/","name":"Crane Parts Manufacturer","description":"Crane Wheels,Crane Drums,Crane Hooks,Crane Coupling,Crane End Carriage,Electric Hoist,European Crane Parts,Crane Rail Clip,Crane Spreader,Crane Motor,Crane Reducer,Crane Brake,Light Crane Parts,Workstation Crane Parts,Crane Electrical Parts,China Crane Parts Supplier,China Crane Parts Manufacturer,Angle box type crane wheel,45 degree split crane wheel,European crane wheel,Crane Wheel Blocks,Overhead crane drum,European crane drum,Overhead crane hook,European crane hook,Crane pulley block,Gear coupling,Brake wheel coupling,Drum gear coupling,Brake wheel drum gear coupling,Cardan Shaft Coupling,WZL drum coupling,Plum blossom elastic coupling,Brake wheel plum elastic coupling,European Single girder crane end carriage,European Double girder crane end carriage,European Suspension  crane end carriage,Wire Rope Electric Hoist,Electric Chain Hoist,European Single Girder Wire Rope Electric Hoist,European Double Girder Wire Rope Electric Hoist,Crane grab,Container spreader,Billet crane clamps,C-type hook,Lifting Electromagnet,YZR crane motor,YZP crane motor,ZQ Reducer,ZSC Reducer,QJ Reducer,QJ-L Reducer,QJY Reducer,H series gearbox,F Series Gear Motor,K Series Gear Motor,R Series Gear Motor,travelling machinery gear motor,Electro hydraulic drum brake,Electro hydraulic disc brake,Crane Safety brake,Crane cable trolley,Crane remote controller,Crane pendant controller,Crane electrical control cabinet,Crane limit switch,Crane sound and light alarm,Heavy Duty Aviation Connector,Crane overload limiter","publisher":{"@id":"https:\/\/www.hnhlcranes.com\/#organization"},"potentialAction":[{"@type":"SearchAction","target":{"@type":"EntryPoint","urlTemplate":"https:\/\/www.hnhlcranes.com\/?s={search_term_string}"},"query-input":{"@type":"PropertyValueSpecification","valueRequired":true,"valueName":"search_term_string"}}],"inLanguage":"cs"},{"@type":"Organization","@id":"https:\/\/www.hnhlcranes.com\/#organization","name":"Crane Parts Manufacturer","url":"https:\/\/www.hnhlcranes.com\/","logo":{"@type":"ImageObject","inLanguage":"cs","@id":"https:\/\/www.hnhlcranes.com\/#\/schema\/logo\/image\/","url":"https:\/\/www.hnhlcranes.com\/wp-content\/uploads\/2025\/01\/HL-logo-1.png","contentUrl":"https:\/\/www.hnhlcranes.com\/wp-content\/uploads\/2025\/01\/HL-logo-1.png","width":600,"height":169,"caption":"Crane Parts Manufacturer"},"image":{"@id":"https:\/\/www.hnhlcranes.com\/#\/schema\/logo\/image\/"}}]}},"_links":{"self":[{"href":"https:\/\/www.hnhlcranes.com\/cs\/wp-json\/wp\/v2\/product\/5515","targetHints":{"allow":["GET"]}}],"collection":[{"href":"https:\/\/www.hnhlcranes.com\/cs\/wp-json\/wp\/v2\/product"}],"about":[{"href":"https:\/\/www.hnhlcranes.com\/cs\/wp-json\/wp\/v2\/types\/product"}],"version-history":[{"count":6,"href":"https:\/\/www.hnhlcranes.com\/cs\/wp-json\/wp\/v2\/product\/5515\/revisions"}],"predecessor-version":[{"id":7192,"href":"https:\/\/www.hnhlcranes.com\/cs\/wp-json\/wp\/v2\/product\/5515\/revisions\/7192"}],"wp:featuredmedia":[{"embeddable":true,"href":"https:\/\/www.hnhlcranes.com\/cs\/wp-json\/wp\/v2\/media\/7082"}],"wp:attachment":[{"href":"https:\/\/www.hnhlcranes.com\/cs\/wp-json\/wp\/v2\/media?parent=5515"}],"wp:term":[{"taxonomy":"product_brand","embeddable":true,"href":"https:\/\/www.hnhlcranes.com\/cs\/wp-json\/wp\/v2\/product_brand?post=5515"},{"taxonomy":"product_cat","embeddable":true,"href":"https:\/\/www.hnhlcranes.com\/cs\/wp-json\/wp\/v2\/product_cat?post=5515"},{"taxonomy":"product_tag","embeddable":true,"href":"https:\/\/www.hnhlcranes.com\/cs\/wp-json\/wp\/v2\/product_tag?post=5515"}],"curies":[{"name":"wp","href":"https:\/\/api.w.org\/{rel}","templated":true}]}}