{"id":5524,"date":"2024-11-29T21:45:30","date_gmt":"2024-11-29T13:45:30","guid":{"rendered":"https:\/\/www.hnhlcranes.com\/?post_type=product&#038;p=5524"},"modified":"2025-01-10T17:37:54","modified_gmt":"2025-01-10T09:37:54","slug":"cgwk-kolejnicovy-klip","status":"publish","type":"product","link":"https:\/\/www.hnhlcranes.com\/cs\/produkt\/cgwk-kolejnicovy-klip\/","title":{"rendered":"CGWK Kolejnicov\u00e1 spona"},"content":{"rendered":"<h6><img fetchpriority=\"high\" decoding=\"async\" class=\"alignnone wp-image-7096\" src=\"https:\/\/www.hnhlcranes.com\/wp-content\/uploads\/2024\/11\/CGWK-Rail-Clip-1-300x103.jpg\" alt=\"\" width=\"955\" height=\"328\" srcset=\"https:\/\/www.hnhlcranes.com\/wp-content\/uploads\/2024\/11\/CGWK-Rail-Clip-1-300x103.jpg 300w, https:\/\/www.hnhlcranes.com\/wp-content\/uploads\/2024\/11\/CGWK-Rail-Clip-1-768x263.jpg 768w, https:\/\/www.hnhlcranes.com\/wp-content\/uploads\/2024\/11\/CGWK-Rail-Clip-1-600x205.jpg 600w, https:\/\/www.hnhlcranes.com\/wp-content\/uploads\/2024\/11\/CGWK-Rail-Clip-1.jpg 1000w\" sizes=\"(max-width: 955px) 100vw, 955px\" \/><\/h6>\n<h3><strong>Vlastnosti kolejnicov\u00e9ho klipu CGWK<\/strong><\/h3>\n<h4><strong>Sva\u0159ov\u00e1n\u00ed z\u00e1kladn\u00ed desky<\/strong><\/h4>\n<p>Na str\u00e1nk\u00e1ch <strong>Z\u00e1kladn\u00ed deska CGWK<\/strong> je p\u0159iva\u0159ena k horn\u00ed p\u0159\u00edrub\u011b ocelov\u00e9ho je\u0159\u00e1bov\u00e9ho nosn\u00edku pomoc\u00ed oboustrann\u00fdch koutov\u00fdch svar\u016f nebo t\u0159\u00edstrann\u00fdch obtokov\u00fdch svar\u016f. T\u00edm je zaji\u0161t\u011bno, \u017ee vodorovn\u00e9 bo\u010dn\u00ed s\u00edly od je\u0159\u00e1bu jsou rovnom\u011brn\u011b p\u0159en\u00e1\u0161eny na je\u0159\u00e1bov\u00fd nosn\u00edk. T\u00edm se zamez\u00ed konstruk\u010dn\u00edm slabin\u00e1m, kter\u00e9 obvykle vznikaj\u00ed rozs\u00e1hl\u00fdm vrt\u00e1n\u00edm v p\u0159\u00edrub\u011b nosn\u00edku, a zv\u00fd\u0161\u00ed se tak celkov\u00e1 stabilita je\u0159\u00e1bov\u00e9ho syst\u00e9mu.<\/p>\n<h4><strong>Sf\u00e9rick\u00e9 kloubov\u00e9 p\u0159ipojen\u00ed<\/strong><\/h4>\n<p>Z\u00e1kladn\u00ed deska a horn\u00ed up\u00ednac\u00ed deska jsou spojeny kulov\u00fdm z\u00e1v\u011bsem. Tato konstrukce umo\u017e\u0148uje m\u00edrn\u00e9 nakl\u00e1p\u011bn\u00ed p\u0159i p\u016fsoben\u00ed bo\u010dn\u00edch sil, co\u017e \u00fa\u010dinn\u011b zm\u00edr\u0148uje dopad vodorovn\u00fdch sil na nosn\u00edk je\u0159\u00e1bu a brzdov\u00e9 syst\u00e9my. V d\u016fsledku toho pom\u00e1h\u00e1 prodlou\u017eit \u017eivotnost je\u0159\u00e1bov\u00e9ho nosn\u00edku i brzdov\u00fdch syst\u00e9m\u016f t\u00edm, \u017ee sni\u017euje nam\u00e1h\u00e1n\u00ed t\u011bchto sou\u010d\u00e1st\u00ed.<\/p>\n<h4><strong>Bl\u00edzkost polohy<\/strong><\/h4>\n<p>Na str\u00e1nk\u00e1ch <strong>Z\u00e1kladn\u00ed deska CGWK<\/strong> je strategicky um\u00edst\u011bn p\u0159ibli\u017en\u011b 1 mm pod spodn\u00edm okrajem kolejnice. Toto p\u0159esn\u00e9 um\u00edst\u011bn\u00ed \u00fa\u010dinn\u011b omezuje bo\u010dn\u00ed pohyb kolejnice, \u010d\u00edm\u017e zaji\u0161\u0165uje v\u011bt\u0161\u00ed stabilitu a sni\u017euje riziko posunu kolejnice b\u011bhem provozu.<\/p>\n<h4><strong>Speci\u00e1ln\u00ed \u0161rouby pro stabilitu<\/strong><\/h4>\n<p>Pro optim\u00e1ln\u00ed rozlo\u017een\u00ed zat\u00ed\u017een\u00ed na upev\u0148ovac\u00ed prvky se pou\u017e\u00edvaj\u00ed speci\u00e1ln\u00ed \u0161rouby. Tyto \u0161rouby zvy\u0161uj\u00ed celkovou stabilitu syst\u00e9mu a horn\u00ed up\u00ednac\u00ed desku lze snadno demontovat. Tento konstruk\u010dn\u00ed prvek v\u00fdrazn\u011b zjednodu\u0161uje instalaci a \u00fadr\u017ebu, tak\u017ee syst\u00e9m je u\u017eivatelsky p\u0159\u00edv\u011btiv\u011bj\u0161\u00ed a n\u00e1kladov\u011b efektivn\u011bj\u0161\u00ed.<\/p>\n<h4><strong>Materi\u00e1l a pevnost<\/strong><\/h4>\n<p>V\u0161echny upev\u0148ovac\u00ed sou\u010d\u00e1sti jsou vyrobeny z n\u00edzkolegovan\u00e9 vysokopevnostn\u00ed oceli, kter\u00e1 zaji\u0161\u0165uje odolnost a pevnost. Pevnostn\u00ed \u0161rouby M20 t\u0159\u00eddy 8.8 jsou uta\u017eeny kroutic\u00edm momentem 220 N-m, co\u017e zaji\u0161\u0165uje robustn\u00ed a bezpe\u010dn\u00e9 upevn\u011bn\u00ed. Syst\u00e9m nav\u00edc odol\u00e1v\u00e1 maxim\u00e1ln\u00ed bo\u010dn\u00ed s\u00edle 65 kN v ka\u017ed\u00e9m bod\u011b zat\u00ed\u017een\u00ed kola, co\u017e zaji\u0161\u0165uje jeho spolehlivost v n\u00e1ro\u010dn\u00fdch je\u0159\u00e1bov\u00fdch provozech.<\/p>\n<h3><strong>Pokyny pro instalaci kolejnicov\u00e9 spony CGWK<\/strong><\/h3>\n<h4><strong>Vyrovn\u00e1n\u00ed kolej\u00ed<\/strong><\/h4>\n<p>P\u0159ed zah\u00e1jen\u00edm instalace je nutn\u00e9 vyrovnat kolejnici podle konstruk\u010dn\u00edch specifikac\u00ed. Tento krok je z\u00e1sadn\u00ed pro zaji\u0161t\u011bn\u00ed spr\u00e1vn\u00e9 polohy kolejnice a spr\u00e1vn\u00e9 funkce cel\u00e9ho syst\u00e9mu.<\/p>\n<h4><strong>Um\u00edst\u011bn\u00ed z\u00e1kladn\u00ed desky<\/strong><\/h4>\n<p>Pot\u00e9 um\u00edst\u011bte podkladov\u00e9 desky ve sm\u011bru kolejnice v intervalech po 500 mm. D\u00e1le se ujist\u011bte, \u017ee kolm\u00e1 vzd\u00e1lenost od st\u0159edu \u0161roubu ke st\u0159edu kolejnice (hodnota a) je spr\u00e1vn\u011b um\u00edst\u011bna, aby bylo zaji\u0161t\u011bno spr\u00e1vn\u00e9 vyrovn\u00e1n\u00ed a funk\u010dnost.<\/p>\n<h4><strong>Sva\u0159ov\u00e1n\u00ed z\u00e1kladn\u00ed desky<\/strong><\/h4>\n<p>Po um\u00edst\u011bn\u00ed z\u00e1kladov\u00fdch desek p\u0159iva\u0159te z\u00e1kladovou desku k nosn\u00edku je\u0159\u00e1bu ur\u010denou metodou sva\u0159ov\u00e1n\u00ed (oboustrann\u00e9 nebo t\u0159\u00edstrann\u00e9 sva\u0159ov\u00e1n\u00ed). T\u00edmto krokem se z\u00e1kladn\u00ed desky p\u0159ipevn\u00ed k nosn\u00edku je\u0159\u00e1bu a vytvo\u0159\u00ed stabiln\u00ed z\u00e1klad pro kolejnicov\u00e9 p\u0159\u00edchytky.<\/p>\n<h4><strong>Sestava komponent<\/strong><\/h4>\n<p>Sestaven\u00ed <strong>Kolejnicov\u00fd klip CGWK<\/strong>, postupujte podle n\u00e1sleduj\u00edc\u00edch krok\u016f v n\u00ed\u017ee uveden\u00e9m po\u0159ad\u00ed:<\/p>\n<ul>\n<li>Um\u00edst\u011bte \u0161rouby pro zaji\u0161t\u011bn\u00ed sou\u010d\u00e1st\u00ed.<\/li>\n<li>Nasa\u010fte horn\u00ed up\u00ednac\u00ed desku na z\u00e1kladn\u00ed desku.<\/li>\n<li>Na \u0161rouby p\u0159idejte ploch\u00e9 podlo\u017eky, pru\u017en\u00e9 podlo\u017eky a matice.<\/li>\n<li>Nakonec ut\u00e1hn\u011bte matice utahovac\u00edm momentem 220 N-m, aby byl syst\u00e9m bezpe\u010dn\u011b sestaven a p\u0159ipraven k pou\u017eit\u00ed.<\/li>\n<\/ul>\n<p>Dodr\u017eov\u00e1n\u00edm t\u011bchto pokyn\u016f <strong>Kolejnicov\u00fd klip CGWK<\/strong> syst\u00e9m bude instalov\u00e1n efektivn\u011b a poskytne spolehliv\u00e9 a trvanliv\u00e9 \u0159e\u0161en\u00ed pro zaji\u0161t\u011bn\u00ed je\u0159\u00e1bov\u00fdch kolejnic. D\u00edky p\u0159esn\u00e9 konstrukci, pou\u017eit\u00ed vysoce odoln\u00fdch materi\u00e1l\u016f a snadn\u00e9 instalaci je ide\u00e1ln\u00ed volbou pro n\u00e1ro\u010dn\u00e9 pr\u016fmyslov\u00e9 aplikace.<\/p>","protected":false},"excerpt":{"rendered":"<h6><span style=\"font-family: arial, helvetica, sans-serif; font-size: 14pt;\"><strong>Specifikace CGWK Rail Clip<\/strong><\/span><\/h6>\n<ul>\n<li><strong>Modely<\/strong>: CGWK38, CGWK43, CGWK50, CGWK60, CGWK70, CGWK80, CGWK100, CGWK120<\/li>\n<li><strong>Metoda upevn\u011bn\u00ed<\/strong>: Sva\u0159ovan\u00e1 z\u00e1kladn\u00ed deska<\/li>\n<\/ul>","protected":false},"featured_media":7094,"template":"","meta":{"_kad_post_transparent":"default","_kad_post_title":"","_kad_post_layout":"default","_kad_post_sidebar_id":"","_kad_post_content_style":"default","_kad_post_vertical_padding":"show","_kad_post_feature":"","_kad_post_feature_position":"","_kad_post_header":false,"_kad_post_footer":false},"product_brand":[],"product_cat":[83],"product_tag":[483,482,481,480,376,489,486,490,488,484,492,487,485,493,478,491,477,479],"class_list":{"0":"post-5524","1":"product","2":"type-product","3":"status-publish","4":"has-post-thumbnail","6":"product_cat-crane-rail-clip","7":"product_tag-05g525-rail-clip","8":"product_tag-cgbk-rail-clip","9":"product_tag-cgek-rail-clip","10":"product_tag-cgwk-rail-clip","11":"product_tag-china-crane-parts-supplier","12":"product_tag-crane-rail-clamp","13":"product_tag-crane-rail-clip","14":"product_tag-crane-rail-clip-supplier","15":"product_tag-crane-rail-fixing-device","16":"product_tag-hdgy-rail-clip","17":"product_tag-rail-connection-splint","18":"product_tag-rail-fixing-device","19":"product_tag-rail-joint","20":"product_tag-special-crane-spreader","21":"product_tag-swjk-rail-clip","22":"product_tag-tracks-jointing-plates","23":"product_tag-wjk-rail-clip","24":"product_tag-wjkc-rail-clip","26":"first","27":"instock","28":"shipping-taxable","29":"product-type-simple","30":"entry","31":"content-bg","32":"loop-entry"},"yoast_head":"<!-- This site is optimized with the Yoast SEO plugin v24.5 - https:\/\/yoast.com\/wordpress\/plugins\/seo\/ -->\n<title>CGWK Rail Clip - Rail fixing device- Rail Clamp-Crane Parts Manufacturer<\/title>\n<meta name=\"description\" content=\"Rail Clips,CGWK Rail Clip,Crane Rail Clips,Rail fixing device,Crane Rail fixing device,crane Rail Clamp,WJK Rail Clips,Overhead Crane Rail Clip\" \/>\n<meta name=\"robots\" content=\"index, follow, max-snippet:-1, max-image-preview:large, max-video-preview:-1\" \/>\n<link rel=\"canonical\" href=\"https:\/\/www.hnhlcranes.com\/cs\/produkt\/cgwk-kolejnicovy-klip\/\" \/>\n<meta property=\"og:locale\" content=\"cs_CZ\" \/>\n<meta property=\"og:type\" content=\"article\" \/>\n<meta property=\"og:title\" content=\"CGWK Rail Clip - Rail fixing device- Rail Clamp-Crane Parts Manufacturer\" \/>\n<meta property=\"og:description\" content=\"Rail Clips,CGWK Rail Clip,Crane Rail Clips,Rail fixing device,Crane Rail fixing device,crane Rail Clamp,WJK Rail Clips,Overhead Crane Rail Clip\" \/>\n<meta property=\"og:url\" content=\"https:\/\/www.hnhlcranes.com\/cs\/produkt\/cgwk-kolejnicovy-klip\/\" \/>\n<meta property=\"og:site_name\" content=\"Crane Parts Manufacturer\" \/>\n<meta property=\"article:modified_time\" content=\"2025-01-10T09:37:54+00:00\" \/>\n<meta property=\"og:image\" content=\"https:\/\/www.hnhlcranes.com\/wp-content\/uploads\/2024\/11\/CGWK-Rail-Clip.jpg\" \/>\n\t<meta property=\"og:image:width\" content=\"600\" \/>\n\t<meta property=\"og:image:height\" content=\"600\" \/>\n\t<meta property=\"og:image:type\" content=\"image\/jpeg\" \/>\n<meta name=\"twitter:card\" content=\"summary_large_image\" \/>\n<meta name=\"twitter:label1\" content=\"Odhadovan\u00e1 doba \u010dten\u00ed\" \/>\n\t<meta name=\"twitter:data1\" content=\"3 minuty\" \/>\n<script type=\"application\/ld+json\" class=\"yoast-schema-graph\">{\"@context\":\"https:\/\/schema.org\",\"@graph\":[{\"@type\":\"WebPage\",\"@id\":\"https:\/\/www.hnhlcranes.com\/product\/cgwk-rail-clip\/\",\"url\":\"https:\/\/www.hnhlcranes.com\/product\/cgwk-rail-clip\/\",\"name\":\"CGWK Rail Clip - Rail fixing device- Rail Clamp-Crane Parts Manufacturer\",\"isPartOf\":{\"@id\":\"https:\/\/www.hnhlcranes.com\/#website\"},\"primaryImageOfPage\":{\"@id\":\"https:\/\/www.hnhlcranes.com\/product\/cgwk-rail-clip\/#primaryimage\"},\"image\":{\"@id\":\"https:\/\/www.hnhlcranes.com\/product\/cgwk-rail-clip\/#primaryimage\"},\"thumbnailUrl\":\"https:\/\/www.hnhlcranes.com\/wp-content\/uploads\/2024\/11\/CGWK-Rail-Clip.jpg\",\"datePublished\":\"2024-11-29T13:45:30+00:00\",\"dateModified\":\"2025-01-10T09:37:54+00:00\",\"description\":\"Rail Clips,CGWK Rail Clip,Crane Rail Clips,Rail fixing device,Crane Rail fixing device,crane Rail Clamp,WJK Rail Clips,Overhead Crane Rail Clip\",\"breadcrumb\":{\"@id\":\"https:\/\/www.hnhlcranes.com\/product\/cgwk-rail-clip\/#breadcrumb\"},\"inLanguage\":\"cs\",\"potentialAction\":[{\"@type\":\"ReadAction\",\"target\":[\"https:\/\/www.hnhlcranes.com\/product\/cgwk-rail-clip\/\"]}]},{\"@type\":\"ImageObject\",\"inLanguage\":\"cs\",\"@id\":\"https:\/\/www.hnhlcranes.com\/product\/cgwk-rail-clip\/#primaryimage\",\"url\":\"https:\/\/www.hnhlcranes.com\/wp-content\/uploads\/2024\/11\/CGWK-Rail-Clip.jpg\",\"contentUrl\":\"https:\/\/www.hnhlcranes.com\/wp-content\/uploads\/2024\/11\/CGWK-Rail-Clip.jpg\",\"width\":600,\"height\":600},{\"@type\":\"BreadcrumbList\",\"@id\":\"https:\/\/www.hnhlcranes.com\/product\/cgwk-rail-clip\/#breadcrumb\",\"itemListElement\":[{\"@type\":\"ListItem\",\"position\":1,\"name\":\"home\",\"item\":\"https:\/\/www.hnhlcranes.com\/\"},{\"@type\":\"ListItem\",\"position\":2,\"name\":\"products\",\"item\":\"https:\/\/www.hnhlcranes.com\/products\/\"},{\"@type\":\"ListItem\",\"position\":3,\"name\":\"CGWK Rail Clip\"}]},{\"@type\":\"WebSite\",\"@id\":\"https:\/\/www.hnhlcranes.com\/#website\",\"url\":\"https:\/\/www.hnhlcranes.com\/\",\"name\":\"Crane Parts Manufacturer\",\"description\":\"Crane Wheels,Crane Drums,Crane Hooks,Crane Coupling,Crane End Carriage,Electric Hoist,European Crane Parts,Crane Rail Clip,Crane Spreader,Crane Motor,Crane Reducer,Crane Brake,Light Crane Parts,Workstation Crane Parts,Crane Electrical Parts,China Crane Parts Supplier,China Crane Parts Manufacturer,Angle box type crane wheel,45 degree split crane wheel,European crane wheel,Crane Wheel Blocks,Overhead crane drum,European crane drum,Overhead crane hook,European crane hook,Crane pulley block,Gear coupling,Brake wheel coupling,Drum gear coupling,Brake wheel drum gear coupling,Cardan Shaft Coupling,WZL drum coupling,Plum blossom elastic coupling,Brake wheel plum elastic coupling,European Single girder crane end carriage,European Double girder crane end carriage,European Suspension  crane end carriage,Wire Rope Electric Hoist,Electric Chain Hoist,European Single Girder Wire Rope Electric Hoist,European Double Girder Wire Rope Electric Hoist,Crane grab,Container spreader,Billet crane clamps,C-type hook,Lifting Electromagnet,YZR crane motor,YZP crane motor,ZQ Reducer,ZSC Reducer,QJ Reducer,QJ-L Reducer,QJY Reducer,H series gearbox,F Series Gear Motor,K Series Gear Motor,R Series Gear Motor,travelling machinery gear motor,Electro hydraulic drum brake,Electro hydraulic disc brake,Crane Safety brake,Crane cable trolley,Crane remote controller,Crane pendant controller,Crane electrical control cabinet,Crane limit switch,Crane sound and light alarm,Heavy Duty Aviation Connector,Crane overload limiter\",\"publisher\":{\"@id\":\"https:\/\/www.hnhlcranes.com\/#organization\"},\"potentialAction\":[{\"@type\":\"SearchAction\",\"target\":{\"@type\":\"EntryPoint\",\"urlTemplate\":\"https:\/\/www.hnhlcranes.com\/?s={search_term_string}\"},\"query-input\":{\"@type\":\"PropertyValueSpecification\",\"valueRequired\":true,\"valueName\":\"search_term_string\"}}],\"inLanguage\":\"cs\"},{\"@type\":\"Organization\",\"@id\":\"https:\/\/www.hnhlcranes.com\/#organization\",\"name\":\"Crane Parts Manufacturer\",\"url\":\"https:\/\/www.hnhlcranes.com\/\",\"logo\":{\"@type\":\"ImageObject\",\"inLanguage\":\"cs\",\"@id\":\"https:\/\/www.hnhlcranes.com\/#\/schema\/logo\/image\/\",\"url\":\"https:\/\/www.hnhlcranes.com\/wp-content\/uploads\/2025\/01\/HL-logo-1.png\",\"contentUrl\":\"https:\/\/www.hnhlcranes.com\/wp-content\/uploads\/2025\/01\/HL-logo-1.png\",\"width\":600,\"height\":169,\"caption\":\"Crane Parts Manufacturer\"},\"image\":{\"@id\":\"https:\/\/www.hnhlcranes.com\/#\/schema\/logo\/image\/\"}}]}<\/script>\n<!-- \/ Yoast SEO plugin. -->","yoast_head_json":{"title":"CGWK Rail Clip - Rail fixing device- Rail Clamp-Crane Parts Manufacturer","description":"Rail Clips,CGWK Rail Clip,Crane Rail Clips,Rail fixing device,Crane Rail fixing device,crane Rail Clamp,WJK Rail Clips,Overhead Crane Rail Clip","robots":{"index":"index","follow":"follow","max-snippet":"max-snippet:-1","max-image-preview":"max-image-preview:large","max-video-preview":"max-video-preview:-1"},"canonical":"https:\/\/www.hnhlcranes.com\/cs\/produkt\/cgwk-kolejnicovy-klip\/","og_locale":"cs_CZ","og_type":"article","og_title":"CGWK Rail Clip - Rail fixing device- Rail Clamp-Crane Parts Manufacturer","og_description":"Rail Clips,CGWK Rail Clip,Crane Rail Clips,Rail fixing device,Crane Rail fixing device,crane Rail Clamp,WJK Rail Clips,Overhead Crane Rail Clip","og_url":"https:\/\/www.hnhlcranes.com\/cs\/produkt\/cgwk-kolejnicovy-klip\/","og_site_name":"Crane Parts Manufacturer","article_modified_time":"2025-01-10T09:37:54+00:00","og_image":[{"width":600,"height":600,"url":"https:\/\/www.hnhlcranes.com\/wp-content\/uploads\/2024\/11\/CGWK-Rail-Clip.jpg","type":"image\/jpeg"}],"twitter_card":"summary_large_image","twitter_misc":{"Odhadovan\u00e1 doba \u010dten\u00ed":"3 minuty"},"schema":{"@context":"https:\/\/schema.org","@graph":[{"@type":"WebPage","@id":"https:\/\/www.hnhlcranes.com\/product\/cgwk-rail-clip\/","url":"https:\/\/www.hnhlcranes.com\/product\/cgwk-rail-clip\/","name":"CGWK Rail Clip - Rail fixing device- Rail Clamp-Crane Parts Manufacturer","isPartOf":{"@id":"https:\/\/www.hnhlcranes.com\/#website"},"primaryImageOfPage":{"@id":"https:\/\/www.hnhlcranes.com\/product\/cgwk-rail-clip\/#primaryimage"},"image":{"@id":"https:\/\/www.hnhlcranes.com\/product\/cgwk-rail-clip\/#primaryimage"},"thumbnailUrl":"https:\/\/www.hnhlcranes.com\/wp-content\/uploads\/2024\/11\/CGWK-Rail-Clip.jpg","datePublished":"2024-11-29T13:45:30+00:00","dateModified":"2025-01-10T09:37:54+00:00","description":"Rail Clips,CGWK Rail Clip,Crane Rail Clips,Rail fixing device,Crane Rail fixing device,crane Rail Clamp,WJK Rail Clips,Overhead Crane Rail Clip","breadcrumb":{"@id":"https:\/\/www.hnhlcranes.com\/product\/cgwk-rail-clip\/#breadcrumb"},"inLanguage":"cs","potentialAction":[{"@type":"ReadAction","target":["https:\/\/www.hnhlcranes.com\/product\/cgwk-rail-clip\/"]}]},{"@type":"ImageObject","inLanguage":"cs","@id":"https:\/\/www.hnhlcranes.com\/product\/cgwk-rail-clip\/#primaryimage","url":"https:\/\/www.hnhlcranes.com\/wp-content\/uploads\/2024\/11\/CGWK-Rail-Clip.jpg","contentUrl":"https:\/\/www.hnhlcranes.com\/wp-content\/uploads\/2024\/11\/CGWK-Rail-Clip.jpg","width":600,"height":600},{"@type":"BreadcrumbList","@id":"https:\/\/www.hnhlcranes.com\/product\/cgwk-rail-clip\/#breadcrumb","itemListElement":[{"@type":"ListItem","position":1,"name":"home","item":"https:\/\/www.hnhlcranes.com\/"},{"@type":"ListItem","position":2,"name":"products","item":"https:\/\/www.hnhlcranes.com\/products\/"},{"@type":"ListItem","position":3,"name":"CGWK Rail Clip"}]},{"@type":"WebSite","@id":"https:\/\/www.hnhlcranes.com\/#website","url":"https:\/\/www.hnhlcranes.com\/","name":"Crane Parts Manufacturer","description":"Crane Wheels,Crane Drums,Crane Hooks,Crane Coupling,Crane End Carriage,Electric Hoist,European Crane Parts,Crane Rail Clip,Crane Spreader,Crane Motor,Crane Reducer,Crane Brake,Light Crane Parts,Workstation Crane Parts,Crane Electrical Parts,China Crane Parts Supplier,China Crane Parts Manufacturer,Angle box type crane wheel,45 degree split crane wheel,European crane wheel,Crane Wheel Blocks,Overhead crane drum,European crane drum,Overhead crane hook,European crane hook,Crane pulley block,Gear coupling,Brake wheel coupling,Drum gear coupling,Brake wheel drum gear coupling,Cardan Shaft Coupling,WZL drum coupling,Plum blossom elastic coupling,Brake wheel plum elastic coupling,European Single girder crane end carriage,European Double girder crane end carriage,European Suspension  crane end carriage,Wire Rope Electric Hoist,Electric Chain Hoist,European Single Girder Wire Rope Electric Hoist,European Double Girder Wire Rope Electric Hoist,Crane grab,Container spreader,Billet crane clamps,C-type hook,Lifting Electromagnet,YZR crane motor,YZP crane motor,ZQ Reducer,ZSC Reducer,QJ Reducer,QJ-L Reducer,QJY Reducer,H series gearbox,F Series Gear Motor,K Series Gear Motor,R Series Gear Motor,travelling machinery gear motor,Electro hydraulic drum brake,Electro hydraulic disc brake,Crane Safety brake,Crane cable trolley,Crane remote controller,Crane pendant controller,Crane electrical control cabinet,Crane limit switch,Crane sound and light alarm,Heavy Duty Aviation Connector,Crane overload limiter","publisher":{"@id":"https:\/\/www.hnhlcranes.com\/#organization"},"potentialAction":[{"@type":"SearchAction","target":{"@type":"EntryPoint","urlTemplate":"https:\/\/www.hnhlcranes.com\/?s={search_term_string}"},"query-input":{"@type":"PropertyValueSpecification","valueRequired":true,"valueName":"search_term_string"}}],"inLanguage":"cs"},{"@type":"Organization","@id":"https:\/\/www.hnhlcranes.com\/#organization","name":"Crane Parts Manufacturer","url":"https:\/\/www.hnhlcranes.com\/","logo":{"@type":"ImageObject","inLanguage":"cs","@id":"https:\/\/www.hnhlcranes.com\/#\/schema\/logo\/image\/","url":"https:\/\/www.hnhlcranes.com\/wp-content\/uploads\/2025\/01\/HL-logo-1.png","contentUrl":"https:\/\/www.hnhlcranes.com\/wp-content\/uploads\/2025\/01\/HL-logo-1.png","width":600,"height":169,"caption":"Crane Parts Manufacturer"},"image":{"@id":"https:\/\/www.hnhlcranes.com\/#\/schema\/logo\/image\/"}}]}},"_links":{"self":[{"href":"https:\/\/www.hnhlcranes.com\/cs\/wp-json\/wp\/v2\/product\/5524","targetHints":{"allow":["GET"]}}],"collection":[{"href":"https:\/\/www.hnhlcranes.com\/cs\/wp-json\/wp\/v2\/product"}],"about":[{"href":"https:\/\/www.hnhlcranes.com\/cs\/wp-json\/wp\/v2\/types\/product"}],"version-history":[{"count":5,"href":"https:\/\/www.hnhlcranes.com\/cs\/wp-json\/wp\/v2\/product\/5524\/revisions"}],"predecessor-version":[{"id":7194,"href":"https:\/\/www.hnhlcranes.com\/cs\/wp-json\/wp\/v2\/product\/5524\/revisions\/7194"}],"wp:featuredmedia":[{"embeddable":true,"href":"https:\/\/www.hnhlcranes.com\/cs\/wp-json\/wp\/v2\/media\/7094"}],"wp:attachment":[{"href":"https:\/\/www.hnhlcranes.com\/cs\/wp-json\/wp\/v2\/media?parent=5524"}],"wp:term":[{"taxonomy":"product_brand","embeddable":true,"href":"https:\/\/www.hnhlcranes.com\/cs\/wp-json\/wp\/v2\/product_brand?post=5524"},{"taxonomy":"product_cat","embeddable":true,"href":"https:\/\/www.hnhlcranes.com\/cs\/wp-json\/wp\/v2\/product_cat?post=5524"},{"taxonomy":"product_tag","embeddable":true,"href":"https:\/\/www.hnhlcranes.com\/cs\/wp-json\/wp\/v2\/product_tag?post=5524"}],"curies":[{"name":"wp","href":"https:\/\/api.w.org\/{rel}","templated":true}]}}