{"id":5544,"date":"2024-11-29T22:40:44","date_gmt":"2024-11-29T14:40:44","guid":{"rendered":"https:\/\/www.hnhlcranes.com\/?post_type=product&#038;p=5544"},"modified":"2025-01-10T18:14:36","modified_gmt":"2025-01-10T10:14:36","slug":"klip-na-kolejnici-hdgy","status":"publish","type":"product","link":"https:\/\/www.hnhlcranes.com\/cs\/produkt\/klip-na-kolejnici-hdgy\/","title":{"rendered":"HDGY kolejnicov\u00e1 spona"},"content":{"rendered":"<h3><strong>Vlastnosti HDGY Rail Clip<\/strong><\/h3>\n<h4><strong>Pru\u017en\u00e1 fixace a sn\u00ed\u017een\u00e9 opot\u0159eben\u00ed<\/strong><\/h4>\n<p>Na str\u00e1nk\u00e1ch <strong>Kolejnicov\u00e1 spona HDGY<\/strong> je speci\u00e1ln\u011b navr\u017een pro pru\u017en\u00e9 upevn\u011bn\u00ed kolejnic k betonov\u00fdm je\u0159\u00e1bov\u00fdm nosn\u00edk\u016fm. Tato konstrukce sni\u017euje opot\u0159eben\u00ed hlavy kolejnice, minimalizuje dopad na je\u0159\u00e1bov\u00fd nosn\u00edk, sni\u017euje opot\u0159eben\u00ed p\u0159\u00edruby je\u0159\u00e1bov\u00e9ho kola a sni\u017euje hladinu hluku. V\u00fdsledkem je, \u017ee syst\u00e9m zvy\u0161uje \u017eivotnost i efektivitu je\u0159\u00e1bov\u00fdch operac\u00ed.<\/p>\n<h4><strong>Zv\u00fd\u0161en\u00e1 stabilita d\u00edky pru\u017en\u00e9 kompozitn\u00ed gumov\u00e9 podlo\u017ece<\/strong><\/h4>\n<p>D\u00edky tomu, \u017ee mezi kolejnici a nosn\u00edk je\u0159\u00e1bu je vlo\u017eena pru\u017en\u00e1 kompozitn\u00ed pry\u017eov\u00e1 podlo\u017eka, zvy\u0161uje kolejnicov\u00e1 spona HDGY v\u00fdrazn\u011b t\u0159en\u00ed a zabra\u0148uje pohybu kolejnice. Tato vlastnost nav\u00edc eliminuje nebo minimalizuje nerovnom\u011brn\u00e9 mezery po cel\u00e9 d\u00e9lce kolejnice, co\u017e vede k lep\u0161\u00edmu rozlo\u017een\u00ed nap\u011bt\u00ed \u0161roub\u016f na up\u00ednac\u00edch desk\u00e1ch a d\u00e1le zvy\u0161uje celkovou stabilitu syst\u00e9mu.<\/p>\n<h4><strong>Optim\u00e1ln\u00ed rozlo\u017een\u00ed nap\u011bt\u00ed<\/strong><\/h4>\n<p>Pry\u017eov\u00e1 podlo\u017eka m\u00e1 m\u00edrn\u011b vypoukl\u00fd pr\u016f\u0159ez, kter\u00fd zaji\u0161\u0165uje racion\u00e1ln\u00ed rozlo\u017een\u00ed nap\u011bt\u00ed. Mal\u00e9 obd\u00e9ln\u00edkov\u00e9 h\u0159ebeny na podlo\u017ece nav\u00edc zlep\u0161uj\u00ed jej\u00ed kontakt s kolejnic\u00ed, zvy\u0161uj\u00ed jej\u00ed pru\u017enost a zaji\u0161\u0165uj\u00ed \u00fa\u010dinn\u00e9 tlumen\u00ed vibrac\u00ed, co\u017e v kone\u010dn\u00e9m d\u016fsledku p\u0159isp\u00edv\u00e1 k plynulej\u0161\u00edmu provozu a ni\u017e\u0161\u00edmu opot\u0159eben\u00ed.<\/p>\n<h4><strong>Odoln\u00fd design<\/strong><\/h4>\n<p>Pry\u017eov\u00e1 podlo\u017eka m\u00e1 obd\u00e9ln\u00edkov\u00e9 dr\u00e1\u017eky, kter\u00e9 minimalizuj\u00ed bo\u010dn\u00ed deformaci p\u0159i nam\u00e1h\u00e1n\u00ed a sni\u017euj\u00ed po\u0161kozen\u00ed povrchu v d\u016fsledku stla\u010den\u00ed. D\u00edky o\u0161et\u0159en\u00e9 ocelov\u00e9 v\u00fdztuze je nav\u00edc konstrukce kolejnicov\u00e9 spony HDGY vysoce odoln\u00e1 a zachov\u00e1v\u00e1 si vynikaj\u00edc\u00ed v\u00fdkon i po 2 milionech \u00fanavov\u00fdch cykl\u016f, co\u017e zaji\u0161\u0165uje dlouhodobou spolehlivost.<\/p>\n<h4><strong>Bezpe\u010dn\u00e9 a symetrick\u00e9 up\u00ednac\u00ed desky<\/strong><\/h4>\n<p>Sv\u011brn\u00e9 desky jsou bezpe\u010dn\u011b p\u0159ipevn\u011bny k nosn\u00edku je\u0159\u00e1bu, tak\u017ee jsou odoln\u00e9 proti uvoln\u011bn\u00ed a minimalizuj\u00ed opot\u0159eben\u00ed nosn\u00edku je\u0159\u00e1bu. Symetrick\u00e1 konstrukce up\u00ednac\u00edch desek vytv\u00e1\u0159\u00ed v pr\u016f\u0159ezu kl\u00ednovitou strukturu, kter\u00e1 \u00fa\u010dinn\u011b omezuje bo\u010dn\u00ed posun kolejnic, co\u017e zaji\u0161\u0165uje stabilitu p\u0159i provozu je\u0159\u00e1bu.<\/p>\n<h4><strong>Nastavitelnost pro instalaci a \u00fadr\u017ebu<\/strong><\/h4>\n<p>Pro zjednodu\u0161en\u00ed instalace a \u00fadr\u017eby umo\u017e\u0148uj\u00ed eliptick\u00e9 dr\u00e1\u017eky v up\u00ednac\u00ed desce bo\u010dn\u00ed nastaven\u00ed. Krom\u011b toho \u0161ikm\u00e9 otvory spojen\u00e9 s protiskluzov\u00fdmi bloky zabra\u0148uj\u00ed pohybu svorky a usnad\u0148uj\u00ed bo\u010dn\u00ed vyrovn\u00e1n\u00ed b\u011bhem instalace nebo \u00fadr\u017eby, \u010d\u00edm\u017e zaji\u0161\u0165uj\u00ed p\u0159esn\u00e9 nastaven\u00ed a snadnou manipulaci.<\/p>\n<h4><strong>Tolerance pro pohyb kolejnic<\/strong><\/h4>\n<p>Syst\u00e9m je navr\u017een tak, aby se p\u0159izp\u016fsobil m\u00edrn\u00fdm pohyb\u016fm kolejnic b\u011bhem provozu je\u0159\u00e1bu. T\u00edm je zaji\u0161t\u011bna flexibilita, ani\u017e by byla ohro\u017eena stabilita, co\u017e umo\u017e\u0148uje efektivn\u00ed pohyb p\u0159i zachov\u00e1n\u00ed integrity kolejnicov\u00e9ho a je\u0159\u00e1bov\u00e9ho syst\u00e9mu.<\/p>\n<h3><strong>Instala\u010dn\u00ed kroky pro HDGY Rail Clip<\/strong><\/h3>\n<h4><strong>Um\u00edst\u011bn\u00ed gumov\u00e9 podlo\u017eky<\/strong><\/h4>\n<p>Nejprve um\u00edst\u011bte gumovou podlo\u017eku s obd\u00e9ln\u00edkov\u00fdmi h\u0159ebeny a dr\u00e1\u017ekami rovnob\u011b\u017en\u011b s kolejnic\u00ed a um\u00edst\u011bte ji pod ni. Ujist\u011bte se, \u017ee je podlo\u017eka kolm\u00e1 na osu kolejnice a spr\u00e1vn\u011b um\u00edst\u011bn\u00e1 vzhledem k \u0161roub\u016fm na obou stran\u00e1ch. T\u00edm zajist\u00edte p\u0159esn\u00e9 um\u00edst\u011bn\u00ed a vyrovn\u00e1n\u00ed pro optim\u00e1ln\u00ed v\u00fdkon.<\/p>\n<h4><strong>P\u0159\u00edprava z\u00e1kladn\u00ed vrstvy<\/strong><\/h4>\n<p>P\u0159ed polo\u017een\u00edm pry\u017eov\u00e9 podlo\u017eky na betonov\u00fd podklad d\u016fkladn\u011b o\u010dist\u011bte povrch, abyste odstranili ve\u0161ker\u00e9 ne\u010distoty. Tento krok je nezbytn\u00fd k zaji\u0161t\u011bn\u00ed toho, aby nedo\u0161lo k \u017e\u00e1dn\u00e9mu zne\u010di\u0161t\u011bn\u00ed, kter\u00e9 by mohlo sn\u00ed\u017eit v\u00fdkonnost syst\u00e9mu.<\/p>\n<h4><strong>Mont\u00e1\u017e up\u00ednac\u00ed desky<\/strong><\/h4>\n<p>P\u0159i mont\u00e1\u017ei postupujte podle n\u00e1sleduj\u00edc\u00edch krok\u016f:<\/p>\n<ul>\n<li>Vlo\u017ete \u0161rouby do p\u0159edvrtan\u00fdch otvor\u016f v \u017eelezobetonov\u00e9m je\u0159\u00e1bov\u00e9m nosn\u00edku.<\/li>\n<li>Um\u00edst\u011bte t\u011blo up\u00ednac\u00ed desky na z\u00e1kladnu.<\/li>\n<li>Pro zv\u00fd\u0161en\u00ed stability p\u0159idejte protiskluzov\u00fd blok mal\u00fdm koncem sm\u011brem ke kolejnici.<\/li>\n<li>Nasa\u010fte pru\u017enou podlo\u017eku a matici a sestavu p\u0159edepn\u011bte.<\/li>\n<li>Nastavte up\u00ednac\u00ed desku tak, aby t\u011bsn\u011b p\u0159il\u00e9hala k okraji kolejnice.<\/li>\n<li>Nakonec pln\u011b ut\u00e1hn\u011bte \u0161rouby, aby byly sou\u010d\u00e1sti zaji\u0161t\u011bny na sv\u00e9m m\u00edst\u011b.<\/li>\n<\/ul>\n<h4><strong>Vyrovn\u00e1n\u00ed up\u00ednac\u00ed desky<\/strong><\/h4>\n<p>Ujist\u011bte se, \u017ee osa up\u00ednac\u00ed desky je kolm\u00e1 na osu kolejnice bez zkosen\u00ed. Tento krok zaru\u010duje, \u017ee up\u00ednac\u00ed deska je spr\u00e1vn\u011b zarovnan\u00e1 pro optim\u00e1ln\u00ed upevn\u011bn\u00ed kolejnice a celkovou v\u00fdkonnost syst\u00e9mu.<\/p>","protected":false},"excerpt":{"rendered":"<h6><span style=\"font-family: arial, helvetica, sans-serif; font-size: 14pt;\"><strong>Specifikace HDGY Rail Clip<\/strong><\/span><\/h6>\n<ul>\n<li><strong>Modely:<\/strong> HDGY24, HDGY38A, HDGY38B, HDGY43, HDGY50, HDGY70, HDGY80, HDGY100, HDGY120<\/li>\n<li><strong>Zp\u016fsob upevn\u011bn\u00ed:<\/strong> Upevn\u011bn\u00ed \u0161roub\u016f<\/li>\n<\/ul>","protected":false},"featured_media":7117,"template":"","meta":{"_kad_post_transparent":"default","_kad_post_title":"","_kad_post_layout":"default","_kad_post_sidebar_id":"","_kad_post_content_style":"default","_kad_post_vertical_padding":"show","_kad_post_feature":"","_kad_post_feature_position":"","_kad_post_header":false,"_kad_post_footer":false},"product_brand":[],"product_cat":[83],"product_tag":[483,482,481,480,376,489,486,490,488,484,492,487,485,493,478,491,477,479],"class_list":{"0":"post-5544","1":"product","2":"type-product","3":"status-publish","4":"has-post-thumbnail","6":"product_cat-crane-rail-clip","7":"product_tag-05g525-rail-clip","8":"product_tag-cgbk-rail-clip","9":"product_tag-cgek-rail-clip","10":"product_tag-cgwk-rail-clip","11":"product_tag-china-crane-parts-supplier","12":"product_tag-crane-rail-clamp","13":"product_tag-crane-rail-clip","14":"product_tag-crane-rail-clip-supplier","15":"product_tag-crane-rail-fixing-device","16":"product_tag-hdgy-rail-clip","17":"product_tag-rail-connection-splint","18":"product_tag-rail-fixing-device","19":"product_tag-rail-joint","20":"product_tag-special-crane-spreader","21":"product_tag-swjk-rail-clip","22":"product_tag-tracks-jointing-plates","23":"product_tag-wjk-rail-clip","24":"product_tag-wjkc-rail-clip","26":"first","27":"instock","28":"shipping-taxable","29":"product-type-simple","30":"entry","31":"content-bg","32":"loop-entry"},"yoast_head":"<!-- This site is optimized with the Yoast SEO plugin v24.5 - https:\/\/yoast.com\/wordpress\/plugins\/seo\/ -->\n<title>HDGY Rail Clip - Crane Rail fixing device-crane Rail Clamp- Crane Parts Manufacturer<\/title>\n<meta name=\"description\" content=\"Rail Clips,HDGY Rail Clip,Crane Rail Clips,Rail fixing device,Crane Rail fixing device,crane Rail Clamp,WJK Rail Clips,Overhead Crane Rail Clip\" \/>\n<meta name=\"robots\" content=\"index, follow, max-snippet:-1, max-image-preview:large, max-video-preview:-1\" \/>\n<link rel=\"canonical\" href=\"https:\/\/www.hnhlcranes.com\/cs\/produkt\/klip-na-kolejnici-hdgy\/\" \/>\n<meta property=\"og:locale\" content=\"cs_CZ\" \/>\n<meta property=\"og:type\" content=\"article\" \/>\n<meta property=\"og:title\" content=\"HDGY Rail Clip - Crane Rail fixing device-crane Rail Clamp- Crane Parts Manufacturer\" \/>\n<meta property=\"og:description\" content=\"Rail Clips,HDGY Rail Clip,Crane Rail Clips,Rail fixing device,Crane Rail fixing device,crane Rail Clamp,WJK Rail Clips,Overhead Crane Rail Clip\" \/>\n<meta property=\"og:url\" content=\"https:\/\/www.hnhlcranes.com\/cs\/produkt\/klip-na-kolejnici-hdgy\/\" \/>\n<meta property=\"og:site_name\" content=\"Crane Parts Manufacturer\" \/>\n<meta property=\"article:modified_time\" content=\"2025-01-10T10:14:36+00:00\" \/>\n<meta property=\"og:image\" content=\"https:\/\/www.hnhlcranes.com\/wp-content\/uploads\/2024\/11\/HDGY-Rail-Clip.jpg\" \/>\n\t<meta property=\"og:image:width\" content=\"600\" \/>\n\t<meta property=\"og:image:height\" content=\"600\" \/>\n\t<meta property=\"og:image:type\" content=\"image\/jpeg\" \/>\n<meta name=\"twitter:card\" content=\"summary_large_image\" \/>\n<meta name=\"twitter:label1\" content=\"Odhadovan\u00e1 doba \u010dten\u00ed\" \/>\n\t<meta name=\"twitter:data1\" content=\"3 minuty\" \/>\n<script type=\"application\/ld+json\" class=\"yoast-schema-graph\">{\"@context\":\"https:\/\/schema.org\",\"@graph\":[{\"@type\":\"WebPage\",\"@id\":\"https:\/\/www.hnhlcranes.com\/product\/hdgy-rail-clip\/\",\"url\":\"https:\/\/www.hnhlcranes.com\/product\/hdgy-rail-clip\/\",\"name\":\"HDGY Rail Clip - Crane Rail fixing device-crane Rail Clamp- Crane Parts Manufacturer\",\"isPartOf\":{\"@id\":\"https:\/\/www.hnhlcranes.com\/#website\"},\"primaryImageOfPage\":{\"@id\":\"https:\/\/www.hnhlcranes.com\/product\/hdgy-rail-clip\/#primaryimage\"},\"image\":{\"@id\":\"https:\/\/www.hnhlcranes.com\/product\/hdgy-rail-clip\/#primaryimage\"},\"thumbnailUrl\":\"https:\/\/www.hnhlcranes.com\/wp-content\/uploads\/2024\/11\/HDGY-Rail-Clip.jpg\",\"datePublished\":\"2024-11-29T14:40:44+00:00\",\"dateModified\":\"2025-01-10T10:14:36+00:00\",\"description\":\"Rail Clips,HDGY Rail Clip,Crane Rail Clips,Rail fixing device,Crane Rail fixing device,crane Rail Clamp,WJK Rail Clips,Overhead Crane Rail Clip\",\"breadcrumb\":{\"@id\":\"https:\/\/www.hnhlcranes.com\/product\/hdgy-rail-clip\/#breadcrumb\"},\"inLanguage\":\"cs\",\"potentialAction\":[{\"@type\":\"ReadAction\",\"target\":[\"https:\/\/www.hnhlcranes.com\/product\/hdgy-rail-clip\/\"]}]},{\"@type\":\"ImageObject\",\"inLanguage\":\"cs\",\"@id\":\"https:\/\/www.hnhlcranes.com\/product\/hdgy-rail-clip\/#primaryimage\",\"url\":\"https:\/\/www.hnhlcranes.com\/wp-content\/uploads\/2024\/11\/HDGY-Rail-Clip.jpg\",\"contentUrl\":\"https:\/\/www.hnhlcranes.com\/wp-content\/uploads\/2024\/11\/HDGY-Rail-Clip.jpg\",\"width\":600,\"height\":600},{\"@type\":\"BreadcrumbList\",\"@id\":\"https:\/\/www.hnhlcranes.com\/product\/hdgy-rail-clip\/#breadcrumb\",\"itemListElement\":[{\"@type\":\"ListItem\",\"position\":1,\"name\":\"home\",\"item\":\"https:\/\/www.hnhlcranes.com\/\"},{\"@type\":\"ListItem\",\"position\":2,\"name\":\"products\",\"item\":\"https:\/\/www.hnhlcranes.com\/products\/\"},{\"@type\":\"ListItem\",\"position\":3,\"name\":\"HDGY Rail Clip\"}]},{\"@type\":\"WebSite\",\"@id\":\"https:\/\/www.hnhlcranes.com\/#website\",\"url\":\"https:\/\/www.hnhlcranes.com\/\",\"name\":\"Crane Parts Manufacturer\",\"description\":\"Crane Wheels,Crane Drums,Crane Hooks,Crane Coupling,Crane End Carriage,Electric Hoist,European Crane Parts,Crane Rail Clip,Crane Spreader,Crane Motor,Crane Reducer,Crane Brake,Light Crane Parts,Workstation Crane Parts,Crane Electrical Parts,China Crane Parts Supplier,China Crane Parts Manufacturer,Angle box type crane wheel,45 degree split crane wheel,European crane wheel,Crane Wheel Blocks,Overhead crane drum,European crane drum,Overhead crane hook,European crane hook,Crane pulley block,Gear coupling,Brake wheel coupling,Drum gear coupling,Brake wheel drum gear coupling,Cardan Shaft Coupling,WZL drum coupling,Plum blossom elastic coupling,Brake wheel plum elastic coupling,European Single girder crane end carriage,European Double girder crane end carriage,European Suspension  crane end carriage,Wire Rope Electric Hoist,Electric Chain Hoist,European Single Girder Wire Rope Electric Hoist,European Double Girder Wire Rope Electric Hoist,Crane grab,Container spreader,Billet crane clamps,C-type hook,Lifting Electromagnet,YZR crane motor,YZP crane motor,ZQ Reducer,ZSC Reducer,QJ Reducer,QJ-L Reducer,QJY Reducer,H series gearbox,F Series Gear Motor,K Series Gear Motor,R Series Gear Motor,travelling machinery gear motor,Electro hydraulic drum brake,Electro hydraulic disc brake,Crane Safety brake,Crane cable trolley,Crane remote controller,Crane pendant controller,Crane electrical control cabinet,Crane limit switch,Crane sound and light alarm,Heavy Duty Aviation Connector,Crane overload limiter\",\"publisher\":{\"@id\":\"https:\/\/www.hnhlcranes.com\/#organization\"},\"potentialAction\":[{\"@type\":\"SearchAction\",\"target\":{\"@type\":\"EntryPoint\",\"urlTemplate\":\"https:\/\/www.hnhlcranes.com\/?s={search_term_string}\"},\"query-input\":{\"@type\":\"PropertyValueSpecification\",\"valueRequired\":true,\"valueName\":\"search_term_string\"}}],\"inLanguage\":\"cs\"},{\"@type\":\"Organization\",\"@id\":\"https:\/\/www.hnhlcranes.com\/#organization\",\"name\":\"Crane Parts Manufacturer\",\"url\":\"https:\/\/www.hnhlcranes.com\/\",\"logo\":{\"@type\":\"ImageObject\",\"inLanguage\":\"cs\",\"@id\":\"https:\/\/www.hnhlcranes.com\/#\/schema\/logo\/image\/\",\"url\":\"https:\/\/www.hnhlcranes.com\/wp-content\/uploads\/2025\/01\/HL-logo-1.png\",\"contentUrl\":\"https:\/\/www.hnhlcranes.com\/wp-content\/uploads\/2025\/01\/HL-logo-1.png\",\"width\":600,\"height\":169,\"caption\":\"Crane Parts Manufacturer\"},\"image\":{\"@id\":\"https:\/\/www.hnhlcranes.com\/#\/schema\/logo\/image\/\"}}]}<\/script>\n<!-- \/ Yoast SEO plugin. -->","yoast_head_json":{"title":"HDGY Rail Clip - Crane Rail fixing device-crane Rail Clamp- Crane Parts Manufacturer","description":"Rail Clips,HDGY Rail Clip,Crane Rail Clips,Rail fixing device,Crane Rail fixing device,crane Rail Clamp,WJK Rail Clips,Overhead Crane Rail Clip","robots":{"index":"index","follow":"follow","max-snippet":"max-snippet:-1","max-image-preview":"max-image-preview:large","max-video-preview":"max-video-preview:-1"},"canonical":"https:\/\/www.hnhlcranes.com\/cs\/produkt\/klip-na-kolejnici-hdgy\/","og_locale":"cs_CZ","og_type":"article","og_title":"HDGY Rail Clip - Crane Rail fixing device-crane Rail Clamp- Crane Parts Manufacturer","og_description":"Rail Clips,HDGY Rail Clip,Crane Rail Clips,Rail fixing device,Crane Rail fixing device,crane Rail Clamp,WJK Rail Clips,Overhead Crane Rail Clip","og_url":"https:\/\/www.hnhlcranes.com\/cs\/produkt\/klip-na-kolejnici-hdgy\/","og_site_name":"Crane Parts Manufacturer","article_modified_time":"2025-01-10T10:14:36+00:00","og_image":[{"width":600,"height":600,"url":"https:\/\/www.hnhlcranes.com\/wp-content\/uploads\/2024\/11\/HDGY-Rail-Clip.jpg","type":"image\/jpeg"}],"twitter_card":"summary_large_image","twitter_misc":{"Odhadovan\u00e1 doba \u010dten\u00ed":"3 minuty"},"schema":{"@context":"https:\/\/schema.org","@graph":[{"@type":"WebPage","@id":"https:\/\/www.hnhlcranes.com\/product\/hdgy-rail-clip\/","url":"https:\/\/www.hnhlcranes.com\/product\/hdgy-rail-clip\/","name":"HDGY Rail Clip - Crane Rail fixing device-crane Rail Clamp- Crane Parts Manufacturer","isPartOf":{"@id":"https:\/\/www.hnhlcranes.com\/#website"},"primaryImageOfPage":{"@id":"https:\/\/www.hnhlcranes.com\/product\/hdgy-rail-clip\/#primaryimage"},"image":{"@id":"https:\/\/www.hnhlcranes.com\/product\/hdgy-rail-clip\/#primaryimage"},"thumbnailUrl":"https:\/\/www.hnhlcranes.com\/wp-content\/uploads\/2024\/11\/HDGY-Rail-Clip.jpg","datePublished":"2024-11-29T14:40:44+00:00","dateModified":"2025-01-10T10:14:36+00:00","description":"Rail Clips,HDGY Rail Clip,Crane Rail Clips,Rail fixing device,Crane Rail fixing device,crane Rail Clamp,WJK Rail Clips,Overhead Crane Rail Clip","breadcrumb":{"@id":"https:\/\/www.hnhlcranes.com\/product\/hdgy-rail-clip\/#breadcrumb"},"inLanguage":"cs","potentialAction":[{"@type":"ReadAction","target":["https:\/\/www.hnhlcranes.com\/product\/hdgy-rail-clip\/"]}]},{"@type":"ImageObject","inLanguage":"cs","@id":"https:\/\/www.hnhlcranes.com\/product\/hdgy-rail-clip\/#primaryimage","url":"https:\/\/www.hnhlcranes.com\/wp-content\/uploads\/2024\/11\/HDGY-Rail-Clip.jpg","contentUrl":"https:\/\/www.hnhlcranes.com\/wp-content\/uploads\/2024\/11\/HDGY-Rail-Clip.jpg","width":600,"height":600},{"@type":"BreadcrumbList","@id":"https:\/\/www.hnhlcranes.com\/product\/hdgy-rail-clip\/#breadcrumb","itemListElement":[{"@type":"ListItem","position":1,"name":"home","item":"https:\/\/www.hnhlcranes.com\/"},{"@type":"ListItem","position":2,"name":"products","item":"https:\/\/www.hnhlcranes.com\/products\/"},{"@type":"ListItem","position":3,"name":"HDGY Rail Clip"}]},{"@type":"WebSite","@id":"https:\/\/www.hnhlcranes.com\/#website","url":"https:\/\/www.hnhlcranes.com\/","name":"Crane Parts Manufacturer","description":"Crane Wheels,Crane Drums,Crane Hooks,Crane Coupling,Crane End Carriage,Electric Hoist,European Crane Parts,Crane Rail Clip,Crane Spreader,Crane Motor,Crane Reducer,Crane Brake,Light Crane Parts,Workstation Crane Parts,Crane Electrical Parts,China Crane Parts Supplier,China Crane Parts Manufacturer,Angle box type crane wheel,45 degree split crane wheel,European crane wheel,Crane Wheel Blocks,Overhead crane drum,European crane drum,Overhead crane hook,European crane hook,Crane pulley block,Gear coupling,Brake wheel coupling,Drum gear coupling,Brake wheel drum gear coupling,Cardan Shaft Coupling,WZL drum coupling,Plum blossom elastic coupling,Brake wheel plum elastic coupling,European Single girder crane end carriage,European Double girder crane end carriage,European Suspension  crane end carriage,Wire Rope Electric Hoist,Electric Chain Hoist,European Single Girder Wire Rope Electric Hoist,European Double Girder Wire Rope Electric Hoist,Crane grab,Container spreader,Billet crane clamps,C-type hook,Lifting Electromagnet,YZR crane motor,YZP crane motor,ZQ Reducer,ZSC Reducer,QJ Reducer,QJ-L Reducer,QJY Reducer,H series gearbox,F Series Gear Motor,K Series Gear Motor,R Series Gear Motor,travelling machinery gear motor,Electro hydraulic drum brake,Electro hydraulic disc brake,Crane Safety brake,Crane cable trolley,Crane remote controller,Crane pendant controller,Crane electrical control cabinet,Crane limit switch,Crane sound and light alarm,Heavy Duty Aviation Connector,Crane overload limiter","publisher":{"@id":"https:\/\/www.hnhlcranes.com\/#organization"},"potentialAction":[{"@type":"SearchAction","target":{"@type":"EntryPoint","urlTemplate":"https:\/\/www.hnhlcranes.com\/?s={search_term_string}"},"query-input":{"@type":"PropertyValueSpecification","valueRequired":true,"valueName":"search_term_string"}}],"inLanguage":"cs"},{"@type":"Organization","@id":"https:\/\/www.hnhlcranes.com\/#organization","name":"Crane Parts Manufacturer","url":"https:\/\/www.hnhlcranes.com\/","logo":{"@type":"ImageObject","inLanguage":"cs","@id":"https:\/\/www.hnhlcranes.com\/#\/schema\/logo\/image\/","url":"https:\/\/www.hnhlcranes.com\/wp-content\/uploads\/2025\/01\/HL-logo-1.png","contentUrl":"https:\/\/www.hnhlcranes.com\/wp-content\/uploads\/2025\/01\/HL-logo-1.png","width":600,"height":169,"caption":"Crane Parts Manufacturer"},"image":{"@id":"https:\/\/www.hnhlcranes.com\/#\/schema\/logo\/image\/"}}]}},"_links":{"self":[{"href":"https:\/\/www.hnhlcranes.com\/cs\/wp-json\/wp\/v2\/product\/5544","targetHints":{"allow":["GET"]}}],"collection":[{"href":"https:\/\/www.hnhlcranes.com\/cs\/wp-json\/wp\/v2\/product"}],"about":[{"href":"https:\/\/www.hnhlcranes.com\/cs\/wp-json\/wp\/v2\/types\/product"}],"version-history":[{"count":3,"href":"https:\/\/www.hnhlcranes.com\/cs\/wp-json\/wp\/v2\/product\/5544\/revisions"}],"predecessor-version":[{"id":7196,"href":"https:\/\/www.hnhlcranes.com\/cs\/wp-json\/wp\/v2\/product\/5544\/revisions\/7196"}],"wp:featuredmedia":[{"embeddable":true,"href":"https:\/\/www.hnhlcranes.com\/cs\/wp-json\/wp\/v2\/media\/7117"}],"wp:attachment":[{"href":"https:\/\/www.hnhlcranes.com\/cs\/wp-json\/wp\/v2\/media?parent=5544"}],"wp:term":[{"taxonomy":"product_brand","embeddable":true,"href":"https:\/\/www.hnhlcranes.com\/cs\/wp-json\/wp\/v2\/product_brand?post=5544"},{"taxonomy":"product_cat","embeddable":true,"href":"https:\/\/www.hnhlcranes.com\/cs\/wp-json\/wp\/v2\/product_cat?post=5544"},{"taxonomy":"product_tag","embeddable":true,"href":"https:\/\/www.hnhlcranes.com\/cs\/wp-json\/wp\/v2\/product_tag?post=5544"}],"curies":[{"name":"wp","href":"https:\/\/api.w.org\/{rel}","templated":true}]}}