{"id":5590,"date":"2024-12-02T21:15:24","date_gmt":"2024-12-02T13:15:24","guid":{"rendered":"https:\/\/www.hnhlcranes.com\/?post_type=product&#038;p=5590"},"modified":"2025-01-17T02:27:00","modified_gmt":"2025-01-16T18:27:00","slug":"evropsky-elektricky-kladkostroj-s-jednim-nosnikem-z-oceloveho-lana","status":"publish","type":"product","link":"https:\/\/www.hnhlcranes.com\/cs\/produkt\/evropsky-elektricky-kladkostroj-s-jednim-nosnikem-z-oceloveho-lana\/","title":{"rendered":"Evropsk\u00fd elektrick\u00fd kladkostroj s jedn\u00edm nosn\u00edkem z ocelov\u00e9ho lana"},"content":{"rendered":"<div class=\"flex max-w-full flex-col flex-grow\">\n<div class=\"min-h-8 text-message flex w-full flex-col items-end gap-2 whitespace-normal break-words [.text-message+&amp;]:mt-5\" dir=\"auto\" data-message-author-role=\"assistant\" data-message-id=\"ea78a6a9-c395-4bcc-8ce3-affe95563cd7\" data-message-model-slug=\"gpt-4o\">\n<div class=\"flex w-full flex-col gap-1 empty:hidden first:pt-[3px]\">\n<div class=\"markdown prose w-full break-words dark:prose-invert light\">\n<div class=\"flex-shrink-0 flex flex-col relative items-end\">\n<div class=\"pt-0\">\n<div class=\"gizmo-bot-avatar flex h-8 w-8 items-center justify-center overflow-hidden rounded-full\">\n<p>Na str\u00e1nk\u00e1ch <strong>Evropsk\u00fd elektrick\u00fd kladkostroj s jedn\u00edm nosn\u00edkem z ocelov\u00e9ho lana<\/strong> je modern\u00ed zdvihac\u00ed za\u0159\u00edzen\u00ed, kter\u00e9 vyu\u017e\u00edv\u00e1 konstrukci s jedn\u00edm nosn\u00edkem a ocelov\u00e9 lano jako prim\u00e1rn\u00ed zdvihac\u00ed prost\u0159edek. Je \u0161iroce pou\u017e\u00edv\u00e1no v pr\u016fmyslov\u00fdch prost\u0159ed\u00edch, kter\u00e1 vy\u017eaduj\u00ed efektivn\u00ed a bezpe\u010dn\u00e9 zved\u00e1n\u00ed. Tento typ elektrick\u00e9ho kladkostroje se b\u011b\u017en\u011b pou\u017e\u00edv\u00e1 v tov\u00e1rn\u00e1ch, skladech, logistick\u00fdch centrech a na dal\u0161\u00edch m\u00edstech, zejm\u00e9na v prost\u0159ed\u00ed, kter\u00e9 vy\u017eaduje velk\u00e9 v\u00fd\u0161ky zdvihu a manipulaci s t\u011b\u017ek\u00fdmi b\u0159emeny.<\/p>\n<h3>Hlavn\u00ed funkce:<\/h3>\n<ol>\n<li><strong>Konstrukce s jedn\u00edm nosn\u00edkem<\/strong>: V porovn\u00e1n\u00ed s tradi\u010dn\u00edmi dvounosn\u00edkov\u00fdmi konstrukcemi je uspo\u0159\u00e1d\u00e1n\u00ed s jedn\u00edm nosn\u00edkem kompaktn\u011bj\u0161\u00ed a jednodu\u0161\u0161\u00ed, nab\u00edz\u00ed v\u00fdkonn\u00e9 zvedac\u00ed schopnosti a zab\u00edr\u00e1 m\u00e9n\u011b m\u00edsta.<\/li>\n<li><strong>Lanov\u00fd pohon<\/strong>: Tento kladkostroj pou\u017e\u00edv\u00e1 jako zdvihac\u00ed m\u00e9dium ocelov\u00e9 lano, d\u00edky \u010demu\u017e je vhodn\u011bj\u0161\u00ed pro zved\u00e1n\u00ed v\u011bt\u0161\u00edch b\u0159emen a pr\u00e1ci v prost\u0159ed\u00ed s v\u011bt\u0161\u00ed vzd\u00e1lenost\u00ed ne\u017e \u0159et\u011bzov\u00e9 kladkostroje.<\/li>\n<li><strong>Vysok\u00e1 nosnost<\/strong>: Evropsk\u00e9 elektrick\u00e9 kladkostroje s jedn\u00edm nosn\u00edkem s ocelov\u00fdm lanem maj\u00ed obvykle vysokou nosnost, od stovek kilogram\u016f a\u017e po n\u011bkolik tun, tak\u017ee jsou schopny manipulovat s t\u011b\u017ek\u00fdmi b\u0159emeny.<\/li>\n<li><strong>\u00da\u010dinn\u00fd elektromotor<\/strong>: Tyto kladkostroje jsou vybaveny vysoce \u00fa\u010dinn\u00fdm motorem a mohou pracovat nep\u0159etr\u017eit\u011b po del\u0161\u00ed dobu, co\u017e zvy\u0161uje produktivitu pr\u00e1ce.<\/li>\n<li><strong>Kompaktn\u00ed design<\/strong>: Kompaktn\u00ed konstrukce zved\u00e1ku \u0161et\u0159\u00ed m\u00edsto, tak\u017ee je ide\u00e1ln\u00ed pro pou\u017eit\u00ed v prost\u0159ed\u00ed s omezen\u00fdm pracovn\u00edm prostorem.<\/li>\n<li><strong>Plynul\u00e9 zved\u00e1n\u00ed a spou\u0161t\u011bn\u00ed<\/strong>: Zved\u00e1k zaji\u0161\u0165uje plynul\u00fd provoz p\u0159i zved\u00e1n\u00ed i spou\u0161t\u011bn\u00ed, \u010d\u00edm\u017e se sni\u017euje dopad na n\u00e1klad a za\u0159\u00edzen\u00ed, co\u017e prodlu\u017euje \u017eivotnost zved\u00e1ku.<\/li>\n<li><strong>Bezpe\u010dnostn\u00ed prvky<\/strong>: Obvykle jsou vybaveny ochranou proti p\u0159et\u00ed\u017een\u00ed, koncov\u00fdmi sp\u00edna\u010di a brzdov\u00fdmi syst\u00e9my, kter\u00e9 zaji\u0161\u0165uj\u00ed bezpe\u010dnost p\u0159i provozu.<\/li>\n<\/ol>\n<h3>Konstruk\u010dn\u00ed prvky:<\/h3>\n<ol>\n<li><strong>Elektrick\u00fd motor<\/strong>: Poskytuje energii pro pohon zdvihac\u00edho mechanismu kladkostroje a zaji\u0161\u0165uje stabiln\u00ed a efektivn\u00ed provoz.<\/li>\n<li><strong>Redukce<\/strong>: Redukce p\u0159ev\u00e1d\u00ed rychl\u00e9 ot\u00e1\u010dky motoru na ot\u00e1\u010dky s ni\u017e\u0161\u00ed rychlost\u00ed, kter\u00e9 jsou vhodn\u00e9 pro zved\u00e1n\u00ed, a t\u00edm zvy\u0161uje to\u010div\u00fd moment.<\/li>\n<li><strong>Dr\u00e1t\u011bn\u00e9 lano<\/strong>: Jako zdvihac\u00ed prost\u0159edek m\u00e1 ocelov\u00e9 lano vysokou pevnost v tahu a nosnost, tak\u017ee je vhodn\u00e9 pro zved\u00e1n\u00ed t\u011b\u017ek\u00fdch p\u0159edm\u011bt\u016f.<\/li>\n<li><strong>\u0158\u00eddic\u00ed syst\u00e9m<\/strong>: Obsluha ovl\u00e1d\u00e1 zved\u00e1k prost\u0159ednictv\u00edm ovl\u00e1dac\u00ed sk\u0159\u00ed\u0148ky nebo bezdr\u00e1tov\u00e9ho d\u00e1lkov\u00e9ho ovl\u00e1d\u00e1n\u00ed, co\u017e usnad\u0148uje a zjednodu\u0161uje proces zved\u00e1n\u00ed.<\/li>\n<li><strong>Bezpe\u010dnostn\u00ed za\u0159\u00edzen\u00ed<\/strong>: Funkce, jako je ochrana proti p\u0159et\u00ed\u017een\u00ed, koncov\u00e9 sp\u00edna\u010de a brzdov\u00e9 syst\u00e9my, zaji\u0161\u0165uj\u00ed bezpe\u010dn\u00fd a spolehliv\u00fd provoz kladkostroje.<\/li>\n<\/ol>\n<h3>V\u00fdhody:<\/h3>\n<ul>\n<li><strong>Zv\u00fd\u0161en\u00e1 efektivita pr\u00e1ce<\/strong>: Vysoce \u00fa\u010dinn\u00fd motor a plynul\u00fd provoz v\u00fdrazn\u011b zvy\u0161uj\u00ed efektivitu pr\u00e1ce t\u00edm, \u017ee umo\u017e\u0148uj\u00ed rychlej\u0161\u00ed a bezpe\u010dn\u011bj\u0161\u00ed zved\u00e1n\u00ed.<\/li>\n<li><strong>Bezpe\u010dnost a spolehlivost<\/strong>: N\u011bkolik bezpe\u010dnostn\u00edch prvk\u016f zaji\u0161\u0165uje, \u017ee zved\u00e1k z\u016fst\u00e1v\u00e1 stabiln\u00ed a bezpe\u010dn\u00fd i p\u0159i n\u00e1ro\u010dn\u00fdch \u00fakolech, \u010d\u00edm\u017e se p\u0159edch\u00e1z\u00ed mo\u017en\u00fdm rizik\u016fm.<\/li>\n<li><strong>V\u0161estrannost<\/strong>: Zved\u00e1k je vhodn\u00fd pro \u0161irokou \u0161k\u00e1lu zvedac\u00edch \u00fakol\u016f s vysok\u00fdm zat\u00ed\u017een\u00edm a vysokou frekvenc\u00ed, zejm\u00e9na ve st\u00edsn\u011bn\u00fdch prostorech, kam by se jin\u00e9 syst\u00e9my neve\u0161ly.<\/li>\n<li><strong>Odolnost<\/strong>: Ocelov\u00e9 lano a vysoce kvalitn\u00ed motor zaji\u0161\u0165uj\u00ed prodlou\u017eenou \u017eivotnost kladkostroje a sni\u017euj\u00ed n\u00e1klady na \u00fadr\u017ebu a prostoje.<\/li>\n<\/ul>\n<h3>Z\u00e1v\u011br:<\/h3>\n<p>Na str\u00e1nk\u00e1ch <strong>Evropsk\u00fd elektrick\u00fd kladkostroj s jedn\u00edm nosn\u00edkem z ocelov\u00e9ho lana<\/strong> je \u00fa\u010dinn\u00e9, bezpe\u010dn\u00e9 a odoln\u00e9 zvedac\u00ed za\u0159\u00edzen\u00ed, kter\u00e9 se d\u00edky sv\u00e9 kompaktn\u00ed konstrukci a siln\u00e9 nosnosti hojn\u011b vyu\u017e\u00edv\u00e1 v r\u016fzn\u00fdch pr\u016fmyslov\u00fdch a stavebn\u00edch oborech. Nab\u00edz\u00ed bezprobl\u00e9mov\u00e9 zvedac\u00ed operace a v\u00fdborn\u011b funguje v r\u016fzn\u00fdch prost\u0159ed\u00edch. Tento kladkostroj se stal nepostradateln\u00fdm vybaven\u00edm modern\u00edch tov\u00e1ren a stavebn\u00edch projekt\u016f.<\/p>\n<div class=\"relative p-1 rounded-sm flex items-center justify-center bg-token-main-surface-primary text-token-text-primary h-8 w-8\">\n<p><img fetchpriority=\"high\" decoding=\"async\" class=\"alignnone wp-image-7046\" src=\"https:\/\/www.hnhlcranes.com\/wp-content\/uploads\/2024\/12\/European-Single-Girder-Wire-Rope-Electric-Hoist-K2-246x300.jpg\" alt=\"\" width=\"952\" height=\"1161\" srcset=\"https:\/\/www.hnhlcranes.com\/wp-content\/uploads\/2024\/12\/European-Single-Girder-Wire-Rope-Electric-Hoist-K2-246x300.jpg 246w, https:\/\/www.hnhlcranes.com\/wp-content\/uploads\/2024\/12\/European-Single-Girder-Wire-Rope-Electric-Hoist-K2-839x1024.jpg 839w, https:\/\/www.hnhlcranes.com\/wp-content\/uploads\/2024\/12\/European-Single-Girder-Wire-Rope-Electric-Hoist-K2-768x938.jpg 768w, https:\/\/www.hnhlcranes.com\/wp-content\/uploads\/2024\/12\/European-Single-Girder-Wire-Rope-Electric-Hoist-K2-600x733.jpg 600w, https:\/\/www.hnhlcranes.com\/wp-content\/uploads\/2024\/12\/European-Single-Girder-Wire-Rope-Electric-Hoist-K2.jpg 1000w\" sizes=\"(max-width: 952px) 100vw, 952px\" \/> <img decoding=\"async\" class=\"alignnone wp-image-7047\" src=\"https:\/\/www.hnhlcranes.com\/wp-content\/uploads\/2024\/12\/European-Single-Girder-Wire-Rope-Electric-Hoist-K3-250x300.jpg\" alt=\"\" width=\"951\" height=\"1141\" srcset=\"https:\/\/www.hnhlcranes.com\/wp-content\/uploads\/2024\/12\/European-Single-Girder-Wire-Rope-Electric-Hoist-K3-250x300.jpg 250w, https:\/\/www.hnhlcranes.com\/wp-content\/uploads\/2024\/12\/European-Single-Girder-Wire-Rope-Electric-Hoist-K3-600x721.jpg 600w\" sizes=\"(max-width: 951px) 100vw, 951px\" \/><\/p>\n<p><img decoding=\"async\" class=\"alignnone wp-image-7048\" src=\"https:\/\/www.hnhlcranes.com\/wp-content\/uploads\/2024\/12\/European-Single-Girder-Wire-Rope-Electric-Hoist-K4-246x300.jpg\" alt=\"\" width=\"950\" height=\"1159\" srcset=\"https:\/\/www.hnhlcranes.com\/wp-content\/uploads\/2024\/12\/European-Single-Girder-Wire-Rope-Electric-Hoist-K4-246x300.jpg 246w, https:\/\/www.hnhlcranes.com\/wp-content\/uploads\/2024\/12\/European-Single-Girder-Wire-Rope-Electric-Hoist-K4-600x731.jpg 600w\" sizes=\"(max-width: 950px) 100vw, 950px\" \/><\/p>\n<\/div>\n<\/div>\n<\/div>\n<\/div>\n<\/div>\n<\/div>\n<\/div>\n<\/div>","protected":false},"excerpt":{"rendered":"<h6><strong><span style=\"font-family: arial, helvetica, sans-serif; font-size: 14pt;\">Evropsk\u00fd elektrick\u00fd kladkostroj s jedn\u00edm nosn\u00edkem Specifikace<\/span><\/strong><\/h6>\n<ul>\n<li><strong>Mo\u017enosti kapacity<\/strong>: 2t, 3,2t, 5t, 6,3t, 8t, 10t, 12,5t<\/li>\n<li><strong>Klasifikace povinnost\u00ed<\/strong>: M3, M4, M5, M6<\/li>\n<li><strong>Rozsah v\u00fd\u0161ky zved\u00e1n\u00ed<\/strong>: 6m, 9m, 12m, 15m, 18m<\/li>\n<\/ul>","protected":false},"featured_media":7049,"template":"","meta":{"_kad_post_transparent":"default","_kad_post_title":"","_kad_post_layout":"default","_kad_post_sidebar_id":"","_kad_post_content_style":"default","_kad_post_vertical_padding":"show","_kad_post_feature":"","_kad_post_feature_position":"","_kad_post_header":false,"_kad_post_footer":false},"product_brand":[],"product_cat":[60,61],"product_tag":[457,462,376,460,474,464,463,461,472,476,470,469,475,466,471,465,467,468,459,473,458],"class_list":{"0":"post-5590","1":"product","2":"type-product","3":"status-publish","4":"has-post-thumbnail","6":"product_cat-electric-hoist","7":"product_cat-european-crane-parts","8":"product_tag-cd-md-wire-rope-electric-hoist","9":"product_tag-chain-hoist","10":"product_tag-china-crane-parts-supplier","11":"product_tag-double-girder-wire-rope-electric-hoist","12":"product_tag-electric-chain-hoist","13":"product_tag-electric-chain-hoist-china-distributor","14":"product_tag-electric-chain-hoist-manufacturer","15":"product_tag-electric-hoist","16":"product_tag-european-double-beam-wire-rope-electric-hoist","17":"product_tag-european-double-girder-wire-rope-electric-hoist","18":"product_tag-european-electric-hoist","19":"product_tag-european-hoist","20":"product_tag-european-single-girder-wire-rope-electric-hoist","21":"product_tag-european-wire-rope-electric-hoist","22":"product_tag-fem-double-girder-wire-rope-electric-hoist","23":"product_tag-fem-single-girder-wire-rope-electric-hoist","24":"product_tag-low-headroom-electric-hoist","25":"product_tag-single-beam-electric-hoist","26":"product_tag-single-girder-wire-rope-electric-hoist","27":"product_tag-wire-rope-electric-hoist","28":"product_tag-wire-rope-electric-hoist-china-manufacturer","30":"first","31":"instock","32":"featured","33":"shipping-taxable","34":"product-type-simple","35":"entry","36":"content-bg","37":"loop-entry"},"yoast_head":"<!-- This site is optimized with the Yoast SEO plugin v24.5 - https:\/\/yoast.com\/wordpress\/plugins\/seo\/ -->\n<title>European Single Girder Wire Rope Electric Hoist - Electric Hoist-Crane Parts Manufacturer<\/title>\n<meta name=\"description\" content=\"European wire rope electric hoist,Low headroom electric hoist,Single beam electric hoist,FEM Single Girder Wire Rope Electric Hoist,Electric Hoist\" \/>\n<meta name=\"robots\" content=\"index, follow, max-snippet:-1, max-image-preview:large, max-video-preview:-1\" \/>\n<link rel=\"canonical\" href=\"https:\/\/www.hnhlcranes.com\/cs\/produkt\/evropsky-elektricky-kladkostroj-s-jednim-nosnikem-z-oceloveho-lana\/\" \/>\n<meta property=\"og:locale\" content=\"cs_CZ\" \/>\n<meta property=\"og:type\" content=\"article\" \/>\n<meta property=\"og:title\" content=\"European Single Girder Wire Rope Electric Hoist - Electric Hoist-Crane Parts Manufacturer\" \/>\n<meta property=\"og:description\" content=\"European wire rope electric hoist,Low headroom electric hoist,Single beam electric hoist,FEM Single Girder Wire Rope Electric Hoist,Electric Hoist\" \/>\n<meta property=\"og:url\" content=\"https:\/\/www.hnhlcranes.com\/cs\/produkt\/evropsky-elektricky-kladkostroj-s-jednim-nosnikem-z-oceloveho-lana\/\" \/>\n<meta property=\"og:site_name\" content=\"Crane Parts Manufacturer\" \/>\n<meta property=\"article:modified_time\" content=\"2025-01-16T18:27:00+00:00\" \/>\n<meta property=\"og:image\" content=\"https:\/\/www.hnhlcranes.com\/wp-content\/uploads\/2024\/12\/European-Single-Girder-Wire-Rope-Electric-Hoist.jpg\" \/>\n\t<meta property=\"og:image:width\" content=\"600\" \/>\n\t<meta property=\"og:image:height\" content=\"600\" \/>\n\t<meta property=\"og:image:type\" content=\"image\/jpeg\" \/>\n<meta name=\"twitter:card\" content=\"summary_large_image\" \/>\n<meta name=\"twitter:label1\" content=\"Odhadovan\u00e1 doba \u010dten\u00ed\" \/>\n\t<meta name=\"twitter:data1\" content=\"3 minuty\" \/>\n<script type=\"application\/ld+json\" class=\"yoast-schema-graph\">{\"@context\":\"https:\/\/schema.org\",\"@graph\":[{\"@type\":\"WebPage\",\"@id\":\"https:\/\/www.hnhlcranes.com\/product\/european-single-girder-wire-rope-electric-hoist\/\",\"url\":\"https:\/\/www.hnhlcranes.com\/product\/european-single-girder-wire-rope-electric-hoist\/\",\"name\":\"European Single Girder Wire Rope Electric Hoist - Electric Hoist-Crane Parts Manufacturer\",\"isPartOf\":{\"@id\":\"https:\/\/www.hnhlcranes.com\/#website\"},\"primaryImageOfPage\":{\"@id\":\"https:\/\/www.hnhlcranes.com\/product\/european-single-girder-wire-rope-electric-hoist\/#primaryimage\"},\"image\":{\"@id\":\"https:\/\/www.hnhlcranes.com\/product\/european-single-girder-wire-rope-electric-hoist\/#primaryimage\"},\"thumbnailUrl\":\"https:\/\/www.hnhlcranes.com\/wp-content\/uploads\/2024\/12\/European-Single-Girder-Wire-Rope-Electric-Hoist.jpg\",\"datePublished\":\"2024-12-02T13:15:24+00:00\",\"dateModified\":\"2025-01-16T18:27:00+00:00\",\"description\":\"European wire rope electric hoist,Low headroom electric hoist,Single beam electric hoist,FEM Single Girder Wire Rope Electric Hoist,Electric Hoist\",\"breadcrumb\":{\"@id\":\"https:\/\/www.hnhlcranes.com\/product\/european-single-girder-wire-rope-electric-hoist\/#breadcrumb\"},\"inLanguage\":\"cs\",\"potentialAction\":[{\"@type\":\"ReadAction\",\"target\":[\"https:\/\/www.hnhlcranes.com\/product\/european-single-girder-wire-rope-electric-hoist\/\"]}]},{\"@type\":\"ImageObject\",\"inLanguage\":\"cs\",\"@id\":\"https:\/\/www.hnhlcranes.com\/product\/european-single-girder-wire-rope-electric-hoist\/#primaryimage\",\"url\":\"https:\/\/www.hnhlcranes.com\/wp-content\/uploads\/2024\/12\/European-Single-Girder-Wire-Rope-Electric-Hoist.jpg\",\"contentUrl\":\"https:\/\/www.hnhlcranes.com\/wp-content\/uploads\/2024\/12\/European-Single-Girder-Wire-Rope-Electric-Hoist.jpg\",\"width\":600,\"height\":600},{\"@type\":\"BreadcrumbList\",\"@id\":\"https:\/\/www.hnhlcranes.com\/product\/european-single-girder-wire-rope-electric-hoist\/#breadcrumb\",\"itemListElement\":[{\"@type\":\"ListItem\",\"position\":1,\"name\":\"home\",\"item\":\"https:\/\/www.hnhlcranes.com\/\"},{\"@type\":\"ListItem\",\"position\":2,\"name\":\"products\",\"item\":\"https:\/\/www.hnhlcranes.com\/products\/\"},{\"@type\":\"ListItem\",\"position\":3,\"name\":\"European Single Girder Wire Rope Electric Hoist\"}]},{\"@type\":\"WebSite\",\"@id\":\"https:\/\/www.hnhlcranes.com\/#website\",\"url\":\"https:\/\/www.hnhlcranes.com\/\",\"name\":\"Crane Parts Manufacturer\",\"description\":\"Crane Wheels,Crane Drums,Crane Hooks,Crane Coupling,Crane End Carriage,Electric Hoist,European Crane Parts,Crane Rail Clip,Crane Spreader,Crane Motor,Crane Reducer,Crane Brake,Light Crane Parts,Workstation Crane Parts,Crane Electrical Parts,China Crane Parts Supplier,China Crane Parts Manufacturer,Angle box type crane wheel,45 degree split crane wheel,European crane wheel,Crane Wheel Blocks,Overhead crane drum,European crane drum,Overhead crane hook,European crane hook,Crane pulley block,Gear coupling,Brake wheel coupling,Drum gear coupling,Brake wheel drum gear coupling,Cardan Shaft Coupling,WZL drum coupling,Plum blossom elastic coupling,Brake wheel plum elastic coupling,European Single girder crane end carriage,European Double girder crane end carriage,European Suspension  crane end carriage,Wire Rope Electric Hoist,Electric Chain Hoist,European Single Girder Wire Rope Electric Hoist,European Double Girder Wire Rope Electric Hoist,Crane grab,Container spreader,Billet crane clamps,C-type hook,Lifting Electromagnet,YZR crane motor,YZP crane motor,ZQ Reducer,ZSC Reducer,QJ Reducer,QJ-L Reducer,QJY Reducer,H series gearbox,F Series Gear Motor,K Series Gear Motor,R Series Gear Motor,travelling machinery gear motor,Electro hydraulic drum brake,Electro hydraulic disc brake,Crane Safety brake,Crane cable trolley,Crane remote controller,Crane pendant controller,Crane electrical control cabinet,Crane limit switch,Crane sound and light alarm,Heavy Duty Aviation Connector,Crane overload limiter\",\"publisher\":{\"@id\":\"https:\/\/www.hnhlcranes.com\/#organization\"},\"potentialAction\":[{\"@type\":\"SearchAction\",\"target\":{\"@type\":\"EntryPoint\",\"urlTemplate\":\"https:\/\/www.hnhlcranes.com\/?s={search_term_string}\"},\"query-input\":{\"@type\":\"PropertyValueSpecification\",\"valueRequired\":true,\"valueName\":\"search_term_string\"}}],\"inLanguage\":\"cs\"},{\"@type\":\"Organization\",\"@id\":\"https:\/\/www.hnhlcranes.com\/#organization\",\"name\":\"Crane Parts Manufacturer\",\"url\":\"https:\/\/www.hnhlcranes.com\/\",\"logo\":{\"@type\":\"ImageObject\",\"inLanguage\":\"cs\",\"@id\":\"https:\/\/www.hnhlcranes.com\/#\/schema\/logo\/image\/\",\"url\":\"https:\/\/www.hnhlcranes.com\/wp-content\/uploads\/2025\/01\/HL-logo-1.png\",\"contentUrl\":\"https:\/\/www.hnhlcranes.com\/wp-content\/uploads\/2025\/01\/HL-logo-1.png\",\"width\":600,\"height\":169,\"caption\":\"Crane Parts Manufacturer\"},\"image\":{\"@id\":\"https:\/\/www.hnhlcranes.com\/#\/schema\/logo\/image\/\"}}]}<\/script>\n<!-- \/ Yoast SEO plugin. -->","yoast_head_json":{"title":"European Single Girder Wire Rope Electric Hoist - Electric Hoist-Crane Parts Manufacturer","description":"European wire rope electric hoist,Low headroom electric hoist,Single beam electric hoist,FEM Single Girder Wire Rope Electric Hoist,Electric Hoist","robots":{"index":"index","follow":"follow","max-snippet":"max-snippet:-1","max-image-preview":"max-image-preview:large","max-video-preview":"max-video-preview:-1"},"canonical":"https:\/\/www.hnhlcranes.com\/cs\/produkt\/evropsky-elektricky-kladkostroj-s-jednim-nosnikem-z-oceloveho-lana\/","og_locale":"cs_CZ","og_type":"article","og_title":"European Single Girder Wire Rope Electric Hoist - Electric Hoist-Crane Parts Manufacturer","og_description":"European wire rope electric hoist,Low headroom electric hoist,Single beam electric hoist,FEM Single Girder Wire Rope Electric Hoist,Electric Hoist","og_url":"https:\/\/www.hnhlcranes.com\/cs\/produkt\/evropsky-elektricky-kladkostroj-s-jednim-nosnikem-z-oceloveho-lana\/","og_site_name":"Crane Parts Manufacturer","article_modified_time":"2025-01-16T18:27:00+00:00","og_image":[{"width":600,"height":600,"url":"https:\/\/www.hnhlcranes.com\/wp-content\/uploads\/2024\/12\/European-Single-Girder-Wire-Rope-Electric-Hoist.jpg","type":"image\/jpeg"}],"twitter_card":"summary_large_image","twitter_misc":{"Odhadovan\u00e1 doba \u010dten\u00ed":"3 minuty"},"schema":{"@context":"https:\/\/schema.org","@graph":[{"@type":"WebPage","@id":"https:\/\/www.hnhlcranes.com\/product\/european-single-girder-wire-rope-electric-hoist\/","url":"https:\/\/www.hnhlcranes.com\/product\/european-single-girder-wire-rope-electric-hoist\/","name":"European Single Girder Wire Rope Electric Hoist - Electric Hoist-Crane Parts Manufacturer","isPartOf":{"@id":"https:\/\/www.hnhlcranes.com\/#website"},"primaryImageOfPage":{"@id":"https:\/\/www.hnhlcranes.com\/product\/european-single-girder-wire-rope-electric-hoist\/#primaryimage"},"image":{"@id":"https:\/\/www.hnhlcranes.com\/product\/european-single-girder-wire-rope-electric-hoist\/#primaryimage"},"thumbnailUrl":"https:\/\/www.hnhlcranes.com\/wp-content\/uploads\/2024\/12\/European-Single-Girder-Wire-Rope-Electric-Hoist.jpg","datePublished":"2024-12-02T13:15:24+00:00","dateModified":"2025-01-16T18:27:00+00:00","description":"European wire rope electric hoist,Low headroom electric hoist,Single beam electric hoist,FEM Single Girder Wire Rope Electric Hoist,Electric Hoist","breadcrumb":{"@id":"https:\/\/www.hnhlcranes.com\/product\/european-single-girder-wire-rope-electric-hoist\/#breadcrumb"},"inLanguage":"cs","potentialAction":[{"@type":"ReadAction","target":["https:\/\/www.hnhlcranes.com\/product\/european-single-girder-wire-rope-electric-hoist\/"]}]},{"@type":"ImageObject","inLanguage":"cs","@id":"https:\/\/www.hnhlcranes.com\/product\/european-single-girder-wire-rope-electric-hoist\/#primaryimage","url":"https:\/\/www.hnhlcranes.com\/wp-content\/uploads\/2024\/12\/European-Single-Girder-Wire-Rope-Electric-Hoist.jpg","contentUrl":"https:\/\/www.hnhlcranes.com\/wp-content\/uploads\/2024\/12\/European-Single-Girder-Wire-Rope-Electric-Hoist.jpg","width":600,"height":600},{"@type":"BreadcrumbList","@id":"https:\/\/www.hnhlcranes.com\/product\/european-single-girder-wire-rope-electric-hoist\/#breadcrumb","itemListElement":[{"@type":"ListItem","position":1,"name":"home","item":"https:\/\/www.hnhlcranes.com\/"},{"@type":"ListItem","position":2,"name":"products","item":"https:\/\/www.hnhlcranes.com\/products\/"},{"@type":"ListItem","position":3,"name":"European Single Girder Wire Rope Electric Hoist"}]},{"@type":"WebSite","@id":"https:\/\/www.hnhlcranes.com\/#website","url":"https:\/\/www.hnhlcranes.com\/","name":"Crane Parts Manufacturer","description":"Crane Wheels,Crane Drums,Crane Hooks,Crane Coupling,Crane End Carriage,Electric Hoist,European Crane Parts,Crane Rail Clip,Crane Spreader,Crane Motor,Crane Reducer,Crane Brake,Light Crane Parts,Workstation Crane Parts,Crane Electrical Parts,China Crane Parts Supplier,China Crane Parts Manufacturer,Angle box type crane wheel,45 degree split crane wheel,European crane wheel,Crane Wheel Blocks,Overhead crane drum,European crane drum,Overhead crane hook,European crane hook,Crane pulley block,Gear coupling,Brake wheel coupling,Drum gear coupling,Brake wheel drum gear coupling,Cardan Shaft Coupling,WZL drum coupling,Plum blossom elastic coupling,Brake wheel plum elastic coupling,European Single girder crane end carriage,European Double girder crane end carriage,European Suspension  crane end carriage,Wire Rope Electric Hoist,Electric Chain Hoist,European Single Girder Wire Rope Electric Hoist,European Double Girder Wire Rope Electric Hoist,Crane grab,Container spreader,Billet crane clamps,C-type hook,Lifting Electromagnet,YZR crane motor,YZP crane motor,ZQ Reducer,ZSC Reducer,QJ Reducer,QJ-L Reducer,QJY Reducer,H series gearbox,F Series Gear Motor,K Series Gear Motor,R Series Gear Motor,travelling machinery gear motor,Electro hydraulic drum brake,Electro hydraulic disc brake,Crane Safety brake,Crane cable trolley,Crane remote controller,Crane pendant controller,Crane electrical control cabinet,Crane limit switch,Crane sound and light alarm,Heavy Duty Aviation Connector,Crane overload limiter","publisher":{"@id":"https:\/\/www.hnhlcranes.com\/#organization"},"potentialAction":[{"@type":"SearchAction","target":{"@type":"EntryPoint","urlTemplate":"https:\/\/www.hnhlcranes.com\/?s={search_term_string}"},"query-input":{"@type":"PropertyValueSpecification","valueRequired":true,"valueName":"search_term_string"}}],"inLanguage":"cs"},{"@type":"Organization","@id":"https:\/\/www.hnhlcranes.com\/#organization","name":"Crane Parts Manufacturer","url":"https:\/\/www.hnhlcranes.com\/","logo":{"@type":"ImageObject","inLanguage":"cs","@id":"https:\/\/www.hnhlcranes.com\/#\/schema\/logo\/image\/","url":"https:\/\/www.hnhlcranes.com\/wp-content\/uploads\/2025\/01\/HL-logo-1.png","contentUrl":"https:\/\/www.hnhlcranes.com\/wp-content\/uploads\/2025\/01\/HL-logo-1.png","width":600,"height":169,"caption":"Crane Parts Manufacturer"},"image":{"@id":"https:\/\/www.hnhlcranes.com\/#\/schema\/logo\/image\/"}}]}},"_links":{"self":[{"href":"https:\/\/www.hnhlcranes.com\/cs\/wp-json\/wp\/v2\/product\/5590","targetHints":{"allow":["GET"]}}],"collection":[{"href":"https:\/\/www.hnhlcranes.com\/cs\/wp-json\/wp\/v2\/product"}],"about":[{"href":"https:\/\/www.hnhlcranes.com\/cs\/wp-json\/wp\/v2\/types\/product"}],"version-history":[{"count":3,"href":"https:\/\/www.hnhlcranes.com\/cs\/wp-json\/wp\/v2\/product\/5590\/revisions"}],"predecessor-version":[{"id":7051,"href":"https:\/\/www.hnhlcranes.com\/cs\/wp-json\/wp\/v2\/product\/5590\/revisions\/7051"}],"wp:featuredmedia":[{"embeddable":true,"href":"https:\/\/www.hnhlcranes.com\/cs\/wp-json\/wp\/v2\/media\/7049"}],"wp:attachment":[{"href":"https:\/\/www.hnhlcranes.com\/cs\/wp-json\/wp\/v2\/media?parent=5590"}],"wp:term":[{"taxonomy":"product_brand","embeddable":true,"href":"https:\/\/www.hnhlcranes.com\/cs\/wp-json\/wp\/v2\/product_brand?post=5590"},{"taxonomy":"product_cat","embeddable":true,"href":"https:\/\/www.hnhlcranes.com\/cs\/wp-json\/wp\/v2\/product_cat?post=5590"},{"taxonomy":"product_tag","embeddable":true,"href":"https:\/\/www.hnhlcranes.com\/cs\/wp-json\/wp\/v2\/product_tag?post=5590"}],"curies":[{"name":"wp","href":"https:\/\/api.w.org\/{rel}","templated":true}]}}