{"id":5677,"date":"2024-12-04T00:34:44","date_gmt":"2024-12-03T16:34:44","guid":{"rendered":"https:\/\/www.hnhlcranes.com\/?post_type=product&#038;p=5677"},"modified":"2025-01-14T23:58:30","modified_gmt":"2025-01-14T15:58:30","slug":"lehky-jerab-cast","status":"publish","type":"product","link":"https:\/\/www.hnhlcranes.com\/cs\/produkt\/lehky-jerab-cast\/","title":{"rendered":"Lehk\u00fd je\u0159\u00e1b \u010d\u00e1st"},"content":{"rendered":"<div class=\"flex max-w-full flex-col flex-grow\">\n<div class=\"min-h-8 text-message flex w-full flex-col items-end gap-2 whitespace-normal break-words [.text-message+&amp;]:mt-5\" dir=\"auto\" data-message-author-role=\"assistant\" data-message-id=\"c8d7d5a5-db5c-4384-9025-33dbfdf6a310\" data-message-model-slug=\"gpt-4o\">\n<div class=\"flex w-full flex-col gap-1 empty:hidden first:pt-[3px]\">\n<div class=\"markdown prose w-full break-words dark:prose-invert light\">\n<h3>P\u0159ehled lehk\u00fdch je\u0159\u00e1b\u016f<\/h3>\n<p>Lehk\u00fd je\u0159\u00e1b, zn\u00e1m\u00fd tak\u00e9 jako modul\u00e1rn\u00ed je\u0159\u00e1b, slou\u017e\u00ed jako vysoce efektivn\u00ed a flexibiln\u00ed \u0159e\u0161en\u00ed pro manipulaci s materi\u00e1lem. D\u00edky sv\u00e9 v\u0161estrannosti se hojn\u011b vyu\u017e\u00edv\u00e1 v tov\u00e1rn\u00e1ch, skladech a v\u00fdrobn\u00edch link\u00e1ch. Skl\u00e1d\u00e1 se z r\u016fzn\u00fdch standardn\u00edch modul\u016f, jako jsou z\u00e1v\u011bsn\u00e1 za\u0159\u00edzen\u00ed, kolejnice, sp\u00edna\u010de, voz\u00edky, elektrick\u00e9 kladkostroje, mobiln\u00ed nap\u00e1jec\u00ed jednotky (posuvn\u00e1 veden\u00ed) a ovl\u00e1dac\u00ed za\u0159\u00edzen\u00ed. Krom\u011b toho zahrnuje dal\u0161\u00ed z\u00e1kladn\u00ed d\u00edly lehk\u00fdch je\u0159\u00e1b\u016f, kter\u00e9 zaji\u0161\u0165uj\u00ed bezprobl\u00e9movou integraci a provoz.<\/p>\n<h3>Lehk\u00fd je\u0159\u00e1b \u010d\u00e1st<\/h3>\n<p>Pro zaji\u0161t\u011bn\u00ed optim\u00e1ln\u00ed funk\u010dnosti se lehk\u00e9 je\u0159\u00e1by spol\u00e9haj\u00ed na n\u00e1sleduj\u00edc\u00ed komponenty:<\/p>\n<ul>\n<li><strong>Z\u00e1v\u011bsn\u00e1 za\u0159\u00edzen\u00ed:<\/strong> Tato za\u0159\u00edzen\u00ed zav\u011b\u0161uj\u00ed r\u016fzn\u00e9 sou\u010d\u00e1sti je\u0159\u00e1bu a zaji\u0161\u0165uj\u00ed stabilitu a efektivn\u00ed provoz.<\/li>\n<li><strong>Skladby:<\/strong> Kolejnice zaji\u0161\u0165uj\u00ed dr\u00e1hu pohybu je\u0159\u00e1bu a umo\u017e\u0148uj\u00ed plynul\u00fd a p\u0159esn\u00fd pohyb.<\/li>\n<li><strong>P\u0159ep\u00edna\u010de:<\/strong> Obsluha m\u011bn\u00ed sm\u011br j\u00edzdy pomoc\u00ed p\u0159ep\u00edna\u010d\u016f, co\u017e umo\u017e\u0148uje flexibiln\u00ed provoz.<\/li>\n<li><strong>Voz\u00edky:<\/strong> Voz\u00edky efektivn\u011b p\u0159en\u00e1\u0161ej\u00ed a p\u0159epravuj\u00ed n\u00e1klad po ur\u010den\u00e9m prostoru.<\/li>\n<li><strong>Elektrick\u00e9 kladkostroje:<\/strong> Tyto kladkostroje pln\u00ed funkci zved\u00e1n\u00ed a zaji\u0161\u0165uj\u00ed rychlou a spolehlivou manipulaci s b\u0159emeny.<\/li>\n<li><strong>Mobiln\u00ed nap\u00e1jec\u00ed jednotky:<\/strong> Tyto jednotky nap\u00e1jej\u00ed je\u0159\u00e1b a zaji\u0161\u0165uj\u00ed jeho nep\u0159etr\u017eit\u00fd provoz.<\/li>\n<li><strong>Kontroln\u00ed za\u0159\u00edzen\u00ed:<\/strong> \u0158\u00eddic\u00ed za\u0159\u00edzen\u00ed \u0159\u00edd\u00ed provoz je\u0159\u00e1bu a nab\u00edz\u00ed p\u0159esn\u00e9 a spolehliv\u00e9 ovl\u00e1d\u00e1n\u00ed.<\/li>\n<\/ul>\n<h3>Pou\u017eit\u00ed lehk\u00fdch je\u0159\u00e1b\u016f<\/h3>\n<p>Lehk\u00e9 je\u0159\u00e1by vynikaj\u00ed v r\u016fzn\u00fdch aplikac\u00edch d\u00edky sv\u00e9 p\u0159izp\u016fsobivosti a \u00fa\u010dinnosti:<\/p>\n<ul>\n<li><strong>Mal\u00e9 d\u00edlny a \u00fadr\u017eb\u00e1\u0159sk\u00e9 d\u00edlny:<\/strong> Na pracovi\u0161t\u00edch s omezen\u00fdm prostorem podporuj\u00ed lehk\u00e9 je\u0159\u00e1by flexibiln\u00ed uspo\u0159\u00e1d\u00e1n\u00ed a efektivn\u00ed manipulaci s materi\u00e1lem.<\/li>\n<li><strong>Velk\u00e9 tov\u00e1rny a sklady:<\/strong> Umo\u017e\u0148uj\u00ed rychlou manipulaci s materi\u00e1lem v r\u016fzn\u00fdch pracovn\u00edch oblastech a zvy\u0161uj\u00ed produktivitu.<\/li>\n<li><strong>Sklady a laborato\u0159e ve v\u00fd\u0161kov\u00fdch budov\u00e1ch:<\/strong> Jejich lehk\u00e1 a kompaktn\u00ed konstrukce je ide\u00e1ln\u00ed pro m\u00edsta, kde je hmotnostn\u00ed omezen\u00ed za\u0159\u00edzen\u00ed kritick\u00e9.<\/li>\n<\/ul>\n<h3>Technick\u00e9 v\u00fdhody<\/h3>\n<p>Lehk\u00e9 je\u0159\u00e1by nab\u00edzej\u00ed n\u011bkolik technick\u00fdch v\u00fdhod, kter\u00e9 zvy\u0161uj\u00ed efektivitu a spolehlivost:<\/p>\n<ul>\n<li><strong>Standardizovan\u00fd a modul\u00e1rn\u00ed design:<\/strong> Tato konstrukce zjednodu\u0161uje instalaci, \u00fadr\u017ebu a modernizaci. Nav\u00edc zaji\u0161\u0165uje pohodlnou a komfortn\u00ed obsluhu.<\/li>\n<li><strong>Vysoce kvalitn\u00ed materi\u00e1ly a v\u00fdroba:<\/strong> V\u00fdrobci pou\u017e\u00edvaj\u00ed prvot\u0159\u00eddn\u00ed materi\u00e1ly a postupy, aby zajistili pevnost a odolnost je\u0159\u00e1bu.<\/li>\n<li><strong>Efektivn\u00ed elektrick\u00e9 kladkostroje:<\/strong> Tyto kladkostroje pracuj\u00ed s vysokou rychlost\u00ed zdvihu, plynulou funk\u010dnost\u00ed a n\u00edzkou hladinou hluku, tak\u017ee jsou ide\u00e1ln\u00ed pro vysoce v\u00fdkonn\u00e1 prost\u0159ed\u00ed.<\/li>\n<\/ul>\n<h3>Provoz a \u00fadr\u017eba<\/h3>\n<p>Obsluha a \u00fadr\u017eba lehk\u00fdch je\u0159\u00e1b\u016f je jednoduch\u00e1 a efektivn\u00ed. Obsluha m\u016f\u017ee je\u0159\u00e1b ovl\u00e1dat bu\u010f ru\u010dn\u011b, nebo prost\u0159ednictv\u00edm automatick\u00fdch syst\u00e9m\u016f. D\u00edky modul\u00e1rn\u00ed konstrukci mohou u\u017eivatel\u00e9 je\u0159\u00e1b snadno udr\u017eovat a opravovat. Nap\u0159\u00edklad po\u0161kozen\u00e9 sou\u010d\u00e1sti lze rychle vym\u011bnit, \u010d\u00edm\u017e se minimalizuj\u00ed prostoje a zvy\u0161uje se efektivita v\u00fdroby. Podniky se proto mohou spolehnout na spolehliv\u00fd a nep\u0159etr\u017eit\u00fd provoz lehk\u00fdch je\u0159\u00e1b\u016f.<\/p>\n<p>&nbsp;<\/p>\n<p><img decoding=\"async\" class=\"wp-image-5681 alignleft\" src=\"https:\/\/www.hnhlcranes.com\/wp-content\/uploads\/2024\/12\/Light-crane-cable-slider-300x300.jpg\" alt=\"\" width=\"199\" height=\"199\" \/> <img decoding=\"async\" class=\"wp-image-5682 alignleft\" src=\"https:\/\/www.hnhlcranes.com\/wp-content\/uploads\/2024\/12\/Light-crane-cable-end-clamp-300x300.jpg\" alt=\"\" width=\"200\" height=\"200\" \/><img decoding=\"async\" class=\"wp-image-5683 alignleft\" src=\"https:\/\/www.hnhlcranes.com\/wp-content\/uploads\/2024\/12\/Light-crane-internal-stop-300x300.jpg\" alt=\"\" width=\"200\" height=\"200\" \/><\/p>\n<\/div>\n<\/div>\n<\/div>\n<\/div>\n<p><img loading=\"lazy\" decoding=\"async\" class=\"wp-image-5684 alignleft\" style=\"margin-right: var(--global-md-spacing);\" src=\"https:\/\/www.hnhlcranes.com\/wp-content\/uploads\/2024\/12\/C-type-steel-cable-trolley-1-300x300.jpg\" alt=\"\" width=\"200\" height=\"200\" \/><\/p>\n<p>&nbsp;<\/p>\n<p>&nbsp;<\/p>\n<p>&nbsp;<\/p>\n<p>&nbsp;<\/p>\n<p>&nbsp;<\/p>\n<p style=\"text-align: left;\">Lehk\u00e9 je\u0159\u00e1by kabelov\u00fd jezdec Lehk\u00e9 je\u0159\u00e1by kabelov\u00e9 koncovky Lehk\u00e9 je\u0159\u00e1by vnit\u0159n\u00ed doraz Ocelov\u00fd kabelov\u00fd voz\u00edk typu C<\/p>\n<p>&nbsp;<\/p>\n<p><img loading=\"lazy\" decoding=\"async\" class=\"wp-image-5685 alignleft\" src=\"https:\/\/www.hnhlcranes.com\/wp-content\/uploads\/2024\/12\/C-type-steel-cable-trolley-2-300x300.jpg\" alt=\"\" width=\"200\" height=\"200\" \/> <img loading=\"lazy\" decoding=\"async\" class=\"wp-image-5686 alignleft\" src=\"https:\/\/www.hnhlcranes.com\/wp-content\/uploads\/2024\/12\/Light-crane-manual-trolley-300x300.jpg\" alt=\"\" width=\"200\" height=\"200\" \/><\/p>\n<p><img loading=\"lazy\" decoding=\"async\" class=\"wp-image-5687 alignleft\" style=\"margin-right: var(--global-md-spacing);\" src=\"https:\/\/www.hnhlcranes.com\/wp-content\/uploads\/2024\/12\/Light-crane-manual-trolley-connecting-plate-300x300.jpg\" alt=\"\" width=\"200\" height=\"200\" \/><\/p>\n<p><img loading=\"lazy\" decoding=\"async\" class=\"wp-image-5688 alignleft\" style=\"margin-right: var(--global-md-spacing);\" src=\"https:\/\/www.hnhlcranes.com\/wp-content\/uploads\/2024\/12\/Light-crane-electric-trolley-300x300.jpg\" alt=\"\" width=\"199\" height=\"199\" \/><\/p>\n<p>&nbsp;<\/p>\n<p>&nbsp;<\/p>\n<p>&nbsp;<\/p>\n<p>&nbsp;<\/p>\n<p>&nbsp;<\/p>\n<p style=\"text-align: left;\">\u00a0Voz\u00edk s ocelov\u00fdm lanem typu C Lehk\u00e9 je\u0159\u00e1by ru\u010dn\u00ed voz\u00edk Ru\u010dn\u00ed voz\u00edk spojovac\u00ed deska Lehk\u00e9 je\u0159\u00e1by elektrick\u00fd voz\u00edk<\/p>\n<p>&nbsp;<\/p>\n<p><img loading=\"lazy\" decoding=\"async\" class=\"wp-image-5689 alignleft\" src=\"https:\/\/www.hnhlcranes.com\/wp-content\/uploads\/2024\/12\/Light-crane-Track-suspension-300x300.jpg\" alt=\"\" width=\"200\" height=\"200\" \/><\/p>\n<p><img loading=\"lazy\" decoding=\"async\" class=\"wp-image-5690 alignleft\" style=\"margin-right: var(--global-md-spacing);\" src=\"https:\/\/www.hnhlcranes.com\/wp-content\/uploads\/2024\/12\/Light-crane-suspension-point-300x300.jpg\" alt=\"\" width=\"200\" height=\"200\" \/><\/p>\n<p><img loading=\"lazy\" decoding=\"async\" class=\"wp-image-5691 alignleft\" style=\"margin-right: var(--global-md-spacing);\" src=\"https:\/\/www.hnhlcranes.com\/wp-content\/uploads\/2024\/12\/Light-crane-end-beam-300x300.jpg\" alt=\"\" width=\"199\" height=\"199\" \/><\/p>\n<p>&nbsp;<\/p>\n<p>&nbsp;<\/p>\n<p>&nbsp;<\/p>\n<p><strong>\u00a0 \u00a0<\/strong><\/p>\n<p>&nbsp;<\/p>\n<p style=\"text-align: left;\">\u00a0 Z\u00e1v\u011bs lehk\u00e9ho je\u0159\u00e1bu Z\u00e1v\u011bsn\u00fd bod lehk\u00e9ho je\u0159\u00e1bu Koncov\u00fd nosn\u00edk lehk\u00e9ho je\u0159\u00e1bu<\/p>\n<p>&nbsp;<\/p>","protected":false},"excerpt":{"rendered":"<p>Lehk\u00fd je\u0159\u00e1bov\u00fd kabelov\u00fd jezdec, Lehk\u00e1 kabelov\u00e1 koncovka je\u0159\u00e1bu, Lehk\u00fd je\u0159\u00e1bov\u00fd vnit\u0159n\u00ed doraz, Ocelov\u00fd kabelov\u00fd voz\u00edk typu C, Lehk\u00fd je\u0159\u00e1bov\u00fd ru\u010dn\u00ed voz\u00edk, Lehk\u00fd je\u0159\u00e1bov\u00fd ru\u010dn\u00ed voz\u00edk spojovac\u00ed deska, Lehk\u00fd je\u0159\u00e1b Track suspension, Lehk\u00fd je\u0159\u00e1bov\u00fd z\u00e1v\u011bsn\u00fd bod, Lehk\u00fd je\u0159\u00e1bov\u00fd koncov\u00fd nosn\u00edk<\/p>","protected":false},"featured_media":7402,"template":"","meta":{"_kad_post_transparent":"default","_kad_post_title":"","_kad_post_layout":"default","_kad_post_sidebar_id":"","_kad_post_content_style":"default","_kad_post_vertical_padding":"show","_kad_post_feature":"","_kad_post_feature_position":"","_kad_post_header":false,"_kad_post_footer":false},"product_brand":[],"product_cat":[63],"product_tag":[593,376,599,602,591,590,596,600,592,594,595,601,598,597],"class_list":{"0":"post-5677","1":"product","2":"type-product","3":"status-publish","4":"has-post-thumbnail","6":"product_cat-light-crane-parts","7":"product_tag-c-type-steel-cable-trolley","8":"product_tag-china-crane-parts-supplier","9":"product_tag-flexible-track-crane-parts","10":"product_tag-light-crane","11":"product_tag-light-crane-cable-end-clamp","12":"product_tag-light-crane-cable-slider","13":"product_tag-light-crane-electric-trolley","14":"product_tag-light-crane-end-beam","15":"product_tag-light-crane-internal-stop","16":"product_tag-light-crane-manual-trolley","17":"product_tag-light-crane-manual-trolley-connecting-plate","18":"product_tag-light-crane-part","19":"product_tag-light-crane-suspension-point","20":"product_tag-light-crane-track-suspension","22":"first","23":"instock","24":"shipping-taxable","25":"product-type-simple","26":"entry","27":"content-bg","28":"loop-entry"},"yoast_head":"<!-- This site is optimized with the Yoast SEO plugin v24.5 - https:\/\/yoast.com\/wordpress\/plugins\/seo\/ -->\n<title>Light Crane Part - Light Crane- Light crane manual trolley-Crane Parts Manufacturer<\/title>\n<meta name=\"description\" content=\"Light crane Track suspension,Light Crane Parts,C-type steel cable trolley,cable slider,manual trolley,Flexible Track Crane Parts,China Crane Parts Supplier\" \/>\n<meta name=\"robots\" content=\"index, follow, max-snippet:-1, max-image-preview:large, max-video-preview:-1\" \/>\n<link rel=\"canonical\" href=\"https:\/\/www.hnhlcranes.com\/cs\/produkt\/lehky-jerab-cast\/\" \/>\n<meta property=\"og:locale\" content=\"cs_CZ\" \/>\n<meta property=\"og:type\" content=\"article\" \/>\n<meta property=\"og:title\" content=\"Light Crane Part - Light Crane- Light crane manual trolley-Crane Parts Manufacturer\" \/>\n<meta property=\"og:description\" content=\"Light crane Track suspension,Light Crane Parts,C-type steel cable trolley,cable slider,manual trolley,Flexible Track Crane Parts,China Crane Parts Supplier\" \/>\n<meta property=\"og:url\" content=\"https:\/\/www.hnhlcranes.com\/cs\/produkt\/lehky-jerab-cast\/\" \/>\n<meta property=\"og:site_name\" content=\"Crane Parts Manufacturer\" \/>\n<meta property=\"article:modified_time\" content=\"2025-01-14T15:58:30+00:00\" \/>\n<meta property=\"og:image\" content=\"https:\/\/www.hnhlcranes.com\/wp-content\/uploads\/2024\/12\/Light-Crane-Part.jpg\" \/>\n\t<meta property=\"og:image:width\" content=\"600\" \/>\n\t<meta property=\"og:image:height\" content=\"600\" \/>\n\t<meta property=\"og:image:type\" content=\"image\/jpeg\" \/>\n<meta name=\"twitter:card\" content=\"summary_large_image\" \/>\n<meta name=\"twitter:label1\" content=\"Odhadovan\u00e1 doba \u010dten\u00ed\" \/>\n\t<meta name=\"twitter:data1\" content=\"5 minut\" \/>\n<script type=\"application\/ld+json\" class=\"yoast-schema-graph\">{\"@context\":\"https:\/\/schema.org\",\"@graph\":[{\"@type\":\"WebPage\",\"@id\":\"https:\/\/www.hnhlcranes.com\/product\/light-crane-part\/\",\"url\":\"https:\/\/www.hnhlcranes.com\/product\/light-crane-part\/\",\"name\":\"Light Crane Part - Light Crane- Light crane manual trolley-Crane Parts Manufacturer\",\"isPartOf\":{\"@id\":\"https:\/\/www.hnhlcranes.com\/#website\"},\"primaryImageOfPage\":{\"@id\":\"https:\/\/www.hnhlcranes.com\/product\/light-crane-part\/#primaryimage\"},\"image\":{\"@id\":\"https:\/\/www.hnhlcranes.com\/product\/light-crane-part\/#primaryimage\"},\"thumbnailUrl\":\"https:\/\/www.hnhlcranes.com\/wp-content\/uploads\/2024\/12\/Light-Crane-Part.jpg\",\"datePublished\":\"2024-12-03T16:34:44+00:00\",\"dateModified\":\"2025-01-14T15:58:30+00:00\",\"description\":\"Light crane Track suspension,Light Crane Parts,C-type steel cable trolley,cable slider,manual trolley,Flexible Track Crane Parts,China Crane Parts Supplier\",\"breadcrumb\":{\"@id\":\"https:\/\/www.hnhlcranes.com\/product\/light-crane-part\/#breadcrumb\"},\"inLanguage\":\"cs\",\"potentialAction\":[{\"@type\":\"ReadAction\",\"target\":[\"https:\/\/www.hnhlcranes.com\/product\/light-crane-part\/\"]}]},{\"@type\":\"ImageObject\",\"inLanguage\":\"cs\",\"@id\":\"https:\/\/www.hnhlcranes.com\/product\/light-crane-part\/#primaryimage\",\"url\":\"https:\/\/www.hnhlcranes.com\/wp-content\/uploads\/2024\/12\/Light-Crane-Part.jpg\",\"contentUrl\":\"https:\/\/www.hnhlcranes.com\/wp-content\/uploads\/2024\/12\/Light-Crane-Part.jpg\",\"width\":600,\"height\":600},{\"@type\":\"BreadcrumbList\",\"@id\":\"https:\/\/www.hnhlcranes.com\/product\/light-crane-part\/#breadcrumb\",\"itemListElement\":[{\"@type\":\"ListItem\",\"position\":1,\"name\":\"home\",\"item\":\"https:\/\/www.hnhlcranes.com\/\"},{\"@type\":\"ListItem\",\"position\":2,\"name\":\"products\",\"item\":\"https:\/\/www.hnhlcranes.com\/products\/\"},{\"@type\":\"ListItem\",\"position\":3,\"name\":\"Light Crane Part\"}]},{\"@type\":\"WebSite\",\"@id\":\"https:\/\/www.hnhlcranes.com\/#website\",\"url\":\"https:\/\/www.hnhlcranes.com\/\",\"name\":\"Crane Parts Manufacturer\",\"description\":\"Crane Wheels,Crane Drums,Crane Hooks,Crane Coupling,Crane End Carriage,Electric Hoist,European Crane Parts,Crane Rail Clip,Crane Spreader,Crane Motor,Crane Reducer,Crane Brake,Light Crane Parts,Workstation Crane Parts,Crane Electrical Parts,China Crane Parts Supplier,China Crane Parts Manufacturer,Angle box type crane wheel,45 degree split crane wheel,European crane wheel,Crane Wheel Blocks,Overhead crane drum,European crane drum,Overhead crane hook,European crane hook,Crane pulley block,Gear coupling,Brake wheel coupling,Drum gear coupling,Brake wheel drum gear coupling,Cardan Shaft Coupling,WZL drum coupling,Plum blossom elastic coupling,Brake wheel plum elastic coupling,European Single girder crane end carriage,European Double girder crane end carriage,European Suspension  crane end carriage,Wire Rope Electric Hoist,Electric Chain Hoist,European Single Girder Wire Rope Electric Hoist,European Double Girder Wire Rope Electric Hoist,Crane grab,Container spreader,Billet crane clamps,C-type hook,Lifting Electromagnet,YZR crane motor,YZP crane motor,ZQ Reducer,ZSC Reducer,QJ Reducer,QJ-L Reducer,QJY Reducer,H series gearbox,F Series Gear Motor,K Series Gear Motor,R Series Gear Motor,travelling machinery gear motor,Electro hydraulic drum brake,Electro hydraulic disc brake,Crane Safety brake,Crane cable trolley,Crane remote controller,Crane pendant controller,Crane electrical control cabinet,Crane limit switch,Crane sound and light alarm,Heavy Duty Aviation Connector,Crane overload limiter\",\"publisher\":{\"@id\":\"https:\/\/www.hnhlcranes.com\/#organization\"},\"potentialAction\":[{\"@type\":\"SearchAction\",\"target\":{\"@type\":\"EntryPoint\",\"urlTemplate\":\"https:\/\/www.hnhlcranes.com\/?s={search_term_string}\"},\"query-input\":{\"@type\":\"PropertyValueSpecification\",\"valueRequired\":true,\"valueName\":\"search_term_string\"}}],\"inLanguage\":\"cs\"},{\"@type\":\"Organization\",\"@id\":\"https:\/\/www.hnhlcranes.com\/#organization\",\"name\":\"Crane Parts Manufacturer\",\"url\":\"https:\/\/www.hnhlcranes.com\/\",\"logo\":{\"@type\":\"ImageObject\",\"inLanguage\":\"cs\",\"@id\":\"https:\/\/www.hnhlcranes.com\/#\/schema\/logo\/image\/\",\"url\":\"https:\/\/www.hnhlcranes.com\/wp-content\/uploads\/2025\/01\/HL-logo-1.png\",\"contentUrl\":\"https:\/\/www.hnhlcranes.com\/wp-content\/uploads\/2025\/01\/HL-logo-1.png\",\"width\":600,\"height\":169,\"caption\":\"Crane Parts Manufacturer\"},\"image\":{\"@id\":\"https:\/\/www.hnhlcranes.com\/#\/schema\/logo\/image\/\"}}]}<\/script>\n<!-- \/ Yoast SEO plugin. -->","yoast_head_json":{"title":"Light Crane Part - Light Crane- Light crane manual trolley-Crane Parts Manufacturer","description":"Light crane Track suspension,Light Crane Parts,C-type steel cable trolley,cable slider,manual trolley,Flexible Track Crane Parts,China Crane Parts Supplier","robots":{"index":"index","follow":"follow","max-snippet":"max-snippet:-1","max-image-preview":"max-image-preview:large","max-video-preview":"max-video-preview:-1"},"canonical":"https:\/\/www.hnhlcranes.com\/cs\/produkt\/lehky-jerab-cast\/","og_locale":"cs_CZ","og_type":"article","og_title":"Light Crane Part - Light Crane- Light crane manual trolley-Crane Parts Manufacturer","og_description":"Light crane Track suspension,Light Crane Parts,C-type steel cable trolley,cable slider,manual trolley,Flexible Track Crane Parts,China Crane Parts Supplier","og_url":"https:\/\/www.hnhlcranes.com\/cs\/produkt\/lehky-jerab-cast\/","og_site_name":"Crane Parts Manufacturer","article_modified_time":"2025-01-14T15:58:30+00:00","og_image":[{"width":600,"height":600,"url":"https:\/\/www.hnhlcranes.com\/wp-content\/uploads\/2024\/12\/Light-Crane-Part.jpg","type":"image\/jpeg"}],"twitter_card":"summary_large_image","twitter_misc":{"Odhadovan\u00e1 doba \u010dten\u00ed":"5 minut"},"schema":{"@context":"https:\/\/schema.org","@graph":[{"@type":"WebPage","@id":"https:\/\/www.hnhlcranes.com\/product\/light-crane-part\/","url":"https:\/\/www.hnhlcranes.com\/product\/light-crane-part\/","name":"Light Crane Part - Light Crane- Light crane manual trolley-Crane Parts Manufacturer","isPartOf":{"@id":"https:\/\/www.hnhlcranes.com\/#website"},"primaryImageOfPage":{"@id":"https:\/\/www.hnhlcranes.com\/product\/light-crane-part\/#primaryimage"},"image":{"@id":"https:\/\/www.hnhlcranes.com\/product\/light-crane-part\/#primaryimage"},"thumbnailUrl":"https:\/\/www.hnhlcranes.com\/wp-content\/uploads\/2024\/12\/Light-Crane-Part.jpg","datePublished":"2024-12-03T16:34:44+00:00","dateModified":"2025-01-14T15:58:30+00:00","description":"Light crane Track suspension,Light Crane Parts,C-type steel cable trolley,cable slider,manual trolley,Flexible Track Crane Parts,China Crane Parts Supplier","breadcrumb":{"@id":"https:\/\/www.hnhlcranes.com\/product\/light-crane-part\/#breadcrumb"},"inLanguage":"cs","potentialAction":[{"@type":"ReadAction","target":["https:\/\/www.hnhlcranes.com\/product\/light-crane-part\/"]}]},{"@type":"ImageObject","inLanguage":"cs","@id":"https:\/\/www.hnhlcranes.com\/product\/light-crane-part\/#primaryimage","url":"https:\/\/www.hnhlcranes.com\/wp-content\/uploads\/2024\/12\/Light-Crane-Part.jpg","contentUrl":"https:\/\/www.hnhlcranes.com\/wp-content\/uploads\/2024\/12\/Light-Crane-Part.jpg","width":600,"height":600},{"@type":"BreadcrumbList","@id":"https:\/\/www.hnhlcranes.com\/product\/light-crane-part\/#breadcrumb","itemListElement":[{"@type":"ListItem","position":1,"name":"home","item":"https:\/\/www.hnhlcranes.com\/"},{"@type":"ListItem","position":2,"name":"products","item":"https:\/\/www.hnhlcranes.com\/products\/"},{"@type":"ListItem","position":3,"name":"Light Crane Part"}]},{"@type":"WebSite","@id":"https:\/\/www.hnhlcranes.com\/#website","url":"https:\/\/www.hnhlcranes.com\/","name":"Crane Parts Manufacturer","description":"Crane Wheels,Crane Drums,Crane Hooks,Crane Coupling,Crane End Carriage,Electric Hoist,European Crane Parts,Crane Rail Clip,Crane Spreader,Crane Motor,Crane Reducer,Crane Brake,Light Crane Parts,Workstation Crane Parts,Crane Electrical Parts,China Crane Parts Supplier,China Crane Parts Manufacturer,Angle box type crane wheel,45 degree split crane wheel,European crane wheel,Crane Wheel Blocks,Overhead crane drum,European crane drum,Overhead crane hook,European crane hook,Crane pulley block,Gear coupling,Brake wheel coupling,Drum gear coupling,Brake wheel drum gear coupling,Cardan Shaft Coupling,WZL drum coupling,Plum blossom elastic coupling,Brake wheel plum elastic coupling,European Single girder crane end carriage,European Double girder crane end carriage,European Suspension  crane end carriage,Wire Rope Electric Hoist,Electric Chain Hoist,European Single Girder Wire Rope Electric Hoist,European Double Girder Wire Rope Electric Hoist,Crane grab,Container spreader,Billet crane clamps,C-type hook,Lifting Electromagnet,YZR crane motor,YZP crane motor,ZQ Reducer,ZSC Reducer,QJ Reducer,QJ-L Reducer,QJY Reducer,H series gearbox,F Series Gear Motor,K Series Gear Motor,R Series Gear Motor,travelling machinery gear motor,Electro hydraulic drum brake,Electro hydraulic disc brake,Crane Safety brake,Crane cable trolley,Crane remote controller,Crane pendant controller,Crane electrical control cabinet,Crane limit switch,Crane sound and light alarm,Heavy Duty Aviation Connector,Crane overload limiter","publisher":{"@id":"https:\/\/www.hnhlcranes.com\/#organization"},"potentialAction":[{"@type":"SearchAction","target":{"@type":"EntryPoint","urlTemplate":"https:\/\/www.hnhlcranes.com\/?s={search_term_string}"},"query-input":{"@type":"PropertyValueSpecification","valueRequired":true,"valueName":"search_term_string"}}],"inLanguage":"cs"},{"@type":"Organization","@id":"https:\/\/www.hnhlcranes.com\/#organization","name":"Crane Parts Manufacturer","url":"https:\/\/www.hnhlcranes.com\/","logo":{"@type":"ImageObject","inLanguage":"cs","@id":"https:\/\/www.hnhlcranes.com\/#\/schema\/logo\/image\/","url":"https:\/\/www.hnhlcranes.com\/wp-content\/uploads\/2025\/01\/HL-logo-1.png","contentUrl":"https:\/\/www.hnhlcranes.com\/wp-content\/uploads\/2025\/01\/HL-logo-1.png","width":600,"height":169,"caption":"Crane Parts Manufacturer"},"image":{"@id":"https:\/\/www.hnhlcranes.com\/#\/schema\/logo\/image\/"}}]}},"_links":{"self":[{"href":"https:\/\/www.hnhlcranes.com\/cs\/wp-json\/wp\/v2\/product\/5677","targetHints":{"allow":["GET"]}}],"collection":[{"href":"https:\/\/www.hnhlcranes.com\/cs\/wp-json\/wp\/v2\/product"}],"about":[{"href":"https:\/\/www.hnhlcranes.com\/cs\/wp-json\/wp\/v2\/types\/product"}],"version-history":[{"count":21,"href":"https:\/\/www.hnhlcranes.com\/cs\/wp-json\/wp\/v2\/product\/5677\/revisions"}],"predecessor-version":[{"id":7425,"href":"https:\/\/www.hnhlcranes.com\/cs\/wp-json\/wp\/v2\/product\/5677\/revisions\/7425"}],"wp:featuredmedia":[{"embeddable":true,"href":"https:\/\/www.hnhlcranes.com\/cs\/wp-json\/wp\/v2\/media\/7402"}],"wp:attachment":[{"href":"https:\/\/www.hnhlcranes.com\/cs\/wp-json\/wp\/v2\/media?parent=5677"}],"wp:term":[{"taxonomy":"product_brand","embeddable":true,"href":"https:\/\/www.hnhlcranes.com\/cs\/wp-json\/wp\/v2\/product_brand?post=5677"},{"taxonomy":"product_cat","embeddable":true,"href":"https:\/\/www.hnhlcranes.com\/cs\/wp-json\/wp\/v2\/product_cat?post=5677"},{"taxonomy":"product_tag","embeddable":true,"href":"https:\/\/www.hnhlcranes.com\/cs\/wp-json\/wp\/v2\/product_tag?post=5677"}],"curies":[{"name":"wp","href":"https:\/\/api.w.org\/{rel}","templated":true}]}}