{"id":5740,"date":"2024-12-05T22:42:34","date_gmt":"2024-12-05T14:42:34","guid":{"rendered":"https:\/\/www.hnhlcranes.com\/?post_type=product&#038;p=5740"},"modified":"2025-01-14T23:36:45","modified_gmt":"2025-01-14T15:36:45","slug":"dalkovy-ovladac-jerabu","status":"publish","type":"product","link":"https:\/\/www.hnhlcranes.com\/cs\/produkt\/dalkovy-ovladac-jerabu\/","title":{"rendered":"D\u00e1lkov\u00fd ovlada\u010d je\u0159\u00e1bu"},"content":{"rendered":"<div class=\"flex max-w-full flex-col flex-grow\">\n<div class=\"min-h-8 text-message flex w-full flex-col items-end gap-2 whitespace-normal break-words [.text-message+&amp;]:mt-5\" dir=\"auto\" data-message-author-role=\"assistant\" data-message-id=\"d22886da-3fb2-45fa-876a-33dd54db9fd5\" data-message-model-slug=\"gpt-4o\">\n<div class=\"flex w-full flex-col gap-1 empty:hidden first:pt-[3px]\">\n<div class=\"markdown prose w-full break-words dark:prose-invert light\">\n<h3>P\u0159ehled d\u00e1lkov\u00e9ho ovl\u00e1d\u00e1n\u00ed je\u0159\u00e1bu<\/h3>\n<p>D\u00e1lkov\u00fd ovlada\u010d je\u0159\u00e1bu je bezdr\u00e1tov\u00e9 ovl\u00e1dac\u00ed za\u0159\u00edzen\u00ed ur\u010den\u00e9 speci\u00e1ln\u011b pro provoz je\u0159\u00e1bu. M\u00e1 \u0161irok\u00e9 vyu\u017eit\u00ed v r\u016fzn\u00fdch pr\u016fmyslov\u00fdch oblastech, jako je v\u00fdroba, logistika, p\u0159\u00edstavy a stavebnictv\u00ed. D\u00edky bezdr\u00e1tov\u00e9 komunikaci s \u0159\u00eddic\u00edm syst\u00e9mem je\u0159\u00e1bu umo\u017e\u0148uje obsluze ovl\u00e1dat funkce je\u0159\u00e1bu na d\u00e1lku, co\u017e v\u00fdrazn\u011b zvy\u0161uje efektivitu i bezpe\u010dnost pr\u00e1ce.<\/p>\n<h3>D\u00e1lkov\u00fd ovlada\u010d je\u0159\u00e1bu Kl\u00ed\u010dov\u00e9 funkce<\/h3>\n<ul>\n<li><strong>Bezdr\u00e1tov\u00e9 ovl\u00e1d\u00e1n\u00ed<\/strong>: D\u00e1lkov\u00fd ovlada\u010d umo\u017e\u0148uje bezdr\u00e1tov\u00e9 ovl\u00e1d\u00e1n\u00ed kl\u00ed\u010dov\u00fdch funkc\u00ed je\u0159\u00e1bu, v\u010detn\u011b spu\u0161t\u011bn\u00ed, zastaven\u00ed, zved\u00e1n\u00ed a p\u0159esunu. To nab\u00edz\u00ed v\u011bt\u0161\u00ed flexibilitu a odstra\u0148uje omezen\u00ed tradi\u010dn\u00edch manu\u00e1ln\u00edch metod ovl\u00e1d\u00e1n\u00ed.<\/li>\n<li><strong>Multifunk\u010dn\u00ed tla\u010d\u00edtka<\/strong>: Ovlada\u010d je vybaven n\u011bkolika tla\u010d\u00edtky, kter\u00e1 umo\u017e\u0148uj\u00ed p\u0159esn\u00e9 ovl\u00e1d\u00e1n\u00ed r\u016fzn\u00fdch funkc\u00ed je\u0159\u00e1bu, jako je zved\u00e1n\u00ed, ot\u00e1\u010den\u00ed, pohyb a nouzov\u00e9 zastaven\u00ed. Tato konstrukce zaji\u0161\u0165uje vysokou m\u00edru provozn\u00ed univerz\u00e1lnosti.<\/li>\n<li><strong>Bezpe\u010dnostn\u00ed prvky<\/strong>: D\u00e1lkov\u00fd ovlada\u010d je vybaven tla\u010d\u00edtkem nouzov\u00e9ho zastaven\u00ed, kter\u00e9 umo\u017e\u0148uje obsluze v p\u0159\u00edpad\u011b nebezpe\u010d\u00ed je\u0159\u00e1b okam\u017eit\u011b zastavit. N\u011bkter\u00e9 modely nav\u00edc zobrazuj\u00ed stav nabit\u00ed bateri\u00ed, co\u017e obsluze umo\u017e\u0148uje vym\u011bnit baterie d\u0159\u00edve, ne\u017e se vybij\u00ed.<\/li>\n<li><strong>D\u00e1lkov\u00e9 ovl\u00e1d\u00e1n\u00ed<\/strong>: Pomoc\u00ed d\u00e1lkov\u00e9ho ovlada\u010de m\u016f\u017ee obsluha prov\u00e1d\u011bt operace je\u0159\u00e1bu z bezpe\u010dn\u00e9 vzd\u00e1lenosti, co\u017e minimalizuje vystaven\u00ed nebezpe\u010dn\u00e9mu prost\u0159ed\u00ed a sni\u017euje riziko nehod.<\/li>\n<li><strong>V\u00edce provozn\u00edch re\u017eim\u016f<\/strong>: N\u011bkter\u00e9 modely nab\u00edzej\u00ed r\u016fzn\u00e9 provozn\u00ed re\u017eimy, nap\u0159\u00edklad jednorychlostn\u00ed, variabiln\u00ed a dvourychlostn\u00ed ovl\u00e1d\u00e1n\u00ed. To umo\u017e\u0148uje nastaven\u00ed na z\u00e1klad\u011b specifick\u00fdch provozn\u00edch po\u017eadavk\u016f, co\u017e d\u00e1le zvy\u0161uje flexibilitu ovl\u00e1d\u00e1n\u00ed.<\/li>\n<\/ul>\n<h3>Kl\u00ed\u010dov\u00e9 vlastnosti<\/h3>\n<ul>\n<li><strong>Snadnost pou\u017eit\u00ed<\/strong>: D\u00e1lkov\u00fd ovlada\u010d s intuitivn\u00edm rozhran\u00edm a rozlo\u017een\u00edm tla\u010d\u00edtek umo\u017e\u0148uje obsluze rychle se nau\u010dit, jak jej ovl\u00e1dat, a efektivn\u011b prov\u00e1d\u011bt \u00fakoly je\u0159\u00e1bu.<\/li>\n<li><strong>Efektivita<\/strong>: \u0158\u00eddic\u00ed jednotka reaguje na p\u0159\u00edkazy okam\u017eit\u011b, co\u017e urychluje operace a sni\u017euje fyzickou z\u00e1t\u011b\u017e obsluhy.<\/li>\n<li><strong>Stabilita<\/strong>: D\u00edky pokro\u010dil\u00e9 bezdr\u00e1tov\u00e9 technologii zaji\u0161\u0165uje ovlada\u010d stabiln\u00ed p\u0159enos sign\u00e1lu a zabra\u0148uje ru\u0161en\u00ed, kter\u00e9 by mohlo v\u00e9st k nespr\u00e1vn\u00e9 funkci.<\/li>\n<li><strong>Odolnost<\/strong>: Kryt ovlada\u010de je vyroben z odoln\u00fdch materi\u00e1l\u016f odoln\u00fdch proti n\u00e1raz\u016fm, tak\u017ee odol\u00e1 n\u00e1ro\u010dn\u00fdm pracovn\u00edm podm\u00ednk\u00e1m a dlouho vydr\u017e\u00ed.<\/li>\n<\/ul>\n<h3>Aplikace<\/h3>\n<ul>\n<li><strong>Je\u0159\u00e1by<\/strong>: D\u00e1lkov\u00fd ovlada\u010d se b\u011b\u017en\u011b pou\u017e\u00edv\u00e1 u je\u0159\u00e1b\u016f, jako jsou mostov\u00e9 je\u0159\u00e1by, port\u00e1lov\u00e9 je\u0159\u00e1by a je\u0159\u00e1by s v\u00fdlo\u017en\u00edkem, a zaji\u0161\u0165uje efektivn\u00ed a bezpe\u010dn\u00fd provoz p\u0159i r\u016fzn\u00fdch zvedac\u00edch \u00fakolech.<\/li>\n<li><strong>Pr\u016fmyslov\u00e9 d\u00edlny<\/strong>: Ve velk\u00fdch v\u00fdrobn\u00edch z\u00e1vodech obsluha pomoc\u00ed d\u00e1lkov\u00e9ho ovlada\u010de p\u0159esn\u011b \u0159\u00edd\u00ed je\u0159\u00e1by a zaji\u0161\u0165uje plynul\u00fd provoz v\u00fdrobn\u00ed linky.<\/li>\n<li><strong>P\u0159\u00edstavn\u00ed logistika<\/strong>: V p\u0159\u00edstavech umo\u017e\u0148uj\u00ed d\u00e1lkov\u00e9 ovlada\u010de obsluze ovl\u00e1dat je\u0159\u00e1by a nakl\u00e1dac\u00ed\/vykl\u00e1dac\u00ed za\u0159\u00edzen\u00ed z bezpe\u010dn\u00e9 vzd\u00e1lenosti, \u010d\u00edm\u017e se minimalizuje potenci\u00e1ln\u00ed nebezpe\u010d\u00ed.<\/li>\n<\/ul>\n<h3>Z\u00e1v\u011br<\/h3>\n<p>Z\u00e1v\u011brem lze \u0159\u00edci, \u017ee d\u00e1lkov\u00e9 ovlada\u010de je\u0159\u00e1b\u016f jsou nezbytn\u00fdm n\u00e1strojem pro modern\u00ed je\u0159\u00e1bnick\u00e9 provozy. Vyu\u017eit\u00edm bezdr\u00e1tov\u00e9 \u0159\u00eddic\u00ed technologie zvy\u0161uje bezpe\u010dnost a efektivitu a nab\u00edz\u00ed obsluze flexibilitu p\u0159i d\u00e1lkov\u00e9m ovl\u00e1d\u00e1n\u00ed je\u0159\u00e1b\u016f. To zlep\u0161uje bezpe\u010dnost, zvy\u0161uje produktivitu a p\u0159isp\u00edv\u00e1 k bezpe\u010dn\u011bj\u0161\u00edmu a efektivn\u011bj\u0161\u00edmu pracovn\u00edmu prost\u0159ed\u00ed.<\/p>\n<\/div>\n<\/div>\n<\/div>\n<\/div>\n<p>&nbsp;<\/p>","protected":false},"excerpt":{"rendered":"<h6><strong><span style=\"font-family: arial, helvetica, sans-serif; font-size: 14pt;\">Specifikace d\u00e1lkov\u00e9ho ovlada\u010de je\u0159\u00e1bu<\/span><\/strong><\/h6>\n<ul>\n<li><strong>Mo\u017enosti modelu<\/strong>: F24-6D, F24-8D, F24-10D, F24-12D, F24-60<\/li>\n<li><strong>Mo\u017enosti tla\u010d\u00edtek<\/strong>: 6, 8, 10, 12 tla\u010d\u00edtek nebo ovl\u00e1d\u00e1n\u00ed joystickem<\/li>\n<li><strong>Stupe\u0148 ochrany<\/strong>: IP65<\/li>\n<li><strong>Frekven\u010dn\u00ed rozsah<\/strong>: VHF: 310-331 MHz; UHF: 425-446 MHz<\/li>\n<li><strong>Mo\u017enosti nap\u00e1jen\u00ed p\u0159ij\u00edma\u010de<\/strong>: 24V, 36V, 220V, 380V (voliteln\u011b)<\/li>\n<li><strong>Provozn\u00ed teplota<\/strong>: -40\u00b0C a\u017e +85\u00b0C<\/li>\n<li><strong>Kontroln\u00ed vzd\u00e1lenost<\/strong>: A\u017e 100 m v otev\u0159en\u00e9m prost\u0159ed\u00ed<\/li>\n<\/ul>","protected":false},"featured_media":7455,"template":"","meta":{"_kad_post_transparent":"default","_kad_post_title":"","_kad_post_layout":"default","_kad_post_sidebar_id":"","_kad_post_content_style":"default","_kad_post_vertical_padding":"show","_kad_post_feature":"","_kad_post_feature_position":"","_kad_post_header":false,"_kad_post_footer":false},"product_brand":[],"product_cat":[65],"product_tag":[632,622,376,634,612,616,626,627,629,613,617,620,615,614,618,628,619,621,623,630,635,633,625,631,624],"class_list":{"0":"post-5740","1":"product","2":"type-product","3":"status-publish","4":"has-post-thumbnail","6":"product_cat-crane-electrical-parts","7":"product_tag-aviation-plug","8":"product_tag-cable-trolley","9":"product_tag-china-crane-parts-supplier","10":"product_tag-crane-aviation-plug","11":"product_tag-crane-cable-trolley","12":"product_tag-crane-control-cabinet","13":"product_tag-crane-control-handle","14":"product_tag-crane-controls","15":"product_tag-crane-electrical-control-cabinet","16":"product_tag-crane-electrical-part","17":"product_tag-crane-limit-switch","18":"product_tag-crane-overload-limiter","19":"product_tag-crane-pendant-controller","20":"product_tag-crane-remote-controller","21":"product_tag-crane-sound-and-light-alarm","22":"product_tag-electrical-control-cabinet","23":"product_tag-heavy-duty-aviation-connector","24":"product_tag-i-beam-cable-trolley","25":"product_tag-i-beam-cable-trolley-supplier","26":"product_tag-limit-switch","27":"product_tag-overload-limiter","28":"product_tag-quick-connector","29":"product_tag-remote-controller","30":"product_tag-sound-and-light-alarm","31":"product_tag-wireless-remote-control","33":"first","34":"instock","35":"shipping-taxable","36":"product-type-simple","37":"entry","38":"content-bg","39":"loop-entry"},"yoast_head":"<!-- This site is optimized with the Yoast SEO plugin v24.5 - https:\/\/yoast.com\/wordpress\/plugins\/seo\/ -->\n<title>Crane remote controller - Wireless remote control-remote controller- Crane Parts Manufacturer<\/title>\n<meta name=\"description\" content=\"Crane remote controller,Wireless remote control,remote controller, remote controller manufacturer,remote controller Supplier,Crane Electrical Parts\" \/>\n<meta name=\"robots\" content=\"index, follow, max-snippet:-1, max-image-preview:large, max-video-preview:-1\" \/>\n<link rel=\"canonical\" href=\"https:\/\/www.hnhlcranes.com\/cs\/produkt\/dalkovy-ovladac-jerabu\/\" \/>\n<meta property=\"og:locale\" content=\"cs_CZ\" \/>\n<meta property=\"og:type\" content=\"article\" \/>\n<meta property=\"og:title\" content=\"Crane remote controller - Wireless remote control-remote controller- Crane Parts Manufacturer\" \/>\n<meta property=\"og:description\" content=\"Crane remote controller,Wireless remote control,remote controller, remote controller manufacturer,remote controller Supplier,Crane Electrical Parts\" \/>\n<meta property=\"og:url\" content=\"https:\/\/www.hnhlcranes.com\/cs\/produkt\/dalkovy-ovladac-jerabu\/\" \/>\n<meta property=\"og:site_name\" content=\"Crane Parts Manufacturer\" \/>\n<meta property=\"article:modified_time\" content=\"2025-01-14T15:36:45+00:00\" \/>\n<meta property=\"og:image\" content=\"https:\/\/www.hnhlcranes.com\/wp-content\/uploads\/2024\/12\/Crane-remote-controller.jpg\" \/>\n\t<meta property=\"og:image:width\" content=\"600\" \/>\n\t<meta property=\"og:image:height\" content=\"600\" \/>\n\t<meta property=\"og:image:type\" content=\"image\/jpeg\" \/>\n<meta name=\"twitter:card\" content=\"summary_large_image\" \/>\n<meta name=\"twitter:label1\" content=\"Odhadovan\u00e1 doba \u010dten\u00ed\" \/>\n\t<meta name=\"twitter:data1\" content=\"3 minuty\" \/>\n<script type=\"application\/ld+json\" class=\"yoast-schema-graph\">{\"@context\":\"https:\/\/schema.org\",\"@graph\":[{\"@type\":\"WebPage\",\"@id\":\"https:\/\/www.hnhlcranes.com\/product\/crane-remote-controller\/\",\"url\":\"https:\/\/www.hnhlcranes.com\/product\/crane-remote-controller\/\",\"name\":\"Crane remote controller - Wireless remote control-remote controller- Crane Parts Manufacturer\",\"isPartOf\":{\"@id\":\"https:\/\/www.hnhlcranes.com\/#website\"},\"primaryImageOfPage\":{\"@id\":\"https:\/\/www.hnhlcranes.com\/product\/crane-remote-controller\/#primaryimage\"},\"image\":{\"@id\":\"https:\/\/www.hnhlcranes.com\/product\/crane-remote-controller\/#primaryimage\"},\"thumbnailUrl\":\"https:\/\/www.hnhlcranes.com\/wp-content\/uploads\/2024\/12\/Crane-remote-controller.jpg\",\"datePublished\":\"2024-12-05T14:42:34+00:00\",\"dateModified\":\"2025-01-14T15:36:45+00:00\",\"description\":\"Crane remote controller,Wireless remote control,remote controller, remote controller manufacturer,remote controller Supplier,Crane Electrical Parts\",\"breadcrumb\":{\"@id\":\"https:\/\/www.hnhlcranes.com\/product\/crane-remote-controller\/#breadcrumb\"},\"inLanguage\":\"cs\",\"potentialAction\":[{\"@type\":\"ReadAction\",\"target\":[\"https:\/\/www.hnhlcranes.com\/product\/crane-remote-controller\/\"]}]},{\"@type\":\"ImageObject\",\"inLanguage\":\"cs\",\"@id\":\"https:\/\/www.hnhlcranes.com\/product\/crane-remote-controller\/#primaryimage\",\"url\":\"https:\/\/www.hnhlcranes.com\/wp-content\/uploads\/2024\/12\/Crane-remote-controller.jpg\",\"contentUrl\":\"https:\/\/www.hnhlcranes.com\/wp-content\/uploads\/2024\/12\/Crane-remote-controller.jpg\",\"width\":600,\"height\":600},{\"@type\":\"BreadcrumbList\",\"@id\":\"https:\/\/www.hnhlcranes.com\/product\/crane-remote-controller\/#breadcrumb\",\"itemListElement\":[{\"@type\":\"ListItem\",\"position\":1,\"name\":\"home\",\"item\":\"https:\/\/www.hnhlcranes.com\/\"},{\"@type\":\"ListItem\",\"position\":2,\"name\":\"products\",\"item\":\"https:\/\/www.hnhlcranes.com\/products\/\"},{\"@type\":\"ListItem\",\"position\":3,\"name\":\"Crane remote controller\"}]},{\"@type\":\"WebSite\",\"@id\":\"https:\/\/www.hnhlcranes.com\/#website\",\"url\":\"https:\/\/www.hnhlcranes.com\/\",\"name\":\"Crane Parts Manufacturer\",\"description\":\"Crane Wheels,Crane Drums,Crane Hooks,Crane Coupling,Crane End Carriage,Electric Hoist,European Crane Parts,Crane Rail Clip,Crane Spreader,Crane Motor,Crane Reducer,Crane Brake,Light Crane Parts,Workstation Crane Parts,Crane Electrical Parts,China Crane Parts Supplier,China Crane Parts Manufacturer,Angle box type crane wheel,45 degree split crane wheel,European crane wheel,Crane Wheel Blocks,Overhead crane drum,European crane drum,Overhead crane hook,European crane hook,Crane pulley block,Gear coupling,Brake wheel coupling,Drum gear coupling,Brake wheel drum gear coupling,Cardan Shaft Coupling,WZL drum coupling,Plum blossom elastic coupling,Brake wheel plum elastic coupling,European Single girder crane end carriage,European Double girder crane end carriage,European Suspension  crane end carriage,Wire Rope Electric Hoist,Electric Chain Hoist,European Single Girder Wire Rope Electric Hoist,European Double Girder Wire Rope Electric Hoist,Crane grab,Container spreader,Billet crane clamps,C-type hook,Lifting Electromagnet,YZR crane motor,YZP crane motor,ZQ Reducer,ZSC Reducer,QJ Reducer,QJ-L Reducer,QJY Reducer,H series gearbox,F Series Gear Motor,K Series Gear Motor,R Series Gear Motor,travelling machinery gear motor,Electro hydraulic drum brake,Electro hydraulic disc brake,Crane Safety brake,Crane cable trolley,Crane remote controller,Crane pendant controller,Crane electrical control cabinet,Crane limit switch,Crane sound and light alarm,Heavy Duty Aviation Connector,Crane overload limiter\",\"publisher\":{\"@id\":\"https:\/\/www.hnhlcranes.com\/#organization\"},\"potentialAction\":[{\"@type\":\"SearchAction\",\"target\":{\"@type\":\"EntryPoint\",\"urlTemplate\":\"https:\/\/www.hnhlcranes.com\/?s={search_term_string}\"},\"query-input\":{\"@type\":\"PropertyValueSpecification\",\"valueRequired\":true,\"valueName\":\"search_term_string\"}}],\"inLanguage\":\"cs\"},{\"@type\":\"Organization\",\"@id\":\"https:\/\/www.hnhlcranes.com\/#organization\",\"name\":\"Crane Parts Manufacturer\",\"url\":\"https:\/\/www.hnhlcranes.com\/\",\"logo\":{\"@type\":\"ImageObject\",\"inLanguage\":\"cs\",\"@id\":\"https:\/\/www.hnhlcranes.com\/#\/schema\/logo\/image\/\",\"url\":\"https:\/\/www.hnhlcranes.com\/wp-content\/uploads\/2025\/01\/HL-logo-1.png\",\"contentUrl\":\"https:\/\/www.hnhlcranes.com\/wp-content\/uploads\/2025\/01\/HL-logo-1.png\",\"width\":600,\"height\":169,\"caption\":\"Crane Parts Manufacturer\"},\"image\":{\"@id\":\"https:\/\/www.hnhlcranes.com\/#\/schema\/logo\/image\/\"}}]}<\/script>\n<!-- \/ Yoast SEO plugin. -->","yoast_head_json":{"title":"Crane remote controller - Wireless remote control-remote controller- Crane Parts Manufacturer","description":"Crane remote controller,Wireless remote control,remote controller, remote controller manufacturer,remote controller Supplier,Crane Electrical Parts","robots":{"index":"index","follow":"follow","max-snippet":"max-snippet:-1","max-image-preview":"max-image-preview:large","max-video-preview":"max-video-preview:-1"},"canonical":"https:\/\/www.hnhlcranes.com\/cs\/produkt\/dalkovy-ovladac-jerabu\/","og_locale":"cs_CZ","og_type":"article","og_title":"Crane remote controller - Wireless remote control-remote controller- Crane Parts Manufacturer","og_description":"Crane remote controller,Wireless remote control,remote controller, remote controller manufacturer,remote controller Supplier,Crane Electrical Parts","og_url":"https:\/\/www.hnhlcranes.com\/cs\/produkt\/dalkovy-ovladac-jerabu\/","og_site_name":"Crane Parts Manufacturer","article_modified_time":"2025-01-14T15:36:45+00:00","og_image":[{"width":600,"height":600,"url":"https:\/\/www.hnhlcranes.com\/wp-content\/uploads\/2024\/12\/Crane-remote-controller.jpg","type":"image\/jpeg"}],"twitter_card":"summary_large_image","twitter_misc":{"Odhadovan\u00e1 doba \u010dten\u00ed":"3 minuty"},"schema":{"@context":"https:\/\/schema.org","@graph":[{"@type":"WebPage","@id":"https:\/\/www.hnhlcranes.com\/product\/crane-remote-controller\/","url":"https:\/\/www.hnhlcranes.com\/product\/crane-remote-controller\/","name":"Crane remote controller - Wireless remote control-remote controller- Crane Parts Manufacturer","isPartOf":{"@id":"https:\/\/www.hnhlcranes.com\/#website"},"primaryImageOfPage":{"@id":"https:\/\/www.hnhlcranes.com\/product\/crane-remote-controller\/#primaryimage"},"image":{"@id":"https:\/\/www.hnhlcranes.com\/product\/crane-remote-controller\/#primaryimage"},"thumbnailUrl":"https:\/\/www.hnhlcranes.com\/wp-content\/uploads\/2024\/12\/Crane-remote-controller.jpg","datePublished":"2024-12-05T14:42:34+00:00","dateModified":"2025-01-14T15:36:45+00:00","description":"Crane remote controller,Wireless remote control,remote controller, remote controller manufacturer,remote controller Supplier,Crane Electrical Parts","breadcrumb":{"@id":"https:\/\/www.hnhlcranes.com\/product\/crane-remote-controller\/#breadcrumb"},"inLanguage":"cs","potentialAction":[{"@type":"ReadAction","target":["https:\/\/www.hnhlcranes.com\/product\/crane-remote-controller\/"]}]},{"@type":"ImageObject","inLanguage":"cs","@id":"https:\/\/www.hnhlcranes.com\/product\/crane-remote-controller\/#primaryimage","url":"https:\/\/www.hnhlcranes.com\/wp-content\/uploads\/2024\/12\/Crane-remote-controller.jpg","contentUrl":"https:\/\/www.hnhlcranes.com\/wp-content\/uploads\/2024\/12\/Crane-remote-controller.jpg","width":600,"height":600},{"@type":"BreadcrumbList","@id":"https:\/\/www.hnhlcranes.com\/product\/crane-remote-controller\/#breadcrumb","itemListElement":[{"@type":"ListItem","position":1,"name":"home","item":"https:\/\/www.hnhlcranes.com\/"},{"@type":"ListItem","position":2,"name":"products","item":"https:\/\/www.hnhlcranes.com\/products\/"},{"@type":"ListItem","position":3,"name":"Crane remote controller"}]},{"@type":"WebSite","@id":"https:\/\/www.hnhlcranes.com\/#website","url":"https:\/\/www.hnhlcranes.com\/","name":"Crane Parts Manufacturer","description":"Crane Wheels,Crane Drums,Crane Hooks,Crane Coupling,Crane End Carriage,Electric Hoist,European Crane Parts,Crane Rail Clip,Crane Spreader,Crane Motor,Crane Reducer,Crane Brake,Light Crane Parts,Workstation Crane Parts,Crane Electrical Parts,China Crane Parts Supplier,China Crane Parts Manufacturer,Angle box type crane wheel,45 degree split crane wheel,European crane wheel,Crane Wheel Blocks,Overhead crane drum,European crane drum,Overhead crane hook,European crane hook,Crane pulley block,Gear coupling,Brake wheel coupling,Drum gear coupling,Brake wheel drum gear coupling,Cardan Shaft Coupling,WZL drum coupling,Plum blossom elastic coupling,Brake wheel plum elastic coupling,European Single girder crane end carriage,European Double girder crane end carriage,European Suspension  crane end carriage,Wire Rope Electric Hoist,Electric Chain Hoist,European Single Girder Wire Rope Electric Hoist,European Double Girder Wire Rope Electric Hoist,Crane grab,Container spreader,Billet crane clamps,C-type hook,Lifting Electromagnet,YZR crane motor,YZP crane motor,ZQ Reducer,ZSC Reducer,QJ Reducer,QJ-L Reducer,QJY Reducer,H series gearbox,F Series Gear Motor,K Series Gear Motor,R Series Gear Motor,travelling machinery gear motor,Electro hydraulic drum brake,Electro hydraulic disc brake,Crane Safety brake,Crane cable trolley,Crane remote controller,Crane pendant controller,Crane electrical control cabinet,Crane limit switch,Crane sound and light alarm,Heavy Duty Aviation Connector,Crane overload limiter","publisher":{"@id":"https:\/\/www.hnhlcranes.com\/#organization"},"potentialAction":[{"@type":"SearchAction","target":{"@type":"EntryPoint","urlTemplate":"https:\/\/www.hnhlcranes.com\/?s={search_term_string}"},"query-input":{"@type":"PropertyValueSpecification","valueRequired":true,"valueName":"search_term_string"}}],"inLanguage":"cs"},{"@type":"Organization","@id":"https:\/\/www.hnhlcranes.com\/#organization","name":"Crane Parts Manufacturer","url":"https:\/\/www.hnhlcranes.com\/","logo":{"@type":"ImageObject","inLanguage":"cs","@id":"https:\/\/www.hnhlcranes.com\/#\/schema\/logo\/image\/","url":"https:\/\/www.hnhlcranes.com\/wp-content\/uploads\/2025\/01\/HL-logo-1.png","contentUrl":"https:\/\/www.hnhlcranes.com\/wp-content\/uploads\/2025\/01\/HL-logo-1.png","width":600,"height":169,"caption":"Crane Parts Manufacturer"},"image":{"@id":"https:\/\/www.hnhlcranes.com\/#\/schema\/logo\/image\/"}}]}},"_links":{"self":[{"href":"https:\/\/www.hnhlcranes.com\/cs\/wp-json\/wp\/v2\/product\/5740","targetHints":{"allow":["GET"]}}],"collection":[{"href":"https:\/\/www.hnhlcranes.com\/cs\/wp-json\/wp\/v2\/product"}],"about":[{"href":"https:\/\/www.hnhlcranes.com\/cs\/wp-json\/wp\/v2\/types\/product"}],"version-history":[{"count":3,"href":"https:\/\/www.hnhlcranes.com\/cs\/wp-json\/wp\/v2\/product\/5740\/revisions"}],"predecessor-version":[{"id":7458,"href":"https:\/\/www.hnhlcranes.com\/cs\/wp-json\/wp\/v2\/product\/5740\/revisions\/7458"}],"wp:featuredmedia":[{"embeddable":true,"href":"https:\/\/www.hnhlcranes.com\/cs\/wp-json\/wp\/v2\/media\/7455"}],"wp:attachment":[{"href":"https:\/\/www.hnhlcranes.com\/cs\/wp-json\/wp\/v2\/media?parent=5740"}],"wp:term":[{"taxonomy":"product_brand","embeddable":true,"href":"https:\/\/www.hnhlcranes.com\/cs\/wp-json\/wp\/v2\/product_brand?post=5740"},{"taxonomy":"product_cat","embeddable":true,"href":"https:\/\/www.hnhlcranes.com\/cs\/wp-json\/wp\/v2\/product_cat?post=5740"},{"taxonomy":"product_tag","embeddable":true,"href":"https:\/\/www.hnhlcranes.com\/cs\/wp-json\/wp\/v2\/product_tag?post=5740"}],"curies":[{"name":"wp","href":"https:\/\/api.w.org\/{rel}","templated":true}]}}