{"id":5753,"date":"2024-12-05T22:58:36","date_gmt":"2024-12-05T14:58:36","guid":{"rendered":"https:\/\/www.hnhlcranes.com\/?post_type=product&#038;p=5753"},"modified":"2025-01-14T23:46:32","modified_gmt":"2025-01-14T15:46:32","slug":"zavesny-ovladac-jerabu","status":"publish","type":"product","link":"https:\/\/www.hnhlcranes.com\/cs\/produkt\/zavesny-ovladac-jerabu\/","title":{"rendered":"Z\u00e1v\u011bsn\u00fd ovlada\u010d je\u0159\u00e1bu"},"content":{"rendered":"<h3>ntroduction to Crane Pendant Controller (\u00davod do p\u0159\u00edv\u011bsn\u00e9ho ovlada\u010de je\u0159\u00e1bu)<\/h3>\n<p>P\u0159\u00edv\u011bsn\u00fd ovlada\u010d je\u0159\u00e1bu je ur\u010den p\u0159edev\u0161\u00edm k \u0159\u00edzen\u00ed r\u016fzn\u00fdch funkc\u00ed je\u0159\u00e1bu, jako je spou\u0161t\u011bn\u00ed, zastavov\u00e1n\u00ed a \u0159\u00edzen\u00ed sm\u011brov\u00e9ho pohybu. Nab\u00edz\u00ed spolehliv\u00e9 \u0159e\u0161en\u00ed pro provoz je\u0159\u00e1b\u016f i kladkostroj\u016f v nejr\u016fzn\u011bj\u0161\u00edch prost\u0159ed\u00edch, a\u0165 u\u017e vnit\u0159n\u00edch nebo venkovn\u00edch. N\u00ed\u017ee se budeme podrobn\u011b zab\u00fdvat jeho aplikacemi, zp\u016fsoby obsluhy, bezpe\u010dnostn\u00edmi prvky a po\u017eadavky na \u00fadr\u017ebu.<\/p>\n<h3>Rozsah pou\u017eit\u00ed a pracovn\u00ed prost\u0159ed\u00ed<\/h3>\n<p>Z\u00e1v\u011bsn\u00fd ovlada\u010d je\u0159\u00e1bu je vhodn\u00fd pro \u0159\u00eddic\u00ed syst\u00e9my pracuj\u00edc\u00ed za n\u00e1sleduj\u00edc\u00edch podm\u00ednek:<\/p>\n<ul>\n<li><strong>Nap\u00e1jen\u00ed st\u0159\u00eddav\u00fdm proudem:<\/strong> Pracuje p\u0159i 50 Hz nebo 60 Hz, s nap\u011bt\u00edm a\u017e 380 V.<\/li>\n<li><strong>Nap\u00e1jen\u00ed stejnosm\u011brn\u00fdm proudem:<\/strong> Vhodn\u00e9 pro pracovn\u00ed nap\u011bt\u00ed a\u017e 220 V.<\/li>\n<\/ul>\n<p>\u0158\u00eddic\u00ed jednotka je navr\u017eena pro v\u0161estrann\u00e9 pou\u017eit\u00ed a je odoln\u00e1 proti de\u0161ti, sn\u011bhu a prachu, tak\u017ee je ide\u00e1ln\u00ed volbou pro venkovn\u00ed aplikace, v\u010detn\u011b je\u0159\u00e1b\u016f a elektrick\u00fdch kladkostroj\u016f v n\u00e1ro\u010dn\u00fdch pov\u011btrnostn\u00edch podm\u00ednk\u00e1ch.<\/p>\n<h3>Provozn\u00ed metody a funkce<\/h3>\n<p>Z\u00e1v\u011bsn\u00fd ovlada\u010d je\u0159\u00e1bu se ovl\u00e1d\u00e1 pomoc\u00ed tla\u010d\u00edtek um\u00edst\u011bn\u00fdch na ovl\u00e1dac\u00ed rukojeti a obsahuje n\u011bkolik kl\u00ed\u010dov\u00fdch funkc\u00ed, kter\u00e9 zvy\u0161uj\u00ed bezpe\u010dnost i funk\u010dnost:<\/p>\n<ul>\n<li><strong>Sp\u00edna\u010d nouzov\u00e9ho zastaven\u00ed:<\/strong> \u0158\u00eddic\u00ed jednotka je vybavena h\u0159ibovit\u00fdm sp\u00edna\u010dem nouzov\u00e9ho zastaven\u00ed s oto\u010dn\u00fdm resetem, kter\u00fd umo\u017e\u0148uje rychl\u00e9 vypnut\u00ed motoru v p\u0159\u00edpad\u011b nouze a zaji\u0161\u0165uje rychlou reakci na potenci\u00e1ln\u00ed nebezpe\u010d\u00ed.<\/li>\n<li><strong>Sm\u011brov\u00e9 \u0159\u00edzen\u00ed:<\/strong> Ovlada\u010d pou\u017e\u00edv\u00e1 tla\u010d\u00edtka s mezin\u00e1rodn\u011b uzn\u00e1van\u00fdmi symboly \u0161ipek. Nav\u00edc jsou protilehl\u00e1 sm\u011brov\u00e1 tla\u010d\u00edtka mechanicky blokov\u00e1na, aby se zabr\u00e1nilo jejich sou\u010dasn\u00e9mu ovl\u00e1d\u00e1n\u00ed, co\u017e chr\u00e1n\u00ed p\u0159ed n\u00e1hodn\u00fdm zneu\u017eit\u00edm.<\/li>\n<li><strong>Zav\u011b\u0161en\u00ed kabel\u016f:<\/strong> Rukoje\u0165 je zav\u011b\u0161ena pomoc\u00ed m\u011bkk\u00fdch tenk\u00fdch ocelov\u00fdch dr\u00e1t\u016f pod elektrickou sk\u0159\u00ed\u0148kou. Tato konstrukce minimalizuje nam\u00e1h\u00e1n\u00ed kabel\u016f a pom\u00e1h\u00e1 p\u0159edch\u00e1zet po\u0161kozen\u00ed j\u00e1dra, \u010d\u00edm\u017e podporuje dlouhou \u017eivotnost a spolehliv\u00fd v\u00fdkon.<\/li>\n<\/ul>\n<h3>Bezpe\u010dnostn\u00ed prvky a ochrana<\/h3>\n<p>Z\u00e1v\u011bsn\u00fd ovlada\u010d je\u0159\u00e1bu je vybaven n\u011bkolika bezpe\u010dnostn\u00edmi mechanismy, kter\u00e9 zaji\u0161\u0165uj\u00ed bezpe\u010dnost obsluhy i \u017eivotnost za\u0159\u00edzen\u00ed:<\/p>\n<ul>\n<li><strong>Vodot\u011bsnost a odolnost:<\/strong> \u0158\u00eddic\u00ed jednotka je speci\u00e1ln\u011b navr\u017eena tak, aby odol\u00e1vala n\u00e1ro\u010dn\u00fdm podm\u00ednk\u00e1m prost\u0159ed\u00ed, a zaji\u0161\u0165uje tak konzistentn\u00ed a spolehliv\u00fd v\u00fdkon i v n\u00e1ro\u010dn\u00fdch pov\u011btrnostn\u00edch podm\u00ednk\u00e1ch.<\/li>\n<li><strong>N\u00edzk\u00e9 \u0159\u00eddic\u00ed nap\u011bt\u00ed:<\/strong> Nap\u011bt\u00ed ovl\u00e1dac\u00edho tla\u010d\u00edtka je omezeno na 36 V, co\u017e zvy\u0161uje bezpe\u010dnost obsluhy a sni\u017euje riziko \u00farazu elektrick\u00fdm proudem p\u0159i pou\u017e\u00edv\u00e1n\u00ed.<\/li>\n<li><strong>Vysok\u00fd stupe\u0148 ochrany:<\/strong> D\u00edky p\u016fsobiv\u00e9mu stupni kryt\u00ed IP65 je ovlada\u010d odoln\u00fd v\u016f\u010di vod\u011b i prachu, co\u017e zaji\u0161\u0165uje jeho funk\u010dnost v extr\u00e9mn\u00edch podm\u00ednk\u00e1ch.<\/li>\n<li><strong>Izolace a odolnost:<\/strong> Pou\u017eit\u00ed vysoce kvalitn\u00edch izola\u010dn\u00edch materi\u00e1l\u016f zaru\u010duje bezpe\u010dn\u00fd a spolehliv\u00fd provoz i ve vlhk\u00e9m nebo nep\u0159\u00edzniv\u00e9m prost\u0159ed\u00ed.<\/li>\n<\/ul>\n<h3>\u00dadr\u017eba a p\u00e9\u010de<\/h3>\n<p>Pro zaji\u0161t\u011bn\u00ed dlouhodob\u00e9 stability a funk\u010dnosti z\u00e1v\u011bsn\u00e9ho ovlada\u010de je\u0159\u00e1bu je nezbytn\u00e1 pravideln\u00e1 \u00fadr\u017eba. Zde je n\u011bkolik kl\u00ed\u010dov\u00fdch tip\u016f pro \u00fadr\u017ebu:<\/p>\n<ul>\n<li><strong>Kontrola tla\u010d\u00edtka a nouzov\u00e9ho zastaven\u00ed:<\/strong> Pravideln\u011b kontrolujte tla\u010d\u00edtka a sp\u00edna\u010d nouzov\u00e9ho zastaven\u00ed, abyste se ujistili, \u017ee jsou pln\u011b funk\u010dn\u00ed a v p\u0159\u00edpad\u011b pot\u0159eby je lze rychle resetovat.<\/li>\n<li><strong>Viditelnost symbolu:<\/strong> Pravideln\u011b kontrolujte popisky tla\u010d\u00edtek, aby byly jasn\u00e9 a viditeln\u00e9 a usnad\u0148ovaly intuitivn\u00ed ovl\u00e1d\u00e1n\u00ed.<\/li>\n<li><strong>Integrita syst\u00e9mu zav\u011b\u0161en\u00ed:<\/strong> Zkontrolujte, zda je syst\u00e9m zav\u011b\u0161en\u00ed rukojeti bezpe\u010dn\u011b upevn\u011bn. To pom\u00e1h\u00e1 zabr\u00e1nit nadm\u011brn\u00e9mu nam\u00e1h\u00e1n\u00ed kabel\u016f a chr\u00e1n\u00ed ovlada\u010d p\u0159ed mo\u017en\u00fdm po\u0161kozen\u00edm.<\/li>\n<li><strong>Ochrana \u017eivotn\u00edho prost\u0159ed\u00ed:<\/strong> Skladujte a provozujte \u0159\u00eddic\u00ed jednotku v podm\u00ednk\u00e1ch, kter\u00e9 minimalizuj\u00ed dlouhodob\u00e9 vystaven\u00ed extr\u00e9mn\u00edm pov\u011btrnostn\u00edm vliv\u016fm, \u010d\u00edm\u017e se zachov\u00e1 jej\u00ed funk\u010dnost a \u017eivotnost.<\/li>\n<\/ul>","protected":false},"excerpt":{"rendered":"<h6><strong><span style=\"font-family: arial, helvetica, sans-serif; font-size: 14pt;\">Specifikace je\u0159\u00e1bov\u00fdch z\u00e1v\u011bsn\u00fdch ovlada\u010d\u016f<\/span><\/strong><\/h6>\n<ul>\n<li><strong>Po\u010det tla\u010d\u00edtek<\/strong>: 2, 4 nebo 6 tla\u010d\u00edtek.<\/li>\n<li><strong>\u00darove\u0148 ochrany<\/strong>: IP65.<\/li>\n<li><strong>\u0158\u00eddic\u00ed nap\u011bt\u00ed<\/strong>: 36V.<\/li>\n<li><strong>Rozsah provozn\u00edch teplot<\/strong>: -40\u00b0C a\u017e +85\u00b0C.<\/li>\n<\/ul>","protected":false},"featured_media":7464,"template":"","meta":{"_kad_post_transparent":"default","_kad_post_title":"","_kad_post_layout":"default","_kad_post_sidebar_id":"","_kad_post_content_style":"default","_kad_post_vertical_padding":"show","_kad_post_feature":"","_kad_post_feature_position":"","_kad_post_header":false,"_kad_post_footer":false},"product_brand":[],"product_cat":[65],"product_tag":[632,622,376,634,612,616,626,627,629,613,617,620,615,614,618,628,619,621,623,630,635,633,625,631,624],"class_list":{"0":"post-5753","1":"product","2":"type-product","3":"status-publish","4":"has-post-thumbnail","6":"product_cat-crane-electrical-parts","7":"product_tag-aviation-plug","8":"product_tag-cable-trolley","9":"product_tag-china-crane-parts-supplier","10":"product_tag-crane-aviation-plug","11":"product_tag-crane-cable-trolley","12":"product_tag-crane-control-cabinet","13":"product_tag-crane-control-handle","14":"product_tag-crane-controls","15":"product_tag-crane-electrical-control-cabinet","16":"product_tag-crane-electrical-part","17":"product_tag-crane-limit-switch","18":"product_tag-crane-overload-limiter","19":"product_tag-crane-pendant-controller","20":"product_tag-crane-remote-controller","21":"product_tag-crane-sound-and-light-alarm","22":"product_tag-electrical-control-cabinet","23":"product_tag-heavy-duty-aviation-connector","24":"product_tag-i-beam-cable-trolley","25":"product_tag-i-beam-cable-trolley-supplier","26":"product_tag-limit-switch","27":"product_tag-overload-limiter","28":"product_tag-quick-connector","29":"product_tag-remote-controller","30":"product_tag-sound-and-light-alarm","31":"product_tag-wireless-remote-control","33":"first","34":"instock","35":"shipping-taxable","36":"product-type-simple","37":"entry","38":"content-bg","39":"loop-entry"},"yoast_head":"<!-- This site is optimized with the Yoast SEO plugin v24.5 - https:\/\/yoast.com\/wordpress\/plugins\/seo\/ -->\n<title>Crane pendant controller - Crane control handle-Crane Controls-Crane Parts Manufacturer<\/title>\n<meta name=\"description\" content=\"Crane control handle,Crane Controls,Crane pendant controller,Pendant controller manufacturer,Crane pendant controller Supplier,Crane Electrical Parts\" \/>\n<meta name=\"robots\" content=\"index, follow, max-snippet:-1, max-image-preview:large, max-video-preview:-1\" \/>\n<link rel=\"canonical\" href=\"https:\/\/www.hnhlcranes.com\/cs\/produkt\/zavesny-ovladac-jerabu\/\" \/>\n<meta property=\"og:locale\" content=\"cs_CZ\" \/>\n<meta property=\"og:type\" content=\"article\" \/>\n<meta property=\"og:title\" content=\"Crane pendant controller - Crane control handle-Crane Controls-Crane Parts Manufacturer\" \/>\n<meta property=\"og:description\" content=\"Crane control handle,Crane Controls,Crane pendant controller,Pendant controller manufacturer,Crane pendant controller Supplier,Crane Electrical Parts\" \/>\n<meta property=\"og:url\" content=\"https:\/\/www.hnhlcranes.com\/cs\/produkt\/zavesny-ovladac-jerabu\/\" \/>\n<meta property=\"og:site_name\" content=\"Crane Parts Manufacturer\" \/>\n<meta property=\"article:modified_time\" content=\"2025-01-14T15:46:32+00:00\" \/>\n<meta property=\"og:image\" content=\"https:\/\/www.hnhlcranes.com\/wp-content\/uploads\/2024\/12\/Crane-pendant-controller.jpg\" \/>\n\t<meta property=\"og:image:width\" content=\"600\" \/>\n\t<meta property=\"og:image:height\" content=\"600\" \/>\n\t<meta property=\"og:image:type\" content=\"image\/jpeg\" \/>\n<meta name=\"twitter:card\" content=\"summary_large_image\" \/>\n<meta name=\"twitter:label1\" content=\"Odhadovan\u00e1 doba \u010dten\u00ed\" \/>\n\t<meta name=\"twitter:data1\" content=\"3 minuty\" \/>\n<script type=\"application\/ld+json\" class=\"yoast-schema-graph\">{\"@context\":\"https:\/\/schema.org\",\"@graph\":[{\"@type\":\"WebPage\",\"@id\":\"https:\/\/www.hnhlcranes.com\/product\/crane-pendant-controller\/\",\"url\":\"https:\/\/www.hnhlcranes.com\/product\/crane-pendant-controller\/\",\"name\":\"Crane pendant controller - Crane control handle-Crane Controls-Crane Parts Manufacturer\",\"isPartOf\":{\"@id\":\"https:\/\/www.hnhlcranes.com\/#website\"},\"primaryImageOfPage\":{\"@id\":\"https:\/\/www.hnhlcranes.com\/product\/crane-pendant-controller\/#primaryimage\"},\"image\":{\"@id\":\"https:\/\/www.hnhlcranes.com\/product\/crane-pendant-controller\/#primaryimage\"},\"thumbnailUrl\":\"https:\/\/www.hnhlcranes.com\/wp-content\/uploads\/2024\/12\/Crane-pendant-controller.jpg\",\"datePublished\":\"2024-12-05T14:58:36+00:00\",\"dateModified\":\"2025-01-14T15:46:32+00:00\",\"description\":\"Crane control handle,Crane Controls,Crane pendant controller,Pendant controller manufacturer,Crane pendant controller Supplier,Crane Electrical Parts\",\"breadcrumb\":{\"@id\":\"https:\/\/www.hnhlcranes.com\/product\/crane-pendant-controller\/#breadcrumb\"},\"inLanguage\":\"cs\",\"potentialAction\":[{\"@type\":\"ReadAction\",\"target\":[\"https:\/\/www.hnhlcranes.com\/product\/crane-pendant-controller\/\"]}]},{\"@type\":\"ImageObject\",\"inLanguage\":\"cs\",\"@id\":\"https:\/\/www.hnhlcranes.com\/product\/crane-pendant-controller\/#primaryimage\",\"url\":\"https:\/\/www.hnhlcranes.com\/wp-content\/uploads\/2024\/12\/Crane-pendant-controller.jpg\",\"contentUrl\":\"https:\/\/www.hnhlcranes.com\/wp-content\/uploads\/2024\/12\/Crane-pendant-controller.jpg\",\"width\":600,\"height\":600},{\"@type\":\"BreadcrumbList\",\"@id\":\"https:\/\/www.hnhlcranes.com\/product\/crane-pendant-controller\/#breadcrumb\",\"itemListElement\":[{\"@type\":\"ListItem\",\"position\":1,\"name\":\"home\",\"item\":\"https:\/\/www.hnhlcranes.com\/\"},{\"@type\":\"ListItem\",\"position\":2,\"name\":\"products\",\"item\":\"https:\/\/www.hnhlcranes.com\/products\/\"},{\"@type\":\"ListItem\",\"position\":3,\"name\":\"Crane pendant controller\"}]},{\"@type\":\"WebSite\",\"@id\":\"https:\/\/www.hnhlcranes.com\/#website\",\"url\":\"https:\/\/www.hnhlcranes.com\/\",\"name\":\"Crane Parts Manufacturer\",\"description\":\"Crane Wheels,Crane Drums,Crane Hooks,Crane Coupling,Crane End Carriage,Electric Hoist,European Crane Parts,Crane Rail Clip,Crane Spreader,Crane Motor,Crane Reducer,Crane Brake,Light Crane Parts,Workstation Crane Parts,Crane Electrical Parts,China Crane Parts Supplier,China Crane Parts Manufacturer,Angle box type crane wheel,45 degree split crane wheel,European crane wheel,Crane Wheel Blocks,Overhead crane drum,European crane drum,Overhead crane hook,European crane hook,Crane pulley block,Gear coupling,Brake wheel coupling,Drum gear coupling,Brake wheel drum gear coupling,Cardan Shaft Coupling,WZL drum coupling,Plum blossom elastic coupling,Brake wheel plum elastic coupling,European Single girder crane end carriage,European Double girder crane end carriage,European Suspension  crane end carriage,Wire Rope Electric Hoist,Electric Chain Hoist,European Single Girder Wire Rope Electric Hoist,European Double Girder Wire Rope Electric Hoist,Crane grab,Container spreader,Billet crane clamps,C-type hook,Lifting Electromagnet,YZR crane motor,YZP crane motor,ZQ Reducer,ZSC Reducer,QJ Reducer,QJ-L Reducer,QJY Reducer,H series gearbox,F Series Gear Motor,K Series Gear Motor,R Series Gear Motor,travelling machinery gear motor,Electro hydraulic drum brake,Electro hydraulic disc brake,Crane Safety brake,Crane cable trolley,Crane remote controller,Crane pendant controller,Crane electrical control cabinet,Crane limit switch,Crane sound and light alarm,Heavy Duty Aviation Connector,Crane overload limiter\",\"publisher\":{\"@id\":\"https:\/\/www.hnhlcranes.com\/#organization\"},\"potentialAction\":[{\"@type\":\"SearchAction\",\"target\":{\"@type\":\"EntryPoint\",\"urlTemplate\":\"https:\/\/www.hnhlcranes.com\/?s={search_term_string}\"},\"query-input\":{\"@type\":\"PropertyValueSpecification\",\"valueRequired\":true,\"valueName\":\"search_term_string\"}}],\"inLanguage\":\"cs\"},{\"@type\":\"Organization\",\"@id\":\"https:\/\/www.hnhlcranes.com\/#organization\",\"name\":\"Crane Parts Manufacturer\",\"url\":\"https:\/\/www.hnhlcranes.com\/\",\"logo\":{\"@type\":\"ImageObject\",\"inLanguage\":\"cs\",\"@id\":\"https:\/\/www.hnhlcranes.com\/#\/schema\/logo\/image\/\",\"url\":\"https:\/\/www.hnhlcranes.com\/wp-content\/uploads\/2025\/01\/HL-logo-1.png\",\"contentUrl\":\"https:\/\/www.hnhlcranes.com\/wp-content\/uploads\/2025\/01\/HL-logo-1.png\",\"width\":600,\"height\":169,\"caption\":\"Crane Parts Manufacturer\"},\"image\":{\"@id\":\"https:\/\/www.hnhlcranes.com\/#\/schema\/logo\/image\/\"}}]}<\/script>\n<!-- \/ Yoast SEO plugin. -->","yoast_head_json":{"title":"Crane pendant controller - Crane control handle-Crane Controls-Crane Parts Manufacturer","description":"Crane control handle,Crane Controls,Crane pendant controller,Pendant controller manufacturer,Crane pendant controller Supplier,Crane Electrical Parts","robots":{"index":"index","follow":"follow","max-snippet":"max-snippet:-1","max-image-preview":"max-image-preview:large","max-video-preview":"max-video-preview:-1"},"canonical":"https:\/\/www.hnhlcranes.com\/cs\/produkt\/zavesny-ovladac-jerabu\/","og_locale":"cs_CZ","og_type":"article","og_title":"Crane pendant controller - Crane control handle-Crane Controls-Crane Parts Manufacturer","og_description":"Crane control handle,Crane Controls,Crane pendant controller,Pendant controller manufacturer,Crane pendant controller Supplier,Crane Electrical Parts","og_url":"https:\/\/www.hnhlcranes.com\/cs\/produkt\/zavesny-ovladac-jerabu\/","og_site_name":"Crane Parts Manufacturer","article_modified_time":"2025-01-14T15:46:32+00:00","og_image":[{"width":600,"height":600,"url":"https:\/\/www.hnhlcranes.com\/wp-content\/uploads\/2024\/12\/Crane-pendant-controller.jpg","type":"image\/jpeg"}],"twitter_card":"summary_large_image","twitter_misc":{"Odhadovan\u00e1 doba \u010dten\u00ed":"3 minuty"},"schema":{"@context":"https:\/\/schema.org","@graph":[{"@type":"WebPage","@id":"https:\/\/www.hnhlcranes.com\/product\/crane-pendant-controller\/","url":"https:\/\/www.hnhlcranes.com\/product\/crane-pendant-controller\/","name":"Crane pendant controller - Crane control handle-Crane Controls-Crane Parts Manufacturer","isPartOf":{"@id":"https:\/\/www.hnhlcranes.com\/#website"},"primaryImageOfPage":{"@id":"https:\/\/www.hnhlcranes.com\/product\/crane-pendant-controller\/#primaryimage"},"image":{"@id":"https:\/\/www.hnhlcranes.com\/product\/crane-pendant-controller\/#primaryimage"},"thumbnailUrl":"https:\/\/www.hnhlcranes.com\/wp-content\/uploads\/2024\/12\/Crane-pendant-controller.jpg","datePublished":"2024-12-05T14:58:36+00:00","dateModified":"2025-01-14T15:46:32+00:00","description":"Crane control handle,Crane Controls,Crane pendant controller,Pendant controller manufacturer,Crane pendant controller Supplier,Crane Electrical Parts","breadcrumb":{"@id":"https:\/\/www.hnhlcranes.com\/product\/crane-pendant-controller\/#breadcrumb"},"inLanguage":"cs","potentialAction":[{"@type":"ReadAction","target":["https:\/\/www.hnhlcranes.com\/product\/crane-pendant-controller\/"]}]},{"@type":"ImageObject","inLanguage":"cs","@id":"https:\/\/www.hnhlcranes.com\/product\/crane-pendant-controller\/#primaryimage","url":"https:\/\/www.hnhlcranes.com\/wp-content\/uploads\/2024\/12\/Crane-pendant-controller.jpg","contentUrl":"https:\/\/www.hnhlcranes.com\/wp-content\/uploads\/2024\/12\/Crane-pendant-controller.jpg","width":600,"height":600},{"@type":"BreadcrumbList","@id":"https:\/\/www.hnhlcranes.com\/product\/crane-pendant-controller\/#breadcrumb","itemListElement":[{"@type":"ListItem","position":1,"name":"home","item":"https:\/\/www.hnhlcranes.com\/"},{"@type":"ListItem","position":2,"name":"products","item":"https:\/\/www.hnhlcranes.com\/products\/"},{"@type":"ListItem","position":3,"name":"Crane pendant controller"}]},{"@type":"WebSite","@id":"https:\/\/www.hnhlcranes.com\/#website","url":"https:\/\/www.hnhlcranes.com\/","name":"Crane Parts Manufacturer","description":"Crane Wheels,Crane Drums,Crane Hooks,Crane Coupling,Crane End Carriage,Electric Hoist,European Crane Parts,Crane Rail Clip,Crane Spreader,Crane Motor,Crane Reducer,Crane Brake,Light Crane Parts,Workstation Crane Parts,Crane Electrical Parts,China Crane Parts Supplier,China Crane Parts Manufacturer,Angle box type crane wheel,45 degree split crane wheel,European crane wheel,Crane Wheel Blocks,Overhead crane drum,European crane drum,Overhead crane hook,European crane hook,Crane pulley block,Gear coupling,Brake wheel coupling,Drum gear coupling,Brake wheel drum gear coupling,Cardan Shaft Coupling,WZL drum coupling,Plum blossom elastic coupling,Brake wheel plum elastic coupling,European Single girder crane end carriage,European Double girder crane end carriage,European Suspension  crane end carriage,Wire Rope Electric Hoist,Electric Chain Hoist,European Single Girder Wire Rope Electric Hoist,European Double Girder Wire Rope Electric Hoist,Crane grab,Container spreader,Billet crane clamps,C-type hook,Lifting Electromagnet,YZR crane motor,YZP crane motor,ZQ Reducer,ZSC Reducer,QJ Reducer,QJ-L Reducer,QJY Reducer,H series gearbox,F Series Gear Motor,K Series Gear Motor,R Series Gear Motor,travelling machinery gear motor,Electro hydraulic drum brake,Electro hydraulic disc brake,Crane Safety brake,Crane cable trolley,Crane remote controller,Crane pendant controller,Crane electrical control cabinet,Crane limit switch,Crane sound and light alarm,Heavy Duty Aviation Connector,Crane overload limiter","publisher":{"@id":"https:\/\/www.hnhlcranes.com\/#organization"},"potentialAction":[{"@type":"SearchAction","target":{"@type":"EntryPoint","urlTemplate":"https:\/\/www.hnhlcranes.com\/?s={search_term_string}"},"query-input":{"@type":"PropertyValueSpecification","valueRequired":true,"valueName":"search_term_string"}}],"inLanguage":"cs"},{"@type":"Organization","@id":"https:\/\/www.hnhlcranes.com\/#organization","name":"Crane Parts Manufacturer","url":"https:\/\/www.hnhlcranes.com\/","logo":{"@type":"ImageObject","inLanguage":"cs","@id":"https:\/\/www.hnhlcranes.com\/#\/schema\/logo\/image\/","url":"https:\/\/www.hnhlcranes.com\/wp-content\/uploads\/2025\/01\/HL-logo-1.png","contentUrl":"https:\/\/www.hnhlcranes.com\/wp-content\/uploads\/2025\/01\/HL-logo-1.png","width":600,"height":169,"caption":"Crane Parts Manufacturer"},"image":{"@id":"https:\/\/www.hnhlcranes.com\/#\/schema\/logo\/image\/"}}]}},"_links":{"self":[{"href":"https:\/\/www.hnhlcranes.com\/cs\/wp-json\/wp\/v2\/product\/5753","targetHints":{"allow":["GET"]}}],"collection":[{"href":"https:\/\/www.hnhlcranes.com\/cs\/wp-json\/wp\/v2\/product"}],"about":[{"href":"https:\/\/www.hnhlcranes.com\/cs\/wp-json\/wp\/v2\/types\/product"}],"version-history":[{"count":2,"href":"https:\/\/www.hnhlcranes.com\/cs\/wp-json\/wp\/v2\/product\/5753\/revisions"}],"predecessor-version":[{"id":7465,"href":"https:\/\/www.hnhlcranes.com\/cs\/wp-json\/wp\/v2\/product\/5753\/revisions\/7465"}],"wp:featuredmedia":[{"embeddable":true,"href":"https:\/\/www.hnhlcranes.com\/cs\/wp-json\/wp\/v2\/media\/7464"}],"wp:attachment":[{"href":"https:\/\/www.hnhlcranes.com\/cs\/wp-json\/wp\/v2\/media?parent=5753"}],"wp:term":[{"taxonomy":"product_brand","embeddable":true,"href":"https:\/\/www.hnhlcranes.com\/cs\/wp-json\/wp\/v2\/product_brand?post=5753"},{"taxonomy":"product_cat","embeddable":true,"href":"https:\/\/www.hnhlcranes.com\/cs\/wp-json\/wp\/v2\/product_cat?post=5753"},{"taxonomy":"product_tag","embeddable":true,"href":"https:\/\/www.hnhlcranes.com\/cs\/wp-json\/wp\/v2\/product_tag?post=5753"}],"curies":[{"name":"wp","href":"https:\/\/api.w.org\/{rel}","templated":true}]}}