{"id":5763,"date":"2024-12-05T23:37:16","date_gmt":"2024-12-05T15:37:16","guid":{"rendered":"https:\/\/www.hnhlcranes.com\/?post_type=product&#038;p=5763"},"modified":"2025-01-14T23:58:43","modified_gmt":"2025-01-14T15:58:43","slug":"elektricka-ovladaci-skrin-jerabu","status":"publish","type":"product","link":"https:\/\/www.hnhlcranes.com\/cs\/produkt\/elektricka-ovladaci-skrin-jerabu\/","title":{"rendered":"Elektrick\u00e1 rozvodn\u00e1 sk\u0159\u00ed\u0148 je\u0159\u00e1bu"},"content":{"rendered":"<div class=\"flex max-w-full flex-col flex-grow\">\n<div class=\"min-h-8 text-message flex w-full flex-col items-end gap-2 whitespace-normal break-words text-start [.text-message+&amp;]:mt-5\" dir=\"auto\" data-message-author-role=\"assistant\" data-message-id=\"c900b7fa-04cb-4382-81d9-3bfa02a01192\" data-message-model-slug=\"gpt-4o\">\n<div class=\"flex w-full flex-col gap-1 empty:hidden first:pt-[3px]\">\n<div class=\"markdown prose w-full break-words dark:prose-invert light\">\n<h3>Sezn\u00e1men\u00ed s ovl\u00e1dac\u00ed sk\u0159\u00edn\u00ed je\u0159\u00e1bu<\/h3>\n<p>Rozvad\u011b\u010d je\u0159\u00e1bu je kl\u00ed\u010dovou sou\u010d\u00e1st\u00ed elektrick\u00e9ho \u0159\u00eddic\u00edho syst\u00e9mu je\u0159\u00e1b\u016f a zdvihac\u00edch za\u0159\u00edzen\u00ed. Funguje jako \u00fast\u0159edna pro \u0159\u00edzen\u00ed a regulaci r\u016fzn\u00fdch je\u0159\u00e1bov\u00fdch operac\u00ed, v\u010detn\u011b zved\u00e1n\u00ed, spou\u0161t\u011bn\u00ed, pojezdu a ot\u00e1\u010den\u00ed. T\u00edm, \u017ee v sob\u011b skr\u00fdv\u00e1 z\u00e1kladn\u00ed ovl\u00e1dac\u00ed prvky, bezpe\u010dnostn\u00ed za\u0159\u00edzen\u00ed a syst\u00e9my rozvodu energie, zaji\u0161\u0165uje rozv\u00e1d\u011b\u010d je\u0159\u00e1b\u016f efektivn\u00ed, bezpe\u010dn\u00fd a spolehliv\u00fd provoz je\u0159\u00e1b\u016f v r\u016fzn\u00fdch pr\u016fmyslov\u00fdch aplikac\u00edch.<\/p>\n<h3>Kl\u00ed\u010dov\u00e9 vlastnosti a funkce<\/h3>\n<ol>\n<li><strong>Centralizovan\u00e9 \u0159\u00edzen\u00ed<\/strong>: V rozv\u00e1d\u011b\u010di jsou um\u00edst\u011bny r\u016fzn\u00e9 ovl\u00e1dac\u00ed prvky, jako jsou spou\u0161t\u011b\u010de motor\u016f, rel\u00e9, styka\u010de a jisti\u010de. Tyto sou\u010d\u00e1sti spole\u010dn\u011b \u0159\u00edd\u00ed pohyby je\u0159\u00e1bu a chr\u00e1n\u00ed syst\u00e9m p\u0159ed elektrick\u00fdmi poruchami.<\/li>\n<li><strong>Distribuce energie<\/strong>: Rozv\u00e1d\u011b\u010d je zodpov\u011bdn\u00fd za rozvod energie do r\u016fzn\u00fdch \u010d\u00e1st\u00ed je\u0159\u00e1bu, v\u010detn\u011b kladkostroje, voz\u00edku a motor\u016f pojezdu. Zaji\u0161\u0165uje, aby byl ka\u017ed\u00e9mu motoru dod\u00e1v\u00e1n pot\u0159ebn\u00fd v\u00fdkon, co\u017e umo\u017e\u0148uje plynul\u00fd a spolehliv\u00fd provoz.<\/li>\n<li><strong>Bezpe\u010dnost a ochrana<\/strong>: Ovl\u00e1dac\u00ed sk\u0159\u00ed\u0148 je\u0159\u00e1bu je vybavena n\u011bkolika bezpe\u010dnostn\u00edmi prvky, jako je ochrana proti p\u0159et\u00ed\u017een\u00ed, ochrana proti zkratu a obvody nouzov\u00e9ho zastaven\u00ed. Tyto funkce zabra\u0148uj\u00ed nehod\u00e1m a po\u0161kozen\u00ed za\u0159\u00edzen\u00ed a zaji\u0161\u0165uj\u00ed bezpe\u010dnost obsluhy i je\u0159\u00e1bov\u00e9ho syst\u00e9mu.<\/li>\n<li><strong>Automatizace a monitorov\u00e1n\u00ed<\/strong>: Mnoho modern\u00edch je\u0159\u00e1bov\u00fdch rozv\u00e1d\u011b\u010d\u016f obsahuje automatiza\u010dn\u00ed syst\u00e9my, jako jsou programovateln\u00e9 logick\u00e9 automaty (PLC) a rozhran\u00ed \u010dlov\u011bk-stroj (HMI). Tyto syst\u00e9my umo\u017e\u0148uj\u00ed d\u00e1lkov\u00e9 monitorov\u00e1n\u00ed a automatick\u00e9 ovl\u00e1d\u00e1n\u00ed je\u0159\u00e1bu, \u010d\u00edm\u017e sni\u017euj\u00ed pot\u0159ebu ru\u010dn\u00edch z\u00e1sah\u016f a zvy\u0161uj\u00ed efektivitu provozu.<\/li>\n<li><strong>P\u0159izp\u016fsoben\u00ed<\/strong>: Konstrukci rozv\u00e1d\u011b\u010de je\u0159\u00e1bu lze p\u0159izp\u016fsobit specifick\u00fdm pot\u0159eb\u00e1m je\u0159\u00e1bu, jako je mno\u017estv\u00ed motor\u016f, typy zat\u00ed\u017een\u00ed a provozn\u00ed prost\u0159ed\u00ed. Tato flexibilita zaji\u0161\u0165uje, \u017ee rozv\u00e1d\u011b\u010d spl\u0148uje jedine\u010dn\u00e9 po\u017eadavky r\u016fzn\u00fdch pr\u016fmyslov\u00fdch odv\u011btv\u00ed, v\u010detn\u011b stavebnictv\u00ed, v\u00fdroby a p\u0159\u00edstavn\u00ed logistiky.<\/li>\n<\/ol>\n<h3>aplikace rozvad\u011b\u010de je\u0159\u00e1bu<\/h3>\n<p>Rozvad\u011b\u010d je\u0159\u00e1bu je \u0161iroce pou\u017e\u00edv\u00e1n v r\u016fzn\u00fdch pr\u016fmyslov\u00fdch prost\u0159ed\u00edch, v\u010detn\u011b:<\/p>\n<ul>\n<li><strong>Pr\u016fmyslov\u00e9 je\u0159\u00e1by<\/strong>: Pou\u017e\u00edv\u00e1 se k \u0159\u00edzen\u00ed mostov\u00fdch je\u0159\u00e1b\u016f, port\u00e1lov\u00fdch je\u0159\u00e1b\u016f a je\u0159\u00e1b\u016f s v\u00fdlo\u017en\u00edkem v tov\u00e1rn\u00e1ch, skladech a v\u00fdrobn\u00edch za\u0159\u00edzen\u00edch.<\/li>\n<li><strong>P\u0159\u00edstavn\u00ed je\u0159\u00e1by<\/strong>: Je nezbytn\u00fd pro \u0159\u00edzen\u00ed je\u0159\u00e1b\u016f pro manipulaci s kontejnery, lodn\u00edch je\u0159\u00e1b\u016f a je\u0159\u00e1b\u016f pro sypk\u00e9 materi\u00e1ly v p\u0159\u00edstavech a p\u0159\u00edstavi\u0161t\u00edch.<\/li>\n<li><strong>T\u011b\u017eebn\u00ed operace<\/strong>: Rozv\u00e1d\u011b\u010d hraje kl\u00ed\u010dovou roli p\u0159i \u0159\u00edzen\u00ed a distribuci energie u je\u0159\u00e1b\u016f pou\u017e\u00edvan\u00fdch v d\u016fln\u00edch v\u00fdtaz\u00edch a dal\u0161\u00edch t\u011b\u017ek\u00fdch zvedac\u00edch aplikac\u00edch.<\/li>\n<li><strong>Staveni\u0161t\u011b<\/strong>: Pou\u017e\u00edv\u00e1 se k \u0159\u00edzen\u00ed v\u011b\u017eov\u00fdch je\u0159\u00e1b\u016f, zved\u00e1k\u016f a dal\u0161\u00edch zdvihac\u00edch za\u0159\u00edzen\u00ed ve stavebnictv\u00ed.<\/li>\n<\/ul>\n<h6><strong><span style=\"font-family: arial, helvetica, sans-serif; font-size: 18pt;\">Instalace a \u00fadr\u017eba<\/span><\/strong><\/h6>\n<p>Abyste zajistili optim\u00e1ln\u00ed v\u00fdkon, dodr\u017eujte p\u0159i instalaci a \u00fadr\u017eb\u011b tyto pokyny:<\/p>\n<ol>\n<li><strong>Kovov\u00e9 spoje<\/strong>:<br \/>\nV\u0161echny kovov\u00e9 d\u00edly, zejm\u00e9na lakovan\u00e9 nebo eloxovan\u00e9 povrchy, spr\u00e1vn\u011b p\u0159ipojte pomoc\u00ed specializovan\u00fdch kontaktn\u00edch podlo\u017eek.<\/li>\n<li><strong>Rozlo\u017een\u00ed sou\u010d\u00e1st\u00ed<\/strong>:<br \/>\nUspo\u0159\u00e1dejte komponenty logicky a zajist\u011bte minim\u00e1ln\u00ed vzd\u00e1lenost 200 mm mezi pohony a citliv\u00fdmi elektrick\u00fdmi \u010d\u00e1stmi, abyste minimalizovali elektromagnetick\u00e9 ru\u0161en\u00ed.<\/li>\n<li><strong>Podm\u00ednky prost\u0159ed\u00ed<\/strong>:\n<ul>\n<li><strong>Nadmo\u0159sk\u00e1 v\u00fd\u0161ka<\/strong>: Pod 2000 m.<\/li>\n<li><strong>Teplota<\/strong>: -30\u00b0C a\u017e +40\u00b0C.<\/li>\n<li><strong>Vlhkost<\/strong>: \u2264 85%.<\/li>\n<li><strong>Stabilita<\/strong>: Vyhn\u011bte se m\u00edst\u016fm s nadm\u011brn\u00fdmi vibracemi nebo ot\u0159esy.<\/li>\n<li><strong>Bezpe\u010dnost<\/strong>: Zajist\u011bte nep\u0159\u00edtomnost v\u00fdbu\u0161n\u00fdch plyn\u016f nebo par.<\/li>\n<\/ul>\n<\/li>\n<\/ol>\n<h3>Z\u00e1v\u011br<\/h3>\n<p>Z\u00e1v\u011brem lze \u0159\u00edci, \u017ee ovl\u00e1dac\u00ed sk\u0159\u00ed\u0148 je\u0159\u00e1bu je ned\u00edlnou sou\u010d\u00e1st\u00ed zaji\u0161t\u011bn\u00ed bezpe\u010dn\u00e9ho, efektivn\u00edho a spolehliv\u00e9ho provozu je\u0159\u00e1b\u016f. Centralizac\u00ed \u0159\u00edzen\u00ed, distribuc\u00ed energie a integrac\u00ed bezpe\u010dnostn\u00edch prvk\u016f zaji\u0161\u0165uje plynul\u00fd pohyb je\u0159\u00e1bu a z\u00e1rove\u0148 minimalizuje riziko selh\u00e1n\u00ed syst\u00e9mu. D\u00edky sv\u00e9 p\u0159izp\u016fsobiteln\u00e9 konstrukci m\u016f\u017ee rozv\u00e1d\u011b\u010d je\u0159\u00e1b\u016f spl\u0148ovat specifick\u00e9 pot\u0159eby r\u016fzn\u00fdch pr\u016fmyslov\u00fdch odv\u011btv\u00ed, co\u017e p\u0159isp\u00edv\u00e1 ke zv\u00fd\u0161en\u00ed produktivity a bezpe\u010dnosti provozu.<\/p>\n<\/div>\n<\/div>\n<\/div>\n<\/div>","protected":false},"excerpt":{"rendered":"<p>\u0158\u00eddic\u00ed sk\u0159\u00ed\u0148, nap\u00e1jec\u00ed sk\u0159\u00ed\u0148, sign\u00e1ln\u00ed sk\u0159\u00ed\u0148, speci\u00e1ln\u00ed sk\u0159\u00ed\u0148, sk\u0159\u00ed\u0148 pro sb\u011br dat, elektrick\u00e1 \u0159\u00eddic\u00ed sk\u0159\u00ed\u0148 je\u0159\u00e1bu, elektrick\u00e1 \u0159\u00eddic\u00ed sk\u0159\u00ed\u0148, \u0159\u00eddic\u00ed sk\u0159\u00ed\u0148 je\u0159\u00e1bu<\/p>","protected":false},"featured_media":7472,"template":"","meta":{"_kad_post_transparent":"default","_kad_post_title":"","_kad_post_layout":"default","_kad_post_sidebar_id":"","_kad_post_content_style":"default","_kad_post_vertical_padding":"show","_kad_post_feature":"","_kad_post_feature_position":"","_kad_post_header":false,"_kad_post_footer":false},"product_brand":[],"product_cat":[65],"product_tag":[632,622,376,634,612,616,626,627,629,613,617,620,615,614,618,628,619,621,623,630,635,633,625,631,624],"class_list":{"0":"post-5763","1":"product","2":"type-product","3":"status-publish","4":"has-post-thumbnail","6":"product_cat-crane-electrical-parts","7":"product_tag-aviation-plug","8":"product_tag-cable-trolley","9":"product_tag-china-crane-parts-supplier","10":"product_tag-crane-aviation-plug","11":"product_tag-crane-cable-trolley","12":"product_tag-crane-control-cabinet","13":"product_tag-crane-control-handle","14":"product_tag-crane-controls","15":"product_tag-crane-electrical-control-cabinet","16":"product_tag-crane-electrical-part","17":"product_tag-crane-limit-switch","18":"product_tag-crane-overload-limiter","19":"product_tag-crane-pendant-controller","20":"product_tag-crane-remote-controller","21":"product_tag-crane-sound-and-light-alarm","22":"product_tag-electrical-control-cabinet","23":"product_tag-heavy-duty-aviation-connector","24":"product_tag-i-beam-cable-trolley","25":"product_tag-i-beam-cable-trolley-supplier","26":"product_tag-limit-switch","27":"product_tag-overload-limiter","28":"product_tag-quick-connector","29":"product_tag-remote-controller","30":"product_tag-sound-and-light-alarm","31":"product_tag-wireless-remote-control","33":"first","34":"instock","35":"featured","36":"shipping-taxable","37":"product-type-simple","38":"entry","39":"content-bg","40":"loop-entry"},"yoast_head":"<!-- This site is optimized with the Yoast SEO plugin v24.5 - https:\/\/yoast.com\/wordpress\/plugins\/seo\/ -->\n<title>Crane electrical control cabinet -electrical control cabinet- Crane Parts Manufacturer<\/title>\n<meta name=\"description\" content=\"electrical control cabinet,crane control cabinet,Crane electrical control cabinet,Electrical control cabinet manufacturer,Crane Electrical Parts\" \/>\n<meta name=\"robots\" content=\"index, follow, max-snippet:-1, max-image-preview:large, max-video-preview:-1\" \/>\n<link rel=\"canonical\" href=\"https:\/\/www.hnhlcranes.com\/cs\/produkt\/elektricka-ovladaci-skrin-jerabu\/\" \/>\n<meta property=\"og:locale\" content=\"cs_CZ\" \/>\n<meta property=\"og:type\" content=\"article\" \/>\n<meta property=\"og:title\" content=\"Crane electrical control cabinet -electrical control cabinet- Crane Parts Manufacturer\" \/>\n<meta property=\"og:description\" content=\"electrical control cabinet,crane control cabinet,Crane electrical control cabinet,Electrical control cabinet manufacturer,Crane Electrical Parts\" \/>\n<meta property=\"og:url\" content=\"https:\/\/www.hnhlcranes.com\/cs\/produkt\/elektricka-ovladaci-skrin-jerabu\/\" \/>\n<meta property=\"og:site_name\" content=\"Crane Parts Manufacturer\" \/>\n<meta property=\"article:modified_time\" content=\"2025-01-14T15:58:43+00:00\" \/>\n<meta property=\"og:image\" content=\"https:\/\/www.hnhlcranes.com\/wp-content\/uploads\/2024\/12\/Crane-control-cabinet.jpg\" \/>\n\t<meta property=\"og:image:width\" content=\"600\" \/>\n\t<meta property=\"og:image:height\" content=\"600\" \/>\n\t<meta property=\"og:image:type\" content=\"image\/jpeg\" \/>\n<meta name=\"twitter:card\" content=\"summary_large_image\" \/>\n<meta name=\"twitter:label1\" content=\"Odhadovan\u00e1 doba \u010dten\u00ed\" \/>\n\t<meta name=\"twitter:data1\" content=\"3 minuty\" \/>\n<script type=\"application\/ld+json\" class=\"yoast-schema-graph\">{\"@context\":\"https:\/\/schema.org\",\"@graph\":[{\"@type\":\"WebPage\",\"@id\":\"https:\/\/www.hnhlcranes.com\/product\/crane-electrical-control-cabinet\/\",\"url\":\"https:\/\/www.hnhlcranes.com\/product\/crane-electrical-control-cabinet\/\",\"name\":\"Crane electrical control cabinet -electrical control cabinet- Crane Parts Manufacturer\",\"isPartOf\":{\"@id\":\"https:\/\/www.hnhlcranes.com\/#website\"},\"primaryImageOfPage\":{\"@id\":\"https:\/\/www.hnhlcranes.com\/product\/crane-electrical-control-cabinet\/#primaryimage\"},\"image\":{\"@id\":\"https:\/\/www.hnhlcranes.com\/product\/crane-electrical-control-cabinet\/#primaryimage\"},\"thumbnailUrl\":\"https:\/\/www.hnhlcranes.com\/wp-content\/uploads\/2024\/12\/Crane-control-cabinet.jpg\",\"datePublished\":\"2024-12-05T15:37:16+00:00\",\"dateModified\":\"2025-01-14T15:58:43+00:00\",\"description\":\"electrical control cabinet,crane control cabinet,Crane electrical control cabinet,Electrical control cabinet manufacturer,Crane Electrical Parts\",\"breadcrumb\":{\"@id\":\"https:\/\/www.hnhlcranes.com\/product\/crane-electrical-control-cabinet\/#breadcrumb\"},\"inLanguage\":\"cs\",\"potentialAction\":[{\"@type\":\"ReadAction\",\"target\":[\"https:\/\/www.hnhlcranes.com\/product\/crane-electrical-control-cabinet\/\"]}]},{\"@type\":\"ImageObject\",\"inLanguage\":\"cs\",\"@id\":\"https:\/\/www.hnhlcranes.com\/product\/crane-electrical-control-cabinet\/#primaryimage\",\"url\":\"https:\/\/www.hnhlcranes.com\/wp-content\/uploads\/2024\/12\/Crane-control-cabinet.jpg\",\"contentUrl\":\"https:\/\/www.hnhlcranes.com\/wp-content\/uploads\/2024\/12\/Crane-control-cabinet.jpg\",\"width\":600,\"height\":600},{\"@type\":\"BreadcrumbList\",\"@id\":\"https:\/\/www.hnhlcranes.com\/product\/crane-electrical-control-cabinet\/#breadcrumb\",\"itemListElement\":[{\"@type\":\"ListItem\",\"position\":1,\"name\":\"home\",\"item\":\"https:\/\/www.hnhlcranes.com\/\"},{\"@type\":\"ListItem\",\"position\":2,\"name\":\"products\",\"item\":\"https:\/\/www.hnhlcranes.com\/products\/\"},{\"@type\":\"ListItem\",\"position\":3,\"name\":\"Crane electrical control cabinet\"}]},{\"@type\":\"WebSite\",\"@id\":\"https:\/\/www.hnhlcranes.com\/#website\",\"url\":\"https:\/\/www.hnhlcranes.com\/\",\"name\":\"Crane Parts Manufacturer\",\"description\":\"Crane Wheels,Crane Drums,Crane Hooks,Crane Coupling,Crane End Carriage,Electric Hoist,European Crane Parts,Crane Rail Clip,Crane Spreader,Crane Motor,Crane Reducer,Crane Brake,Light Crane Parts,Workstation Crane Parts,Crane Electrical Parts,China Crane Parts Supplier,China Crane Parts Manufacturer,Angle box type crane wheel,45 degree split crane wheel,European crane wheel,Crane Wheel Blocks,Overhead crane drum,European crane drum,Overhead crane hook,European crane hook,Crane pulley block,Gear coupling,Brake wheel coupling,Drum gear coupling,Brake wheel drum gear coupling,Cardan Shaft Coupling,WZL drum coupling,Plum blossom elastic coupling,Brake wheel plum elastic coupling,European Single girder crane end carriage,European Double girder crane end carriage,European Suspension  crane end carriage,Wire Rope Electric Hoist,Electric Chain Hoist,European Single Girder Wire Rope Electric Hoist,European Double Girder Wire Rope Electric Hoist,Crane grab,Container spreader,Billet crane clamps,C-type hook,Lifting Electromagnet,YZR crane motor,YZP crane motor,ZQ Reducer,ZSC Reducer,QJ Reducer,QJ-L Reducer,QJY Reducer,H series gearbox,F Series Gear Motor,K Series Gear Motor,R Series Gear Motor,travelling machinery gear motor,Electro hydraulic drum brake,Electro hydraulic disc brake,Crane Safety brake,Crane cable trolley,Crane remote controller,Crane pendant controller,Crane electrical control cabinet,Crane limit switch,Crane sound and light alarm,Heavy Duty Aviation Connector,Crane overload limiter\",\"publisher\":{\"@id\":\"https:\/\/www.hnhlcranes.com\/#organization\"},\"potentialAction\":[{\"@type\":\"SearchAction\",\"target\":{\"@type\":\"EntryPoint\",\"urlTemplate\":\"https:\/\/www.hnhlcranes.com\/?s={search_term_string}\"},\"query-input\":{\"@type\":\"PropertyValueSpecification\",\"valueRequired\":true,\"valueName\":\"search_term_string\"}}],\"inLanguage\":\"cs\"},{\"@type\":\"Organization\",\"@id\":\"https:\/\/www.hnhlcranes.com\/#organization\",\"name\":\"Crane Parts Manufacturer\",\"url\":\"https:\/\/www.hnhlcranes.com\/\",\"logo\":{\"@type\":\"ImageObject\",\"inLanguage\":\"cs\",\"@id\":\"https:\/\/www.hnhlcranes.com\/#\/schema\/logo\/image\/\",\"url\":\"https:\/\/www.hnhlcranes.com\/wp-content\/uploads\/2025\/01\/HL-logo-1.png\",\"contentUrl\":\"https:\/\/www.hnhlcranes.com\/wp-content\/uploads\/2025\/01\/HL-logo-1.png\",\"width\":600,\"height\":169,\"caption\":\"Crane Parts Manufacturer\"},\"image\":{\"@id\":\"https:\/\/www.hnhlcranes.com\/#\/schema\/logo\/image\/\"}}]}<\/script>\n<!-- \/ Yoast SEO plugin. -->","yoast_head_json":{"title":"Crane electrical control cabinet -electrical control cabinet- Crane Parts Manufacturer","description":"electrical control cabinet,crane control cabinet,Crane electrical control cabinet,Electrical control cabinet manufacturer,Crane Electrical Parts","robots":{"index":"index","follow":"follow","max-snippet":"max-snippet:-1","max-image-preview":"max-image-preview:large","max-video-preview":"max-video-preview:-1"},"canonical":"https:\/\/www.hnhlcranes.com\/cs\/produkt\/elektricka-ovladaci-skrin-jerabu\/","og_locale":"cs_CZ","og_type":"article","og_title":"Crane electrical control cabinet -electrical control cabinet- Crane Parts Manufacturer","og_description":"electrical control cabinet,crane control cabinet,Crane electrical control cabinet,Electrical control cabinet manufacturer,Crane Electrical Parts","og_url":"https:\/\/www.hnhlcranes.com\/cs\/produkt\/elektricka-ovladaci-skrin-jerabu\/","og_site_name":"Crane Parts Manufacturer","article_modified_time":"2025-01-14T15:58:43+00:00","og_image":[{"width":600,"height":600,"url":"https:\/\/www.hnhlcranes.com\/wp-content\/uploads\/2024\/12\/Crane-control-cabinet.jpg","type":"image\/jpeg"}],"twitter_card":"summary_large_image","twitter_misc":{"Odhadovan\u00e1 doba \u010dten\u00ed":"3 minuty"},"schema":{"@context":"https:\/\/schema.org","@graph":[{"@type":"WebPage","@id":"https:\/\/www.hnhlcranes.com\/product\/crane-electrical-control-cabinet\/","url":"https:\/\/www.hnhlcranes.com\/product\/crane-electrical-control-cabinet\/","name":"Crane electrical control cabinet -electrical control cabinet- Crane Parts Manufacturer","isPartOf":{"@id":"https:\/\/www.hnhlcranes.com\/#website"},"primaryImageOfPage":{"@id":"https:\/\/www.hnhlcranes.com\/product\/crane-electrical-control-cabinet\/#primaryimage"},"image":{"@id":"https:\/\/www.hnhlcranes.com\/product\/crane-electrical-control-cabinet\/#primaryimage"},"thumbnailUrl":"https:\/\/www.hnhlcranes.com\/wp-content\/uploads\/2024\/12\/Crane-control-cabinet.jpg","datePublished":"2024-12-05T15:37:16+00:00","dateModified":"2025-01-14T15:58:43+00:00","description":"electrical control cabinet,crane control cabinet,Crane electrical control cabinet,Electrical control cabinet manufacturer,Crane Electrical Parts","breadcrumb":{"@id":"https:\/\/www.hnhlcranes.com\/product\/crane-electrical-control-cabinet\/#breadcrumb"},"inLanguage":"cs","potentialAction":[{"@type":"ReadAction","target":["https:\/\/www.hnhlcranes.com\/product\/crane-electrical-control-cabinet\/"]}]},{"@type":"ImageObject","inLanguage":"cs","@id":"https:\/\/www.hnhlcranes.com\/product\/crane-electrical-control-cabinet\/#primaryimage","url":"https:\/\/www.hnhlcranes.com\/wp-content\/uploads\/2024\/12\/Crane-control-cabinet.jpg","contentUrl":"https:\/\/www.hnhlcranes.com\/wp-content\/uploads\/2024\/12\/Crane-control-cabinet.jpg","width":600,"height":600},{"@type":"BreadcrumbList","@id":"https:\/\/www.hnhlcranes.com\/product\/crane-electrical-control-cabinet\/#breadcrumb","itemListElement":[{"@type":"ListItem","position":1,"name":"home","item":"https:\/\/www.hnhlcranes.com\/"},{"@type":"ListItem","position":2,"name":"products","item":"https:\/\/www.hnhlcranes.com\/products\/"},{"@type":"ListItem","position":3,"name":"Crane electrical control cabinet"}]},{"@type":"WebSite","@id":"https:\/\/www.hnhlcranes.com\/#website","url":"https:\/\/www.hnhlcranes.com\/","name":"Crane Parts Manufacturer","description":"Crane Wheels,Crane Drums,Crane Hooks,Crane Coupling,Crane End Carriage,Electric Hoist,European Crane Parts,Crane Rail Clip,Crane Spreader,Crane Motor,Crane Reducer,Crane Brake,Light Crane Parts,Workstation Crane Parts,Crane Electrical Parts,China Crane Parts Supplier,China Crane Parts Manufacturer,Angle box type crane wheel,45 degree split crane wheel,European crane wheel,Crane Wheel Blocks,Overhead crane drum,European crane drum,Overhead crane hook,European crane hook,Crane pulley block,Gear coupling,Brake wheel coupling,Drum gear coupling,Brake wheel drum gear coupling,Cardan Shaft Coupling,WZL drum coupling,Plum blossom elastic coupling,Brake wheel plum elastic coupling,European Single girder crane end carriage,European Double girder crane end carriage,European Suspension  crane end carriage,Wire Rope Electric Hoist,Electric Chain Hoist,European Single Girder Wire Rope Electric Hoist,European Double Girder Wire Rope Electric Hoist,Crane grab,Container spreader,Billet crane clamps,C-type hook,Lifting Electromagnet,YZR crane motor,YZP crane motor,ZQ Reducer,ZSC Reducer,QJ Reducer,QJ-L Reducer,QJY Reducer,H series gearbox,F Series Gear Motor,K Series Gear Motor,R Series Gear Motor,travelling machinery gear motor,Electro hydraulic drum brake,Electro hydraulic disc brake,Crane Safety brake,Crane cable trolley,Crane remote controller,Crane pendant controller,Crane electrical control cabinet,Crane limit switch,Crane sound and light alarm,Heavy Duty Aviation Connector,Crane overload limiter","publisher":{"@id":"https:\/\/www.hnhlcranes.com\/#organization"},"potentialAction":[{"@type":"SearchAction","target":{"@type":"EntryPoint","urlTemplate":"https:\/\/www.hnhlcranes.com\/?s={search_term_string}"},"query-input":{"@type":"PropertyValueSpecification","valueRequired":true,"valueName":"search_term_string"}}],"inLanguage":"cs"},{"@type":"Organization","@id":"https:\/\/www.hnhlcranes.com\/#organization","name":"Crane Parts Manufacturer","url":"https:\/\/www.hnhlcranes.com\/","logo":{"@type":"ImageObject","inLanguage":"cs","@id":"https:\/\/www.hnhlcranes.com\/#\/schema\/logo\/image\/","url":"https:\/\/www.hnhlcranes.com\/wp-content\/uploads\/2025\/01\/HL-logo-1.png","contentUrl":"https:\/\/www.hnhlcranes.com\/wp-content\/uploads\/2025\/01\/HL-logo-1.png","width":600,"height":169,"caption":"Crane Parts Manufacturer"},"image":{"@id":"https:\/\/www.hnhlcranes.com\/#\/schema\/logo\/image\/"}}]}},"_links":{"self":[{"href":"https:\/\/www.hnhlcranes.com\/cs\/wp-json\/wp\/v2\/product\/5763","targetHints":{"allow":["GET"]}}],"collection":[{"href":"https:\/\/www.hnhlcranes.com\/cs\/wp-json\/wp\/v2\/product"}],"about":[{"href":"https:\/\/www.hnhlcranes.com\/cs\/wp-json\/wp\/v2\/types\/product"}],"version-history":[{"count":3,"href":"https:\/\/www.hnhlcranes.com\/cs\/wp-json\/wp\/v2\/product\/5763\/revisions"}],"predecessor-version":[{"id":7475,"href":"https:\/\/www.hnhlcranes.com\/cs\/wp-json\/wp\/v2\/product\/5763\/revisions\/7475"}],"wp:featuredmedia":[{"embeddable":true,"href":"https:\/\/www.hnhlcranes.com\/cs\/wp-json\/wp\/v2\/media\/7472"}],"wp:attachment":[{"href":"https:\/\/www.hnhlcranes.com\/cs\/wp-json\/wp\/v2\/media?parent=5763"}],"wp:term":[{"taxonomy":"product_brand","embeddable":true,"href":"https:\/\/www.hnhlcranes.com\/cs\/wp-json\/wp\/v2\/product_brand?post=5763"},{"taxonomy":"product_cat","embeddable":true,"href":"https:\/\/www.hnhlcranes.com\/cs\/wp-json\/wp\/v2\/product_cat?post=5763"},{"taxonomy":"product_tag","embeddable":true,"href":"https:\/\/www.hnhlcranes.com\/cs\/wp-json\/wp\/v2\/product_tag?post=5763"}],"curies":[{"name":"wp","href":"https:\/\/api.w.org\/{rel}","templated":true}]}}