{"id":5777,"date":"2024-12-06T00:21:10","date_gmt":"2024-12-05T16:21:10","guid":{"rendered":"https:\/\/www.hnhlcranes.com\/?post_type=product&#038;p=5777"},"modified":"2025-01-15T12:35:57","modified_gmt":"2025-01-15T04:35:57","slug":"koncovy-spinac-jerabu","status":"publish","type":"product","link":"https:\/\/www.hnhlcranes.com\/cs\/produkt\/koncovy-spinac-jerabu\/","title":{"rendered":"Koncov\u00fd sp\u00edna\u010d je\u0159\u00e1bu"},"content":{"rendered":"<h3>P\u0159ehled koncov\u00e9ho sp\u00edna\u010de je\u0159\u00e1bu DXZ<\/h3>\n<p>Koncov\u00fd sp\u00edna\u010d je\u0159\u00e1b\u016f DXZ je z\u00e1kladn\u00ed za\u0159\u00edzen\u00ed, kter\u00e9 se pou\u017e\u00edv\u00e1 k regulaci pracovn\u00edho rozsahu je\u0159\u00e1b\u016f a jin\u00fdch t\u011b\u017ek\u00fdch stroj\u016f. Jeho hlavn\u00ed funkc\u00ed je zajistit bezpe\u010dnost t\u00edm, \u017ee zabra\u0148uje koliz\u00edm nebo stav\u016fm p\u0159et\u00ed\u017een\u00ed prost\u0159ednictv\u00edm p\u0159esn\u00e9 regulace polohy. Kombinuje mechanick\u00e9 i elektronick\u00e9 sou\u010d\u00e1sti a nab\u00edz\u00ed p\u0159esn\u00e9 \u0159\u00edzen\u00ed limit\u016f, tak\u017ee je spolehlivou volbou pro t\u011b\u017ek\u00e9 aplikace.<\/p>\n<h3>Kl\u00ed\u010dov\u00e9 parametry<\/h3>\n<ul>\n<li><strong>Provozn\u00ed prost\u0159ed\u00ed:<\/strong>\n<ul>\n<li><strong>Teplotn\u00ed rozsah:<\/strong> -40 \u00b0C a\u017e +55 \u00b0C.<\/li>\n<li><strong>Relativn\u00ed vlhkost:<\/strong> \u2264 90%.<\/li>\n<\/ul>\n<\/li>\n<li><strong>P\u0159evodov\u00fd pom\u011br:<\/strong>\n<ul>\n<li>K dispozici jsou tyto mo\u017enosti: 1:13, 1:17, 1:46, 1:60, 1:78, 1:210, 1:274, 1:960.<\/li>\n<\/ul>\n<\/li>\n<li><strong>P\u0159esnost opakovan\u00e9ho polohov\u00e1n\u00ed:<\/strong>\n<ul>\n<li>\u00dahlov\u00e1 chyba pam\u011b\u0165ov\u00e9 va\u010dky je \u2264 0,005 radi\u00e1nu (~0,3 stupn\u011b).<\/li>\n<\/ul>\n<\/li>\n<li><strong>Jmenovit\u00e9 nap\u011bt\u00ed:<\/strong>\n<ul>\n<li>AC: 125-250 V.<\/li>\n<li>DC: 30 V.<\/li>\n<\/ul>\n<\/li>\n<li><strong>Jmenovit\u00fd proud:<\/strong>\n<ul>\n<li>AC: 6A.<\/li>\n<li>DC: 4A.<\/li>\n<\/ul>\n<\/li>\n<li><strong>\u0158\u00eddic\u00ed obvody:<\/strong>\n<ul>\n<li>Standardn\u00ed proveden\u00ed zahrnuje 1-4 \u0159\u00eddic\u00ed obvody, ale na z\u00e1klad\u011b po\u017eadavk\u016f u\u017eivatele se m\u016f\u017ee roz\u0161\u00ed\u0159it na 5-6 obvod\u016f.<\/li>\n<\/ul>\n<\/li>\n<\/ul>\n<h3>Aplikace a funkce<\/h3>\n<p>Koncov\u00fd sp\u00edna\u010d je\u0159\u00e1bu DXZ nach\u00e1z\u00ed \u0161irok\u00e9 uplatn\u011bn\u00ed v r\u016fzn\u00fdch mechanick\u00fdch za\u0159\u00edzen\u00edch, zejm\u00e9na v t\u011b\u017ek\u00fdch za\u0159\u00edzen\u00edch, jako jsou v\u011b\u017eov\u00e9 a port\u00e1lov\u00e9 je\u0159\u00e1by. N\u00e1sleduj\u00ed jeho z\u00e1kladn\u00ed funkce a vlastnosti:<\/p>\n<ul>\n<li><strong>Zaji\u0161t\u011bn\u00ed bezpe\u010dnosti:<\/strong>\n<ul>\n<li>Zabra\u0148uje p\u0159ekro\u010den\u00ed bezpe\u010dn\u00fdch provozn\u00edch mez\u00ed strojn\u00edho za\u0159\u00edzen\u00ed a zaji\u0161\u0165uje, aby za\u0159\u00edzen\u00ed pracovalo v p\u0159edepsan\u00fdch mez\u00edch.<\/li>\n<\/ul>\n<\/li>\n<li><strong>P\u0159esn\u00e9 \u0159\u00edzen\u00ed:<\/strong>\n<ul>\n<li>Pomoc\u00ed mechanick\u00fdch nebo elektronick\u00fdch senzor\u016f dosahuje sp\u00edna\u010d p\u0159esn\u00e9ho polohov\u00e1n\u00ed a omezen\u00ed dosahu.<\/li>\n<\/ul>\n<\/li>\n<li><strong>V\u0161estrannost:<\/strong>\n<ul>\n<li>Je vysoce univerz\u00e1ln\u00ed a vhodn\u00fd pro r\u016fzn\u00e1 n\u00e1ro\u010dn\u00e1 prost\u0159ed\u00ed, co\u017e zaru\u010duje spolehliv\u00fd v\u00fdkon v r\u016fzn\u00fdch pr\u016fmyslov\u00fdch podm\u00ednk\u00e1ch.<\/li>\n<\/ul>\n<\/li>\n<\/ul>\n<h3>Instalace a \u00fadr\u017eba<\/h3>\n<ul>\n<li><strong>Pokyny pro instalaci:<\/strong>\n<ul>\n<li>Sp\u00edna\u010d pevn\u011b zajist\u011bte, aby se zabr\u00e1nilo vibrac\u00edm b\u011bhem provozu.<\/li>\n<li>Ujist\u011bte se, \u017ee v\u0161echna zapojen\u00ed jsou spr\u00e1vn\u00e1 a odpov\u00eddaj\u00ed provozn\u00edmu proveden\u00ed.<\/li>\n<\/ul>\n<\/li>\n<li><strong>Doporu\u010den\u00ed pro \u00fadr\u017ebu:<\/strong>\n<ul>\n<li>Pravideln\u011b kontrolujte mechanick\u00e9 sou\u010d\u00e1sti a elektrick\u00e9 spoje, zda nejsou opot\u0159ebovan\u00e9 nebo po\u0161kozen\u00e9.<\/li>\n<li>Pro udr\u017een\u00ed optim\u00e1ln\u00edho v\u00fdkonu pravideln\u011b upravujte polohu a citlivost omezova\u010de.<\/li>\n<\/ul>\n<\/li>\n<\/ul>\n<p>P\u0159i dodr\u017een\u00ed spr\u00e1vn\u00fdch postup\u016f instalace a \u00fadr\u017eby zaru\u010duje koncov\u00fd sp\u00edna\u010d je\u0159\u00e1bu DXZ dlouhodobou spolehlivost a p\u0159isp\u00edv\u00e1 k bezpe\u010dn\u00e9mu a efektivn\u00edmu provozu je\u0159\u00e1bov\u00fdch syst\u00e9m\u016f.<\/p>","protected":false},"excerpt":{"rendered":"<p><strong><span style=\"font-family: arial, helvetica, sans-serif; font-size: 14pt;\">Hlavn\u00ed parametry koncov\u00e9ho sp\u00edna\u010de DXZ Crane:<\/span><\/strong><br \/>\nOkoln\u00ed teplota: Provozn\u00ed teplota je -40 \u2103 a\u017e +55 \u2103 a relativn\u00ed vlhkost nen\u00ed vy\u0161\u0161\u00ed ne\u017e 90%.<br \/>\nP\u0159evodov\u00fd pom\u011br: 1:13, 1:17, 1:46, 1:60, 1:78, 1:210, 1:274, 1:960<br \/>\nP\u0159esnost opakovan\u00e9ho polohov\u00e1n\u00ed: \u00dahlov\u00e1 chyba pam\u011b\u0165ov\u00e9 va\u010dky nen\u00ed v\u011bt\u0161\u00ed ne\u017e 0,005 radi\u00e1nu (asi 0,3 stupn\u011b).<br \/>\nJmenovit\u00e9 nap\u011bt\u00ed: Jmenovit\u00e9 pracovn\u00ed nap\u011bt\u00ed je AC 125-250 V nebo DC 30 V.<br \/>\nJmenovit\u00fd proud: Jmenovit\u00fd pracovn\u00ed proud je 6A (AC) nebo 4A (DC).<\/p>","protected":false},"featured_media":7482,"template":"","meta":{"_kad_post_transparent":"default","_kad_post_title":"","_kad_post_layout":"default","_kad_post_sidebar_id":"","_kad_post_content_style":"default","_kad_post_vertical_padding":"show","_kad_post_feature":"","_kad_post_feature_position":"","_kad_post_header":false,"_kad_post_footer":false},"product_brand":[],"product_cat":[65],"product_tag":[632,622,376,634,612,616,626,627,629,613,617,620,615,614,618,628,619,621,623,630,635,633,625,631,624],"class_list":{"0":"post-5777","1":"product","2":"type-product","3":"status-publish","4":"has-post-thumbnail","6":"product_cat-crane-electrical-parts","7":"product_tag-aviation-plug","8":"product_tag-cable-trolley","9":"product_tag-china-crane-parts-supplier","10":"product_tag-crane-aviation-plug","11":"product_tag-crane-cable-trolley","12":"product_tag-crane-control-cabinet","13":"product_tag-crane-control-handle","14":"product_tag-crane-controls","15":"product_tag-crane-electrical-control-cabinet","16":"product_tag-crane-electrical-part","17":"product_tag-crane-limit-switch","18":"product_tag-crane-overload-limiter","19":"product_tag-crane-pendant-controller","20":"product_tag-crane-remote-controller","21":"product_tag-crane-sound-and-light-alarm","22":"product_tag-electrical-control-cabinet","23":"product_tag-heavy-duty-aviation-connector","24":"product_tag-i-beam-cable-trolley","25":"product_tag-i-beam-cable-trolley-supplier","26":"product_tag-limit-switch","27":"product_tag-overload-limiter","28":"product_tag-quick-connector","29":"product_tag-remote-controller","30":"product_tag-sound-and-light-alarm","31":"product_tag-wireless-remote-control","33":"first","34":"instock","35":"shipping-taxable","36":"product-type-simple","37":"entry","38":"content-bg","39":"loop-entry"},"yoast_head":"<!-- This site is optimized with the Yoast SEO plugin v24.5 - https:\/\/yoast.com\/wordpress\/plugins\/seo\/ -->\n<title>Crane limit switch -\u200cDXZ limit switch-lifting rotation limit switch- Crane Parts Manufacturer<\/title>\n<meta name=\"description\" content=\"Infrared anti-collision device,cross limit switch,heavy hammer limit switch,lifting rotation limit switch,Limit switch manufacturer,Crane limit switch\" \/>\n<meta name=\"robots\" content=\"index, follow, max-snippet:-1, max-image-preview:large, max-video-preview:-1\" \/>\n<link rel=\"canonical\" href=\"https:\/\/www.hnhlcranes.com\/cs\/produkt\/koncovy-spinac-jerabu\/\" \/>\n<meta property=\"og:locale\" content=\"cs_CZ\" \/>\n<meta property=\"og:type\" content=\"article\" \/>\n<meta property=\"og:title\" content=\"Crane limit switch -\u200cDXZ limit switch-lifting rotation limit switch- Crane Parts Manufacturer\" \/>\n<meta property=\"og:description\" content=\"Infrared anti-collision device,cross limit switch,heavy hammer limit switch,lifting rotation limit switch,Limit switch manufacturer,Crane limit switch\" \/>\n<meta property=\"og:url\" content=\"https:\/\/www.hnhlcranes.com\/cs\/produkt\/koncovy-spinac-jerabu\/\" \/>\n<meta property=\"og:site_name\" content=\"Crane Parts Manufacturer\" \/>\n<meta property=\"article:modified_time\" content=\"2025-01-15T04:35:57+00:00\" \/>\n<meta property=\"og:image\" content=\"https:\/\/www.hnhlcranes.com\/wp-content\/uploads\/2024\/12\/Crane-limit-switch.jpg\" \/>\n\t<meta property=\"og:image:width\" content=\"600\" \/>\n\t<meta property=\"og:image:height\" content=\"600\" \/>\n\t<meta property=\"og:image:type\" content=\"image\/jpeg\" \/>\n<meta name=\"twitter:card\" content=\"summary_large_image\" \/>\n<meta name=\"twitter:label1\" content=\"Odhadovan\u00e1 doba \u010dten\u00ed\" \/>\n\t<meta name=\"twitter:data1\" content=\"2 minuty\" \/>\n<script type=\"application\/ld+json\" class=\"yoast-schema-graph\">{\"@context\":\"https:\/\/schema.org\",\"@graph\":[{\"@type\":\"WebPage\",\"@id\":\"https:\/\/www.hnhlcranes.com\/product\/crane-limit-switch\/\",\"url\":\"https:\/\/www.hnhlcranes.com\/product\/crane-limit-switch\/\",\"name\":\"Crane limit switch -\u200cDXZ limit switch-lifting rotation limit switch- Crane Parts Manufacturer\",\"isPartOf\":{\"@id\":\"https:\/\/www.hnhlcranes.com\/#website\"},\"primaryImageOfPage\":{\"@id\":\"https:\/\/www.hnhlcranes.com\/product\/crane-limit-switch\/#primaryimage\"},\"image\":{\"@id\":\"https:\/\/www.hnhlcranes.com\/product\/crane-limit-switch\/#primaryimage\"},\"thumbnailUrl\":\"https:\/\/www.hnhlcranes.com\/wp-content\/uploads\/2024\/12\/Crane-limit-switch.jpg\",\"datePublished\":\"2024-12-05T16:21:10+00:00\",\"dateModified\":\"2025-01-15T04:35:57+00:00\",\"description\":\"Infrared anti-collision device,cross limit switch,heavy hammer limit switch,lifting rotation limit switch,Limit switch manufacturer,Crane limit switch\",\"breadcrumb\":{\"@id\":\"https:\/\/www.hnhlcranes.com\/product\/crane-limit-switch\/#breadcrumb\"},\"inLanguage\":\"cs\",\"potentialAction\":[{\"@type\":\"ReadAction\",\"target\":[\"https:\/\/www.hnhlcranes.com\/product\/crane-limit-switch\/\"]}]},{\"@type\":\"ImageObject\",\"inLanguage\":\"cs\",\"@id\":\"https:\/\/www.hnhlcranes.com\/product\/crane-limit-switch\/#primaryimage\",\"url\":\"https:\/\/www.hnhlcranes.com\/wp-content\/uploads\/2024\/12\/Crane-limit-switch.jpg\",\"contentUrl\":\"https:\/\/www.hnhlcranes.com\/wp-content\/uploads\/2024\/12\/Crane-limit-switch.jpg\",\"width\":600,\"height\":600},{\"@type\":\"BreadcrumbList\",\"@id\":\"https:\/\/www.hnhlcranes.com\/product\/crane-limit-switch\/#breadcrumb\",\"itemListElement\":[{\"@type\":\"ListItem\",\"position\":1,\"name\":\"home\",\"item\":\"https:\/\/www.hnhlcranes.com\/\"},{\"@type\":\"ListItem\",\"position\":2,\"name\":\"products\",\"item\":\"https:\/\/www.hnhlcranes.com\/products\/\"},{\"@type\":\"ListItem\",\"position\":3,\"name\":\"Crane limit switch\"}]},{\"@type\":\"WebSite\",\"@id\":\"https:\/\/www.hnhlcranes.com\/#website\",\"url\":\"https:\/\/www.hnhlcranes.com\/\",\"name\":\"Crane Parts Manufacturer\",\"description\":\"Crane Wheels,Crane Drums,Crane Hooks,Crane Coupling,Crane End Carriage,Electric Hoist,European Crane Parts,Crane Rail Clip,Crane Spreader,Crane Motor,Crane Reducer,Crane Brake,Light Crane Parts,Workstation Crane Parts,Crane Electrical Parts,China Crane Parts Supplier,China Crane Parts Manufacturer,Angle box type crane wheel,45 degree split crane wheel,European crane wheel,Crane Wheel Blocks,Overhead crane drum,European crane drum,Overhead crane hook,European crane hook,Crane pulley block,Gear coupling,Brake wheel coupling,Drum gear coupling,Brake wheel drum gear coupling,Cardan Shaft Coupling,WZL drum coupling,Plum blossom elastic coupling,Brake wheel plum elastic coupling,European Single girder crane end carriage,European Double girder crane end carriage,European Suspension  crane end carriage,Wire Rope Electric Hoist,Electric Chain Hoist,European Single Girder Wire Rope Electric Hoist,European Double Girder Wire Rope Electric Hoist,Crane grab,Container spreader,Billet crane clamps,C-type hook,Lifting Electromagnet,YZR crane motor,YZP crane motor,ZQ Reducer,ZSC Reducer,QJ Reducer,QJ-L Reducer,QJY Reducer,H series gearbox,F Series Gear Motor,K Series Gear Motor,R Series Gear Motor,travelling machinery gear motor,Electro hydraulic drum brake,Electro hydraulic disc brake,Crane Safety brake,Crane cable trolley,Crane remote controller,Crane pendant controller,Crane electrical control cabinet,Crane limit switch,Crane sound and light alarm,Heavy Duty Aviation Connector,Crane overload limiter\",\"publisher\":{\"@id\":\"https:\/\/www.hnhlcranes.com\/#organization\"},\"potentialAction\":[{\"@type\":\"SearchAction\",\"target\":{\"@type\":\"EntryPoint\",\"urlTemplate\":\"https:\/\/www.hnhlcranes.com\/?s={search_term_string}\"},\"query-input\":{\"@type\":\"PropertyValueSpecification\",\"valueRequired\":true,\"valueName\":\"search_term_string\"}}],\"inLanguage\":\"cs\"},{\"@type\":\"Organization\",\"@id\":\"https:\/\/www.hnhlcranes.com\/#organization\",\"name\":\"Crane Parts Manufacturer\",\"url\":\"https:\/\/www.hnhlcranes.com\/\",\"logo\":{\"@type\":\"ImageObject\",\"inLanguage\":\"cs\",\"@id\":\"https:\/\/www.hnhlcranes.com\/#\/schema\/logo\/image\/\",\"url\":\"https:\/\/www.hnhlcranes.com\/wp-content\/uploads\/2025\/01\/HL-logo-1.png\",\"contentUrl\":\"https:\/\/www.hnhlcranes.com\/wp-content\/uploads\/2025\/01\/HL-logo-1.png\",\"width\":600,\"height\":169,\"caption\":\"Crane Parts Manufacturer\"},\"image\":{\"@id\":\"https:\/\/www.hnhlcranes.com\/#\/schema\/logo\/image\/\"}}]}<\/script>\n<!-- \/ Yoast SEO plugin. -->","yoast_head_json":{"title":"Crane limit switch -\u200cDXZ limit switch-lifting rotation limit switch- Crane Parts Manufacturer","description":"Infrared anti-collision device,cross limit switch,heavy hammer limit switch,lifting rotation limit switch,Limit switch manufacturer,Crane limit switch","robots":{"index":"index","follow":"follow","max-snippet":"max-snippet:-1","max-image-preview":"max-image-preview:large","max-video-preview":"max-video-preview:-1"},"canonical":"https:\/\/www.hnhlcranes.com\/cs\/produkt\/koncovy-spinac-jerabu\/","og_locale":"cs_CZ","og_type":"article","og_title":"Crane limit switch -\u200cDXZ limit switch-lifting rotation limit switch- Crane Parts Manufacturer","og_description":"Infrared anti-collision device,cross limit switch,heavy hammer limit switch,lifting rotation limit switch,Limit switch manufacturer,Crane limit switch","og_url":"https:\/\/www.hnhlcranes.com\/cs\/produkt\/koncovy-spinac-jerabu\/","og_site_name":"Crane Parts Manufacturer","article_modified_time":"2025-01-15T04:35:57+00:00","og_image":[{"width":600,"height":600,"url":"https:\/\/www.hnhlcranes.com\/wp-content\/uploads\/2024\/12\/Crane-limit-switch.jpg","type":"image\/jpeg"}],"twitter_card":"summary_large_image","twitter_misc":{"Odhadovan\u00e1 doba \u010dten\u00ed":"2 minuty"},"schema":{"@context":"https:\/\/schema.org","@graph":[{"@type":"WebPage","@id":"https:\/\/www.hnhlcranes.com\/product\/crane-limit-switch\/","url":"https:\/\/www.hnhlcranes.com\/product\/crane-limit-switch\/","name":"Crane limit switch -\u200cDXZ limit switch-lifting rotation limit switch- Crane Parts Manufacturer","isPartOf":{"@id":"https:\/\/www.hnhlcranes.com\/#website"},"primaryImageOfPage":{"@id":"https:\/\/www.hnhlcranes.com\/product\/crane-limit-switch\/#primaryimage"},"image":{"@id":"https:\/\/www.hnhlcranes.com\/product\/crane-limit-switch\/#primaryimage"},"thumbnailUrl":"https:\/\/www.hnhlcranes.com\/wp-content\/uploads\/2024\/12\/Crane-limit-switch.jpg","datePublished":"2024-12-05T16:21:10+00:00","dateModified":"2025-01-15T04:35:57+00:00","description":"Infrared anti-collision device,cross limit switch,heavy hammer limit switch,lifting rotation limit switch,Limit switch manufacturer,Crane limit switch","breadcrumb":{"@id":"https:\/\/www.hnhlcranes.com\/product\/crane-limit-switch\/#breadcrumb"},"inLanguage":"cs","potentialAction":[{"@type":"ReadAction","target":["https:\/\/www.hnhlcranes.com\/product\/crane-limit-switch\/"]}]},{"@type":"ImageObject","inLanguage":"cs","@id":"https:\/\/www.hnhlcranes.com\/product\/crane-limit-switch\/#primaryimage","url":"https:\/\/www.hnhlcranes.com\/wp-content\/uploads\/2024\/12\/Crane-limit-switch.jpg","contentUrl":"https:\/\/www.hnhlcranes.com\/wp-content\/uploads\/2024\/12\/Crane-limit-switch.jpg","width":600,"height":600},{"@type":"BreadcrumbList","@id":"https:\/\/www.hnhlcranes.com\/product\/crane-limit-switch\/#breadcrumb","itemListElement":[{"@type":"ListItem","position":1,"name":"home","item":"https:\/\/www.hnhlcranes.com\/"},{"@type":"ListItem","position":2,"name":"products","item":"https:\/\/www.hnhlcranes.com\/products\/"},{"@type":"ListItem","position":3,"name":"Crane limit switch"}]},{"@type":"WebSite","@id":"https:\/\/www.hnhlcranes.com\/#website","url":"https:\/\/www.hnhlcranes.com\/","name":"Crane Parts Manufacturer","description":"Crane Wheels,Crane Drums,Crane Hooks,Crane Coupling,Crane End Carriage,Electric Hoist,European Crane Parts,Crane Rail Clip,Crane Spreader,Crane Motor,Crane Reducer,Crane Brake,Light Crane Parts,Workstation Crane Parts,Crane Electrical Parts,China Crane Parts Supplier,China Crane Parts Manufacturer,Angle box type crane wheel,45 degree split crane wheel,European crane wheel,Crane Wheel Blocks,Overhead crane drum,European crane drum,Overhead crane hook,European crane hook,Crane pulley block,Gear coupling,Brake wheel coupling,Drum gear coupling,Brake wheel drum gear coupling,Cardan Shaft Coupling,WZL drum coupling,Plum blossom elastic coupling,Brake wheel plum elastic coupling,European Single girder crane end carriage,European Double girder crane end carriage,European Suspension  crane end carriage,Wire Rope Electric Hoist,Electric Chain Hoist,European Single Girder Wire Rope Electric Hoist,European Double Girder Wire Rope Electric Hoist,Crane grab,Container spreader,Billet crane clamps,C-type hook,Lifting Electromagnet,YZR crane motor,YZP crane motor,ZQ Reducer,ZSC Reducer,QJ Reducer,QJ-L Reducer,QJY Reducer,H series gearbox,F Series Gear Motor,K Series Gear Motor,R Series Gear Motor,travelling machinery gear motor,Electro hydraulic drum brake,Electro hydraulic disc brake,Crane Safety brake,Crane cable trolley,Crane remote controller,Crane pendant controller,Crane electrical control cabinet,Crane limit switch,Crane sound and light alarm,Heavy Duty Aviation Connector,Crane overload limiter","publisher":{"@id":"https:\/\/www.hnhlcranes.com\/#organization"},"potentialAction":[{"@type":"SearchAction","target":{"@type":"EntryPoint","urlTemplate":"https:\/\/www.hnhlcranes.com\/?s={search_term_string}"},"query-input":{"@type":"PropertyValueSpecification","valueRequired":true,"valueName":"search_term_string"}}],"inLanguage":"cs"},{"@type":"Organization","@id":"https:\/\/www.hnhlcranes.com\/#organization","name":"Crane Parts Manufacturer","url":"https:\/\/www.hnhlcranes.com\/","logo":{"@type":"ImageObject","inLanguage":"cs","@id":"https:\/\/www.hnhlcranes.com\/#\/schema\/logo\/image\/","url":"https:\/\/www.hnhlcranes.com\/wp-content\/uploads\/2025\/01\/HL-logo-1.png","contentUrl":"https:\/\/www.hnhlcranes.com\/wp-content\/uploads\/2025\/01\/HL-logo-1.png","width":600,"height":169,"caption":"Crane Parts Manufacturer"},"image":{"@id":"https:\/\/www.hnhlcranes.com\/#\/schema\/logo\/image\/"}}]}},"_links":{"self":[{"href":"https:\/\/www.hnhlcranes.com\/cs\/wp-json\/wp\/v2\/product\/5777","targetHints":{"allow":["GET"]}}],"collection":[{"href":"https:\/\/www.hnhlcranes.com\/cs\/wp-json\/wp\/v2\/product"}],"about":[{"href":"https:\/\/www.hnhlcranes.com\/cs\/wp-json\/wp\/v2\/types\/product"}],"version-history":[{"count":3,"href":"https:\/\/www.hnhlcranes.com\/cs\/wp-json\/wp\/v2\/product\/5777\/revisions"}],"predecessor-version":[{"id":7485,"href":"https:\/\/www.hnhlcranes.com\/cs\/wp-json\/wp\/v2\/product\/5777\/revisions\/7485"}],"wp:featuredmedia":[{"embeddable":true,"href":"https:\/\/www.hnhlcranes.com\/cs\/wp-json\/wp\/v2\/media\/7482"}],"wp:attachment":[{"href":"https:\/\/www.hnhlcranes.com\/cs\/wp-json\/wp\/v2\/media?parent=5777"}],"wp:term":[{"taxonomy":"product_brand","embeddable":true,"href":"https:\/\/www.hnhlcranes.com\/cs\/wp-json\/wp\/v2\/product_brand?post=5777"},{"taxonomy":"product_cat","embeddable":true,"href":"https:\/\/www.hnhlcranes.com\/cs\/wp-json\/wp\/v2\/product_cat?post=5777"},{"taxonomy":"product_tag","embeddable":true,"href":"https:\/\/www.hnhlcranes.com\/cs\/wp-json\/wp\/v2\/product_tag?post=5777"}],"curies":[{"name":"wp","href":"https:\/\/api.w.org\/{rel}","templated":true}]}}