{"id":5790,"date":"2024-12-06T00:55:21","date_gmt":"2024-12-05T16:55:21","guid":{"rendered":"https:\/\/www.hnhlcranes.com\/?post_type=product&#038;p=5790"},"modified":"2025-01-16T12:10:37","modified_gmt":"2025-01-16T04:10:37","slug":"zvukovy-a-svetelny-alarm-jerabu","status":"publish","type":"product","link":"https:\/\/www.hnhlcranes.com\/cs\/produkt\/zvukovy-a-svetelny-alarm-jerabu\/","title":{"rendered":"Zvukov\u00fd a sv\u011bteln\u00fd alarm je\u0159\u00e1bu"},"content":{"rendered":"<h3>Vlastnosti a specifikace zvukov\u00e9ho a sv\u011bteln\u00e9ho alarmu je\u0159\u00e1bu<\/h3>\n<h4><strong>Funkce<\/strong><\/h4>\n<ol>\n<li><strong>Dvojit\u00fd v\u00fdstra\u017en\u00fd syst\u00e9m:<\/strong>\n<ul>\n<li>Zvukov\u00fd a sv\u011bteln\u00fd alarm je\u0159\u00e1bu kombinuje zvukov\u00e9 i vizu\u00e1ln\u00ed sign\u00e1ly, aby \u00fa\u010dinn\u011b upoutal pozornost bl\u00edzk\u00fdch pracovn\u00edk\u016f a zajistil v\u010dasn\u00e9 upozorn\u011bn\u00ed na potenci\u00e1ln\u00ed nebezpe\u010d\u00ed v r\u016fzn\u00fdch pracovn\u00edch prost\u0159ed\u00edch.<\/li>\n<\/ul>\n<\/li>\n<li><strong>Vysok\u00e1 viditelnost a hlasitost:<\/strong>\n<ul>\n<li>Sv\u011bteln\u00fd alarm pou\u017e\u00edv\u00e1 vysoce jasn\u00e1 blikaj\u00edc\u00ed sv\u011btla, obvykle \u010derven\u00e9, \u017elut\u00e9 nebo modr\u00e9 barvy, kter\u00e1 zaji\u0161\u0165uj\u00ed vynikaj\u00edc\u00ed viditelnost i p\u0159i slab\u00e9m osv\u011btlen\u00ed nebo v hlu\u010dn\u00e9m prost\u0159ed\u00ed. Zvukov\u00fd alarm vyd\u00e1v\u00e1 hlasit\u00fd v\u00fdstra\u017en\u00fd t\u00f3n s nastavitelnou hlasitost\u00ed a frekvenc\u00ed, kter\u00fd zaji\u0161\u0165uje \u00fa\u010dinn\u00e9 varov\u00e1n\u00ed v r\u016fzn\u00fdch prost\u0159ed\u00edch.<\/li>\n<\/ul>\n<\/li>\n<li><strong>Nastaviteln\u00e1 nastaven\u00ed:<\/strong>\n<ul>\n<li>U\u017eivatel\u00e9 si mohou nastavit hlasitost zvuku i intenzitu sv\u011btla nebo re\u017eim blik\u00e1n\u00ed podle pracovn\u00edho prost\u0159ed\u00ed, co\u017e vyhovuje r\u016fzn\u00fdm bezpe\u010dnostn\u00edm po\u017eadavk\u016fm.<\/li>\n<\/ul>\n<\/li>\n<li><strong>Odolnost a ochrana:<\/strong>\n<ul>\n<li>Tyto alarmy jsou navr\u017eeny tak, aby byly vodot\u011bsn\u00e9, prachot\u011bsn\u00e9 a odoln\u00e9 proti n\u00e1raz\u016fm, tak\u017ee jsou vhodn\u00e9 do n\u00e1ro\u010dn\u00fdch pracovn\u00edch podm\u00ednek a zaji\u0161\u0165uj\u00ed spolehliv\u00fd v\u00fdkon po dlouhou dobu.<\/li>\n<\/ul>\n<\/li>\n<li><strong>Flexibiln\u00ed instalace:<\/strong>\n<ul>\n<li>Za\u0159\u00edzen\u00ed jsou ur\u010dena pro pou\u017eit\u00ed s r\u016fzn\u00fdmi typy je\u0159\u00e1b\u016f (nap\u0159. v\u011b\u017eov\u00e9 je\u0159\u00e1by, port\u00e1lov\u00e9 je\u0159\u00e1by a mobiln\u00ed je\u0159\u00e1by). Jejich jednoduch\u00fd proces instalace nav\u00edc umo\u017e\u0148uje p\u0159izp\u016fsoben\u00ed na z\u00e1klad\u011b r\u016fzn\u00fdch provozn\u00edch pot\u0159eb.<\/li>\n<\/ul>\n<\/li>\n<li><strong>Zv\u00fd\u0161en\u00e1 bezpe\u010dnost na m\u00edst\u011b:<\/strong>\n<ul>\n<li>V\u010dasn\u00fdm varov\u00e1n\u00edm pracovn\u00edk\u016f, obsluhy a okoln\u00edch osob pom\u00e1haj\u00ed tyto alarmy sn\u00ed\u017eit pravd\u011bpodobnost nehod, zejm\u00e9na kdy\u017e jsou je\u0159\u00e1by v pohybu, zvedaj\u00ed t\u011b\u017ek\u00e1 b\u0159emena nebo se nach\u00e1zej\u00ed v potenci\u00e1ln\u011b nebezpe\u010dn\u00fdch stavech.<\/li>\n<\/ul>\n<\/li>\n<\/ol>\n<h4><strong>Specifikace<\/strong><\/h4>\n<ol>\n<li><strong>Provozn\u00ed nap\u011bt\u00ed:<\/strong>\n<ul>\n<li>St\u0159\u00eddav\u00e9 nap\u011bt\u00ed: 110 V, 220 V atd.<\/li>\n<li>Stejnosm\u011brn\u00e9 nap\u011bt\u00ed: 12 V, 24 V atd.<\/li>\n<\/ul>\n<\/li>\n<li><strong>Intenzita zvuku:<\/strong>\n<ul>\n<li>Intenzita zvuku se obvykle pohybuje od 85 dB do 120 dB, s nastavitelnou hlasitost\u00ed v z\u00e1vislosti na prost\u0159ed\u00ed.<\/li>\n<\/ul>\n<\/li>\n<li><strong>Typ sv\u011btla:<\/strong>\n<ul>\n<li>Blikaj\u00edc\u00ed sv\u011btla jsou obvykle LED, kter\u00e1 maj\u00ed vysok\u00fd jas a dlouhou \u017eivotnost. Barvy sv\u011btla lze zvolit podle po\u017eadavk\u016f, v\u010detn\u011b \u010derven\u00e9, \u017elut\u00e9 nebo modr\u00e9.<\/li>\n<\/ul>\n<\/li>\n<li><strong>Frekvence blik\u00e1n\u00ed:<\/strong>\n<ul>\n<li>Frekvence blik\u00e1n\u00ed se obvykle pohybuje v rozmez\u00ed 60 a\u017e 120 bliknut\u00ed za minutu s mo\u017enost\u00ed nastaven\u00ed podle prost\u0159ed\u00ed, ve kter\u00e9m se pou\u017e\u00edv\u00e1.<\/li>\n<\/ul>\n<\/li>\n<li><strong>\u00darove\u0148 ochrany:<\/strong>\n<ul>\n<li>Stupe\u0148 kryt\u00ed je obvykle IP65 nebo vy\u0161\u0161\u00ed, co\u017e zaji\u0161\u0165uje spr\u00e1vnou funkci za\u0159\u00edzen\u00ed v prost\u0159ed\u00ed s vysokou vlhkost\u00ed nebo pra\u0161nost\u00ed.<\/li>\n<\/ul>\n<\/li>\n<li><strong>Rozsah provozn\u00edch teplot:<\/strong>\n<ul>\n<li>Typick\u00fd rozsah provozn\u00edch teplot je od -20 \u00b0C do +60 \u00b0C, tak\u017ee je vhodn\u00fd pro r\u016fzn\u00e1 n\u00e1ro\u010dn\u00e1 prost\u0159ed\u00ed.<\/li>\n<\/ul>\n<\/li>\n<li><strong>Zp\u016fsob instalace:<\/strong>\n<ul>\n<li>R\u016fzn\u00e9 zp\u016fsoby instalace, v\u010detn\u011b mo\u017enosti mont\u00e1\u017ee na dr\u017e\u00e1k, mont\u00e1\u017ee s ods\u00e1v\u00e1n\u00edm a mont\u00e1\u017ee na st\u011bnu, umo\u017e\u0148uj\u00ed flexibiln\u00ed instalaci v r\u016fzn\u00fdch prost\u0159ed\u00edch.<\/li>\n<\/ul>\n<\/li>\n<li><strong>Provozn\u00ed proud:<\/strong>\n<ul>\n<li>Provozn\u00ed proud se obvykle pohybuje od 0,2 A do 1 A v z\u00e1vislosti na konkr\u00e9tn\u00edm modelu.<\/li>\n<\/ul>\n<\/li>\n<li><strong>\u017divotnost:<\/strong>\n<ul>\n<li>\u017divotnost sv\u011btel LED je obvykle v\u00edce ne\u017e 50 000 hodin, co\u017e zaru\u010duje dlouhodob\u00e9 spolehliv\u00e9 pou\u017e\u00edv\u00e1n\u00ed.<\/li>\n<\/ul>\n<\/li>\n<\/ol>\n<h3>Z\u00e1v\u011br<\/h3>\n<p>Z\u00e1v\u011brem lze \u0159\u00edci, \u017ee zvukov\u00e9 a sv\u011bteln\u00e9 alarmy je\u0159\u00e1b\u016f zvy\u0161uj\u00ed bezpe\u010dnost na staveni\u0161ti t\u00edm, \u017ee nab\u00edzej\u00ed jak zvukov\u00e9, tak vizu\u00e1ln\u00ed varov\u00e1n\u00ed a pom\u00e1haj\u00ed p\u0159edch\u00e1zet nehod\u00e1m p\u0159i provozu je\u0159\u00e1b\u016f. D\u00edky nastaviteln\u00e9 hlasitosti a intenzit\u011b sv\u011btla, vynikaj\u00edc\u00ed odolnosti a flexibiln\u00edm metod\u00e1m instalace jsou tyto popla\u0161n\u00e9 syst\u00e9my \u0161iroce pou\u017eiteln\u00e9 v r\u016fzn\u00fdch pr\u016fmyslov\u00fdch prost\u0159ed\u00edch. Jejich schopnost poskytovat spolehliv\u00e9 v\u00fdstrahy zaji\u0161\u0165uje bezpe\u010dn\u00fd a efektivn\u00ed provoz je\u0159\u00e1b\u016f v r\u016fzn\u00fdch prost\u0159ed\u00edch.<\/p>","protected":false},"excerpt":{"rendered":"<p><strong>Vlastnosti zvukov\u00e9ho a sv\u011bteln\u00e9ho alarmu je\u0159\u00e1bu\uff1a<\/strong><\/p>\n<ul>\n<li>Zdroj sv\u011btla LED s vysok\u00fdm jasem<\/li>\n<li>Hlasit\u00e1 zvukov\u00e1 upozorn\u011bn\u00ed<\/li>\n<li>Podpora v\u00edce nap\u011bt\u00ed<\/li>\n<li>Oto\u010dn\u00e9 v\u00fdstra\u017en\u00e9 sv\u011btlo (voliteln\u00e9)<\/li>\n<li>Vysok\u00e9 hodnocen\u00ed ochrany<\/li>\n<li>Dlouh\u00e1 \u017eivotnost<\/li>\n<\/ul>","protected":false},"featured_media":7491,"template":"","meta":{"_kad_post_transparent":"default","_kad_post_title":"","_kad_post_layout":"default","_kad_post_sidebar_id":"","_kad_post_content_style":"default","_kad_post_vertical_padding":"show","_kad_post_feature":"","_kad_post_feature_position":"","_kad_post_header":false,"_kad_post_footer":false},"product_brand":[],"product_cat":[65],"product_tag":[632,622,376,634,612,616,626,627,629,613,617,620,615,614,618,628,619,621,623,630,635,633,625,631,624],"class_list":{"0":"post-5790","1":"product","2":"type-product","3":"status-publish","4":"has-post-thumbnail","6":"product_cat-crane-electrical-parts","7":"product_tag-aviation-plug","8":"product_tag-cable-trolley","9":"product_tag-china-crane-parts-supplier","10":"product_tag-crane-aviation-plug","11":"product_tag-crane-cable-trolley","12":"product_tag-crane-control-cabinet","13":"product_tag-crane-control-handle","14":"product_tag-crane-controls","15":"product_tag-crane-electrical-control-cabinet","16":"product_tag-crane-electrical-part","17":"product_tag-crane-limit-switch","18":"product_tag-crane-overload-limiter","19":"product_tag-crane-pendant-controller","20":"product_tag-crane-remote-controller","21":"product_tag-crane-sound-and-light-alarm","22":"product_tag-electrical-control-cabinet","23":"product_tag-heavy-duty-aviation-connector","24":"product_tag-i-beam-cable-trolley","25":"product_tag-i-beam-cable-trolley-supplier","26":"product_tag-limit-switch","27":"product_tag-overload-limiter","28":"product_tag-quick-connector","29":"product_tag-remote-controller","30":"product_tag-sound-and-light-alarm","31":"product_tag-wireless-remote-control","33":"first","34":"instock","35":"shipping-taxable","36":"product-type-simple","37":"entry","38":"content-bg","39":"loop-entry"},"yoast_head":"<!-- This site is optimized with the Yoast SEO plugin v24.5 - https:\/\/yoast.com\/wordpress\/plugins\/seo\/ -->\n<title>Crane sound and light alarm - Sound and light alarm- Crane Parts Manufacturer<\/title>\n<meta name=\"description\" content=\"Sound and light alarm,Crane Electrical Parts,Sound and light alarm manufacturer,Sound and light alarm Supplier,Crane Parts Supplier\" \/>\n<meta name=\"robots\" content=\"index, follow, max-snippet:-1, max-image-preview:large, max-video-preview:-1\" \/>\n<link rel=\"canonical\" href=\"https:\/\/www.hnhlcranes.com\/cs\/produkt\/zvukovy-a-svetelny-alarm-jerabu\/\" \/>\n<meta property=\"og:locale\" content=\"cs_CZ\" \/>\n<meta property=\"og:type\" content=\"article\" \/>\n<meta property=\"og:title\" content=\"Crane sound and light alarm - Sound and light alarm- Crane Parts Manufacturer\" \/>\n<meta property=\"og:description\" content=\"Sound and light alarm,Crane Electrical Parts,Sound and light alarm manufacturer,Sound and light alarm Supplier,Crane Parts Supplier\" \/>\n<meta property=\"og:url\" content=\"https:\/\/www.hnhlcranes.com\/cs\/produkt\/zvukovy-a-svetelny-alarm-jerabu\/\" \/>\n<meta property=\"og:site_name\" content=\"Crane Parts Manufacturer\" \/>\n<meta property=\"article:modified_time\" content=\"2025-01-16T04:10:37+00:00\" \/>\n<meta property=\"og:image\" content=\"https:\/\/www.hnhlcranes.com\/wp-content\/uploads\/2024\/12\/Crane-sound-and-light-alarm.jpg\" \/>\n\t<meta property=\"og:image:width\" content=\"600\" \/>\n\t<meta property=\"og:image:height\" content=\"600\" \/>\n\t<meta property=\"og:image:type\" content=\"image\/jpeg\" \/>\n<meta name=\"twitter:card\" content=\"summary_large_image\" \/>\n<meta name=\"twitter:label1\" content=\"Odhadovan\u00e1 doba \u010dten\u00ed\" \/>\n\t<meta name=\"twitter:data1\" content=\"3 minuty\" \/>\n<script type=\"application\/ld+json\" class=\"yoast-schema-graph\">{\"@context\":\"https:\/\/schema.org\",\"@graph\":[{\"@type\":\"WebPage\",\"@id\":\"https:\/\/www.hnhlcranes.com\/product\/crane-sound-and-light-alarm\/\",\"url\":\"https:\/\/www.hnhlcranes.com\/product\/crane-sound-and-light-alarm\/\",\"name\":\"Crane sound and light alarm - Sound and light alarm- Crane Parts Manufacturer\",\"isPartOf\":{\"@id\":\"https:\/\/www.hnhlcranes.com\/#website\"},\"primaryImageOfPage\":{\"@id\":\"https:\/\/www.hnhlcranes.com\/product\/crane-sound-and-light-alarm\/#primaryimage\"},\"image\":{\"@id\":\"https:\/\/www.hnhlcranes.com\/product\/crane-sound-and-light-alarm\/#primaryimage\"},\"thumbnailUrl\":\"https:\/\/www.hnhlcranes.com\/wp-content\/uploads\/2024\/12\/Crane-sound-and-light-alarm.jpg\",\"datePublished\":\"2024-12-05T16:55:21+00:00\",\"dateModified\":\"2025-01-16T04:10:37+00:00\",\"description\":\"Sound and light alarm,Crane Electrical Parts,Sound and light alarm manufacturer,Sound and light alarm Supplier,Crane Parts Supplier\",\"breadcrumb\":{\"@id\":\"https:\/\/www.hnhlcranes.com\/product\/crane-sound-and-light-alarm\/#breadcrumb\"},\"inLanguage\":\"cs\",\"potentialAction\":[{\"@type\":\"ReadAction\",\"target\":[\"https:\/\/www.hnhlcranes.com\/product\/crane-sound-and-light-alarm\/\"]}]},{\"@type\":\"ImageObject\",\"inLanguage\":\"cs\",\"@id\":\"https:\/\/www.hnhlcranes.com\/product\/crane-sound-and-light-alarm\/#primaryimage\",\"url\":\"https:\/\/www.hnhlcranes.com\/wp-content\/uploads\/2024\/12\/Crane-sound-and-light-alarm.jpg\",\"contentUrl\":\"https:\/\/www.hnhlcranes.com\/wp-content\/uploads\/2024\/12\/Crane-sound-and-light-alarm.jpg\",\"width\":600,\"height\":600},{\"@type\":\"BreadcrumbList\",\"@id\":\"https:\/\/www.hnhlcranes.com\/product\/crane-sound-and-light-alarm\/#breadcrumb\",\"itemListElement\":[{\"@type\":\"ListItem\",\"position\":1,\"name\":\"home\",\"item\":\"https:\/\/www.hnhlcranes.com\/\"},{\"@type\":\"ListItem\",\"position\":2,\"name\":\"products\",\"item\":\"https:\/\/www.hnhlcranes.com\/products\/\"},{\"@type\":\"ListItem\",\"position\":3,\"name\":\"Crane sound and light alarm\"}]},{\"@type\":\"WebSite\",\"@id\":\"https:\/\/www.hnhlcranes.com\/#website\",\"url\":\"https:\/\/www.hnhlcranes.com\/\",\"name\":\"Crane Parts Manufacturer\",\"description\":\"Crane Wheels,Crane Drums,Crane Hooks,Crane Coupling,Crane End Carriage,Electric Hoist,European Crane Parts,Crane Rail Clip,Crane Spreader,Crane Motor,Crane Reducer,Crane Brake,Light Crane Parts,Workstation Crane Parts,Crane Electrical Parts,China Crane Parts Supplier,China Crane Parts Manufacturer,Angle box type crane wheel,45 degree split crane wheel,European crane wheel,Crane Wheel Blocks,Overhead crane drum,European crane drum,Overhead crane hook,European crane hook,Crane pulley block,Gear coupling,Brake wheel coupling,Drum gear coupling,Brake wheel drum gear coupling,Cardan Shaft Coupling,WZL drum coupling,Plum blossom elastic coupling,Brake wheel plum elastic coupling,European Single girder crane end carriage,European Double girder crane end carriage,European Suspension  crane end carriage,Wire Rope Electric Hoist,Electric Chain Hoist,European Single Girder Wire Rope Electric Hoist,European Double Girder Wire Rope Electric Hoist,Crane grab,Container spreader,Billet crane clamps,C-type hook,Lifting Electromagnet,YZR crane motor,YZP crane motor,ZQ Reducer,ZSC Reducer,QJ Reducer,QJ-L Reducer,QJY Reducer,H series gearbox,F Series Gear Motor,K Series Gear Motor,R Series Gear Motor,travelling machinery gear motor,Electro hydraulic drum brake,Electro hydraulic disc brake,Crane Safety brake,Crane cable trolley,Crane remote controller,Crane pendant controller,Crane electrical control cabinet,Crane limit switch,Crane sound and light alarm,Heavy Duty Aviation Connector,Crane overload limiter\",\"publisher\":{\"@id\":\"https:\/\/www.hnhlcranes.com\/#organization\"},\"potentialAction\":[{\"@type\":\"SearchAction\",\"target\":{\"@type\":\"EntryPoint\",\"urlTemplate\":\"https:\/\/www.hnhlcranes.com\/?s={search_term_string}\"},\"query-input\":{\"@type\":\"PropertyValueSpecification\",\"valueRequired\":true,\"valueName\":\"search_term_string\"}}],\"inLanguage\":\"cs\"},{\"@type\":\"Organization\",\"@id\":\"https:\/\/www.hnhlcranes.com\/#organization\",\"name\":\"Crane Parts Manufacturer\",\"url\":\"https:\/\/www.hnhlcranes.com\/\",\"logo\":{\"@type\":\"ImageObject\",\"inLanguage\":\"cs\",\"@id\":\"https:\/\/www.hnhlcranes.com\/#\/schema\/logo\/image\/\",\"url\":\"https:\/\/www.hnhlcranes.com\/wp-content\/uploads\/2025\/01\/HL-logo-1.png\",\"contentUrl\":\"https:\/\/www.hnhlcranes.com\/wp-content\/uploads\/2025\/01\/HL-logo-1.png\",\"width\":600,\"height\":169,\"caption\":\"Crane Parts Manufacturer\"},\"image\":{\"@id\":\"https:\/\/www.hnhlcranes.com\/#\/schema\/logo\/image\/\"}}]}<\/script>\n<!-- \/ Yoast SEO plugin. -->","yoast_head_json":{"title":"Crane sound and light alarm - Sound and light alarm- Crane Parts Manufacturer","description":"Sound and light alarm,Crane Electrical Parts,Sound and light alarm manufacturer,Sound and light alarm Supplier,Crane Parts Supplier","robots":{"index":"index","follow":"follow","max-snippet":"max-snippet:-1","max-image-preview":"max-image-preview:large","max-video-preview":"max-video-preview:-1"},"canonical":"https:\/\/www.hnhlcranes.com\/cs\/produkt\/zvukovy-a-svetelny-alarm-jerabu\/","og_locale":"cs_CZ","og_type":"article","og_title":"Crane sound and light alarm - Sound and light alarm- Crane Parts Manufacturer","og_description":"Sound and light alarm,Crane Electrical Parts,Sound and light alarm manufacturer,Sound and light alarm Supplier,Crane Parts Supplier","og_url":"https:\/\/www.hnhlcranes.com\/cs\/produkt\/zvukovy-a-svetelny-alarm-jerabu\/","og_site_name":"Crane Parts Manufacturer","article_modified_time":"2025-01-16T04:10:37+00:00","og_image":[{"width":600,"height":600,"url":"https:\/\/www.hnhlcranes.com\/wp-content\/uploads\/2024\/12\/Crane-sound-and-light-alarm.jpg","type":"image\/jpeg"}],"twitter_card":"summary_large_image","twitter_misc":{"Odhadovan\u00e1 doba \u010dten\u00ed":"3 minuty"},"schema":{"@context":"https:\/\/schema.org","@graph":[{"@type":"WebPage","@id":"https:\/\/www.hnhlcranes.com\/product\/crane-sound-and-light-alarm\/","url":"https:\/\/www.hnhlcranes.com\/product\/crane-sound-and-light-alarm\/","name":"Crane sound and light alarm - Sound and light alarm- Crane Parts Manufacturer","isPartOf":{"@id":"https:\/\/www.hnhlcranes.com\/#website"},"primaryImageOfPage":{"@id":"https:\/\/www.hnhlcranes.com\/product\/crane-sound-and-light-alarm\/#primaryimage"},"image":{"@id":"https:\/\/www.hnhlcranes.com\/product\/crane-sound-and-light-alarm\/#primaryimage"},"thumbnailUrl":"https:\/\/www.hnhlcranes.com\/wp-content\/uploads\/2024\/12\/Crane-sound-and-light-alarm.jpg","datePublished":"2024-12-05T16:55:21+00:00","dateModified":"2025-01-16T04:10:37+00:00","description":"Sound and light alarm,Crane Electrical Parts,Sound and light alarm manufacturer,Sound and light alarm Supplier,Crane Parts Supplier","breadcrumb":{"@id":"https:\/\/www.hnhlcranes.com\/product\/crane-sound-and-light-alarm\/#breadcrumb"},"inLanguage":"cs","potentialAction":[{"@type":"ReadAction","target":["https:\/\/www.hnhlcranes.com\/product\/crane-sound-and-light-alarm\/"]}]},{"@type":"ImageObject","inLanguage":"cs","@id":"https:\/\/www.hnhlcranes.com\/product\/crane-sound-and-light-alarm\/#primaryimage","url":"https:\/\/www.hnhlcranes.com\/wp-content\/uploads\/2024\/12\/Crane-sound-and-light-alarm.jpg","contentUrl":"https:\/\/www.hnhlcranes.com\/wp-content\/uploads\/2024\/12\/Crane-sound-and-light-alarm.jpg","width":600,"height":600},{"@type":"BreadcrumbList","@id":"https:\/\/www.hnhlcranes.com\/product\/crane-sound-and-light-alarm\/#breadcrumb","itemListElement":[{"@type":"ListItem","position":1,"name":"home","item":"https:\/\/www.hnhlcranes.com\/"},{"@type":"ListItem","position":2,"name":"products","item":"https:\/\/www.hnhlcranes.com\/products\/"},{"@type":"ListItem","position":3,"name":"Crane sound and light alarm"}]},{"@type":"WebSite","@id":"https:\/\/www.hnhlcranes.com\/#website","url":"https:\/\/www.hnhlcranes.com\/","name":"Crane Parts Manufacturer","description":"Crane Wheels,Crane Drums,Crane Hooks,Crane Coupling,Crane End Carriage,Electric Hoist,European Crane Parts,Crane Rail Clip,Crane Spreader,Crane Motor,Crane Reducer,Crane Brake,Light Crane Parts,Workstation Crane Parts,Crane Electrical Parts,China Crane Parts Supplier,China Crane Parts Manufacturer,Angle box type crane wheel,45 degree split crane wheel,European crane wheel,Crane Wheel Blocks,Overhead crane drum,European crane drum,Overhead crane hook,European crane hook,Crane pulley block,Gear coupling,Brake wheel coupling,Drum gear coupling,Brake wheel drum gear coupling,Cardan Shaft Coupling,WZL drum coupling,Plum blossom elastic coupling,Brake wheel plum elastic coupling,European Single girder crane end carriage,European Double girder crane end carriage,European Suspension  crane end carriage,Wire Rope Electric Hoist,Electric Chain Hoist,European Single Girder Wire Rope Electric Hoist,European Double Girder Wire Rope Electric Hoist,Crane grab,Container spreader,Billet crane clamps,C-type hook,Lifting Electromagnet,YZR crane motor,YZP crane motor,ZQ Reducer,ZSC Reducer,QJ Reducer,QJ-L Reducer,QJY Reducer,H series gearbox,F Series Gear Motor,K Series Gear Motor,R Series Gear Motor,travelling machinery gear motor,Electro hydraulic drum brake,Electro hydraulic disc brake,Crane Safety brake,Crane cable trolley,Crane remote controller,Crane pendant controller,Crane electrical control cabinet,Crane limit switch,Crane sound and light alarm,Heavy Duty Aviation Connector,Crane overload limiter","publisher":{"@id":"https:\/\/www.hnhlcranes.com\/#organization"},"potentialAction":[{"@type":"SearchAction","target":{"@type":"EntryPoint","urlTemplate":"https:\/\/www.hnhlcranes.com\/?s={search_term_string}"},"query-input":{"@type":"PropertyValueSpecification","valueRequired":true,"valueName":"search_term_string"}}],"inLanguage":"cs"},{"@type":"Organization","@id":"https:\/\/www.hnhlcranes.com\/#organization","name":"Crane Parts Manufacturer","url":"https:\/\/www.hnhlcranes.com\/","logo":{"@type":"ImageObject","inLanguage":"cs","@id":"https:\/\/www.hnhlcranes.com\/#\/schema\/logo\/image\/","url":"https:\/\/www.hnhlcranes.com\/wp-content\/uploads\/2025\/01\/HL-logo-1.png","contentUrl":"https:\/\/www.hnhlcranes.com\/wp-content\/uploads\/2025\/01\/HL-logo-1.png","width":600,"height":169,"caption":"Crane Parts Manufacturer"},"image":{"@id":"https:\/\/www.hnhlcranes.com\/#\/schema\/logo\/image\/"}}]}},"_links":{"self":[{"href":"https:\/\/www.hnhlcranes.com\/cs\/wp-json\/wp\/v2\/product\/5790","targetHints":{"allow":["GET"]}}],"collection":[{"href":"https:\/\/www.hnhlcranes.com\/cs\/wp-json\/wp\/v2\/product"}],"about":[{"href":"https:\/\/www.hnhlcranes.com\/cs\/wp-json\/wp\/v2\/types\/product"}],"version-history":[{"count":4,"href":"https:\/\/www.hnhlcranes.com\/cs\/wp-json\/wp\/v2\/product\/5790\/revisions"}],"predecessor-version":[{"id":7494,"href":"https:\/\/www.hnhlcranes.com\/cs\/wp-json\/wp\/v2\/product\/5790\/revisions\/7494"}],"wp:featuredmedia":[{"embeddable":true,"href":"https:\/\/www.hnhlcranes.com\/cs\/wp-json\/wp\/v2\/media\/7491"}],"wp:attachment":[{"href":"https:\/\/www.hnhlcranes.com\/cs\/wp-json\/wp\/v2\/media?parent=5790"}],"wp:term":[{"taxonomy":"product_brand","embeddable":true,"href":"https:\/\/www.hnhlcranes.com\/cs\/wp-json\/wp\/v2\/product_brand?post=5790"},{"taxonomy":"product_cat","embeddable":true,"href":"https:\/\/www.hnhlcranes.com\/cs\/wp-json\/wp\/v2\/product_cat?post=5790"},{"taxonomy":"product_tag","embeddable":true,"href":"https:\/\/www.hnhlcranes.com\/cs\/wp-json\/wp\/v2\/product_tag?post=5790"}],"curies":[{"name":"wp","href":"https:\/\/api.w.org\/{rel}","templated":true}]}}