{"id":5799,"date":"2024-12-06T01:12:50","date_gmt":"2024-12-05T17:12:50","guid":{"rendered":"https:\/\/www.hnhlcranes.com\/?post_type=product&#038;p=5799"},"modified":"2025-01-16T15:38:12","modified_gmt":"2025-01-16T07:38:12","slug":"letecky-konektor-pro-vysoke-zatizeni","status":"publish","type":"product","link":"https:\/\/www.hnhlcranes.com\/cs\/produkt\/letecky-konektor-pro-vysoke-zatizeni\/","title":{"rendered":"Leteck\u00fd konektor pro velk\u00e9 zat\u00ed\u017een\u00ed"},"content":{"rendered":"<div class=\"flex max-w-full flex-col flex-grow\">\n<div class=\"min-h-8 text-message flex w-full flex-col items-end gap-2 whitespace-normal break-words text-start [.text-message+&amp;]:mt-5\" dir=\"auto\" data-message-author-role=\"assistant\" data-message-id=\"fc730c9a-ffef-45d3-a6b5-1c3420fc36b9\" data-message-model-slug=\"gpt-4o\">\n<div class=\"flex w-full flex-col gap-1 empty:hidden first:pt-[3px]\">\n<div class=\"markdown prose w-full break-words dark:prose-invert light\"><\/div>\n<\/div>\n<\/div>\n<\/div>\n<h3>Vlastnosti a specifikace konektoru Heavy Duty Aviation Connector<\/h3>\n<h4><strong>Funkce<\/strong><\/h4>\n<ol>\n<li><strong>Vysok\u00e1 pevnost a odolnost:<\/strong>\n<ul>\n<li>T\u011b\u017ek\u00e9 leteck\u00e9 konektory jsou vyrobeny z vysoce pevn\u00fdch materi\u00e1l\u016f, kter\u00e9 maj\u00ed vynikaj\u00edc\u00ed odolnost proti od\u011bru, korozi a n\u00e1raz\u016fm. Tyto konektory jsou navr\u017eeny tak, aby odol\u00e1valy mechanick\u00fdm n\u00e1raz\u016fm a vibrac\u00edm, tak\u017ee jsou ide\u00e1ln\u00ed pro drsn\u00e9 prost\u0159ed\u00ed a pr\u016fmyslov\u00e9 aplikace.<\/li>\n<\/ul>\n<\/li>\n<li><strong>Vodot\u011bsnost a prachot\u011bsnost:<\/strong>\n<ul>\n<li>Tyto konektory maj\u00ed vysok\u00e9 kryt\u00ed, obvykle IP67 nebo vy\u0161\u0161\u00ed, a \u00fa\u010dinn\u011b zabra\u0148uj\u00ed vniknut\u00ed vody, prachu a dal\u0161\u00edch ne\u010distot. D\u00edky tomu zaji\u0161\u0165uj\u00ed spolehliv\u00fd provoz v prost\u0159ed\u00ed s vysokou vlhkost\u00ed nebo velk\u00fdm mno\u017estv\u00edm prachu.<\/li>\n<\/ul>\n<\/li>\n<li><strong>Spolehliv\u00fd elektrick\u00fd v\u00fdkon:<\/strong>\n<ul>\n<li>Leteck\u00e9 konektory pro vysok\u00e9 zat\u00ed\u017een\u00ed poskytuj\u00ed vysokou p\u0159enosovou schopnost proudu a zaji\u0161\u0165uj\u00ed stabiln\u00ed p\u0159enos energie p\u0159i vysok\u00e9m zat\u00ed\u017een\u00ed. Kontaktn\u00ed sou\u010d\u00e1sti jsou obvykle vyrobeny z vysoce vodiv\u00fdch materi\u00e1l\u016f (nap\u0159. slitiny m\u011bdi), co\u017e zaru\u010duje spolehliv\u00e9 a dlouhotrvaj\u00edc\u00ed elektrick\u00e9 spojen\u00ed.<\/li>\n<\/ul>\n<\/li>\n<li><strong>Odolnost v\u016f\u010di vysok\u00fdm a n\u00edzk\u00fdm teplot\u00e1m:<\/strong>\n<ul>\n<li>Tyto konektory jsou ur\u010deny pro provoz v extr\u00e9mn\u00edch teplot\u00e1ch, obvykle v rozmez\u00ed od -55 \u00b0C do +200 \u00b0C. Jsou vhodn\u00e9 pro pr\u016fmyslov\u00e1 odv\u011btv\u00ed, jako je letectv\u00ed, vojenstv\u00ed a \u017eeleznice, kde jsou b\u011b\u017en\u00e9 vysok\u00e9 nebo n\u00edzk\u00e9 teploty.<\/li>\n<\/ul>\n<\/li>\n<li><strong>Rozmanitost konektor\u016f:<\/strong>\n<ul>\n<li>T\u011b\u017ek\u00e9 leteck\u00e9 konektory podporuj\u00ed r\u016fzn\u00e9 typy konektor\u016f, v\u010detn\u011b kruhov\u00fdch, obd\u00e9ln\u00edkov\u00fdch, s p\u0159\u00edmou z\u00e1str\u010dkou a odpojiteln\u00fdch typ\u016f, kter\u00e9 spl\u0148uj\u00ed r\u016fzn\u00e9 sc\u00e9n\u00e1\u0159e a po\u017eadavky na pou\u017eit\u00ed.<\/li>\n<\/ul>\n<\/li>\n<li><strong>Rychl\u00e1 instalace a odpojen\u00ed:<\/strong>\n<ul>\n<li>Tyto konektory jsou navr\u017eeny tak, aby byly pohodln\u00e9, s rychl\u00fdmi mechanismy p\u0159ipojen\u00ed a odpojen\u00ed, kter\u00e9 zvy\u0161uj\u00ed efektivitu provozu. Mnoho model\u016f je vybaveno samosvorn\u00fdmi mechanismy, kter\u00e9 zaji\u0161\u0165uj\u00ed stabiln\u00ed a spolehliv\u00e9 p\u0159ipojen\u00ed.<\/li>\n<\/ul>\n<\/li>\n<li><strong>\u0160irok\u00e1 \u0161k\u00e1la aplikac\u00ed:<\/strong>\n<ul>\n<li>Tyto konektory se \u0161iroce pou\u017e\u00edvaj\u00ed v letectv\u00ed, vojenstv\u00ed, \u017eelezni\u010dn\u00ed doprav\u011b, t\u011b\u017ek\u00e9m stroj\u00edrenstv\u00ed, pr\u016fmyslov\u00fdch za\u0159\u00edzen\u00edch a dal\u0161\u00edch oborech, kter\u00e9 vy\u017eaduj\u00ed vysoce odoln\u00e9 elektrick\u00e9 spoje.<\/li>\n<\/ul>\n<\/li>\n<\/ol>\n<h4><strong>Specifikace<\/strong><\/h4>\n<ol>\n<li><strong>Jmenovit\u00fd proud:<\/strong>\n<ul>\n<li>Rozsah jmenovit\u00e9ho proudu se obvykle pohybuje od 10 A do 500 A v z\u00e1vislosti na modelu konektoru a jeho specifikac\u00edch.<\/li>\n<\/ul>\n<\/li>\n<li><strong>Jmenovit\u00e9 nap\u011bt\u00ed:<\/strong>\n<ul>\n<li>Jmenovit\u00e9 nap\u011bt\u00ed se obvykle pohybuje od 250 V do 3000 V a vyhovuje elektrick\u00fdm po\u017eadavk\u016fm r\u016fzn\u00fdch aplikac\u00ed.<\/li>\n<\/ul>\n<\/li>\n<li><strong>Kontaktn\u00ed odpor:<\/strong>\n<ul>\n<li>Odpor kontakt\u016f je obvykle ni\u017e\u0161\u00ed ne\u017e 1 m\u03a9, co\u017e zaji\u0161\u0165uje n\u00edzkoodporov\u00e9 spoje a sni\u017euje energetick\u00e9 ztr\u00e1ty.<\/li>\n<\/ul>\n<\/li>\n<li><strong>Rozsah provozn\u00edch teplot:<\/strong>\n<ul>\n<li>Standardn\u00ed rozsah provozn\u00edch teplot je od -55 \u00b0C do +200 \u00b0C, p\u0159i\u010dem\u017e n\u011bkter\u00e9 modely jsou schopny pracovat p\u0159i je\u0161t\u011b vy\u0161\u0161\u00edch teplot\u00e1ch.<\/li>\n<\/ul>\n<\/li>\n<li><strong>Stupe\u0148 ochrany:<\/strong>\n<ul>\n<li>Stupe\u0148 kryt\u00ed obvykle spl\u0148uje nebo p\u0159ekra\u010duje normu IP67 a poskytuje vynikaj\u00edc\u00ed ochranu proti vod\u011b a prachu.<\/li>\n<\/ul>\n<\/li>\n<li><strong>Cykly vlo\u017een\u00ed\/vyjmut\u00ed:<\/strong>\n<ul>\n<li>Konektory obvykle vydr\u017e\u00ed 1000 a\u017e 5000 p\u00e1rovac\u00edch cykl\u016f, co\u017e zaji\u0161\u0165uje dlouhodobou spolehlivost a stabilitu i po opakovan\u00e9m pou\u017eit\u00ed.<\/li>\n<\/ul>\n<\/li>\n<li><strong>Typy konektor\u016f:<\/strong>\n<ul>\n<li>Mezi b\u011b\u017en\u00e9 typy konektor\u016f pat\u0159\u00ed rychlospojky, z\u00e1vitov\u00e9 konektory a konektory s aretac\u00ed, kter\u00e9 umo\u017e\u0148uj\u00ed flexibiln\u00ed volbu podle konkr\u00e9tn\u00edch pot\u0159eb p\u0159ipojen\u00ed.<\/li>\n<\/ul>\n<\/li>\n<li><strong>Materi\u00e1ly:<\/strong>\n<ul>\n<li>Pouzdra jsou obvykle vyrobena z hlin\u00edkov\u00e9 slitiny nebo nerezov\u00e9 oceli, zat\u00edmco kontakty se obvykle skl\u00e1daj\u00ed ze slitiny m\u011bdi nebo post\u0159\u00edb\u0159en\u00fdch materi\u00e1l\u016f, kter\u00e9 zaji\u0161\u0165uj\u00ed vynikaj\u00edc\u00ed vodivost a odolnost proti korozi.<\/li>\n<\/ul>\n<\/li>\n<li><strong>Velikost a hmotnost:<\/strong>\n<ul>\n<li>T\u011b\u017ek\u00e9 leteck\u00e9 konektory jsou obecn\u011b v\u011bt\u0161\u00ed, aby pojaly vy\u0161\u0161\u00ed proud a m\u011bly siln\u011bj\u0161\u00ed mechanick\u00e9 vlastnosti, co\u017e m\u00e1 za n\u00e1sledek relativn\u011b vy\u0161\u0161\u00ed hmotnost, kter\u00e1 zaji\u0161\u0165uje stabiln\u00ed p\u0159ipojen\u00ed.<\/li>\n<\/ul>\n<\/li>\n<\/ol>\n<h3>Z\u00e1v\u011br<\/h3>\n<p>Z\u00e1v\u011brem lze \u0159\u00edci, \u017ee vysoce odoln\u00e9 leteck\u00e9 konektory nab\u00edzej\u00ed mimo\u0159\u00e1dnou odolnost a spolehlivost a zaji\u0161\u0165uj\u00ed stabiln\u00ed elektrick\u00e1 spojen\u00ed i v extr\u00e9mn\u00edch podm\u00ednk\u00e1ch. D\u00edky vlastnostem, jako je vodot\u011bsnost, prachot\u011bsnost, odolnost proti n\u00e1raz\u016fm a vysok\u00e1 teplotn\u00ed tolerance, jsou tyto konektory \u0161iroce pou\u017e\u00edv\u00e1ny v r\u016fzn\u00fdch pr\u016fmyslov\u00fdch odv\u011btv\u00edch, jako je letectv\u00ed, vojenstv\u00ed, \u017eeleznice a pr\u016fmyslov\u00e1 za\u0159\u00edzen\u00ed. D\u00edky sv\u00e9mu siln\u00e9mu elektrick\u00e9mu v\u00fdkonu, r\u016fzn\u00fdm styl\u016fm konektor\u016f a vysok\u00e9mu stupni kryt\u00ed jsou ide\u00e1ln\u00ed volbou pro aplikace vy\u017eaduj\u00edc\u00ed vysoce odoln\u00e1 elektrick\u00e1 spojen\u00ed.<\/p>\n<p><img fetchpriority=\"high\" decoding=\"async\" class=\"alignnone wp-image-7525\" src=\"https:\/\/www.hnhlcranes.com\/wp-content\/uploads\/2024\/12\/Heavy-Duty-Aviation-Connector-6-pin-e1737012766554-300x147.jpg\" alt=\"\" width=\"1010\" height=\"495\" srcset=\"https:\/\/www.hnhlcranes.com\/wp-content\/uploads\/2024\/12\/Heavy-Duty-Aviation-Connector-6-pin-e1737012766554-300x147.jpg 300w, https:\/\/www.hnhlcranes.com\/wp-content\/uploads\/2024\/12\/Heavy-Duty-Aviation-Connector-6-pin-e1737012766554-1024x502.jpg 1024w, https:\/\/www.hnhlcranes.com\/wp-content\/uploads\/2024\/12\/Heavy-Duty-Aviation-Connector-6-pin-e1737012766554-768x376.jpg 768w, https:\/\/www.hnhlcranes.com\/wp-content\/uploads\/2024\/12\/Heavy-Duty-Aviation-Connector-6-pin-e1737012766554-600x294.jpg 600w, https:\/\/www.hnhlcranes.com\/wp-content\/uploads\/2024\/12\/Heavy-Duty-Aviation-Connector-6-pin-e1737012766554.jpg 1224w\" sizes=\"(max-width: 1010px) 100vw, 1010px\" \/><\/p>\n<p><img decoding=\"async\" class=\"alignnone wp-image-7526\" src=\"https:\/\/www.hnhlcranes.com\/wp-content\/uploads\/2024\/12\/Heavy-Duty-Aviation-Connector-16-pin-e1737012903661-300x147.jpg\" alt=\"\" width=\"1000\" height=\"490\" srcset=\"https:\/\/www.hnhlcranes.com\/wp-content\/uploads\/2024\/12\/Heavy-Duty-Aviation-Connector-16-pin-e1737012903661-300x147.jpg 300w, https:\/\/www.hnhlcranes.com\/wp-content\/uploads\/2024\/12\/Heavy-Duty-Aviation-Connector-16-pin-e1737012903661-1024x502.jpg 1024w, https:\/\/www.hnhlcranes.com\/wp-content\/uploads\/2024\/12\/Heavy-Duty-Aviation-Connector-16-pin-e1737012903661-768x376.jpg 768w, https:\/\/www.hnhlcranes.com\/wp-content\/uploads\/2024\/12\/Heavy-Duty-Aviation-Connector-16-pin-e1737012903661-600x294.jpg 600w, https:\/\/www.hnhlcranes.com\/wp-content\/uploads\/2024\/12\/Heavy-Duty-Aviation-Connector-16-pin-e1737012903661.jpg 1224w\" sizes=\"(max-width: 1000px) 100vw, 1000px\" \/><\/p>\n<p><img decoding=\"async\" class=\"alignnone  wp-image-7527\" src=\"https:\/\/www.hnhlcranes.com\/wp-content\/uploads\/2024\/12\/Heavy-Duty-Aviation-Connector-32-pin-e1737013007182-300x147.jpg\" alt=\"\" width=\"1004\" height=\"492\" srcset=\"https:\/\/www.hnhlcranes.com\/wp-content\/uploads\/2024\/12\/Heavy-Duty-Aviation-Connector-32-pin-e1737013007182-300x147.jpg 300w, https:\/\/www.hnhlcranes.com\/wp-content\/uploads\/2024\/12\/Heavy-Duty-Aviation-Connector-32-pin-e1737013007182-1024x502.jpg 1024w, https:\/\/www.hnhlcranes.com\/wp-content\/uploads\/2024\/12\/Heavy-Duty-Aviation-Connector-32-pin-e1737013007182-768x376.jpg 768w, https:\/\/www.hnhlcranes.com\/wp-content\/uploads\/2024\/12\/Heavy-Duty-Aviation-Connector-32-pin-e1737013007182-600x294.jpg 600w, https:\/\/www.hnhlcranes.com\/wp-content\/uploads\/2024\/12\/Heavy-Duty-Aviation-Connector-32-pin-e1737013007182.jpg 1224w\" sizes=\"(max-width: 1004px) 100vw, 1004px\" \/><\/p>","protected":false},"excerpt":{"rendered":"<p>Leteck\u00fd konektor HE Heavy Duty, zn\u00e1m\u00fd tak\u00e9 jako leteck\u00e1 z\u00e1str\u010dka nebo rychlospojka, je univerz\u00e1ln\u00ed a robustn\u00ed \u0159e\u0161en\u00ed pro elektrick\u00e1 a sign\u00e1ln\u00ed p\u0159ipojen\u00ed v pr\u016fmyslov\u00fdch za\u0159\u00edzen\u00edch v\u010detn\u011b je\u0159\u00e1b\u016f.<\/p>","protected":false},"featured_media":7506,"template":"","meta":{"_kad_post_transparent":"default","_kad_post_title":"","_kad_post_layout":"default","_kad_post_sidebar_id":"","_kad_post_content_style":"default","_kad_post_vertical_padding":"show","_kad_post_feature":"","_kad_post_feature_position":"","_kad_post_header":false,"_kad_post_footer":false},"product_brand":[],"product_cat":[65],"product_tag":[632,622,376,634,612,616,626,627,629,613,617,620,615,614,618,628,619,621,623,630,635,633,625,631,624],"class_list":{"0":"post-5799","1":"product","2":"type-product","3":"status-publish","4":"has-post-thumbnail","6":"product_cat-crane-electrical-parts","7":"product_tag-aviation-plug","8":"product_tag-cable-trolley","9":"product_tag-china-crane-parts-supplier","10":"product_tag-crane-aviation-plug","11":"product_tag-crane-cable-trolley","12":"product_tag-crane-control-cabinet","13":"product_tag-crane-control-handle","14":"product_tag-crane-controls","15":"product_tag-crane-electrical-control-cabinet","16":"product_tag-crane-electrical-part","17":"product_tag-crane-limit-switch","18":"product_tag-crane-overload-limiter","19":"product_tag-crane-pendant-controller","20":"product_tag-crane-remote-controller","21":"product_tag-crane-sound-and-light-alarm","22":"product_tag-electrical-control-cabinet","23":"product_tag-heavy-duty-aviation-connector","24":"product_tag-i-beam-cable-trolley","25":"product_tag-i-beam-cable-trolley-supplier","26":"product_tag-limit-switch","27":"product_tag-overload-limiter","28":"product_tag-quick-connector","29":"product_tag-remote-controller","30":"product_tag-sound-and-light-alarm","31":"product_tag-wireless-remote-control","33":"first","34":"instock","35":"shipping-taxable","36":"product-type-simple","37":"entry","38":"content-bg","39":"loop-entry"},"yoast_head":"<!-- This site is optimized with the Yoast SEO plugin v24.5 - https:\/\/yoast.com\/wordpress\/plugins\/seo\/ -->\n<title>Heavy Duty Aviation Connector - Aviation plug-Quick connector-Crane Parts Manufacturer<\/title>\n<meta name=\"description\" content=\"Aviation plug,quick connector,Crane aviation plug, Heavy Duty Aviation Connector manufacturer,Crane Parts Supplier,Heavy Duty Aviation Connector\" \/>\n<meta name=\"robots\" content=\"index, follow, max-snippet:-1, max-image-preview:large, max-video-preview:-1\" \/>\n<link rel=\"canonical\" href=\"https:\/\/www.hnhlcranes.com\/cs\/produkt\/letecky-konektor-pro-vysoke-zatizeni\/\" \/>\n<meta property=\"og:locale\" content=\"cs_CZ\" \/>\n<meta property=\"og:type\" content=\"article\" \/>\n<meta property=\"og:title\" content=\"Heavy Duty Aviation Connector - Aviation plug-Quick connector-Crane Parts Manufacturer\" \/>\n<meta property=\"og:description\" content=\"Aviation plug,quick connector,Crane aviation plug, Heavy Duty Aviation Connector manufacturer,Crane Parts Supplier,Heavy Duty Aviation Connector\" \/>\n<meta property=\"og:url\" content=\"https:\/\/www.hnhlcranes.com\/cs\/produkt\/letecky-konektor-pro-vysoke-zatizeni\/\" \/>\n<meta property=\"og:site_name\" content=\"Crane Parts Manufacturer\" \/>\n<meta property=\"article:modified_time\" content=\"2025-01-16T07:38:12+00:00\" \/>\n<meta property=\"og:image\" content=\"https:\/\/www.hnhlcranes.com\/wp-content\/uploads\/2024\/12\/Heavy-Duty-Aviation-Connector.jpg\" \/>\n\t<meta property=\"og:image:width\" content=\"600\" \/>\n\t<meta property=\"og:image:height\" content=\"600\" \/>\n\t<meta property=\"og:image:type\" content=\"image\/jpeg\" \/>\n<meta name=\"twitter:card\" content=\"summary_large_image\" \/>\n<meta name=\"twitter:label1\" content=\"Odhadovan\u00e1 doba \u010dten\u00ed\" \/>\n\t<meta name=\"twitter:data1\" content=\"4 minuty\" \/>\n<script type=\"application\/ld+json\" class=\"yoast-schema-graph\">{\"@context\":\"https:\/\/schema.org\",\"@graph\":[{\"@type\":\"WebPage\",\"@id\":\"https:\/\/www.hnhlcranes.com\/product\/heavy-duty-aviation-connector\/\",\"url\":\"https:\/\/www.hnhlcranes.com\/product\/heavy-duty-aviation-connector\/\",\"name\":\"Heavy Duty Aviation Connector - Aviation plug-Quick connector-Crane Parts Manufacturer\",\"isPartOf\":{\"@id\":\"https:\/\/www.hnhlcranes.com\/#website\"},\"primaryImageOfPage\":{\"@id\":\"https:\/\/www.hnhlcranes.com\/product\/heavy-duty-aviation-connector\/#primaryimage\"},\"image\":{\"@id\":\"https:\/\/www.hnhlcranes.com\/product\/heavy-duty-aviation-connector\/#primaryimage\"},\"thumbnailUrl\":\"https:\/\/www.hnhlcranes.com\/wp-content\/uploads\/2024\/12\/Heavy-Duty-Aviation-Connector.jpg\",\"datePublished\":\"2024-12-05T17:12:50+00:00\",\"dateModified\":\"2025-01-16T07:38:12+00:00\",\"description\":\"Aviation plug,quick connector,Crane aviation plug, Heavy Duty Aviation Connector manufacturer,Crane Parts Supplier,Heavy Duty Aviation Connector\",\"breadcrumb\":{\"@id\":\"https:\/\/www.hnhlcranes.com\/product\/heavy-duty-aviation-connector\/#breadcrumb\"},\"inLanguage\":\"cs\",\"potentialAction\":[{\"@type\":\"ReadAction\",\"target\":[\"https:\/\/www.hnhlcranes.com\/product\/heavy-duty-aviation-connector\/\"]}]},{\"@type\":\"ImageObject\",\"inLanguage\":\"cs\",\"@id\":\"https:\/\/www.hnhlcranes.com\/product\/heavy-duty-aviation-connector\/#primaryimage\",\"url\":\"https:\/\/www.hnhlcranes.com\/wp-content\/uploads\/2024\/12\/Heavy-Duty-Aviation-Connector.jpg\",\"contentUrl\":\"https:\/\/www.hnhlcranes.com\/wp-content\/uploads\/2024\/12\/Heavy-Duty-Aviation-Connector.jpg\",\"width\":600,\"height\":600},{\"@type\":\"BreadcrumbList\",\"@id\":\"https:\/\/www.hnhlcranes.com\/product\/heavy-duty-aviation-connector\/#breadcrumb\",\"itemListElement\":[{\"@type\":\"ListItem\",\"position\":1,\"name\":\"home\",\"item\":\"https:\/\/www.hnhlcranes.com\/\"},{\"@type\":\"ListItem\",\"position\":2,\"name\":\"products\",\"item\":\"https:\/\/www.hnhlcranes.com\/products\/\"},{\"@type\":\"ListItem\",\"position\":3,\"name\":\"Heavy Duty Aviation Connector\"}]},{\"@type\":\"WebSite\",\"@id\":\"https:\/\/www.hnhlcranes.com\/#website\",\"url\":\"https:\/\/www.hnhlcranes.com\/\",\"name\":\"Crane Parts Manufacturer\",\"description\":\"Crane Wheels,Crane Drums,Crane Hooks,Crane Coupling,Crane End Carriage,Electric Hoist,European Crane Parts,Crane Rail Clip,Crane Spreader,Crane Motor,Crane Reducer,Crane Brake,Light Crane Parts,Workstation Crane Parts,Crane Electrical Parts,China Crane Parts Supplier,China Crane Parts Manufacturer,Angle box type crane wheel,45 degree split crane wheel,European crane wheel,Crane Wheel Blocks,Overhead crane drum,European crane drum,Overhead crane hook,European crane hook,Crane pulley block,Gear coupling,Brake wheel coupling,Drum gear coupling,Brake wheel drum gear coupling,Cardan Shaft Coupling,WZL drum coupling,Plum blossom elastic coupling,Brake wheel plum elastic coupling,European Single girder crane end carriage,European Double girder crane end carriage,European Suspension  crane end carriage,Wire Rope Electric Hoist,Electric Chain Hoist,European Single Girder Wire Rope Electric Hoist,European Double Girder Wire Rope Electric Hoist,Crane grab,Container spreader,Billet crane clamps,C-type hook,Lifting Electromagnet,YZR crane motor,YZP crane motor,ZQ Reducer,ZSC Reducer,QJ Reducer,QJ-L Reducer,QJY Reducer,H series gearbox,F Series Gear Motor,K Series Gear Motor,R Series Gear Motor,travelling machinery gear motor,Electro hydraulic drum brake,Electro hydraulic disc brake,Crane Safety brake,Crane cable trolley,Crane remote controller,Crane pendant controller,Crane electrical control cabinet,Crane limit switch,Crane sound and light alarm,Heavy Duty Aviation Connector,Crane overload limiter\",\"publisher\":{\"@id\":\"https:\/\/www.hnhlcranes.com\/#organization\"},\"potentialAction\":[{\"@type\":\"SearchAction\",\"target\":{\"@type\":\"EntryPoint\",\"urlTemplate\":\"https:\/\/www.hnhlcranes.com\/?s={search_term_string}\"},\"query-input\":{\"@type\":\"PropertyValueSpecification\",\"valueRequired\":true,\"valueName\":\"search_term_string\"}}],\"inLanguage\":\"cs\"},{\"@type\":\"Organization\",\"@id\":\"https:\/\/www.hnhlcranes.com\/#organization\",\"name\":\"Crane Parts Manufacturer\",\"url\":\"https:\/\/www.hnhlcranes.com\/\",\"logo\":{\"@type\":\"ImageObject\",\"inLanguage\":\"cs\",\"@id\":\"https:\/\/www.hnhlcranes.com\/#\/schema\/logo\/image\/\",\"url\":\"https:\/\/www.hnhlcranes.com\/wp-content\/uploads\/2025\/01\/HL-logo-1.png\",\"contentUrl\":\"https:\/\/www.hnhlcranes.com\/wp-content\/uploads\/2025\/01\/HL-logo-1.png\",\"width\":600,\"height\":169,\"caption\":\"Crane Parts Manufacturer\"},\"image\":{\"@id\":\"https:\/\/www.hnhlcranes.com\/#\/schema\/logo\/image\/\"}}]}<\/script>\n<!-- \/ Yoast SEO plugin. -->","yoast_head_json":{"title":"Heavy Duty Aviation Connector - Aviation plug-Quick connector-Crane Parts Manufacturer","description":"Aviation plug,quick connector,Crane aviation plug, Heavy Duty Aviation Connector manufacturer,Crane Parts Supplier,Heavy Duty Aviation Connector","robots":{"index":"index","follow":"follow","max-snippet":"max-snippet:-1","max-image-preview":"max-image-preview:large","max-video-preview":"max-video-preview:-1"},"canonical":"https:\/\/www.hnhlcranes.com\/cs\/produkt\/letecky-konektor-pro-vysoke-zatizeni\/","og_locale":"cs_CZ","og_type":"article","og_title":"Heavy Duty Aviation Connector - Aviation plug-Quick connector-Crane Parts Manufacturer","og_description":"Aviation plug,quick connector,Crane aviation plug, Heavy Duty Aviation Connector manufacturer,Crane Parts Supplier,Heavy Duty Aviation Connector","og_url":"https:\/\/www.hnhlcranes.com\/cs\/produkt\/letecky-konektor-pro-vysoke-zatizeni\/","og_site_name":"Crane Parts Manufacturer","article_modified_time":"2025-01-16T07:38:12+00:00","og_image":[{"width":600,"height":600,"url":"https:\/\/www.hnhlcranes.com\/wp-content\/uploads\/2024\/12\/Heavy-Duty-Aviation-Connector.jpg","type":"image\/jpeg"}],"twitter_card":"summary_large_image","twitter_misc":{"Odhadovan\u00e1 doba \u010dten\u00ed":"4 minuty"},"schema":{"@context":"https:\/\/schema.org","@graph":[{"@type":"WebPage","@id":"https:\/\/www.hnhlcranes.com\/product\/heavy-duty-aviation-connector\/","url":"https:\/\/www.hnhlcranes.com\/product\/heavy-duty-aviation-connector\/","name":"Heavy Duty Aviation Connector - Aviation plug-Quick connector-Crane Parts Manufacturer","isPartOf":{"@id":"https:\/\/www.hnhlcranes.com\/#website"},"primaryImageOfPage":{"@id":"https:\/\/www.hnhlcranes.com\/product\/heavy-duty-aviation-connector\/#primaryimage"},"image":{"@id":"https:\/\/www.hnhlcranes.com\/product\/heavy-duty-aviation-connector\/#primaryimage"},"thumbnailUrl":"https:\/\/www.hnhlcranes.com\/wp-content\/uploads\/2024\/12\/Heavy-Duty-Aviation-Connector.jpg","datePublished":"2024-12-05T17:12:50+00:00","dateModified":"2025-01-16T07:38:12+00:00","description":"Aviation plug,quick connector,Crane aviation plug, Heavy Duty Aviation Connector manufacturer,Crane Parts Supplier,Heavy Duty Aviation Connector","breadcrumb":{"@id":"https:\/\/www.hnhlcranes.com\/product\/heavy-duty-aviation-connector\/#breadcrumb"},"inLanguage":"cs","potentialAction":[{"@type":"ReadAction","target":["https:\/\/www.hnhlcranes.com\/product\/heavy-duty-aviation-connector\/"]}]},{"@type":"ImageObject","inLanguage":"cs","@id":"https:\/\/www.hnhlcranes.com\/product\/heavy-duty-aviation-connector\/#primaryimage","url":"https:\/\/www.hnhlcranes.com\/wp-content\/uploads\/2024\/12\/Heavy-Duty-Aviation-Connector.jpg","contentUrl":"https:\/\/www.hnhlcranes.com\/wp-content\/uploads\/2024\/12\/Heavy-Duty-Aviation-Connector.jpg","width":600,"height":600},{"@type":"BreadcrumbList","@id":"https:\/\/www.hnhlcranes.com\/product\/heavy-duty-aviation-connector\/#breadcrumb","itemListElement":[{"@type":"ListItem","position":1,"name":"home","item":"https:\/\/www.hnhlcranes.com\/"},{"@type":"ListItem","position":2,"name":"products","item":"https:\/\/www.hnhlcranes.com\/products\/"},{"@type":"ListItem","position":3,"name":"Heavy Duty Aviation Connector"}]},{"@type":"WebSite","@id":"https:\/\/www.hnhlcranes.com\/#website","url":"https:\/\/www.hnhlcranes.com\/","name":"Crane Parts Manufacturer","description":"Crane Wheels,Crane Drums,Crane Hooks,Crane Coupling,Crane End Carriage,Electric Hoist,European Crane Parts,Crane Rail Clip,Crane Spreader,Crane Motor,Crane Reducer,Crane Brake,Light Crane Parts,Workstation Crane Parts,Crane Electrical Parts,China Crane Parts Supplier,China Crane Parts Manufacturer,Angle box type crane wheel,45 degree split crane wheel,European crane wheel,Crane Wheel Blocks,Overhead crane drum,European crane drum,Overhead crane hook,European crane hook,Crane pulley block,Gear coupling,Brake wheel coupling,Drum gear coupling,Brake wheel drum gear coupling,Cardan Shaft Coupling,WZL drum coupling,Plum blossom elastic coupling,Brake wheel plum elastic coupling,European Single girder crane end carriage,European Double girder crane end carriage,European Suspension  crane end carriage,Wire Rope Electric Hoist,Electric Chain Hoist,European Single Girder Wire Rope Electric Hoist,European Double Girder Wire Rope Electric Hoist,Crane grab,Container spreader,Billet crane clamps,C-type hook,Lifting Electromagnet,YZR crane motor,YZP crane motor,ZQ Reducer,ZSC Reducer,QJ Reducer,QJ-L Reducer,QJY Reducer,H series gearbox,F Series Gear Motor,K Series Gear Motor,R Series Gear Motor,travelling machinery gear motor,Electro hydraulic drum brake,Electro hydraulic disc brake,Crane Safety brake,Crane cable trolley,Crane remote controller,Crane pendant controller,Crane electrical control cabinet,Crane limit switch,Crane sound and light alarm,Heavy Duty Aviation Connector,Crane overload limiter","publisher":{"@id":"https:\/\/www.hnhlcranes.com\/#organization"},"potentialAction":[{"@type":"SearchAction","target":{"@type":"EntryPoint","urlTemplate":"https:\/\/www.hnhlcranes.com\/?s={search_term_string}"},"query-input":{"@type":"PropertyValueSpecification","valueRequired":true,"valueName":"search_term_string"}}],"inLanguage":"cs"},{"@type":"Organization","@id":"https:\/\/www.hnhlcranes.com\/#organization","name":"Crane Parts Manufacturer","url":"https:\/\/www.hnhlcranes.com\/","logo":{"@type":"ImageObject","inLanguage":"cs","@id":"https:\/\/www.hnhlcranes.com\/#\/schema\/logo\/image\/","url":"https:\/\/www.hnhlcranes.com\/wp-content\/uploads\/2025\/01\/HL-logo-1.png","contentUrl":"https:\/\/www.hnhlcranes.com\/wp-content\/uploads\/2025\/01\/HL-logo-1.png","width":600,"height":169,"caption":"Crane Parts Manufacturer"},"image":{"@id":"https:\/\/www.hnhlcranes.com\/#\/schema\/logo\/image\/"}}]}},"_links":{"self":[{"href":"https:\/\/www.hnhlcranes.com\/cs\/wp-json\/wp\/v2\/product\/5799","targetHints":{"allow":["GET"]}}],"collection":[{"href":"https:\/\/www.hnhlcranes.com\/cs\/wp-json\/wp\/v2\/product"}],"about":[{"href":"https:\/\/www.hnhlcranes.com\/cs\/wp-json\/wp\/v2\/types\/product"}],"version-history":[{"count":25,"href":"https:\/\/www.hnhlcranes.com\/cs\/wp-json\/wp\/v2\/product\/5799\/revisions"}],"predecessor-version":[{"id":7533,"href":"https:\/\/www.hnhlcranes.com\/cs\/wp-json\/wp\/v2\/product\/5799\/revisions\/7533"}],"wp:featuredmedia":[{"embeddable":true,"href":"https:\/\/www.hnhlcranes.com\/cs\/wp-json\/wp\/v2\/media\/7506"}],"wp:attachment":[{"href":"https:\/\/www.hnhlcranes.com\/cs\/wp-json\/wp\/v2\/media?parent=5799"}],"wp:term":[{"taxonomy":"product_brand","embeddable":true,"href":"https:\/\/www.hnhlcranes.com\/cs\/wp-json\/wp\/v2\/product_brand?post=5799"},{"taxonomy":"product_cat","embeddable":true,"href":"https:\/\/www.hnhlcranes.com\/cs\/wp-json\/wp\/v2\/product_cat?post=5799"},{"taxonomy":"product_tag","embeddable":true,"href":"https:\/\/www.hnhlcranes.com\/cs\/wp-json\/wp\/v2\/product_tag?post=5799"}],"curies":[{"name":"wp","href":"https:\/\/api.w.org\/{rel}","templated":true}]}}