{"id":4638,"date":"2024-10-31T23:35:21","date_gmt":"2024-10-31T15:35:21","guid":{"rendered":"https:\/\/www.hnhlcranes.com\/?post_type=product&#038;p=4638"},"modified":"2025-01-06T00:09:12","modified_gmt":"2025-01-05T16:09:12","slug":"kranens-remskiveblok","status":"publish","type":"product","link":"https:\/\/www.hnhlcranes.com\/da\/produkt\/kranens-remskiveblok\/","title":{"rendered":"Kranens remskiveblok"},"content":{"rendered":"<p>A <strong>Kranens remskiveblok<\/strong> er en afg\u00f8rende komponent i kransystemer, der prim\u00e6rt bruges til at \u00e6ndre kraftens retning, l\u00f8fte tunge genstande og hj\u00e6lpe med at justere sp\u00e6ndingen i tove eller st\u00e5lkabler. Den er en vigtig del af kranen og best\u00e5r typisk af en remskive, et leje, et hus, et tov og fastg\u00f8relsesanordninger. Trisseblokken er designet til at h\u00e5ndtere h\u00f8je belastninger og er i stand til at b\u00e6re tunge v\u00e6gte og samtidig sikre stabilitet og sikkerhed under drift.<\/p>\n<h3>N\u00f8glekomponenter:<\/h3>\n<ol>\n<li><strong>Remskive<\/strong>: Dette er kernekomponenten, som styrer st\u00e5ltovet og lader det passere igennem og overf\u00f8re kraften.<\/li>\n<li><strong>Leje<\/strong>: Det hj\u00e6lper remskiven med at rotere j\u00e6vnt, hvilket reducerer friktionen og forbedrer driftseffektiviteten.<\/li>\n<li><strong>Boliger<\/strong>: Det giver beskyttelse og forhindrer skader p\u00e5 remskiven og andre indvendige komponenter.<\/li>\n<li><strong>St\u00e5ltov eller kabel<\/strong>: Denne b\u00e6rer belastningen og arbejder sammen med remskiveblokken.<\/li>\n<li><strong>Fikseringsenheder<\/strong>: Disse bruges til at fastg\u00f8re trisseblokken til kranstrukturen og sikre dens stabilitet.<\/li>\n<\/ol>\n<h3>Arbejdsprincip:<\/h3>\n<p>Kranens remskiveblok fungerer ved at f\u00f8re st\u00e5ltovet rundt om remskiven, \u00e6ndre kraftretningen eller \u00f8ge kranens l\u00f8ftekapacitet. Et design med flere taljeblokke kan forbedre driftseffektiviteten ved at \u00e6ndre kraftoverf\u00f8rselsmetoden.<\/p>\n<h3>Typer:<\/h3>\n<ul>\n<li><strong>Blok med enkelt remskive<\/strong>: Den bruges til lettere l\u00f8fteopgaver.<\/li>\n<li><strong>Blok med sammensatte remskiver (blok med flere remskiver)<\/strong>: Den bruger flere remskiver til at h\u00e5ndtere tungere belastninger.<\/li>\n<li><strong>Kombination af faste og bev\u00e6gelige remskiver<\/strong>: Denne ops\u00e6tning kombinerer fordelene ved at \u00e6ndre kraftretningen og den mekaniske fordel.<\/li>\n<\/ul>\n<h3>Applikationer:<\/h3>\n<ul>\n<li><strong>Bygge- og anl\u00e6gsbranchen<\/strong>: Bruges til l\u00f8ft i stor h\u00f8jde eller h\u00e5ndtering af tunge materialer.<\/li>\n<li><strong>Havne- og skibsfartsindustrien<\/strong>: Bruges til af- og p\u00e5l\u00e6sning af containere eller andre tunge genstande.<\/li>\n<li><strong>Minedrift og olieudvinding<\/strong>: Bruges til at l\u00f8fte tungt udstyr og materialer.<\/li>\n<\/ul>\n<p>Ved at bruge pr\u00e6cise designs forbedrer remskiveblokken ikke kun kranernes l\u00f8ftekapacitet, men reducerer ogs\u00e5 slid og energitab under drift, hvilket i sidste ende forbedrer arbejdseffektiviteten og sikkerheden.<\/p>\n<p><img fetchpriority=\"high\" decoding=\"async\" class=\"alignnone wp-image-6843\" src=\"https:\/\/www.hnhlcranes.com\/wp-content\/uploads\/2024\/10\/Crane-pulley-block-7-300x140.png\" alt=\"\" width=\"951\" height=\"444\" srcset=\"https:\/\/www.hnhlcranes.com\/wp-content\/uploads\/2024\/10\/Crane-pulley-block-7-300x140.png 300w, https:\/\/www.hnhlcranes.com\/wp-content\/uploads\/2024\/10\/Crane-pulley-block-7-1024x479.png 1024w, https:\/\/www.hnhlcranes.com\/wp-content\/uploads\/2024\/10\/Crane-pulley-block-7-768x359.png 768w, https:\/\/www.hnhlcranes.com\/wp-content\/uploads\/2024\/10\/Crane-pulley-block-7-1536x719.png 1536w, https:\/\/www.hnhlcranes.com\/wp-content\/uploads\/2024\/10\/Crane-pulley-block-7-600x281.png 600w, https:\/\/www.hnhlcranes.com\/wp-content\/uploads\/2024\/10\/Crane-pulley-block-7.png 2034w\" sizes=\"(max-width: 951px) 100vw, 951px\" \/> <img decoding=\"async\" class=\"alignnone wp-image-6844\" src=\"https:\/\/www.hnhlcranes.com\/wp-content\/uploads\/2024\/10\/Crane-pulley-block-8-300x96.jpg\" alt=\"\" width=\"950\" height=\"304\" srcset=\"https:\/\/www.hnhlcranes.com\/wp-content\/uploads\/2024\/10\/Crane-pulley-block-8-300x96.jpg 300w, https:\/\/www.hnhlcranes.com\/wp-content\/uploads\/2024\/10\/Crane-pulley-block-8-1024x327.jpg 1024w, https:\/\/www.hnhlcranes.com\/wp-content\/uploads\/2024\/10\/Crane-pulley-block-8-768x245.jpg 768w, https:\/\/www.hnhlcranes.com\/wp-content\/uploads\/2024\/10\/Crane-pulley-block-8-600x192.jpg 600w, https:\/\/www.hnhlcranes.com\/wp-content\/uploads\/2024\/10\/Crane-pulley-block-8.jpg 1500w\" sizes=\"(max-width: 950px) 100vw, 950px\" \/> <img decoding=\"async\" class=\"alignnone wp-image-6845\" src=\"https:\/\/www.hnhlcranes.com\/wp-content\/uploads\/2024\/10\/Crane-pulley-block-9-300x82.jpg\" alt=\"\" width=\"951\" height=\"260\" srcset=\"https:\/\/www.hnhlcranes.com\/wp-content\/uploads\/2024\/10\/Crane-pulley-block-9-300x82.jpg 300w, https:\/\/www.hnhlcranes.com\/wp-content\/uploads\/2024\/10\/Crane-pulley-block-9-1024x279.jpg 1024w, https:\/\/www.hnhlcranes.com\/wp-content\/uploads\/2024\/10\/Crane-pulley-block-9-768x209.jpg 768w, https:\/\/www.hnhlcranes.com\/wp-content\/uploads\/2024\/10\/Crane-pulley-block-9-600x163.jpg 600w, https:\/\/www.hnhlcranes.com\/wp-content\/uploads\/2024\/10\/Crane-pulley-block-9.jpg 1500w\" sizes=\"(max-width: 951px) 100vw, 951px\" \/> <img loading=\"lazy\" decoding=\"async\" class=\"alignnone wp-image-6846\" src=\"https:\/\/www.hnhlcranes.com\/wp-content\/uploads\/2024\/10\/Crane-pulley-block-10-300x86.jpg\" alt=\"\" width=\"949\" height=\"272\" srcset=\"https:\/\/www.hnhlcranes.com\/wp-content\/uploads\/2024\/10\/Crane-pulley-block-10-300x86.jpg 300w, https:\/\/www.hnhlcranes.com\/wp-content\/uploads\/2024\/10\/Crane-pulley-block-10-1024x294.jpg 1024w, https:\/\/www.hnhlcranes.com\/wp-content\/uploads\/2024\/10\/Crane-pulley-block-10-768x220.jpg 768w, https:\/\/www.hnhlcranes.com\/wp-content\/uploads\/2024\/10\/Crane-pulley-block-10-600x172.jpg 600w, https:\/\/www.hnhlcranes.com\/wp-content\/uploads\/2024\/10\/Crane-pulley-block-10.jpg 1500w\" sizes=\"(max-width: 949px) 100vw, 949px\" \/><span style=\"font-family: var(--global-body-font-family);\">\u00a0<\/span><\/p>","protected":false},"excerpt":{"rendered":"<p><strong>Parametre for kranens remskiveblok:<\/strong><\/p>\n<ul>\n<li><span style=\"font-size: 12pt;\"><strong>Specifikationer<\/strong>: \u03a6250, \u03a6400, \u03a6500, \u03a6610, \u03a6710, \u03a6800, \u03a6900, \u03a61000, \u03a61200<\/span><\/li>\n<li><span style=\"font-size: 12pt;\"><strong>Materiale til remskive<\/strong>: HT20-40, ZG35, Q235B, Q355B<\/span><\/li>\n<li><span style=\"font-size: 12pt;\"><strong>Fremstillingsproces<\/strong>: St\u00f8bejern, st\u00f8bt st\u00e5l, valset st\u00e5lplade<\/span><\/li>\n<li><span style=\"font-size: 12pt;\"><strong>St\u00f8rrelse p\u00e5 remskivens rille<\/strong>: Bestemmes i henhold til st\u00e5ltovets diameter<\/span><\/li>\n<li><span style=\"font-size: 12pt;\"><strong>Ikke-standardiseret tilpasning<\/strong>: Vi kan fremstille i henhold til tegninger leveret af dig<\/span><\/li>\n<\/ul>","protected":false},"featured_media":6841,"template":"","meta":{"_kad_post_transparent":"default","_kad_post_title":"","_kad_post_layout":"default","_kad_post_sidebar_id":"","_kad_post_content_style":"default","_kad_post_vertical_padding":"show","_kad_post_feature":"","_kad_post_feature_position":"","_kad_post_header":false,"_kad_post_footer":false},"product_brand":[],"product_cat":[46],"product_tag":[400,376,408,374,401,402,422,412,421,416,409,420,417,410,405,418,404,406,413,407,419,411,415,403,414],"class_list":{"0":"post-4638","1":"product","2":"type-product","3":"status-publish","4":"has-post-thumbnail","6":"product_cat-crane_hooks","7":"product_tag-bridge-crane-hook","8":"product_tag-china-crane-parts-supplier","9":"product_tag-china-standard-crane-hooks","10":"product_tag-crane-accessories","11":"product_tag-crane-hook","12":"product_tag-crane-hook-assembly","13":"product_tag-crane-hooks","14":"product_tag-crane-pulley","15":"product_tag-crane-pulley-block","16":"product_tag-crane-pulley-supplier","17":"product_tag-electric-hoist-hooks","18":"product_tag-european-crane-hook","19":"product_tag-european-hook-pulley","20":"product_tag-fem-standard-crane-hooks","21":"product_tag-forged-hooks","22":"product_tag-gantry-crane-hook-pulley","23":"product_tag-gantry-crane-hooks","24":"product_tag-hook-processing","25":"product_tag-hook-pulleys","26":"product_tag-hooks-manufacturer","27":"product_tag-overhead-crane-hook","28":"product_tag-overhead-crane-pulley","29":"product_tag-rolled-pulley","30":"product_tag-types-of-crane-hooks","31":"product_tag-wire-rope-pulley","33":"first","34":"instock","35":"featured","36":"shipping-taxable","37":"product-type-simple","38":"entry","39":"content-bg","40":"loop-entry"},"yoast_head":"<!-- This site is optimized with the Yoast SEO plugin v24.5 - https:\/\/yoast.com\/wordpress\/plugins\/seo\/ -->\n<title>Crane pulley block - Overhead crane pulley-Rolled pulley-Crane Parts Manufacturer<\/title>\n<meta name=\"description\" content=\"Crane pulley,Hook pulley, Overhead crane pulley,Rolled pulley,Crane Pulley Supplier,European hook pulley,Gantry crane hook pulley,Crane pulley block\" \/>\n<meta name=\"robots\" content=\"index, follow, max-snippet:-1, max-image-preview:large, max-video-preview:-1\" \/>\n<link rel=\"canonical\" href=\"https:\/\/www.hnhlcranes.com\/da\/produkt\/kranens-remskiveblok\/\" \/>\n<meta property=\"og:locale\" content=\"da_DK\" \/>\n<meta property=\"og:type\" content=\"article\" \/>\n<meta property=\"og:title\" content=\"Crane pulley block - Overhead crane pulley-Rolled pulley-Crane Parts Manufacturer\" \/>\n<meta property=\"og:description\" content=\"Crane pulley,Hook pulley, Overhead crane pulley,Rolled pulley,Crane Pulley Supplier,European hook pulley,Gantry crane hook pulley,Crane pulley block\" \/>\n<meta property=\"og:url\" content=\"https:\/\/www.hnhlcranes.com\/da\/produkt\/kranens-remskiveblok\/\" \/>\n<meta property=\"og:site_name\" content=\"Crane Parts Manufacturer\" \/>\n<meta property=\"article:modified_time\" content=\"2025-01-05T16:09:12+00:00\" \/>\n<meta property=\"og:image\" content=\"https:\/\/www.hnhlcranes.com\/wp-content\/uploads\/2024\/10\/Crane-pulley-block.jpg\" \/>\n\t<meta property=\"og:image:width\" content=\"600\" \/>\n\t<meta property=\"og:image:height\" content=\"600\" \/>\n\t<meta property=\"og:image:type\" content=\"image\/jpeg\" \/>\n<meta name=\"twitter:card\" content=\"summary_large_image\" \/>\n<meta name=\"twitter:label1\" content=\"Estimeret l\u00e6setid\" \/>\n\t<meta name=\"twitter:data1\" content=\"3 minutter\" \/>\n<script type=\"application\/ld+json\" class=\"yoast-schema-graph\">{\"@context\":\"https:\/\/schema.org\",\"@graph\":[{\"@type\":\"WebPage\",\"@id\":\"https:\/\/www.hnhlcranes.com\/product\/crane-pulley-block\/\",\"url\":\"https:\/\/www.hnhlcranes.com\/product\/crane-pulley-block\/\",\"name\":\"Crane pulley block - Overhead crane pulley-Rolled pulley-Crane Parts Manufacturer\",\"isPartOf\":{\"@id\":\"https:\/\/www.hnhlcranes.com\/#website\"},\"primaryImageOfPage\":{\"@id\":\"https:\/\/www.hnhlcranes.com\/product\/crane-pulley-block\/#primaryimage\"},\"image\":{\"@id\":\"https:\/\/www.hnhlcranes.com\/product\/crane-pulley-block\/#primaryimage\"},\"thumbnailUrl\":\"https:\/\/www.hnhlcranes.com\/wp-content\/uploads\/2024\/10\/Crane-pulley-block.jpg\",\"datePublished\":\"2024-10-31T15:35:21+00:00\",\"dateModified\":\"2025-01-05T16:09:12+00:00\",\"description\":\"Crane pulley,Hook pulley, Overhead crane pulley,Rolled pulley,Crane Pulley Supplier,European hook pulley,Gantry crane hook pulley,Crane pulley block\",\"breadcrumb\":{\"@id\":\"https:\/\/www.hnhlcranes.com\/product\/crane-pulley-block\/#breadcrumb\"},\"inLanguage\":\"da-DK\",\"potentialAction\":[{\"@type\":\"ReadAction\",\"target\":[\"https:\/\/www.hnhlcranes.com\/product\/crane-pulley-block\/\"]}]},{\"@type\":\"ImageObject\",\"inLanguage\":\"da-DK\",\"@id\":\"https:\/\/www.hnhlcranes.com\/product\/crane-pulley-block\/#primaryimage\",\"url\":\"https:\/\/www.hnhlcranes.com\/wp-content\/uploads\/2024\/10\/Crane-pulley-block.jpg\",\"contentUrl\":\"https:\/\/www.hnhlcranes.com\/wp-content\/uploads\/2024\/10\/Crane-pulley-block.jpg\",\"width\":600,\"height\":600},{\"@type\":\"BreadcrumbList\",\"@id\":\"https:\/\/www.hnhlcranes.com\/product\/crane-pulley-block\/#breadcrumb\",\"itemListElement\":[{\"@type\":\"ListItem\",\"position\":1,\"name\":\"home\",\"item\":\"https:\/\/www.hnhlcranes.com\/\"},{\"@type\":\"ListItem\",\"position\":2,\"name\":\"products\",\"item\":\"https:\/\/www.hnhlcranes.com\/products\/\"},{\"@type\":\"ListItem\",\"position\":3,\"name\":\"Crane pulley block\"}]},{\"@type\":\"WebSite\",\"@id\":\"https:\/\/www.hnhlcranes.com\/#website\",\"url\":\"https:\/\/www.hnhlcranes.com\/\",\"name\":\"Crane Parts Manufacturer\",\"description\":\"Crane Wheels,Crane Drums,Crane Hooks,Crane Coupling,Crane End Carriage,Electric Hoist,European Crane Parts,Crane Rail Clip,Crane Spreader,Crane Motor,Crane Reducer,Crane Brake,Light Crane Parts,Workstation Crane Parts,Crane Electrical Parts,China Crane Parts Supplier,China Crane Parts Manufacturer,Angle box type crane wheel,45 degree split crane wheel,European crane wheel,Crane Wheel Blocks,Overhead crane drum,European crane drum,Overhead crane hook,European crane hook,Crane pulley block,Gear coupling,Brake wheel coupling,Drum gear coupling,Brake wheel drum gear coupling,Cardan Shaft Coupling,WZL drum coupling,Plum blossom elastic coupling,Brake wheel plum elastic coupling,European Single girder crane end carriage,European Double girder crane end carriage,European Suspension  crane end carriage,Wire Rope Electric Hoist,Electric Chain Hoist,European Single Girder Wire Rope Electric Hoist,European Double Girder Wire Rope Electric Hoist,Crane grab,Container spreader,Billet crane clamps,C-type hook,Lifting Electromagnet,YZR crane motor,YZP crane motor,ZQ Reducer,ZSC Reducer,QJ Reducer,QJ-L Reducer,QJY Reducer,H series gearbox,F Series Gear Motor,K Series Gear Motor,R Series Gear Motor,travelling machinery gear motor,Electro hydraulic drum brake,Electro hydraulic disc brake,Crane Safety brake,Crane cable trolley,Crane remote controller,Crane pendant controller,Crane electrical control cabinet,Crane limit switch,Crane sound and light alarm,Heavy Duty Aviation Connector,Crane overload limiter\",\"publisher\":{\"@id\":\"https:\/\/www.hnhlcranes.com\/#organization\"},\"potentialAction\":[{\"@type\":\"SearchAction\",\"target\":{\"@type\":\"EntryPoint\",\"urlTemplate\":\"https:\/\/www.hnhlcranes.com\/?s={search_term_string}\"},\"query-input\":{\"@type\":\"PropertyValueSpecification\",\"valueRequired\":true,\"valueName\":\"search_term_string\"}}],\"inLanguage\":\"da-DK\"},{\"@type\":\"Organization\",\"@id\":\"https:\/\/www.hnhlcranes.com\/#organization\",\"name\":\"Crane Parts Manufacturer\",\"url\":\"https:\/\/www.hnhlcranes.com\/\",\"logo\":{\"@type\":\"ImageObject\",\"inLanguage\":\"da-DK\",\"@id\":\"https:\/\/www.hnhlcranes.com\/#\/schema\/logo\/image\/\",\"url\":\"https:\/\/www.hnhlcranes.com\/wp-content\/uploads\/2025\/01\/HL-logo-1.png\",\"contentUrl\":\"https:\/\/www.hnhlcranes.com\/wp-content\/uploads\/2025\/01\/HL-logo-1.png\",\"width\":600,\"height\":169,\"caption\":\"Crane Parts Manufacturer\"},\"image\":{\"@id\":\"https:\/\/www.hnhlcranes.com\/#\/schema\/logo\/image\/\"}}]}<\/script>\n<!-- \/ Yoast SEO plugin. -->","yoast_head_json":{"title":"Crane pulley block - Overhead crane pulley-Rolled pulley-Crane Parts Manufacturer","description":"Crane pulley,Hook pulley, Overhead crane pulley,Rolled pulley,Crane Pulley Supplier,European hook pulley,Gantry crane hook pulley,Crane pulley block","robots":{"index":"index","follow":"follow","max-snippet":"max-snippet:-1","max-image-preview":"max-image-preview:large","max-video-preview":"max-video-preview:-1"},"canonical":"https:\/\/www.hnhlcranes.com\/da\/produkt\/kranens-remskiveblok\/","og_locale":"da_DK","og_type":"article","og_title":"Crane pulley block - Overhead crane pulley-Rolled pulley-Crane Parts Manufacturer","og_description":"Crane pulley,Hook pulley, Overhead crane pulley,Rolled pulley,Crane Pulley Supplier,European hook pulley,Gantry crane hook pulley,Crane pulley block","og_url":"https:\/\/www.hnhlcranes.com\/da\/produkt\/kranens-remskiveblok\/","og_site_name":"Crane Parts Manufacturer","article_modified_time":"2025-01-05T16:09:12+00:00","og_image":[{"width":600,"height":600,"url":"https:\/\/www.hnhlcranes.com\/wp-content\/uploads\/2024\/10\/Crane-pulley-block.jpg","type":"image\/jpeg"}],"twitter_card":"summary_large_image","twitter_misc":{"Estimeret l\u00e6setid":"3 minutter"},"schema":{"@context":"https:\/\/schema.org","@graph":[{"@type":"WebPage","@id":"https:\/\/www.hnhlcranes.com\/product\/crane-pulley-block\/","url":"https:\/\/www.hnhlcranes.com\/product\/crane-pulley-block\/","name":"Crane pulley block - Overhead crane pulley-Rolled pulley-Crane Parts Manufacturer","isPartOf":{"@id":"https:\/\/www.hnhlcranes.com\/#website"},"primaryImageOfPage":{"@id":"https:\/\/www.hnhlcranes.com\/product\/crane-pulley-block\/#primaryimage"},"image":{"@id":"https:\/\/www.hnhlcranes.com\/product\/crane-pulley-block\/#primaryimage"},"thumbnailUrl":"https:\/\/www.hnhlcranes.com\/wp-content\/uploads\/2024\/10\/Crane-pulley-block.jpg","datePublished":"2024-10-31T15:35:21+00:00","dateModified":"2025-01-05T16:09:12+00:00","description":"Crane pulley,Hook pulley, Overhead crane pulley,Rolled pulley,Crane Pulley Supplier,European hook pulley,Gantry crane hook pulley,Crane pulley block","breadcrumb":{"@id":"https:\/\/www.hnhlcranes.com\/product\/crane-pulley-block\/#breadcrumb"},"inLanguage":"da-DK","potentialAction":[{"@type":"ReadAction","target":["https:\/\/www.hnhlcranes.com\/product\/crane-pulley-block\/"]}]},{"@type":"ImageObject","inLanguage":"da-DK","@id":"https:\/\/www.hnhlcranes.com\/product\/crane-pulley-block\/#primaryimage","url":"https:\/\/www.hnhlcranes.com\/wp-content\/uploads\/2024\/10\/Crane-pulley-block.jpg","contentUrl":"https:\/\/www.hnhlcranes.com\/wp-content\/uploads\/2024\/10\/Crane-pulley-block.jpg","width":600,"height":600},{"@type":"BreadcrumbList","@id":"https:\/\/www.hnhlcranes.com\/product\/crane-pulley-block\/#breadcrumb","itemListElement":[{"@type":"ListItem","position":1,"name":"home","item":"https:\/\/www.hnhlcranes.com\/"},{"@type":"ListItem","position":2,"name":"products","item":"https:\/\/www.hnhlcranes.com\/products\/"},{"@type":"ListItem","position":3,"name":"Crane pulley block"}]},{"@type":"WebSite","@id":"https:\/\/www.hnhlcranes.com\/#website","url":"https:\/\/www.hnhlcranes.com\/","name":"Crane Parts Manufacturer","description":"Crane Wheels,Crane Drums,Crane Hooks,Crane Coupling,Crane End Carriage,Electric Hoist,European Crane Parts,Crane Rail Clip,Crane Spreader,Crane Motor,Crane Reducer,Crane Brake,Light Crane Parts,Workstation Crane Parts,Crane Electrical Parts,China Crane Parts Supplier,China Crane Parts Manufacturer,Angle box type crane wheel,45 degree split crane wheel,European crane wheel,Crane Wheel Blocks,Overhead crane drum,European crane drum,Overhead crane hook,European crane hook,Crane pulley block,Gear coupling,Brake wheel coupling,Drum gear coupling,Brake wheel drum gear coupling,Cardan Shaft Coupling,WZL drum coupling,Plum blossom elastic coupling,Brake wheel plum elastic coupling,European Single girder crane end carriage,European Double girder crane end carriage,European Suspension  crane end carriage,Wire Rope Electric Hoist,Electric Chain Hoist,European Single Girder Wire Rope Electric Hoist,European Double Girder Wire Rope Electric Hoist,Crane grab,Container spreader,Billet crane clamps,C-type hook,Lifting Electromagnet,YZR crane motor,YZP crane motor,ZQ Reducer,ZSC Reducer,QJ Reducer,QJ-L Reducer,QJY Reducer,H series gearbox,F Series Gear Motor,K Series Gear Motor,R Series Gear Motor,travelling machinery gear motor,Electro hydraulic drum brake,Electro hydraulic disc brake,Crane Safety brake,Crane cable trolley,Crane remote controller,Crane pendant controller,Crane electrical control cabinet,Crane limit switch,Crane sound and light alarm,Heavy Duty Aviation Connector,Crane overload limiter","publisher":{"@id":"https:\/\/www.hnhlcranes.com\/#organization"},"potentialAction":[{"@type":"SearchAction","target":{"@type":"EntryPoint","urlTemplate":"https:\/\/www.hnhlcranes.com\/?s={search_term_string}"},"query-input":{"@type":"PropertyValueSpecification","valueRequired":true,"valueName":"search_term_string"}}],"inLanguage":"da-DK"},{"@type":"Organization","@id":"https:\/\/www.hnhlcranes.com\/#organization","name":"Crane Parts Manufacturer","url":"https:\/\/www.hnhlcranes.com\/","logo":{"@type":"ImageObject","inLanguage":"da-DK","@id":"https:\/\/www.hnhlcranes.com\/#\/schema\/logo\/image\/","url":"https:\/\/www.hnhlcranes.com\/wp-content\/uploads\/2025\/01\/HL-logo-1.png","contentUrl":"https:\/\/www.hnhlcranes.com\/wp-content\/uploads\/2025\/01\/HL-logo-1.png","width":600,"height":169,"caption":"Crane Parts Manufacturer"},"image":{"@id":"https:\/\/www.hnhlcranes.com\/#\/schema\/logo\/image\/"}}]}},"_links":{"self":[{"href":"https:\/\/www.hnhlcranes.com\/da\/wp-json\/wp\/v2\/product\/4638","targetHints":{"allow":["GET"]}}],"collection":[{"href":"https:\/\/www.hnhlcranes.com\/da\/wp-json\/wp\/v2\/product"}],"about":[{"href":"https:\/\/www.hnhlcranes.com\/da\/wp-json\/wp\/v2\/types\/product"}],"version-history":[{"count":4,"href":"https:\/\/www.hnhlcranes.com\/da\/wp-json\/wp\/v2\/product\/4638\/revisions"}],"predecessor-version":[{"id":6848,"href":"https:\/\/www.hnhlcranes.com\/da\/wp-json\/wp\/v2\/product\/4638\/revisions\/6848"}],"wp:featuredmedia":[{"embeddable":true,"href":"https:\/\/www.hnhlcranes.com\/da\/wp-json\/wp\/v2\/media\/6841"}],"wp:attachment":[{"href":"https:\/\/www.hnhlcranes.com\/da\/wp-json\/wp\/v2\/media?parent=4638"}],"wp:term":[{"taxonomy":"product_brand","embeddable":true,"href":"https:\/\/www.hnhlcranes.com\/da\/wp-json\/wp\/v2\/product_brand?post=4638"},{"taxonomy":"product_cat","embeddable":true,"href":"https:\/\/www.hnhlcranes.com\/da\/wp-json\/wp\/v2\/product_cat?post=4638"},{"taxonomy":"product_tag","embeddable":true,"href":"https:\/\/www.hnhlcranes.com\/da\/wp-json\/wp\/v2\/product_tag?post=4638"}],"curies":[{"name":"wp","href":"https:\/\/api.w.org\/{rel}","templated":true}]}}