{"id":4812,"date":"2024-11-06T21:35:37","date_gmt":"2024-11-06T13:35:37","guid":{"rendered":"https:\/\/www.hnhlcranes.com\/?post_type=product&#038;p=4812"},"modified":"2025-03-06T00:37:56","modified_gmt":"2025-03-05T16:37:56","slug":"45-graders-delt-kranhjul","status":"publish","type":"product","link":"https:\/\/www.hnhlcranes.com\/da\/produkt\/45-graders-delt-kranhjul\/","title":{"rendered":"45 graders delt kranhjul"},"content":{"rendered":"<div class=\"flex max-w-full flex-col flex-grow\">\n<div class=\"min-h-8 text-message flex w-full flex-col items-end gap-2 whitespace-normal break-words text-start [.text-message+&amp;]:mt-5\" dir=\"auto\" data-message-author-role=\"assistant\" data-message-id=\"7cc03567-e0d9-4cfd-ad1b-cab15b701bf2\" data-message-model-slug=\"gpt-4o\">\n<div class=\"flex w-full flex-col gap-1 empty:hidden first:pt-[3px]\">\n<div class=\"markdown prose w-full break-words dark:prose-invert light\">\n<p>Den <strong>45 graders delt kranhjul<\/strong> er et specialdesignet kranhjul, som typisk bruges i kransystemer, der kr\u00e6ver h\u00f8j stabilitet og b\u00e6reevne. Denne type hjul anvender en <strong>45-graders split-struktur<\/strong>, som effektivt fordeler belastningen fra forskellige retninger, hvilket g\u00f8r det velegnet til kranudstyr med h\u00f8j belastning og lang varighed. Her er de vigtigste funktioner og anvendelser af det 45-graders delte kranhjul:<\/p>\n<h3>1. <strong>45-graders split-design<\/strong>:<\/h3>\n<ul>\n<li>Den <strong>45-graders split<\/strong> refererer til det strukturelle design af forbindelsen mellem hjul og aksel, som g\u00f8r det muligt for hjulet at b\u00e6re kr\u00e6fter mere j\u00e6vnt fra alle retninger. Dette design hj\u00e6lper med at reducere sliddet mellem hjul og spor, hvilket forl\u00e6nger levetiden.<\/li>\n<li>Med denne opdelte struktur forbedres hjulets stivhed og styrke, is\u00e6r i situationer med tung belastning eller h\u00f8jfrekvent brug, hvilket forbedrer stabiliteten betydeligt.<\/li>\n<\/ul>\n<h3>2. <strong>H\u00f8j lastb\u00e6rende kapacitet<\/strong>:<\/h3>\n<ul>\n<li>Kranhjul skal ofte b\u00e6re ekstremt store belastninger, is\u00e6r n\u00e5r de l\u00f8fter tunge genstande. Den 45-graders opdelte struktur forbedrer hjulets b\u00e6reevne, s\u00e5 det kan fungere stabilt i milj\u00f8er med h\u00f8j belastning og forhindre deformation eller skader p\u00e5 grund af overbelastning.<\/li>\n<\/ul>\n<h3>3. <strong>Forbedret slidstyrke og holdbarhed<\/strong>:<\/h3>\n<ul>\n<li>Da kranhjul arbejder under barske arbejdsforhold (s\u00e5som hyppige starter og stop og h\u00f8j belastning), er 45-graders splitkranhjul typisk fremstillet af meget slidst\u00e6rke materialer for at \u00f8ge holdbarheden og reducere risikoen for fejl p\u00e5 grund af slitage.<\/li>\n<li>Derudover kan nogle modeller af 45-graders splitf\u00e6lge gennemg\u00e5 s\u00e6rlige overfladebehandlinger (s\u00e5som h\u00e6rdning eller bel\u00e6gning) for at forbedre korrosions- og varmebestandigheden.<\/li>\n<\/ul>\n<h3>4. <strong>Optimeret struktur og stabilitet<\/strong>:<\/h3>\n<ul>\n<li>Det 45-graders splitdesign g\u00f8r, at hjulet bedre kan tilpasse sig dynamiske belastninger, is\u00e6r under tung belastning eller komplekse driftsforhold, hvilket forbedrer hjulets stabilitet og reducerer vibrationer og st\u00f8j under drift.<\/li>\n<li>Denne struktur forl\u00e6nger ikke kun hjulets levetid, men g\u00f8r ogs\u00e5 kranens drift mere j\u00e6vn og forbedrer dermed kransystemets samlede effektivitet.<\/li>\n<\/ul>\n<h3>5. <strong>Brede anvendelsesmuligheder<\/strong>:<\/h3>\n<ul>\n<li>Det 45-graders delte kranhjul bruges i vid udstr\u00e6kning i forskellige typer kraner, f.eks. brokraner, portalkraner, havnekraner og kraner i den metallurgiske industri. Disse typer udstyr kr\u00e6ver ofte h\u00f8j b\u00e6reevne og hyppig drift, hvilket g\u00f8r hjulets holdbarhed og b\u00e6rende egenskaber s\u00e6rligt vigtige.<\/li>\n<li>Dette hjul er s\u00e6rligt velegnet til kranudstyr, der bruges i barske milj\u00f8er (f.eks. havne, st\u00e5lv\u00e6rker).<\/li>\n<\/ul>\n<p>Den <strong>45 graders delt kranhjul<\/strong> optimerer hjulets b\u00e6reevne og stabilitet gennem sit unikke design med delt struktur, hvilket forbedrer dets slidstyrke og holdbarhed. Det er velegnet til kransystemer, der h\u00e5ndterer tunge belastninger og langvarig drift. Dette design forbedrer kransystemets samlede effektivitet og forl\u00e6nger udstyrets levetid.<\/p>\n<\/div>\n<\/div>\n<\/div>\n<\/div>\n<div class=\"mb-2 flex gap-3 empty:hidden -ml-2\">\n<div class=\"items-center justify-start rounded-xl p-1 flex\">\n<div class=\"flex items-center\"><\/div>\n<\/div>\n<\/div>\n<h6 style=\"text-align: center;\"><strong><span style=\"font-size: 18pt; font-family: arial, helvetica, sans-serif;\">45\u00b0 delt cirkul\u00e6rt lejehus hjuls\u00e6t<\/span><\/strong><\/h6>\n<p><img fetchpriority=\"high\" decoding=\"async\" class=\"wp-image-6713 aligncenter\" src=\"https:\/\/www.hnhlcranes.com\/wp-content\/uploads\/2024\/11\/45-degree-split-crane-wheel-5-300x144.jpg\" alt=\"\" width=\"950\" height=\"456\" srcset=\"https:\/\/www.hnhlcranes.com\/wp-content\/uploads\/2024\/11\/45-degree-split-crane-wheel-5-300x144.jpg 300w, https:\/\/www.hnhlcranes.com\/wp-content\/uploads\/2024\/11\/45-degree-split-crane-wheel-5-768x369.jpg 768w, https:\/\/www.hnhlcranes.com\/wp-content\/uploads\/2024\/11\/45-degree-split-crane-wheel-5-600x288.jpg 600w, https:\/\/www.hnhlcranes.com\/wp-content\/uploads\/2024\/11\/45-degree-split-crane-wheel-5.jpg 1000w\" sizes=\"(max-width: 950px) 100vw, 950px\" \/><\/p>\n<p><span style=\"font-family: var(--global-body-font-family);\">\u00a0<\/span><\/p>\n<table style=\"width: 100%; border-style: solid; border-color: #000000; height: 176px;\" border=\"1\" width=\"100%\" cellspacing=\"0.5\">\n<tbody>\n<tr style=\"height: 26px;\">\n<td style=\"height: 56px; text-align: center;\" rowspan=\"2\" width=\"347\">Hjulets diameter<\/td>\n<td style=\"text-align: center; height: 26px;\" colspan=\"9\" width=\"1262\">St\u00f8rrelse \uff08mm\uff09<\/td>\n<\/tr>\n<tr style=\"height: 30px;\">\n<td style=\"height: 30px; text-align: center;\" width=\"152\">D<\/td>\n<td style=\"height: 30px; text-align: center;\" width=\"138\">D\u2081<\/td>\n<td style=\"height: 30px; text-align: center;\" width=\"138\">B<\/td>\n<td style=\"height: 30px; text-align: center;\" width=\"139\">B1<\/td>\n<td style=\"height: 30px; text-align: center;\" width=\"139\">b<\/td>\n<td style=\"height: 30px; text-align: center;\" width=\"141\">b\u2081<\/td>\n<td style=\"height: 30px; text-align: center;\" width=\"139\">H<\/td>\n<td style=\"height: 30px; text-align: center;\" width=\"138\">h<\/td>\n<td style=\"height: 30px; text-align: center;\" width=\"138\">d<\/td>\n<\/tr>\n<tr style=\"height: 30px;\">\n<td style=\"height: 30px; text-align: center;\" width=\"347\">\u03a6500<\/td>\n<td style=\"height: 30px; text-align: center;\" width=\"152\">500<\/td>\n<td style=\"height: 30px; text-align: center;\" width=\"138\">540<\/td>\n<td style=\"height: 30px; text-align: center;\" width=\"138\">150<\/td>\n<td style=\"height: 30px; text-align: center;\" width=\"139\">100<\/td>\n<td style=\"height: 30px; text-align: center;\" width=\"139\">230<\/td>\n<td style=\"height: 30px; text-align: center;\" width=\"141\">\u00a050<\/td>\n<td style=\"height: 30px; text-align: center;\" width=\"139\">310<\/td>\n<td style=\"height: 30px; text-align: center;\" width=\"138\">140<\/td>\n<td style=\"height: 30px; text-align: center;\" width=\"138\">75<\/td>\n<\/tr>\n<tr style=\"height: 30px;\">\n<td style=\"height: 30px; text-align: center;\" width=\"347\">\u03a6630<\/td>\n<td style=\"height: 30px; text-align: center;\" width=\"152\">630<\/td>\n<td style=\"height: 30px; text-align: center;\" width=\"138\">680<\/td>\n<td style=\"height: 30px; text-align: center;\" width=\"138\">150<\/td>\n<td style=\"height: 30px; text-align: center;\" width=\"139\">100<\/td>\n<td style=\"height: 30px; text-align: center;\" width=\"139\">230<\/td>\n<td style=\"height: 30px; text-align: center;\" width=\"141\">\u00a050<\/td>\n<td style=\"height: 30px; text-align: center;\" width=\"139\">310<\/td>\n<td style=\"height: 30px; text-align: center;\" width=\"138\">140<\/td>\n<td style=\"height: 30px; text-align: center;\" width=\"138\">85<\/td>\n<\/tr>\n<tr style=\"height: 30px;\">\n<td style=\"height: 30px; text-align: center;\" width=\"347\">\u03a6710<\/td>\n<td style=\"height: 30px; text-align: center;\" width=\"152\">710<\/td>\n<td style=\"height: 30px; text-align: center;\" width=\"138\">760<\/td>\n<td style=\"height: 30px; text-align: center;\" width=\"138\">150<\/td>\n<td style=\"height: 30px; text-align: center;\" width=\"139\">100<\/td>\n<td style=\"height: 30px; text-align: center;\" width=\"139\">235<\/td>\n<td style=\"height: 30px; text-align: center;\" width=\"141\">\u00a080<\/td>\n<td style=\"height: 30px; text-align: center;\" width=\"139\">350<\/td>\n<td style=\"height: 30px; text-align: center;\" width=\"138\">160<\/td>\n<td style=\"height: 30px; text-align: center;\" width=\"138\">90<\/td>\n<\/tr>\n<tr style=\"height: 30px;\">\n<td style=\"height: 30px; text-align: center;\" width=\"347\">\u03a6800<\/td>\n<td style=\"height: 30px; text-align: center;\" width=\"152\">800<\/td>\n<td style=\"height: 30px; text-align: center;\" width=\"138\">850<\/td>\n<td style=\"height: 30px; text-align: center;\" width=\"138\">150<\/td>\n<td style=\"height: 30px; text-align: center;\" width=\"139\">100<\/td>\n<td style=\"height: 30px; text-align: center;\" width=\"139\">275<\/td>\n<td style=\"height: 30px; text-align: center;\" width=\"141\">\u00a090<\/td>\n<td style=\"height: 30px; text-align: center;\" width=\"139\">410<\/td>\n<td style=\"height: 30px; text-align: center;\" width=\"138\">190<\/td>\n<td style=\"height: 30px; text-align: center;\" width=\"138\">95<\/td>\n<\/tr>\n<\/tbody>\n<\/table>","protected":false},"excerpt":{"rendered":"<p><strong>45 graders delt kranhjul Parametre:<\/strong><\/p>\n<ul>\n<li><strong>Specifikationer<\/strong>: \u03a6500, \u03a6600, \u03a6700, \u03a6800<\/li>\n<li><strong>Materiale til hjul<\/strong>: ZG430-640, 45 st\u00e5l, 50SiMn, 65Mn, 42CrMo<\/li>\n<li><strong>Hjultype<\/strong>: Dobbeltflange, enkeltflange, ingen flange<\/li>\n<li><strong>Hjulsporets bredde<\/strong>: Bestemmes i henhold til spormodellen<\/li>\n<li><strong>Tilpassede ordrer<\/strong>: Vi kan fremstille ud fra dine tegninger og dimensioner.<\/li>\n<\/ul>","protected":false},"featured_media":6711,"template":"","meta":{"_kad_post_transparent":"default","_kad_post_title":"","_kad_post_layout":"default","_kad_post_sidebar_id":"","_kad_post_content_style":"default","_kad_post_vertical_padding":"show","_kad_post_feature":"","_kad_post_feature_position":"","_kad_post_header":false,"_kad_post_footer":false},"product_brand":[],"product_cat":[51],"product_tag":[382,370,884,365,381,378,364,877,376,374,373,894,368,379,900,384,914,380,888,917,887,913,912,910,883,903,911,915,385,375,908,881,372,371,377,897,383,367,880,876,369,895,907,889,878,920,918,890,921,909,919,363,906,916,886,898,366,904,882,905,899,896,885,902,879,892,893,901,891],"class_list":{"0":"post-4812","1":"product","2":"type-product","3":"status-publish","4":"has-post-thumbnail","6":"product_cat-crane-wheels","7":"product_tag-45-degree-split-crane-wheel","8":"product_tag-active-wheel-set","9":"product_tag-alloy-steel-wheel","10":"product_tag-angle-bearing-box-crane-wheel","11":"product_tag-angle-box-type-crane-wheel","12":"product_tag-angle-box-type-wheel-sets","13":"product_tag-bridge-crane-wheel","14":"product_tag-cast-steel-wheel","15":"product_tag-china-crane-parts-supplier","16":"product_tag-crane-accessories","17":"product_tag-crane-parts","18":"product_tag-crane-running-wheel","19":"product_tag-crane-wheel","20":"product_tag-crane-wheel-assembly","21":"product_tag-crane-wheel-bearing","22":"product_tag-crane-wheel-blocks","23":"product_tag-crane-wheel-cracking","24":"product_tag-crane-wheel-drawing","25":"product_tag-crane-wheel-hardness","26":"product_tag-crane-wheel-inspection","27":"product_tag-crane-wheel-load-capacity","28":"product_tag-crane-wheel-lubrication","29":"product_tag-crane-wheel-maintenance","30":"product_tag-crane-wheel-manufacturing","31":"product_tag-crane-wheel-material","32":"product_tag-crane-wheel-mounting","33":"product_tag-crane-wheel-replacement","34":"product_tag-crane-wheel-wear-analysis","35":"product_tag-crane-wheels","36":"product_tag-crane-wheels-manufacturer","37":"product_tag-custom-crane-wheel","38":"product_tag-double-flange-wheel","39":"product_tag-driven-wheel-group","40":"product_tag-driving-wheel-set","41":"product_tag-drs-wheel-blocks","42":"product_tag-end-carriage-wheel","43":"product_tag-european-crane-wheel","44":"product_tag-fem-standard-crane-wheel","45":"product_tag-flangeless-wheel","46":"product_tag-forged-crane-wheel","47":"product_tag-forged-wheels","48":"product_tag-gantry-crane-wheel","49":"product_tag-grooved-wheel","50":"product_tag-hardened-tread-wheel","51":"product_tag-heat-treated-wheel","52":"product_tag-heavy-duty-wheel","53":"product_tag-high-precision-wheel","54":"product_tag-induction-hardened-wheel","55":"product_tag-industrial-wheel","56":"product_tag-machined-crane-wheel","57":"product_tag-non-standard-wheel","58":"product_tag-overhead-crane-wheel","59":"product_tag-rail-clamp-wheel","60":"product_tag-rail-wear-and-wheel-interaction","61":"product_tag-rail-wheel","62":"product_tag-rail-mounted-wheel","63":"product_tag-round-bearing-box-crane-wheel","64":"product_tag-self-aligning-wheel","65":"product_tag-single-flange-wheel","66":"product_tag-tapered-wheel","67":"product_tag-track-wheel","68":"product_tag-trolley-wheel","69":"product_tag-wear-resistant-wheel","70":"product_tag-wheel-assembly-hub","71":"product_tag-wheel-flange","72":"product_tag-wheel-flange-thickness","73":"product_tag-wheel-rim-width","74":"product_tag-wheel-shaft","75":"product_tag-wheel-tread-diameter","77":"first","78":"instock","79":"shipping-taxable","80":"product-type-simple","81":"entry","82":"content-bg","83":"loop-entry"},"yoast_head":"<!-- This site is optimized with the Yoast SEO plugin v24.5 - https:\/\/yoast.com\/wordpress\/plugins\/seo\/ -->\n<title>45 degree split crane wheel - Round bearing box crane wheel -Crane Parts Manufacturer<\/title>\n<meta name=\"description\" content=\"Overhead crane Wheel,45 degree split crane wheel,European crane wheel,Crane wheels,Forged wheels,Driven wheel group,crane wheels manufacturer\" \/>\n<meta name=\"robots\" content=\"index, follow, max-snippet:-1, max-image-preview:large, max-video-preview:-1\" \/>\n<link rel=\"canonical\" href=\"https:\/\/www.hnhlcranes.com\/da\/produkt\/45-graders-delt-kranhjul\/\" \/>\n<meta property=\"og:locale\" content=\"da_DK\" \/>\n<meta property=\"og:type\" content=\"article\" \/>\n<meta property=\"og:title\" content=\"45 degree split crane wheel - Round bearing box crane wheel -Crane Parts Manufacturer\" \/>\n<meta property=\"og:description\" content=\"Overhead crane Wheel,45 degree split crane wheel,European crane wheel,Crane wheels,Forged wheels,Driven wheel group,crane wheels manufacturer\" \/>\n<meta property=\"og:url\" content=\"https:\/\/www.hnhlcranes.com\/da\/produkt\/45-graders-delt-kranhjul\/\" \/>\n<meta property=\"og:site_name\" content=\"Crane Parts Manufacturer\" \/>\n<meta property=\"article:modified_time\" content=\"2025-03-05T16:37:56+00:00\" \/>\n<meta property=\"og:image\" content=\"https:\/\/www.hnhlcranes.com\/wp-content\/uploads\/2024\/11\/45-degree-split-crane-wheel.jpg\" \/>\n\t<meta property=\"og:image:width\" content=\"600\" \/>\n\t<meta property=\"og:image:height\" content=\"600\" \/>\n\t<meta property=\"og:image:type\" content=\"image\/jpeg\" \/>\n<meta name=\"twitter:card\" content=\"summary_large_image\" \/>\n<meta name=\"twitter:label1\" content=\"Estimeret l\u00e6setid\" \/>\n\t<meta name=\"twitter:data1\" content=\"3 minutter\" \/>\n<script type=\"application\/ld+json\" class=\"yoast-schema-graph\">{\"@context\":\"https:\/\/schema.org\",\"@graph\":[{\"@type\":\"WebPage\",\"@id\":\"https:\/\/www.hnhlcranes.com\/product\/45-degree-split-crane-wheel\/\",\"url\":\"https:\/\/www.hnhlcranes.com\/product\/45-degree-split-crane-wheel\/\",\"name\":\"45 degree split crane wheel - Round bearing box crane wheel -Crane Parts Manufacturer\",\"isPartOf\":{\"@id\":\"https:\/\/www.hnhlcranes.com\/#website\"},\"primaryImageOfPage\":{\"@id\":\"https:\/\/www.hnhlcranes.com\/product\/45-degree-split-crane-wheel\/#primaryimage\"},\"image\":{\"@id\":\"https:\/\/www.hnhlcranes.com\/product\/45-degree-split-crane-wheel\/#primaryimage\"},\"thumbnailUrl\":\"https:\/\/www.hnhlcranes.com\/wp-content\/uploads\/2024\/11\/45-degree-split-crane-wheel.jpg\",\"datePublished\":\"2024-11-06T13:35:37+00:00\",\"dateModified\":\"2025-03-05T16:37:56+00:00\",\"description\":\"Overhead crane Wheel,45 degree split crane wheel,European crane wheel,Crane wheels,Forged wheels,Driven wheel group,crane wheels manufacturer\",\"breadcrumb\":{\"@id\":\"https:\/\/www.hnhlcranes.com\/product\/45-degree-split-crane-wheel\/#breadcrumb\"},\"inLanguage\":\"da-DK\",\"potentialAction\":[{\"@type\":\"ReadAction\",\"target\":[\"https:\/\/www.hnhlcranes.com\/product\/45-degree-split-crane-wheel\/\"]}]},{\"@type\":\"ImageObject\",\"inLanguage\":\"da-DK\",\"@id\":\"https:\/\/www.hnhlcranes.com\/product\/45-degree-split-crane-wheel\/#primaryimage\",\"url\":\"https:\/\/www.hnhlcranes.com\/wp-content\/uploads\/2024\/11\/45-degree-split-crane-wheel.jpg\",\"contentUrl\":\"https:\/\/www.hnhlcranes.com\/wp-content\/uploads\/2024\/11\/45-degree-split-crane-wheel.jpg\",\"width\":600,\"height\":600},{\"@type\":\"BreadcrumbList\",\"@id\":\"https:\/\/www.hnhlcranes.com\/product\/45-degree-split-crane-wheel\/#breadcrumb\",\"itemListElement\":[{\"@type\":\"ListItem\",\"position\":1,\"name\":\"home\",\"item\":\"https:\/\/www.hnhlcranes.com\/\"},{\"@type\":\"ListItem\",\"position\":2,\"name\":\"products\",\"item\":\"https:\/\/www.hnhlcranes.com\/products\/\"},{\"@type\":\"ListItem\",\"position\":3,\"name\":\"45 degree split crane wheel\"}]},{\"@type\":\"WebSite\",\"@id\":\"https:\/\/www.hnhlcranes.com\/#website\",\"url\":\"https:\/\/www.hnhlcranes.com\/\",\"name\":\"Crane Parts Manufacturer\",\"description\":\"Crane Wheels,Crane Drums,Crane Hooks,Crane Coupling,Crane End Carriage,Electric Hoist,European Crane Parts,Crane Rail Clip,Crane Spreader,Crane Motor,Crane Reducer,Crane Brake,Light Crane Parts,Workstation Crane Parts,Crane Electrical Parts,China Crane Parts Supplier,China Crane Parts Manufacturer,Angle box type crane wheel,45 degree split crane wheel,European crane wheel,Crane Wheel Blocks,Overhead crane drum,European crane drum,Overhead crane hook,European crane hook,Crane pulley block,Gear coupling,Brake wheel coupling,Drum gear coupling,Brake wheel drum gear coupling,Cardan Shaft Coupling,WZL drum coupling,Plum blossom elastic coupling,Brake wheel plum elastic coupling,European Single girder crane end carriage,European Double girder crane end carriage,European Suspension  crane end carriage,Wire Rope Electric Hoist,Electric Chain Hoist,European Single Girder Wire Rope Electric Hoist,European Double Girder Wire Rope Electric Hoist,Crane grab,Container spreader,Billet crane clamps,C-type hook,Lifting Electromagnet,YZR crane motor,YZP crane motor,ZQ Reducer,ZSC Reducer,QJ Reducer,QJ-L Reducer,QJY Reducer,H series gearbox,F Series Gear Motor,K Series Gear Motor,R Series Gear Motor,travelling machinery gear motor,Electro hydraulic drum brake,Electro hydraulic disc brake,Crane Safety brake,Crane cable trolley,Crane remote controller,Crane pendant controller,Crane electrical control cabinet,Crane limit switch,Crane sound and light alarm,Heavy Duty Aviation Connector,Crane overload limiter\",\"publisher\":{\"@id\":\"https:\/\/www.hnhlcranes.com\/#organization\"},\"potentialAction\":[{\"@type\":\"SearchAction\",\"target\":{\"@type\":\"EntryPoint\",\"urlTemplate\":\"https:\/\/www.hnhlcranes.com\/?s={search_term_string}\"},\"query-input\":{\"@type\":\"PropertyValueSpecification\",\"valueRequired\":true,\"valueName\":\"search_term_string\"}}],\"inLanguage\":\"da-DK\"},{\"@type\":\"Organization\",\"@id\":\"https:\/\/www.hnhlcranes.com\/#organization\",\"name\":\"Crane Parts Manufacturer\",\"url\":\"https:\/\/www.hnhlcranes.com\/\",\"logo\":{\"@type\":\"ImageObject\",\"inLanguage\":\"da-DK\",\"@id\":\"https:\/\/www.hnhlcranes.com\/#\/schema\/logo\/image\/\",\"url\":\"https:\/\/www.hnhlcranes.com\/wp-content\/uploads\/2025\/01\/HL-logo-1.png\",\"contentUrl\":\"https:\/\/www.hnhlcranes.com\/wp-content\/uploads\/2025\/01\/HL-logo-1.png\",\"width\":600,\"height\":169,\"caption\":\"Crane Parts Manufacturer\"},\"image\":{\"@id\":\"https:\/\/www.hnhlcranes.com\/#\/schema\/logo\/image\/\"}}]}<\/script>\n<!-- \/ Yoast SEO plugin. -->","yoast_head_json":{"title":"45 degree split crane wheel - Round bearing box crane wheel -Crane Parts Manufacturer","description":"Overhead crane Wheel,45 degree split crane wheel,European crane wheel,Crane wheels,Forged wheels,Driven wheel group,crane wheels manufacturer","robots":{"index":"index","follow":"follow","max-snippet":"max-snippet:-1","max-image-preview":"max-image-preview:large","max-video-preview":"max-video-preview:-1"},"canonical":"https:\/\/www.hnhlcranes.com\/da\/produkt\/45-graders-delt-kranhjul\/","og_locale":"da_DK","og_type":"article","og_title":"45 degree split crane wheel - Round bearing box crane wheel -Crane Parts Manufacturer","og_description":"Overhead crane Wheel,45 degree split crane wheel,European crane wheel,Crane wheels,Forged wheels,Driven wheel group,crane wheels manufacturer","og_url":"https:\/\/www.hnhlcranes.com\/da\/produkt\/45-graders-delt-kranhjul\/","og_site_name":"Crane Parts Manufacturer","article_modified_time":"2025-03-05T16:37:56+00:00","og_image":[{"width":600,"height":600,"url":"https:\/\/www.hnhlcranes.com\/wp-content\/uploads\/2024\/11\/45-degree-split-crane-wheel.jpg","type":"image\/jpeg"}],"twitter_card":"summary_large_image","twitter_misc":{"Estimeret l\u00e6setid":"3 minutter"},"schema":{"@context":"https:\/\/schema.org","@graph":[{"@type":"WebPage","@id":"https:\/\/www.hnhlcranes.com\/product\/45-degree-split-crane-wheel\/","url":"https:\/\/www.hnhlcranes.com\/product\/45-degree-split-crane-wheel\/","name":"45 degree split crane wheel - Round bearing box crane wheel -Crane Parts Manufacturer","isPartOf":{"@id":"https:\/\/www.hnhlcranes.com\/#website"},"primaryImageOfPage":{"@id":"https:\/\/www.hnhlcranes.com\/product\/45-degree-split-crane-wheel\/#primaryimage"},"image":{"@id":"https:\/\/www.hnhlcranes.com\/product\/45-degree-split-crane-wheel\/#primaryimage"},"thumbnailUrl":"https:\/\/www.hnhlcranes.com\/wp-content\/uploads\/2024\/11\/45-degree-split-crane-wheel.jpg","datePublished":"2024-11-06T13:35:37+00:00","dateModified":"2025-03-05T16:37:56+00:00","description":"Overhead crane Wheel,45 degree split crane wheel,European crane wheel,Crane wheels,Forged wheels,Driven wheel group,crane wheels manufacturer","breadcrumb":{"@id":"https:\/\/www.hnhlcranes.com\/product\/45-degree-split-crane-wheel\/#breadcrumb"},"inLanguage":"da-DK","potentialAction":[{"@type":"ReadAction","target":["https:\/\/www.hnhlcranes.com\/product\/45-degree-split-crane-wheel\/"]}]},{"@type":"ImageObject","inLanguage":"da-DK","@id":"https:\/\/www.hnhlcranes.com\/product\/45-degree-split-crane-wheel\/#primaryimage","url":"https:\/\/www.hnhlcranes.com\/wp-content\/uploads\/2024\/11\/45-degree-split-crane-wheel.jpg","contentUrl":"https:\/\/www.hnhlcranes.com\/wp-content\/uploads\/2024\/11\/45-degree-split-crane-wheel.jpg","width":600,"height":600},{"@type":"BreadcrumbList","@id":"https:\/\/www.hnhlcranes.com\/product\/45-degree-split-crane-wheel\/#breadcrumb","itemListElement":[{"@type":"ListItem","position":1,"name":"home","item":"https:\/\/www.hnhlcranes.com\/"},{"@type":"ListItem","position":2,"name":"products","item":"https:\/\/www.hnhlcranes.com\/products\/"},{"@type":"ListItem","position":3,"name":"45 degree split crane wheel"}]},{"@type":"WebSite","@id":"https:\/\/www.hnhlcranes.com\/#website","url":"https:\/\/www.hnhlcranes.com\/","name":"Crane Parts Manufacturer","description":"Crane Wheels,Crane Drums,Crane Hooks,Crane Coupling,Crane End Carriage,Electric Hoist,European Crane Parts,Crane Rail Clip,Crane Spreader,Crane Motor,Crane Reducer,Crane Brake,Light Crane Parts,Workstation Crane Parts,Crane Electrical Parts,China Crane Parts Supplier,China Crane Parts Manufacturer,Angle box type crane wheel,45 degree split crane wheel,European crane wheel,Crane Wheel Blocks,Overhead crane drum,European crane drum,Overhead crane hook,European crane hook,Crane pulley block,Gear coupling,Brake wheel coupling,Drum gear coupling,Brake wheel drum gear coupling,Cardan Shaft Coupling,WZL drum coupling,Plum blossom elastic coupling,Brake wheel plum elastic coupling,European Single girder crane end carriage,European Double girder crane end carriage,European Suspension  crane end carriage,Wire Rope Electric Hoist,Electric Chain Hoist,European Single Girder Wire Rope Electric Hoist,European Double Girder Wire Rope Electric Hoist,Crane grab,Container spreader,Billet crane clamps,C-type hook,Lifting Electromagnet,YZR crane motor,YZP crane motor,ZQ Reducer,ZSC Reducer,QJ Reducer,QJ-L Reducer,QJY Reducer,H series gearbox,F Series Gear Motor,K Series Gear Motor,R Series Gear Motor,travelling machinery gear motor,Electro hydraulic drum brake,Electro hydraulic disc brake,Crane Safety brake,Crane cable trolley,Crane remote controller,Crane pendant controller,Crane electrical control cabinet,Crane limit switch,Crane sound and light alarm,Heavy Duty Aviation Connector,Crane overload limiter","publisher":{"@id":"https:\/\/www.hnhlcranes.com\/#organization"},"potentialAction":[{"@type":"SearchAction","target":{"@type":"EntryPoint","urlTemplate":"https:\/\/www.hnhlcranes.com\/?s={search_term_string}"},"query-input":{"@type":"PropertyValueSpecification","valueRequired":true,"valueName":"search_term_string"}}],"inLanguage":"da-DK"},{"@type":"Organization","@id":"https:\/\/www.hnhlcranes.com\/#organization","name":"Crane Parts Manufacturer","url":"https:\/\/www.hnhlcranes.com\/","logo":{"@type":"ImageObject","inLanguage":"da-DK","@id":"https:\/\/www.hnhlcranes.com\/#\/schema\/logo\/image\/","url":"https:\/\/www.hnhlcranes.com\/wp-content\/uploads\/2025\/01\/HL-logo-1.png","contentUrl":"https:\/\/www.hnhlcranes.com\/wp-content\/uploads\/2025\/01\/HL-logo-1.png","width":600,"height":169,"caption":"Crane Parts Manufacturer"},"image":{"@id":"https:\/\/www.hnhlcranes.com\/#\/schema\/logo\/image\/"}}]}},"_links":{"self":[{"href":"https:\/\/www.hnhlcranes.com\/da\/wp-json\/wp\/v2\/product\/4812","targetHints":{"allow":["GET"]}}],"collection":[{"href":"https:\/\/www.hnhlcranes.com\/da\/wp-json\/wp\/v2\/product"}],"about":[{"href":"https:\/\/www.hnhlcranes.com\/da\/wp-json\/wp\/v2\/types\/product"}],"version-history":[{"count":3,"href":"https:\/\/www.hnhlcranes.com\/da\/wp-json\/wp\/v2\/product\/4812\/revisions"}],"predecessor-version":[{"id":6714,"href":"https:\/\/www.hnhlcranes.com\/da\/wp-json\/wp\/v2\/product\/4812\/revisions\/6714"}],"wp:featuredmedia":[{"embeddable":true,"href":"https:\/\/www.hnhlcranes.com\/da\/wp-json\/wp\/v2\/media\/6711"}],"wp:attachment":[{"href":"https:\/\/www.hnhlcranes.com\/da\/wp-json\/wp\/v2\/media?parent=4812"}],"wp:term":[{"taxonomy":"product_brand","embeddable":true,"href":"https:\/\/www.hnhlcranes.com\/da\/wp-json\/wp\/v2\/product_brand?post=4812"},{"taxonomy":"product_cat","embeddable":true,"href":"https:\/\/www.hnhlcranes.com\/da\/wp-json\/wp\/v2\/product_cat?post=4812"},{"taxonomy":"product_tag","embeddable":true,"href":"https:\/\/www.hnhlcranes.com\/da\/wp-json\/wp\/v2\/product_tag?post=4812"}],"curies":[{"name":"wp","href":"https:\/\/api.w.org\/{rel}","templated":true}]}}