{"id":4814,"date":"2024-11-06T22:44:24","date_gmt":"2024-11-06T14:44:24","guid":{"rendered":"https:\/\/www.hnhlcranes.com\/?post_type=product&#038;p=4814"},"modified":"2025-03-06T00:38:27","modified_gmt":"2025-03-05T16:38:27","slug":"europaeisk-kranhjul","status":"publish","type":"product","link":"https:\/\/www.hnhlcranes.com\/da\/produkt\/europaeisk-kranhjul\/","title":{"rendered":"Europ\u00e6isk kranhjul"},"content":{"rendered":"<p>FEM Standard kranhjuls\u00e6t, fremstillet af h\u00f8jstyrke duktilt jern QT700, har en kompakt struktur, f\u00e6rre komponenter og er let at montere. Hjuls\u00e6ttet er designet med tanke p\u00e5 modularitet og leveres som en komplet pakke og f\u00e5s i diameter 110, 125, 140, 160, 200, 250, 320, 400, 500 og 630. Derudover tilbyder FEM Standard Crane Wheel-s\u00e6ttet f\u00f8lgende fordele:<\/p>\n<p><strong>Kompakt struktur<\/strong>: Hjuls\u00e6ttet best\u00e5r af fire n\u00f8glekomponenter - hjulaksler, hjulplader, lejekasser og lejer - hvilket sikrer et kompakt og effektivt design med h\u00f8j pr\u00e6cision under samlingen.<\/p>\n<p><strong>Letv\u00e6gt og lille volumen<\/strong>: Det lette og kompakte design g\u00f8r ikke kun hjuls\u00e6ttet lettere at installere og transportere, men forbedrer ogs\u00e5 den generelle brugervenlighed.<\/p>\n<p><strong>Direkte kompatibilitet med tre-i-en reduktionsgear<\/strong>: Designet giver direkte kompatibilitet med tre-i-en-reduktioner, hvilket eliminerer behovet for koblinger og reducerer antallet af monteringstrin, hvilket forbedrer arbejdseffektiviteten.<\/p>\n<p><strong>J\u00e6vn drift med lav st\u00f8j<\/strong>: P\u00e5 grund af sin kompakte struktur og h\u00f8je monteringspr\u00e6cision arbejder hjuls\u00e6ttet med minimal st\u00f8j, hvilket skaber et mere st\u00f8jsvagt og behageligt arbejdsmilj\u00f8.<\/p>\n<p><strong>Overlegen materialekvalitet<\/strong>: Brugen af duktilt jern med h\u00f8j styrke forbedrer hjulenes holdbarhed og b\u00e6reevne, hvilket g\u00f8r hjuls\u00e6ttet p\u00e5lideligt til langvarig brug.<\/p>\n<p><strong>Mulighed for flere diametre<\/strong>: Hjuls\u00e6ttet f\u00e5s i en r\u00e6kke forskellige diametre og opfylder kundernes forskellige behov og giver fleksibilitet til forskellige anvendelser.<\/p>\n<p>Desuden underst\u00f8tter FEM-standardkranhjulet ogs\u00e5 tilpassede l\u00f8sninger, som f.eks. smedede st\u00e5lhjul (f.eks. 40Cr-hjul), for at opfylde specifikke driftskrav. Sammenlignet med traditionelle kranhjuls\u00e6t skiller det europ\u00e6iske kranhjuls\u00e6t sig ud med hensyn til materiale-, struktur- og designinnovationer, der i sidste ende sigter mod at levere mere effektiv og p\u00e5lidelig service.<\/p>\n<p><img fetchpriority=\"high\" decoding=\"async\" class=\"alignnone wp-image-6724\" src=\"https:\/\/www.hnhlcranes.com\/wp-content\/uploads\/2024\/11\/European-crane-wheel-110-300x169.png\" alt=\"\" width=\"951\" height=\"536\" srcset=\"https:\/\/www.hnhlcranes.com\/wp-content\/uploads\/2024\/11\/European-crane-wheel-110-300x169.png 300w, https:\/\/www.hnhlcranes.com\/wp-content\/uploads\/2024\/11\/European-crane-wheel-110-768x432.png 768w, https:\/\/www.hnhlcranes.com\/wp-content\/uploads\/2024\/11\/European-crane-wheel-110-600x337.png 600w\" sizes=\"(max-width: 951px) 100vw, 951px\" \/> <img decoding=\"async\" class=\"alignnone wp-image-6725\" src=\"https:\/\/www.hnhlcranes.com\/wp-content\/uploads\/2024\/11\/European-crane-wheel-125-300x173.png\" alt=\"\" width=\"950\" height=\"548\" srcset=\"https:\/\/www.hnhlcranes.com\/wp-content\/uploads\/2024\/11\/European-crane-wheel-125-300x173.png 300w, https:\/\/www.hnhlcranes.com\/wp-content\/uploads\/2024\/11\/European-crane-wheel-125-1024x591.png 1024w, https:\/\/www.hnhlcranes.com\/wp-content\/uploads\/2024\/11\/European-crane-wheel-125-768x443.png 768w, https:\/\/www.hnhlcranes.com\/wp-content\/uploads\/2024\/11\/European-crane-wheel-125-600x346.png 600w, https:\/\/www.hnhlcranes.com\/wp-content\/uploads\/2024\/11\/European-crane-wheel-125.png 1500w\" sizes=\"(max-width: 950px) 100vw, 950px\" \/> <img decoding=\"async\" class=\"alignnone wp-image-6726\" src=\"https:\/\/www.hnhlcranes.com\/wp-content\/uploads\/2024\/11\/European-crane-wheel-140-300x161.png\" alt=\"\" width=\"950\" height=\"510\" srcset=\"https:\/\/www.hnhlcranes.com\/wp-content\/uploads\/2024\/11\/European-crane-wheel-140-300x161.png 300w, https:\/\/www.hnhlcranes.com\/wp-content\/uploads\/2024\/11\/European-crane-wheel-140-1024x550.png 1024w, https:\/\/www.hnhlcranes.com\/wp-content\/uploads\/2024\/11\/European-crane-wheel-140-768x412.png 768w, https:\/\/www.hnhlcranes.com\/wp-content\/uploads\/2024\/11\/European-crane-wheel-140-600x322.png 600w, https:\/\/www.hnhlcranes.com\/wp-content\/uploads\/2024\/11\/European-crane-wheel-140.png 1500w\" sizes=\"(max-width: 950px) 100vw, 950px\" \/> <img loading=\"lazy\" decoding=\"async\" class=\"alignnone wp-image-6727\" src=\"https:\/\/www.hnhlcranes.com\/wp-content\/uploads\/2024\/11\/European-crane-wheel-160-300x169.png\" alt=\"\" width=\"950\" height=\"535\" srcset=\"https:\/\/www.hnhlcranes.com\/wp-content\/uploads\/2024\/11\/European-crane-wheel-160-300x169.png 300w, https:\/\/www.hnhlcranes.com\/wp-content\/uploads\/2024\/11\/European-crane-wheel-160-1024x578.png 1024w, https:\/\/www.hnhlcranes.com\/wp-content\/uploads\/2024\/11\/European-crane-wheel-160-768x434.png 768w, https:\/\/www.hnhlcranes.com\/wp-content\/uploads\/2024\/11\/European-crane-wheel-160-600x339.png 600w, https:\/\/www.hnhlcranes.com\/wp-content\/uploads\/2024\/11\/European-crane-wheel-160.png 1500w\" sizes=\"(max-width: 950px) 100vw, 950px\" \/> <img loading=\"lazy\" decoding=\"async\" class=\"alignnone wp-image-6728\" src=\"https:\/\/www.hnhlcranes.com\/wp-content\/uploads\/2024\/11\/European-crane-wheel-200-300x166.png\" alt=\"\" width=\"952\" height=\"527\" srcset=\"https:\/\/www.hnhlcranes.com\/wp-content\/uploads\/2024\/11\/European-crane-wheel-200-300x166.png 300w, https:\/\/www.hnhlcranes.com\/wp-content\/uploads\/2024\/11\/European-crane-wheel-200-1024x567.png 1024w, https:\/\/www.hnhlcranes.com\/wp-content\/uploads\/2024\/11\/European-crane-wheel-200-768x425.png 768w, https:\/\/www.hnhlcranes.com\/wp-content\/uploads\/2024\/11\/European-crane-wheel-200-600x332.png 600w, https:\/\/www.hnhlcranes.com\/wp-content\/uploads\/2024\/11\/European-crane-wheel-200.png 1500w\" sizes=\"(max-width: 952px) 100vw, 952px\" \/> <img loading=\"lazy\" decoding=\"async\" class=\"alignnone wp-image-6729\" src=\"https:\/\/www.hnhlcranes.com\/wp-content\/uploads\/2024\/11\/European-crane-wheel-250-300x153.png\" alt=\"\" width=\"947\" height=\"483\" srcset=\"https:\/\/www.hnhlcranes.com\/wp-content\/uploads\/2024\/11\/European-crane-wheel-250-300x153.png 300w, https:\/\/www.hnhlcranes.com\/wp-content\/uploads\/2024\/11\/European-crane-wheel-250-1024x522.png 1024w, https:\/\/www.hnhlcranes.com\/wp-content\/uploads\/2024\/11\/European-crane-wheel-250-768x392.png 768w, https:\/\/www.hnhlcranes.com\/wp-content\/uploads\/2024\/11\/European-crane-wheel-250-600x306.png 600w, https:\/\/www.hnhlcranes.com\/wp-content\/uploads\/2024\/11\/European-crane-wheel-250.png 1500w\" sizes=\"(max-width: 947px) 100vw, 947px\" \/> <img loading=\"lazy\" decoding=\"async\" class=\"alignnone wp-image-6730\" src=\"https:\/\/www.hnhlcranes.com\/wp-content\/uploads\/2024\/11\/European-crane-wheel-320-300x171.png\" alt=\"\" width=\"951\" height=\"542\" srcset=\"https:\/\/www.hnhlcranes.com\/wp-content\/uploads\/2024\/11\/European-crane-wheel-320-300x171.png 300w, https:\/\/www.hnhlcranes.com\/wp-content\/uploads\/2024\/11\/European-crane-wheel-320-1024x584.png 1024w, https:\/\/www.hnhlcranes.com\/wp-content\/uploads\/2024\/11\/European-crane-wheel-320-768x438.png 768w, https:\/\/www.hnhlcranes.com\/wp-content\/uploads\/2024\/11\/European-crane-wheel-320-600x342.png 600w, https:\/\/www.hnhlcranes.com\/wp-content\/uploads\/2024\/11\/European-crane-wheel-320.png 1500w\" sizes=\"(max-width: 951px) 100vw, 951px\" \/> <img loading=\"lazy\" decoding=\"async\" class=\"alignnone wp-image-6731\" src=\"https:\/\/www.hnhlcranes.com\/wp-content\/uploads\/2024\/11\/European-crane-wheel-400-300x180.png\" alt=\"\" width=\"950\" height=\"570\" srcset=\"https:\/\/www.hnhlcranes.com\/wp-content\/uploads\/2024\/11\/European-crane-wheel-400-300x180.png 300w, https:\/\/www.hnhlcranes.com\/wp-content\/uploads\/2024\/11\/European-crane-wheel-400-1024x614.png 1024w, https:\/\/www.hnhlcranes.com\/wp-content\/uploads\/2024\/11\/European-crane-wheel-400-768x461.png 768w, https:\/\/www.hnhlcranes.com\/wp-content\/uploads\/2024\/11\/European-crane-wheel-400-600x360.png 600w, https:\/\/www.hnhlcranes.com\/wp-content\/uploads\/2024\/11\/European-crane-wheel-400.png 1500w\" sizes=\"(max-width: 950px) 100vw, 950px\" \/><\/p>\n<p><span style=\"font-family: var(--global-body-font-family);\">\u00a0<\/span><span style=\"font-family: var(--global-body-font-family);\">\u00a0<\/span><\/p>","protected":false},"excerpt":{"rendered":"<p><strong>Europ\u00e6iske kranhjul Parametre:<\/strong><\/p>\n<ul>\n<li><strong>Specifikationer<\/strong>: \u03a6110, \u03a6125, \u03a6140, \u03a6160, \u03a6200, \u03a6250, \u03a6320, \u03a6400, \u03a6500, \u03a6630<\/li>\n<li><strong>Materiale til hjul<\/strong>: QT700, 40Cr smedet<\/li>\n<li><strong>Hjultype<\/strong>: Dobbeltflange, enkeltflange, ingen flange<\/li>\n<li><strong>Type hjulforbindelse<\/strong>: Indvendig spline, Cylindrisk aksel<\/li>\n<li><strong>Hjulsporets bredde<\/strong>: Bestemmes ud fra spormodellen<\/li>\n<li><strong>Tilpasset fremstilling<\/strong>: Skr\u00e6ddersyet ud fra leverede tegninger, med dimensioner i henhold til kundens specifikationer<\/li>\n<\/ul>","protected":false},"featured_media":6722,"template":"","meta":{"_kad_post_transparent":"default","_kad_post_title":"","_kad_post_layout":"default","_kad_post_sidebar_id":"","_kad_post_content_style":"default","_kad_post_vertical_padding":"show","_kad_post_feature":"","_kad_post_feature_position":"","_kad_post_header":false,"_kad_post_footer":false},"product_brand":[],"product_cat":[51,61],"product_tag":[382,370,884,365,381,378,364,877,376,374,373,894,368,379,900,384,914,380,888,917,887,913,912,910,883,903,911,915,385,375,908,881,372,371,377,897,383,367,880,876,369,895,907,889,878,920,918,890,921,909,919,363,906,916,886,898,366,904,882,905,899,896,885,902,879,892,893,901,891],"class_list":{"0":"post-4814","1":"product","2":"type-product","3":"status-publish","4":"has-post-thumbnail","6":"product_cat-crane-wheels","7":"product_cat-european-crane-parts","8":"product_tag-45-degree-split-crane-wheel","9":"product_tag-active-wheel-set","10":"product_tag-alloy-steel-wheel","11":"product_tag-angle-bearing-box-crane-wheel","12":"product_tag-angle-box-type-crane-wheel","13":"product_tag-angle-box-type-wheel-sets","14":"product_tag-bridge-crane-wheel","15":"product_tag-cast-steel-wheel","16":"product_tag-china-crane-parts-supplier","17":"product_tag-crane-accessories","18":"product_tag-crane-parts","19":"product_tag-crane-running-wheel","20":"product_tag-crane-wheel","21":"product_tag-crane-wheel-assembly","22":"product_tag-crane-wheel-bearing","23":"product_tag-crane-wheel-blocks","24":"product_tag-crane-wheel-cracking","25":"product_tag-crane-wheel-drawing","26":"product_tag-crane-wheel-hardness","27":"product_tag-crane-wheel-inspection","28":"product_tag-crane-wheel-load-capacity","29":"product_tag-crane-wheel-lubrication","30":"product_tag-crane-wheel-maintenance","31":"product_tag-crane-wheel-manufacturing","32":"product_tag-crane-wheel-material","33":"product_tag-crane-wheel-mounting","34":"product_tag-crane-wheel-replacement","35":"product_tag-crane-wheel-wear-analysis","36":"product_tag-crane-wheels","37":"product_tag-crane-wheels-manufacturer","38":"product_tag-custom-crane-wheel","39":"product_tag-double-flange-wheel","40":"product_tag-driven-wheel-group","41":"product_tag-driving-wheel-set","42":"product_tag-drs-wheel-blocks","43":"product_tag-end-carriage-wheel","44":"product_tag-european-crane-wheel","45":"product_tag-fem-standard-crane-wheel","46":"product_tag-flangeless-wheel","47":"product_tag-forged-crane-wheel","48":"product_tag-forged-wheels","49":"product_tag-gantry-crane-wheel","50":"product_tag-grooved-wheel","51":"product_tag-hardened-tread-wheel","52":"product_tag-heat-treated-wheel","53":"product_tag-heavy-duty-wheel","54":"product_tag-high-precision-wheel","55":"product_tag-induction-hardened-wheel","56":"product_tag-industrial-wheel","57":"product_tag-machined-crane-wheel","58":"product_tag-non-standard-wheel","59":"product_tag-overhead-crane-wheel","60":"product_tag-rail-clamp-wheel","61":"product_tag-rail-wear-and-wheel-interaction","62":"product_tag-rail-wheel","63":"product_tag-rail-mounted-wheel","64":"product_tag-round-bearing-box-crane-wheel","65":"product_tag-self-aligning-wheel","66":"product_tag-single-flange-wheel","67":"product_tag-tapered-wheel","68":"product_tag-track-wheel","69":"product_tag-trolley-wheel","70":"product_tag-wear-resistant-wheel","71":"product_tag-wheel-assembly-hub","72":"product_tag-wheel-flange","73":"product_tag-wheel-flange-thickness","74":"product_tag-wheel-rim-width","75":"product_tag-wheel-shaft","76":"product_tag-wheel-tread-diameter","78":"first","79":"instock","80":"featured","81":"shipping-taxable","82":"product-type-simple","83":"entry","84":"content-bg","85":"loop-entry"},"yoast_head":"<!-- This site is optimized with the Yoast SEO plugin v24.5 - https:\/\/yoast.com\/wordpress\/plugins\/seo\/ -->\n<title>European crane wheel - FEM standard crane wheel-crane Wheel-Crane Parts Manufacturer<\/title>\n<meta name=\"description\" content=\"FEM standard crane wheel,Overhead crane Wheel,European crane wheel,Crane wheels,Forged wheels,Driven wheel group,crane wheels manufacturer\" \/>\n<meta name=\"robots\" content=\"index, follow, max-snippet:-1, max-image-preview:large, max-video-preview:-1\" \/>\n<link rel=\"canonical\" href=\"https:\/\/www.hnhlcranes.com\/da\/produkt\/europaeisk-kranhjul\/\" \/>\n<meta property=\"og:locale\" content=\"da_DK\" \/>\n<meta property=\"og:type\" content=\"article\" \/>\n<meta property=\"og:title\" content=\"European crane wheel - FEM standard crane wheel-crane Wheel-Crane Parts Manufacturer\" \/>\n<meta property=\"og:description\" content=\"FEM standard crane wheel,Overhead crane Wheel,European crane wheel,Crane wheels,Forged wheels,Driven wheel group,crane wheels manufacturer\" \/>\n<meta property=\"og:url\" content=\"https:\/\/www.hnhlcranes.com\/da\/produkt\/europaeisk-kranhjul\/\" \/>\n<meta property=\"og:site_name\" content=\"Crane Parts Manufacturer\" \/>\n<meta property=\"article:modified_time\" content=\"2025-03-05T16:38:27+00:00\" \/>\n<meta property=\"og:image\" content=\"https:\/\/www.hnhlcranes.com\/wp-content\/uploads\/2024\/11\/European-crane-wheel.jpg\" \/>\n\t<meta property=\"og:image:width\" content=\"600\" \/>\n\t<meta property=\"og:image:height\" content=\"600\" \/>\n\t<meta property=\"og:image:type\" content=\"image\/jpeg\" \/>\n<meta name=\"twitter:card\" content=\"summary_large_image\" \/>\n<meta name=\"twitter:label1\" content=\"Estimeret l\u00e6setid\" \/>\n\t<meta name=\"twitter:data1\" content=\"4 minutter\" \/>\n<script type=\"application\/ld+json\" class=\"yoast-schema-graph\">{\"@context\":\"https:\/\/schema.org\",\"@graph\":[{\"@type\":\"WebPage\",\"@id\":\"https:\/\/www.hnhlcranes.com\/product\/european-crane-wheel\/\",\"url\":\"https:\/\/www.hnhlcranes.com\/product\/european-crane-wheel\/\",\"name\":\"European crane wheel - FEM standard crane wheel-crane Wheel-Crane Parts Manufacturer\",\"isPartOf\":{\"@id\":\"https:\/\/www.hnhlcranes.com\/#website\"},\"primaryImageOfPage\":{\"@id\":\"https:\/\/www.hnhlcranes.com\/product\/european-crane-wheel\/#primaryimage\"},\"image\":{\"@id\":\"https:\/\/www.hnhlcranes.com\/product\/european-crane-wheel\/#primaryimage\"},\"thumbnailUrl\":\"https:\/\/www.hnhlcranes.com\/wp-content\/uploads\/2024\/11\/European-crane-wheel.jpg\",\"datePublished\":\"2024-11-06T14:44:24+00:00\",\"dateModified\":\"2025-03-05T16:38:27+00:00\",\"description\":\"FEM standard crane wheel,Overhead crane Wheel,European crane wheel,Crane wheels,Forged wheels,Driven wheel group,crane wheels manufacturer\",\"breadcrumb\":{\"@id\":\"https:\/\/www.hnhlcranes.com\/product\/european-crane-wheel\/#breadcrumb\"},\"inLanguage\":\"da-DK\",\"potentialAction\":[{\"@type\":\"ReadAction\",\"target\":[\"https:\/\/www.hnhlcranes.com\/product\/european-crane-wheel\/\"]}]},{\"@type\":\"ImageObject\",\"inLanguage\":\"da-DK\",\"@id\":\"https:\/\/www.hnhlcranes.com\/product\/european-crane-wheel\/#primaryimage\",\"url\":\"https:\/\/www.hnhlcranes.com\/wp-content\/uploads\/2024\/11\/European-crane-wheel.jpg\",\"contentUrl\":\"https:\/\/www.hnhlcranes.com\/wp-content\/uploads\/2024\/11\/European-crane-wheel.jpg\",\"width\":600,\"height\":600},{\"@type\":\"BreadcrumbList\",\"@id\":\"https:\/\/www.hnhlcranes.com\/product\/european-crane-wheel\/#breadcrumb\",\"itemListElement\":[{\"@type\":\"ListItem\",\"position\":1,\"name\":\"home\",\"item\":\"https:\/\/www.hnhlcranes.com\/\"},{\"@type\":\"ListItem\",\"position\":2,\"name\":\"products\",\"item\":\"https:\/\/www.hnhlcranes.com\/products\/\"},{\"@type\":\"ListItem\",\"position\":3,\"name\":\"European crane wheel\"}]},{\"@type\":\"WebSite\",\"@id\":\"https:\/\/www.hnhlcranes.com\/#website\",\"url\":\"https:\/\/www.hnhlcranes.com\/\",\"name\":\"Crane Parts Manufacturer\",\"description\":\"Crane Wheels,Crane Drums,Crane Hooks,Crane Coupling,Crane End Carriage,Electric Hoist,European Crane Parts,Crane Rail Clip,Crane Spreader,Crane Motor,Crane Reducer,Crane Brake,Light Crane Parts,Workstation Crane Parts,Crane Electrical Parts,China Crane Parts Supplier,China Crane Parts Manufacturer,Angle box type crane wheel,45 degree split crane wheel,European crane wheel,Crane Wheel Blocks,Overhead crane drum,European crane drum,Overhead crane hook,European crane hook,Crane pulley block,Gear coupling,Brake wheel coupling,Drum gear coupling,Brake wheel drum gear coupling,Cardan Shaft Coupling,WZL drum coupling,Plum blossom elastic coupling,Brake wheel plum elastic coupling,European Single girder crane end carriage,European Double girder crane end carriage,European Suspension  crane end carriage,Wire Rope Electric Hoist,Electric Chain Hoist,European Single Girder Wire Rope Electric Hoist,European Double Girder Wire Rope Electric Hoist,Crane grab,Container spreader,Billet crane clamps,C-type hook,Lifting Electromagnet,YZR crane motor,YZP crane motor,ZQ Reducer,ZSC Reducer,QJ Reducer,QJ-L Reducer,QJY Reducer,H series gearbox,F Series Gear Motor,K Series Gear Motor,R Series Gear Motor,travelling machinery gear motor,Electro hydraulic drum brake,Electro hydraulic disc brake,Crane Safety brake,Crane cable trolley,Crane remote controller,Crane pendant controller,Crane electrical control cabinet,Crane limit switch,Crane sound and light alarm,Heavy Duty Aviation Connector,Crane overload limiter\",\"publisher\":{\"@id\":\"https:\/\/www.hnhlcranes.com\/#organization\"},\"potentialAction\":[{\"@type\":\"SearchAction\",\"target\":{\"@type\":\"EntryPoint\",\"urlTemplate\":\"https:\/\/www.hnhlcranes.com\/?s={search_term_string}\"},\"query-input\":{\"@type\":\"PropertyValueSpecification\",\"valueRequired\":true,\"valueName\":\"search_term_string\"}}],\"inLanguage\":\"da-DK\"},{\"@type\":\"Organization\",\"@id\":\"https:\/\/www.hnhlcranes.com\/#organization\",\"name\":\"Crane Parts Manufacturer\",\"url\":\"https:\/\/www.hnhlcranes.com\/\",\"logo\":{\"@type\":\"ImageObject\",\"inLanguage\":\"da-DK\",\"@id\":\"https:\/\/www.hnhlcranes.com\/#\/schema\/logo\/image\/\",\"url\":\"https:\/\/www.hnhlcranes.com\/wp-content\/uploads\/2025\/01\/HL-logo-1.png\",\"contentUrl\":\"https:\/\/www.hnhlcranes.com\/wp-content\/uploads\/2025\/01\/HL-logo-1.png\",\"width\":600,\"height\":169,\"caption\":\"Crane Parts Manufacturer\"},\"image\":{\"@id\":\"https:\/\/www.hnhlcranes.com\/#\/schema\/logo\/image\/\"}}]}<\/script>\n<!-- \/ Yoast SEO plugin. -->","yoast_head_json":{"title":"European crane wheel - FEM standard crane wheel-crane Wheel-Crane Parts Manufacturer","description":"FEM standard crane wheel,Overhead crane Wheel,European crane wheel,Crane wheels,Forged wheels,Driven wheel group,crane wheels manufacturer","robots":{"index":"index","follow":"follow","max-snippet":"max-snippet:-1","max-image-preview":"max-image-preview:large","max-video-preview":"max-video-preview:-1"},"canonical":"https:\/\/www.hnhlcranes.com\/da\/produkt\/europaeisk-kranhjul\/","og_locale":"da_DK","og_type":"article","og_title":"European crane wheel - FEM standard crane wheel-crane Wheel-Crane Parts Manufacturer","og_description":"FEM standard crane wheel,Overhead crane Wheel,European crane wheel,Crane wheels,Forged wheels,Driven wheel group,crane wheels manufacturer","og_url":"https:\/\/www.hnhlcranes.com\/da\/produkt\/europaeisk-kranhjul\/","og_site_name":"Crane Parts Manufacturer","article_modified_time":"2025-03-05T16:38:27+00:00","og_image":[{"width":600,"height":600,"url":"https:\/\/www.hnhlcranes.com\/wp-content\/uploads\/2024\/11\/European-crane-wheel.jpg","type":"image\/jpeg"}],"twitter_card":"summary_large_image","twitter_misc":{"Estimeret l\u00e6setid":"4 minutter"},"schema":{"@context":"https:\/\/schema.org","@graph":[{"@type":"WebPage","@id":"https:\/\/www.hnhlcranes.com\/product\/european-crane-wheel\/","url":"https:\/\/www.hnhlcranes.com\/product\/european-crane-wheel\/","name":"European crane wheel - FEM standard crane wheel-crane Wheel-Crane Parts Manufacturer","isPartOf":{"@id":"https:\/\/www.hnhlcranes.com\/#website"},"primaryImageOfPage":{"@id":"https:\/\/www.hnhlcranes.com\/product\/european-crane-wheel\/#primaryimage"},"image":{"@id":"https:\/\/www.hnhlcranes.com\/product\/european-crane-wheel\/#primaryimage"},"thumbnailUrl":"https:\/\/www.hnhlcranes.com\/wp-content\/uploads\/2024\/11\/European-crane-wheel.jpg","datePublished":"2024-11-06T14:44:24+00:00","dateModified":"2025-03-05T16:38:27+00:00","description":"FEM standard crane wheel,Overhead crane Wheel,European crane wheel,Crane wheels,Forged wheels,Driven wheel group,crane wheels manufacturer","breadcrumb":{"@id":"https:\/\/www.hnhlcranes.com\/product\/european-crane-wheel\/#breadcrumb"},"inLanguage":"da-DK","potentialAction":[{"@type":"ReadAction","target":["https:\/\/www.hnhlcranes.com\/product\/european-crane-wheel\/"]}]},{"@type":"ImageObject","inLanguage":"da-DK","@id":"https:\/\/www.hnhlcranes.com\/product\/european-crane-wheel\/#primaryimage","url":"https:\/\/www.hnhlcranes.com\/wp-content\/uploads\/2024\/11\/European-crane-wheel.jpg","contentUrl":"https:\/\/www.hnhlcranes.com\/wp-content\/uploads\/2024\/11\/European-crane-wheel.jpg","width":600,"height":600},{"@type":"BreadcrumbList","@id":"https:\/\/www.hnhlcranes.com\/product\/european-crane-wheel\/#breadcrumb","itemListElement":[{"@type":"ListItem","position":1,"name":"home","item":"https:\/\/www.hnhlcranes.com\/"},{"@type":"ListItem","position":2,"name":"products","item":"https:\/\/www.hnhlcranes.com\/products\/"},{"@type":"ListItem","position":3,"name":"European crane wheel"}]},{"@type":"WebSite","@id":"https:\/\/www.hnhlcranes.com\/#website","url":"https:\/\/www.hnhlcranes.com\/","name":"Crane Parts Manufacturer","description":"Crane Wheels,Crane Drums,Crane Hooks,Crane Coupling,Crane End Carriage,Electric Hoist,European Crane Parts,Crane Rail Clip,Crane Spreader,Crane Motor,Crane Reducer,Crane Brake,Light Crane Parts,Workstation Crane Parts,Crane Electrical Parts,China Crane Parts Supplier,China Crane Parts Manufacturer,Angle box type crane wheel,45 degree split crane wheel,European crane wheel,Crane Wheel Blocks,Overhead crane drum,European crane drum,Overhead crane hook,European crane hook,Crane pulley block,Gear coupling,Brake wheel coupling,Drum gear coupling,Brake wheel drum gear coupling,Cardan Shaft Coupling,WZL drum coupling,Plum blossom elastic coupling,Brake wheel plum elastic coupling,European Single girder crane end carriage,European Double girder crane end carriage,European Suspension  crane end carriage,Wire Rope Electric Hoist,Electric Chain Hoist,European Single Girder Wire Rope Electric Hoist,European Double Girder Wire Rope Electric Hoist,Crane grab,Container spreader,Billet crane clamps,C-type hook,Lifting Electromagnet,YZR crane motor,YZP crane motor,ZQ Reducer,ZSC Reducer,QJ Reducer,QJ-L Reducer,QJY Reducer,H series gearbox,F Series Gear Motor,K Series Gear Motor,R Series Gear Motor,travelling machinery gear motor,Electro hydraulic drum brake,Electro hydraulic disc brake,Crane Safety brake,Crane cable trolley,Crane remote controller,Crane pendant controller,Crane electrical control cabinet,Crane limit switch,Crane sound and light alarm,Heavy Duty Aviation Connector,Crane overload limiter","publisher":{"@id":"https:\/\/www.hnhlcranes.com\/#organization"},"potentialAction":[{"@type":"SearchAction","target":{"@type":"EntryPoint","urlTemplate":"https:\/\/www.hnhlcranes.com\/?s={search_term_string}"},"query-input":{"@type":"PropertyValueSpecification","valueRequired":true,"valueName":"search_term_string"}}],"inLanguage":"da-DK"},{"@type":"Organization","@id":"https:\/\/www.hnhlcranes.com\/#organization","name":"Crane Parts Manufacturer","url":"https:\/\/www.hnhlcranes.com\/","logo":{"@type":"ImageObject","inLanguage":"da-DK","@id":"https:\/\/www.hnhlcranes.com\/#\/schema\/logo\/image\/","url":"https:\/\/www.hnhlcranes.com\/wp-content\/uploads\/2025\/01\/HL-logo-1.png","contentUrl":"https:\/\/www.hnhlcranes.com\/wp-content\/uploads\/2025\/01\/HL-logo-1.png","width":600,"height":169,"caption":"Crane Parts Manufacturer"},"image":{"@id":"https:\/\/www.hnhlcranes.com\/#\/schema\/logo\/image\/"}}]}},"_links":{"self":[{"href":"https:\/\/www.hnhlcranes.com\/da\/wp-json\/wp\/v2\/product\/4814","targetHints":{"allow":["GET"]}}],"collection":[{"href":"https:\/\/www.hnhlcranes.com\/da\/wp-json\/wp\/v2\/product"}],"about":[{"href":"https:\/\/www.hnhlcranes.com\/da\/wp-json\/wp\/v2\/types\/product"}],"version-history":[{"count":4,"href":"https:\/\/www.hnhlcranes.com\/da\/wp-json\/wp\/v2\/product\/4814\/revisions"}],"predecessor-version":[{"id":6733,"href":"https:\/\/www.hnhlcranes.com\/da\/wp-json\/wp\/v2\/product\/4814\/revisions\/6733"}],"wp:featuredmedia":[{"embeddable":true,"href":"https:\/\/www.hnhlcranes.com\/da\/wp-json\/wp\/v2\/media\/6722"}],"wp:attachment":[{"href":"https:\/\/www.hnhlcranes.com\/da\/wp-json\/wp\/v2\/media?parent=4814"}],"wp:term":[{"taxonomy":"product_brand","embeddable":true,"href":"https:\/\/www.hnhlcranes.com\/da\/wp-json\/wp\/v2\/product_brand?post=4814"},{"taxonomy":"product_cat","embeddable":true,"href":"https:\/\/www.hnhlcranes.com\/da\/wp-json\/wp\/v2\/product_cat?post=4814"},{"taxonomy":"product_tag","embeddable":true,"href":"https:\/\/www.hnhlcranes.com\/da\/wp-json\/wp\/v2\/product_tag?post=4814"}],"curies":[{"name":"wp","href":"https:\/\/api.w.org\/{rel}","templated":true}]}}