{"id":5113,"date":"2024-11-09T23:40:32","date_gmt":"2024-11-09T15:40:32","guid":{"rendered":"https:\/\/www.hnhlcranes.com\/?post_type=product&#038;p=5113"},"modified":"2025-01-17T02:29:29","modified_gmt":"2025-01-16T18:29:29","slug":"zq-reduktion","status":"publish","type":"product","link":"https:\/\/www.hnhlcranes.com\/da\/produkt\/zq-reduktion\/","title":{"rendered":"ZQ-reduktion"},"content":{"rendered":"<h3><strong>Oversigt over ZQ-reduktionsgear<\/strong><\/h3>\n<ul>\n<li>Kranreduktionen bruges prim\u00e6rt i industrier som l\u00f8ft, minedrift, generelle kemikalier, tekstiler og let industri. Specifikt er den velegnet under f\u00f8lgende forhold:<\/li>\n<li>For det f\u00f8rste m\u00e5 gearkassens omdrejningshastighed ikke overstige 4 meter i sekundet. Derudover er hastigheden p\u00e5 gearkassens h\u00f8jhastighedsaksel begr\u00e6nset til maksimalt 1500 omdrejninger pr. minut.<\/li>\n<li>Desuden er gearkassen designet til b\u00e5de forl\u00e6ns og bagl\u00e6ns drift. N\u00e5r den er udstyret med en bagstop, bestemmes driftsretningen ved at inspicere udgangsakslens ende.<\/li>\n<li>Desuden g\u00e5r gearkassens driftstemperatur fra -40 \u00b0C til +40 \u00b0C, hvilket sikrer alsidighed i forskellige milj\u00f8er.<\/li>\n<li>Endelig tilbyder gearkassen ni forskellige gearudvekslinger, ni konfigurationstyper og tre typer akselender med lav hastighed, hvilket giver en bred vifte af tilpasningsmuligheder, der passer til specifikke applikationsbehov.<\/li>\n<\/ul>\n<h3><span style=\"font-size: 18pt; font-family: arial, helvetica, sans-serif;\"><strong>Dimensioner og monteringstyper for ZQ-reduktionen<\/strong><\/span><\/h3>\n<p><img fetchpriority=\"high\" decoding=\"async\" class=\"alignnone wp-image-7224\" src=\"https:\/\/www.hnhlcranes.com\/wp-content\/uploads\/2024\/11\/ZQ-Reducer-5-300x143.jpg\" alt=\"\" width=\"952\" height=\"454\" srcset=\"https:\/\/www.hnhlcranes.com\/wp-content\/uploads\/2024\/11\/ZQ-Reducer-5-300x143.jpg 300w, https:\/\/www.hnhlcranes.com\/wp-content\/uploads\/2024\/11\/ZQ-Reducer-5-768x366.jpg 768w, https:\/\/www.hnhlcranes.com\/wp-content\/uploads\/2024\/11\/ZQ-Reducer-5-600x286.jpg 600w, https:\/\/www.hnhlcranes.com\/wp-content\/uploads\/2024\/11\/ZQ-Reducer-5.jpg 1000w\" sizes=\"(max-width: 952px) 100vw, 952px\" \/><\/p>\n<p><img decoding=\"async\" class=\"alignnone wp-image-7225\" src=\"https:\/\/www.hnhlcranes.com\/wp-content\/uploads\/2024\/11\/ZQ-Reducer-6-300x121.jpg\" alt=\"\" width=\"952\" height=\"384\" srcset=\"https:\/\/www.hnhlcranes.com\/wp-content\/uploads\/2024\/11\/ZQ-Reducer-6-300x121.jpg 300w, https:\/\/www.hnhlcranes.com\/wp-content\/uploads\/2024\/11\/ZQ-Reducer-6-768x310.jpg 768w, https:\/\/www.hnhlcranes.com\/wp-content\/uploads\/2024\/11\/ZQ-Reducer-6-600x242.jpg 600w, https:\/\/www.hnhlcranes.com\/wp-content\/uploads\/2024\/11\/ZQ-Reducer-6.jpg 1000w\" sizes=\"(max-width: 952px) 100vw, 952px\" \/><\/p>\n<p><img decoding=\"async\" class=\"alignnone wp-image-7226\" src=\"https:\/\/www.hnhlcranes.com\/wp-content\/uploads\/2024\/11\/ZQ-Reducer-7-300x120.jpg\" alt=\"\" width=\"950\" height=\"380\" srcset=\"https:\/\/www.hnhlcranes.com\/wp-content\/uploads\/2024\/11\/ZQ-Reducer-7-300x120.jpg 300w, https:\/\/www.hnhlcranes.com\/wp-content\/uploads\/2024\/11\/ZQ-Reducer-7-768x308.jpg 768w, https:\/\/www.hnhlcranes.com\/wp-content\/uploads\/2024\/11\/ZQ-Reducer-7-600x241.jpg 600w, https:\/\/www.hnhlcranes.com\/wp-content\/uploads\/2024\/11\/ZQ-Reducer-7.jpg 1000w\" sizes=\"(max-width: 950px) 100vw, 950px\" \/><\/p>\n<p><img loading=\"lazy\" decoding=\"async\" class=\"alignnone wp-image-7227\" src=\"https:\/\/www.hnhlcranes.com\/wp-content\/uploads\/2024\/11\/ZQ-Reducer-8-300x69.jpg\" alt=\"\" width=\"952\" height=\"219\" srcset=\"https:\/\/www.hnhlcranes.com\/wp-content\/uploads\/2024\/11\/ZQ-Reducer-8-300x69.jpg 300w, https:\/\/www.hnhlcranes.com\/wp-content\/uploads\/2024\/11\/ZQ-Reducer-8-768x176.jpg 768w, https:\/\/www.hnhlcranes.com\/wp-content\/uploads\/2024\/11\/ZQ-Reducer-8-600x137.jpg 600w, https:\/\/www.hnhlcranes.com\/wp-content\/uploads\/2024\/11\/ZQ-Reducer-8.jpg 1000w\" sizes=\"(max-width: 952px) 100vw, 952px\" \/><\/p>\n<h3><span style=\"font-family: arial, helvetica, sans-serif; font-size: 18pt;\"><strong>Gear ratioer for <\/strong><\/span><span style=\"font-size: 18pt; font-family: arial, helvetica, sans-serif;\"><strong>ZQ-reduktion<\/strong><\/span><\/h3>\n<table style=\"width: 100%; border-style: solid; border-color: #000000;\" border=\"1\" cellspacing=\"0.5\">\n<tbody>\n<tr>\n<td style=\"text-align: center;\" width=\"220\"><span style=\"font-size: 10pt; font-family: arial, helvetica, sans-serif;\"><strong><b>Nominelt transmissionsforhold<\/b><\/strong><\/span><\/td>\n<td style=\"text-align: center;\" width=\"112\"><span style=\"font-size: 10pt; font-family: arial, helvetica, sans-serif;\"><strong><b>50<\/b><\/strong><\/span><\/td>\n<td style=\"text-align: center;\" width=\"92\"><span style=\"font-size: 10pt; font-family: arial, helvetica, sans-serif;\"><strong><b>40<\/b><\/strong><\/span><\/td>\n<td style=\"text-align: center;\" width=\"141\"><span style=\"font-size: 10pt; font-family: arial, helvetica, sans-serif;\"><strong><b>31.5<\/b><\/strong><\/span><\/td>\n<td style=\"text-align: center;\" width=\"141\"><span style=\"font-size: 10pt; font-family: arial, helvetica, sans-serif;\"><strong><b>25<\/b><\/strong><\/span><\/td>\n<td style=\"text-align: center;\" width=\"141\"><span style=\"font-size: 10pt; font-family: arial, helvetica, sans-serif;\"><strong><b>20<\/b><\/strong><\/span><\/td>\n<td style=\"text-align: center;\" width=\"141\"><span style=\"font-size: 10pt; font-family: arial, helvetica, sans-serif;\"><strong><b>16<\/b><\/strong><\/span><\/td>\n<td style=\"text-align: center;\" width=\"141\"><span style=\"font-size: 10pt; font-family: arial, helvetica, sans-serif;\"><strong><b>12.5<\/b><\/strong><\/span><\/td>\n<td style=\"text-align: center;\" width=\"141\"><span style=\"font-size: 10pt; font-family: arial, helvetica, sans-serif;\"><strong><b>10<\/b><\/strong><\/span><\/td>\n<td style=\"text-align: center;\" width=\"141\"><span style=\"font-size: 10pt; font-family: arial, helvetica, sans-serif;\"><strong><b>8<\/b><\/strong><\/span><\/td>\n<\/tr>\n<tr>\n<td style=\"text-align: center;\" width=\"220\"><span style=\"font-size: 10pt; font-family: arial, helvetica, sans-serif;\"><strong><b>Faktisk transmissionsforhold<\/b><\/strong><\/span><\/td>\n<td style=\"text-align: center;\" width=\"112\"><span style=\"font-size: 10pt; font-family: arial, helvetica, sans-serif;\"><strong><b>48.57<\/b><\/strong><\/span><\/td>\n<td style=\"text-align: center;\" width=\"92\"><span style=\"font-size: 10pt; font-family: arial, helvetica, sans-serif;\"><strong><b>40.17<\/b><\/strong><\/span><\/td>\n<td style=\"text-align: center;\" width=\"141\"><span style=\"font-size: 10pt; font-family: arial, helvetica, sans-serif;\"><strong><b>31.5<\/b><\/strong><\/span><\/td>\n<td style=\"text-align: center;\" width=\"141\"><span style=\"font-size: 10pt; font-family: arial, helvetica, sans-serif;\"><strong><b>23.34<\/b><\/strong><\/span><\/td>\n<td style=\"text-align: center;\" width=\"141\"><span style=\"font-size: 10pt; font-family: arial, helvetica, sans-serif;\"><strong><b>20.49<\/b><\/strong><\/span><\/td>\n<td style=\"text-align: center;\" width=\"141\"><span style=\"font-size: 10pt; font-family: arial, helvetica, sans-serif;\"><strong><b>15.75<\/b><\/strong><\/span><\/td>\n<td style=\"text-align: center;\" width=\"141\"><span style=\"font-size: 10pt; font-family: arial, helvetica, sans-serif;\"><strong><b>12.64<\/b><\/strong><\/span><\/td>\n<td style=\"text-align: center;\" width=\"141\"><span style=\"font-size: 10pt; font-family: arial, helvetica, sans-serif;\"><strong><b>10.35<\/b><\/strong><\/span><\/td>\n<td style=\"text-align: center;\" width=\"141\"><span style=\"font-size: 10pt; font-family: arial, helvetica, sans-serif;\"><strong><b>8.23<\/b><\/strong><\/span><\/td>\n<\/tr>\n<\/tbody>\n<\/table>\n<h3><strong><span style=\"font-family: arial, helvetica, sans-serif; font-size: 18pt;\">Indgangseffekt for <\/span><\/strong><span style=\"font-size: 18pt; font-family: arial, helvetica, sans-serif;\"><strong>ZQ-reduktion<\/strong><\/span><\/h3>\n<p><img loading=\"lazy\" decoding=\"async\" class=\"alignnone wp-image-7228\" src=\"https:\/\/www.hnhlcranes.com\/wp-content\/uploads\/2024\/11\/ZQ-Reducer-9-234x300.jpg\" alt=\"\" width=\"974\" height=\"1249\" srcset=\"https:\/\/www.hnhlcranes.com\/wp-content\/uploads\/2024\/11\/ZQ-Reducer-9-234x300.jpg 234w, https:\/\/www.hnhlcranes.com\/wp-content\/uploads\/2024\/11\/ZQ-Reducer-9-798x1024.jpg 798w, https:\/\/www.hnhlcranes.com\/wp-content\/uploads\/2024\/11\/ZQ-Reducer-9-768x985.jpg 768w, https:\/\/www.hnhlcranes.com\/wp-content\/uploads\/2024\/11\/ZQ-Reducer-9-600x770.jpg 600w, https:\/\/www.hnhlcranes.com\/wp-content\/uploads\/2024\/11\/ZQ-Reducer-9.jpg 1000w\" sizes=\"(max-width: 974px) 100vw, 974px\" \/><\/p>\n<p><img loading=\"lazy\" decoding=\"async\" class=\"alignnone wp-image-7229\" src=\"https:\/\/www.hnhlcranes.com\/wp-content\/uploads\/2024\/11\/ZQ-Reducer-10-234x300.jpg\" alt=\"\" width=\"964\" height=\"1236\" srcset=\"https:\/\/www.hnhlcranes.com\/wp-content\/uploads\/2024\/11\/ZQ-Reducer-10-234x300.jpg 234w, https:\/\/www.hnhlcranes.com\/wp-content\/uploads\/2024\/11\/ZQ-Reducer-10-798x1024.jpg 798w, https:\/\/www.hnhlcranes.com\/wp-content\/uploads\/2024\/11\/ZQ-Reducer-10-768x985.jpg 768w, https:\/\/www.hnhlcranes.com\/wp-content\/uploads\/2024\/11\/ZQ-Reducer-10-600x770.jpg 600w, https:\/\/www.hnhlcranes.com\/wp-content\/uploads\/2024\/11\/ZQ-Reducer-10.jpg 1000w\" sizes=\"(max-width: 964px) 100vw, 964px\" \/><\/p>\n<h3><strong><span style=\"font-family: arial, helvetica, sans-serif; font-size: 18pt;\">Aksial belastningskapacitet for <\/span><\/strong><span style=\"font-size: 18pt; font-family: arial, helvetica, sans-serif;\"><strong>ZQ-reduktion<\/strong><\/span><\/h3>\n<p><img loading=\"lazy\" decoding=\"async\" class=\"alignnone wp-image-7230\" src=\"https:\/\/www.hnhlcranes.com\/wp-content\/uploads\/2024\/11\/ZQ-Reducer-11-232x300.jpg\" alt=\"\" width=\"952\" height=\"1231\" srcset=\"https:\/\/www.hnhlcranes.com\/wp-content\/uploads\/2024\/11\/ZQ-Reducer-11-232x300.jpg 232w, https:\/\/www.hnhlcranes.com\/wp-content\/uploads\/2024\/11\/ZQ-Reducer-11-793x1024.jpg 793w, https:\/\/www.hnhlcranes.com\/wp-content\/uploads\/2024\/11\/ZQ-Reducer-11-768x992.jpg 768w, https:\/\/www.hnhlcranes.com\/wp-content\/uploads\/2024\/11\/ZQ-Reducer-11-600x775.jpg 600w, https:\/\/www.hnhlcranes.com\/wp-content\/uploads\/2024\/11\/ZQ-Reducer-11.jpg 1000w\" sizes=\"(max-width: 952px) 100vw, 952px\" \/><\/p>\n<p><img loading=\"lazy\" decoding=\"async\" class=\"alignnone wp-image-7231\" src=\"https:\/\/www.hnhlcranes.com\/wp-content\/uploads\/2024\/11\/ZQ-Reducer-12-229x300.jpg\" alt=\"\" width=\"954\" height=\"1250\" srcset=\"https:\/\/www.hnhlcranes.com\/wp-content\/uploads\/2024\/11\/ZQ-Reducer-12-229x300.jpg 229w, https:\/\/www.hnhlcranes.com\/wp-content\/uploads\/2024\/11\/ZQ-Reducer-12-600x787.jpg 600w\" sizes=\"(max-width: 954px) 100vw, 954px\" \/><\/p>","protected":false},"excerpt":{"rendered":"<p><strong>Parametre for ZQ-reduktionsgearet<\/strong>:<\/p>\n<ul>\n<li><strong>Specifikationer<\/strong>: ZQ250, ZQ350, ZQ400, ZQ500, ZQ650, ZQ750, ZQ850, ZQ1000<\/li>\n<li><strong>Gearforhold<\/strong>: 8, 10, 12.5, 16, 20, 25, 31.5, 40, 50<\/li>\n<li><strong>Monteringstyper<\/strong>: I, II, III, IV, V, VI, VII, VIII, IX<\/li>\n<li><strong>Tandens overfladeh\u00e5rdhed<\/strong>: ZQ, ZQA<\/li>\n<li><strong>Ikke-standardiseret tilpasning<\/strong>: Specialdesigns er tilg\u00e6ngelige. Du kan levere tegninger, og vi vil fremstille i henhold til de angivne dimensioner.<\/li>\n<\/ul>","protected":false},"featured_media":7222,"template":"","meta":{"_kad_post_transparent":"default","_kad_post_title":"","_kad_post_layout":"default","_kad_post_sidebar_id":"","_kad_post_content_style":"default","_kad_post_vertical_padding":"show","_kad_post_feature":"","_kad_post_feature_position":"","_kad_post_header":false,"_kad_post_footer":false},"product_brand":[],"product_cat":[55],"product_tag":[376,374,561,558,373,542,547,557,566,555,546,559,564,541,565,551,543,548,575,570,538,571,539,576,572,540,549,544,550,563,562,567,560,552,553,556,545,554,573,568,536,574,569,537],"class_list":{"0":"post-5113","1":"product","2":"type-product","3":"status-publish","4":"has-post-thumbnail","6":"product_cat-crane-reducer","7":"product_tag-china-crane-parts-supplier","8":"product_tag-crane-accessories","9":"product_tag-crane-decelerators","10":"product_tag-crane-gearbox","11":"product_tag-crane-parts","12":"product_tag-f-series-gear-motor","13":"product_tag-f-series-three-in-one-reducer","14":"product_tag-fem-standard-gear-motors","15":"product_tag-flender-reducer","16":"product_tag-gear-motor-for-crane-traveling","17":"product_tag-gear-motors","18":"product_tag-gear-reducer","19":"product_tag-gear-reducer-for-crane","20":"product_tag-h-series-gearbox","21":"product_tag-hard-tooth-surface-reducercrane-and-hoist-reducer","22":"product_tag-helical-gear-motor-r-series","23":"product_tag-k-series-gear-motor","24":"product_tag-k-series-three-in-one-reducer","25":"product_tag-qj-crane-reducer","26":"product_tag-qj-gearbox","27":"product_tag-qj-reducer","28":"product_tag-qj-l-gearbox","29":"product_tag-qj-l-reducer","30":"product_tag-qjy-crane-reducer","31":"product_tag-qjy-gearbox","32":"product_tag-qjy-reducer","33":"product_tag-r-series-crane-reducer","34":"product_tag-r-series-gear-motor","35":"product_tag-r-series-helical-gear-units","36":"product_tag-reducer-for-crane","37":"product_tag-reducer-gearbox","38":"product_tag-reducer-manufacturer","39":"product_tag-speed-reducer","40":"product_tag-three-in-one-reducer","41":"product_tag-travelling-machinery","42":"product_tag-travelling-machinery-frequency-inverter-motors","43":"product_tag-travelling-machinery-gear-motor","44":"product_tag-travelling-motor-with-gear","45":"product_tag-zq-crane-reducer","46":"product_tag-zq-gearbox","47":"product_tag-zq-reducer","48":"product_tag-zsc-crane-reducer","49":"product_tag-zsc-gearbox","50":"product_tag-zsc-reducer","52":"first","53":"instock","54":"featured","55":"shipping-taxable","56":"product-type-simple","57":"entry","58":"content-bg","59":"loop-entry"},"yoast_head":"<!-- This site is optimized with the Yoast SEO plugin v24.5 - https:\/\/yoast.com\/wordpress\/plugins\/seo\/ -->\n<title>ZQ Reducer - ZQ Crane Reducer- Crane Gearbox-Crane Parts Manufacturer<\/title>\n<meta name=\"description\" content=\"ZQ crane gearbox,Crane Gearbox,Crane Reducer,Crane Decelerators,Reducer gearbox,Reducer for crane,Gear Reducer For Crane,Reducer manufacture,ZQ Reducer\" \/>\n<meta name=\"robots\" content=\"index, follow, max-snippet:-1, max-image-preview:large, max-video-preview:-1\" \/>\n<link rel=\"canonical\" href=\"https:\/\/www.hnhlcranes.com\/da\/produkt\/zq-reduktion\/\" \/>\n<meta property=\"og:locale\" content=\"da_DK\" \/>\n<meta property=\"og:type\" content=\"article\" \/>\n<meta property=\"og:title\" content=\"ZQ Reducer - ZQ Crane Reducer- Crane Gearbox-Crane Parts Manufacturer\" \/>\n<meta property=\"og:description\" content=\"ZQ crane gearbox,Crane Gearbox,Crane Reducer,Crane Decelerators,Reducer gearbox,Reducer for crane,Gear Reducer For Crane,Reducer manufacture,ZQ Reducer\" \/>\n<meta property=\"og:url\" content=\"https:\/\/www.hnhlcranes.com\/da\/produkt\/zq-reduktion\/\" \/>\n<meta property=\"og:site_name\" content=\"Crane Parts Manufacturer\" \/>\n<meta property=\"article:modified_time\" content=\"2025-01-16T18:29:29+00:00\" \/>\n<meta property=\"og:image\" content=\"https:\/\/www.hnhlcranes.com\/wp-content\/uploads\/2024\/11\/ZQ-Reducer.jpg\" \/>\n\t<meta property=\"og:image:width\" content=\"600\" \/>\n\t<meta property=\"og:image:height\" content=\"600\" \/>\n\t<meta property=\"og:image:type\" content=\"image\/jpeg\" \/>\n<meta name=\"twitter:card\" content=\"summary_large_image\" \/>\n<meta name=\"twitter:label1\" content=\"Estimeret l\u00e6setid\" \/>\n\t<meta name=\"twitter:data1\" content=\"3 minutter\" \/>\n<script type=\"application\/ld+json\" class=\"yoast-schema-graph\">{\"@context\":\"https:\/\/schema.org\",\"@graph\":[{\"@type\":\"WebPage\",\"@id\":\"https:\/\/www.hnhlcranes.com\/product\/zq-reducer\/\",\"url\":\"https:\/\/www.hnhlcranes.com\/product\/zq-reducer\/\",\"name\":\"ZQ Reducer - ZQ Crane Reducer- Crane Gearbox-Crane Parts Manufacturer\",\"isPartOf\":{\"@id\":\"https:\/\/www.hnhlcranes.com\/#website\"},\"primaryImageOfPage\":{\"@id\":\"https:\/\/www.hnhlcranes.com\/product\/zq-reducer\/#primaryimage\"},\"image\":{\"@id\":\"https:\/\/www.hnhlcranes.com\/product\/zq-reducer\/#primaryimage\"},\"thumbnailUrl\":\"https:\/\/www.hnhlcranes.com\/wp-content\/uploads\/2024\/11\/ZQ-Reducer.jpg\",\"datePublished\":\"2024-11-09T15:40:32+00:00\",\"dateModified\":\"2025-01-16T18:29:29+00:00\",\"description\":\"ZQ crane gearbox,Crane Gearbox,Crane Reducer,Crane Decelerators,Reducer gearbox,Reducer for crane,Gear Reducer For Crane,Reducer manufacture,ZQ Reducer\",\"breadcrumb\":{\"@id\":\"https:\/\/www.hnhlcranes.com\/product\/zq-reducer\/#breadcrumb\"},\"inLanguage\":\"da-DK\",\"potentialAction\":[{\"@type\":\"ReadAction\",\"target\":[\"https:\/\/www.hnhlcranes.com\/product\/zq-reducer\/\"]}]},{\"@type\":\"ImageObject\",\"inLanguage\":\"da-DK\",\"@id\":\"https:\/\/www.hnhlcranes.com\/product\/zq-reducer\/#primaryimage\",\"url\":\"https:\/\/www.hnhlcranes.com\/wp-content\/uploads\/2024\/11\/ZQ-Reducer.jpg\",\"contentUrl\":\"https:\/\/www.hnhlcranes.com\/wp-content\/uploads\/2024\/11\/ZQ-Reducer.jpg\",\"width\":600,\"height\":600},{\"@type\":\"BreadcrumbList\",\"@id\":\"https:\/\/www.hnhlcranes.com\/product\/zq-reducer\/#breadcrumb\",\"itemListElement\":[{\"@type\":\"ListItem\",\"position\":1,\"name\":\"home\",\"item\":\"https:\/\/www.hnhlcranes.com\/\"},{\"@type\":\"ListItem\",\"position\":2,\"name\":\"products\",\"item\":\"https:\/\/www.hnhlcranes.com\/products\/\"},{\"@type\":\"ListItem\",\"position\":3,\"name\":\"ZQ Reducer\"}]},{\"@type\":\"WebSite\",\"@id\":\"https:\/\/www.hnhlcranes.com\/#website\",\"url\":\"https:\/\/www.hnhlcranes.com\/\",\"name\":\"Crane Parts Manufacturer\",\"description\":\"Crane Wheels,Crane Drums,Crane Hooks,Crane Coupling,Crane End Carriage,Electric Hoist,European Crane Parts,Crane Rail Clip,Crane Spreader,Crane Motor,Crane Reducer,Crane Brake,Light Crane Parts,Workstation Crane Parts,Crane Electrical Parts,China Crane Parts Supplier,China Crane Parts Manufacturer,Angle box type crane wheel,45 degree split crane wheel,European crane wheel,Crane Wheel Blocks,Overhead crane drum,European crane drum,Overhead crane hook,European crane hook,Crane pulley block,Gear coupling,Brake wheel coupling,Drum gear coupling,Brake wheel drum gear coupling,Cardan Shaft Coupling,WZL drum coupling,Plum blossom elastic coupling,Brake wheel plum elastic coupling,European Single girder crane end carriage,European Double girder crane end carriage,European Suspension  crane end carriage,Wire Rope Electric Hoist,Electric Chain Hoist,European Single Girder Wire Rope Electric Hoist,European Double Girder Wire Rope Electric Hoist,Crane grab,Container spreader,Billet crane clamps,C-type hook,Lifting Electromagnet,YZR crane motor,YZP crane motor,ZQ Reducer,ZSC Reducer,QJ Reducer,QJ-L Reducer,QJY Reducer,H series gearbox,F Series Gear Motor,K Series Gear Motor,R Series Gear Motor,travelling machinery gear motor,Electro hydraulic drum brake,Electro hydraulic disc brake,Crane Safety brake,Crane cable trolley,Crane remote controller,Crane pendant controller,Crane electrical control cabinet,Crane limit switch,Crane sound and light alarm,Heavy Duty Aviation Connector,Crane overload limiter\",\"publisher\":{\"@id\":\"https:\/\/www.hnhlcranes.com\/#organization\"},\"potentialAction\":[{\"@type\":\"SearchAction\",\"target\":{\"@type\":\"EntryPoint\",\"urlTemplate\":\"https:\/\/www.hnhlcranes.com\/?s={search_term_string}\"},\"query-input\":{\"@type\":\"PropertyValueSpecification\",\"valueRequired\":true,\"valueName\":\"search_term_string\"}}],\"inLanguage\":\"da-DK\"},{\"@type\":\"Organization\",\"@id\":\"https:\/\/www.hnhlcranes.com\/#organization\",\"name\":\"Crane Parts Manufacturer\",\"url\":\"https:\/\/www.hnhlcranes.com\/\",\"logo\":{\"@type\":\"ImageObject\",\"inLanguage\":\"da-DK\",\"@id\":\"https:\/\/www.hnhlcranes.com\/#\/schema\/logo\/image\/\",\"url\":\"https:\/\/www.hnhlcranes.com\/wp-content\/uploads\/2025\/01\/HL-logo-1.png\",\"contentUrl\":\"https:\/\/www.hnhlcranes.com\/wp-content\/uploads\/2025\/01\/HL-logo-1.png\",\"width\":600,\"height\":169,\"caption\":\"Crane Parts Manufacturer\"},\"image\":{\"@id\":\"https:\/\/www.hnhlcranes.com\/#\/schema\/logo\/image\/\"}}]}<\/script>\n<!-- \/ Yoast SEO plugin. -->","yoast_head_json":{"title":"ZQ Reducer - ZQ Crane Reducer- Crane Gearbox-Crane Parts Manufacturer","description":"ZQ crane gearbox,Crane Gearbox,Crane Reducer,Crane Decelerators,Reducer gearbox,Reducer for crane,Gear Reducer For Crane,Reducer manufacture,ZQ Reducer","robots":{"index":"index","follow":"follow","max-snippet":"max-snippet:-1","max-image-preview":"max-image-preview:large","max-video-preview":"max-video-preview:-1"},"canonical":"https:\/\/www.hnhlcranes.com\/da\/produkt\/zq-reduktion\/","og_locale":"da_DK","og_type":"article","og_title":"ZQ Reducer - ZQ Crane Reducer- Crane Gearbox-Crane Parts Manufacturer","og_description":"ZQ crane gearbox,Crane Gearbox,Crane Reducer,Crane Decelerators,Reducer gearbox,Reducer for crane,Gear Reducer For Crane,Reducer manufacture,ZQ Reducer","og_url":"https:\/\/www.hnhlcranes.com\/da\/produkt\/zq-reduktion\/","og_site_name":"Crane Parts Manufacturer","article_modified_time":"2025-01-16T18:29:29+00:00","og_image":[{"width":600,"height":600,"url":"https:\/\/www.hnhlcranes.com\/wp-content\/uploads\/2024\/11\/ZQ-Reducer.jpg","type":"image\/jpeg"}],"twitter_card":"summary_large_image","twitter_misc":{"Estimeret l\u00e6setid":"3 minutter"},"schema":{"@context":"https:\/\/schema.org","@graph":[{"@type":"WebPage","@id":"https:\/\/www.hnhlcranes.com\/product\/zq-reducer\/","url":"https:\/\/www.hnhlcranes.com\/product\/zq-reducer\/","name":"ZQ Reducer - ZQ Crane Reducer- Crane Gearbox-Crane Parts Manufacturer","isPartOf":{"@id":"https:\/\/www.hnhlcranes.com\/#website"},"primaryImageOfPage":{"@id":"https:\/\/www.hnhlcranes.com\/product\/zq-reducer\/#primaryimage"},"image":{"@id":"https:\/\/www.hnhlcranes.com\/product\/zq-reducer\/#primaryimage"},"thumbnailUrl":"https:\/\/www.hnhlcranes.com\/wp-content\/uploads\/2024\/11\/ZQ-Reducer.jpg","datePublished":"2024-11-09T15:40:32+00:00","dateModified":"2025-01-16T18:29:29+00:00","description":"ZQ crane gearbox,Crane Gearbox,Crane Reducer,Crane Decelerators,Reducer gearbox,Reducer for crane,Gear Reducer For Crane,Reducer manufacture,ZQ Reducer","breadcrumb":{"@id":"https:\/\/www.hnhlcranes.com\/product\/zq-reducer\/#breadcrumb"},"inLanguage":"da-DK","potentialAction":[{"@type":"ReadAction","target":["https:\/\/www.hnhlcranes.com\/product\/zq-reducer\/"]}]},{"@type":"ImageObject","inLanguage":"da-DK","@id":"https:\/\/www.hnhlcranes.com\/product\/zq-reducer\/#primaryimage","url":"https:\/\/www.hnhlcranes.com\/wp-content\/uploads\/2024\/11\/ZQ-Reducer.jpg","contentUrl":"https:\/\/www.hnhlcranes.com\/wp-content\/uploads\/2024\/11\/ZQ-Reducer.jpg","width":600,"height":600},{"@type":"BreadcrumbList","@id":"https:\/\/www.hnhlcranes.com\/product\/zq-reducer\/#breadcrumb","itemListElement":[{"@type":"ListItem","position":1,"name":"home","item":"https:\/\/www.hnhlcranes.com\/"},{"@type":"ListItem","position":2,"name":"products","item":"https:\/\/www.hnhlcranes.com\/products\/"},{"@type":"ListItem","position":3,"name":"ZQ Reducer"}]},{"@type":"WebSite","@id":"https:\/\/www.hnhlcranes.com\/#website","url":"https:\/\/www.hnhlcranes.com\/","name":"Crane Parts Manufacturer","description":"Crane Wheels,Crane Drums,Crane Hooks,Crane Coupling,Crane End Carriage,Electric Hoist,European Crane Parts,Crane Rail Clip,Crane Spreader,Crane Motor,Crane Reducer,Crane Brake,Light Crane Parts,Workstation Crane Parts,Crane Electrical Parts,China Crane Parts Supplier,China Crane Parts Manufacturer,Angle box type crane wheel,45 degree split crane wheel,European crane wheel,Crane Wheel Blocks,Overhead crane drum,European crane drum,Overhead crane hook,European crane hook,Crane pulley block,Gear coupling,Brake wheel coupling,Drum gear coupling,Brake wheel drum gear coupling,Cardan Shaft Coupling,WZL drum coupling,Plum blossom elastic coupling,Brake wheel plum elastic coupling,European Single girder crane end carriage,European Double girder crane end carriage,European Suspension  crane end carriage,Wire Rope Electric Hoist,Electric Chain Hoist,European Single Girder Wire Rope Electric Hoist,European Double Girder Wire Rope Electric Hoist,Crane grab,Container spreader,Billet crane clamps,C-type hook,Lifting Electromagnet,YZR crane motor,YZP crane motor,ZQ Reducer,ZSC Reducer,QJ Reducer,QJ-L Reducer,QJY Reducer,H series gearbox,F Series Gear Motor,K Series Gear Motor,R Series Gear Motor,travelling machinery gear motor,Electro hydraulic drum brake,Electro hydraulic disc brake,Crane Safety brake,Crane cable trolley,Crane remote controller,Crane pendant controller,Crane electrical control cabinet,Crane limit switch,Crane sound and light alarm,Heavy Duty Aviation Connector,Crane overload limiter","publisher":{"@id":"https:\/\/www.hnhlcranes.com\/#organization"},"potentialAction":[{"@type":"SearchAction","target":{"@type":"EntryPoint","urlTemplate":"https:\/\/www.hnhlcranes.com\/?s={search_term_string}"},"query-input":{"@type":"PropertyValueSpecification","valueRequired":true,"valueName":"search_term_string"}}],"inLanguage":"da-DK"},{"@type":"Organization","@id":"https:\/\/www.hnhlcranes.com\/#organization","name":"Crane Parts Manufacturer","url":"https:\/\/www.hnhlcranes.com\/","logo":{"@type":"ImageObject","inLanguage":"da-DK","@id":"https:\/\/www.hnhlcranes.com\/#\/schema\/logo\/image\/","url":"https:\/\/www.hnhlcranes.com\/wp-content\/uploads\/2025\/01\/HL-logo-1.png","contentUrl":"https:\/\/www.hnhlcranes.com\/wp-content\/uploads\/2025\/01\/HL-logo-1.png","width":600,"height":169,"caption":"Crane Parts Manufacturer"},"image":{"@id":"https:\/\/www.hnhlcranes.com\/#\/schema\/logo\/image\/"}}]}},"_links":{"self":[{"href":"https:\/\/www.hnhlcranes.com\/da\/wp-json\/wp\/v2\/product\/5113","targetHints":{"allow":["GET"]}}],"collection":[{"href":"https:\/\/www.hnhlcranes.com\/da\/wp-json\/wp\/v2\/product"}],"about":[{"href":"https:\/\/www.hnhlcranes.com\/da\/wp-json\/wp\/v2\/types\/product"}],"version-history":[{"count":4,"href":"https:\/\/www.hnhlcranes.com\/da\/wp-json\/wp\/v2\/product\/5113\/revisions"}],"predecessor-version":[{"id":7233,"href":"https:\/\/www.hnhlcranes.com\/da\/wp-json\/wp\/v2\/product\/5113\/revisions\/7233"}],"wp:featuredmedia":[{"embeddable":true,"href":"https:\/\/www.hnhlcranes.com\/da\/wp-json\/wp\/v2\/media\/7222"}],"wp:attachment":[{"href":"https:\/\/www.hnhlcranes.com\/da\/wp-json\/wp\/v2\/media?parent=5113"}],"wp:term":[{"taxonomy":"product_brand","embeddable":true,"href":"https:\/\/www.hnhlcranes.com\/da\/wp-json\/wp\/v2\/product_brand?post=5113"},{"taxonomy":"product_cat","embeddable":true,"href":"https:\/\/www.hnhlcranes.com\/da\/wp-json\/wp\/v2\/product_cat?post=5113"},{"taxonomy":"product_tag","embeddable":true,"href":"https:\/\/www.hnhlcranes.com\/da\/wp-json\/wp\/v2\/product_tag?post=5113"}],"curies":[{"name":"wp","href":"https:\/\/api.w.org\/{rel}","templated":true}]}}