{"id":5424,"date":"2024-11-25T23:05:17","date_gmt":"2024-11-25T15:05:17","guid":{"rendered":"https:\/\/www.hnhlcranes.com\/?post_type=product&#038;p=5424"},"modified":"2025-01-19T18:08:18","modified_gmt":"2025-01-19T10:08:18","slug":"krangreb","status":"publish","type":"product","link":"https:\/\/www.hnhlcranes.com\/da\/produkt\/krangreb\/","title":{"rendered":"Greb med kran"},"content":{"rendered":"<h6><span style=\"font-family: arial, helvetica, sans-serif; font-size: 18pt;\"><strong>Typer af krangreb og deres egenskaber<\/strong><\/span><\/h6>\n<h6><span style=\"font-family: arial, helvetica, sans-serif; font-size: 14pt;\"><strong>Greb med et enkelt reb<\/strong><\/span><\/h6>\n<ul>\n<li><strong>Mekanisme<\/strong>: Fungerer med en wire til at udf\u00f8re b\u00e5de l\u00f8ft og \u00e5bning\/lukning ved hj\u00e6lp af en s\u00e6rlig l\u00e5semekanisme.<\/li>\n<li><strong>Funktioner<\/strong>: Velegnet til kraner med en enkelt l\u00f8ftetromle (enkeltkrog), hvilket giver mulighed for problemfri \u00e5bning og lukning under lastning og losning. Let at montere og afmontere, hvilket g\u00f8r den velegnet til undervands- og landbaserede operationer som f.eks. gribning og stabling.<\/li>\n<li><strong>Begr\u00e6nsninger<\/strong>: Kan ikke \u00e5bnes i luften, undtagen for h\u00e5ndbetjente eller fjernstyrede typer.<\/li>\n<\/ul>\n<h6><span style=\"font-family: arial, helvetica, sans-serif; font-size: 14pt;\"><strong>Greb med dobbelt reb<\/strong><\/span><\/h6>\n<ul>\n<li><strong>Mekanisme<\/strong>: Designet til kraner med dobbelte l\u00f8ftemekanismer (et enkelt reb til hver tromle). Den bruger det ene reb til balance og det andet til at \u00e5bne og lukke grabben.<\/li>\n<li><strong>Funktioner<\/strong>:\n<ul>\n<li>Bruges ofte i havne, dokker og i byggeindustrien.<\/li>\n<li>F\u00e5s i lette, mellemtunge, tunge og ultratunge konfigurationer baseret p\u00e5 materialeegenskaber.<\/li>\n<li>Designet til h\u00e5ndtering af l\u00f8se materialer i l\u00f8s v\u00e6gt.<\/li>\n<\/ul>\n<\/li>\n<\/ul>\n<h6><span style=\"font-family: arial, helvetica, sans-serif; font-size: 14pt;\"><strong>Greb med fire reb<\/strong><\/span><\/h6>\n<ul>\n<li><strong>Mekanisme<\/strong>: Bruges til kraner med to s\u00e6t wiretromler. Den bruger to reb til st\u00f8tte og to til at \u00e5bne og lukke k\u00e6berne.<\/li>\n<li><strong>Anvendelser<\/strong>: Velegnet til opgaver som l\u00e6sning, afl\u00e6sning, stabling og tilf\u00f8rsel af materialer. Bruges ofte sammen med bro- eller portalkraner.<\/li>\n<li><strong>Tilpasning<\/strong>: Kan skr\u00e6ddersys med t\u00e6nder, parallelle bj\u00e6lker eller til undervandsoperationer baseret p\u00e5 brugerbehov og materialeegenskaber.<\/li>\n<\/ul>\n<h6><span style=\"font-family: arial, helvetica, sans-serif; font-size: 14pt;\"><strong>Greb med flere kl\u00f8er<\/strong><\/span><\/h6>\n<ul>\n<li><strong>Anvendelser<\/strong>: H\u00e5ndterer effektivt metalskrot, store faste materialer og affald i udfordrende milj\u00f8er som havne, jernbaner, metallurgi og byggeri.<\/li>\n<li><strong>Funktioner<\/strong>:\n<ul>\n<li>F\u00e5s i modeller med enkelt reb, dobbelt reb, fire reb og elektrisk.<\/li>\n<li>K\u00e6berne lukker individuelt baseret p\u00e5 materialets st\u00f8rrelse og form, hvilket sikrer effektiv h\u00e5ndtering.<\/li>\n<li>Designet med 4 til 8 k\u00e6ber, der kan tilpasses ud fra brugerkrav og materialeegenskaber.<\/li>\n<\/ul>\n<\/li>\n<\/ul>\n<h6><span style=\"font-family: arial, helvetica, sans-serif; font-size: 14pt;\"><strong>Tag fat i tr\u00e6stammen<\/strong><\/span><\/h6>\n<ul>\n<li><strong>Anvendelser<\/strong>: Specielt designet til h\u00e5ndtering af t\u00f8mmer p\u00e5 t\u00f8mmerpladser, store tr\u00e6bearbejdningsfabrikker, papirfabrikker og havne. Bruges til losning af skibe, stabling af tr\u00e6stammer og andre relaterede opgaver.<\/li>\n<li><strong>Funktioner<\/strong>:\n<ul>\n<li>F\u00e5s i modeller med enkelt reb, dobbelt reb, fire reb og elektrisk.<\/li>\n<li>Kan tilpasses til at opfylde specifikke brugerbehov.<\/li>\n<\/ul>\n<\/li>\n<\/ul>\n<h6><span style=\"font-family: arial, helvetica, sans-serif; font-size: 14pt;\"><strong>Motoriseret greb<\/strong><\/span><\/h6>\n<ul>\n<li><strong>Mekanisme<\/strong>: Udstyret med sin egen \u00e5bne-\/lukkemekanisme, der g\u00f8r det muligt at h\u00e5ndtere materialer i enhver h\u00f8jde.<\/li>\n<li><strong>Funktioner<\/strong>:\n<ul>\n<li>H\u00f8jere produktivitet sammenlignet med grabber med enkelt reb.<\/li>\n<li>Nem p\u00e5- og afmontering med h\u00f8j effektivitet ved p\u00e5- og afl\u00e6sning.<\/li>\n<li>Velegnet til h\u00e5ndtering af l\u00f8se bulkmaterialer.<\/li>\n<li>Kr\u00e6ver en kabeltromle til energiforsyning for h\u00f8jere l\u00f8fteh\u00f8jder.<\/li>\n<\/ul>\n<\/li>\n<li><strong>Begr\u00e6nsning<\/strong>: Ikke egnet til undervandsarbejde.<\/li>\n<\/ul>\n<h6><span style=\"font-family: arial, helvetica, sans-serif; font-size: 14pt;\"><strong>Elektrisk hydraulisk multiklo-grab<\/strong><\/span><\/h6>\n<ul>\n<li><strong>Anvendelser<\/strong>: Designet til h\u00e5ndtering af uregelm\u00e6ssige og store materialer som st\u00e5lskrot, r\u00e5jern, malm og affald i barske milj\u00f8er, hvilket effektivt erstatter manuelt arbejde.<\/li>\n<li><strong>Funktioner<\/strong>:\n<ul>\n<li>Udstyret med et uafh\u00e6ngigt hydraulisk system, der bruger komponenter af h\u00f8j kvalitet til fremragende ydeevne.<\/li>\n<li>Hver k\u00e6be drives af en separat hydraulisk cylinder, hvilket sikrer, at der ikke spildes materiale.<\/li>\n<li>Inkluderer et kabelstik p\u00e5 toppen for nem integration af kranen.<\/li>\n<li>F\u00e5s i flere konfigurationer: cirkul\u00e6re eller rektangul\u00e6re k\u00e6ber og lukkede, halv\u00e5bne eller \u00e5bne klo-designs.<\/li>\n<\/ul>\n<\/li>\n<\/ul>","protected":false},"excerpt":{"rendered":"<p>Singlr reb grab, Fire reb grab, Elektrohydraulisk multi-flap grab, Orange peel grab, Elektrisk motor grab, Elektro-hydraulisk clamshell grab<\/p>","protected":false},"featured_media":7139,"template":"","meta":{"_kad_post_transparent":"default","_kad_post_title":"","_kad_post_layout":"default","_kad_post_sidebar_id":"","_kad_post_content_style":"default","_kad_post_vertical_padding":"show","_kad_post_feature":"","_kad_post_feature_position":"","_kad_post_header":false,"_kad_post_footer":false},"product_brand":[],"product_cat":[59],"product_tag":[508,510,513,497,514,512,515,498,521,376,517,518,496,507,520,516,495,522,494,504,502,505,501,506,499,523,503,519,509,500,493,511],"class_list":{"0":"post-5424","1":"product","2":"type-product","3":"status-publish","4":"has-post-thumbnail","6":"product_cat-crane-spreader","7":"product_tag-20ft-container-spreader","8":"product_tag-40ft-container-lifting-frame","9":"product_tag-billet-clamps","10":"product_tag-billet-crane-clamp","11":"product_tag-billet-crane-clamps-manufacturer","12":"product_tag-billet-lifting-clamp","13":"product_tag-billet-lifting-clamps-china-supplier","14":"product_tag-c-type-hook","15":"product_tag-c-type-spreader","16":"product_tag-china-crane-parts-supplier","17":"product_tag-coil-c-type-hook","18":"product_tag-coil-hook","19":"product_tag-container-spreader","20":"product_tag-container-spreader-manufacturers","21":"product_tag-crane-c-hook","22":"product_tag-crane-c-type-spreader","23":"product_tag-crane-grab","24":"product_tag-crane-magnets","25":"product_tag-crane-spreader","26":"product_tag-electric-motor-grab","27":"product_tag-electro-hydraulic-multi-flap-grab","28":"product_tag-electro-hydraulicclamshell-grab","29":"product_tag-four-rope-grab","30":"product_tag-grab-manufacturers","31":"product_tag-lifting-electromagnet","32":"product_tag-lifting-electromagnet-spreader","33":"product_tag-orange-peel-grab","34":"product_tag-overhead-crane-steel-coil-c-type-hook","35":"product_tag-semi-automatic-container-spreader","36":"product_tag-singlr-rope-grab","37":"product_tag-special-crane-spreader","38":"product_tag-tec-container-spreader","40":"first","41":"instock","42":"featured","43":"shipping-taxable","44":"product-type-simple","45":"entry","46":"content-bg","47":"loop-entry"},"yoast_head":"<!-- This site is optimized with the Yoast SEO plugin v24.5 - https:\/\/yoast.com\/wordpress\/plugins\/seo\/ -->\n<title>Crane grab - Four rope grab-Electric motor grab-grab manufacturer- Crane Parts Manufacturer<\/title>\n<meta name=\"description\" content=\"Singlr rope grab,Four rope grab,Electro-hydraulic multi-flap grab,Orange peel grab,Electric motor grab,Electro-Hydraulicclamshell grab,Crane grab\" \/>\n<meta name=\"robots\" content=\"index, follow, max-snippet:-1, max-image-preview:large, max-video-preview:-1\" \/>\n<link rel=\"canonical\" href=\"https:\/\/www.hnhlcranes.com\/da\/produkt\/krangreb\/\" \/>\n<meta property=\"og:locale\" content=\"da_DK\" \/>\n<meta property=\"og:type\" content=\"article\" \/>\n<meta property=\"og:title\" content=\"Crane grab - Four rope grab-Electric motor grab-grab manufacturer- Crane Parts Manufacturer\" \/>\n<meta property=\"og:description\" content=\"Singlr rope grab,Four rope grab,Electro-hydraulic multi-flap grab,Orange peel grab,Electric motor grab,Electro-Hydraulicclamshell grab,Crane grab\" \/>\n<meta property=\"og:url\" content=\"https:\/\/www.hnhlcranes.com\/da\/produkt\/krangreb\/\" \/>\n<meta property=\"og:site_name\" content=\"Crane Parts Manufacturer\" \/>\n<meta property=\"article:modified_time\" content=\"2025-01-19T10:08:18+00:00\" \/>\n<meta property=\"og:image\" content=\"https:\/\/www.hnhlcranes.com\/wp-content\/uploads\/2024\/11\/Crane-grab.jpg\" \/>\n\t<meta property=\"og:image:width\" content=\"600\" \/>\n\t<meta property=\"og:image:height\" content=\"600\" \/>\n\t<meta property=\"og:image:type\" content=\"image\/jpeg\" \/>\n<meta name=\"twitter:card\" content=\"summary_large_image\" \/>\n<meta name=\"twitter:label1\" content=\"Estimeret l\u00e6setid\" \/>\n\t<meta name=\"twitter:data1\" content=\"3 minutter\" \/>\n<script type=\"application\/ld+json\" class=\"yoast-schema-graph\">{\"@context\":\"https:\/\/schema.org\",\"@graph\":[{\"@type\":\"WebPage\",\"@id\":\"https:\/\/www.hnhlcranes.com\/product\/crane-grab\/\",\"url\":\"https:\/\/www.hnhlcranes.com\/product\/crane-grab\/\",\"name\":\"Crane grab - Four rope grab-Electric motor grab-grab manufacturer- Crane Parts Manufacturer\",\"isPartOf\":{\"@id\":\"https:\/\/www.hnhlcranes.com\/#website\"},\"primaryImageOfPage\":{\"@id\":\"https:\/\/www.hnhlcranes.com\/product\/crane-grab\/#primaryimage\"},\"image\":{\"@id\":\"https:\/\/www.hnhlcranes.com\/product\/crane-grab\/#primaryimage\"},\"thumbnailUrl\":\"https:\/\/www.hnhlcranes.com\/wp-content\/uploads\/2024\/11\/Crane-grab.jpg\",\"datePublished\":\"2024-11-25T15:05:17+00:00\",\"dateModified\":\"2025-01-19T10:08:18+00:00\",\"description\":\"Singlr rope grab,Four rope grab,Electro-hydraulic multi-flap grab,Orange peel grab,Electric motor grab,Electro-Hydraulicclamshell grab,Crane grab\",\"breadcrumb\":{\"@id\":\"https:\/\/www.hnhlcranes.com\/product\/crane-grab\/#breadcrumb\"},\"inLanguage\":\"da-DK\",\"potentialAction\":[{\"@type\":\"ReadAction\",\"target\":[\"https:\/\/www.hnhlcranes.com\/product\/crane-grab\/\"]}]},{\"@type\":\"ImageObject\",\"inLanguage\":\"da-DK\",\"@id\":\"https:\/\/www.hnhlcranes.com\/product\/crane-grab\/#primaryimage\",\"url\":\"https:\/\/www.hnhlcranes.com\/wp-content\/uploads\/2024\/11\/Crane-grab.jpg\",\"contentUrl\":\"https:\/\/www.hnhlcranes.com\/wp-content\/uploads\/2024\/11\/Crane-grab.jpg\",\"width\":600,\"height\":600},{\"@type\":\"BreadcrumbList\",\"@id\":\"https:\/\/www.hnhlcranes.com\/product\/crane-grab\/#breadcrumb\",\"itemListElement\":[{\"@type\":\"ListItem\",\"position\":1,\"name\":\"home\",\"item\":\"https:\/\/www.hnhlcranes.com\/\"},{\"@type\":\"ListItem\",\"position\":2,\"name\":\"products\",\"item\":\"https:\/\/www.hnhlcranes.com\/products\/\"},{\"@type\":\"ListItem\",\"position\":3,\"name\":\"Crane grab\"}]},{\"@type\":\"WebSite\",\"@id\":\"https:\/\/www.hnhlcranes.com\/#website\",\"url\":\"https:\/\/www.hnhlcranes.com\/\",\"name\":\"Crane Parts Manufacturer\",\"description\":\"Crane Wheels,Crane Drums,Crane Hooks,Crane Coupling,Crane End Carriage,Electric Hoist,European Crane Parts,Crane Rail Clip,Crane Spreader,Crane Motor,Crane Reducer,Crane Brake,Light Crane Parts,Workstation Crane Parts,Crane Electrical Parts,China Crane Parts Supplier,China Crane Parts Manufacturer,Angle box type crane wheel,45 degree split crane wheel,European crane wheel,Crane Wheel Blocks,Overhead crane drum,European crane drum,Overhead crane hook,European crane hook,Crane pulley block,Gear coupling,Brake wheel coupling,Drum gear coupling,Brake wheel drum gear coupling,Cardan Shaft Coupling,WZL drum coupling,Plum blossom elastic coupling,Brake wheel plum elastic coupling,European Single girder crane end carriage,European Double girder crane end carriage,European Suspension  crane end carriage,Wire Rope Electric Hoist,Electric Chain Hoist,European Single Girder Wire Rope Electric Hoist,European Double Girder Wire Rope Electric Hoist,Crane grab,Container spreader,Billet crane clamps,C-type hook,Lifting Electromagnet,YZR crane motor,YZP crane motor,ZQ Reducer,ZSC Reducer,QJ Reducer,QJ-L Reducer,QJY Reducer,H series gearbox,F Series Gear Motor,K Series Gear Motor,R Series Gear Motor,travelling machinery gear motor,Electro hydraulic drum brake,Electro hydraulic disc brake,Crane Safety brake,Crane cable trolley,Crane remote controller,Crane pendant controller,Crane electrical control cabinet,Crane limit switch,Crane sound and light alarm,Heavy Duty Aviation Connector,Crane overload limiter\",\"publisher\":{\"@id\":\"https:\/\/www.hnhlcranes.com\/#organization\"},\"potentialAction\":[{\"@type\":\"SearchAction\",\"target\":{\"@type\":\"EntryPoint\",\"urlTemplate\":\"https:\/\/www.hnhlcranes.com\/?s={search_term_string}\"},\"query-input\":{\"@type\":\"PropertyValueSpecification\",\"valueRequired\":true,\"valueName\":\"search_term_string\"}}],\"inLanguage\":\"da-DK\"},{\"@type\":\"Organization\",\"@id\":\"https:\/\/www.hnhlcranes.com\/#organization\",\"name\":\"Crane Parts Manufacturer\",\"url\":\"https:\/\/www.hnhlcranes.com\/\",\"logo\":{\"@type\":\"ImageObject\",\"inLanguage\":\"da-DK\",\"@id\":\"https:\/\/www.hnhlcranes.com\/#\/schema\/logo\/image\/\",\"url\":\"https:\/\/www.hnhlcranes.com\/wp-content\/uploads\/2025\/01\/HL-logo-1.png\",\"contentUrl\":\"https:\/\/www.hnhlcranes.com\/wp-content\/uploads\/2025\/01\/HL-logo-1.png\",\"width\":600,\"height\":169,\"caption\":\"Crane Parts Manufacturer\"},\"image\":{\"@id\":\"https:\/\/www.hnhlcranes.com\/#\/schema\/logo\/image\/\"}}]}<\/script>\n<!-- \/ Yoast SEO plugin. -->","yoast_head_json":{"title":"Crane grab - Four rope grab-Electric motor grab-grab manufacturer- Crane Parts Manufacturer","description":"Singlr rope grab,Four rope grab,Electro-hydraulic multi-flap grab,Orange peel grab,Electric motor grab,Electro-Hydraulicclamshell grab,Crane grab","robots":{"index":"index","follow":"follow","max-snippet":"max-snippet:-1","max-image-preview":"max-image-preview:large","max-video-preview":"max-video-preview:-1"},"canonical":"https:\/\/www.hnhlcranes.com\/da\/produkt\/krangreb\/","og_locale":"da_DK","og_type":"article","og_title":"Crane grab - Four rope grab-Electric motor grab-grab manufacturer- Crane Parts Manufacturer","og_description":"Singlr rope grab,Four rope grab,Electro-hydraulic multi-flap grab,Orange peel grab,Electric motor grab,Electro-Hydraulicclamshell grab,Crane grab","og_url":"https:\/\/www.hnhlcranes.com\/da\/produkt\/krangreb\/","og_site_name":"Crane Parts Manufacturer","article_modified_time":"2025-01-19T10:08:18+00:00","og_image":[{"width":600,"height":600,"url":"https:\/\/www.hnhlcranes.com\/wp-content\/uploads\/2024\/11\/Crane-grab.jpg","type":"image\/jpeg"}],"twitter_card":"summary_large_image","twitter_misc":{"Estimeret l\u00e6setid":"3 minutter"},"schema":{"@context":"https:\/\/schema.org","@graph":[{"@type":"WebPage","@id":"https:\/\/www.hnhlcranes.com\/product\/crane-grab\/","url":"https:\/\/www.hnhlcranes.com\/product\/crane-grab\/","name":"Crane grab - Four rope grab-Electric motor grab-grab manufacturer- Crane Parts Manufacturer","isPartOf":{"@id":"https:\/\/www.hnhlcranes.com\/#website"},"primaryImageOfPage":{"@id":"https:\/\/www.hnhlcranes.com\/product\/crane-grab\/#primaryimage"},"image":{"@id":"https:\/\/www.hnhlcranes.com\/product\/crane-grab\/#primaryimage"},"thumbnailUrl":"https:\/\/www.hnhlcranes.com\/wp-content\/uploads\/2024\/11\/Crane-grab.jpg","datePublished":"2024-11-25T15:05:17+00:00","dateModified":"2025-01-19T10:08:18+00:00","description":"Singlr rope grab,Four rope grab,Electro-hydraulic multi-flap grab,Orange peel grab,Electric motor grab,Electro-Hydraulicclamshell grab,Crane grab","breadcrumb":{"@id":"https:\/\/www.hnhlcranes.com\/product\/crane-grab\/#breadcrumb"},"inLanguage":"da-DK","potentialAction":[{"@type":"ReadAction","target":["https:\/\/www.hnhlcranes.com\/product\/crane-grab\/"]}]},{"@type":"ImageObject","inLanguage":"da-DK","@id":"https:\/\/www.hnhlcranes.com\/product\/crane-grab\/#primaryimage","url":"https:\/\/www.hnhlcranes.com\/wp-content\/uploads\/2024\/11\/Crane-grab.jpg","contentUrl":"https:\/\/www.hnhlcranes.com\/wp-content\/uploads\/2024\/11\/Crane-grab.jpg","width":600,"height":600},{"@type":"BreadcrumbList","@id":"https:\/\/www.hnhlcranes.com\/product\/crane-grab\/#breadcrumb","itemListElement":[{"@type":"ListItem","position":1,"name":"home","item":"https:\/\/www.hnhlcranes.com\/"},{"@type":"ListItem","position":2,"name":"products","item":"https:\/\/www.hnhlcranes.com\/products\/"},{"@type":"ListItem","position":3,"name":"Crane grab"}]},{"@type":"WebSite","@id":"https:\/\/www.hnhlcranes.com\/#website","url":"https:\/\/www.hnhlcranes.com\/","name":"Crane Parts Manufacturer","description":"Crane Wheels,Crane Drums,Crane Hooks,Crane Coupling,Crane End Carriage,Electric Hoist,European Crane Parts,Crane Rail Clip,Crane Spreader,Crane Motor,Crane Reducer,Crane Brake,Light Crane Parts,Workstation Crane Parts,Crane Electrical Parts,China Crane Parts Supplier,China Crane Parts Manufacturer,Angle box type crane wheel,45 degree split crane wheel,European crane wheel,Crane Wheel Blocks,Overhead crane drum,European crane drum,Overhead crane hook,European crane hook,Crane pulley block,Gear coupling,Brake wheel coupling,Drum gear coupling,Brake wheel drum gear coupling,Cardan Shaft Coupling,WZL drum coupling,Plum blossom elastic coupling,Brake wheel plum elastic coupling,European Single girder crane end carriage,European Double girder crane end carriage,European Suspension  crane end carriage,Wire Rope Electric Hoist,Electric Chain Hoist,European Single Girder Wire Rope Electric Hoist,European Double Girder Wire Rope Electric Hoist,Crane grab,Container spreader,Billet crane clamps,C-type hook,Lifting Electromagnet,YZR crane motor,YZP crane motor,ZQ Reducer,ZSC Reducer,QJ Reducer,QJ-L Reducer,QJY Reducer,H series gearbox,F Series Gear Motor,K Series Gear Motor,R Series Gear Motor,travelling machinery gear motor,Electro hydraulic drum brake,Electro hydraulic disc brake,Crane Safety brake,Crane cable trolley,Crane remote controller,Crane pendant controller,Crane electrical control cabinet,Crane limit switch,Crane sound and light alarm,Heavy Duty Aviation Connector,Crane overload limiter","publisher":{"@id":"https:\/\/www.hnhlcranes.com\/#organization"},"potentialAction":[{"@type":"SearchAction","target":{"@type":"EntryPoint","urlTemplate":"https:\/\/www.hnhlcranes.com\/?s={search_term_string}"},"query-input":{"@type":"PropertyValueSpecification","valueRequired":true,"valueName":"search_term_string"}}],"inLanguage":"da-DK"},{"@type":"Organization","@id":"https:\/\/www.hnhlcranes.com\/#organization","name":"Crane Parts Manufacturer","url":"https:\/\/www.hnhlcranes.com\/","logo":{"@type":"ImageObject","inLanguage":"da-DK","@id":"https:\/\/www.hnhlcranes.com\/#\/schema\/logo\/image\/","url":"https:\/\/www.hnhlcranes.com\/wp-content\/uploads\/2025\/01\/HL-logo-1.png","contentUrl":"https:\/\/www.hnhlcranes.com\/wp-content\/uploads\/2025\/01\/HL-logo-1.png","width":600,"height":169,"caption":"Crane Parts Manufacturer"},"image":{"@id":"https:\/\/www.hnhlcranes.com\/#\/schema\/logo\/image\/"}}]}},"_links":{"self":[{"href":"https:\/\/www.hnhlcranes.com\/da\/wp-json\/wp\/v2\/product\/5424","targetHints":{"allow":["GET"]}}],"collection":[{"href":"https:\/\/www.hnhlcranes.com\/da\/wp-json\/wp\/v2\/product"}],"about":[{"href":"https:\/\/www.hnhlcranes.com\/da\/wp-json\/wp\/v2\/types\/product"}],"version-history":[{"count":3,"href":"https:\/\/www.hnhlcranes.com\/da\/wp-json\/wp\/v2\/product\/5424\/revisions"}],"predecessor-version":[{"id":7141,"href":"https:\/\/www.hnhlcranes.com\/da\/wp-json\/wp\/v2\/product\/5424\/revisions\/7141"}],"wp:featuredmedia":[{"embeddable":true,"href":"https:\/\/www.hnhlcranes.com\/da\/wp-json\/wp\/v2\/media\/7139"}],"wp:attachment":[{"href":"https:\/\/www.hnhlcranes.com\/da\/wp-json\/wp\/v2\/media?parent=5424"}],"wp:term":[{"taxonomy":"product_brand","embeddable":true,"href":"https:\/\/www.hnhlcranes.com\/da\/wp-json\/wp\/v2\/product_brand?post=5424"},{"taxonomy":"product_cat","embeddable":true,"href":"https:\/\/www.hnhlcranes.com\/da\/wp-json\/wp\/v2\/product_cat?post=5424"},{"taxonomy":"product_tag","embeddable":true,"href":"https:\/\/www.hnhlcranes.com\/da\/wp-json\/wp\/v2\/product_tag?post=5424"}],"curies":[{"name":"wp","href":"https:\/\/api.w.org\/{rel}","templated":true}]}}