{"id":5505,"date":"2024-11-28T14:51:15","date_gmt":"2024-11-28T06:51:15","guid":{"rendered":"https:\/\/www.hnhlcranes.com\/?post_type=product&#038;p=5505"},"modified":"2025-01-10T15:49:58","modified_gmt":"2025-01-10T07:49:58","slug":"wjk-skinneklemme","status":"publish","type":"product","link":"https:\/\/www.hnhlcranes.com\/da\/produkt\/wjk-skinneklemme\/","title":{"rendered":"WJK-skinneklip"},"content":{"rendered":"<h6><img fetchpriority=\"high\" decoding=\"async\" class=\"alignnone wp-image-7077\" src=\"https:\/\/www.hnhlcranes.com\/wp-content\/uploads\/2024\/11\/WJK-Rail-Clip-2-300x95.jpg\" alt=\"\" width=\"951\" height=\"301\" srcset=\"https:\/\/www.hnhlcranes.com\/wp-content\/uploads\/2024\/11\/WJK-Rail-Clip-2-300x95.jpg 300w, https:\/\/www.hnhlcranes.com\/wp-content\/uploads\/2024\/11\/WJK-Rail-Clip-2-768x242.jpg 768w, https:\/\/www.hnhlcranes.com\/wp-content\/uploads\/2024\/11\/WJK-Rail-Clip-2-600x189.jpg 600w, https:\/\/www.hnhlcranes.com\/wp-content\/uploads\/2024\/11\/WJK-Rail-Clip-2.jpg 800w\" sizes=\"(max-width: 951px) 100vw, 951px\" \/><\/h6>\n<h6><\/h6>\n<h3>Egenskaber ved WJK Rail Clip<\/h3>\n<p>Den <strong>WJK skinneklemme<\/strong> er specielt designet til brug med st\u00e5lbj\u00e6lker, og det har en l\u00f8ftekapacitet p\u00e5 350 tons pr. s\u00e6t, der best\u00e5r af syv komponenter i alt. Dette robuste design sikrer optimal ydeevne p\u00e5 tv\u00e6rs af en r\u00e6kke tunge opgaver.<\/p>\n<h4><strong>Svejsning af bundplade<\/strong><\/h4>\n<p>Den <strong>WJK bundplade<\/strong> svejses til flangen p\u00e5 kranbj\u00e6lken af st\u00e5l ved hj\u00e6lp af enten omgivende svejsninger p\u00e5 tre sider eller sidesvejsninger p\u00e5 to sider. Denne konfiguration sikrer, at den vandrette sidekraft fra kranen overf\u00f8res j\u00e6vnt til kranbj\u00e6lken. Derudover minimerer den strukturel sv\u00e6kkelse for\u00e5rsaget af overdreven boring p\u00e5 flangen, hvilket forbedrer kranbj\u00e6lkens tv\u00e6rsnitsb\u00e6rende kapacitet betydeligt.<\/p>\n<h4><strong>Forbindelse til kugleled<\/strong><\/h4>\n<p>Bundpladen er forbundet med den nederste ende af T-bolten via en <strong>Kugleled<\/strong>hvilket g\u00f8r det muligt for T-bolten at forblive vinkelret p\u00e5 det \u00f8verste d\u00e6ksel under sidev\u00e6rts kraftp\u00e5virkning. Dette forbindelsesdesign muligg\u00f8r ogs\u00e5 en let h\u00e6ldning. Resultatet er, at den laterale p\u00e5virkning fra kranen p\u00e5 skinnen, kranbj\u00e6lken og bremsesystemet mindskes effektivt, hvilket i sidste ende forl\u00e6nger disse komponenters strukturelle levetid.<\/p>\n<h4><strong>Plade til justering af m\u00e5lere<\/strong><\/h4>\n<p>Den <strong>WJK skinneklemmer<\/strong> har en <strong>plade til justering af m\u00e5lere<\/strong>, som giver mulighed for pr\u00e6cis finjustering af skinneprofilet. Denne funktion forbedrer ikke kun installationsn\u00f8jagtigheden, men reducerer ogs\u00e5 afvigelser i skinnens midterlinje. Desuden indeholder den en dobbelt selvl\u00e5sende mekanisme, der forhindrer, at den l\u00f8sner sig under drift, hvilket sikrer en stabil ydelse.<\/p>\n<h4><strong>Nem installation og vedligeholdelse<\/strong><\/h4>\n<p>Den <strong>T-bolte<\/strong> og <strong>\u00f8vre d\u00e6kplader<\/strong> af WJK-klemmerne kan nemt samles og adskilles, hvilket forenkler konstruktions- og vedligeholdelsesarbejdet betydeligt. Denne lette installation og vedligeholdelse betyder reduceret nedetid og \u00f8get driftseffektivitet.<\/p>\n<h4><strong>Kompatibilitet med skinnernes krumning<\/strong><\/h4>\n<p>Den <strong>\u00f8verste d\u00e6kplade<\/strong> er designet til at matche krumningen i skinnens tv\u00e6rsnit. Det sikrer, at skinnen sidder godt fast uden at hindre dens lille bev\u00e6gelse i l\u00e6ngderetningen. Derudover g\u00f8r denne funktion det lettere at svejse skinner i fuld l\u00e6ngde, hvilket g\u00f8r WJK-skinneclipsen alsidig i forskellige skinnekonfigurationer.<\/p>\n<h4><strong>Fast afstand mellem komponenterne<\/strong><\/h4>\n<p>Afstanden mellem de faste komponenter bestemmes ud fra kranens l\u00f8ftekapacitet. For kraner med belastninger \u2264275 t er afstanden 600 mm; men for kraner med belastninger &gt;275 t reduceres afstanden til 500 mm for at im\u00f8dekomme den \u00f8gede belastning.<\/p>\n<h4><strong>Kompatibilitet mellem svejsematerialer<\/strong><\/h4>\n<p>Den <strong>bunden af den faste komponent<\/strong> svejses til kranbj\u00e6lken ved hj\u00e6lp af elektrodemodeller, der er kompatible med materialet i forbindelseskomponenterne. For eksempel, <strong>E4303-elektroder<\/strong> bruges til <strong>Q235 st\u00e5l<\/strong>, mens <strong>E5015-elektroder<\/strong> foretr\u00e6kkes til <strong>Q345 st\u00e5l<\/strong> for at sikre en st\u00e6rk og p\u00e5lidelig binding.<\/p>\n<h4><strong>Svejsetyper baseret p\u00e5 kranopgaver<\/strong><\/h4>\n<p>Svejsetyperne afh\u00e6nger af kranens driftsniveau. For <strong>Mellemtunge kraner<\/strong>anvendes tosidede svejses\u00f8mme, mens <strong>kraftig<\/strong> (eller <strong>Supertungt arbejde<\/strong>) kraner kr\u00e6ver omgivende svejses\u00f8mme p\u00e5 tre sider for at klare de h\u00f8jere belastninger og sp\u00e6ndinger.<\/p>\n<h4><strong>Boltens tilsp\u00e6ndingsmoment<\/strong><\/h4>\n<p>For <strong>Mellemtunge kraner<\/strong> (Q \u2264 275t) er det maksimale bolttilsp\u00e6ndingsmoment sat til 150N-m, mens det for <strong>tunge kraner<\/strong>er tilsp\u00e6ndingsmomentet \u00f8get til 220N-m for at im\u00f8dekomme de h\u00f8jere kr\u00e6fter, der ud\u00f8ves under drift.<\/p>\n<h4><strong>Maksimal lateral kraft<\/strong><\/h4>\n<p>Den <strong>maksimal tilladt sidev\u00e6rts kraft<\/strong> for WJK-skinneklemmen er 45 kN. Det sikrer, at skinneklemmen kan modst\u00e5 betydelige sidekr\u00e6fter uden at g\u00e5 p\u00e5 kompromis med dens strukturelle integritet.<\/p>\n<p>Ved at inkorporere disse avancerede designfunktioner kan <strong>WJK skinneklemme<\/strong> sikrer en sikker, p\u00e5lidelig og holdbar forbindelse mellem kranen og skinnesystemet og forbedrer dermed den samlede driftseffektivitet og -sikkerhed.<\/p>","protected":false},"excerpt":{"rendered":"<h6><strong><span style=\"font-family: arial, helvetica, sans-serif; font-size: 14pt;\">Specifikationer for WJK Rail Clip<\/span><\/strong><\/h6>\n<ul>\n<li><strong>Modeller<\/strong>: WJK-TG38, WJK-TG43, WJK-TG50, WJK-TG60, WJK-QU70, WJK-QU80, WJK-QU100, WJK-QU120<\/li>\n<li><strong>Fastg\u00f8relsesmetode<\/strong>: Svejset bundplade<\/li>\n<\/ul>","protected":false},"featured_media":7075,"template":"","meta":{"_kad_post_transparent":"default","_kad_post_title":"","_kad_post_layout":"default","_kad_post_sidebar_id":"","_kad_post_content_style":"default","_kad_post_vertical_padding":"show","_kad_post_feature":"","_kad_post_feature_position":"","_kad_post_header":false,"_kad_post_footer":false},"product_brand":[],"product_cat":[83],"product_tag":[483,482,481,480,376,489,486,490,488,484,492,487,485,493,478,491,477,479],"class_list":{"0":"post-5505","1":"product","2":"type-product","3":"status-publish","4":"has-post-thumbnail","6":"product_cat-crane-rail-clip","7":"product_tag-05g525-rail-clip","8":"product_tag-cgbk-rail-clip","9":"product_tag-cgek-rail-clip","10":"product_tag-cgwk-rail-clip","11":"product_tag-china-crane-parts-supplier","12":"product_tag-crane-rail-clamp","13":"product_tag-crane-rail-clip","14":"product_tag-crane-rail-clip-supplier","15":"product_tag-crane-rail-fixing-device","16":"product_tag-hdgy-rail-clip","17":"product_tag-rail-connection-splint","18":"product_tag-rail-fixing-device","19":"product_tag-rail-joint","20":"product_tag-special-crane-spreader","21":"product_tag-swjk-rail-clip","22":"product_tag-tracks-jointing-plates","23":"product_tag-wjk-rail-clip","24":"product_tag-wjkc-rail-clip","26":"first","27":"instock","28":"shipping-taxable","29":"product-type-simple","30":"entry","31":"content-bg","32":"loop-entry"},"yoast_head":"<!-- This site is optimized with the Yoast SEO plugin v24.5 - https:\/\/yoast.com\/wordpress\/plugins\/seo\/ -->\n<title>WJK Rail Clip - WJK Rail Clips-Rail fixing device-Crane Rail Clamp-Crane Parts Manufacturer<\/title>\n<meta name=\"description\" content=\"Rail Clips,WJK Rail Clip,Crane Rail Clip,Rail fixing device,Crane Rail fixing device,crane Rail Clamp,SWJK Rail Clips,Overhead Crane Rail Clip\" \/>\n<meta name=\"robots\" content=\"index, follow, max-snippet:-1, max-image-preview:large, max-video-preview:-1\" \/>\n<link rel=\"canonical\" href=\"https:\/\/www.hnhlcranes.com\/da\/produkt\/wjk-skinneklemme\/\" \/>\n<meta property=\"og:locale\" content=\"da_DK\" \/>\n<meta property=\"og:type\" content=\"article\" \/>\n<meta property=\"og:title\" content=\"WJK Rail Clip - WJK Rail Clips-Rail fixing device-Crane Rail Clamp-Crane Parts Manufacturer\" \/>\n<meta property=\"og:description\" content=\"Rail Clips,WJK Rail Clip,Crane Rail Clip,Rail fixing device,Crane Rail fixing device,crane Rail Clamp,SWJK Rail Clips,Overhead Crane Rail Clip\" \/>\n<meta property=\"og:url\" content=\"https:\/\/www.hnhlcranes.com\/da\/produkt\/wjk-skinneklemme\/\" \/>\n<meta property=\"og:site_name\" content=\"Crane Parts Manufacturer\" \/>\n<meta property=\"article:modified_time\" content=\"2025-01-10T07:49:58+00:00\" \/>\n<meta property=\"og:image\" content=\"https:\/\/www.hnhlcranes.com\/wp-content\/uploads\/2024\/11\/WJK-Rail-Clip.jpg\" \/>\n\t<meta property=\"og:image:width\" content=\"600\" \/>\n\t<meta property=\"og:image:height\" content=\"600\" \/>\n\t<meta property=\"og:image:type\" content=\"image\/jpeg\" \/>\n<meta name=\"twitter:card\" content=\"summary_large_image\" \/>\n<meta name=\"twitter:label1\" content=\"Estimeret l\u00e6setid\" \/>\n\t<meta name=\"twitter:data1\" content=\"3 minutter\" \/>\n<script type=\"application\/ld+json\" class=\"yoast-schema-graph\">{\"@context\":\"https:\/\/schema.org\",\"@graph\":[{\"@type\":\"WebPage\",\"@id\":\"https:\/\/www.hnhlcranes.com\/product\/wjk-rail-clip\/\",\"url\":\"https:\/\/www.hnhlcranes.com\/product\/wjk-rail-clip\/\",\"name\":\"WJK Rail Clip - WJK Rail Clips-Rail fixing device-Crane Rail Clamp-Crane Parts Manufacturer\",\"isPartOf\":{\"@id\":\"https:\/\/www.hnhlcranes.com\/#website\"},\"primaryImageOfPage\":{\"@id\":\"https:\/\/www.hnhlcranes.com\/product\/wjk-rail-clip\/#primaryimage\"},\"image\":{\"@id\":\"https:\/\/www.hnhlcranes.com\/product\/wjk-rail-clip\/#primaryimage\"},\"thumbnailUrl\":\"https:\/\/www.hnhlcranes.com\/wp-content\/uploads\/2024\/11\/WJK-Rail-Clip.jpg\",\"datePublished\":\"2024-11-28T06:51:15+00:00\",\"dateModified\":\"2025-01-10T07:49:58+00:00\",\"description\":\"Rail Clips,WJK Rail Clip,Crane Rail Clip,Rail fixing device,Crane Rail fixing device,crane Rail Clamp,SWJK Rail Clips,Overhead Crane Rail Clip\",\"breadcrumb\":{\"@id\":\"https:\/\/www.hnhlcranes.com\/product\/wjk-rail-clip\/#breadcrumb\"},\"inLanguage\":\"da-DK\",\"potentialAction\":[{\"@type\":\"ReadAction\",\"target\":[\"https:\/\/www.hnhlcranes.com\/product\/wjk-rail-clip\/\"]}]},{\"@type\":\"ImageObject\",\"inLanguage\":\"da-DK\",\"@id\":\"https:\/\/www.hnhlcranes.com\/product\/wjk-rail-clip\/#primaryimage\",\"url\":\"https:\/\/www.hnhlcranes.com\/wp-content\/uploads\/2024\/11\/WJK-Rail-Clip.jpg\",\"contentUrl\":\"https:\/\/www.hnhlcranes.com\/wp-content\/uploads\/2024\/11\/WJK-Rail-Clip.jpg\",\"width\":600,\"height\":600},{\"@type\":\"BreadcrumbList\",\"@id\":\"https:\/\/www.hnhlcranes.com\/product\/wjk-rail-clip\/#breadcrumb\",\"itemListElement\":[{\"@type\":\"ListItem\",\"position\":1,\"name\":\"home\",\"item\":\"https:\/\/www.hnhlcranes.com\/\"},{\"@type\":\"ListItem\",\"position\":2,\"name\":\"products\",\"item\":\"https:\/\/www.hnhlcranes.com\/products\/\"},{\"@type\":\"ListItem\",\"position\":3,\"name\":\"WJK Rail Clip\"}]},{\"@type\":\"WebSite\",\"@id\":\"https:\/\/www.hnhlcranes.com\/#website\",\"url\":\"https:\/\/www.hnhlcranes.com\/\",\"name\":\"Crane Parts Manufacturer\",\"description\":\"Crane Wheels,Crane Drums,Crane Hooks,Crane Coupling,Crane End Carriage,Electric Hoist,European Crane Parts,Crane Rail Clip,Crane Spreader,Crane Motor,Crane Reducer,Crane Brake,Light Crane Parts,Workstation Crane Parts,Crane Electrical Parts,China Crane Parts Supplier,China Crane Parts Manufacturer,Angle box type crane wheel,45 degree split crane wheel,European crane wheel,Crane Wheel Blocks,Overhead crane drum,European crane drum,Overhead crane hook,European crane hook,Crane pulley block,Gear coupling,Brake wheel coupling,Drum gear coupling,Brake wheel drum gear coupling,Cardan Shaft Coupling,WZL drum coupling,Plum blossom elastic coupling,Brake wheel plum elastic coupling,European Single girder crane end carriage,European Double girder crane end carriage,European Suspension  crane end carriage,Wire Rope Electric Hoist,Electric Chain Hoist,European Single Girder Wire Rope Electric Hoist,European Double Girder Wire Rope Electric Hoist,Crane grab,Container spreader,Billet crane clamps,C-type hook,Lifting Electromagnet,YZR crane motor,YZP crane motor,ZQ Reducer,ZSC Reducer,QJ Reducer,QJ-L Reducer,QJY Reducer,H series gearbox,F Series Gear Motor,K Series Gear Motor,R Series Gear Motor,travelling machinery gear motor,Electro hydraulic drum brake,Electro hydraulic disc brake,Crane Safety brake,Crane cable trolley,Crane remote controller,Crane pendant controller,Crane electrical control cabinet,Crane limit switch,Crane sound and light alarm,Heavy Duty Aviation Connector,Crane overload limiter\",\"publisher\":{\"@id\":\"https:\/\/www.hnhlcranes.com\/#organization\"},\"potentialAction\":[{\"@type\":\"SearchAction\",\"target\":{\"@type\":\"EntryPoint\",\"urlTemplate\":\"https:\/\/www.hnhlcranes.com\/?s={search_term_string}\"},\"query-input\":{\"@type\":\"PropertyValueSpecification\",\"valueRequired\":true,\"valueName\":\"search_term_string\"}}],\"inLanguage\":\"da-DK\"},{\"@type\":\"Organization\",\"@id\":\"https:\/\/www.hnhlcranes.com\/#organization\",\"name\":\"Crane Parts Manufacturer\",\"url\":\"https:\/\/www.hnhlcranes.com\/\",\"logo\":{\"@type\":\"ImageObject\",\"inLanguage\":\"da-DK\",\"@id\":\"https:\/\/www.hnhlcranes.com\/#\/schema\/logo\/image\/\",\"url\":\"https:\/\/www.hnhlcranes.com\/wp-content\/uploads\/2025\/01\/HL-logo-1.png\",\"contentUrl\":\"https:\/\/www.hnhlcranes.com\/wp-content\/uploads\/2025\/01\/HL-logo-1.png\",\"width\":600,\"height\":169,\"caption\":\"Crane Parts Manufacturer\"},\"image\":{\"@id\":\"https:\/\/www.hnhlcranes.com\/#\/schema\/logo\/image\/\"}}]}<\/script>\n<!-- \/ Yoast SEO plugin. -->","yoast_head_json":{"title":"WJK Rail Clip - WJK Rail Clips-Rail fixing device-Crane Rail Clamp-Crane Parts Manufacturer","description":"Rail Clips,WJK Rail Clip,Crane Rail Clip,Rail fixing device,Crane Rail fixing device,crane Rail Clamp,SWJK Rail Clips,Overhead Crane Rail Clip","robots":{"index":"index","follow":"follow","max-snippet":"max-snippet:-1","max-image-preview":"max-image-preview:large","max-video-preview":"max-video-preview:-1"},"canonical":"https:\/\/www.hnhlcranes.com\/da\/produkt\/wjk-skinneklemme\/","og_locale":"da_DK","og_type":"article","og_title":"WJK Rail Clip - WJK Rail Clips-Rail fixing device-Crane Rail Clamp-Crane Parts Manufacturer","og_description":"Rail Clips,WJK Rail Clip,Crane Rail Clip,Rail fixing device,Crane Rail fixing device,crane Rail Clamp,SWJK Rail Clips,Overhead Crane Rail Clip","og_url":"https:\/\/www.hnhlcranes.com\/da\/produkt\/wjk-skinneklemme\/","og_site_name":"Crane Parts Manufacturer","article_modified_time":"2025-01-10T07:49:58+00:00","og_image":[{"width":600,"height":600,"url":"https:\/\/www.hnhlcranes.com\/wp-content\/uploads\/2024\/11\/WJK-Rail-Clip.jpg","type":"image\/jpeg"}],"twitter_card":"summary_large_image","twitter_misc":{"Estimeret l\u00e6setid":"3 minutter"},"schema":{"@context":"https:\/\/schema.org","@graph":[{"@type":"WebPage","@id":"https:\/\/www.hnhlcranes.com\/product\/wjk-rail-clip\/","url":"https:\/\/www.hnhlcranes.com\/product\/wjk-rail-clip\/","name":"WJK Rail Clip - WJK Rail Clips-Rail fixing device-Crane Rail Clamp-Crane Parts Manufacturer","isPartOf":{"@id":"https:\/\/www.hnhlcranes.com\/#website"},"primaryImageOfPage":{"@id":"https:\/\/www.hnhlcranes.com\/product\/wjk-rail-clip\/#primaryimage"},"image":{"@id":"https:\/\/www.hnhlcranes.com\/product\/wjk-rail-clip\/#primaryimage"},"thumbnailUrl":"https:\/\/www.hnhlcranes.com\/wp-content\/uploads\/2024\/11\/WJK-Rail-Clip.jpg","datePublished":"2024-11-28T06:51:15+00:00","dateModified":"2025-01-10T07:49:58+00:00","description":"Rail Clips,WJK Rail Clip,Crane Rail Clip,Rail fixing device,Crane Rail fixing device,crane Rail Clamp,SWJK Rail Clips,Overhead Crane Rail Clip","breadcrumb":{"@id":"https:\/\/www.hnhlcranes.com\/product\/wjk-rail-clip\/#breadcrumb"},"inLanguage":"da-DK","potentialAction":[{"@type":"ReadAction","target":["https:\/\/www.hnhlcranes.com\/product\/wjk-rail-clip\/"]}]},{"@type":"ImageObject","inLanguage":"da-DK","@id":"https:\/\/www.hnhlcranes.com\/product\/wjk-rail-clip\/#primaryimage","url":"https:\/\/www.hnhlcranes.com\/wp-content\/uploads\/2024\/11\/WJK-Rail-Clip.jpg","contentUrl":"https:\/\/www.hnhlcranes.com\/wp-content\/uploads\/2024\/11\/WJK-Rail-Clip.jpg","width":600,"height":600},{"@type":"BreadcrumbList","@id":"https:\/\/www.hnhlcranes.com\/product\/wjk-rail-clip\/#breadcrumb","itemListElement":[{"@type":"ListItem","position":1,"name":"home","item":"https:\/\/www.hnhlcranes.com\/"},{"@type":"ListItem","position":2,"name":"products","item":"https:\/\/www.hnhlcranes.com\/products\/"},{"@type":"ListItem","position":3,"name":"WJK Rail Clip"}]},{"@type":"WebSite","@id":"https:\/\/www.hnhlcranes.com\/#website","url":"https:\/\/www.hnhlcranes.com\/","name":"Crane Parts Manufacturer","description":"Crane Wheels,Crane Drums,Crane Hooks,Crane Coupling,Crane End Carriage,Electric Hoist,European Crane Parts,Crane Rail Clip,Crane Spreader,Crane Motor,Crane Reducer,Crane Brake,Light Crane Parts,Workstation Crane Parts,Crane Electrical Parts,China Crane Parts Supplier,China Crane Parts Manufacturer,Angle box type crane wheel,45 degree split crane wheel,European crane wheel,Crane Wheel Blocks,Overhead crane drum,European crane drum,Overhead crane hook,European crane hook,Crane pulley block,Gear coupling,Brake wheel coupling,Drum gear coupling,Brake wheel drum gear coupling,Cardan Shaft Coupling,WZL drum coupling,Plum blossom elastic coupling,Brake wheel plum elastic coupling,European Single girder crane end carriage,European Double girder crane end carriage,European Suspension  crane end carriage,Wire Rope Electric Hoist,Electric Chain Hoist,European Single Girder Wire Rope Electric Hoist,European Double Girder Wire Rope Electric Hoist,Crane grab,Container spreader,Billet crane clamps,C-type hook,Lifting Electromagnet,YZR crane motor,YZP crane motor,ZQ Reducer,ZSC Reducer,QJ Reducer,QJ-L Reducer,QJY Reducer,H series gearbox,F Series Gear Motor,K Series Gear Motor,R Series Gear Motor,travelling machinery gear motor,Electro hydraulic drum brake,Electro hydraulic disc brake,Crane Safety brake,Crane cable trolley,Crane remote controller,Crane pendant controller,Crane electrical control cabinet,Crane limit switch,Crane sound and light alarm,Heavy Duty Aviation Connector,Crane overload limiter","publisher":{"@id":"https:\/\/www.hnhlcranes.com\/#organization"},"potentialAction":[{"@type":"SearchAction","target":{"@type":"EntryPoint","urlTemplate":"https:\/\/www.hnhlcranes.com\/?s={search_term_string}"},"query-input":{"@type":"PropertyValueSpecification","valueRequired":true,"valueName":"search_term_string"}}],"inLanguage":"da-DK"},{"@type":"Organization","@id":"https:\/\/www.hnhlcranes.com\/#organization","name":"Crane Parts Manufacturer","url":"https:\/\/www.hnhlcranes.com\/","logo":{"@type":"ImageObject","inLanguage":"da-DK","@id":"https:\/\/www.hnhlcranes.com\/#\/schema\/logo\/image\/","url":"https:\/\/www.hnhlcranes.com\/wp-content\/uploads\/2025\/01\/HL-logo-1.png","contentUrl":"https:\/\/www.hnhlcranes.com\/wp-content\/uploads\/2025\/01\/HL-logo-1.png","width":600,"height":169,"caption":"Crane Parts Manufacturer"},"image":{"@id":"https:\/\/www.hnhlcranes.com\/#\/schema\/logo\/image\/"}}]}},"_links":{"self":[{"href":"https:\/\/www.hnhlcranes.com\/da\/wp-json\/wp\/v2\/product\/5505","targetHints":{"allow":["GET"]}}],"collection":[{"href":"https:\/\/www.hnhlcranes.com\/da\/wp-json\/wp\/v2\/product"}],"about":[{"href":"https:\/\/www.hnhlcranes.com\/da\/wp-json\/wp\/v2\/types\/product"}],"version-history":[{"count":7,"href":"https:\/\/www.hnhlcranes.com\/da\/wp-json\/wp\/v2\/product\/5505\/revisions"}],"predecessor-version":[{"id":7190,"href":"https:\/\/www.hnhlcranes.com\/da\/wp-json\/wp\/v2\/product\/5505\/revisions\/7190"}],"wp:featuredmedia":[{"embeddable":true,"href":"https:\/\/www.hnhlcranes.com\/da\/wp-json\/wp\/v2\/media\/7075"}],"wp:attachment":[{"href":"https:\/\/www.hnhlcranes.com\/da\/wp-json\/wp\/v2\/media?parent=5505"}],"wp:term":[{"taxonomy":"product_brand","embeddable":true,"href":"https:\/\/www.hnhlcranes.com\/da\/wp-json\/wp\/v2\/product_brand?post=5505"},{"taxonomy":"product_cat","embeddable":true,"href":"https:\/\/www.hnhlcranes.com\/da\/wp-json\/wp\/v2\/product_cat?post=5505"},{"taxonomy":"product_tag","embeddable":true,"href":"https:\/\/www.hnhlcranes.com\/da\/wp-json\/wp\/v2\/product_tag?post=5505"}],"curies":[{"name":"wp","href":"https:\/\/api.w.org\/{rel}","templated":true}]}}