{"id":5524,"date":"2024-11-29T21:45:30","date_gmt":"2024-11-29T13:45:30","guid":{"rendered":"https:\/\/www.hnhlcranes.com\/?post_type=product&#038;p=5524"},"modified":"2025-01-10T17:37:54","modified_gmt":"2025-01-10T09:37:54","slug":"cgwk-skinneklemme","status":"publish","type":"product","link":"https:\/\/www.hnhlcranes.com\/da\/produkt\/cgwk-skinneklemme\/","title":{"rendered":"CGWK skinneklemme"},"content":{"rendered":"<h6><img fetchpriority=\"high\" decoding=\"async\" class=\"alignnone wp-image-7096\" src=\"https:\/\/www.hnhlcranes.com\/wp-content\/uploads\/2024\/11\/CGWK-Rail-Clip-1-300x103.jpg\" alt=\"\" width=\"955\" height=\"328\" srcset=\"https:\/\/www.hnhlcranes.com\/wp-content\/uploads\/2024\/11\/CGWK-Rail-Clip-1-300x103.jpg 300w, https:\/\/www.hnhlcranes.com\/wp-content\/uploads\/2024\/11\/CGWK-Rail-Clip-1-768x263.jpg 768w, https:\/\/www.hnhlcranes.com\/wp-content\/uploads\/2024\/11\/CGWK-Rail-Clip-1-600x205.jpg 600w, https:\/\/www.hnhlcranes.com\/wp-content\/uploads\/2024\/11\/CGWK-Rail-Clip-1.jpg 1000w\" sizes=\"(max-width: 955px) 100vw, 955px\" \/><\/h6>\n<h3><strong>Egenskaber ved CGWK Rail Clip<\/strong><\/h3>\n<h4><strong>Svejsning af bundplade<\/strong><\/h4>\n<p>Den <strong>CGWK bundplade<\/strong> svejses til den \u00f8verste flange p\u00e5 kranens st\u00e5lbj\u00e6lke ved hj\u00e6lp af enten tosidede kants\u00f8mme eller tresidede wrap-around-s\u00f8mme. Det sikrer, at de vandrette sidekr\u00e6fter fra kranen overf\u00f8res j\u00e6vnt til kranbj\u00e6lken. Til geng\u00e6ld undg\u00e5r man de strukturelle svagheder, der typisk for\u00e5rsages af omfattende boring p\u00e5 bj\u00e6lkeflangen, hvilket forbedrer kransystemets overordnede stabilitet.<\/p>\n<h4><strong>Sf\u00e6risk h\u00e6ngslet forbindelse<\/strong><\/h4>\n<p>Bundpladen og den \u00f8verste sp\u00e6ndeplade er forbundet via et sf\u00e6risk h\u00e6ngsel. Dette design giver mulighed for let h\u00e6ldning under sidev\u00e6rts kr\u00e6fter, hvilket effektivt mindsker p\u00e5virkningen af vandrette kr\u00e6fter p\u00e5 kranbj\u00e6lken og bremsesystemerne. Som f\u00f8lge heraf hj\u00e6lper det med at forl\u00e6nge levetiden for b\u00e5de kranbj\u00e6lken og bremsesystemerne ved at reducere belastningen p\u00e5 disse komponenter.<\/p>\n<h4><strong>Positionering af n\u00e6rhed<\/strong><\/h4>\n<p>Den <strong>CGWK bundplade<\/strong> er strategisk placeret ca. 1 mm under skinnens nederste kant. Denne pr\u00e6cise placering begr\u00e6nser effektivt den laterale skinnebev\u00e6gelse, hvilket sikrer st\u00f8rre stabilitet og reducerer risikoen for, at skinnen forskydes under drift.<\/p>\n<h4><strong>S\u00e6rlige bolte for stabilitet<\/strong><\/h4>\n<p>For at optimere belastningsfordelingen p\u00e5 fastg\u00f8relseskomponenterne bruges der specielle bolte. Disse bolte forbedrer systemets overordnede stabilitet, og den \u00f8verste sp\u00e6ndeplade kan nemt fjernes. Denne designfunktion forenkler installation og vedligeholdelse betydeligt, hvilket g\u00f8r systemet mere brugervenligt og omkostningseffektivt.<\/p>\n<h4><strong>Materiale og styrke<\/strong><\/h4>\n<p>Alle fastg\u00f8relseskomponenter er fremstillet af lavlegeret h\u00f8jstyrkest\u00e5l, hvilket sikrer holdbarhed og styrke. M20-styrkeboltene i klasse 8.8 sp\u00e6ndes med et moment p\u00e5 220N-m, hvilket giver en robust og sikker fastg\u00f8relse. Derudover kan systemet modst\u00e5 en maksimal sidev\u00e6rts kraft p\u00e5 65 kN ved hvert hjulbelastningspunkt, hvilket sikrer dets p\u00e5lidelighed i kr\u00e6vende kranoperationer.<\/p>\n<h3><strong>Installationsvejledning til CGWK-skinneklip<\/strong><\/h3>\n<h4><strong>Justering af skinner<\/strong><\/h4>\n<p>F\u00f8r installationen p\u00e5begyndes, er det vigtigt at justere skinnen i henhold til designspecifikationerne. Dette trin er afg\u00f8rende for at sikre korrekt placering af skinnen og korrekt funktion af hele systemet.<\/p>\n<h4><strong>Placering af bundplade<\/strong><\/h4>\n<p>Placer derefter bundpladerne langs skinneretningen med intervaller p\u00e5 500 mm. S\u00f8rg desuden for, at den vinkelrette afstand fra boltens centrum til skinnens centrum (v\u00e6rdi a) er korrekt placeret for at sikre korrekt justering og funktionalitet.<\/p>\n<h4><strong>Svejsning af bundplade<\/strong><\/h4>\n<p>N\u00e5r bundpladerne er placeret, skal du svejse bundpladen til kranbj\u00e6lken ved hj\u00e6lp af den angivne svejsemetode (enten tosidet eller tresidet svejsning). Dette trin fastg\u00f8r bundpladerne til kranbj\u00e6lken og danner et stabilt fundament for skinneclipsene.<\/p>\n<h4><strong>Samling af komponenter<\/strong><\/h4>\n<p>For at samle <strong>CGWK skinneklemme<\/strong>F\u00f8lg disse trin i den r\u00e6kkef\u00f8lge, der er beskrevet nedenfor:<\/p>\n<ul>\n<li>Placer boltene for at fastg\u00f8re komponenterne.<\/li>\n<li>Placer den \u00f8verste sp\u00e6ndeplade p\u00e5 bundpladen.<\/li>\n<li>S\u00e6t flade skiver, fjederskiver og m\u00f8trikker p\u00e5 boltene.<\/li>\n<li>Til sidst sp\u00e6ndes m\u00f8trikkerne med et moment p\u00e5 220N-m, s\u00e5 systemet er sikkert samlet og klar til brug.<\/li>\n<\/ul>\n<p>Ved at f\u00f8lge disse instruktioner kan <strong>CGWK skinneklemme<\/strong> Systemet installeres effektivt og giver en p\u00e5lidelig og holdbar l\u00f8sning til fastg\u00f8relse af kranskinner. Det pr\u00e6cise design, brugen af materialer med h\u00f8j styrke og den nemme installation g\u00f8r det til et ideelt valg til kr\u00e6vende industrielle anvendelser.<\/p>","protected":false},"excerpt":{"rendered":"<h6><span style=\"font-family: arial, helvetica, sans-serif; font-size: 14pt;\"><strong>Specifikationer for CGWK Rail Clip<\/strong><\/span><\/h6>\n<ul>\n<li><strong>Modeller<\/strong>: CGWK38, CGWK43, CGWK50, CGWK60, CGWK70, CGWK80, CGWK100, CGWK120<\/li>\n<li><strong>Fastg\u00f8relsesmetode<\/strong>: Svejset bundplade<\/li>\n<\/ul>","protected":false},"featured_media":7094,"template":"","meta":{"_kad_post_transparent":"default","_kad_post_title":"","_kad_post_layout":"default","_kad_post_sidebar_id":"","_kad_post_content_style":"default","_kad_post_vertical_padding":"show","_kad_post_feature":"","_kad_post_feature_position":"","_kad_post_header":false,"_kad_post_footer":false},"product_brand":[],"product_cat":[83],"product_tag":[483,482,481,480,376,489,486,490,488,484,492,487,485,493,478,491,477,479],"class_list":{"0":"post-5524","1":"product","2":"type-product","3":"status-publish","4":"has-post-thumbnail","6":"product_cat-crane-rail-clip","7":"product_tag-05g525-rail-clip","8":"product_tag-cgbk-rail-clip","9":"product_tag-cgek-rail-clip","10":"product_tag-cgwk-rail-clip","11":"product_tag-china-crane-parts-supplier","12":"product_tag-crane-rail-clamp","13":"product_tag-crane-rail-clip","14":"product_tag-crane-rail-clip-supplier","15":"product_tag-crane-rail-fixing-device","16":"product_tag-hdgy-rail-clip","17":"product_tag-rail-connection-splint","18":"product_tag-rail-fixing-device","19":"product_tag-rail-joint","20":"product_tag-special-crane-spreader","21":"product_tag-swjk-rail-clip","22":"product_tag-tracks-jointing-plates","23":"product_tag-wjk-rail-clip","24":"product_tag-wjkc-rail-clip","26":"first","27":"instock","28":"shipping-taxable","29":"product-type-simple","30":"entry","31":"content-bg","32":"loop-entry"},"yoast_head":"<!-- This site is optimized with the Yoast SEO plugin v24.5 - https:\/\/yoast.com\/wordpress\/plugins\/seo\/ -->\n<title>CGWK Rail Clip - Rail fixing device- Rail Clamp-Crane Parts Manufacturer<\/title>\n<meta name=\"description\" content=\"Rail Clips,CGWK Rail Clip,Crane Rail Clips,Rail fixing device,Crane Rail fixing device,crane Rail Clamp,WJK Rail Clips,Overhead Crane Rail Clip\" \/>\n<meta name=\"robots\" content=\"index, follow, max-snippet:-1, max-image-preview:large, max-video-preview:-1\" \/>\n<link rel=\"canonical\" href=\"https:\/\/www.hnhlcranes.com\/da\/produkt\/cgwk-skinneklemme\/\" \/>\n<meta property=\"og:locale\" content=\"da_DK\" \/>\n<meta property=\"og:type\" content=\"article\" \/>\n<meta property=\"og:title\" content=\"CGWK Rail Clip - Rail fixing device- Rail Clamp-Crane Parts Manufacturer\" \/>\n<meta property=\"og:description\" content=\"Rail Clips,CGWK Rail Clip,Crane Rail Clips,Rail fixing device,Crane Rail fixing device,crane Rail Clamp,WJK Rail Clips,Overhead Crane Rail Clip\" \/>\n<meta property=\"og:url\" content=\"https:\/\/www.hnhlcranes.com\/da\/produkt\/cgwk-skinneklemme\/\" \/>\n<meta property=\"og:site_name\" content=\"Crane Parts Manufacturer\" \/>\n<meta property=\"article:modified_time\" content=\"2025-01-10T09:37:54+00:00\" \/>\n<meta property=\"og:image\" content=\"https:\/\/www.hnhlcranes.com\/wp-content\/uploads\/2024\/11\/CGWK-Rail-Clip.jpg\" \/>\n\t<meta property=\"og:image:width\" content=\"600\" \/>\n\t<meta property=\"og:image:height\" content=\"600\" \/>\n\t<meta property=\"og:image:type\" content=\"image\/jpeg\" \/>\n<meta name=\"twitter:card\" content=\"summary_large_image\" \/>\n<meta name=\"twitter:label1\" content=\"Estimeret l\u00e6setid\" \/>\n\t<meta name=\"twitter:data1\" content=\"3 minutter\" \/>\n<script type=\"application\/ld+json\" class=\"yoast-schema-graph\">{\"@context\":\"https:\/\/schema.org\",\"@graph\":[{\"@type\":\"WebPage\",\"@id\":\"https:\/\/www.hnhlcranes.com\/product\/cgwk-rail-clip\/\",\"url\":\"https:\/\/www.hnhlcranes.com\/product\/cgwk-rail-clip\/\",\"name\":\"CGWK Rail Clip - Rail fixing device- Rail Clamp-Crane Parts Manufacturer\",\"isPartOf\":{\"@id\":\"https:\/\/www.hnhlcranes.com\/#website\"},\"primaryImageOfPage\":{\"@id\":\"https:\/\/www.hnhlcranes.com\/product\/cgwk-rail-clip\/#primaryimage\"},\"image\":{\"@id\":\"https:\/\/www.hnhlcranes.com\/product\/cgwk-rail-clip\/#primaryimage\"},\"thumbnailUrl\":\"https:\/\/www.hnhlcranes.com\/wp-content\/uploads\/2024\/11\/CGWK-Rail-Clip.jpg\",\"datePublished\":\"2024-11-29T13:45:30+00:00\",\"dateModified\":\"2025-01-10T09:37:54+00:00\",\"description\":\"Rail Clips,CGWK Rail Clip,Crane Rail Clips,Rail fixing device,Crane Rail fixing device,crane Rail Clamp,WJK Rail Clips,Overhead Crane Rail Clip\",\"breadcrumb\":{\"@id\":\"https:\/\/www.hnhlcranes.com\/product\/cgwk-rail-clip\/#breadcrumb\"},\"inLanguage\":\"da-DK\",\"potentialAction\":[{\"@type\":\"ReadAction\",\"target\":[\"https:\/\/www.hnhlcranes.com\/product\/cgwk-rail-clip\/\"]}]},{\"@type\":\"ImageObject\",\"inLanguage\":\"da-DK\",\"@id\":\"https:\/\/www.hnhlcranes.com\/product\/cgwk-rail-clip\/#primaryimage\",\"url\":\"https:\/\/www.hnhlcranes.com\/wp-content\/uploads\/2024\/11\/CGWK-Rail-Clip.jpg\",\"contentUrl\":\"https:\/\/www.hnhlcranes.com\/wp-content\/uploads\/2024\/11\/CGWK-Rail-Clip.jpg\",\"width\":600,\"height\":600},{\"@type\":\"BreadcrumbList\",\"@id\":\"https:\/\/www.hnhlcranes.com\/product\/cgwk-rail-clip\/#breadcrumb\",\"itemListElement\":[{\"@type\":\"ListItem\",\"position\":1,\"name\":\"home\",\"item\":\"https:\/\/www.hnhlcranes.com\/\"},{\"@type\":\"ListItem\",\"position\":2,\"name\":\"products\",\"item\":\"https:\/\/www.hnhlcranes.com\/products\/\"},{\"@type\":\"ListItem\",\"position\":3,\"name\":\"CGWK Rail Clip\"}]},{\"@type\":\"WebSite\",\"@id\":\"https:\/\/www.hnhlcranes.com\/#website\",\"url\":\"https:\/\/www.hnhlcranes.com\/\",\"name\":\"Crane Parts Manufacturer\",\"description\":\"Crane Wheels,Crane Drums,Crane Hooks,Crane Coupling,Crane End Carriage,Electric Hoist,European Crane Parts,Crane Rail Clip,Crane Spreader,Crane Motor,Crane Reducer,Crane Brake,Light Crane Parts,Workstation Crane Parts,Crane Electrical Parts,China Crane Parts Supplier,China Crane Parts Manufacturer,Angle box type crane wheel,45 degree split crane wheel,European crane wheel,Crane Wheel Blocks,Overhead crane drum,European crane drum,Overhead crane hook,European crane hook,Crane pulley block,Gear coupling,Brake wheel coupling,Drum gear coupling,Brake wheel drum gear coupling,Cardan Shaft Coupling,WZL drum coupling,Plum blossom elastic coupling,Brake wheel plum elastic coupling,European Single girder crane end carriage,European Double girder crane end carriage,European Suspension  crane end carriage,Wire Rope Electric Hoist,Electric Chain Hoist,European Single Girder Wire Rope Electric Hoist,European Double Girder Wire Rope Electric Hoist,Crane grab,Container spreader,Billet crane clamps,C-type hook,Lifting Electromagnet,YZR crane motor,YZP crane motor,ZQ Reducer,ZSC Reducer,QJ Reducer,QJ-L Reducer,QJY Reducer,H series gearbox,F Series Gear Motor,K Series Gear Motor,R Series Gear Motor,travelling machinery gear motor,Electro hydraulic drum brake,Electro hydraulic disc brake,Crane Safety brake,Crane cable trolley,Crane remote controller,Crane pendant controller,Crane electrical control cabinet,Crane limit switch,Crane sound and light alarm,Heavy Duty Aviation Connector,Crane overload limiter\",\"publisher\":{\"@id\":\"https:\/\/www.hnhlcranes.com\/#organization\"},\"potentialAction\":[{\"@type\":\"SearchAction\",\"target\":{\"@type\":\"EntryPoint\",\"urlTemplate\":\"https:\/\/www.hnhlcranes.com\/?s={search_term_string}\"},\"query-input\":{\"@type\":\"PropertyValueSpecification\",\"valueRequired\":true,\"valueName\":\"search_term_string\"}}],\"inLanguage\":\"da-DK\"},{\"@type\":\"Organization\",\"@id\":\"https:\/\/www.hnhlcranes.com\/#organization\",\"name\":\"Crane Parts Manufacturer\",\"url\":\"https:\/\/www.hnhlcranes.com\/\",\"logo\":{\"@type\":\"ImageObject\",\"inLanguage\":\"da-DK\",\"@id\":\"https:\/\/www.hnhlcranes.com\/#\/schema\/logo\/image\/\",\"url\":\"https:\/\/www.hnhlcranes.com\/wp-content\/uploads\/2025\/01\/HL-logo-1.png\",\"contentUrl\":\"https:\/\/www.hnhlcranes.com\/wp-content\/uploads\/2025\/01\/HL-logo-1.png\",\"width\":600,\"height\":169,\"caption\":\"Crane Parts Manufacturer\"},\"image\":{\"@id\":\"https:\/\/www.hnhlcranes.com\/#\/schema\/logo\/image\/\"}}]}<\/script>\n<!-- \/ Yoast SEO plugin. -->","yoast_head_json":{"title":"CGWK Rail Clip - Rail fixing device- Rail Clamp-Crane Parts Manufacturer","description":"Rail Clips,CGWK Rail Clip,Crane Rail Clips,Rail fixing device,Crane Rail fixing device,crane Rail Clamp,WJK Rail Clips,Overhead Crane Rail Clip","robots":{"index":"index","follow":"follow","max-snippet":"max-snippet:-1","max-image-preview":"max-image-preview:large","max-video-preview":"max-video-preview:-1"},"canonical":"https:\/\/www.hnhlcranes.com\/da\/produkt\/cgwk-skinneklemme\/","og_locale":"da_DK","og_type":"article","og_title":"CGWK Rail Clip - Rail fixing device- Rail Clamp-Crane Parts Manufacturer","og_description":"Rail Clips,CGWK Rail Clip,Crane Rail Clips,Rail fixing device,Crane Rail fixing device,crane Rail Clamp,WJK Rail Clips,Overhead Crane Rail Clip","og_url":"https:\/\/www.hnhlcranes.com\/da\/produkt\/cgwk-skinneklemme\/","og_site_name":"Crane Parts Manufacturer","article_modified_time":"2025-01-10T09:37:54+00:00","og_image":[{"width":600,"height":600,"url":"https:\/\/www.hnhlcranes.com\/wp-content\/uploads\/2024\/11\/CGWK-Rail-Clip.jpg","type":"image\/jpeg"}],"twitter_card":"summary_large_image","twitter_misc":{"Estimeret l\u00e6setid":"3 minutter"},"schema":{"@context":"https:\/\/schema.org","@graph":[{"@type":"WebPage","@id":"https:\/\/www.hnhlcranes.com\/product\/cgwk-rail-clip\/","url":"https:\/\/www.hnhlcranes.com\/product\/cgwk-rail-clip\/","name":"CGWK Rail Clip - Rail fixing device- Rail Clamp-Crane Parts Manufacturer","isPartOf":{"@id":"https:\/\/www.hnhlcranes.com\/#website"},"primaryImageOfPage":{"@id":"https:\/\/www.hnhlcranes.com\/product\/cgwk-rail-clip\/#primaryimage"},"image":{"@id":"https:\/\/www.hnhlcranes.com\/product\/cgwk-rail-clip\/#primaryimage"},"thumbnailUrl":"https:\/\/www.hnhlcranes.com\/wp-content\/uploads\/2024\/11\/CGWK-Rail-Clip.jpg","datePublished":"2024-11-29T13:45:30+00:00","dateModified":"2025-01-10T09:37:54+00:00","description":"Rail Clips,CGWK Rail Clip,Crane Rail Clips,Rail fixing device,Crane Rail fixing device,crane Rail Clamp,WJK Rail Clips,Overhead Crane Rail Clip","breadcrumb":{"@id":"https:\/\/www.hnhlcranes.com\/product\/cgwk-rail-clip\/#breadcrumb"},"inLanguage":"da-DK","potentialAction":[{"@type":"ReadAction","target":["https:\/\/www.hnhlcranes.com\/product\/cgwk-rail-clip\/"]}]},{"@type":"ImageObject","inLanguage":"da-DK","@id":"https:\/\/www.hnhlcranes.com\/product\/cgwk-rail-clip\/#primaryimage","url":"https:\/\/www.hnhlcranes.com\/wp-content\/uploads\/2024\/11\/CGWK-Rail-Clip.jpg","contentUrl":"https:\/\/www.hnhlcranes.com\/wp-content\/uploads\/2024\/11\/CGWK-Rail-Clip.jpg","width":600,"height":600},{"@type":"BreadcrumbList","@id":"https:\/\/www.hnhlcranes.com\/product\/cgwk-rail-clip\/#breadcrumb","itemListElement":[{"@type":"ListItem","position":1,"name":"home","item":"https:\/\/www.hnhlcranes.com\/"},{"@type":"ListItem","position":2,"name":"products","item":"https:\/\/www.hnhlcranes.com\/products\/"},{"@type":"ListItem","position":3,"name":"CGWK Rail Clip"}]},{"@type":"WebSite","@id":"https:\/\/www.hnhlcranes.com\/#website","url":"https:\/\/www.hnhlcranes.com\/","name":"Crane Parts Manufacturer","description":"Crane Wheels,Crane Drums,Crane Hooks,Crane Coupling,Crane End Carriage,Electric Hoist,European Crane Parts,Crane Rail Clip,Crane Spreader,Crane Motor,Crane Reducer,Crane Brake,Light Crane Parts,Workstation Crane Parts,Crane Electrical Parts,China Crane Parts Supplier,China Crane Parts Manufacturer,Angle box type crane wheel,45 degree split crane wheel,European crane wheel,Crane Wheel Blocks,Overhead crane drum,European crane drum,Overhead crane hook,European crane hook,Crane pulley block,Gear coupling,Brake wheel coupling,Drum gear coupling,Brake wheel drum gear coupling,Cardan Shaft Coupling,WZL drum coupling,Plum blossom elastic coupling,Brake wheel plum elastic coupling,European Single girder crane end carriage,European Double girder crane end carriage,European Suspension  crane end carriage,Wire Rope Electric Hoist,Electric Chain Hoist,European Single Girder Wire Rope Electric Hoist,European Double Girder Wire Rope Electric Hoist,Crane grab,Container spreader,Billet crane clamps,C-type hook,Lifting Electromagnet,YZR crane motor,YZP crane motor,ZQ Reducer,ZSC Reducer,QJ Reducer,QJ-L Reducer,QJY Reducer,H series gearbox,F Series Gear Motor,K Series Gear Motor,R Series Gear Motor,travelling machinery gear motor,Electro hydraulic drum brake,Electro hydraulic disc brake,Crane Safety brake,Crane cable trolley,Crane remote controller,Crane pendant controller,Crane electrical control cabinet,Crane limit switch,Crane sound and light alarm,Heavy Duty Aviation Connector,Crane overload limiter","publisher":{"@id":"https:\/\/www.hnhlcranes.com\/#organization"},"potentialAction":[{"@type":"SearchAction","target":{"@type":"EntryPoint","urlTemplate":"https:\/\/www.hnhlcranes.com\/?s={search_term_string}"},"query-input":{"@type":"PropertyValueSpecification","valueRequired":true,"valueName":"search_term_string"}}],"inLanguage":"da-DK"},{"@type":"Organization","@id":"https:\/\/www.hnhlcranes.com\/#organization","name":"Crane Parts Manufacturer","url":"https:\/\/www.hnhlcranes.com\/","logo":{"@type":"ImageObject","inLanguage":"da-DK","@id":"https:\/\/www.hnhlcranes.com\/#\/schema\/logo\/image\/","url":"https:\/\/www.hnhlcranes.com\/wp-content\/uploads\/2025\/01\/HL-logo-1.png","contentUrl":"https:\/\/www.hnhlcranes.com\/wp-content\/uploads\/2025\/01\/HL-logo-1.png","width":600,"height":169,"caption":"Crane Parts Manufacturer"},"image":{"@id":"https:\/\/www.hnhlcranes.com\/#\/schema\/logo\/image\/"}}]}},"_links":{"self":[{"href":"https:\/\/www.hnhlcranes.com\/da\/wp-json\/wp\/v2\/product\/5524","targetHints":{"allow":["GET"]}}],"collection":[{"href":"https:\/\/www.hnhlcranes.com\/da\/wp-json\/wp\/v2\/product"}],"about":[{"href":"https:\/\/www.hnhlcranes.com\/da\/wp-json\/wp\/v2\/types\/product"}],"version-history":[{"count":5,"href":"https:\/\/www.hnhlcranes.com\/da\/wp-json\/wp\/v2\/product\/5524\/revisions"}],"predecessor-version":[{"id":7194,"href":"https:\/\/www.hnhlcranes.com\/da\/wp-json\/wp\/v2\/product\/5524\/revisions\/7194"}],"wp:featuredmedia":[{"embeddable":true,"href":"https:\/\/www.hnhlcranes.com\/da\/wp-json\/wp\/v2\/media\/7094"}],"wp:attachment":[{"href":"https:\/\/www.hnhlcranes.com\/da\/wp-json\/wp\/v2\/media?parent=5524"}],"wp:term":[{"taxonomy":"product_brand","embeddable":true,"href":"https:\/\/www.hnhlcranes.com\/da\/wp-json\/wp\/v2\/product_brand?post=5524"},{"taxonomy":"product_cat","embeddable":true,"href":"https:\/\/www.hnhlcranes.com\/da\/wp-json\/wp\/v2\/product_cat?post=5524"},{"taxonomy":"product_tag","embeddable":true,"href":"https:\/\/www.hnhlcranes.com\/da\/wp-json\/wp\/v2\/product_tag?post=5524"}],"curies":[{"name":"wp","href":"https:\/\/api.w.org\/{rel}","templated":true}]}}