{"id":5728,"date":"2024-12-05T22:19:32","date_gmt":"2024-12-05T14:19:32","guid":{"rendered":"https:\/\/www.hnhlcranes.com\/?post_type=product&#038;p=5728"},"modified":"2025-01-14T23:58:21","modified_gmt":"2025-01-14T15:58:21","slug":"kabelvogn-til-kran","status":"publish","type":"product","link":"https:\/\/www.hnhlcranes.com\/da\/produkt\/kabelvogn-til-kran\/","title":{"rendered":"Kabelvogn til kran"},"content":{"rendered":"<div class=\"flex max-w-full flex-col flex-grow\">\n<div class=\"min-h-8 text-message flex w-full flex-col items-end gap-2 whitespace-normal break-words [.text-message+&amp;]:mt-5\" dir=\"auto\" data-message-author-role=\"assistant\" data-message-id=\"d22886da-3fb2-45fa-876a-33dd54db9fd5\" data-message-model-slug=\"gpt-4o\">\n<div class=\"flex w-full flex-col gap-1 empty:hidden first:pt-[3px]\">\n<div class=\"markdown prose w-full break-words dark:prose-invert light\">\n<h3>Oversigt over GHC Crane-kabelvogne<\/h3>\n<p>GHC Crane-kabeltrolleyen fungerer som et aktivt str\u00f8mforsyningssystem til krantrolleyen. Den best\u00e5r af hjul, beslag og st\u00f8tteplader, der holder bl\u00f8de kabler sikkert p\u00e5 plads. Ved at synkronisere tr\u00e6krammen med kabelvognen leverer den effektivt str\u00f8m til kranen.<\/p>\n<h3>Funktioner og typer<\/h3>\n<p>For at sikre alsidighed tilbyder GHC Crane kabelvognsserien lette, mellemstore og tunge typer. Derudover kommer vognene med g\u00e5ende hjul i tre diametre: \u03a680, \u03a663 og \u03a650. Belastningskapaciteten varierer fra mindre end 50 kg til 150 kg. Desuden f\u00e5s hver type i forskellige konfigurationer baseret p\u00e5 antallet af st\u00f8ttepladelag: enkeltlag, dobbeltlag eller tredobbeltlag.<\/p>\n<h3>Konfigurationer og modeller<\/h3>\n<p>Disse vogne f\u00e5s i tre hovedkonfigurationer: Den forreste vogn fungerer som kabeltr\u00e6kvogn, terminalenheden fungerer som et fast oph\u00e6ngningsbeslag, og de mellemliggende enheder fungerer som kabeltr\u00e6kvogne. Serien omfatter is\u00e6r fem modeller: I, II, III, IV og V.<\/p>\n<h3>Tilpasning<\/h3>\n<p>For brugere, der har brug for specifikke I-bj\u00e6lker, f.eks. i st\u00f8rrelserne 12#, 14#, 16# eller st\u00f8rre, er der mulighed for tilpasning under bestillingsprocessen.<\/p>\n<h6><strong><span style=\"font-family: arial, helvetica, sans-serif; font-size: 18pt;\">Specifikationer for GHC Crane kabelvogn<\/span><\/strong><\/h6>\n<table style=\"width: 100%; border-style: solid; border-color: #000000;\" border=\"1\" cellspacing=\"0.5\">\n<thead>\n<tr>\n<th style=\"text-align: center;\">Type<\/th>\n<th style=\"text-align: center;\">A<\/th>\n<th style=\"text-align: center;\">a<\/th>\n<th style=\"text-align: center;\">B<\/th>\n<th style=\"text-align: center;\">I<\/th>\n<th style=\"text-align: center;\">L<\/th>\n<th style=\"text-align: center;\">l<\/th>\n<th style=\"text-align: center;\">R<\/th>\n<th style=\"text-align: center;\">V\u00e6gt (kg)<\/th>\n<\/tr>\n<\/thead>\n<tbody>\n<tr>\n<td style=\"text-align: center;\">GHC-I 10#<\/td>\n<td style=\"text-align: center;\">170<\/td>\n<td style=\"text-align: center;\">72<\/td>\n<td style=\"text-align: center;\">195<\/td>\n<td style=\"text-align: center;\">110<\/td>\n<td style=\"text-align: center;\">145<\/td>\n<td style=\"text-align: center;\">110<\/td>\n<td style=\"text-align: center;\">50<\/td>\n<td style=\"text-align: center;\">2.84<\/td>\n<\/tr>\n<tr>\n<td style=\"text-align: center;\">GHC-II 10#<\/td>\n<td style=\"text-align: center;\">240<\/td>\n<td style=\"text-align: center;\">135<\/td>\n<td style=\"text-align: center;\">245<\/td>\n<td style=\"text-align: center;\">120<\/td>\n<td style=\"text-align: center;\">220<\/td>\n<td style=\"text-align: center;\">135<\/td>\n<td style=\"text-align: center;\">60<\/td>\n<td style=\"text-align: center;\">5.88<\/td>\n<\/tr>\n<tr>\n<td style=\"text-align: center;\">GHC-III 10#<\/td>\n<td style=\"text-align: center;\">240<\/td>\n<td style=\"text-align: center;\">135<\/td>\n<td style=\"text-align: center;\">285<\/td>\n<td style=\"text-align: center;\">130<\/td>\n<td style=\"text-align: center;\">260<\/td>\n<td style=\"text-align: center;\">180<\/td>\n<td style=\"text-align: center;\">80<\/td>\n<td style=\"text-align: center;\">7.09<\/td>\n<\/tr>\n<tr>\n<td style=\"text-align: center;\">GHC-IV 10#<\/td>\n<td style=\"text-align: center;\">320<\/td>\n<td style=\"text-align: center;\">200<\/td>\n<td style=\"text-align: center;\">315<\/td>\n<td style=\"text-align: center;\">130<\/td>\n<td style=\"text-align: center;\">300<\/td>\n<td style=\"text-align: center;\">200<\/td>\n<td style=\"text-align: center;\">95<\/td>\n<td style=\"text-align: center;\">7.33<\/td>\n<\/tr>\n<tr>\n<td style=\"text-align: center;\">GHC-V 10#<\/td>\n<td style=\"text-align: center;\">420<\/td>\n<td style=\"text-align: center;\">200<\/td>\n<td style=\"text-align: center;\">350<\/td>\n<td style=\"text-align: center;\">150<\/td>\n<td style=\"text-align: center;\">360<\/td>\n<td style=\"text-align: center;\">260<\/td>\n<td style=\"text-align: center;\">120<\/td>\n<td style=\"text-align: center;\">8.35<\/td>\n<\/tr>\n<\/tbody>\n<\/table>\n<h3>Installationsvejledning til kranens kabelvogn<\/h3>\n<ul>\n<li><strong>Monter det faste oph\u00e6ngsbeslag:<\/strong> Begynd med at montere det faste oph\u00e6ngsbeslag. Svejs derefter en jernprop bagp\u00e5 for ekstra sikkerhed og for at sikre, at beslaget sidder godt fast.<\/li>\n<li><strong>Juster traktionshovedet:<\/strong> Juster derefter tr\u00e6khovedet for at forhindre, at vognen rammer kanterne p\u00e5 tr\u00e6khullet under drift. Denne justering sikrer en j\u00e6vn bev\u00e6gelse og undg\u00e5r potentielle skader.<\/li>\n<li><strong>S\u00f8rg for korrekt kabell\u00e6ngde:<\/strong> S\u00f8rg for, at kabell\u00e6ngden er 1,2 gange kranens sp\u00e6ndvidde plus 8 meter. Denne l\u00e6ngde er afg\u00f8rende for sikker og effektiv drift.<\/li>\n<li><strong>\u00c6ndre l\u00e6ngden p\u00e5 tr\u00e6kkraftens st\u00e5ltr\u00e5d:<\/strong> Juster l\u00e6ngden p\u00e5 tr\u00e6kst\u00e5ltr\u00e5den, s\u00e5 den er kortere end kabelsektionerne. Det g\u00f8r det muligt for st\u00e5lwiren at b\u00e6re driftsbelastningen og forhindrer un\u00f8dig belastning af kablerne.<\/li>\n<li><strong>H\u00e5ndterer forskellige kabeldiametre:<\/strong> N\u00e5r du har at g\u00f8re med forskellige kabeldiametre, skal du placere bl\u00f8de gummipuder mellem kabelklemmerne. Dette trin sikrer ensartede ydre diametre, hvilket garanterer en sikker og t\u00e6t pasform.<\/li>\n<li><strong>Fordel kabelbelastningen j\u00e6vnt:<\/strong> Fordel kabelbelastningen j\u00e6vnt p\u00e5 begge sider af st\u00f8ttepladerne for at opretholde en afbalanceret belastning og forhindre potentiel skade eller slitage.<\/li>\n<li><strong>Balancering af belastning i vogne med flere lag:<\/strong> N\u00e5r man bruger kabelvogne med to eller tre lag, skal man anvende de samme balanceprincipper. Det sikrer, at belastningen fordeles j\u00e6vnt, hvilket fremmer stabiliteten under arbejdet.<\/li>\n<li><strong>Juster med dobbeltskiver:<\/strong> Brug dobbeltskiverne p\u00e5 vognen som afstandsstykker til justering. Hvis sporvidden er uegnet, skal du placere skiverne inde i de faste plader for at justere sporvidden korrekt.<\/li>\n<\/ul>\n<\/div>\n<\/div>\n<\/div>\n<\/div>\n<div class=\"flex max-w-full flex-col flex-grow\">\n<div class=\"min-h-8 text-message flex w-full flex-col items-end gap-2 whitespace-normal break-words [.text-message+&amp;]:mt-5\" dir=\"auto\" data-message-author-role=\"assistant\" data-message-id=\"c8d7d5a5-db5c-4384-9025-33dbfdf6a310\" data-message-model-slug=\"gpt-4o\">\n<div class=\"flex w-full flex-col gap-1 empty:hidden first:pt-[3px]\">\n<div class=\"markdown prose w-full break-words dark:prose-invert light\">\n<p><img fetchpriority=\"high\" decoding=\"async\" class=\"alignnone wp-image-7446\" src=\"https:\/\/www.hnhlcranes.com\/wp-content\/uploads\/2024\/12\/Crane-cable-trolley-5-300x115.jpg\" alt=\"\" width=\"900\" height=\"345\" srcset=\"https:\/\/www.hnhlcranes.com\/wp-content\/uploads\/2024\/12\/Crane-cable-trolley-5-300x115.jpg 300w, https:\/\/www.hnhlcranes.com\/wp-content\/uploads\/2024\/12\/Crane-cable-trolley-5-768x294.jpg 768w, https:\/\/www.hnhlcranes.com\/wp-content\/uploads\/2024\/12\/Crane-cable-trolley-5-600x230.jpg 600w, https:\/\/www.hnhlcranes.com\/wp-content\/uploads\/2024\/12\/Crane-cable-trolley-5.jpg 900w\" sizes=\"(max-width: 900px) 100vw, 900px\" \/><\/p>\n<\/div>\n<\/div>\n<\/div>\n<\/div>\n<p>&nbsp;<\/p>","protected":false},"excerpt":{"rendered":"<h6><strong><span style=\"font-family: arial, helvetica, sans-serif; font-size: 14pt;\">GHC Crane kabelvogn N\u00f8gleparametre:<\/span><\/strong><\/h6>\n<ul>\n<li><strong>Modeller:<\/strong> GHC-I, GHC-II, GHC-III, GHC-IV, GHC-V<\/li>\n<li><strong>Diameter p\u00e5 ganghjul:<\/strong> \u03a650, \u03a663, \u03a680<\/li>\n<li><strong>Belastningskapacitet:<\/strong> 50~150 kg<\/li>\n<li><strong>Kompatible st\u00f8rrelser p\u00e5 I-bj\u00e6lker:<\/strong> 10#, 12#, 14#, 16#<\/li>\n<\/ul>","protected":false},"featured_media":7444,"template":"","meta":{"_kad_post_transparent":"default","_kad_post_title":"","_kad_post_layout":"default","_kad_post_sidebar_id":"","_kad_post_content_style":"default","_kad_post_vertical_padding":"show","_kad_post_feature":"","_kad_post_feature_position":"","_kad_post_header":false,"_kad_post_footer":false},"product_brand":[],"product_cat":[65],"product_tag":[632,622,376,634,612,616,626,627,629,613,617,620,615,614,618,628,619,621,623,630,635,633,625,631,624],"class_list":{"0":"post-5728","1":"product","2":"type-product","3":"status-publish","4":"has-post-thumbnail","6":"product_cat-crane-electrical-parts","7":"product_tag-aviation-plug","8":"product_tag-cable-trolley","9":"product_tag-china-crane-parts-supplier","10":"product_tag-crane-aviation-plug","11":"product_tag-crane-cable-trolley","12":"product_tag-crane-control-cabinet","13":"product_tag-crane-control-handle","14":"product_tag-crane-controls","15":"product_tag-crane-electrical-control-cabinet","16":"product_tag-crane-electrical-part","17":"product_tag-crane-limit-switch","18":"product_tag-crane-overload-limiter","19":"product_tag-crane-pendant-controller","20":"product_tag-crane-remote-controller","21":"product_tag-crane-sound-and-light-alarm","22":"product_tag-electrical-control-cabinet","23":"product_tag-heavy-duty-aviation-connector","24":"product_tag-i-beam-cable-trolley","25":"product_tag-i-beam-cable-trolley-supplier","26":"product_tag-limit-switch","27":"product_tag-overload-limiter","28":"product_tag-quick-connector","29":"product_tag-remote-controller","30":"product_tag-sound-and-light-alarm","31":"product_tag-wireless-remote-control","33":"first","34":"instock","35":"featured","36":"shipping-taxable","37":"product-type-simple","38":"entry","39":"content-bg","40":"loop-entry"},"yoast_head":"<!-- This site is optimized with the Yoast SEO plugin v24.5 - https:\/\/yoast.com\/wordpress\/plugins\/seo\/ -->\n<title>Crane cable trolley - I-beam cable trolley-cable trolley- Crane Parts Manufacturer<\/title>\n<meta name=\"description\" content=\"crane cable trolley, I-beam cable trolley,Crane Electrical Parts, I-beam cable trolley manufacturer,cable trolley,cable trolley Supplier\" \/>\n<meta name=\"robots\" content=\"index, follow, max-snippet:-1, max-image-preview:large, max-video-preview:-1\" \/>\n<link rel=\"canonical\" href=\"https:\/\/www.hnhlcranes.com\/da\/produkt\/kabelvogn-til-kran\/\" \/>\n<meta property=\"og:locale\" content=\"da_DK\" \/>\n<meta property=\"og:type\" content=\"article\" \/>\n<meta property=\"og:title\" content=\"Crane cable trolley - I-beam cable trolley-cable trolley- Crane Parts Manufacturer\" \/>\n<meta property=\"og:description\" content=\"crane cable trolley, I-beam cable trolley,Crane Electrical Parts, I-beam cable trolley manufacturer,cable trolley,cable trolley Supplier\" \/>\n<meta property=\"og:url\" content=\"https:\/\/www.hnhlcranes.com\/da\/produkt\/kabelvogn-til-kran\/\" \/>\n<meta property=\"og:site_name\" content=\"Crane Parts Manufacturer\" \/>\n<meta property=\"article:modified_time\" content=\"2025-01-14T15:58:21+00:00\" \/>\n<meta property=\"og:image\" content=\"https:\/\/www.hnhlcranes.com\/wp-content\/uploads\/2024\/12\/Crane-cable-trolley.jpg\" \/>\n\t<meta property=\"og:image:width\" content=\"600\" \/>\n\t<meta property=\"og:image:height\" content=\"600\" \/>\n\t<meta property=\"og:image:type\" content=\"image\/jpeg\" \/>\n<meta name=\"twitter:card\" content=\"summary_large_image\" \/>\n<meta name=\"twitter:label1\" content=\"Estimeret l\u00e6setid\" \/>\n\t<meta name=\"twitter:data1\" content=\"3 minutter\" \/>\n<script type=\"application\/ld+json\" class=\"yoast-schema-graph\">{\"@context\":\"https:\/\/schema.org\",\"@graph\":[{\"@type\":\"WebPage\",\"@id\":\"https:\/\/www.hnhlcranes.com\/product\/crane-cable-trolley\/\",\"url\":\"https:\/\/www.hnhlcranes.com\/product\/crane-cable-trolley\/\",\"name\":\"Crane cable trolley - I-beam cable trolley-cable trolley- Crane Parts Manufacturer\",\"isPartOf\":{\"@id\":\"https:\/\/www.hnhlcranes.com\/#website\"},\"primaryImageOfPage\":{\"@id\":\"https:\/\/www.hnhlcranes.com\/product\/crane-cable-trolley\/#primaryimage\"},\"image\":{\"@id\":\"https:\/\/www.hnhlcranes.com\/product\/crane-cable-trolley\/#primaryimage\"},\"thumbnailUrl\":\"https:\/\/www.hnhlcranes.com\/wp-content\/uploads\/2024\/12\/Crane-cable-trolley.jpg\",\"datePublished\":\"2024-12-05T14:19:32+00:00\",\"dateModified\":\"2025-01-14T15:58:21+00:00\",\"description\":\"crane cable trolley, I-beam cable trolley,Crane Electrical Parts, I-beam cable trolley manufacturer,cable trolley,cable trolley Supplier\",\"breadcrumb\":{\"@id\":\"https:\/\/www.hnhlcranes.com\/product\/crane-cable-trolley\/#breadcrumb\"},\"inLanguage\":\"da-DK\",\"potentialAction\":[{\"@type\":\"ReadAction\",\"target\":[\"https:\/\/www.hnhlcranes.com\/product\/crane-cable-trolley\/\"]}]},{\"@type\":\"ImageObject\",\"inLanguage\":\"da-DK\",\"@id\":\"https:\/\/www.hnhlcranes.com\/product\/crane-cable-trolley\/#primaryimage\",\"url\":\"https:\/\/www.hnhlcranes.com\/wp-content\/uploads\/2024\/12\/Crane-cable-trolley.jpg\",\"contentUrl\":\"https:\/\/www.hnhlcranes.com\/wp-content\/uploads\/2024\/12\/Crane-cable-trolley.jpg\",\"width\":600,\"height\":600},{\"@type\":\"BreadcrumbList\",\"@id\":\"https:\/\/www.hnhlcranes.com\/product\/crane-cable-trolley\/#breadcrumb\",\"itemListElement\":[{\"@type\":\"ListItem\",\"position\":1,\"name\":\"home\",\"item\":\"https:\/\/www.hnhlcranes.com\/\"},{\"@type\":\"ListItem\",\"position\":2,\"name\":\"products\",\"item\":\"https:\/\/www.hnhlcranes.com\/products\/\"},{\"@type\":\"ListItem\",\"position\":3,\"name\":\"Crane cable trolley\"}]},{\"@type\":\"WebSite\",\"@id\":\"https:\/\/www.hnhlcranes.com\/#website\",\"url\":\"https:\/\/www.hnhlcranes.com\/\",\"name\":\"Crane Parts Manufacturer\",\"description\":\"Crane Wheels,Crane Drums,Crane Hooks,Crane Coupling,Crane End Carriage,Electric Hoist,European Crane Parts,Crane Rail Clip,Crane Spreader,Crane Motor,Crane Reducer,Crane Brake,Light Crane Parts,Workstation Crane Parts,Crane Electrical Parts,China Crane Parts Supplier,China Crane Parts Manufacturer,Angle box type crane wheel,45 degree split crane wheel,European crane wheel,Crane Wheel Blocks,Overhead crane drum,European crane drum,Overhead crane hook,European crane hook,Crane pulley block,Gear coupling,Brake wheel coupling,Drum gear coupling,Brake wheel drum gear coupling,Cardan Shaft Coupling,WZL drum coupling,Plum blossom elastic coupling,Brake wheel plum elastic coupling,European Single girder crane end carriage,European Double girder crane end carriage,European Suspension  crane end carriage,Wire Rope Electric Hoist,Electric Chain Hoist,European Single Girder Wire Rope Electric Hoist,European Double Girder Wire Rope Electric Hoist,Crane grab,Container spreader,Billet crane clamps,C-type hook,Lifting Electromagnet,YZR crane motor,YZP crane motor,ZQ Reducer,ZSC Reducer,QJ Reducer,QJ-L Reducer,QJY Reducer,H series gearbox,F Series Gear Motor,K Series Gear Motor,R Series Gear Motor,travelling machinery gear motor,Electro hydraulic drum brake,Electro hydraulic disc brake,Crane Safety brake,Crane cable trolley,Crane remote controller,Crane pendant controller,Crane electrical control cabinet,Crane limit switch,Crane sound and light alarm,Heavy Duty Aviation Connector,Crane overload limiter\",\"publisher\":{\"@id\":\"https:\/\/www.hnhlcranes.com\/#organization\"},\"potentialAction\":[{\"@type\":\"SearchAction\",\"target\":{\"@type\":\"EntryPoint\",\"urlTemplate\":\"https:\/\/www.hnhlcranes.com\/?s={search_term_string}\"},\"query-input\":{\"@type\":\"PropertyValueSpecification\",\"valueRequired\":true,\"valueName\":\"search_term_string\"}}],\"inLanguage\":\"da-DK\"},{\"@type\":\"Organization\",\"@id\":\"https:\/\/www.hnhlcranes.com\/#organization\",\"name\":\"Crane Parts Manufacturer\",\"url\":\"https:\/\/www.hnhlcranes.com\/\",\"logo\":{\"@type\":\"ImageObject\",\"inLanguage\":\"da-DK\",\"@id\":\"https:\/\/www.hnhlcranes.com\/#\/schema\/logo\/image\/\",\"url\":\"https:\/\/www.hnhlcranes.com\/wp-content\/uploads\/2025\/01\/HL-logo-1.png\",\"contentUrl\":\"https:\/\/www.hnhlcranes.com\/wp-content\/uploads\/2025\/01\/HL-logo-1.png\",\"width\":600,\"height\":169,\"caption\":\"Crane Parts Manufacturer\"},\"image\":{\"@id\":\"https:\/\/www.hnhlcranes.com\/#\/schema\/logo\/image\/\"}}]}<\/script>\n<!-- \/ Yoast SEO plugin. -->","yoast_head_json":{"title":"Crane cable trolley - I-beam cable trolley-cable trolley- Crane Parts Manufacturer","description":"crane cable trolley, I-beam cable trolley,Crane Electrical Parts, I-beam cable trolley manufacturer,cable trolley,cable trolley Supplier","robots":{"index":"index","follow":"follow","max-snippet":"max-snippet:-1","max-image-preview":"max-image-preview:large","max-video-preview":"max-video-preview:-1"},"canonical":"https:\/\/www.hnhlcranes.com\/da\/produkt\/kabelvogn-til-kran\/","og_locale":"da_DK","og_type":"article","og_title":"Crane cable trolley - I-beam cable trolley-cable trolley- Crane Parts Manufacturer","og_description":"crane cable trolley, I-beam cable trolley,Crane Electrical Parts, I-beam cable trolley manufacturer,cable trolley,cable trolley Supplier","og_url":"https:\/\/www.hnhlcranes.com\/da\/produkt\/kabelvogn-til-kran\/","og_site_name":"Crane Parts Manufacturer","article_modified_time":"2025-01-14T15:58:21+00:00","og_image":[{"width":600,"height":600,"url":"https:\/\/www.hnhlcranes.com\/wp-content\/uploads\/2024\/12\/Crane-cable-trolley.jpg","type":"image\/jpeg"}],"twitter_card":"summary_large_image","twitter_misc":{"Estimeret l\u00e6setid":"3 minutter"},"schema":{"@context":"https:\/\/schema.org","@graph":[{"@type":"WebPage","@id":"https:\/\/www.hnhlcranes.com\/product\/crane-cable-trolley\/","url":"https:\/\/www.hnhlcranes.com\/product\/crane-cable-trolley\/","name":"Crane cable trolley - I-beam cable trolley-cable trolley- Crane Parts Manufacturer","isPartOf":{"@id":"https:\/\/www.hnhlcranes.com\/#website"},"primaryImageOfPage":{"@id":"https:\/\/www.hnhlcranes.com\/product\/crane-cable-trolley\/#primaryimage"},"image":{"@id":"https:\/\/www.hnhlcranes.com\/product\/crane-cable-trolley\/#primaryimage"},"thumbnailUrl":"https:\/\/www.hnhlcranes.com\/wp-content\/uploads\/2024\/12\/Crane-cable-trolley.jpg","datePublished":"2024-12-05T14:19:32+00:00","dateModified":"2025-01-14T15:58:21+00:00","description":"crane cable trolley, I-beam cable trolley,Crane Electrical Parts, I-beam cable trolley manufacturer,cable trolley,cable trolley Supplier","breadcrumb":{"@id":"https:\/\/www.hnhlcranes.com\/product\/crane-cable-trolley\/#breadcrumb"},"inLanguage":"da-DK","potentialAction":[{"@type":"ReadAction","target":["https:\/\/www.hnhlcranes.com\/product\/crane-cable-trolley\/"]}]},{"@type":"ImageObject","inLanguage":"da-DK","@id":"https:\/\/www.hnhlcranes.com\/product\/crane-cable-trolley\/#primaryimage","url":"https:\/\/www.hnhlcranes.com\/wp-content\/uploads\/2024\/12\/Crane-cable-trolley.jpg","contentUrl":"https:\/\/www.hnhlcranes.com\/wp-content\/uploads\/2024\/12\/Crane-cable-trolley.jpg","width":600,"height":600},{"@type":"BreadcrumbList","@id":"https:\/\/www.hnhlcranes.com\/product\/crane-cable-trolley\/#breadcrumb","itemListElement":[{"@type":"ListItem","position":1,"name":"home","item":"https:\/\/www.hnhlcranes.com\/"},{"@type":"ListItem","position":2,"name":"products","item":"https:\/\/www.hnhlcranes.com\/products\/"},{"@type":"ListItem","position":3,"name":"Crane cable trolley"}]},{"@type":"WebSite","@id":"https:\/\/www.hnhlcranes.com\/#website","url":"https:\/\/www.hnhlcranes.com\/","name":"Crane Parts Manufacturer","description":"Crane Wheels,Crane Drums,Crane Hooks,Crane Coupling,Crane End Carriage,Electric Hoist,European Crane Parts,Crane Rail Clip,Crane Spreader,Crane Motor,Crane Reducer,Crane Brake,Light Crane Parts,Workstation Crane Parts,Crane Electrical Parts,China Crane Parts Supplier,China Crane Parts Manufacturer,Angle box type crane wheel,45 degree split crane wheel,European crane wheel,Crane Wheel Blocks,Overhead crane drum,European crane drum,Overhead crane hook,European crane hook,Crane pulley block,Gear coupling,Brake wheel coupling,Drum gear coupling,Brake wheel drum gear coupling,Cardan Shaft Coupling,WZL drum coupling,Plum blossom elastic coupling,Brake wheel plum elastic coupling,European Single girder crane end carriage,European Double girder crane end carriage,European Suspension  crane end carriage,Wire Rope Electric Hoist,Electric Chain Hoist,European Single Girder Wire Rope Electric Hoist,European Double Girder Wire Rope Electric Hoist,Crane grab,Container spreader,Billet crane clamps,C-type hook,Lifting Electromagnet,YZR crane motor,YZP crane motor,ZQ Reducer,ZSC Reducer,QJ Reducer,QJ-L Reducer,QJY Reducer,H series gearbox,F Series Gear Motor,K Series Gear Motor,R Series Gear Motor,travelling machinery gear motor,Electro hydraulic drum brake,Electro hydraulic disc brake,Crane Safety brake,Crane cable trolley,Crane remote controller,Crane pendant controller,Crane electrical control cabinet,Crane limit switch,Crane sound and light alarm,Heavy Duty Aviation Connector,Crane overload limiter","publisher":{"@id":"https:\/\/www.hnhlcranes.com\/#organization"},"potentialAction":[{"@type":"SearchAction","target":{"@type":"EntryPoint","urlTemplate":"https:\/\/www.hnhlcranes.com\/?s={search_term_string}"},"query-input":{"@type":"PropertyValueSpecification","valueRequired":true,"valueName":"search_term_string"}}],"inLanguage":"da-DK"},{"@type":"Organization","@id":"https:\/\/www.hnhlcranes.com\/#organization","name":"Crane Parts Manufacturer","url":"https:\/\/www.hnhlcranes.com\/","logo":{"@type":"ImageObject","inLanguage":"da-DK","@id":"https:\/\/www.hnhlcranes.com\/#\/schema\/logo\/image\/","url":"https:\/\/www.hnhlcranes.com\/wp-content\/uploads\/2025\/01\/HL-logo-1.png","contentUrl":"https:\/\/www.hnhlcranes.com\/wp-content\/uploads\/2025\/01\/HL-logo-1.png","width":600,"height":169,"caption":"Crane Parts Manufacturer"},"image":{"@id":"https:\/\/www.hnhlcranes.com\/#\/schema\/logo\/image\/"}}]}},"_links":{"self":[{"href":"https:\/\/www.hnhlcranes.com\/da\/wp-json\/wp\/v2\/product\/5728","targetHints":{"allow":["GET"]}}],"collection":[{"href":"https:\/\/www.hnhlcranes.com\/da\/wp-json\/wp\/v2\/product"}],"about":[{"href":"https:\/\/www.hnhlcranes.com\/da\/wp-json\/wp\/v2\/types\/product"}],"version-history":[{"count":4,"href":"https:\/\/www.hnhlcranes.com\/da\/wp-json\/wp\/v2\/product\/5728\/revisions"}],"predecessor-version":[{"id":7448,"href":"https:\/\/www.hnhlcranes.com\/da\/wp-json\/wp\/v2\/product\/5728\/revisions\/7448"}],"wp:featuredmedia":[{"embeddable":true,"href":"https:\/\/www.hnhlcranes.com\/da\/wp-json\/wp\/v2\/media\/7444"}],"wp:attachment":[{"href":"https:\/\/www.hnhlcranes.com\/da\/wp-json\/wp\/v2\/media?parent=5728"}],"wp:term":[{"taxonomy":"product_brand","embeddable":true,"href":"https:\/\/www.hnhlcranes.com\/da\/wp-json\/wp\/v2\/product_brand?post=5728"},{"taxonomy":"product_cat","embeddable":true,"href":"https:\/\/www.hnhlcranes.com\/da\/wp-json\/wp\/v2\/product_cat?post=5728"},{"taxonomy":"product_tag","embeddable":true,"href":"https:\/\/www.hnhlcranes.com\/da\/wp-json\/wp\/v2\/product_tag?post=5728"}],"curies":[{"name":"wp","href":"https:\/\/api.w.org\/{rel}","templated":true}]}}