{"id":5753,"date":"2024-12-05T22:58:36","date_gmt":"2024-12-05T14:58:36","guid":{"rendered":"https:\/\/www.hnhlcranes.com\/?post_type=product&#038;p=5753"},"modified":"2025-01-14T23:46:32","modified_gmt":"2025-01-14T15:46:32","slug":"styring-af-kranpendel","status":"publish","type":"product","link":"https:\/\/www.hnhlcranes.com\/da\/produkt\/styring-af-kranpendel\/","title":{"rendered":"Styring af kranpendel"},"content":{"rendered":"<h3>ntroduktion til Crane Pendant Controller<\/h3>\n<p>Crane Pendant Controller er prim\u00e6rt designet til at styre forskellige kranfunktioner, f.eks. start, stop og styring af retningsbestemte bev\u00e6gelser. Den er en p\u00e5lidelig l\u00f8sning til b\u00e5de kran- og hejseoperationer i en lang r\u00e6kke milj\u00f8er, b\u00e5de indend\u00f8rs og udend\u00f8rs. Nedenfor ser vi n\u00e6rmere p\u00e5 dens anvendelsesmuligheder, driftsmetoder, sikkerhedsfunktioner og vedligeholdelseskrav.<\/p>\n<h3>Anvendelsesomr\u00e5de og arbejdsmilj\u00f8<\/h3>\n<p>Crane Pendant Controller er velegnet til styresystemer, der fungerer under f\u00f8lgende forhold:<\/p>\n<ul>\n<li><strong>AC-str\u00f8m:<\/strong> Drift ved 50Hz eller 60Hz, med en sp\u00e6ndingskapacitet p\u00e5 op til 380V.<\/li>\n<li><strong>J\u00e6vnstr\u00f8m:<\/strong> Egnet til en arbejdssp\u00e6nding p\u00e5 op til 220V.<\/li>\n<\/ul>\n<p>Controlleren er designet til alsidighed og er modstandsdygtig over for regn, sne og st\u00f8v, hvilket g\u00f8r den til et ideelt valg til udend\u00f8rs applikationer, herunder kraner og elektriske hejsev\u00e6rker under barske vejrforhold.<\/p>\n<h3>Betjeningsmetoder og funktioner<\/h3>\n<p>Crane Pendant Controller betjenes via knapper p\u00e5 kontrolh\u00e5ndtaget, og den indeholder flere n\u00f8glefunktioner, der forbedrer b\u00e5de sikkerhed og funktionalitet:<\/p>\n<ul>\n<li><strong>N\u00f8dstopkontakt:<\/strong> Controlleren er udstyret med en n\u00f8dstopkontakt med svampehoved, der kan drejes tilbage, og som giver mulighed for hurtig nedlukning af motoren i n\u00f8dsituationer, hvilket sikrer en hurtig reaktion p\u00e5 potentielle farer.<\/li>\n<li><strong>Retningsbestemt kontrol:<\/strong> Styringen bruger knapper med internationalt anerkendte pilesymboler. Derudover er modsatrettede retningsknapper mekanisk l\u00e5st for at forhindre samtidig betjening og dermed sikre mod utilsigtet misbrug.<\/li>\n<li><strong>Kabeloph\u00e6ng:<\/strong> H\u00e5ndtaget er oph\u00e6ngt i bl\u00f8de, tynde st\u00e5ltr\u00e5de under elboksen. Dette design minimerer kabelbelastningen og hj\u00e6lper med at forhindre skader p\u00e5 kernen, hvilket fremmer lang levetid og p\u00e5lidelig ydeevne.<\/li>\n<\/ul>\n<h3>Sikkerhedsfunktioner og beskyttelse<\/h3>\n<p>Crane Pendant Controller er bygget med flere sikkerhedsmekanismer, som sikrer b\u00e5de operat\u00f8rens sikkerhed og udstyrets levetid:<\/p>\n<ul>\n<li><strong>Vandt\u00e6t og holdbar:<\/strong> Controlleren er specielt designet til at modst\u00e5 barske milj\u00f8forhold og sikrer konsekvent, p\u00e5lidelig ydeevne, selv i udfordrende vejr.<\/li>\n<li><strong>Lav kontrolsp\u00e6nding:<\/strong> Knappens styresp\u00e6nding er begr\u00e6nset til 36 V, hvilket \u00f8ger operat\u00f8rens sikkerhed ved at reducere risikoen for elektrisk st\u00f8d under brug.<\/li>\n<li><strong>H\u00f8j beskyttelsesgrad:<\/strong> Med en imponerende beskyttelsesgrad p\u00e5 IP65 er controlleren modstandsdygtig over for b\u00e5de vand og st\u00f8v, hvilket sikrer funktionalitet under ekstreme forhold.<\/li>\n<li><strong>Isolering og modstand:<\/strong> Brugen af isoleringsmaterialer af h\u00f8j kvalitet garanterer sikker og p\u00e5lidelig drift, selv i fugtige eller ugunstige omgivelser.<\/li>\n<\/ul>\n<h3>Vedligeholdelse og pleje<\/h3>\n<p>For at sikre den langsigtede stabilitet og funktionalitet af Crane Pendant Controller er det vigtigt med regelm\u00e6ssig vedligeholdelse. Her er nogle vigtige tips til vedligeholdelse:<\/p>\n<ul>\n<li><strong>Kontrol af knap og n\u00f8dstop:<\/strong> Efterse j\u00e6vnligt knapperne og n\u00f8dstopkontakten for at sikre, at de fortsat er fuldt funktionsdygtige og hurtigt kan nulstilles, n\u00e5r det er n\u00f8dvendigt.<\/li>\n<li><strong>Symbolets synlighed:<\/strong> Tjek regelm\u00e6ssigt knapm\u00e6rkerne for at sikre, at de forbliver tydelige og synlige, hvilket letter den intuitive betjening.<\/li>\n<li><strong>Suspensionssystemets integritet:<\/strong> Unders\u00f8g h\u00e5ndtagets oph\u00e6ngningssystem for at sikre, at det er forsvarligt fastgjort. Det hj\u00e6lper med at forhindre overdreven belastning af kablerne og beskytter controlleren mod potentielle skader.<\/li>\n<li><strong>Milj\u00f8beskyttelse:<\/strong> Opbevar og brug controlleren under forhold, der minimerer langvarig uds\u00e6ttelse for ekstreme vejrforhold, s\u00e5 dens funktionalitet og levetid bevares.<\/li>\n<\/ul>","protected":false},"excerpt":{"rendered":"<h6><strong><span style=\"font-family: arial, helvetica, sans-serif; font-size: 14pt;\">Specifikationer for Crane Pendant Controllers<\/span><\/strong><\/h6>\n<ul>\n<li><strong>Antal knapper<\/strong>: 2, 4 eller 6 knapper.<\/li>\n<li><strong>Beskyttelsesniveau<\/strong>: IP65.<\/li>\n<li><strong>Kontrolsp\u00e6nding<\/strong>: 36V.<\/li>\n<li><strong>Driftstemperaturomr\u00e5de<\/strong>: -40\u00b0C til +85\u00b0C.<\/li>\n<\/ul>","protected":false},"featured_media":7464,"template":"","meta":{"_kad_post_transparent":"default","_kad_post_title":"","_kad_post_layout":"default","_kad_post_sidebar_id":"","_kad_post_content_style":"default","_kad_post_vertical_padding":"show","_kad_post_feature":"","_kad_post_feature_position":"","_kad_post_header":false,"_kad_post_footer":false},"product_brand":[],"product_cat":[65],"product_tag":[632,622,376,634,612,616,626,627,629,613,617,620,615,614,618,628,619,621,623,630,635,633,625,631,624],"class_list":{"0":"post-5753","1":"product","2":"type-product","3":"status-publish","4":"has-post-thumbnail","6":"product_cat-crane-electrical-parts","7":"product_tag-aviation-plug","8":"product_tag-cable-trolley","9":"product_tag-china-crane-parts-supplier","10":"product_tag-crane-aviation-plug","11":"product_tag-crane-cable-trolley","12":"product_tag-crane-control-cabinet","13":"product_tag-crane-control-handle","14":"product_tag-crane-controls","15":"product_tag-crane-electrical-control-cabinet","16":"product_tag-crane-electrical-part","17":"product_tag-crane-limit-switch","18":"product_tag-crane-overload-limiter","19":"product_tag-crane-pendant-controller","20":"product_tag-crane-remote-controller","21":"product_tag-crane-sound-and-light-alarm","22":"product_tag-electrical-control-cabinet","23":"product_tag-heavy-duty-aviation-connector","24":"product_tag-i-beam-cable-trolley","25":"product_tag-i-beam-cable-trolley-supplier","26":"product_tag-limit-switch","27":"product_tag-overload-limiter","28":"product_tag-quick-connector","29":"product_tag-remote-controller","30":"product_tag-sound-and-light-alarm","31":"product_tag-wireless-remote-control","33":"first","34":"instock","35":"shipping-taxable","36":"product-type-simple","37":"entry","38":"content-bg","39":"loop-entry"},"yoast_head":"<!-- This site is optimized with the Yoast SEO plugin v24.5 - https:\/\/yoast.com\/wordpress\/plugins\/seo\/ -->\n<title>Crane pendant controller - Crane control handle-Crane Controls-Crane Parts Manufacturer<\/title>\n<meta name=\"description\" content=\"Crane control handle,Crane Controls,Crane pendant controller,Pendant controller manufacturer,Crane pendant controller Supplier,Crane Electrical Parts\" \/>\n<meta name=\"robots\" content=\"index, follow, max-snippet:-1, max-image-preview:large, max-video-preview:-1\" \/>\n<link rel=\"canonical\" href=\"https:\/\/www.hnhlcranes.com\/da\/produkt\/styring-af-kranpendel\/\" \/>\n<meta property=\"og:locale\" content=\"da_DK\" \/>\n<meta property=\"og:type\" content=\"article\" \/>\n<meta property=\"og:title\" content=\"Crane pendant controller - Crane control handle-Crane Controls-Crane Parts Manufacturer\" \/>\n<meta property=\"og:description\" content=\"Crane control handle,Crane Controls,Crane pendant controller,Pendant controller manufacturer,Crane pendant controller Supplier,Crane Electrical Parts\" \/>\n<meta property=\"og:url\" content=\"https:\/\/www.hnhlcranes.com\/da\/produkt\/styring-af-kranpendel\/\" \/>\n<meta property=\"og:site_name\" content=\"Crane Parts Manufacturer\" \/>\n<meta property=\"article:modified_time\" content=\"2025-01-14T15:46:32+00:00\" \/>\n<meta property=\"og:image\" content=\"https:\/\/www.hnhlcranes.com\/wp-content\/uploads\/2024\/12\/Crane-pendant-controller.jpg\" \/>\n\t<meta property=\"og:image:width\" content=\"600\" \/>\n\t<meta property=\"og:image:height\" content=\"600\" \/>\n\t<meta property=\"og:image:type\" content=\"image\/jpeg\" \/>\n<meta name=\"twitter:card\" content=\"summary_large_image\" \/>\n<meta name=\"twitter:label1\" content=\"Estimeret l\u00e6setid\" \/>\n\t<meta name=\"twitter:data1\" content=\"3 minutter\" \/>\n<script type=\"application\/ld+json\" class=\"yoast-schema-graph\">{\"@context\":\"https:\/\/schema.org\",\"@graph\":[{\"@type\":\"WebPage\",\"@id\":\"https:\/\/www.hnhlcranes.com\/product\/crane-pendant-controller\/\",\"url\":\"https:\/\/www.hnhlcranes.com\/product\/crane-pendant-controller\/\",\"name\":\"Crane pendant controller - Crane control handle-Crane Controls-Crane Parts Manufacturer\",\"isPartOf\":{\"@id\":\"https:\/\/www.hnhlcranes.com\/#website\"},\"primaryImageOfPage\":{\"@id\":\"https:\/\/www.hnhlcranes.com\/product\/crane-pendant-controller\/#primaryimage\"},\"image\":{\"@id\":\"https:\/\/www.hnhlcranes.com\/product\/crane-pendant-controller\/#primaryimage\"},\"thumbnailUrl\":\"https:\/\/www.hnhlcranes.com\/wp-content\/uploads\/2024\/12\/Crane-pendant-controller.jpg\",\"datePublished\":\"2024-12-05T14:58:36+00:00\",\"dateModified\":\"2025-01-14T15:46:32+00:00\",\"description\":\"Crane control handle,Crane Controls,Crane pendant controller,Pendant controller manufacturer,Crane pendant controller Supplier,Crane Electrical Parts\",\"breadcrumb\":{\"@id\":\"https:\/\/www.hnhlcranes.com\/product\/crane-pendant-controller\/#breadcrumb\"},\"inLanguage\":\"da-DK\",\"potentialAction\":[{\"@type\":\"ReadAction\",\"target\":[\"https:\/\/www.hnhlcranes.com\/product\/crane-pendant-controller\/\"]}]},{\"@type\":\"ImageObject\",\"inLanguage\":\"da-DK\",\"@id\":\"https:\/\/www.hnhlcranes.com\/product\/crane-pendant-controller\/#primaryimage\",\"url\":\"https:\/\/www.hnhlcranes.com\/wp-content\/uploads\/2024\/12\/Crane-pendant-controller.jpg\",\"contentUrl\":\"https:\/\/www.hnhlcranes.com\/wp-content\/uploads\/2024\/12\/Crane-pendant-controller.jpg\",\"width\":600,\"height\":600},{\"@type\":\"BreadcrumbList\",\"@id\":\"https:\/\/www.hnhlcranes.com\/product\/crane-pendant-controller\/#breadcrumb\",\"itemListElement\":[{\"@type\":\"ListItem\",\"position\":1,\"name\":\"home\",\"item\":\"https:\/\/www.hnhlcranes.com\/\"},{\"@type\":\"ListItem\",\"position\":2,\"name\":\"products\",\"item\":\"https:\/\/www.hnhlcranes.com\/products\/\"},{\"@type\":\"ListItem\",\"position\":3,\"name\":\"Crane pendant controller\"}]},{\"@type\":\"WebSite\",\"@id\":\"https:\/\/www.hnhlcranes.com\/#website\",\"url\":\"https:\/\/www.hnhlcranes.com\/\",\"name\":\"Crane Parts Manufacturer\",\"description\":\"Crane Wheels,Crane Drums,Crane Hooks,Crane Coupling,Crane End Carriage,Electric Hoist,European Crane Parts,Crane Rail Clip,Crane Spreader,Crane Motor,Crane Reducer,Crane Brake,Light Crane Parts,Workstation Crane Parts,Crane Electrical Parts,China Crane Parts Supplier,China Crane Parts Manufacturer,Angle box type crane wheel,45 degree split crane wheel,European crane wheel,Crane Wheel Blocks,Overhead crane drum,European crane drum,Overhead crane hook,European crane hook,Crane pulley block,Gear coupling,Brake wheel coupling,Drum gear coupling,Brake wheel drum gear coupling,Cardan Shaft Coupling,WZL drum coupling,Plum blossom elastic coupling,Brake wheel plum elastic coupling,European Single girder crane end carriage,European Double girder crane end carriage,European Suspension  crane end carriage,Wire Rope Electric Hoist,Electric Chain Hoist,European Single Girder Wire Rope Electric Hoist,European Double Girder Wire Rope Electric Hoist,Crane grab,Container spreader,Billet crane clamps,C-type hook,Lifting Electromagnet,YZR crane motor,YZP crane motor,ZQ Reducer,ZSC Reducer,QJ Reducer,QJ-L Reducer,QJY Reducer,H series gearbox,F Series Gear Motor,K Series Gear Motor,R Series Gear Motor,travelling machinery gear motor,Electro hydraulic drum brake,Electro hydraulic disc brake,Crane Safety brake,Crane cable trolley,Crane remote controller,Crane pendant controller,Crane electrical control cabinet,Crane limit switch,Crane sound and light alarm,Heavy Duty Aviation Connector,Crane overload limiter\",\"publisher\":{\"@id\":\"https:\/\/www.hnhlcranes.com\/#organization\"},\"potentialAction\":[{\"@type\":\"SearchAction\",\"target\":{\"@type\":\"EntryPoint\",\"urlTemplate\":\"https:\/\/www.hnhlcranes.com\/?s={search_term_string}\"},\"query-input\":{\"@type\":\"PropertyValueSpecification\",\"valueRequired\":true,\"valueName\":\"search_term_string\"}}],\"inLanguage\":\"da-DK\"},{\"@type\":\"Organization\",\"@id\":\"https:\/\/www.hnhlcranes.com\/#organization\",\"name\":\"Crane Parts Manufacturer\",\"url\":\"https:\/\/www.hnhlcranes.com\/\",\"logo\":{\"@type\":\"ImageObject\",\"inLanguage\":\"da-DK\",\"@id\":\"https:\/\/www.hnhlcranes.com\/#\/schema\/logo\/image\/\",\"url\":\"https:\/\/www.hnhlcranes.com\/wp-content\/uploads\/2025\/01\/HL-logo-1.png\",\"contentUrl\":\"https:\/\/www.hnhlcranes.com\/wp-content\/uploads\/2025\/01\/HL-logo-1.png\",\"width\":600,\"height\":169,\"caption\":\"Crane Parts Manufacturer\"},\"image\":{\"@id\":\"https:\/\/www.hnhlcranes.com\/#\/schema\/logo\/image\/\"}}]}<\/script>\n<!-- \/ Yoast SEO plugin. -->","yoast_head_json":{"title":"Crane pendant controller - Crane control handle-Crane Controls-Crane Parts Manufacturer","description":"Crane control handle,Crane Controls,Crane pendant controller,Pendant controller manufacturer,Crane pendant controller Supplier,Crane Electrical Parts","robots":{"index":"index","follow":"follow","max-snippet":"max-snippet:-1","max-image-preview":"max-image-preview:large","max-video-preview":"max-video-preview:-1"},"canonical":"https:\/\/www.hnhlcranes.com\/da\/produkt\/styring-af-kranpendel\/","og_locale":"da_DK","og_type":"article","og_title":"Crane pendant controller - Crane control handle-Crane Controls-Crane Parts Manufacturer","og_description":"Crane control handle,Crane Controls,Crane pendant controller,Pendant controller manufacturer,Crane pendant controller Supplier,Crane Electrical Parts","og_url":"https:\/\/www.hnhlcranes.com\/da\/produkt\/styring-af-kranpendel\/","og_site_name":"Crane Parts Manufacturer","article_modified_time":"2025-01-14T15:46:32+00:00","og_image":[{"width":600,"height":600,"url":"https:\/\/www.hnhlcranes.com\/wp-content\/uploads\/2024\/12\/Crane-pendant-controller.jpg","type":"image\/jpeg"}],"twitter_card":"summary_large_image","twitter_misc":{"Estimeret l\u00e6setid":"3 minutter"},"schema":{"@context":"https:\/\/schema.org","@graph":[{"@type":"WebPage","@id":"https:\/\/www.hnhlcranes.com\/product\/crane-pendant-controller\/","url":"https:\/\/www.hnhlcranes.com\/product\/crane-pendant-controller\/","name":"Crane pendant controller - Crane control handle-Crane Controls-Crane Parts Manufacturer","isPartOf":{"@id":"https:\/\/www.hnhlcranes.com\/#website"},"primaryImageOfPage":{"@id":"https:\/\/www.hnhlcranes.com\/product\/crane-pendant-controller\/#primaryimage"},"image":{"@id":"https:\/\/www.hnhlcranes.com\/product\/crane-pendant-controller\/#primaryimage"},"thumbnailUrl":"https:\/\/www.hnhlcranes.com\/wp-content\/uploads\/2024\/12\/Crane-pendant-controller.jpg","datePublished":"2024-12-05T14:58:36+00:00","dateModified":"2025-01-14T15:46:32+00:00","description":"Crane control handle,Crane Controls,Crane pendant controller,Pendant controller manufacturer,Crane pendant controller Supplier,Crane Electrical Parts","breadcrumb":{"@id":"https:\/\/www.hnhlcranes.com\/product\/crane-pendant-controller\/#breadcrumb"},"inLanguage":"da-DK","potentialAction":[{"@type":"ReadAction","target":["https:\/\/www.hnhlcranes.com\/product\/crane-pendant-controller\/"]}]},{"@type":"ImageObject","inLanguage":"da-DK","@id":"https:\/\/www.hnhlcranes.com\/product\/crane-pendant-controller\/#primaryimage","url":"https:\/\/www.hnhlcranes.com\/wp-content\/uploads\/2024\/12\/Crane-pendant-controller.jpg","contentUrl":"https:\/\/www.hnhlcranes.com\/wp-content\/uploads\/2024\/12\/Crane-pendant-controller.jpg","width":600,"height":600},{"@type":"BreadcrumbList","@id":"https:\/\/www.hnhlcranes.com\/product\/crane-pendant-controller\/#breadcrumb","itemListElement":[{"@type":"ListItem","position":1,"name":"home","item":"https:\/\/www.hnhlcranes.com\/"},{"@type":"ListItem","position":2,"name":"products","item":"https:\/\/www.hnhlcranes.com\/products\/"},{"@type":"ListItem","position":3,"name":"Crane pendant controller"}]},{"@type":"WebSite","@id":"https:\/\/www.hnhlcranes.com\/#website","url":"https:\/\/www.hnhlcranes.com\/","name":"Crane Parts Manufacturer","description":"Crane Wheels,Crane Drums,Crane Hooks,Crane Coupling,Crane End Carriage,Electric Hoist,European Crane Parts,Crane Rail Clip,Crane Spreader,Crane Motor,Crane Reducer,Crane Brake,Light Crane Parts,Workstation Crane Parts,Crane Electrical Parts,China Crane Parts Supplier,China Crane Parts Manufacturer,Angle box type crane wheel,45 degree split crane wheel,European crane wheel,Crane Wheel Blocks,Overhead crane drum,European crane drum,Overhead crane hook,European crane hook,Crane pulley block,Gear coupling,Brake wheel coupling,Drum gear coupling,Brake wheel drum gear coupling,Cardan Shaft Coupling,WZL drum coupling,Plum blossom elastic coupling,Brake wheel plum elastic coupling,European Single girder crane end carriage,European Double girder crane end carriage,European Suspension  crane end carriage,Wire Rope Electric Hoist,Electric Chain Hoist,European Single Girder Wire Rope Electric Hoist,European Double Girder Wire Rope Electric Hoist,Crane grab,Container spreader,Billet crane clamps,C-type hook,Lifting Electromagnet,YZR crane motor,YZP crane motor,ZQ Reducer,ZSC Reducer,QJ Reducer,QJ-L Reducer,QJY Reducer,H series gearbox,F Series Gear Motor,K Series Gear Motor,R Series Gear Motor,travelling machinery gear motor,Electro hydraulic drum brake,Electro hydraulic disc brake,Crane Safety brake,Crane cable trolley,Crane remote controller,Crane pendant controller,Crane electrical control cabinet,Crane limit switch,Crane sound and light alarm,Heavy Duty Aviation Connector,Crane overload limiter","publisher":{"@id":"https:\/\/www.hnhlcranes.com\/#organization"},"potentialAction":[{"@type":"SearchAction","target":{"@type":"EntryPoint","urlTemplate":"https:\/\/www.hnhlcranes.com\/?s={search_term_string}"},"query-input":{"@type":"PropertyValueSpecification","valueRequired":true,"valueName":"search_term_string"}}],"inLanguage":"da-DK"},{"@type":"Organization","@id":"https:\/\/www.hnhlcranes.com\/#organization","name":"Crane Parts Manufacturer","url":"https:\/\/www.hnhlcranes.com\/","logo":{"@type":"ImageObject","inLanguage":"da-DK","@id":"https:\/\/www.hnhlcranes.com\/#\/schema\/logo\/image\/","url":"https:\/\/www.hnhlcranes.com\/wp-content\/uploads\/2025\/01\/HL-logo-1.png","contentUrl":"https:\/\/www.hnhlcranes.com\/wp-content\/uploads\/2025\/01\/HL-logo-1.png","width":600,"height":169,"caption":"Crane Parts Manufacturer"},"image":{"@id":"https:\/\/www.hnhlcranes.com\/#\/schema\/logo\/image\/"}}]}},"_links":{"self":[{"href":"https:\/\/www.hnhlcranes.com\/da\/wp-json\/wp\/v2\/product\/5753","targetHints":{"allow":["GET"]}}],"collection":[{"href":"https:\/\/www.hnhlcranes.com\/da\/wp-json\/wp\/v2\/product"}],"about":[{"href":"https:\/\/www.hnhlcranes.com\/da\/wp-json\/wp\/v2\/types\/product"}],"version-history":[{"count":2,"href":"https:\/\/www.hnhlcranes.com\/da\/wp-json\/wp\/v2\/product\/5753\/revisions"}],"predecessor-version":[{"id":7465,"href":"https:\/\/www.hnhlcranes.com\/da\/wp-json\/wp\/v2\/product\/5753\/revisions\/7465"}],"wp:featuredmedia":[{"embeddable":true,"href":"https:\/\/www.hnhlcranes.com\/da\/wp-json\/wp\/v2\/media\/7464"}],"wp:attachment":[{"href":"https:\/\/www.hnhlcranes.com\/da\/wp-json\/wp\/v2\/media?parent=5753"}],"wp:term":[{"taxonomy":"product_brand","embeddable":true,"href":"https:\/\/www.hnhlcranes.com\/da\/wp-json\/wp\/v2\/product_brand?post=5753"},{"taxonomy":"product_cat","embeddable":true,"href":"https:\/\/www.hnhlcranes.com\/da\/wp-json\/wp\/v2\/product_cat?post=5753"},{"taxonomy":"product_tag","embeddable":true,"href":"https:\/\/www.hnhlcranes.com\/da\/wp-json\/wp\/v2\/product_tag?post=5753"}],"curies":[{"name":"wp","href":"https:\/\/api.w.org\/{rel}","templated":true}]}}