{"id":5763,"date":"2024-12-05T23:37:16","date_gmt":"2024-12-05T15:37:16","guid":{"rendered":"https:\/\/www.hnhlcranes.com\/?post_type=product&#038;p=5763"},"modified":"2025-01-14T23:58:43","modified_gmt":"2025-01-14T15:58:43","slug":"kranens-elektriske-kontrolskab","status":"publish","type":"product","link":"https:\/\/www.hnhlcranes.com\/da\/produkt\/kranens-elektriske-kontrolskab\/","title":{"rendered":"Kranens elektriske kontrolskab"},"content":{"rendered":"<div class=\"flex max-w-full flex-col flex-grow\">\n<div class=\"min-h-8 text-message flex w-full flex-col items-end gap-2 whitespace-normal break-words text-start [.text-message+&amp;]:mt-5\" dir=\"auto\" data-message-author-role=\"assistant\" data-message-id=\"c900b7fa-04cb-4382-81d9-3bfa02a01192\" data-message-model-slug=\"gpt-4o\">\n<div class=\"flex w-full flex-col gap-1 empty:hidden first:pt-[3px]\">\n<div class=\"markdown prose w-full break-words dark:prose-invert light\">\n<h3>Introduktion til kranens styreskab<\/h3>\n<p>Kranens styreskab er en n\u00f8glekomponent i det elektriske styresystem til kraner og l\u00f8fteudstyr. Det fungerer som det centrale knudepunkt for styring og regulering af forskellige kranoperationer, herunder l\u00f8ft, s\u00e6nkning, k\u00f8rsel og rotation. Ved at rumme vigtige kontrolelementer, sikkerhedsanordninger og str\u00f8mfordelingssystemer sikrer kranens styreskab en effektiv, sikker og p\u00e5lidelig drift af kraner p\u00e5 tv\u00e6rs af en lang r\u00e6kke industrielle anvendelser.<\/p>\n<h3>Vigtige egenskaber og funktioner<\/h3>\n<ol>\n<li><strong>Centraliseret kontrol<\/strong>: Kontrolskabet rummer forskellige kontrolelementer som motorstartere, rel\u00e6er, kontaktorer og str\u00f8mafbrydere. Disse komponenter arbejder sammen om at styre kranens bev\u00e6gelser og beskytte systemet mod elektriske fejl.<\/li>\n<li><strong>Str\u00f8mfordeling<\/strong>: Styreskabet er ansvarligt for at fordele str\u00f8mmen til forskellige dele af kranen, herunder hejsev\u00e6rket, vognen og k\u00f8remotorerne. Det sikrer, at der leveres den n\u00f8dvendige str\u00f8m til hver motor, s\u00e5 driften bliver j\u00e6vn og p\u00e5lidelig.<\/li>\n<li><strong>Sikkerhed og beskyttelse<\/strong>: Kranens styreskab er udstyret med flere sikkerhedsfunktioner, bl.a. overbelastningsbeskyttelse, kortslutningsbeskyttelse og n\u00f8dstopkredsl\u00f8b. Disse funktioner forhindrer ulykker og skader p\u00e5 udstyret og sikrer b\u00e5de operat\u00f8rens og kransystemets sikkerhed.<\/li>\n<li><strong>Automatisering og overv\u00e5gning<\/strong>: Mange moderne kranstyringsskabe indeholder automatiseringssystemer, som f.eks. programmerbare logiske controllere (PLC'er) og menneske-maskine-gr\u00e6nseflader (HMI'er). Disse systemer muligg\u00f8r fjernoverv\u00e5gning og automatisk styring af kranen, hvilket reducerer behovet for manuel indgriben og forbedrer driftseffektiviteten.<\/li>\n<li><strong>Tilpasning<\/strong>: Kranstyringsskabets design kan tilpasses ud fra kranens specifikke behov, f.eks. motorantal, belastningstyper og driftsmilj\u00f8. Denne fleksibilitet sikrer, at styreskabet opfylder de unikke krav i forskellige brancher, herunder byggeri, produktion og havnelogistik.<\/li>\n<\/ol>\n<h3>Kranens styreskabet Applikationer<\/h3>\n<p>Kranens styreskab bruges i vid udstr\u00e6kning i forskellige industrielle milj\u00f8er, herunder:<\/p>\n<ul>\n<li><strong>Industrielle kraner<\/strong>: Den bruges til at styre traverskraner, portalkraner og svingkraner i fabrikker, lagerbygninger og produktionsanl\u00e6g.<\/li>\n<li><strong>Havnekraner<\/strong>: Det er vigtigt at styre kraner til containerh\u00e5ndtering, skibsv\u00e6rftskraner og kraner til bulkmaterialer i havne.<\/li>\n<li><strong>Minedrift<\/strong>: Styreskabet spiller en afg\u00f8rende rolle i styringen og fordelingen af str\u00f8m til kraner, der bruges til minelifte og andre tunge l\u00f8fteopgaver.<\/li>\n<li><strong>Byggepladser<\/strong>: Det bruges til at styre t\u00e5rnkraner, materialehejs og andet l\u00f8fteudstyr i byggeriet.<\/li>\n<\/ul>\n<h6><strong><span style=\"font-family: arial, helvetica, sans-serif; font-size: 18pt;\">Installation og vedligeholdelse<\/span><\/strong><\/h6>\n<p>F\u00f8lg disse retningslinjer under installation og vedligeholdelse for at sikre optimal ydelse:<\/p>\n<ol>\n<li><strong>Forbindelser af metal<\/strong>:<br \/>\nForbind alle metaldele korrekt, is\u00e6r malede eller anodiserede overflader, ved hj\u00e6lp af specialiserede kontaktpuder.<\/li>\n<li><strong>Layout af komponenter<\/strong>:<br \/>\nAnbring komponenterne logisk, og s\u00f8rg for en minimumsafstand p\u00e5 200 mm mellem drev og f\u00f8lsomme elektriske dele for at minimere elektromagnetisk interferens.<\/li>\n<li><strong>Milj\u00f8m\u00e6ssige forhold<\/strong>:\n<ul>\n<li><strong>H\u00f8jde<\/strong>: Under 2000 meter.<\/li>\n<li><strong>Temperatur<\/strong>: -30\u00b0C til +40\u00b0C.<\/li>\n<li><strong>Fugtighed<\/strong>: \u2264 85%.<\/li>\n<li><strong>Stabilitet<\/strong>: Undg\u00e5 omr\u00e5der med store vibrationer eller rystelser.<\/li>\n<li><strong>Sikkerhed<\/strong>: S\u00f8rg for, at der ikke er eksplosive gasser eller dampe.<\/li>\n<\/ul>\n<\/li>\n<\/ol>\n<h3>Konklusion<\/h3>\n<p>Konklusionen er, at kranens styreskab er afg\u00f8rende for en sikker, effektiv og p\u00e5lidelig drift af kraner. Ved at centralisere styringen, distribuere str\u00f8m og integrere sikkerhedsfunktioner sikrer det j\u00e6vne kranbev\u00e6gelser og minimerer samtidig risikoen for systemfejl. Takket v\u00e6re det brugertilpassede design kan kranstyringsskabet opfylde de specifikke behov i forskellige brancher og bidrage til \u00f8get produktivitet og driftssikkerhed.<\/p>\n<\/div>\n<\/div>\n<\/div>\n<\/div>","protected":false},"excerpt":{"rendered":"<p>Kontrolskab, str\u00f8mskab, signalskab, specialskab, dataindsamlingsskab, elektrisk kontrolskab til kran, elektrisk kontrolskab, kontrolskab til kran<\/p>","protected":false},"featured_media":7472,"template":"","meta":{"_kad_post_transparent":"default","_kad_post_title":"","_kad_post_layout":"default","_kad_post_sidebar_id":"","_kad_post_content_style":"default","_kad_post_vertical_padding":"show","_kad_post_feature":"","_kad_post_feature_position":"","_kad_post_header":false,"_kad_post_footer":false},"product_brand":[],"product_cat":[65],"product_tag":[632,622,376,634,612,616,626,627,629,613,617,620,615,614,618,628,619,621,623,630,635,633,625,631,624],"class_list":{"0":"post-5763","1":"product","2":"type-product","3":"status-publish","4":"has-post-thumbnail","6":"product_cat-crane-electrical-parts","7":"product_tag-aviation-plug","8":"product_tag-cable-trolley","9":"product_tag-china-crane-parts-supplier","10":"product_tag-crane-aviation-plug","11":"product_tag-crane-cable-trolley","12":"product_tag-crane-control-cabinet","13":"product_tag-crane-control-handle","14":"product_tag-crane-controls","15":"product_tag-crane-electrical-control-cabinet","16":"product_tag-crane-electrical-part","17":"product_tag-crane-limit-switch","18":"product_tag-crane-overload-limiter","19":"product_tag-crane-pendant-controller","20":"product_tag-crane-remote-controller","21":"product_tag-crane-sound-and-light-alarm","22":"product_tag-electrical-control-cabinet","23":"product_tag-heavy-duty-aviation-connector","24":"product_tag-i-beam-cable-trolley","25":"product_tag-i-beam-cable-trolley-supplier","26":"product_tag-limit-switch","27":"product_tag-overload-limiter","28":"product_tag-quick-connector","29":"product_tag-remote-controller","30":"product_tag-sound-and-light-alarm","31":"product_tag-wireless-remote-control","33":"first","34":"instock","35":"featured","36":"shipping-taxable","37":"product-type-simple","38":"entry","39":"content-bg","40":"loop-entry"},"yoast_head":"<!-- This site is optimized with the Yoast SEO plugin v24.5 - https:\/\/yoast.com\/wordpress\/plugins\/seo\/ -->\n<title>Crane electrical control cabinet -electrical control cabinet- Crane Parts Manufacturer<\/title>\n<meta name=\"description\" content=\"electrical control cabinet,crane control cabinet,Crane electrical control cabinet,Electrical control cabinet manufacturer,Crane Electrical Parts\" \/>\n<meta name=\"robots\" content=\"index, follow, max-snippet:-1, max-image-preview:large, max-video-preview:-1\" \/>\n<link rel=\"canonical\" href=\"https:\/\/www.hnhlcranes.com\/da\/produkt\/kranens-elektriske-kontrolskab\/\" \/>\n<meta property=\"og:locale\" content=\"da_DK\" \/>\n<meta property=\"og:type\" content=\"article\" \/>\n<meta property=\"og:title\" content=\"Crane electrical control cabinet -electrical control cabinet- Crane Parts Manufacturer\" \/>\n<meta property=\"og:description\" content=\"electrical control cabinet,crane control cabinet,Crane electrical control cabinet,Electrical control cabinet manufacturer,Crane Electrical Parts\" \/>\n<meta property=\"og:url\" content=\"https:\/\/www.hnhlcranes.com\/da\/produkt\/kranens-elektriske-kontrolskab\/\" \/>\n<meta property=\"og:site_name\" content=\"Crane Parts Manufacturer\" \/>\n<meta property=\"article:modified_time\" content=\"2025-01-14T15:58:43+00:00\" \/>\n<meta property=\"og:image\" content=\"https:\/\/www.hnhlcranes.com\/wp-content\/uploads\/2024\/12\/Crane-control-cabinet.jpg\" \/>\n\t<meta property=\"og:image:width\" content=\"600\" \/>\n\t<meta property=\"og:image:height\" content=\"600\" \/>\n\t<meta property=\"og:image:type\" content=\"image\/jpeg\" \/>\n<meta name=\"twitter:card\" content=\"summary_large_image\" \/>\n<meta name=\"twitter:label1\" content=\"Estimeret l\u00e6setid\" \/>\n\t<meta name=\"twitter:data1\" content=\"3 minutter\" \/>\n<script type=\"application\/ld+json\" class=\"yoast-schema-graph\">{\"@context\":\"https:\/\/schema.org\",\"@graph\":[{\"@type\":\"WebPage\",\"@id\":\"https:\/\/www.hnhlcranes.com\/product\/crane-electrical-control-cabinet\/\",\"url\":\"https:\/\/www.hnhlcranes.com\/product\/crane-electrical-control-cabinet\/\",\"name\":\"Crane electrical control cabinet -electrical control cabinet- Crane Parts Manufacturer\",\"isPartOf\":{\"@id\":\"https:\/\/www.hnhlcranes.com\/#website\"},\"primaryImageOfPage\":{\"@id\":\"https:\/\/www.hnhlcranes.com\/product\/crane-electrical-control-cabinet\/#primaryimage\"},\"image\":{\"@id\":\"https:\/\/www.hnhlcranes.com\/product\/crane-electrical-control-cabinet\/#primaryimage\"},\"thumbnailUrl\":\"https:\/\/www.hnhlcranes.com\/wp-content\/uploads\/2024\/12\/Crane-control-cabinet.jpg\",\"datePublished\":\"2024-12-05T15:37:16+00:00\",\"dateModified\":\"2025-01-14T15:58:43+00:00\",\"description\":\"electrical control cabinet,crane control cabinet,Crane electrical control cabinet,Electrical control cabinet manufacturer,Crane Electrical Parts\",\"breadcrumb\":{\"@id\":\"https:\/\/www.hnhlcranes.com\/product\/crane-electrical-control-cabinet\/#breadcrumb\"},\"inLanguage\":\"da-DK\",\"potentialAction\":[{\"@type\":\"ReadAction\",\"target\":[\"https:\/\/www.hnhlcranes.com\/product\/crane-electrical-control-cabinet\/\"]}]},{\"@type\":\"ImageObject\",\"inLanguage\":\"da-DK\",\"@id\":\"https:\/\/www.hnhlcranes.com\/product\/crane-electrical-control-cabinet\/#primaryimage\",\"url\":\"https:\/\/www.hnhlcranes.com\/wp-content\/uploads\/2024\/12\/Crane-control-cabinet.jpg\",\"contentUrl\":\"https:\/\/www.hnhlcranes.com\/wp-content\/uploads\/2024\/12\/Crane-control-cabinet.jpg\",\"width\":600,\"height\":600},{\"@type\":\"BreadcrumbList\",\"@id\":\"https:\/\/www.hnhlcranes.com\/product\/crane-electrical-control-cabinet\/#breadcrumb\",\"itemListElement\":[{\"@type\":\"ListItem\",\"position\":1,\"name\":\"home\",\"item\":\"https:\/\/www.hnhlcranes.com\/\"},{\"@type\":\"ListItem\",\"position\":2,\"name\":\"products\",\"item\":\"https:\/\/www.hnhlcranes.com\/products\/\"},{\"@type\":\"ListItem\",\"position\":3,\"name\":\"Crane electrical control cabinet\"}]},{\"@type\":\"WebSite\",\"@id\":\"https:\/\/www.hnhlcranes.com\/#website\",\"url\":\"https:\/\/www.hnhlcranes.com\/\",\"name\":\"Crane Parts Manufacturer\",\"description\":\"Crane Wheels,Crane Drums,Crane Hooks,Crane Coupling,Crane End Carriage,Electric Hoist,European Crane Parts,Crane Rail Clip,Crane Spreader,Crane Motor,Crane Reducer,Crane Brake,Light Crane Parts,Workstation Crane Parts,Crane Electrical Parts,China Crane Parts Supplier,China Crane Parts Manufacturer,Angle box type crane wheel,45 degree split crane wheel,European crane wheel,Crane Wheel Blocks,Overhead crane drum,European crane drum,Overhead crane hook,European crane hook,Crane pulley block,Gear coupling,Brake wheel coupling,Drum gear coupling,Brake wheel drum gear coupling,Cardan Shaft Coupling,WZL drum coupling,Plum blossom elastic coupling,Brake wheel plum elastic coupling,European Single girder crane end carriage,European Double girder crane end carriage,European Suspension  crane end carriage,Wire Rope Electric Hoist,Electric Chain Hoist,European Single Girder Wire Rope Electric Hoist,European Double Girder Wire Rope Electric Hoist,Crane grab,Container spreader,Billet crane clamps,C-type hook,Lifting Electromagnet,YZR crane motor,YZP crane motor,ZQ Reducer,ZSC Reducer,QJ Reducer,QJ-L Reducer,QJY Reducer,H series gearbox,F Series Gear Motor,K Series Gear Motor,R Series Gear Motor,travelling machinery gear motor,Electro hydraulic drum brake,Electro hydraulic disc brake,Crane Safety brake,Crane cable trolley,Crane remote controller,Crane pendant controller,Crane electrical control cabinet,Crane limit switch,Crane sound and light alarm,Heavy Duty Aviation Connector,Crane overload limiter\",\"publisher\":{\"@id\":\"https:\/\/www.hnhlcranes.com\/#organization\"},\"potentialAction\":[{\"@type\":\"SearchAction\",\"target\":{\"@type\":\"EntryPoint\",\"urlTemplate\":\"https:\/\/www.hnhlcranes.com\/?s={search_term_string}\"},\"query-input\":{\"@type\":\"PropertyValueSpecification\",\"valueRequired\":true,\"valueName\":\"search_term_string\"}}],\"inLanguage\":\"da-DK\"},{\"@type\":\"Organization\",\"@id\":\"https:\/\/www.hnhlcranes.com\/#organization\",\"name\":\"Crane Parts Manufacturer\",\"url\":\"https:\/\/www.hnhlcranes.com\/\",\"logo\":{\"@type\":\"ImageObject\",\"inLanguage\":\"da-DK\",\"@id\":\"https:\/\/www.hnhlcranes.com\/#\/schema\/logo\/image\/\",\"url\":\"https:\/\/www.hnhlcranes.com\/wp-content\/uploads\/2025\/01\/HL-logo-1.png\",\"contentUrl\":\"https:\/\/www.hnhlcranes.com\/wp-content\/uploads\/2025\/01\/HL-logo-1.png\",\"width\":600,\"height\":169,\"caption\":\"Crane Parts Manufacturer\"},\"image\":{\"@id\":\"https:\/\/www.hnhlcranes.com\/#\/schema\/logo\/image\/\"}}]}<\/script>\n<!-- \/ Yoast SEO plugin. -->","yoast_head_json":{"title":"Crane electrical control cabinet -electrical control cabinet- Crane Parts Manufacturer","description":"electrical control cabinet,crane control cabinet,Crane electrical control cabinet,Electrical control cabinet manufacturer,Crane Electrical Parts","robots":{"index":"index","follow":"follow","max-snippet":"max-snippet:-1","max-image-preview":"max-image-preview:large","max-video-preview":"max-video-preview:-1"},"canonical":"https:\/\/www.hnhlcranes.com\/da\/produkt\/kranens-elektriske-kontrolskab\/","og_locale":"da_DK","og_type":"article","og_title":"Crane electrical control cabinet -electrical control cabinet- Crane Parts Manufacturer","og_description":"electrical control cabinet,crane control cabinet,Crane electrical control cabinet,Electrical control cabinet manufacturer,Crane Electrical Parts","og_url":"https:\/\/www.hnhlcranes.com\/da\/produkt\/kranens-elektriske-kontrolskab\/","og_site_name":"Crane Parts Manufacturer","article_modified_time":"2025-01-14T15:58:43+00:00","og_image":[{"width":600,"height":600,"url":"https:\/\/www.hnhlcranes.com\/wp-content\/uploads\/2024\/12\/Crane-control-cabinet.jpg","type":"image\/jpeg"}],"twitter_card":"summary_large_image","twitter_misc":{"Estimeret l\u00e6setid":"3 minutter"},"schema":{"@context":"https:\/\/schema.org","@graph":[{"@type":"WebPage","@id":"https:\/\/www.hnhlcranes.com\/product\/crane-electrical-control-cabinet\/","url":"https:\/\/www.hnhlcranes.com\/product\/crane-electrical-control-cabinet\/","name":"Crane electrical control cabinet -electrical control cabinet- Crane Parts Manufacturer","isPartOf":{"@id":"https:\/\/www.hnhlcranes.com\/#website"},"primaryImageOfPage":{"@id":"https:\/\/www.hnhlcranes.com\/product\/crane-electrical-control-cabinet\/#primaryimage"},"image":{"@id":"https:\/\/www.hnhlcranes.com\/product\/crane-electrical-control-cabinet\/#primaryimage"},"thumbnailUrl":"https:\/\/www.hnhlcranes.com\/wp-content\/uploads\/2024\/12\/Crane-control-cabinet.jpg","datePublished":"2024-12-05T15:37:16+00:00","dateModified":"2025-01-14T15:58:43+00:00","description":"electrical control cabinet,crane control cabinet,Crane electrical control cabinet,Electrical control cabinet manufacturer,Crane Electrical Parts","breadcrumb":{"@id":"https:\/\/www.hnhlcranes.com\/product\/crane-electrical-control-cabinet\/#breadcrumb"},"inLanguage":"da-DK","potentialAction":[{"@type":"ReadAction","target":["https:\/\/www.hnhlcranes.com\/product\/crane-electrical-control-cabinet\/"]}]},{"@type":"ImageObject","inLanguage":"da-DK","@id":"https:\/\/www.hnhlcranes.com\/product\/crane-electrical-control-cabinet\/#primaryimage","url":"https:\/\/www.hnhlcranes.com\/wp-content\/uploads\/2024\/12\/Crane-control-cabinet.jpg","contentUrl":"https:\/\/www.hnhlcranes.com\/wp-content\/uploads\/2024\/12\/Crane-control-cabinet.jpg","width":600,"height":600},{"@type":"BreadcrumbList","@id":"https:\/\/www.hnhlcranes.com\/product\/crane-electrical-control-cabinet\/#breadcrumb","itemListElement":[{"@type":"ListItem","position":1,"name":"home","item":"https:\/\/www.hnhlcranes.com\/"},{"@type":"ListItem","position":2,"name":"products","item":"https:\/\/www.hnhlcranes.com\/products\/"},{"@type":"ListItem","position":3,"name":"Crane electrical control cabinet"}]},{"@type":"WebSite","@id":"https:\/\/www.hnhlcranes.com\/#website","url":"https:\/\/www.hnhlcranes.com\/","name":"Crane Parts Manufacturer","description":"Crane Wheels,Crane Drums,Crane Hooks,Crane Coupling,Crane End Carriage,Electric Hoist,European Crane Parts,Crane Rail Clip,Crane Spreader,Crane Motor,Crane Reducer,Crane Brake,Light Crane Parts,Workstation Crane Parts,Crane Electrical Parts,China Crane Parts Supplier,China Crane Parts Manufacturer,Angle box type crane wheel,45 degree split crane wheel,European crane wheel,Crane Wheel Blocks,Overhead crane drum,European crane drum,Overhead crane hook,European crane hook,Crane pulley block,Gear coupling,Brake wheel coupling,Drum gear coupling,Brake wheel drum gear coupling,Cardan Shaft Coupling,WZL drum coupling,Plum blossom elastic coupling,Brake wheel plum elastic coupling,European Single girder crane end carriage,European Double girder crane end carriage,European Suspension  crane end carriage,Wire Rope Electric Hoist,Electric Chain Hoist,European Single Girder Wire Rope Electric Hoist,European Double Girder Wire Rope Electric Hoist,Crane grab,Container spreader,Billet crane clamps,C-type hook,Lifting Electromagnet,YZR crane motor,YZP crane motor,ZQ Reducer,ZSC Reducer,QJ Reducer,QJ-L Reducer,QJY Reducer,H series gearbox,F Series Gear Motor,K Series Gear Motor,R Series Gear Motor,travelling machinery gear motor,Electro hydraulic drum brake,Electro hydraulic disc brake,Crane Safety brake,Crane cable trolley,Crane remote controller,Crane pendant controller,Crane electrical control cabinet,Crane limit switch,Crane sound and light alarm,Heavy Duty Aviation Connector,Crane overload limiter","publisher":{"@id":"https:\/\/www.hnhlcranes.com\/#organization"},"potentialAction":[{"@type":"SearchAction","target":{"@type":"EntryPoint","urlTemplate":"https:\/\/www.hnhlcranes.com\/?s={search_term_string}"},"query-input":{"@type":"PropertyValueSpecification","valueRequired":true,"valueName":"search_term_string"}}],"inLanguage":"da-DK"},{"@type":"Organization","@id":"https:\/\/www.hnhlcranes.com\/#organization","name":"Crane Parts Manufacturer","url":"https:\/\/www.hnhlcranes.com\/","logo":{"@type":"ImageObject","inLanguage":"da-DK","@id":"https:\/\/www.hnhlcranes.com\/#\/schema\/logo\/image\/","url":"https:\/\/www.hnhlcranes.com\/wp-content\/uploads\/2025\/01\/HL-logo-1.png","contentUrl":"https:\/\/www.hnhlcranes.com\/wp-content\/uploads\/2025\/01\/HL-logo-1.png","width":600,"height":169,"caption":"Crane Parts Manufacturer"},"image":{"@id":"https:\/\/www.hnhlcranes.com\/#\/schema\/logo\/image\/"}}]}},"_links":{"self":[{"href":"https:\/\/www.hnhlcranes.com\/da\/wp-json\/wp\/v2\/product\/5763","targetHints":{"allow":["GET"]}}],"collection":[{"href":"https:\/\/www.hnhlcranes.com\/da\/wp-json\/wp\/v2\/product"}],"about":[{"href":"https:\/\/www.hnhlcranes.com\/da\/wp-json\/wp\/v2\/types\/product"}],"version-history":[{"count":3,"href":"https:\/\/www.hnhlcranes.com\/da\/wp-json\/wp\/v2\/product\/5763\/revisions"}],"predecessor-version":[{"id":7475,"href":"https:\/\/www.hnhlcranes.com\/da\/wp-json\/wp\/v2\/product\/5763\/revisions\/7475"}],"wp:featuredmedia":[{"embeddable":true,"href":"https:\/\/www.hnhlcranes.com\/da\/wp-json\/wp\/v2\/media\/7472"}],"wp:attachment":[{"href":"https:\/\/www.hnhlcranes.com\/da\/wp-json\/wp\/v2\/media?parent=5763"}],"wp:term":[{"taxonomy":"product_brand","embeddable":true,"href":"https:\/\/www.hnhlcranes.com\/da\/wp-json\/wp\/v2\/product_brand?post=5763"},{"taxonomy":"product_cat","embeddable":true,"href":"https:\/\/www.hnhlcranes.com\/da\/wp-json\/wp\/v2\/product_cat?post=5763"},{"taxonomy":"product_tag","embeddable":true,"href":"https:\/\/www.hnhlcranes.com\/da\/wp-json\/wp\/v2\/product_tag?post=5763"}],"curies":[{"name":"wp","href":"https:\/\/api.w.org\/{rel}","templated":true}]}}