{"id":5820,"date":"2024-12-06T01:29:13","date_gmt":"2024-12-05T17:29:13","guid":{"rendered":"https:\/\/www.hnhlcranes.com\/?post_type=product&#038;p=5820"},"modified":"2025-01-16T16:14:10","modified_gmt":"2025-01-16T08:14:10","slug":"kranens-overbelastningsbegraenser","status":"publish","type":"product","link":"https:\/\/www.hnhlcranes.com\/da\/produkt\/kranens-overbelastningsbegraenser\/","title":{"rendered":"Kranens overbelastningsbegr\u00e6nser"},"content":{"rendered":"<div class=\"flex-1 overflow-hidden\">\n<div class=\"h-full\">\n<div class=\"react-scroll-to-bottom--css-fbdqh-79elbk h-full\">\n<div class=\"react-scroll-to-bottom--css-fbdqh-1n7m0yu\">\n<div class=\"flex flex-col text-sm md:pb-9\">\n<article class=\"w-full scroll-mb-[var(--thread-trailing-height,150px)] text-token-text-primary focus-visible:outline-2 focus-visible:outline-offset-[-4px]\" dir=\"auto\" data-testid=\"conversation-turn-17\" data-scroll-anchor=\"true\">\n<div class=\"m-auto text-base py-[18px] px-3 md:px-4 w-full md:px-5 lg:px-4 xl:px-5\">\n<div class=\"mx-auto flex flex-1 gap-4 text-base md:gap-5 lg:gap-6 md:max-w-3xl lg:max-w-[40rem] xl:max-w-[48rem]\">\n<div class=\"group\/conversation-turn relative flex w-full min-w-0 flex-col agent-turn\">\n<div class=\"flex-col gap-1 md:gap-3\">\n<div class=\"flex max-w-full flex-col flex-grow\">\n<div class=\"min-h-8 text-message flex w-full flex-col items-end gap-2 whitespace-normal break-words text-start [.text-message+&amp;]:mt-5\" dir=\"auto\" data-message-author-role=\"assistant\" data-message-id=\"6538a722-2ad3-40cd-9770-c47786dcb06e\" data-message-model-slug=\"gpt-4o\">\n<div class=\"flex w-full flex-col gap-1 empty:hidden first:pt-[3px]\">\n<div class=\"markdown prose w-full break-words dark:prose-invert light\">\n<div class=\"flex max-w-full flex-col flex-grow\">\n<div class=\"min-h-8 text-message flex w-full flex-col items-end gap-2 whitespace-normal break-words text-start [.text-message+&amp;]:mt-5\" dir=\"auto\" data-message-author-role=\"assistant\" data-message-id=\"4161658d-c029-4f43-843c-307ecec1274a\" data-message-model-slug=\"gpt-4o\">\n<div class=\"flex w-full flex-col gap-1 empty:hidden first:pt-[3px]\">\n<div class=\"markdown prose w-full break-words dark:prose-invert light\">\n<h3><strong>Milj\u00f8m\u00e6ssig egnethed <\/strong>af kranens overbelastningsbegr\u00e6nser<\/h3>\n<ol>\n<li><strong>Milj\u00f8er med h\u00f8j og lav temperatur:<\/strong>\n<ul>\n<li>Kranens overbelastningsbegr\u00e6nsere er i stand til at fungere p\u00e5lideligt i et bredt temperaturomr\u00e5de, typisk fra -40 \u00b0C til +85 \u00b0C, hvilket g\u00f8r dem velegnede til b\u00e5de h\u00f8je og lave temperaturer.<\/li>\n<\/ul>\n<\/li>\n<li><strong>Fugtige og vandt\u00e6tte milj\u00f8er:<\/strong>\n<ul>\n<li>Disse begr\u00e6nsere har typisk en beskyttelsesgrad p\u00e5 IP65 eller h\u00f8jere, hvilket forhindrer vand og st\u00f8v i at tr\u00e6nge ind i enheden. Det g\u00f8r dem ideelle til brug i fugtige, st\u00f8vede eller barske vejrforhold.<\/li>\n<\/ul>\n<\/li>\n<\/ol>\n<h3><strong>Vigtigste funktioner <\/strong>af kranens overbelastningsbegr\u00e6nser<\/h3>\n<ol>\n<li><strong>Overv\u00e5gning af belastning og forebyggelse af overbelastning:<\/strong>\n<ul>\n<li>Overbelastningsbegr\u00e6nseren overv\u00e5ger l\u00f8bende belastningen p\u00e5 krogen og sammenligner den med kranens nominelle kapacitet. Hvis belastningen overskrider den sikre gr\u00e6nse, begr\u00e6nser systemet automatisk yderligere l\u00f8ft.<\/li>\n<\/ul>\n<\/li>\n<li><strong>Automatisk alarm:<\/strong>\n<ul>\n<li>N\u00e5r belastningen n\u00e6rmer sig eller overskrider sikkerhedst\u00e6rsklen, udl\u00f8ser systemet en alarm, herunder lyd- og billedsignaler, der advarer operat\u00f8ren om at tr\u00e6ffe korrigerende foranstaltninger og forhindre yderligere overbelastning.<\/li>\n<\/ul>\n<\/li>\n<li><strong>Operationel beskyttelse:<\/strong>\n<ul>\n<li>Overbelastningsbegr\u00e6nseren kan interagere med kranens styresystem for automatisk at reducere l\u00f8ftehastigheden eller helt stoppe yderligere l\u00f8fteoperationer, hvilket forhindrer skader p\u00e5 udstyret eller sikkerhedsrisici for\u00e5rsaget af overbelastning.<\/li>\n<\/ul>\n<\/li>\n<li><strong>Datalagring og -analyse:<\/strong>\n<ul>\n<li>Begr\u00e6nseren er normalt udstyret med datalagringsfunktioner, s\u00e5 den kan registrere historiske belastningsdata, alarmoplysninger og andre driftsdetaljer. Det hj\u00e6lper med analyse, diagnosticering og vedligeholdelse efter drift. Nogle modeller underst\u00f8tter ogs\u00e5 fjernoverv\u00e5gning og download af data.<\/li>\n<\/ul>\n<\/li>\n<li><strong>Fjernbetjening og advarsler:<\/strong>\n<ul>\n<li>Nogle modeller har funktioner til fjernoverv\u00e5gning og -styring, s\u00e5 operat\u00f8rer eller ledere kan se lastdata og alarmoplysninger p\u00e5 afstand, hvilket forbedrer den generelle sikkerhed under kranarbejde.<\/li>\n<\/ul>\n<\/li>\n<\/ol>\n<h3><strong>Arbejdsprincip<\/strong><\/h3>\n<ol>\n<li><strong>M\u00e5ling af belastning:<\/strong>\n<ul>\n<li>Kranens overbelastningsbegr\u00e6nser bruger sensorer, f.eks. tryksensorer, sp\u00e6ndingssensorer eller forskydningssensorer, til at m\u00e5le belastningen p\u00e5 krogen i realtid. Sensorerne sender disse data til kontrolsystemet til behandling.<\/li>\n<\/ul>\n<\/li>\n<li><strong>Databehandling og sammenligning:<\/strong>\n<ul>\n<li>N\u00e5r styresystemet modtager sensordataene, sammenligner det den aktuelle belastning med den forudindstillede sikkerhedsgr\u00e6nse. Hvis belastningen overskrider gr\u00e6nsen, udl\u00f8ser systemet straks alarmen og aktiverer beskyttelsesmekanismen.<\/li>\n<\/ul>\n<\/li>\n<li><strong>Alarm- og beskyttelsesmekanisme:<\/strong>\n<ul>\n<li>N\u00e5r belastningen overskrider den sikre t\u00e6rskel, aktiverer systemet den akustiske og visuelle alarm for at advare operat\u00f8ren. Samtidig foretager det automatisk handlinger som at s\u00e6nke l\u00f8ftehastigheden eller standse yderligere l\u00f8ft for at forhindre skader p\u00e5 udstyret eller sikkerhedsh\u00e6ndelser.<\/li>\n<\/ul>\n<\/li>\n<li><strong>Overv\u00e5gning og optagelse i realtid:<\/strong>\n<ul>\n<li>Overbelastningsbegr\u00e6nseren viser belastningsdata i realtid p\u00e5 en sk\u00e6rm og registrerer historiske data til senere gennemgang. Nogle avancerede modeller kan sende data eksternt til et overv\u00e5gningscenter, s\u00e5 operat\u00f8ren eller ledelsen kan holde \u00f8je med dem hele tiden.<\/li>\n<\/ul>\n<\/li>\n<li><strong>Justering og optimering:<\/strong>\n<ul>\n<li>Nogle avancerede overbelastningsbegr\u00e6nsere har intelligente justeringsfunktioner. De justerer automatisk belastningsgr\u00e6nsen baseret p\u00e5 de skiftende arbejdsforhold og sikrer, at kranen altid arbejder inden for sikkerhedsomr\u00e5det.<\/li>\n<\/ul>\n<\/li>\n<\/ol>\n<\/div>\n<\/div>\n<\/div>\n<\/div>\n<h6><strong><span style=\"font-family: arial, helvetica, sans-serif; font-size: 18pt;\">Konklusion<\/span><\/strong><\/h6>\n<p>Den <strong>QCX Overbelastningsbegr\u00e6nser til kraner<\/strong> er en uundv\u00e6rlig sikkerhedsmekanisme til dobbeltt\u00e5rnskraner. Ved at tilbyde n\u00f8jagtig belastningsoverv\u00e5gning, p\u00e5lidelige alarmer og automatiske motorafbrydelser minimerer den risici forbundet med overbelastning og bidrager v\u00e6sentligt til moderne industrielle sikkerhedsstandarder.<\/p>\n<\/div>\n<\/div>\n<\/div>\n<\/div>\n<\/div>\n<\/div>\n<\/div>\n<\/div>\n<\/article>\n<\/div>\n<\/div>\n<\/div>\n<\/div>\n<\/div>\n<div><span style=\"font-family: var(--global-body-font-family);\">Sensorer med akselhuse og baser kombineret med instrumenter af typen QCX-M er den mest anvendte form for l\u00f8ftev\u00e6gtbegr\u00e6nsere. Dimensionerne p\u00e5 standardprodukter er vist i f\u00f8lgende tabel. For eksempel er bestillingsmodellen: \u201cQCX-M-4-20t\/170-320\u201d.<\/span><\/div>\n<div><img fetchpriority=\"high\" decoding=\"async\" class=\"alignnone wp-image-7540\" src=\"https:\/\/www.hnhlcranes.com\/wp-content\/uploads\/2024\/12\/Crane-overload-limiter-7-300x188.jpg\" alt=\"\" width=\"962\" height=\"603\" srcset=\"https:\/\/www.hnhlcranes.com\/wp-content\/uploads\/2024\/12\/Crane-overload-limiter-7-300x188.jpg 300w, https:\/\/www.hnhlcranes.com\/wp-content\/uploads\/2024\/12\/Crane-overload-limiter-7-768x482.jpg 768w, https:\/\/www.hnhlcranes.com\/wp-content\/uploads\/2024\/12\/Crane-overload-limiter-7-600x377.jpg 600w, https:\/\/www.hnhlcranes.com\/wp-content\/uploads\/2024\/12\/Crane-overload-limiter-7.jpg 1000w\" sizes=\"(max-width: 962px) 100vw, 962px\" \/><\/div>\n<div>\n<p>&nbsp;<\/p>\n<p>Sensorer til store tonnagebegr\u00e6nsere tilpasses generelt i henhold til brugertegninger. Seriedimensionerne i den f\u00f8lgende tabel er opsummeret baseret p\u00e5 ordretegninger fra st\u00f8rre kinesiske kranproducenter som reference, n\u00e5r nye brugere bestiller eller designer ikke-standardiserede produkter.<\/p>\n<p><img decoding=\"async\" class=\"alignnone wp-image-7541\" src=\"https:\/\/www.hnhlcranes.com\/wp-content\/uploads\/2024\/12\/Crane-overload-limiter-8-300x206.jpg\" alt=\"\" width=\"990\" height=\"680\" srcset=\"https:\/\/www.hnhlcranes.com\/wp-content\/uploads\/2024\/12\/Crane-overload-limiter-8-300x206.jpg 300w, https:\/\/www.hnhlcranes.com\/wp-content\/uploads\/2024\/12\/Crane-overload-limiter-8-768x528.jpg 768w, https:\/\/www.hnhlcranes.com\/wp-content\/uploads\/2024\/12\/Crane-overload-limiter-8-600x413.jpg 600w, https:\/\/www.hnhlcranes.com\/wp-content\/uploads\/2024\/12\/Crane-overload-limiter-8.jpg 1000w\" sizes=\"(max-width: 990px) 100vw, 990px\" \/><\/p>\n<p>Sensorer i HLF-3A-serien best\u00e5r af to dele: sensorer og puder. De er hovedsageligt installeret under de to ender af kranens faste remskiveaksel for at modst\u00e5 det tryk, der genereres af remskiveblokken. Generelt bruges to sensorer i en gruppe. De bruges ofte ved lejligheder med relativt h\u00f8je krav til m\u00e5len\u00f8jagtighed, f.eks. elektroniske kranv\u00e6gte.<\/p>\n<p>&nbsp;<\/p>\n<\/div>\n<div><img decoding=\"async\" class=\"alignnone wp-image-7542\" src=\"https:\/\/www.hnhlcranes.com\/wp-content\/uploads\/2024\/12\/Crane-overload-limiter-HLF-300x187.jpg\" alt=\"\" width=\"977\" height=\"609\" srcset=\"https:\/\/www.hnhlcranes.com\/wp-content\/uploads\/2024\/12\/Crane-overload-limiter-HLF-300x187.jpg 300w, https:\/\/www.hnhlcranes.com\/wp-content\/uploads\/2024\/12\/Crane-overload-limiter-HLF-768x479.jpg 768w, https:\/\/www.hnhlcranes.com\/wp-content\/uploads\/2024\/12\/Crane-overload-limiter-HLF-600x374.jpg 600w, https:\/\/www.hnhlcranes.com\/wp-content\/uploads\/2024\/12\/Crane-overload-limiter-HLF.jpg 1000w\" sizes=\"(max-width: 977px) 100vw, 977px\" \/><\/div>","protected":false},"excerpt":{"rendered":"<h6><strong><span style=\"font-family: arial, helvetica, sans-serif; font-size: 14pt;\">De vigtigste parametre:<\/span><\/strong><\/h6>\n<ul>\n<li>N\u00f8jagtighed \u22645%F.S.<\/li>\n<li>90% advarsel, 105% alarm<\/li>\n<li>130% \u00f8jeblikkelig kontrol, output et s\u00e6t rel\u00e6kontakter<\/li>\n<li>Kapacitet 10A, 380V<\/li>\n<li>Str\u00f8mforsyningssp\u00e6nding AC380V eller 220V\/50Hz<\/li>\n<li>Omgivelsestemperatur -20~+60\u2103\/90%RH<\/li>\n<li>Sensor til beskyttelsesniveau IP65,<\/li>\n<li>Instrument IP42<\/li>\n<\/ul>","protected":false},"featured_media":7543,"template":"","meta":{"_kad_post_transparent":"default","_kad_post_title":"","_kad_post_layout":"default","_kad_post_sidebar_id":"","_kad_post_content_style":"default","_kad_post_vertical_padding":"show","_kad_post_feature":"","_kad_post_feature_position":"","_kad_post_header":false,"_kad_post_footer":false},"product_brand":[],"product_cat":[65],"product_tag":[632,622,376,634,612,616,626,627,629,613,617,620,615,614,618,628,619,621,623,630,635,633,625,631,624],"class_list":{"0":"post-5820","1":"product","2":"type-product","3":"status-publish","4":"has-post-thumbnail","6":"product_cat-crane-electrical-parts","7":"product_tag-aviation-plug","8":"product_tag-cable-trolley","9":"product_tag-china-crane-parts-supplier","10":"product_tag-crane-aviation-plug","11":"product_tag-crane-cable-trolley","12":"product_tag-crane-control-cabinet","13":"product_tag-crane-control-handle","14":"product_tag-crane-controls","15":"product_tag-crane-electrical-control-cabinet","16":"product_tag-crane-electrical-part","17":"product_tag-crane-limit-switch","18":"product_tag-crane-overload-limiter","19":"product_tag-crane-pendant-controller","20":"product_tag-crane-remote-controller","21":"product_tag-crane-sound-and-light-alarm","22":"product_tag-electrical-control-cabinet","23":"product_tag-heavy-duty-aviation-connector","24":"product_tag-i-beam-cable-trolley","25":"product_tag-i-beam-cable-trolley-supplier","26":"product_tag-limit-switch","27":"product_tag-overload-limiter","28":"product_tag-quick-connector","29":"product_tag-remote-controller","30":"product_tag-sound-and-light-alarm","31":"product_tag-wireless-remote-control","33":"first","34":"instock","35":"shipping-taxable","36":"product-type-simple","37":"entry","38":"content-bg","39":"loop-entry"},"yoast_head":"<!-- This site is optimized with the Yoast SEO plugin v24.5 - https:\/\/yoast.com\/wordpress\/plugins\/seo\/ -->\n<title>Crane overload limiter - Overload limiter-Crane Electrical Part-Crane Parts Manufacturer<\/title>\n<meta name=\"description\" content=\"Overload limiter,Crane overload limiter manufacturer,Crane overload limiter Supplier,Crane overload limiter,Crane Parts Supplier\" \/>\n<meta name=\"robots\" content=\"index, follow, max-snippet:-1, max-image-preview:large, max-video-preview:-1\" \/>\n<link rel=\"canonical\" href=\"https:\/\/www.hnhlcranes.com\/da\/produkt\/kranens-overbelastningsbegraenser\/\" \/>\n<meta property=\"og:locale\" content=\"da_DK\" \/>\n<meta property=\"og:type\" content=\"article\" \/>\n<meta property=\"og:title\" content=\"Crane overload limiter - Overload limiter-Crane Electrical Part-Crane Parts Manufacturer\" \/>\n<meta property=\"og:description\" content=\"Overload limiter,Crane overload limiter manufacturer,Crane overload limiter Supplier,Crane overload limiter,Crane Parts Supplier\" \/>\n<meta property=\"og:url\" content=\"https:\/\/www.hnhlcranes.com\/da\/produkt\/kranens-overbelastningsbegraenser\/\" \/>\n<meta property=\"og:site_name\" content=\"Crane Parts Manufacturer\" \/>\n<meta property=\"article:modified_time\" content=\"2025-01-16T08:14:10+00:00\" \/>\n<meta property=\"og:image\" content=\"https:\/\/www.hnhlcranes.com\/wp-content\/uploads\/2024\/12\/Crane-overload-limiter.jpg\" \/>\n\t<meta property=\"og:image:width\" content=\"600\" \/>\n\t<meta property=\"og:image:height\" content=\"600\" \/>\n\t<meta property=\"og:image:type\" content=\"image\/jpeg\" \/>\n<meta name=\"twitter:card\" content=\"summary_large_image\" \/>\n<meta name=\"twitter:label1\" content=\"Estimeret l\u00e6setid\" \/>\n\t<meta name=\"twitter:data1\" content=\"4 minutter\" \/>\n<script type=\"application\/ld+json\" class=\"yoast-schema-graph\">{\"@context\":\"https:\/\/schema.org\",\"@graph\":[{\"@type\":\"WebPage\",\"@id\":\"https:\/\/www.hnhlcranes.com\/product\/crane-overload-limiter\/\",\"url\":\"https:\/\/www.hnhlcranes.com\/product\/crane-overload-limiter\/\",\"name\":\"Crane overload limiter - Overload limiter-Crane Electrical Part-Crane Parts Manufacturer\",\"isPartOf\":{\"@id\":\"https:\/\/www.hnhlcranes.com\/#website\"},\"primaryImageOfPage\":{\"@id\":\"https:\/\/www.hnhlcranes.com\/product\/crane-overload-limiter\/#primaryimage\"},\"image\":{\"@id\":\"https:\/\/www.hnhlcranes.com\/product\/crane-overload-limiter\/#primaryimage\"},\"thumbnailUrl\":\"https:\/\/www.hnhlcranes.com\/wp-content\/uploads\/2024\/12\/Crane-overload-limiter.jpg\",\"datePublished\":\"2024-12-05T17:29:13+00:00\",\"dateModified\":\"2025-01-16T08:14:10+00:00\",\"description\":\"Overload limiter,Crane overload limiter manufacturer,Crane overload limiter Supplier,Crane overload limiter,Crane Parts Supplier\",\"breadcrumb\":{\"@id\":\"https:\/\/www.hnhlcranes.com\/product\/crane-overload-limiter\/#breadcrumb\"},\"inLanguage\":\"da-DK\",\"potentialAction\":[{\"@type\":\"ReadAction\",\"target\":[\"https:\/\/www.hnhlcranes.com\/product\/crane-overload-limiter\/\"]}]},{\"@type\":\"ImageObject\",\"inLanguage\":\"da-DK\",\"@id\":\"https:\/\/www.hnhlcranes.com\/product\/crane-overload-limiter\/#primaryimage\",\"url\":\"https:\/\/www.hnhlcranes.com\/wp-content\/uploads\/2024\/12\/Crane-overload-limiter.jpg\",\"contentUrl\":\"https:\/\/www.hnhlcranes.com\/wp-content\/uploads\/2024\/12\/Crane-overload-limiter.jpg\",\"width\":600,\"height\":600},{\"@type\":\"BreadcrumbList\",\"@id\":\"https:\/\/www.hnhlcranes.com\/product\/crane-overload-limiter\/#breadcrumb\",\"itemListElement\":[{\"@type\":\"ListItem\",\"position\":1,\"name\":\"home\",\"item\":\"https:\/\/www.hnhlcranes.com\/\"},{\"@type\":\"ListItem\",\"position\":2,\"name\":\"products\",\"item\":\"https:\/\/www.hnhlcranes.com\/products\/\"},{\"@type\":\"ListItem\",\"position\":3,\"name\":\"Crane overload limiter\"}]},{\"@type\":\"WebSite\",\"@id\":\"https:\/\/www.hnhlcranes.com\/#website\",\"url\":\"https:\/\/www.hnhlcranes.com\/\",\"name\":\"Crane Parts Manufacturer\",\"description\":\"Crane Wheels,Crane Drums,Crane Hooks,Crane Coupling,Crane End Carriage,Electric Hoist,European Crane Parts,Crane Rail Clip,Crane Spreader,Crane Motor,Crane Reducer,Crane Brake,Light Crane Parts,Workstation Crane Parts,Crane Electrical Parts,China Crane Parts Supplier,China Crane Parts Manufacturer,Angle box type crane wheel,45 degree split crane wheel,European crane wheel,Crane Wheel Blocks,Overhead crane drum,European crane drum,Overhead crane hook,European crane hook,Crane pulley block,Gear coupling,Brake wheel coupling,Drum gear coupling,Brake wheel drum gear coupling,Cardan Shaft Coupling,WZL drum coupling,Plum blossom elastic coupling,Brake wheel plum elastic coupling,European Single girder crane end carriage,European Double girder crane end carriage,European Suspension  crane end carriage,Wire Rope Electric Hoist,Electric Chain Hoist,European Single Girder Wire Rope Electric Hoist,European Double Girder Wire Rope Electric Hoist,Crane grab,Container spreader,Billet crane clamps,C-type hook,Lifting Electromagnet,YZR crane motor,YZP crane motor,ZQ Reducer,ZSC Reducer,QJ Reducer,QJ-L Reducer,QJY Reducer,H series gearbox,F Series Gear Motor,K Series Gear Motor,R Series Gear Motor,travelling machinery gear motor,Electro hydraulic drum brake,Electro hydraulic disc brake,Crane Safety brake,Crane cable trolley,Crane remote controller,Crane pendant controller,Crane electrical control cabinet,Crane limit switch,Crane sound and light alarm,Heavy Duty Aviation Connector,Crane overload limiter\",\"publisher\":{\"@id\":\"https:\/\/www.hnhlcranes.com\/#organization\"},\"potentialAction\":[{\"@type\":\"SearchAction\",\"target\":{\"@type\":\"EntryPoint\",\"urlTemplate\":\"https:\/\/www.hnhlcranes.com\/?s={search_term_string}\"},\"query-input\":{\"@type\":\"PropertyValueSpecification\",\"valueRequired\":true,\"valueName\":\"search_term_string\"}}],\"inLanguage\":\"da-DK\"},{\"@type\":\"Organization\",\"@id\":\"https:\/\/www.hnhlcranes.com\/#organization\",\"name\":\"Crane Parts Manufacturer\",\"url\":\"https:\/\/www.hnhlcranes.com\/\",\"logo\":{\"@type\":\"ImageObject\",\"inLanguage\":\"da-DK\",\"@id\":\"https:\/\/www.hnhlcranes.com\/#\/schema\/logo\/image\/\",\"url\":\"https:\/\/www.hnhlcranes.com\/wp-content\/uploads\/2025\/01\/HL-logo-1.png\",\"contentUrl\":\"https:\/\/www.hnhlcranes.com\/wp-content\/uploads\/2025\/01\/HL-logo-1.png\",\"width\":600,\"height\":169,\"caption\":\"Crane Parts Manufacturer\"},\"image\":{\"@id\":\"https:\/\/www.hnhlcranes.com\/#\/schema\/logo\/image\/\"}}]}<\/script>\n<!-- \/ Yoast SEO plugin. -->","yoast_head_json":{"title":"Crane overload limiter - Overload limiter-Crane Electrical Part-Crane Parts Manufacturer","description":"Overload limiter,Crane overload limiter manufacturer,Crane overload limiter Supplier,Crane overload limiter,Crane Parts Supplier","robots":{"index":"index","follow":"follow","max-snippet":"max-snippet:-1","max-image-preview":"max-image-preview:large","max-video-preview":"max-video-preview:-1"},"canonical":"https:\/\/www.hnhlcranes.com\/da\/produkt\/kranens-overbelastningsbegraenser\/","og_locale":"da_DK","og_type":"article","og_title":"Crane overload limiter - Overload limiter-Crane Electrical Part-Crane Parts Manufacturer","og_description":"Overload limiter,Crane overload limiter manufacturer,Crane overload limiter Supplier,Crane overload limiter,Crane Parts Supplier","og_url":"https:\/\/www.hnhlcranes.com\/da\/produkt\/kranens-overbelastningsbegraenser\/","og_site_name":"Crane Parts Manufacturer","article_modified_time":"2025-01-16T08:14:10+00:00","og_image":[{"width":600,"height":600,"url":"https:\/\/www.hnhlcranes.com\/wp-content\/uploads\/2024\/12\/Crane-overload-limiter.jpg","type":"image\/jpeg"}],"twitter_card":"summary_large_image","twitter_misc":{"Estimeret l\u00e6setid":"4 minutter"},"schema":{"@context":"https:\/\/schema.org","@graph":[{"@type":"WebPage","@id":"https:\/\/www.hnhlcranes.com\/product\/crane-overload-limiter\/","url":"https:\/\/www.hnhlcranes.com\/product\/crane-overload-limiter\/","name":"Crane overload limiter - Overload limiter-Crane Electrical Part-Crane Parts Manufacturer","isPartOf":{"@id":"https:\/\/www.hnhlcranes.com\/#website"},"primaryImageOfPage":{"@id":"https:\/\/www.hnhlcranes.com\/product\/crane-overload-limiter\/#primaryimage"},"image":{"@id":"https:\/\/www.hnhlcranes.com\/product\/crane-overload-limiter\/#primaryimage"},"thumbnailUrl":"https:\/\/www.hnhlcranes.com\/wp-content\/uploads\/2024\/12\/Crane-overload-limiter.jpg","datePublished":"2024-12-05T17:29:13+00:00","dateModified":"2025-01-16T08:14:10+00:00","description":"Overload limiter,Crane overload limiter manufacturer,Crane overload limiter Supplier,Crane overload limiter,Crane Parts Supplier","breadcrumb":{"@id":"https:\/\/www.hnhlcranes.com\/product\/crane-overload-limiter\/#breadcrumb"},"inLanguage":"da-DK","potentialAction":[{"@type":"ReadAction","target":["https:\/\/www.hnhlcranes.com\/product\/crane-overload-limiter\/"]}]},{"@type":"ImageObject","inLanguage":"da-DK","@id":"https:\/\/www.hnhlcranes.com\/product\/crane-overload-limiter\/#primaryimage","url":"https:\/\/www.hnhlcranes.com\/wp-content\/uploads\/2024\/12\/Crane-overload-limiter.jpg","contentUrl":"https:\/\/www.hnhlcranes.com\/wp-content\/uploads\/2024\/12\/Crane-overload-limiter.jpg","width":600,"height":600},{"@type":"BreadcrumbList","@id":"https:\/\/www.hnhlcranes.com\/product\/crane-overload-limiter\/#breadcrumb","itemListElement":[{"@type":"ListItem","position":1,"name":"home","item":"https:\/\/www.hnhlcranes.com\/"},{"@type":"ListItem","position":2,"name":"products","item":"https:\/\/www.hnhlcranes.com\/products\/"},{"@type":"ListItem","position":3,"name":"Crane overload limiter"}]},{"@type":"WebSite","@id":"https:\/\/www.hnhlcranes.com\/#website","url":"https:\/\/www.hnhlcranes.com\/","name":"Crane Parts Manufacturer","description":"Crane Wheels,Crane Drums,Crane Hooks,Crane Coupling,Crane End Carriage,Electric Hoist,European Crane Parts,Crane Rail Clip,Crane Spreader,Crane Motor,Crane Reducer,Crane Brake,Light Crane Parts,Workstation Crane Parts,Crane Electrical Parts,China Crane Parts Supplier,China Crane Parts Manufacturer,Angle box type crane wheel,45 degree split crane wheel,European crane wheel,Crane Wheel Blocks,Overhead crane drum,European crane drum,Overhead crane hook,European crane hook,Crane pulley block,Gear coupling,Brake wheel coupling,Drum gear coupling,Brake wheel drum gear coupling,Cardan Shaft Coupling,WZL drum coupling,Plum blossom elastic coupling,Brake wheel plum elastic coupling,European Single girder crane end carriage,European Double girder crane end carriage,European Suspension  crane end carriage,Wire Rope Electric Hoist,Electric Chain Hoist,European Single Girder Wire Rope Electric Hoist,European Double Girder Wire Rope Electric Hoist,Crane grab,Container spreader,Billet crane clamps,C-type hook,Lifting Electromagnet,YZR crane motor,YZP crane motor,ZQ Reducer,ZSC Reducer,QJ Reducer,QJ-L Reducer,QJY Reducer,H series gearbox,F Series Gear Motor,K Series Gear Motor,R Series Gear Motor,travelling machinery gear motor,Electro hydraulic drum brake,Electro hydraulic disc brake,Crane Safety brake,Crane cable trolley,Crane remote controller,Crane pendant controller,Crane electrical control cabinet,Crane limit switch,Crane sound and light alarm,Heavy Duty Aviation Connector,Crane overload limiter","publisher":{"@id":"https:\/\/www.hnhlcranes.com\/#organization"},"potentialAction":[{"@type":"SearchAction","target":{"@type":"EntryPoint","urlTemplate":"https:\/\/www.hnhlcranes.com\/?s={search_term_string}"},"query-input":{"@type":"PropertyValueSpecification","valueRequired":true,"valueName":"search_term_string"}}],"inLanguage":"da-DK"},{"@type":"Organization","@id":"https:\/\/www.hnhlcranes.com\/#organization","name":"Crane Parts Manufacturer","url":"https:\/\/www.hnhlcranes.com\/","logo":{"@type":"ImageObject","inLanguage":"da-DK","@id":"https:\/\/www.hnhlcranes.com\/#\/schema\/logo\/image\/","url":"https:\/\/www.hnhlcranes.com\/wp-content\/uploads\/2025\/01\/HL-logo-1.png","contentUrl":"https:\/\/www.hnhlcranes.com\/wp-content\/uploads\/2025\/01\/HL-logo-1.png","width":600,"height":169,"caption":"Crane Parts Manufacturer"},"image":{"@id":"https:\/\/www.hnhlcranes.com\/#\/schema\/logo\/image\/"}}]}},"_links":{"self":[{"href":"https:\/\/www.hnhlcranes.com\/da\/wp-json\/wp\/v2\/product\/5820","targetHints":{"allow":["GET"]}}],"collection":[{"href":"https:\/\/www.hnhlcranes.com\/da\/wp-json\/wp\/v2\/product"}],"about":[{"href":"https:\/\/www.hnhlcranes.com\/da\/wp-json\/wp\/v2\/types\/product"}],"version-history":[{"count":6,"href":"https:\/\/www.hnhlcranes.com\/da\/wp-json\/wp\/v2\/product\/5820\/revisions"}],"predecessor-version":[{"id":7547,"href":"https:\/\/www.hnhlcranes.com\/da\/wp-json\/wp\/v2\/product\/5820\/revisions\/7547"}],"wp:featuredmedia":[{"embeddable":true,"href":"https:\/\/www.hnhlcranes.com\/da\/wp-json\/wp\/v2\/media\/7543"}],"wp:attachment":[{"href":"https:\/\/www.hnhlcranes.com\/da\/wp-json\/wp\/v2\/media?parent=5820"}],"wp:term":[{"taxonomy":"product_brand","embeddable":true,"href":"https:\/\/www.hnhlcranes.com\/da\/wp-json\/wp\/v2\/product_brand?post=5820"},{"taxonomy":"product_cat","embeddable":true,"href":"https:\/\/www.hnhlcranes.com\/da\/wp-json\/wp\/v2\/product_cat?post=5820"},{"taxonomy":"product_tag","embeddable":true,"href":"https:\/\/www.hnhlcranes.com\/da\/wp-json\/wp\/v2\/product_tag?post=5820"}],"curies":[{"name":"wp","href":"https:\/\/api.w.org\/{rel}","templated":true}]}}