{"id":5487,"date":"2024-11-26T01:03:18","date_gmt":"2024-11-25T17:03:18","guid":{"rendered":"https:\/\/www.hnhlcranes.com\/?post_type=product&#038;p=5487"},"modified":"2025-01-10T15:41:51","modified_gmt":"2025-01-10T07:41:51","slug":"hubelektromagnet","status":"publish","type":"product","link":"https:\/\/www.hnhlcranes.com\/de\/produkt\/hubelektromagnet\/","title":{"rendered":"Hebe-Elektromagnet"},"content":{"rendered":"<div class=\"flex-1 overflow-hidden @container\/thread\">\n<div class=\"h-full\">\n<div class=\"react-scroll-to-bottom--css-xvoge-79elbk h-full\">\n<div class=\"react-scroll-to-bottom--css-xvoge-1n7m0yu\">\n<div class=\"flex flex-col text-sm md:pb-9\">\n<article class=\"w-full scroll-mb-[var(--thread-trailing-height,150px)] text-token-text-primary focus-visible:outline-2 focus-visible:outline-offset-[-4px]\" dir=\"auto\" data-testid=\"conversation-turn-35\" data-scroll-anchor=\"true\">\n<div class=\"m-auto text-base py-[18px] px-3 md:px-4 w-full md:px-5 lg:px-4 xl:px-5\">\n<div class=\"mx-auto flex flex-1 gap-4 text-base md:gap-5 lg:gap-6 md:max-w-3xl lg:max-w-[40rem] xl:max-w-[48rem]\">\n<div class=\"group\/conversation-turn relative flex w-full min-w-0 flex-col agent-turn\">\n<div class=\"flex-col gap-1 md:gap-3\">\n<div class=\"flex max-w-full flex-col flex-grow\">\n<div class=\"min-h-8 text-message flex w-full flex-col items-end gap-2 whitespace-normal break-words text-start [.text-message+&amp;]:mt-5\" dir=\"auto\" data-message-author-role=\"assistant\" data-message-id=\"70b04e16-fa78-41b2-98a2-8fab7970678a\" data-message-model-slug=\"gpt-4o\">\n<div class=\"flex w-full flex-col gap-1 empty:hidden first:pt-[3px]\">\n<div class=\"markdown prose w-full break-words dark:prose-invert light\">\n<h3><strong>\u00dcbersicht \u00fcber den Hebe-Elektromagneten<\/strong><\/h3>\n<p>A <strong>Hubelektromagnet<\/strong> ist ein Ger\u00e4t, das ein Magnetfeld erzeugt, wenn elektrischer Strom durch eine Spule flie\u00dft. Dieses Magnetfeld erm\u00f6glicht es ihm, ferromagnetische Materialien anzuheben, und der Magnetismus verschwindet, wenn der Strom abgeschaltet wird. In Branchen wie Metallurgie, Bergbau, Maschinenbau und Transportwesen sind Hebe-Elektromagnete eine effiziente und sichere L\u00f6sung f\u00fcr den Materialtransport, insbesondere bei Anwendungen, die h\u00e4ufiges Heben und Bewegen schwerer Lasten erfordern.<\/p>\n<h3><strong>Hebe-Elektromagnet <\/strong><strong>Wesentliche Merkmale<\/strong><\/h3>\n<ol>\n<li><strong>Einfache Kontrolle<\/strong>: Der Magnetismus des Hebe-Elektromagneten wird durch einfaches Ein- und Ausschalten des Stroms gesteuert, wodurch die Magnetkraft bei Bedarf leicht aktiviert oder deaktiviert werden kann.<\/li>\n<li><strong>Flexible Anpassung<\/strong>: Durch die Einstellung der Stromst\u00e4rke und -richtung k\u00f6nnen St\u00e4rke und Polarit\u00e4t des Magnetfeldes an die jeweiligen Anforderungen angepasst werden, was eine hohe Flexibilit\u00e4t erm\u00f6glicht.<\/li>\n<li><strong>Breite Anwendungen<\/strong>: Hebe-Elektromagnete eignen sich f\u00fcr Branchen wie Metallurgie, Maschinenbau, Bergbau und Transportwesen, wo sie zum Heben ferromagnetischer Materialien wie Stahl eingesetzt werden.<\/li>\n<\/ol>\n<h3><strong>Anwendungen<\/strong><\/h3>\n<ul>\n<li><strong>Metallurgie und Bergbau<\/strong>: Hebe-Elektromagnete werden zum Heben von Stahl, Gusseisenbl\u00f6cken und anderen magnetischen Materialien verwendet und spielen eine wichtige Rolle in der Stahlproduktion und beim Mineralienumschlag.<\/li>\n<li><strong>Maschinen und Fertigung<\/strong>: Sie werden h\u00e4ufig zum Heben von Maschinenteilen, Metallschrott und anderen Materialien verwendet, um die Effizienz in Fertigungsanlagen und Produktionslinien zu verbessern.<\/li>\n<li><strong>Transport<\/strong>: In Industriezweigen wie der Eisenbahn, den H\u00e4fen und dem Schiffbau ersetzen Hebe-Elektromagnete die manuelle Arbeit, erleichtern das Heben schwerer Lasten und sparen sowohl Zeit als auch Arbeitskr\u00e4fte.<\/li>\n<li><strong>Besondere Umgebungen<\/strong>: Hubmagnete k\u00f6nnen unter extremen Bedingungen eingesetzt werden, z. B. bei hohen Temperaturen, unter Wasser, in staubigen Umgebungen oder in Bereichen mit giftigen Gasen, was eine zuverl\u00e4ssige Leistung unter schwierigen Bedingungen gew\u00e4hrleistet.<\/li>\n<\/ul>\n<h3><strong>Spezialisierte Modelle<\/strong><\/h3>\n<ul>\n<li><strong>Serie MW5 - Elektromagnet zum Heben von Stahlschrott<\/strong>: Zum Heben von Stahlschrott, Gusseisenbl\u00f6cken, Stahlkugeln und anderen Schrottmaterialien.<\/li>\n<li><strong>Serie MW12 - Rechteckiger Elektromagnet<\/strong>: Ideal zum Heben von Bewehrungsb\u00fcndeln, mit einem hochpermeablen Magnetkreis, der mehrere Luftspalten durchdringen kann.<\/li>\n<li><strong>Serie MW22 - Stahlbl\u00f6cke und gro\u00dfe Bl\u00f6cke<\/strong>: Optimiert f\u00fcr das Heben von Stahlbl\u00f6cken, gro\u00dfen Vorbl\u00f6cken und Stahlbauteilen.<\/li>\n<li><strong>Serie MW84 - Elektromagnet f\u00fcr mittlere und dicke Stahlbleche<\/strong>: Speziell f\u00fcr das Heben von Stahlplatten mit einer Dicke von 6 bis 32 mm entwickelt, um ein sicheres und pr\u00e4zises Arbeiten zu gew\u00e4hrleisten. F\u00fcr l\u00e4ngere Platten sollten mehrere Elektromagnete zusammen verwendet werden.<\/li>\n<\/ul>\n<h3><strong>Vorteile<\/strong><\/h3>\n<ol>\n<li><strong>Effizient und verl\u00e4sslich<\/strong>: Hebe-Elektromagnete erm\u00f6glichen ein schnelles und stabiles Heben, was die betriebliche Effizienz erheblich verbessert.<\/li>\n<li><strong>Energieeffizient<\/strong>: Sie verbrauchen weniger Energie und erf\u00fcllen gleichzeitig die Hebeanforderungen, was sie zu einer umweltfreundlichen Option macht.<\/li>\n<li><strong>Hohe Sicherheit<\/strong>: Dank hochwertiger Materialien und fortschrittlichem Design sind die Hebe-Elektromagnete mit Sicherheitsmerkmalen ausgestattet, die ein versehentliches Herunterfallen von Materialien verhindern.<\/li>\n<li><strong>Starke Anpassungsf\u00e4higkeit<\/strong>: Sie k\u00f6nnen in verschiedenen Umgebungen eingesetzt werden, z. B. bei hohen Temperaturen, unter feuchten Bedingungen, in staubigen Bereichen und in toxischen Umgebungen.<\/li>\n<\/ol>\n<h3><strong>Schlussfolgerung<\/strong><\/h3>\n<p>Zusammenfassend l\u00e4sst sich sagen, dass Hebe-Elektromagnete in industriellen Anwendungen unverzichtbar sind, da sie eine einfache, effiziente und sichere Methode f\u00fcr den Materialtransport bieten. Ob in der Stahlproduktion, bei der F\u00f6rderung von Mineralien, im Maschinenbau oder unter extremen Bedingungen, Hebe-Elektromagnete gew\u00e4hrleisten zuverl\u00e4ssige, sichere und effiziente Hebevorg\u00e4nge. Ihre Benutzerfreundlichkeit, Energieeffizienz und Anpassungsf\u00e4higkeit an unterschiedliche Umgebungen machen sie zu unsch\u00e4tzbaren Werkzeugen f\u00fcr Branchen, in denen schwere Hebevorg\u00e4nge und Materialbewegungen erforderlich sind.<\/p>\n<\/div>\n<\/div>\n<\/div>\n<\/div>\n<\/div>\n<\/div>\n<\/div>\n<\/div>\n<\/article>\n<\/div>\n<\/div>\n<\/div>\n<\/div>\n<\/div>","protected":false},"excerpt":{"rendered":"<p>Kranmagnete, Hebe-Elektromagnet<\/p>\n<ul>\n<li><span style=\"font-family: arial, helvetica, sans-serif; font-size: 12pt;\"><strong>Serie MW5 - Elektromagnet zum Heben von Stahlschrott<\/strong><\/span><\/li>\n<li><span style=\"font-family: arial, helvetica, sans-serif; font-size: 12pt;\"><strong>Serie MW12 - Rechteckiges elektromagnetisches Spannfutter f\u00fcr geb\u00fcndelten Betonstahl<\/strong><\/span><\/li>\n<li><span style=\"font-family: arial, helvetica, sans-serif; font-size: 12pt;\"><strong>Serie MW22 - Stahlbl\u00f6cke und gro\u00dfe Bl\u00f6cke<\/strong><\/span><\/li>\n<li><span style=\"font-family: arial, helvetica, sans-serif; font-size: 12pt;\"><strong>Serie MW84 - Elektromagnet f\u00fcr mittlere und dicke Stahlbleche<\/strong><\/span><\/li>\n<\/ul>","protected":false},"featured_media":7184,"template":"","meta":{"_kad_post_transparent":"default","_kad_post_title":"","_kad_post_layout":"default","_kad_post_sidebar_id":"","_kad_post_content_style":"default","_kad_post_vertical_padding":"show","_kad_post_feature":"","_kad_post_feature_position":"","_kad_post_header":false,"_kad_post_footer":false},"product_brand":[],"product_cat":[59],"product_tag":[508,510,513,497,514,512,515,498,521,376,517,518,496,507,520,516,495,522,494,504,502,505,501,506,499,523,503,519,509,500,493,511],"class_list":{"0":"post-5487","1":"product","2":"type-product","3":"status-publish","4":"has-post-thumbnail","6":"product_cat-crane-spreader","7":"product_tag-20ft-container-spreader","8":"product_tag-40ft-container-lifting-frame","9":"product_tag-billet-clamps","10":"product_tag-billet-crane-clamp","11":"product_tag-billet-crane-clamps-manufacturer","12":"product_tag-billet-lifting-clamp","13":"product_tag-billet-lifting-clamps-china-supplier","14":"product_tag-c-type-hook","15":"product_tag-c-type-spreader","16":"product_tag-china-crane-parts-supplier","17":"product_tag-coil-c-type-hook","18":"product_tag-coil-hook","19":"product_tag-container-spreader","20":"product_tag-container-spreader-manufacturers","21":"product_tag-crane-c-hook","22":"product_tag-crane-c-type-spreader","23":"product_tag-crane-grab","24":"product_tag-crane-magnets","25":"product_tag-crane-spreader","26":"product_tag-electric-motor-grab","27":"product_tag-electro-hydraulic-multi-flap-grab","28":"product_tag-electro-hydraulicclamshell-grab","29":"product_tag-four-rope-grab","30":"product_tag-grab-manufacturers","31":"product_tag-lifting-electromagnet","32":"product_tag-lifting-electromagnet-spreader","33":"product_tag-orange-peel-grab","34":"product_tag-overhead-crane-steel-coil-c-type-hook","35":"product_tag-semi-automatic-container-spreader","36":"product_tag-singlr-rope-grab","37":"product_tag-special-crane-spreader","38":"product_tag-tec-container-spreader","40":"first","41":"instock","42":"shipping-taxable","43":"product-type-simple","44":"entry","45":"content-bg","46":"loop-entry"},"yoast_head":"<!-- This site is optimized with the Yoast SEO plugin v24.5 - https:\/\/yoast.com\/wordpress\/plugins\/seo\/ -->\n<title>Lifting Electromagnet -Crane magnets- Crane Parts Manufacturer<\/title>\n<meta name=\"description\" content=\"Crane magnets,Special Crane Spreader,Lifting Electromagnet Spreader,China Crane Parts Supplier,Lifting Electromagnet,Crane Spreader\" \/>\n<meta name=\"robots\" content=\"index, follow, max-snippet:-1, max-image-preview:large, max-video-preview:-1\" \/>\n<link rel=\"canonical\" href=\"https:\/\/www.hnhlcranes.com\/de\/produkt\/hubelektromagnet\/\" \/>\n<meta property=\"og:locale\" content=\"de_DE\" \/>\n<meta property=\"og:type\" content=\"article\" \/>\n<meta property=\"og:title\" content=\"Lifting Electromagnet -Crane magnets- Crane Parts Manufacturer\" \/>\n<meta property=\"og:description\" content=\"Crane magnets,Special Crane Spreader,Lifting Electromagnet Spreader,China Crane Parts Supplier,Lifting Electromagnet,Crane Spreader\" \/>\n<meta property=\"og:url\" content=\"https:\/\/www.hnhlcranes.com\/de\/produkt\/hubelektromagnet\/\" \/>\n<meta property=\"og:site_name\" content=\"Crane Parts Manufacturer\" \/>\n<meta property=\"article:modified_time\" content=\"2025-01-10T07:41:51+00:00\" \/>\n<meta property=\"og:image\" content=\"https:\/\/www.hnhlcranes.com\/wp-content\/uploads\/2024\/11\/Lifting-Electromagnet.jpg\" \/>\n\t<meta property=\"og:image:width\" content=\"600\" \/>\n\t<meta property=\"og:image:height\" content=\"600\" \/>\n\t<meta property=\"og:image:type\" content=\"image\/jpeg\" \/>\n<meta name=\"twitter:card\" content=\"summary_large_image\" \/>\n<meta name=\"twitter:label1\" content=\"Gesch\u00e4tzte Lesezeit\" \/>\n\t<meta name=\"twitter:data1\" content=\"3\u00a0Minuten\" \/>\n<script type=\"application\/ld+json\" class=\"yoast-schema-graph\">{\"@context\":\"https:\/\/schema.org\",\"@graph\":[{\"@type\":\"WebPage\",\"@id\":\"https:\/\/www.hnhlcranes.com\/product\/lifting-electromagnet\/\",\"url\":\"https:\/\/www.hnhlcranes.com\/product\/lifting-electromagnet\/\",\"name\":\"Lifting Electromagnet -Crane magnets- Crane Parts Manufacturer\",\"isPartOf\":{\"@id\":\"https:\/\/www.hnhlcranes.com\/#website\"},\"primaryImageOfPage\":{\"@id\":\"https:\/\/www.hnhlcranes.com\/product\/lifting-electromagnet\/#primaryimage\"},\"image\":{\"@id\":\"https:\/\/www.hnhlcranes.com\/product\/lifting-electromagnet\/#primaryimage\"},\"thumbnailUrl\":\"https:\/\/www.hnhlcranes.com\/wp-content\/uploads\/2024\/11\/Lifting-Electromagnet.jpg\",\"datePublished\":\"2024-11-25T17:03:18+00:00\",\"dateModified\":\"2025-01-10T07:41:51+00:00\",\"description\":\"Crane magnets,Special Crane Spreader,Lifting Electromagnet Spreader,China Crane Parts Supplier,Lifting Electromagnet,Crane Spreader\",\"breadcrumb\":{\"@id\":\"https:\/\/www.hnhlcranes.com\/product\/lifting-electromagnet\/#breadcrumb\"},\"inLanguage\":\"de\",\"potentialAction\":[{\"@type\":\"ReadAction\",\"target\":[\"https:\/\/www.hnhlcranes.com\/product\/lifting-electromagnet\/\"]}]},{\"@type\":\"ImageObject\",\"inLanguage\":\"de\",\"@id\":\"https:\/\/www.hnhlcranes.com\/product\/lifting-electromagnet\/#primaryimage\",\"url\":\"https:\/\/www.hnhlcranes.com\/wp-content\/uploads\/2024\/11\/Lifting-Electromagnet.jpg\",\"contentUrl\":\"https:\/\/www.hnhlcranes.com\/wp-content\/uploads\/2024\/11\/Lifting-Electromagnet.jpg\",\"width\":600,\"height\":600},{\"@type\":\"BreadcrumbList\",\"@id\":\"https:\/\/www.hnhlcranes.com\/product\/lifting-electromagnet\/#breadcrumb\",\"itemListElement\":[{\"@type\":\"ListItem\",\"position\":1,\"name\":\"home\",\"item\":\"https:\/\/www.hnhlcranes.com\/\"},{\"@type\":\"ListItem\",\"position\":2,\"name\":\"products\",\"item\":\"https:\/\/www.hnhlcranes.com\/products\/\"},{\"@type\":\"ListItem\",\"position\":3,\"name\":\"Lifting Electromagnet\"}]},{\"@type\":\"WebSite\",\"@id\":\"https:\/\/www.hnhlcranes.com\/#website\",\"url\":\"https:\/\/www.hnhlcranes.com\/\",\"name\":\"Crane Parts Manufacturer\",\"description\":\"Crane Wheels,Crane Drums,Crane Hooks,Crane Coupling,Crane End Carriage,Electric Hoist,European Crane Parts,Crane Rail Clip,Crane Spreader,Crane Motor,Crane Reducer,Crane Brake,Light Crane Parts,Workstation Crane Parts,Crane Electrical Parts,China Crane Parts Supplier,China Crane Parts Manufacturer,Angle box type crane wheel,45 degree split crane wheel,European crane wheel,Crane Wheel Blocks,Overhead crane drum,European crane drum,Overhead crane hook,European crane hook,Crane pulley block,Gear coupling,Brake wheel coupling,Drum gear coupling,Brake wheel drum gear coupling,Cardan Shaft Coupling,WZL drum coupling,Plum blossom elastic coupling,Brake wheel plum elastic coupling,European Single girder crane end carriage,European Double girder crane end carriage,European Suspension  crane end carriage,Wire Rope Electric Hoist,Electric Chain Hoist,European Single Girder Wire Rope Electric Hoist,European Double Girder Wire Rope Electric Hoist,Crane grab,Container spreader,Billet crane clamps,C-type hook,Lifting Electromagnet,YZR crane motor,YZP crane motor,ZQ Reducer,ZSC Reducer,QJ Reducer,QJ-L Reducer,QJY Reducer,H series gearbox,F Series Gear Motor,K Series Gear Motor,R Series Gear Motor,travelling machinery gear motor,Electro hydraulic drum brake,Electro hydraulic disc brake,Crane Safety brake,Crane cable trolley,Crane remote controller,Crane pendant controller,Crane electrical control cabinet,Crane limit switch,Crane sound and light alarm,Heavy Duty Aviation Connector,Crane overload limiter\",\"publisher\":{\"@id\":\"https:\/\/www.hnhlcranes.com\/#organization\"},\"potentialAction\":[{\"@type\":\"SearchAction\",\"target\":{\"@type\":\"EntryPoint\",\"urlTemplate\":\"https:\/\/www.hnhlcranes.com\/?s={search_term_string}\"},\"query-input\":{\"@type\":\"PropertyValueSpecification\",\"valueRequired\":true,\"valueName\":\"search_term_string\"}}],\"inLanguage\":\"de\"},{\"@type\":\"Organization\",\"@id\":\"https:\/\/www.hnhlcranes.com\/#organization\",\"name\":\"Crane Parts Manufacturer\",\"url\":\"https:\/\/www.hnhlcranes.com\/\",\"logo\":{\"@type\":\"ImageObject\",\"inLanguage\":\"de\",\"@id\":\"https:\/\/www.hnhlcranes.com\/#\/schema\/logo\/image\/\",\"url\":\"https:\/\/www.hnhlcranes.com\/wp-content\/uploads\/2025\/01\/HL-logo-1.png\",\"contentUrl\":\"https:\/\/www.hnhlcranes.com\/wp-content\/uploads\/2025\/01\/HL-logo-1.png\",\"width\":600,\"height\":169,\"caption\":\"Crane Parts Manufacturer\"},\"image\":{\"@id\":\"https:\/\/www.hnhlcranes.com\/#\/schema\/logo\/image\/\"}}]}<\/script>\n<!-- \/ Yoast SEO plugin. -->","yoast_head_json":{"title":"Lifting Electromagnet -Crane magnets- Crane Parts Manufacturer","description":"Crane magnets,Special Crane Spreader,Lifting Electromagnet Spreader,China Crane Parts Supplier,Lifting Electromagnet,Crane Spreader","robots":{"index":"index","follow":"follow","max-snippet":"max-snippet:-1","max-image-preview":"max-image-preview:large","max-video-preview":"max-video-preview:-1"},"canonical":"https:\/\/www.hnhlcranes.com\/de\/produkt\/hubelektromagnet\/","og_locale":"de_DE","og_type":"article","og_title":"Lifting Electromagnet -Crane magnets- Crane Parts Manufacturer","og_description":"Crane magnets,Special Crane Spreader,Lifting Electromagnet Spreader,China Crane Parts Supplier,Lifting Electromagnet,Crane Spreader","og_url":"https:\/\/www.hnhlcranes.com\/de\/produkt\/hubelektromagnet\/","og_site_name":"Crane Parts Manufacturer","article_modified_time":"2025-01-10T07:41:51+00:00","og_image":[{"width":600,"height":600,"url":"https:\/\/www.hnhlcranes.com\/wp-content\/uploads\/2024\/11\/Lifting-Electromagnet.jpg","type":"image\/jpeg"}],"twitter_card":"summary_large_image","twitter_misc":{"Gesch\u00e4tzte Lesezeit":"3\u00a0Minuten"},"schema":{"@context":"https:\/\/schema.org","@graph":[{"@type":"WebPage","@id":"https:\/\/www.hnhlcranes.com\/product\/lifting-electromagnet\/","url":"https:\/\/www.hnhlcranes.com\/product\/lifting-electromagnet\/","name":"Lifting Electromagnet -Crane magnets- Crane Parts Manufacturer","isPartOf":{"@id":"https:\/\/www.hnhlcranes.com\/#website"},"primaryImageOfPage":{"@id":"https:\/\/www.hnhlcranes.com\/product\/lifting-electromagnet\/#primaryimage"},"image":{"@id":"https:\/\/www.hnhlcranes.com\/product\/lifting-electromagnet\/#primaryimage"},"thumbnailUrl":"https:\/\/www.hnhlcranes.com\/wp-content\/uploads\/2024\/11\/Lifting-Electromagnet.jpg","datePublished":"2024-11-25T17:03:18+00:00","dateModified":"2025-01-10T07:41:51+00:00","description":"Crane magnets,Special Crane Spreader,Lifting Electromagnet Spreader,China Crane Parts Supplier,Lifting Electromagnet,Crane Spreader","breadcrumb":{"@id":"https:\/\/www.hnhlcranes.com\/product\/lifting-electromagnet\/#breadcrumb"},"inLanguage":"de","potentialAction":[{"@type":"ReadAction","target":["https:\/\/www.hnhlcranes.com\/product\/lifting-electromagnet\/"]}]},{"@type":"ImageObject","inLanguage":"de","@id":"https:\/\/www.hnhlcranes.com\/product\/lifting-electromagnet\/#primaryimage","url":"https:\/\/www.hnhlcranes.com\/wp-content\/uploads\/2024\/11\/Lifting-Electromagnet.jpg","contentUrl":"https:\/\/www.hnhlcranes.com\/wp-content\/uploads\/2024\/11\/Lifting-Electromagnet.jpg","width":600,"height":600},{"@type":"BreadcrumbList","@id":"https:\/\/www.hnhlcranes.com\/product\/lifting-electromagnet\/#breadcrumb","itemListElement":[{"@type":"ListItem","position":1,"name":"home","item":"https:\/\/www.hnhlcranes.com\/"},{"@type":"ListItem","position":2,"name":"products","item":"https:\/\/www.hnhlcranes.com\/products\/"},{"@type":"ListItem","position":3,"name":"Lifting Electromagnet"}]},{"@type":"WebSite","@id":"https:\/\/www.hnhlcranes.com\/#website","url":"https:\/\/www.hnhlcranes.com\/","name":"Crane Parts Manufacturer","description":"Crane Wheels,Crane Drums,Crane Hooks,Crane Coupling,Crane End Carriage,Electric Hoist,European Crane Parts,Crane Rail Clip,Crane Spreader,Crane Motor,Crane Reducer,Crane Brake,Light Crane Parts,Workstation Crane Parts,Crane Electrical Parts,China Crane Parts Supplier,China Crane Parts Manufacturer,Angle box type crane wheel,45 degree split crane wheel,European crane wheel,Crane Wheel Blocks,Overhead crane drum,European crane drum,Overhead crane hook,European crane hook,Crane pulley block,Gear coupling,Brake wheel coupling,Drum gear coupling,Brake wheel drum gear coupling,Cardan Shaft Coupling,WZL drum coupling,Plum blossom elastic coupling,Brake wheel plum elastic coupling,European Single girder crane end carriage,European Double girder crane end carriage,European Suspension  crane end carriage,Wire Rope Electric Hoist,Electric Chain Hoist,European Single Girder Wire Rope Electric Hoist,European Double Girder Wire Rope Electric Hoist,Crane grab,Container spreader,Billet crane clamps,C-type hook,Lifting Electromagnet,YZR crane motor,YZP crane motor,ZQ Reducer,ZSC Reducer,QJ Reducer,QJ-L Reducer,QJY Reducer,H series gearbox,F Series Gear Motor,K Series Gear Motor,R Series Gear Motor,travelling machinery gear motor,Electro hydraulic drum brake,Electro hydraulic disc brake,Crane Safety brake,Crane cable trolley,Crane remote controller,Crane pendant controller,Crane electrical control cabinet,Crane limit switch,Crane sound and light alarm,Heavy Duty Aviation Connector,Crane overload limiter","publisher":{"@id":"https:\/\/www.hnhlcranes.com\/#organization"},"potentialAction":[{"@type":"SearchAction","target":{"@type":"EntryPoint","urlTemplate":"https:\/\/www.hnhlcranes.com\/?s={search_term_string}"},"query-input":{"@type":"PropertyValueSpecification","valueRequired":true,"valueName":"search_term_string"}}],"inLanguage":"de"},{"@type":"Organization","@id":"https:\/\/www.hnhlcranes.com\/#organization","name":"Crane Parts Manufacturer","url":"https:\/\/www.hnhlcranes.com\/","logo":{"@type":"ImageObject","inLanguage":"de","@id":"https:\/\/www.hnhlcranes.com\/#\/schema\/logo\/image\/","url":"https:\/\/www.hnhlcranes.com\/wp-content\/uploads\/2025\/01\/HL-logo-1.png","contentUrl":"https:\/\/www.hnhlcranes.com\/wp-content\/uploads\/2025\/01\/HL-logo-1.png","width":600,"height":169,"caption":"Crane Parts Manufacturer"},"image":{"@id":"https:\/\/www.hnhlcranes.com\/#\/schema\/logo\/image\/"}}]}},"_links":{"self":[{"href":"https:\/\/www.hnhlcranes.com\/de\/wp-json\/wp\/v2\/product\/5487","targetHints":{"allow":["GET"]}}],"collection":[{"href":"https:\/\/www.hnhlcranes.com\/de\/wp-json\/wp\/v2\/product"}],"about":[{"href":"https:\/\/www.hnhlcranes.com\/de\/wp-json\/wp\/v2\/types\/product"}],"version-history":[{"count":3,"href":"https:\/\/www.hnhlcranes.com\/de\/wp-json\/wp\/v2\/product\/5487\/revisions"}],"predecessor-version":[{"id":7186,"href":"https:\/\/www.hnhlcranes.com\/de\/wp-json\/wp\/v2\/product\/5487\/revisions\/7186"}],"wp:featuredmedia":[{"embeddable":true,"href":"https:\/\/www.hnhlcranes.com\/de\/wp-json\/wp\/v2\/media\/7184"}],"wp:attachment":[{"href":"https:\/\/www.hnhlcranes.com\/de\/wp-json\/wp\/v2\/media?parent=5487"}],"wp:term":[{"taxonomy":"product_brand","embeddable":true,"href":"https:\/\/www.hnhlcranes.com\/de\/wp-json\/wp\/v2\/product_brand?post=5487"},{"taxonomy":"product_cat","embeddable":true,"href":"https:\/\/www.hnhlcranes.com\/de\/wp-json\/wp\/v2\/product_cat?post=5487"},{"taxonomy":"product_tag","embeddable":true,"href":"https:\/\/www.hnhlcranes.com\/de\/wp-json\/wp\/v2\/product_tag?post=5487"}],"curies":[{"name":"wp","href":"https:\/\/api.w.org\/{rel}","templated":true}]}}