{"id":5528,"date":"2024-11-29T22:04:09","date_gmt":"2024-11-29T14:04:09","guid":{"rendered":"https:\/\/www.hnhlcranes.com\/?post_type=product&#038;p=5528"},"modified":"2025-01-10T17:43:16","modified_gmt":"2025-01-10T09:43:16","slug":"cgek-schienenclip","status":"publish","type":"product","link":"https:\/\/www.hnhlcranes.com\/de\/produkt\/cgek-schienenclip\/","title":{"rendered":"CGEK-Schienenclip"},"content":{"rendered":"<h6><img fetchpriority=\"high\" decoding=\"async\" class=\"alignnone wp-image-7104\" src=\"https:\/\/www.hnhlcranes.com\/wp-content\/uploads\/2024\/11\/CGEK-Rail-Clip-3-300x129.jpg\" alt=\"\" width=\"949\" height=\"408\" srcset=\"https:\/\/www.hnhlcranes.com\/wp-content\/uploads\/2024\/11\/CGEK-Rail-Clip-3-300x129.jpg 300w, https:\/\/www.hnhlcranes.com\/wp-content\/uploads\/2024\/11\/CGEK-Rail-Clip-3-768x331.jpg 768w, https:\/\/www.hnhlcranes.com\/wp-content\/uploads\/2024\/11\/CGEK-Rail-Clip-3-600x259.jpg 600w, https:\/\/www.hnhlcranes.com\/wp-content\/uploads\/2024\/11\/CGEK-Rail-Clip-3.jpg 1000w\" sizes=\"(max-width: 949px) 100vw, 949px\" \/><\/h6>\n<h3><strong>Eigenschaften von CGEK Rail Clip<\/strong><\/h3>\n<h4><strong>Seitliche Verstellung<\/strong><\/h4>\n<p>Die <strong>CGEK-Schienenclip<\/strong> erm\u00f6glicht eine seitliche Verstellung, wodurch die Bedingungen f\u00fcr eine pr\u00e4zise Schienenverlegung und -ausrichtung optimiert werden. Diese Flexibilit\u00e4t stellt sicher, dass das Schienensystem genau positioniert ist, was einen reibungslosen und effizienten Kranbetrieb erm\u00f6glicht.<\/p>\n<h4><strong>Zuverl\u00e4ssigkeit bei der Aufnahme von Seitenkr\u00e4ften<\/strong><\/h4>\n<p>Die festen Komponenten der Clips sind so konzipiert, dass sie den beim Kranbetrieb auftretenden Seitenkr\u00e4ften zuverl\u00e4ssig standhalten. Dadurch sorgen sie f\u00fcr Stabilit\u00e4t, verhindern Bewegungen und erh\u00f6hen die allgemeine Sicherheit und Leistung des Kranschienensystems.<\/p>\n<h4><strong>Kompakte Bauweise<\/strong><\/h4>\n<p>Mit ihrer schmalen und flachen Struktur bieten diese Clips optimale Einbauma\u00dfe und eignen sich daher sowohl f\u00fcr Krane mit als auch ohne F\u00fchrungsr\u00e4der. Dieses kompakte Design tr\u00e4gt zur Maximierung der Raumeffizienz bei und sorgt f\u00fcr eine einfache Installation.<\/p>\n<h4><strong>Automatischer Verriegelungsmechanismus<\/strong><\/h4>\n<p>Durch das keilf\u00f6rmige Design und die ineinander greifenden Schr\u00e4gfl\u00e4chen der oberen und unteren Klemmplatte rasten die Clips automatisch ein. Dieser automatische Verriegelungsmechanismus vereinfacht den Installationsprozess und sorgt daf\u00fcr, dass die Klammern w\u00e4hrend des Betriebs sicher in Position bleiben.<\/p>\n<h4><strong>Toleranzkontrolle und Kontakthaltbarkeit<\/strong><\/h4>\n<p>Die CGEK-Schienenklammer gleicht die Toleranzen der Schiene und des Krantr\u00e4gers effektiv aus und gew\u00e4hrleistet eine pr\u00e4zise Passform. Dar\u00fcber hinaus sorgt sie f\u00fcr einen dauerhaften Kontakt zwischen Schiene und Basis, unterst\u00fctzt durch vorgespannte Basen, die die Haltbarkeit und Stabilit\u00e4t erh\u00f6hen.<\/p>\n<h4><strong>Rauschunterdr\u00fcckung<\/strong><\/h4>\n<p>Das innovative Design der CGEK-Schienenklammer reduziert den L\u00e4rm erheblich, was zu einer verbesserten Arbeitsumgebung beitr\u00e4gt. Diese Eigenschaft ist besonders vorteilhaft in Umgebungen, in denen L\u00e4rmkontrolle f\u00fcr die Aufrechterhaltung der betrieblichen Effizienz und des Arbeitskomforts entscheidend ist.<\/p>\n<h4><strong>Hochfeste Materialien<\/strong><\/h4>\n<p>Die Komponenten sind aus niedrig legiertem, hochfestem Baustahl gefertigt, der eine verbesserte Haltbarkeit und Leistung gew\u00e4hrleistet. Diese Materialwahl verl\u00e4ngert die Lebensdauer der Clips, auch unter schweren und anspruchsvollen Bedingungen.<\/p>\n<h4><strong>Hochfeste Bolzen<\/strong><\/h4>\n<p>Ausgestattet mit hochfesten Schrauben M20, G\u00fcteklasse 8.8, bietet das CGEK-Schienenklammersystem ein Anzugsdrehmoment von 220 N-m. Dar\u00fcber hinaus h\u00e4lt es einer maximalen Seitenkraft von 120 kN stand, die durch den Druck der R\u00e4der ausge\u00fcbt wird, so dass die Klammern auch bei hohen Belastungen zuverl\u00e4ssig funktionieren.<\/p>\n<h3><strong>Montageschritte f\u00fcr CGEK-Schienenclip<\/strong><\/h3>\n<h4><strong>Positionierung der Grundplatte<\/strong><\/h4>\n<p>Platzieren Sie zun\u00e4chst die Grundplatten im Abstand von 500 mm entlang der Kranschiene. Vergewissern Sie sich, dass die Grundplatten senkrecht zur Schiene ausgerichtet sind, wobei die Mitte des T-Bolzens entsprechend dem angegebenen Wert aaa von der Schienenmittellinie beabstandet ist.<\/p>\n<h4><strong>Schwei\u00dfen der Grundplatten<\/strong><\/h4>\n<p>Als N\u00e4chstes schwei\u00dfen Sie die Grundplatten an den festgelegten Positionen fest. Dadurch wird sichergestellt, dass die Grundplatten fest mit dem Krantr\u00e4ger verbunden sind und ein stabiles Fundament f\u00fcr das gesamte Schienensystem bilden.<\/p>\n<h4><strong>Sequentielle Installation<\/strong><\/h4>\n<p>Nach dem Schwei\u00dfen der Grundplatten fahren Sie mit dem sequentiellen Einbau der Komponenten fort:<\/p>\n<ol>\n<li>Bringen Sie die T-Schrauben in Position.<\/li>\n<li>Montieren Sie die Komponenten in der folgenden Reihenfolge: obere Abdeckplatte, Unterlegscheibe, Federscheibe und Mutter.<\/li>\n<li>Ziehen Sie zum Schluss die T-Schrauben an und justieren Sie die obere Abdeckplatte nach Bedarf, um eine sichere und stabile Montage zu gew\u00e4hrleisten.<\/li>\n<\/ol>\n<p>Wenn Sie diese detaillierten Schritte befolgen, kann das CGEK-Schienenklammersystem effizient installiert werden und bietet eine zuverl\u00e4ssige und dauerhafte L\u00f6sung f\u00fcr die Befestigung von Kranschienen, die einen reibungslosen Betrieb und eine lange Lebensdauer gew\u00e4hrleistet. Die pr\u00e4zisen Konstruktionsmerkmale und die einfache Installation machen es zu einer hervorragenden Wahl f\u00fcr anspruchsvolle industrielle Anwendungen.<\/p>","protected":false},"excerpt":{"rendered":"<h6><span style=\"font-family: arial, helvetica, sans-serif; font-size: 14pt;\"><strong>Spezifikationen von CGEK Rail Clip<\/strong><\/span><\/h6>\n<ul>\n<li><strong>Modelle:<\/strong> CGEK38, CGEK43, CGEK50, CGEK60, CGEK70, CGEK80, CGEK100, CGEK120<\/li>\n<li><strong>Methode der Befestigung:<\/strong> Geschwei\u00dfte Grundplatte<\/li>\n<\/ul>","protected":false},"featured_media":7102,"template":"","meta":{"_kad_post_transparent":"default","_kad_post_title":"","_kad_post_layout":"default","_kad_post_sidebar_id":"","_kad_post_content_style":"default","_kad_post_vertical_padding":"show","_kad_post_feature":"","_kad_post_feature_position":"","_kad_post_header":false,"_kad_post_footer":false},"product_brand":[],"product_cat":[83],"product_tag":[483,482,481,480,376,489,486,490,488,484,492,487,485,493,478,491,477,479],"class_list":{"0":"post-5528","1":"product","2":"type-product","3":"status-publish","4":"has-post-thumbnail","6":"product_cat-crane-rail-clip","7":"product_tag-05g525-rail-clip","8":"product_tag-cgbk-rail-clip","9":"product_tag-cgek-rail-clip","10":"product_tag-cgwk-rail-clip","11":"product_tag-china-crane-parts-supplier","12":"product_tag-crane-rail-clamp","13":"product_tag-crane-rail-clip","14":"product_tag-crane-rail-clip-supplier","15":"product_tag-crane-rail-fixing-device","16":"product_tag-hdgy-rail-clip","17":"product_tag-rail-connection-splint","18":"product_tag-rail-fixing-device","19":"product_tag-rail-joint","20":"product_tag-special-crane-spreader","21":"product_tag-swjk-rail-clip","22":"product_tag-tracks-jointing-plates","23":"product_tag-wjk-rail-clip","24":"product_tag-wjkc-rail-clip","26":"first","27":"instock","28":"shipping-taxable","29":"product-type-simple","30":"entry","31":"content-bg","32":"loop-entry"},"yoast_head":"<!-- This site is optimized with the Yoast SEO plugin v24.5 - https:\/\/yoast.com\/wordpress\/plugins\/seo\/ -->\n<title>CGEK Rail Clip - Rail Clamp- Rail fixing device-Crane Parts Manufacturer<\/title>\n<meta name=\"description\" content=\"Rail Clips,CGEK Rail Clip,Crane Rail Clips,Rail fixing device,Crane Rail fixing device,crane Rail Clamp,WJK Rail Clips,Overhead Crane Rail Clip\" \/>\n<meta name=\"robots\" content=\"index, follow, max-snippet:-1, max-image-preview:large, max-video-preview:-1\" \/>\n<link rel=\"canonical\" href=\"https:\/\/www.hnhlcranes.com\/de\/produkt\/cgek-schienenclip\/\" \/>\n<meta property=\"og:locale\" content=\"de_DE\" \/>\n<meta property=\"og:type\" content=\"article\" \/>\n<meta property=\"og:title\" content=\"CGEK Rail Clip - Rail Clamp- Rail fixing device-Crane Parts Manufacturer\" \/>\n<meta property=\"og:description\" content=\"Rail Clips,CGEK Rail Clip,Crane Rail Clips,Rail fixing device,Crane Rail fixing device,crane Rail Clamp,WJK Rail Clips,Overhead Crane Rail Clip\" \/>\n<meta property=\"og:url\" content=\"https:\/\/www.hnhlcranes.com\/de\/produkt\/cgek-schienenclip\/\" \/>\n<meta property=\"og:site_name\" content=\"Crane Parts Manufacturer\" \/>\n<meta property=\"article:modified_time\" content=\"2025-01-10T09:43:16+00:00\" \/>\n<meta property=\"og:image\" content=\"https:\/\/www.hnhlcranes.com\/wp-content\/uploads\/2024\/11\/CGEK-Rail-Clip.jpg\" \/>\n\t<meta property=\"og:image:width\" content=\"600\" \/>\n\t<meta property=\"og:image:height\" content=\"600\" \/>\n\t<meta property=\"og:image:type\" content=\"image\/jpeg\" \/>\n<meta name=\"twitter:card\" content=\"summary_large_image\" \/>\n<meta name=\"twitter:label1\" content=\"Gesch\u00e4tzte Lesezeit\" \/>\n\t<meta name=\"twitter:data1\" content=\"3\u00a0Minuten\" \/>\n<script type=\"application\/ld+json\" class=\"yoast-schema-graph\">{\"@context\":\"https:\/\/schema.org\",\"@graph\":[{\"@type\":\"WebPage\",\"@id\":\"https:\/\/www.hnhlcranes.com\/product\/cgek-rail-clip\/\",\"url\":\"https:\/\/www.hnhlcranes.com\/product\/cgek-rail-clip\/\",\"name\":\"CGEK Rail Clip - Rail Clamp- Rail fixing device-Crane Parts Manufacturer\",\"isPartOf\":{\"@id\":\"https:\/\/www.hnhlcranes.com\/#website\"},\"primaryImageOfPage\":{\"@id\":\"https:\/\/www.hnhlcranes.com\/product\/cgek-rail-clip\/#primaryimage\"},\"image\":{\"@id\":\"https:\/\/www.hnhlcranes.com\/product\/cgek-rail-clip\/#primaryimage\"},\"thumbnailUrl\":\"https:\/\/www.hnhlcranes.com\/wp-content\/uploads\/2024\/11\/CGEK-Rail-Clip.jpg\",\"datePublished\":\"2024-11-29T14:04:09+00:00\",\"dateModified\":\"2025-01-10T09:43:16+00:00\",\"description\":\"Rail Clips,CGEK Rail Clip,Crane Rail Clips,Rail fixing device,Crane Rail fixing device,crane Rail Clamp,WJK Rail Clips,Overhead Crane Rail Clip\",\"breadcrumb\":{\"@id\":\"https:\/\/www.hnhlcranes.com\/product\/cgek-rail-clip\/#breadcrumb\"},\"inLanguage\":\"de\",\"potentialAction\":[{\"@type\":\"ReadAction\",\"target\":[\"https:\/\/www.hnhlcranes.com\/product\/cgek-rail-clip\/\"]}]},{\"@type\":\"ImageObject\",\"inLanguage\":\"de\",\"@id\":\"https:\/\/www.hnhlcranes.com\/product\/cgek-rail-clip\/#primaryimage\",\"url\":\"https:\/\/www.hnhlcranes.com\/wp-content\/uploads\/2024\/11\/CGEK-Rail-Clip.jpg\",\"contentUrl\":\"https:\/\/www.hnhlcranes.com\/wp-content\/uploads\/2024\/11\/CGEK-Rail-Clip.jpg\",\"width\":600,\"height\":600},{\"@type\":\"BreadcrumbList\",\"@id\":\"https:\/\/www.hnhlcranes.com\/product\/cgek-rail-clip\/#breadcrumb\",\"itemListElement\":[{\"@type\":\"ListItem\",\"position\":1,\"name\":\"home\",\"item\":\"https:\/\/www.hnhlcranes.com\/\"},{\"@type\":\"ListItem\",\"position\":2,\"name\":\"products\",\"item\":\"https:\/\/www.hnhlcranes.com\/products\/\"},{\"@type\":\"ListItem\",\"position\":3,\"name\":\"CGEK Rail Clip\"}]},{\"@type\":\"WebSite\",\"@id\":\"https:\/\/www.hnhlcranes.com\/#website\",\"url\":\"https:\/\/www.hnhlcranes.com\/\",\"name\":\"Crane Parts Manufacturer\",\"description\":\"Crane Wheels,Crane Drums,Crane Hooks,Crane Coupling,Crane End Carriage,Electric Hoist,European Crane Parts,Crane Rail Clip,Crane Spreader,Crane Motor,Crane Reducer,Crane Brake,Light Crane Parts,Workstation Crane Parts,Crane Electrical Parts,China Crane Parts Supplier,China Crane Parts Manufacturer,Angle box type crane wheel,45 degree split crane wheel,European crane wheel,Crane Wheel Blocks,Overhead crane drum,European crane drum,Overhead crane hook,European crane hook,Crane pulley block,Gear coupling,Brake wheel coupling,Drum gear coupling,Brake wheel drum gear coupling,Cardan Shaft Coupling,WZL drum coupling,Plum blossom elastic coupling,Brake wheel plum elastic coupling,European Single girder crane end carriage,European Double girder crane end carriage,European Suspension  crane end carriage,Wire Rope Electric Hoist,Electric Chain Hoist,European Single Girder Wire Rope Electric Hoist,European Double Girder Wire Rope Electric Hoist,Crane grab,Container spreader,Billet crane clamps,C-type hook,Lifting Electromagnet,YZR crane motor,YZP crane motor,ZQ Reducer,ZSC Reducer,QJ Reducer,QJ-L Reducer,QJY Reducer,H series gearbox,F Series Gear Motor,K Series Gear Motor,R Series Gear Motor,travelling machinery gear motor,Electro hydraulic drum brake,Electro hydraulic disc brake,Crane Safety brake,Crane cable trolley,Crane remote controller,Crane pendant controller,Crane electrical control cabinet,Crane limit switch,Crane sound and light alarm,Heavy Duty Aviation Connector,Crane overload limiter\",\"publisher\":{\"@id\":\"https:\/\/www.hnhlcranes.com\/#organization\"},\"potentialAction\":[{\"@type\":\"SearchAction\",\"target\":{\"@type\":\"EntryPoint\",\"urlTemplate\":\"https:\/\/www.hnhlcranes.com\/?s={search_term_string}\"},\"query-input\":{\"@type\":\"PropertyValueSpecification\",\"valueRequired\":true,\"valueName\":\"search_term_string\"}}],\"inLanguage\":\"de\"},{\"@type\":\"Organization\",\"@id\":\"https:\/\/www.hnhlcranes.com\/#organization\",\"name\":\"Crane Parts Manufacturer\",\"url\":\"https:\/\/www.hnhlcranes.com\/\",\"logo\":{\"@type\":\"ImageObject\",\"inLanguage\":\"de\",\"@id\":\"https:\/\/www.hnhlcranes.com\/#\/schema\/logo\/image\/\",\"url\":\"https:\/\/www.hnhlcranes.com\/wp-content\/uploads\/2025\/01\/HL-logo-1.png\",\"contentUrl\":\"https:\/\/www.hnhlcranes.com\/wp-content\/uploads\/2025\/01\/HL-logo-1.png\",\"width\":600,\"height\":169,\"caption\":\"Crane Parts Manufacturer\"},\"image\":{\"@id\":\"https:\/\/www.hnhlcranes.com\/#\/schema\/logo\/image\/\"}}]}<\/script>\n<!-- \/ Yoast SEO plugin. -->","yoast_head_json":{"title":"CGEK Rail Clip - Rail Clamp- Rail fixing device-Crane Parts Manufacturer","description":"Rail Clips,CGEK Rail Clip,Crane Rail Clips,Rail fixing device,Crane Rail fixing device,crane Rail Clamp,WJK Rail Clips,Overhead Crane Rail Clip","robots":{"index":"index","follow":"follow","max-snippet":"max-snippet:-1","max-image-preview":"max-image-preview:large","max-video-preview":"max-video-preview:-1"},"canonical":"https:\/\/www.hnhlcranes.com\/de\/produkt\/cgek-schienenclip\/","og_locale":"de_DE","og_type":"article","og_title":"CGEK Rail Clip - Rail Clamp- Rail fixing device-Crane Parts Manufacturer","og_description":"Rail Clips,CGEK Rail Clip,Crane Rail Clips,Rail fixing device,Crane Rail fixing device,crane Rail Clamp,WJK Rail Clips,Overhead Crane Rail Clip","og_url":"https:\/\/www.hnhlcranes.com\/de\/produkt\/cgek-schienenclip\/","og_site_name":"Crane Parts Manufacturer","article_modified_time":"2025-01-10T09:43:16+00:00","og_image":[{"width":600,"height":600,"url":"https:\/\/www.hnhlcranes.com\/wp-content\/uploads\/2024\/11\/CGEK-Rail-Clip.jpg","type":"image\/jpeg"}],"twitter_card":"summary_large_image","twitter_misc":{"Gesch\u00e4tzte Lesezeit":"3\u00a0Minuten"},"schema":{"@context":"https:\/\/schema.org","@graph":[{"@type":"WebPage","@id":"https:\/\/www.hnhlcranes.com\/product\/cgek-rail-clip\/","url":"https:\/\/www.hnhlcranes.com\/product\/cgek-rail-clip\/","name":"CGEK Rail Clip - Rail Clamp- Rail fixing device-Crane Parts Manufacturer","isPartOf":{"@id":"https:\/\/www.hnhlcranes.com\/#website"},"primaryImageOfPage":{"@id":"https:\/\/www.hnhlcranes.com\/product\/cgek-rail-clip\/#primaryimage"},"image":{"@id":"https:\/\/www.hnhlcranes.com\/product\/cgek-rail-clip\/#primaryimage"},"thumbnailUrl":"https:\/\/www.hnhlcranes.com\/wp-content\/uploads\/2024\/11\/CGEK-Rail-Clip.jpg","datePublished":"2024-11-29T14:04:09+00:00","dateModified":"2025-01-10T09:43:16+00:00","description":"Rail Clips,CGEK Rail Clip,Crane Rail Clips,Rail fixing device,Crane Rail fixing device,crane Rail Clamp,WJK Rail Clips,Overhead Crane Rail Clip","breadcrumb":{"@id":"https:\/\/www.hnhlcranes.com\/product\/cgek-rail-clip\/#breadcrumb"},"inLanguage":"de","potentialAction":[{"@type":"ReadAction","target":["https:\/\/www.hnhlcranes.com\/product\/cgek-rail-clip\/"]}]},{"@type":"ImageObject","inLanguage":"de","@id":"https:\/\/www.hnhlcranes.com\/product\/cgek-rail-clip\/#primaryimage","url":"https:\/\/www.hnhlcranes.com\/wp-content\/uploads\/2024\/11\/CGEK-Rail-Clip.jpg","contentUrl":"https:\/\/www.hnhlcranes.com\/wp-content\/uploads\/2024\/11\/CGEK-Rail-Clip.jpg","width":600,"height":600},{"@type":"BreadcrumbList","@id":"https:\/\/www.hnhlcranes.com\/product\/cgek-rail-clip\/#breadcrumb","itemListElement":[{"@type":"ListItem","position":1,"name":"home","item":"https:\/\/www.hnhlcranes.com\/"},{"@type":"ListItem","position":2,"name":"products","item":"https:\/\/www.hnhlcranes.com\/products\/"},{"@type":"ListItem","position":3,"name":"CGEK Rail Clip"}]},{"@type":"WebSite","@id":"https:\/\/www.hnhlcranes.com\/#website","url":"https:\/\/www.hnhlcranes.com\/","name":"Crane Parts Manufacturer","description":"Crane Wheels,Crane Drums,Crane Hooks,Crane Coupling,Crane End Carriage,Electric Hoist,European Crane Parts,Crane Rail Clip,Crane Spreader,Crane Motor,Crane Reducer,Crane Brake,Light Crane Parts,Workstation Crane Parts,Crane Electrical Parts,China Crane Parts Supplier,China Crane Parts Manufacturer,Angle box type crane wheel,45 degree split crane wheel,European crane wheel,Crane Wheel Blocks,Overhead crane drum,European crane drum,Overhead crane hook,European crane hook,Crane pulley block,Gear coupling,Brake wheel coupling,Drum gear coupling,Brake wheel drum gear coupling,Cardan Shaft Coupling,WZL drum coupling,Plum blossom elastic coupling,Brake wheel plum elastic coupling,European Single girder crane end carriage,European Double girder crane end carriage,European Suspension  crane end carriage,Wire Rope Electric Hoist,Electric Chain Hoist,European Single Girder Wire Rope Electric Hoist,European Double Girder Wire Rope Electric Hoist,Crane grab,Container spreader,Billet crane clamps,C-type hook,Lifting Electromagnet,YZR crane motor,YZP crane motor,ZQ Reducer,ZSC Reducer,QJ Reducer,QJ-L Reducer,QJY Reducer,H series gearbox,F Series Gear Motor,K Series Gear Motor,R Series Gear Motor,travelling machinery gear motor,Electro hydraulic drum brake,Electro hydraulic disc brake,Crane Safety brake,Crane cable trolley,Crane remote controller,Crane pendant controller,Crane electrical control cabinet,Crane limit switch,Crane sound and light alarm,Heavy Duty Aviation Connector,Crane overload limiter","publisher":{"@id":"https:\/\/www.hnhlcranes.com\/#organization"},"potentialAction":[{"@type":"SearchAction","target":{"@type":"EntryPoint","urlTemplate":"https:\/\/www.hnhlcranes.com\/?s={search_term_string}"},"query-input":{"@type":"PropertyValueSpecification","valueRequired":true,"valueName":"search_term_string"}}],"inLanguage":"de"},{"@type":"Organization","@id":"https:\/\/www.hnhlcranes.com\/#organization","name":"Crane Parts Manufacturer","url":"https:\/\/www.hnhlcranes.com\/","logo":{"@type":"ImageObject","inLanguage":"de","@id":"https:\/\/www.hnhlcranes.com\/#\/schema\/logo\/image\/","url":"https:\/\/www.hnhlcranes.com\/wp-content\/uploads\/2025\/01\/HL-logo-1.png","contentUrl":"https:\/\/www.hnhlcranes.com\/wp-content\/uploads\/2025\/01\/HL-logo-1.png","width":600,"height":169,"caption":"Crane Parts Manufacturer"},"image":{"@id":"https:\/\/www.hnhlcranes.com\/#\/schema\/logo\/image\/"}}]}},"_links":{"self":[{"href":"https:\/\/www.hnhlcranes.com\/de\/wp-json\/wp\/v2\/product\/5528","targetHints":{"allow":["GET"]}}],"collection":[{"href":"https:\/\/www.hnhlcranes.com\/de\/wp-json\/wp\/v2\/product"}],"about":[{"href":"https:\/\/www.hnhlcranes.com\/de\/wp-json\/wp\/v2\/types\/product"}],"version-history":[{"count":4,"href":"https:\/\/www.hnhlcranes.com\/de\/wp-json\/wp\/v2\/product\/5528\/revisions"}],"predecessor-version":[{"id":7195,"href":"https:\/\/www.hnhlcranes.com\/de\/wp-json\/wp\/v2\/product\/5528\/revisions\/7195"}],"wp:featuredmedia":[{"embeddable":true,"href":"https:\/\/www.hnhlcranes.com\/de\/wp-json\/wp\/v2\/media\/7102"}],"wp:attachment":[{"href":"https:\/\/www.hnhlcranes.com\/de\/wp-json\/wp\/v2\/media?parent=5528"}],"wp:term":[{"taxonomy":"product_brand","embeddable":true,"href":"https:\/\/www.hnhlcranes.com\/de\/wp-json\/wp\/v2\/product_brand?post=5528"},{"taxonomy":"product_cat","embeddable":true,"href":"https:\/\/www.hnhlcranes.com\/de\/wp-json\/wp\/v2\/product_cat?post=5528"},{"taxonomy":"product_tag","embeddable":true,"href":"https:\/\/www.hnhlcranes.com\/de\/wp-json\/wp\/v2\/product_tag?post=5528"}],"curies":[{"name":"wp","href":"https:\/\/api.w.org\/{rel}","templated":true}]}}