{"id":5544,"date":"2024-11-29T22:40:44","date_gmt":"2024-11-29T14:40:44","guid":{"rendered":"https:\/\/www.hnhlcranes.com\/?post_type=product&#038;p=5544"},"modified":"2025-01-10T18:14:36","modified_gmt":"2025-01-10T10:14:36","slug":"hdgy-schienenclip","status":"publish","type":"product","link":"https:\/\/www.hnhlcranes.com\/de\/produkt\/hdgy-schienenclip\/","title":{"rendered":"HDGY Schienenclip"},"content":{"rendered":"<h3><strong>Eigenschaften von HDGY Rail Clip<\/strong><\/h3>\n<h4><strong>Elastische Fixierung und verringerte Abnutzung<\/strong><\/h4>\n<p>Die <strong>HDGY-Schienenclip<\/strong> ist speziell f\u00fcr die elastische Befestigung von Schienen an Betonkranbalken ausgelegt. Diese Konstruktion verringert den Verschlei\u00df des Schienenkopfes, minimiert die Auswirkungen auf den Kranbalken, verringert den Verschlei\u00df des Kranradflansches und senkt den Ger\u00e4uschpegel. Dadurch erh\u00f6ht das System sowohl die Langlebigkeit als auch die Effizienz des Kranbetriebs.<\/p>\n<h4><strong>Verbesserte Stabilit\u00e4t mit elastischem Verbundgummipad<\/strong><\/h4>\n<p>Durch den Einbau eines elastischen Verbundgummipuffers zwischen Schiene und Kranbalken erh\u00f6ht die HDGY-Schienenklammer die Reibung erheblich und verhindert so eine Bewegung der Schiene. Dar\u00fcber hinaus eliminiert oder minimiert dieses Merkmal ungleichm\u00e4\u00dfige L\u00fccken entlang der Schienenl\u00e4nge, was zu einer verbesserten Verteilung der Schraubenspannung auf die Klemmplatten f\u00fchrt und die Gesamtstabilit\u00e4t des Systems weiter erh\u00f6ht.<\/p>\n<h4><strong>Optimale Spannungsverteilung<\/strong><\/h4>\n<p>Die Gummiauflage hat einen leicht konvexen Querschnitt, um eine rationelle Spannungsverteilung zu gew\u00e4hrleisten. Dar\u00fcber hinaus verbessern kleine rechteckige Rippen auf der Unterlage den Kontakt mit der Schiene, erh\u00f6hen die Elastizit\u00e4t und sorgen f\u00fcr eine wirksame Schwingungsd\u00e4mpfung, was letztlich zu einem reibungsloseren Betrieb und geringerem Verschlei\u00df beitr\u00e4gt.<\/p>\n<h4><strong>Langlebiges Design<\/strong><\/h4>\n<p>Die Gummiauflage ist mit rechteckigen Rillen versehen, die die seitliche Verformung unter Belastung minimieren und die Oberfl\u00e4chenbesch\u00e4digung durch Druck verringern. Dar\u00fcber hinaus ist die Struktur der HDGY-Schienenklammer dank der behandelten Stahlverst\u00e4rkung \u00e4u\u00dferst langlebig und beh\u00e4lt selbst nach 2 Millionen Erm\u00fcdungszyklen ihre hervorragende Leistung bei, was eine langfristige Zuverl\u00e4ssigkeit gew\u00e4hrleistet.<\/p>\n<h4><strong>Sichere und symmetrische Klemmbleche<\/strong><\/h4>\n<p>Die Klemmplatten sind fest mit dem Kranbalken verbunden, wodurch sie sich nicht l\u00f6sen k\u00f6nnen und der Verschlei\u00df des Kranbalkens minimiert wird. Das symmetrische Design der Klemmplatten bildet im Querschnitt eine keilf\u00f6rmige Struktur, die die seitliche Verschiebung der Schiene wirksam begrenzt und so die Stabilit\u00e4t w\u00e4hrend des Kranbetriebs gew\u00e4hrleistet.<\/p>\n<h4><strong>Einstellbarkeit f\u00fcr Installation und Wartung<\/strong><\/h4>\n<p>Um die Installation und Wartung zu vereinfachen, erm\u00f6glichen elliptische Schlitze in der Klemmplatte seitliche Einstellungen. Dar\u00fcber hinaus verhindern schr\u00e4ge L\u00f6cher in Verbindung mit Anti-Rutsch-Bl\u00f6cken eine Bewegung der Klemme und erleichtern die seitliche Ausrichtung w\u00e4hrend der Installation oder Wartung, was pr\u00e4zise Einstellungen und eine einfache Handhabung gew\u00e4hrleistet.<\/p>\n<h4><strong>Toleranz f\u00fcr Schienenbewegungen<\/strong><\/h4>\n<p>Das System ist so konzipiert, dass es leichte Schienenbewegungen w\u00e4hrend des Kranbetriebs ausgleichen kann. Dies gew\u00e4hrleistet Flexibilit\u00e4t, ohne die Stabilit\u00e4t zu beeintr\u00e4chtigen, und erm\u00f6glicht eine effiziente Bewegung bei gleichzeitiger Aufrechterhaltung der Integrit\u00e4t des Schienen- und Kransystems.<\/p>\n<h3><strong>Montageschritte f\u00fcr HDGY-Schienenclip<\/strong><\/h3>\n<h4><strong>Positionierung des Gummipads<\/strong><\/h4>\n<p>Legen Sie zun\u00e4chst die Gummiplatte mit ihren rechteckigen Rippen und Rillen parallel zur Schiene und unter diese. Vergewissern Sie sich, dass die Unterlage rechtwinklig zur Mittellinie der Schiene und richtig zu den Bolzen auf beiden Seiten positioniert ist. Dies gew\u00e4hrleistet eine pr\u00e4zise Platzierung und Ausrichtung f\u00fcr eine optimale Leistung.<\/p>\n<h4><strong>Vorbereitung der Grundschicht<\/strong><\/h4>\n<p>Bevor Sie die Gummiauflage auf die Betontragschicht legen, reinigen Sie die Oberfl\u00e4che gr\u00fcndlich, um Verunreinigungen zu entfernen. Dieser Schritt ist wichtig, um sicherzustellen, dass keine Verunreinigungen vorhanden sind, die die Leistung des Systems beeintr\u00e4chtigen k\u00f6nnten.<\/p>\n<h4><strong>Zusammenbau der Klemmplatte<\/strong><\/h4>\n<p>Befolgen Sie diese Schritte bei der Montage:<\/p>\n<ul>\n<li>Stecken Sie die Bolzen in die vorgebohrten L\u00f6cher im Stahlbetonkranbalken.<\/li>\n<li>Setzen Sie den Klemmplattenk\u00f6rper auf den Sockel.<\/li>\n<li>F\u00fcgen Sie den Anti-Rutsch-Block mit dem kleinen Ende zur Schiene hin hinzu, um die Stabilit\u00e4t zu erh\u00f6hen.<\/li>\n<li>Bringen Sie die Federscheibe und die Mutter an und ziehen Sie die Baugruppe dann vor.<\/li>\n<li>Stellen Sie die Klemmplatte so ein, dass sie fest gegen die Schienenkante dr\u00fcckt.<\/li>\n<li>Ziehen Sie abschlie\u00dfend die Schrauben fest, um die Komponenten zu sichern.<\/li>\n<\/ul>\n<h4><strong>Ausrichten der Klammerplatte<\/strong><\/h4>\n<p>Vergewissern Sie sich, dass die Mittellinie der Klemmplatte senkrecht zur Mittellinie der Schiene steht und nicht schief ist. Dieser Schritt gew\u00e4hrleistet, dass die Klemmplatte f\u00fcr eine optimale Schienenbefestigung und Gesamtleistung des Systems richtig ausgerichtet ist.<\/p>","protected":false},"excerpt":{"rendered":"<h6><span style=\"font-family: arial, helvetica, sans-serif; font-size: 14pt;\"><strong>Spezifikationen von HDGY Rail Clip<\/strong><\/span><\/h6>\n<ul>\n<li><strong>Modelle:<\/strong> HDGY24, HDGY38A, HDGY38B, HDGY43, HDGY50, HDGY70, HDGY80, HDGY100, HDGY120<\/li>\n<li><strong>Methode der Befestigung:<\/strong> Bolzenbefestigung<\/li>\n<\/ul>","protected":false},"featured_media":7117,"template":"","meta":{"_kad_post_transparent":"default","_kad_post_title":"","_kad_post_layout":"default","_kad_post_sidebar_id":"","_kad_post_content_style":"default","_kad_post_vertical_padding":"show","_kad_post_feature":"","_kad_post_feature_position":"","_kad_post_header":false,"_kad_post_footer":false},"product_brand":[],"product_cat":[83],"product_tag":[483,482,481,480,376,489,486,490,488,484,492,487,485,493,478,491,477,479],"class_list":{"0":"post-5544","1":"product","2":"type-product","3":"status-publish","4":"has-post-thumbnail","6":"product_cat-crane-rail-clip","7":"product_tag-05g525-rail-clip","8":"product_tag-cgbk-rail-clip","9":"product_tag-cgek-rail-clip","10":"product_tag-cgwk-rail-clip","11":"product_tag-china-crane-parts-supplier","12":"product_tag-crane-rail-clamp","13":"product_tag-crane-rail-clip","14":"product_tag-crane-rail-clip-supplier","15":"product_tag-crane-rail-fixing-device","16":"product_tag-hdgy-rail-clip","17":"product_tag-rail-connection-splint","18":"product_tag-rail-fixing-device","19":"product_tag-rail-joint","20":"product_tag-special-crane-spreader","21":"product_tag-swjk-rail-clip","22":"product_tag-tracks-jointing-plates","23":"product_tag-wjk-rail-clip","24":"product_tag-wjkc-rail-clip","26":"first","27":"instock","28":"shipping-taxable","29":"product-type-simple","30":"entry","31":"content-bg","32":"loop-entry"},"yoast_head":"<!-- This site is optimized with the Yoast SEO plugin v24.5 - https:\/\/yoast.com\/wordpress\/plugins\/seo\/ -->\n<title>HDGY Rail Clip - Crane Rail fixing device-crane Rail Clamp- Crane Parts Manufacturer<\/title>\n<meta name=\"description\" content=\"Rail Clips,HDGY Rail Clip,Crane Rail Clips,Rail fixing device,Crane Rail fixing device,crane Rail Clamp,WJK Rail Clips,Overhead Crane Rail Clip\" \/>\n<meta name=\"robots\" content=\"index, follow, max-snippet:-1, max-image-preview:large, max-video-preview:-1\" \/>\n<link rel=\"canonical\" href=\"https:\/\/www.hnhlcranes.com\/de\/produkt\/hdgy-schienenclip\/\" \/>\n<meta property=\"og:locale\" content=\"de_DE\" \/>\n<meta property=\"og:type\" content=\"article\" \/>\n<meta property=\"og:title\" content=\"HDGY Rail Clip - Crane Rail fixing device-crane Rail Clamp- Crane Parts Manufacturer\" \/>\n<meta property=\"og:description\" content=\"Rail Clips,HDGY Rail Clip,Crane Rail Clips,Rail fixing device,Crane Rail fixing device,crane Rail Clamp,WJK Rail Clips,Overhead Crane Rail Clip\" \/>\n<meta property=\"og:url\" content=\"https:\/\/www.hnhlcranes.com\/de\/produkt\/hdgy-schienenclip\/\" \/>\n<meta property=\"og:site_name\" content=\"Crane Parts Manufacturer\" \/>\n<meta property=\"article:modified_time\" content=\"2025-01-10T10:14:36+00:00\" \/>\n<meta property=\"og:image\" content=\"https:\/\/www.hnhlcranes.com\/wp-content\/uploads\/2024\/11\/HDGY-Rail-Clip.jpg\" \/>\n\t<meta property=\"og:image:width\" content=\"600\" \/>\n\t<meta property=\"og:image:height\" content=\"600\" \/>\n\t<meta property=\"og:image:type\" content=\"image\/jpeg\" \/>\n<meta name=\"twitter:card\" content=\"summary_large_image\" \/>\n<meta name=\"twitter:label1\" content=\"Gesch\u00e4tzte Lesezeit\" \/>\n\t<meta name=\"twitter:data1\" content=\"3\u00a0Minuten\" \/>\n<script type=\"application\/ld+json\" class=\"yoast-schema-graph\">{\"@context\":\"https:\/\/schema.org\",\"@graph\":[{\"@type\":\"WebPage\",\"@id\":\"https:\/\/www.hnhlcranes.com\/product\/hdgy-rail-clip\/\",\"url\":\"https:\/\/www.hnhlcranes.com\/product\/hdgy-rail-clip\/\",\"name\":\"HDGY Rail Clip - Crane Rail fixing device-crane Rail Clamp- Crane Parts Manufacturer\",\"isPartOf\":{\"@id\":\"https:\/\/www.hnhlcranes.com\/#website\"},\"primaryImageOfPage\":{\"@id\":\"https:\/\/www.hnhlcranes.com\/product\/hdgy-rail-clip\/#primaryimage\"},\"image\":{\"@id\":\"https:\/\/www.hnhlcranes.com\/product\/hdgy-rail-clip\/#primaryimage\"},\"thumbnailUrl\":\"https:\/\/www.hnhlcranes.com\/wp-content\/uploads\/2024\/11\/HDGY-Rail-Clip.jpg\",\"datePublished\":\"2024-11-29T14:40:44+00:00\",\"dateModified\":\"2025-01-10T10:14:36+00:00\",\"description\":\"Rail Clips,HDGY Rail Clip,Crane Rail Clips,Rail fixing device,Crane Rail fixing device,crane Rail Clamp,WJK Rail Clips,Overhead Crane Rail Clip\",\"breadcrumb\":{\"@id\":\"https:\/\/www.hnhlcranes.com\/product\/hdgy-rail-clip\/#breadcrumb\"},\"inLanguage\":\"de\",\"potentialAction\":[{\"@type\":\"ReadAction\",\"target\":[\"https:\/\/www.hnhlcranes.com\/product\/hdgy-rail-clip\/\"]}]},{\"@type\":\"ImageObject\",\"inLanguage\":\"de\",\"@id\":\"https:\/\/www.hnhlcranes.com\/product\/hdgy-rail-clip\/#primaryimage\",\"url\":\"https:\/\/www.hnhlcranes.com\/wp-content\/uploads\/2024\/11\/HDGY-Rail-Clip.jpg\",\"contentUrl\":\"https:\/\/www.hnhlcranes.com\/wp-content\/uploads\/2024\/11\/HDGY-Rail-Clip.jpg\",\"width\":600,\"height\":600},{\"@type\":\"BreadcrumbList\",\"@id\":\"https:\/\/www.hnhlcranes.com\/product\/hdgy-rail-clip\/#breadcrumb\",\"itemListElement\":[{\"@type\":\"ListItem\",\"position\":1,\"name\":\"home\",\"item\":\"https:\/\/www.hnhlcranes.com\/\"},{\"@type\":\"ListItem\",\"position\":2,\"name\":\"products\",\"item\":\"https:\/\/www.hnhlcranes.com\/products\/\"},{\"@type\":\"ListItem\",\"position\":3,\"name\":\"HDGY Rail Clip\"}]},{\"@type\":\"WebSite\",\"@id\":\"https:\/\/www.hnhlcranes.com\/#website\",\"url\":\"https:\/\/www.hnhlcranes.com\/\",\"name\":\"Crane Parts Manufacturer\",\"description\":\"Crane Wheels,Crane Drums,Crane Hooks,Crane Coupling,Crane End Carriage,Electric Hoist,European Crane Parts,Crane Rail Clip,Crane Spreader,Crane Motor,Crane Reducer,Crane Brake,Light Crane Parts,Workstation Crane Parts,Crane Electrical Parts,China Crane Parts Supplier,China Crane Parts Manufacturer,Angle box type crane wheel,45 degree split crane wheel,European crane wheel,Crane Wheel Blocks,Overhead crane drum,European crane drum,Overhead crane hook,European crane hook,Crane pulley block,Gear coupling,Brake wheel coupling,Drum gear coupling,Brake wheel drum gear coupling,Cardan Shaft Coupling,WZL drum coupling,Plum blossom elastic coupling,Brake wheel plum elastic coupling,European Single girder crane end carriage,European Double girder crane end carriage,European Suspension  crane end carriage,Wire Rope Electric Hoist,Electric Chain Hoist,European Single Girder Wire Rope Electric Hoist,European Double Girder Wire Rope Electric Hoist,Crane grab,Container spreader,Billet crane clamps,C-type hook,Lifting Electromagnet,YZR crane motor,YZP crane motor,ZQ Reducer,ZSC Reducer,QJ Reducer,QJ-L Reducer,QJY Reducer,H series gearbox,F Series Gear Motor,K Series Gear Motor,R Series Gear Motor,travelling machinery gear motor,Electro hydraulic drum brake,Electro hydraulic disc brake,Crane Safety brake,Crane cable trolley,Crane remote controller,Crane pendant controller,Crane electrical control cabinet,Crane limit switch,Crane sound and light alarm,Heavy Duty Aviation Connector,Crane overload limiter\",\"publisher\":{\"@id\":\"https:\/\/www.hnhlcranes.com\/#organization\"},\"potentialAction\":[{\"@type\":\"SearchAction\",\"target\":{\"@type\":\"EntryPoint\",\"urlTemplate\":\"https:\/\/www.hnhlcranes.com\/?s={search_term_string}\"},\"query-input\":{\"@type\":\"PropertyValueSpecification\",\"valueRequired\":true,\"valueName\":\"search_term_string\"}}],\"inLanguage\":\"de\"},{\"@type\":\"Organization\",\"@id\":\"https:\/\/www.hnhlcranes.com\/#organization\",\"name\":\"Crane Parts Manufacturer\",\"url\":\"https:\/\/www.hnhlcranes.com\/\",\"logo\":{\"@type\":\"ImageObject\",\"inLanguage\":\"de\",\"@id\":\"https:\/\/www.hnhlcranes.com\/#\/schema\/logo\/image\/\",\"url\":\"https:\/\/www.hnhlcranes.com\/wp-content\/uploads\/2025\/01\/HL-logo-1.png\",\"contentUrl\":\"https:\/\/www.hnhlcranes.com\/wp-content\/uploads\/2025\/01\/HL-logo-1.png\",\"width\":600,\"height\":169,\"caption\":\"Crane Parts Manufacturer\"},\"image\":{\"@id\":\"https:\/\/www.hnhlcranes.com\/#\/schema\/logo\/image\/\"}}]}<\/script>\n<!-- \/ Yoast SEO plugin. -->","yoast_head_json":{"title":"HDGY Rail Clip - Crane Rail fixing device-crane Rail Clamp- Crane Parts Manufacturer","description":"Rail Clips,HDGY Rail Clip,Crane Rail Clips,Rail fixing device,Crane Rail fixing device,crane Rail Clamp,WJK Rail Clips,Overhead Crane Rail Clip","robots":{"index":"index","follow":"follow","max-snippet":"max-snippet:-1","max-image-preview":"max-image-preview:large","max-video-preview":"max-video-preview:-1"},"canonical":"https:\/\/www.hnhlcranes.com\/de\/produkt\/hdgy-schienenclip\/","og_locale":"de_DE","og_type":"article","og_title":"HDGY Rail Clip - Crane Rail fixing device-crane Rail Clamp- Crane Parts Manufacturer","og_description":"Rail Clips,HDGY Rail Clip,Crane Rail Clips,Rail fixing device,Crane Rail fixing device,crane Rail Clamp,WJK Rail Clips,Overhead Crane Rail Clip","og_url":"https:\/\/www.hnhlcranes.com\/de\/produkt\/hdgy-schienenclip\/","og_site_name":"Crane Parts Manufacturer","article_modified_time":"2025-01-10T10:14:36+00:00","og_image":[{"width":600,"height":600,"url":"https:\/\/www.hnhlcranes.com\/wp-content\/uploads\/2024\/11\/HDGY-Rail-Clip.jpg","type":"image\/jpeg"}],"twitter_card":"summary_large_image","twitter_misc":{"Gesch\u00e4tzte Lesezeit":"3\u00a0Minuten"},"schema":{"@context":"https:\/\/schema.org","@graph":[{"@type":"WebPage","@id":"https:\/\/www.hnhlcranes.com\/product\/hdgy-rail-clip\/","url":"https:\/\/www.hnhlcranes.com\/product\/hdgy-rail-clip\/","name":"HDGY Rail Clip - Crane Rail fixing device-crane Rail Clamp- Crane Parts Manufacturer","isPartOf":{"@id":"https:\/\/www.hnhlcranes.com\/#website"},"primaryImageOfPage":{"@id":"https:\/\/www.hnhlcranes.com\/product\/hdgy-rail-clip\/#primaryimage"},"image":{"@id":"https:\/\/www.hnhlcranes.com\/product\/hdgy-rail-clip\/#primaryimage"},"thumbnailUrl":"https:\/\/www.hnhlcranes.com\/wp-content\/uploads\/2024\/11\/HDGY-Rail-Clip.jpg","datePublished":"2024-11-29T14:40:44+00:00","dateModified":"2025-01-10T10:14:36+00:00","description":"Rail Clips,HDGY Rail Clip,Crane Rail Clips,Rail fixing device,Crane Rail fixing device,crane Rail Clamp,WJK Rail Clips,Overhead Crane Rail Clip","breadcrumb":{"@id":"https:\/\/www.hnhlcranes.com\/product\/hdgy-rail-clip\/#breadcrumb"},"inLanguage":"de","potentialAction":[{"@type":"ReadAction","target":["https:\/\/www.hnhlcranes.com\/product\/hdgy-rail-clip\/"]}]},{"@type":"ImageObject","inLanguage":"de","@id":"https:\/\/www.hnhlcranes.com\/product\/hdgy-rail-clip\/#primaryimage","url":"https:\/\/www.hnhlcranes.com\/wp-content\/uploads\/2024\/11\/HDGY-Rail-Clip.jpg","contentUrl":"https:\/\/www.hnhlcranes.com\/wp-content\/uploads\/2024\/11\/HDGY-Rail-Clip.jpg","width":600,"height":600},{"@type":"BreadcrumbList","@id":"https:\/\/www.hnhlcranes.com\/product\/hdgy-rail-clip\/#breadcrumb","itemListElement":[{"@type":"ListItem","position":1,"name":"home","item":"https:\/\/www.hnhlcranes.com\/"},{"@type":"ListItem","position":2,"name":"products","item":"https:\/\/www.hnhlcranes.com\/products\/"},{"@type":"ListItem","position":3,"name":"HDGY Rail Clip"}]},{"@type":"WebSite","@id":"https:\/\/www.hnhlcranes.com\/#website","url":"https:\/\/www.hnhlcranes.com\/","name":"Crane Parts Manufacturer","description":"Crane Wheels,Crane Drums,Crane Hooks,Crane Coupling,Crane End Carriage,Electric Hoist,European Crane Parts,Crane Rail Clip,Crane Spreader,Crane Motor,Crane Reducer,Crane Brake,Light Crane Parts,Workstation Crane Parts,Crane Electrical Parts,China Crane Parts Supplier,China Crane Parts Manufacturer,Angle box type crane wheel,45 degree split crane wheel,European crane wheel,Crane Wheel Blocks,Overhead crane drum,European crane drum,Overhead crane hook,European crane hook,Crane pulley block,Gear coupling,Brake wheel coupling,Drum gear coupling,Brake wheel drum gear coupling,Cardan Shaft Coupling,WZL drum coupling,Plum blossom elastic coupling,Brake wheel plum elastic coupling,European Single girder crane end carriage,European Double girder crane end carriage,European Suspension  crane end carriage,Wire Rope Electric Hoist,Electric Chain Hoist,European Single Girder Wire Rope Electric Hoist,European Double Girder Wire Rope Electric Hoist,Crane grab,Container spreader,Billet crane clamps,C-type hook,Lifting Electromagnet,YZR crane motor,YZP crane motor,ZQ Reducer,ZSC Reducer,QJ Reducer,QJ-L Reducer,QJY Reducer,H series gearbox,F Series Gear Motor,K Series Gear Motor,R Series Gear Motor,travelling machinery gear motor,Electro hydraulic drum brake,Electro hydraulic disc brake,Crane Safety brake,Crane cable trolley,Crane remote controller,Crane pendant controller,Crane electrical control cabinet,Crane limit switch,Crane sound and light alarm,Heavy Duty Aviation Connector,Crane overload limiter","publisher":{"@id":"https:\/\/www.hnhlcranes.com\/#organization"},"potentialAction":[{"@type":"SearchAction","target":{"@type":"EntryPoint","urlTemplate":"https:\/\/www.hnhlcranes.com\/?s={search_term_string}"},"query-input":{"@type":"PropertyValueSpecification","valueRequired":true,"valueName":"search_term_string"}}],"inLanguage":"de"},{"@type":"Organization","@id":"https:\/\/www.hnhlcranes.com\/#organization","name":"Crane Parts Manufacturer","url":"https:\/\/www.hnhlcranes.com\/","logo":{"@type":"ImageObject","inLanguage":"de","@id":"https:\/\/www.hnhlcranes.com\/#\/schema\/logo\/image\/","url":"https:\/\/www.hnhlcranes.com\/wp-content\/uploads\/2025\/01\/HL-logo-1.png","contentUrl":"https:\/\/www.hnhlcranes.com\/wp-content\/uploads\/2025\/01\/HL-logo-1.png","width":600,"height":169,"caption":"Crane Parts Manufacturer"},"image":{"@id":"https:\/\/www.hnhlcranes.com\/#\/schema\/logo\/image\/"}}]}},"_links":{"self":[{"href":"https:\/\/www.hnhlcranes.com\/de\/wp-json\/wp\/v2\/product\/5544","targetHints":{"allow":["GET"]}}],"collection":[{"href":"https:\/\/www.hnhlcranes.com\/de\/wp-json\/wp\/v2\/product"}],"about":[{"href":"https:\/\/www.hnhlcranes.com\/de\/wp-json\/wp\/v2\/types\/product"}],"version-history":[{"count":3,"href":"https:\/\/www.hnhlcranes.com\/de\/wp-json\/wp\/v2\/product\/5544\/revisions"}],"predecessor-version":[{"id":7196,"href":"https:\/\/www.hnhlcranes.com\/de\/wp-json\/wp\/v2\/product\/5544\/revisions\/7196"}],"wp:featuredmedia":[{"embeddable":true,"href":"https:\/\/www.hnhlcranes.com\/de\/wp-json\/wp\/v2\/media\/7117"}],"wp:attachment":[{"href":"https:\/\/www.hnhlcranes.com\/de\/wp-json\/wp\/v2\/media?parent=5544"}],"wp:term":[{"taxonomy":"product_brand","embeddable":true,"href":"https:\/\/www.hnhlcranes.com\/de\/wp-json\/wp\/v2\/product_brand?post=5544"},{"taxonomy":"product_cat","embeddable":true,"href":"https:\/\/www.hnhlcranes.com\/de\/wp-json\/wp\/v2\/product_cat?post=5544"},{"taxonomy":"product_tag","embeddable":true,"href":"https:\/\/www.hnhlcranes.com\/de\/wp-json\/wp\/v2\/product_tag?post=5544"}],"curies":[{"name":"wp","href":"https:\/\/api.w.org\/{rel}","templated":true}]}}