{"id":5659,"date":"2024-12-03T17:07:45","date_gmt":"2024-12-03T09:07:45","guid":{"rendered":"https:\/\/www.hnhlcranes.com\/?post_type=product&#038;p=5659"},"modified":"2025-01-08T01:06:53","modified_gmt":"2025-01-07T17:06:53","slug":"europaischer-hangekranwagen","status":"publish","type":"product","link":"https:\/\/www.hnhlcranes.com\/de\/produkt\/europaischer-hangekranwagen\/","title":{"rendered":"Europ\u00e4ischer H\u00e4ngekran-Endwagen"},"content":{"rendered":"<p>Die <strong>Europ\u00e4ischer H\u00e4ngekran-Endwagen<\/strong> ist eine wichtige Komponente in H\u00e4ngekransystemen, die die Kranstruktur st\u00fctzt und die horizontale Bewegung entlang der Schienen erm\u00f6glicht. Er wurde nach europ\u00e4ischen Standards entwickelt und bietet hohe Leistung, Kompaktheit und Haltbarkeit. Dieser Kopftr\u00e4gertyp wird h\u00e4ufig in verschiedenen industriellen Anwendungen eingesetzt, bei denen Platzoptimierung, Pr\u00e4zision und reibungsloser Betrieb wichtig sind. Seine Aufh\u00e4ngung erm\u00f6glicht eine gr\u00f6\u00dfere Flexibilit\u00e4t bei der Kranbewegung, was ihn besonders f\u00fcr Anlagen mit begrenztem Platzangebot geeignet macht.<\/p>\n<h3>Hauptmerkmale:<\/h3>\n<ol>\n<li><strong>Struktureller Entwurf<\/strong>: Der europ\u00e4ische H\u00e4ngekran-Endwagen verf\u00fcgt \u00fcber einen robusten Stahlrahmen, der sowohl hohe Festigkeit als auch ein leichtes Profil bietet. Seine Aufh\u00e4ngung macht herk\u00f6mmliche St\u00fctzbeine \u00fcberfl\u00fcssig und erm\u00f6glicht einen effizienten Betrieb in Umgebungen mit begrenztem Platzangebot. Dar\u00fcber hinaus minimiert die kompakte Bauweise den Platzbedarf und verbessert die Betriebseffizienz insgesamt.<\/li>\n<li><strong>Antriebssystem<\/strong>: Der Endwagen ist mit einem fortschrittlichen elektrischen Antriebssystem ausgestattet, das in der Regel von Wechselstrommotoren angetrieben wird. Diese Motoren sorgen f\u00fcr konstante und stabile Fahrgeschwindigkeiten und erm\u00f6glichen eine pr\u00e4zise Steuerung der Kranbewegung. Dar\u00fcber hinaus gew\u00e4hrleistet das Antriebssystem einen reibungslosen Betrieb bei minimalem Energieverbrauch und ist somit ideal f\u00fcr den langfristigen Einsatz in anspruchsvollen Industrieumgebungen.<\/li>\n<li><strong>Aufh\u00e4ngungsmechanismus<\/strong>: Im Gegensatz zu herk\u00f6mmlichen Kopftr\u00e4gern kann der Kopftr\u00e4ger bei der Aufh\u00e4ngungskonstruktion an der Kranstruktur aufgeh\u00e4ngt werden. Dies sorgt f\u00fcr mehr Flexibilit\u00e4t und einen reibungsloseren Betrieb, insbesondere in engen R\u00e4umen oder wenn minimale Reibung erforderlich ist. Au\u00dferdem k\u00f6nnen vertikale Ausrichtungsfehler ausgeglichen werden, was die Belastung des Kransystems verringert.<\/li>\n<li><strong>Gleis- und R\u00e4dersystem<\/strong>: Der Endwagen ist mit Rads\u00e4tzen aus hochfesten Materialien ausgestattet, die eine hervorragende Verschlei\u00dffestigkeit und Tragf\u00e4higkeit bieten. Diese R\u00e4der sind so konstruiert, dass sie reibungslos auf den standardisierten Kranbahnen laufen und eine stabile und zuverl\u00e4ssige Bewegung gew\u00e4hrleisten.<\/li>\n<li><strong>Pr\u00e4zision und Stabilit\u00e4t<\/strong>: Der europ\u00e4ische H\u00e4ngekranwagen wurde f\u00fcr einen pr\u00e4zisen und stabilen Betrieb entwickelt. Er minimiert Ger\u00e4usche und Vibrationen w\u00e4hrend der Bewegung und sorgt so f\u00fcr einen reibungslosen Kranbetrieb auch unter schweren Lasten und tr\u00e4gt zu einer effizienten Leistung \u00fcber lange Zeitr\u00e4ume bei.<\/li>\n<\/ol>\n<h3>Vorteile:<\/h3>\n<ul>\n<li><strong>Weltraum-Effizienz<\/strong>: Die Aufh\u00e4ngung macht zus\u00e4tzliche Standbeine \u00fcberfl\u00fcssig und spart so wertvollen Platz und bietet mehr Flexibilit\u00e4t bei der Installation und im Betrieb. Dies ist besonders in Einrichtungen mit begrenztem Platzangebot von Vorteil.<\/li>\n<li><strong>Reibungsloser Betrieb<\/strong>: Der Aufh\u00e4ngungsmechanismus minimiert die Reibung und erm\u00f6glicht eine sanftere Bewegung, was den Verschlei\u00df des Systems verringert und die allgemeine Betriebseffizienz verbessert.<\/li>\n<li><strong>Energie-Effizienz<\/strong>: Das fortschrittliche elektrische Antriebssystem gew\u00e4hrleistet eine optimale Energienutzung und senkt die Betriebskosten bei gleichbleibend hoher Leistung.<\/li>\n<li><strong>Flexibilit\u00e4t<\/strong>: Die Aufh\u00e4ngungskonstruktion erm\u00f6glicht es dem Endwagen, vertikale Ausrichtungen und unebene Oberfl\u00e4chen auszugleichen, was eine gr\u00f6\u00dfere betriebliche Flexibilit\u00e4t bietet und die Belastung des Kransystems verringert.<\/li>\n<li><strong>Ger\u00e4uscharm und vibrationsarm<\/strong>: Der Endwagen arbeitet ger\u00e4usch- und vibrationsarm und tr\u00e4gt so zu einer ruhigeren und angenehmeren Arbeitsumgebung bei.<\/li>\n<\/ul>\n<h3>Schlussfolgerung:<\/h3>\n<p>Der europ\u00e4ische H\u00e4ngekran-Endwagen ist ein effizientes, kompaktes und hochflexibles Bauteil, das sich f\u00fcr eine Vielzahl von industriellen Anwendungen eignet. Seine Aufh\u00e4ngungskonstruktion bietet mehrere Vorteile, darunter Platzersparnis, reibungsloser Betrieb und hohe Pr\u00e4zision. Zwar sind die Anfangsinvestitionen und der Wartungsaufwand h\u00f6her als bei herk\u00f6mmlichen Kopftr\u00e4gern, doch die langfristigen Vorteile wie Energieeinsparungen, erh\u00f6hte Flexibilit\u00e4t und geringerer Verschlei\u00df machen ihn zu einer \u00e4u\u00dferst geeigneten Wahl f\u00fcr Anlagen mit anspruchsvollen Betriebsanforderungen.<\/p>\n<h3><strong><span style=\"font-family: arial, helvetica, sans-serif; font-size: 18pt;\">1.DU10 3.2t H\u00e4ngekran-Endwagen<\/span><\/strong><\/h3>\n<p><img fetchpriority=\"high\" decoding=\"async\" class=\"alignnone wp-image-7002\" src=\"https:\/\/www.hnhlcranes.com\/wp-content\/uploads\/2024\/12\/European-Suspension-crane-end-carriage-3.2t-300x211.jpg\" alt=\"\" width=\"899\" height=\"632\" srcset=\"https:\/\/www.hnhlcranes.com\/wp-content\/uploads\/2024\/12\/European-Suspension-crane-end-carriage-3.2t-300x211.jpg 300w, https:\/\/www.hnhlcranes.com\/wp-content\/uploads\/2024\/12\/European-Suspension-crane-end-carriage-3.2t-768x540.jpg 768w, https:\/\/www.hnhlcranes.com\/wp-content\/uploads\/2024\/12\/European-Suspension-crane-end-carriage-3.2t-600x422.jpg 600w, https:\/\/www.hnhlcranes.com\/wp-content\/uploads\/2024\/12\/European-Suspension-crane-end-carriage-3.2t.jpg 1000w\" sizes=\"(max-width: 899px) 100vw, 899px\" \/><\/p>\n<p>&nbsp;<\/p>\n<p>\u2460 Puffer<i>\uff1b<\/i>\u2461Endstrahl<i>\uff1b<\/i>\u2462R\u00e4der<i>(Laufwerk)<\/i><i>\uff1b<\/i>\u2463R\u00e4der<i>(Leerlauf)<\/i><i>\uff1b<\/i>\u2464R\u00e4der<i>(Leerlauf oder Antrieb)<\/i><\/p>\n<p>&nbsp;<\/p>\n<h3><strong><span style=\"font-family: arial, helvetica, sans-serif; font-size: 18pt;\">2.DU13 5t H\u00e4ngekran-Endwagen<\/span><\/strong><\/h3>\n<p><img decoding=\"async\" class=\"alignnone wp-image-7003\" src=\"https:\/\/www.hnhlcranes.com\/wp-content\/uploads\/2024\/12\/European-Suspension-crane-end-carriage-5t-300x226.jpg\" alt=\"\" width=\"901\" height=\"679\" srcset=\"https:\/\/www.hnhlcranes.com\/wp-content\/uploads\/2024\/12\/European-Suspension-crane-end-carriage-5t-300x226.jpg 300w, https:\/\/www.hnhlcranes.com\/wp-content\/uploads\/2024\/12\/European-Suspension-crane-end-carriage-5t-768x578.jpg 768w, https:\/\/www.hnhlcranes.com\/wp-content\/uploads\/2024\/12\/European-Suspension-crane-end-carriage-5t-600x451.jpg 600w, https:\/\/www.hnhlcranes.com\/wp-content\/uploads\/2024\/12\/European-Suspension-crane-end-carriage-5t.jpg 1000w\" sizes=\"(max-width: 901px) 100vw, 901px\" \/><\/p>\n<p>&nbsp;<\/p>\n<p>\u2460 Puffer<i>\uff1b<\/i>\u2461Endstrahl<i>\uff1b<\/i>\u2462R\u00e4der<i>(Laufwerk)\uff1b<\/i>\u2463R\u00e4der<i>(Leerlauf)\uff1b<\/i>\u2464R\u00e4der<i>(Leerlauf oder Antrieb)<\/i><\/p>\n<p>&nbsp;<\/p>\n<h3><strong><span style=\"font-family: arial, helvetica, sans-serif; font-size: 18pt;\">3.DU16 10t H\u00e4ngekran-Endwagen<\/span><\/strong><\/h3>\n<p><img decoding=\"async\" class=\"alignnone wp-image-7004\" src=\"https:\/\/www.hnhlcranes.com\/wp-content\/uploads\/2024\/12\/European-Suspension-crane-end-carriage-10t-300x216.jpg\" alt=\"\" width=\"900\" height=\"648\" srcset=\"https:\/\/www.hnhlcranes.com\/wp-content\/uploads\/2024\/12\/European-Suspension-crane-end-carriage-10t-300x216.jpg 300w, https:\/\/www.hnhlcranes.com\/wp-content\/uploads\/2024\/12\/European-Suspension-crane-end-carriage-10t-768x553.jpg 768w, https:\/\/www.hnhlcranes.com\/wp-content\/uploads\/2024\/12\/European-Suspension-crane-end-carriage-10t-600x432.jpg 600w, https:\/\/www.hnhlcranes.com\/wp-content\/uploads\/2024\/12\/European-Suspension-crane-end-carriage-10t.jpg 1000w\" sizes=\"(max-width: 900px) 100vw, 900px\" \/><\/p>\n<p>\u2460 Puffer<i>\uff1b<\/i>\u2461Endstrahl<i>\uff1b<\/i>\u2462R\u00e4der<i>(Laufwerk)\uff1b<\/i>\u2463R\u00e4der<i>(Leerlauf)\uff1b<\/i>\u2464R\u00e4der<i>(Leerlauf oder Antrieb)<\/i><\/p>","protected":false},"excerpt":{"rendered":"<h6><strong><span style=\"font-family: arial, helvetica, sans-serif; font-size: 14pt;\">Spezifikationen des europ\u00e4ischen H\u00e4ngekran-Endwagens<\/span><\/strong><\/h6>\n<ul>\n<li><strong>Modelle<\/strong>:DU10,DU13,DU16<\/li>\n<li><strong>Material der R\u00e4der<\/strong>: 40Cr<\/li>\n<li><strong>Radanschlusstypen<\/strong>: Getriebe<\/li>\n<li><strong>Anpassungsf\u00e4hige Streckenform:<\/strong> I-Tr\u00e4ger, H-Tr\u00e4ger<\/li>\n<\/ul>","protected":false},"featured_media":6999,"template":"","meta":{"_kad_post_transparent":"default","_kad_post_title":"","_kad_post_layout":"default","_kad_post_sidebar_id":"","_kad_post_content_style":"default","_kad_post_vertical_padding":"show","_kad_post_feature":"","_kad_post_feature_position":"","_kad_post_header":false,"_kad_post_footer":false},"product_brand":[],"product_cat":[62,61],"product_tag":[376,443,445,456,442,450,454,453,447,441,451,455,446,440,448,444,452,449],"class_list":{"0":"post-5659","1":"product","2":"type-product","3":"status-publish","4":"has-post-thumbnail","6":"product_cat-crane-end-carriage","7":"product_cat-european-crane-parts","8":"product_tag-china-crane-parts-supplier","9":"product_tag-crane-end-beam","10":"product_tag-crane-end-beam-manufacturer","11":"product_tag-crane-end-carriage","12":"product_tag-end-carriage","13":"product_tag-end-carriages","14":"product_tag-european-double-girder-crane-end-carriage","15":"product_tag-european-single-girder-crane-end-carriage","16":"product_tag-european-style-hoist-double-beam-crane-end-beam","17":"product_tag-european-style-single-beam-crane-end-carriage","18":"product_tag-european-style-suspended-single-beam-crane-end-beam","19":"product_tag-european-suspension-crane-end-carriage","20":"product_tag-fem-double-girder-crane-end-carriages","21":"product_tag-fem-single-girder-crane-end-carriage","22":"product_tag-fem-suspension-crane-end-carriage","23":"product_tag-fen-din-european-style-single-beam-crane-end-carriage","24":"product_tag-fen-din-suspension-crane-end-beam","25":"product_tag-suspension-crane-end-beam","27":"first","28":"instock","29":"shipping-taxable","30":"product-type-simple","31":"entry","32":"content-bg","33":"loop-entry"},"yoast_head":"<!-- This site is optimized with the Yoast SEO plugin v24.5 - https:\/\/yoast.com\/wordpress\/plugins\/seo\/ -->\n<title>European Suspension crane end carriage - Suspension end beamCrane Parts Manufacturer<\/title>\n<meta name=\"description\" content=\"Suspension crane end beam,European style suspended single beam crane end beam,FEN\/DIN Suspension crane end beam,European Suspension crane end carriage\" \/>\n<meta name=\"robots\" content=\"index, follow, max-snippet:-1, max-image-preview:large, max-video-preview:-1\" \/>\n<link rel=\"canonical\" href=\"https:\/\/www.hnhlcranes.com\/de\/produkt\/europaischer-hangekranwagen\/\" \/>\n<meta property=\"og:locale\" content=\"de_DE\" \/>\n<meta property=\"og:type\" content=\"article\" \/>\n<meta property=\"og:title\" content=\"European Suspension crane end carriage - Suspension end beamCrane Parts Manufacturer\" \/>\n<meta property=\"og:description\" content=\"Suspension crane end beam,European style suspended single beam crane end beam,FEN\/DIN Suspension crane end beam,European Suspension crane end carriage\" \/>\n<meta property=\"og:url\" content=\"https:\/\/www.hnhlcranes.com\/de\/produkt\/europaischer-hangekranwagen\/\" \/>\n<meta property=\"og:site_name\" content=\"Crane Parts Manufacturer\" \/>\n<meta property=\"article:modified_time\" content=\"2025-01-07T17:06:53+00:00\" \/>\n<meta property=\"og:image\" content=\"https:\/\/www.hnhlcranes.com\/wp-content\/uploads\/2024\/12\/European-Suspension-crane-end-carriage.jpg\" \/>\n\t<meta property=\"og:image:width\" content=\"600\" \/>\n\t<meta property=\"og:image:height\" content=\"600\" \/>\n\t<meta property=\"og:image:type\" content=\"image\/jpeg\" \/>\n<meta name=\"twitter:card\" content=\"summary_large_image\" \/>\n<meta name=\"twitter:label1\" content=\"Gesch\u00e4tzte Lesezeit\" \/>\n\t<meta name=\"twitter:data1\" content=\"4\u00a0Minuten\" \/>\n<script type=\"application\/ld+json\" class=\"yoast-schema-graph\">{\"@context\":\"https:\/\/schema.org\",\"@graph\":[{\"@type\":\"WebPage\",\"@id\":\"https:\/\/www.hnhlcranes.com\/product\/european-suspension-crane-end-carriage\/\",\"url\":\"https:\/\/www.hnhlcranes.com\/product\/european-suspension-crane-end-carriage\/\",\"name\":\"European Suspension crane end carriage - Suspension end beamCrane Parts Manufacturer\",\"isPartOf\":{\"@id\":\"https:\/\/www.hnhlcranes.com\/#website\"},\"primaryImageOfPage\":{\"@id\":\"https:\/\/www.hnhlcranes.com\/product\/european-suspension-crane-end-carriage\/#primaryimage\"},\"image\":{\"@id\":\"https:\/\/www.hnhlcranes.com\/product\/european-suspension-crane-end-carriage\/#primaryimage\"},\"thumbnailUrl\":\"https:\/\/www.hnhlcranes.com\/wp-content\/uploads\/2024\/12\/European-Suspension-crane-end-carriage.jpg\",\"datePublished\":\"2024-12-03T09:07:45+00:00\",\"dateModified\":\"2025-01-07T17:06:53+00:00\",\"description\":\"Suspension crane end beam,European style suspended single beam crane end beam,FEN\/DIN Suspension crane end beam,European Suspension crane end carriage\",\"breadcrumb\":{\"@id\":\"https:\/\/www.hnhlcranes.com\/product\/european-suspension-crane-end-carriage\/#breadcrumb\"},\"inLanguage\":\"de\",\"potentialAction\":[{\"@type\":\"ReadAction\",\"target\":[\"https:\/\/www.hnhlcranes.com\/product\/european-suspension-crane-end-carriage\/\"]}]},{\"@type\":\"ImageObject\",\"inLanguage\":\"de\",\"@id\":\"https:\/\/www.hnhlcranes.com\/product\/european-suspension-crane-end-carriage\/#primaryimage\",\"url\":\"https:\/\/www.hnhlcranes.com\/wp-content\/uploads\/2024\/12\/European-Suspension-crane-end-carriage.jpg\",\"contentUrl\":\"https:\/\/www.hnhlcranes.com\/wp-content\/uploads\/2024\/12\/European-Suspension-crane-end-carriage.jpg\",\"width\":600,\"height\":600},{\"@type\":\"BreadcrumbList\",\"@id\":\"https:\/\/www.hnhlcranes.com\/product\/european-suspension-crane-end-carriage\/#breadcrumb\",\"itemListElement\":[{\"@type\":\"ListItem\",\"position\":1,\"name\":\"home\",\"item\":\"https:\/\/www.hnhlcranes.com\/\"},{\"@type\":\"ListItem\",\"position\":2,\"name\":\"products\",\"item\":\"https:\/\/www.hnhlcranes.com\/products\/\"},{\"@type\":\"ListItem\",\"position\":3,\"name\":\"European Suspension crane end carriage\"}]},{\"@type\":\"WebSite\",\"@id\":\"https:\/\/www.hnhlcranes.com\/#website\",\"url\":\"https:\/\/www.hnhlcranes.com\/\",\"name\":\"Crane Parts Manufacturer\",\"description\":\"Crane Wheels,Crane Drums,Crane Hooks,Crane Coupling,Crane End Carriage,Electric Hoist,European Crane Parts,Crane Rail Clip,Crane Spreader,Crane Motor,Crane Reducer,Crane Brake,Light Crane Parts,Workstation Crane Parts,Crane Electrical Parts,China Crane Parts Supplier,China Crane Parts Manufacturer,Angle box type crane wheel,45 degree split crane wheel,European crane wheel,Crane Wheel Blocks,Overhead crane drum,European crane drum,Overhead crane hook,European crane hook,Crane pulley block,Gear coupling,Brake wheel coupling,Drum gear coupling,Brake wheel drum gear coupling,Cardan Shaft Coupling,WZL drum coupling,Plum blossom elastic coupling,Brake wheel plum elastic coupling,European Single girder crane end carriage,European Double girder crane end carriage,European Suspension  crane end carriage,Wire Rope Electric Hoist,Electric Chain Hoist,European Single Girder Wire Rope Electric Hoist,European Double Girder Wire Rope Electric Hoist,Crane grab,Container spreader,Billet crane clamps,C-type hook,Lifting Electromagnet,YZR crane motor,YZP crane motor,ZQ Reducer,ZSC Reducer,QJ Reducer,QJ-L Reducer,QJY Reducer,H series gearbox,F Series Gear Motor,K Series Gear Motor,R Series Gear Motor,travelling machinery gear motor,Electro hydraulic drum brake,Electro hydraulic disc brake,Crane Safety brake,Crane cable trolley,Crane remote controller,Crane pendant controller,Crane electrical control cabinet,Crane limit switch,Crane sound and light alarm,Heavy Duty Aviation Connector,Crane overload limiter\",\"publisher\":{\"@id\":\"https:\/\/www.hnhlcranes.com\/#organization\"},\"potentialAction\":[{\"@type\":\"SearchAction\",\"target\":{\"@type\":\"EntryPoint\",\"urlTemplate\":\"https:\/\/www.hnhlcranes.com\/?s={search_term_string}\"},\"query-input\":{\"@type\":\"PropertyValueSpecification\",\"valueRequired\":true,\"valueName\":\"search_term_string\"}}],\"inLanguage\":\"de\"},{\"@type\":\"Organization\",\"@id\":\"https:\/\/www.hnhlcranes.com\/#organization\",\"name\":\"Crane Parts Manufacturer\",\"url\":\"https:\/\/www.hnhlcranes.com\/\",\"logo\":{\"@type\":\"ImageObject\",\"inLanguage\":\"de\",\"@id\":\"https:\/\/www.hnhlcranes.com\/#\/schema\/logo\/image\/\",\"url\":\"https:\/\/www.hnhlcranes.com\/wp-content\/uploads\/2025\/01\/HL-logo-1.png\",\"contentUrl\":\"https:\/\/www.hnhlcranes.com\/wp-content\/uploads\/2025\/01\/HL-logo-1.png\",\"width\":600,\"height\":169,\"caption\":\"Crane Parts Manufacturer\"},\"image\":{\"@id\":\"https:\/\/www.hnhlcranes.com\/#\/schema\/logo\/image\/\"}}]}<\/script>\n<!-- \/ Yoast SEO plugin. -->","yoast_head_json":{"title":"European Suspension crane end carriage - Suspension end beamCrane Parts Manufacturer","description":"Suspension crane end beam,European style suspended single beam crane end beam,FEN\/DIN Suspension crane end beam,European Suspension crane end carriage","robots":{"index":"index","follow":"follow","max-snippet":"max-snippet:-1","max-image-preview":"max-image-preview:large","max-video-preview":"max-video-preview:-1"},"canonical":"https:\/\/www.hnhlcranes.com\/de\/produkt\/europaischer-hangekranwagen\/","og_locale":"de_DE","og_type":"article","og_title":"European Suspension crane end carriage - Suspension end beamCrane Parts Manufacturer","og_description":"Suspension crane end beam,European style suspended single beam crane end beam,FEN\/DIN Suspension crane end beam,European Suspension crane end carriage","og_url":"https:\/\/www.hnhlcranes.com\/de\/produkt\/europaischer-hangekranwagen\/","og_site_name":"Crane Parts Manufacturer","article_modified_time":"2025-01-07T17:06:53+00:00","og_image":[{"width":600,"height":600,"url":"https:\/\/www.hnhlcranes.com\/wp-content\/uploads\/2024\/12\/European-Suspension-crane-end-carriage.jpg","type":"image\/jpeg"}],"twitter_card":"summary_large_image","twitter_misc":{"Gesch\u00e4tzte Lesezeit":"4\u00a0Minuten"},"schema":{"@context":"https:\/\/schema.org","@graph":[{"@type":"WebPage","@id":"https:\/\/www.hnhlcranes.com\/product\/european-suspension-crane-end-carriage\/","url":"https:\/\/www.hnhlcranes.com\/product\/european-suspension-crane-end-carriage\/","name":"European Suspension crane end carriage - Suspension end beamCrane Parts Manufacturer","isPartOf":{"@id":"https:\/\/www.hnhlcranes.com\/#website"},"primaryImageOfPage":{"@id":"https:\/\/www.hnhlcranes.com\/product\/european-suspension-crane-end-carriage\/#primaryimage"},"image":{"@id":"https:\/\/www.hnhlcranes.com\/product\/european-suspension-crane-end-carriage\/#primaryimage"},"thumbnailUrl":"https:\/\/www.hnhlcranes.com\/wp-content\/uploads\/2024\/12\/European-Suspension-crane-end-carriage.jpg","datePublished":"2024-12-03T09:07:45+00:00","dateModified":"2025-01-07T17:06:53+00:00","description":"Suspension crane end beam,European style suspended single beam crane end beam,FEN\/DIN Suspension crane end beam,European Suspension crane end carriage","breadcrumb":{"@id":"https:\/\/www.hnhlcranes.com\/product\/european-suspension-crane-end-carriage\/#breadcrumb"},"inLanguage":"de","potentialAction":[{"@type":"ReadAction","target":["https:\/\/www.hnhlcranes.com\/product\/european-suspension-crane-end-carriage\/"]}]},{"@type":"ImageObject","inLanguage":"de","@id":"https:\/\/www.hnhlcranes.com\/product\/european-suspension-crane-end-carriage\/#primaryimage","url":"https:\/\/www.hnhlcranes.com\/wp-content\/uploads\/2024\/12\/European-Suspension-crane-end-carriage.jpg","contentUrl":"https:\/\/www.hnhlcranes.com\/wp-content\/uploads\/2024\/12\/European-Suspension-crane-end-carriage.jpg","width":600,"height":600},{"@type":"BreadcrumbList","@id":"https:\/\/www.hnhlcranes.com\/product\/european-suspension-crane-end-carriage\/#breadcrumb","itemListElement":[{"@type":"ListItem","position":1,"name":"home","item":"https:\/\/www.hnhlcranes.com\/"},{"@type":"ListItem","position":2,"name":"products","item":"https:\/\/www.hnhlcranes.com\/products\/"},{"@type":"ListItem","position":3,"name":"European Suspension crane end carriage"}]},{"@type":"WebSite","@id":"https:\/\/www.hnhlcranes.com\/#website","url":"https:\/\/www.hnhlcranes.com\/","name":"Crane Parts Manufacturer","description":"Crane Wheels,Crane Drums,Crane Hooks,Crane Coupling,Crane End Carriage,Electric Hoist,European Crane Parts,Crane Rail Clip,Crane Spreader,Crane Motor,Crane Reducer,Crane Brake,Light Crane Parts,Workstation Crane Parts,Crane Electrical Parts,China Crane Parts Supplier,China Crane Parts Manufacturer,Angle box type crane wheel,45 degree split crane wheel,European crane wheel,Crane Wheel Blocks,Overhead crane drum,European crane drum,Overhead crane hook,European crane hook,Crane pulley block,Gear coupling,Brake wheel coupling,Drum gear coupling,Brake wheel drum gear coupling,Cardan Shaft Coupling,WZL drum coupling,Plum blossom elastic coupling,Brake wheel plum elastic coupling,European Single girder crane end carriage,European Double girder crane end carriage,European Suspension  crane end carriage,Wire Rope Electric Hoist,Electric Chain Hoist,European Single Girder Wire Rope Electric Hoist,European Double Girder Wire Rope Electric Hoist,Crane grab,Container spreader,Billet crane clamps,C-type hook,Lifting Electromagnet,YZR crane motor,YZP crane motor,ZQ Reducer,ZSC Reducer,QJ Reducer,QJ-L Reducer,QJY Reducer,H series gearbox,F Series Gear Motor,K Series Gear Motor,R Series Gear Motor,travelling machinery gear motor,Electro hydraulic drum brake,Electro hydraulic disc brake,Crane Safety brake,Crane cable trolley,Crane remote controller,Crane pendant controller,Crane electrical control cabinet,Crane limit switch,Crane sound and light alarm,Heavy Duty Aviation Connector,Crane overload limiter","publisher":{"@id":"https:\/\/www.hnhlcranes.com\/#organization"},"potentialAction":[{"@type":"SearchAction","target":{"@type":"EntryPoint","urlTemplate":"https:\/\/www.hnhlcranes.com\/?s={search_term_string}"},"query-input":{"@type":"PropertyValueSpecification","valueRequired":true,"valueName":"search_term_string"}}],"inLanguage":"de"},{"@type":"Organization","@id":"https:\/\/www.hnhlcranes.com\/#organization","name":"Crane Parts Manufacturer","url":"https:\/\/www.hnhlcranes.com\/","logo":{"@type":"ImageObject","inLanguage":"de","@id":"https:\/\/www.hnhlcranes.com\/#\/schema\/logo\/image\/","url":"https:\/\/www.hnhlcranes.com\/wp-content\/uploads\/2025\/01\/HL-logo-1.png","contentUrl":"https:\/\/www.hnhlcranes.com\/wp-content\/uploads\/2025\/01\/HL-logo-1.png","width":600,"height":169,"caption":"Crane Parts Manufacturer"},"image":{"@id":"https:\/\/www.hnhlcranes.com\/#\/schema\/logo\/image\/"}}]}},"_links":{"self":[{"href":"https:\/\/www.hnhlcranes.com\/de\/wp-json\/wp\/v2\/product\/5659","targetHints":{"allow":["GET"]}}],"collection":[{"href":"https:\/\/www.hnhlcranes.com\/de\/wp-json\/wp\/v2\/product"}],"about":[{"href":"https:\/\/www.hnhlcranes.com\/de\/wp-json\/wp\/v2\/types\/product"}],"version-history":[{"count":6,"href":"https:\/\/www.hnhlcranes.com\/de\/wp-json\/wp\/v2\/product\/5659\/revisions"}],"predecessor-version":[{"id":7008,"href":"https:\/\/www.hnhlcranes.com\/de\/wp-json\/wp\/v2\/product\/5659\/revisions\/7008"}],"wp:featuredmedia":[{"embeddable":true,"href":"https:\/\/www.hnhlcranes.com\/de\/wp-json\/wp\/v2\/media\/6999"}],"wp:attachment":[{"href":"https:\/\/www.hnhlcranes.com\/de\/wp-json\/wp\/v2\/media?parent=5659"}],"wp:term":[{"taxonomy":"product_brand","embeddable":true,"href":"https:\/\/www.hnhlcranes.com\/de\/wp-json\/wp\/v2\/product_brand?post=5659"},{"taxonomy":"product_cat","embeddable":true,"href":"https:\/\/www.hnhlcranes.com\/de\/wp-json\/wp\/v2\/product_cat?post=5659"},{"taxonomy":"product_tag","embeddable":true,"href":"https:\/\/www.hnhlcranes.com\/de\/wp-json\/wp\/v2\/product_tag?post=5659"}],"curies":[{"name":"wp","href":"https:\/\/api.w.org\/{rel}","templated":true}]}}