{"id":5790,"date":"2024-12-06T00:55:21","date_gmt":"2024-12-05T16:55:21","guid":{"rendered":"https:\/\/www.hnhlcranes.com\/?post_type=product&#038;p=5790"},"modified":"2025-01-16T12:10:37","modified_gmt":"2025-01-16T04:10:37","slug":"kranalarm-mit-licht-und-ton","status":"publish","type":"product","link":"https:\/\/www.hnhlcranes.com\/de\/produkt\/kranalarm-mit-licht-und-ton\/","title":{"rendered":"Ton- und Lichtalarm f\u00fcr Kr\u00e4ne"},"content":{"rendered":"<h3>Merkmale und Spezifikationen von Crane Sound and Light Alarm<\/h3>\n<h4><strong>Eigenschaften<\/strong><\/h4>\n<ol>\n<li><strong>Duales Warnsystem:<\/strong>\n<ul>\n<li>Der Ton- und Lichtalarm f\u00fcr Krane kombiniert sowohl akustische als auch visuelle Signale, um die Aufmerksamkeit des Personals in der N\u00e4he zu wecken und rechtzeitig vor potenziellen Gefahren in verschiedenen Arbeitsumgebungen zu warnen.<\/li>\n<\/ul>\n<\/li>\n<li><strong>Hohe Sichtbarkeit und Lautst\u00e4rke:<\/strong>\n<ul>\n<li>Der Lichtalarm verwendet sehr helle Blinklichter, typischerweise in Rot, Gelb oder Blau, die auch in schwach beleuchteten oder lauten Umgebungen gut sichtbar sind. Der akustische Alarm gibt einen lauten Warnton ab, dessen Lautst\u00e4rke und Frequenz einstellbar sind, um eine wirksame Warnung in verschiedenen Umgebungen zu gew\u00e4hrleisten.<\/li>\n<\/ul>\n<\/li>\n<li><strong>Einstellbare Einstellungen:<\/strong>\n<ul>\n<li>Die Benutzer k\u00f6nnen sowohl die Lautst\u00e4rke des Tons als auch die Lichtintensit\u00e4t oder den Blinkmodus je nach Arbeitsumgebung einstellen und so den unterschiedlichen Sicherheitsanforderungen gerecht werden.<\/li>\n<\/ul>\n<\/li>\n<li><strong>Langlebigkeit und Schutz:<\/strong>\n<ul>\n<li>Diese Alarme sind wasser- und staubdicht sowie sto\u00dffest und eignen sich daher f\u00fcr raue Arbeitsbedingungen und gew\u00e4hrleisten eine zuverl\u00e4ssige Leistung \u00fcber lange Zeit.<\/li>\n<\/ul>\n<\/li>\n<li><strong>Flexible Installation:<\/strong>\n<ul>\n<li>Die Ger\u00e4te sind f\u00fcr den Einsatz mit verschiedenen Krantypen (z. B. Turmdrehkr\u00e4ne, Portalkr\u00e4ne und Mobilkr\u00e4ne) konzipiert. Dar\u00fcber hinaus erm\u00f6glicht ihr einfacher Installationsprozess die Anpassung an unterschiedliche betriebliche Anforderungen.<\/li>\n<\/ul>\n<\/li>\n<li><strong>Verbesserte Sicherheit vor Ort:<\/strong>\n<ul>\n<li>Durch die fr\u00fchzeitige Warnung von Arbeitern, Bedienern und Umstehenden tragen diese Alarme dazu bei, die Wahrscheinlichkeit von Unf\u00e4llen zu verringern, insbesondere wenn Krane in Bewegung sind, schwere Lasten heben oder sich in einem potenziell gef\u00e4hrlichen Zustand befinden.<\/li>\n<\/ul>\n<\/li>\n<\/ol>\n<h4><strong>Spezifikationen<\/strong><\/h4>\n<ol>\n<li><strong>Betriebsspannung:<\/strong>\n<ul>\n<li>Wechselspannung: 110V, 220V, etc.<\/li>\n<li>Gleichspannung: 12V, 24V, etc.<\/li>\n<\/ul>\n<\/li>\n<li><strong>Schallintensit\u00e4t:<\/strong>\n<ul>\n<li>Die Schallintensit\u00e4t liegt in der Regel zwischen 85 dB und 120 dB, wobei die Lautst\u00e4rke je nach Umgebung einstellbar ist.<\/li>\n<\/ul>\n<\/li>\n<li><strong>Licht-Typ:<\/strong>\n<ul>\n<li>Die Blinklichter sind in der Regel LED, die eine hohe Helligkeit und eine lange Lebensdauer haben. Die Lichtfarben k\u00f6nnen je nach Bedarf ausgew\u00e4hlt werden, einschlie\u00dflich rot, gelb oder blau.<\/li>\n<\/ul>\n<\/li>\n<li><strong>Blinkfrequenz:<\/strong>\n<ul>\n<li>Die Blinkfrequenz liegt in der Regel zwischen 60 und 120 Blinksignalen pro Minute, wobei die Frequenz je nach Einsatzumgebung angepasst werden kann.<\/li>\n<\/ul>\n<\/li>\n<li><strong>Schutzniveau:<\/strong>\n<ul>\n<li>Die Schutzart ist in der Regel IP65 oder h\u00f6her, so dass das Ger\u00e4t auch in Umgebungen mit hoher Feuchtigkeit oder starkem Staubaufkommen einwandfrei funktioniert.<\/li>\n<\/ul>\n<\/li>\n<li><strong>Betriebstemperaturbereich:<\/strong>\n<ul>\n<li>Der typische Betriebstemperaturbereich reicht von -20\u00b0C bis +60\u00b0C und ist damit f\u00fcr verschiedene raue Umgebungen geeignet.<\/li>\n<\/ul>\n<\/li>\n<li><strong>Installationsmethode:<\/strong>\n<ul>\n<li>Verschiedene Installationsmethoden, einschlie\u00dflich Optionen f\u00fcr die Montage mit Halterung, Saugnapf und Wandmontage, bieten Flexibilit\u00e4t f\u00fcr die Installation in unterschiedlichen Umgebungen.<\/li>\n<\/ul>\n<\/li>\n<li><strong>Betriebsstrom:<\/strong>\n<ul>\n<li>Der Betriebsstrom liegt in der Regel zwischen 0,2A und 1A, je nach Modell.<\/li>\n<\/ul>\n<\/li>\n<li><strong>Nutzungsdauer:<\/strong>\n<ul>\n<li>Die LED-Leuchten haben in der Regel eine Lebensdauer von mehr als 50.000 Stunden, was eine langfristige, zuverl\u00e4ssige Nutzung gew\u00e4hrleistet.<\/li>\n<\/ul>\n<\/li>\n<\/ol>\n<h3>Schlussfolgerung<\/h3>\n<p>Zusammenfassend l\u00e4sst sich sagen, dass Ton- und Lichtalarmanlagen f\u00fcr Krane die Sicherheit am Einsatzort erh\u00f6hen, indem sie sowohl akustische als auch visuelle Warnungen geben und so dazu beitragen, Unf\u00e4lle beim Kranbetrieb zu vermeiden. Mit einstellbarer Lautst\u00e4rke und Lichtintensit\u00e4t, hervorragender Haltbarkeit und flexiblen Installationsmethoden sind diese Alarmsysteme in verschiedenen industriellen Umgebungen weit verbreitet. Ihre F\u00e4higkeit, zuverl\u00e4ssige Warnungen zu liefern, gew\u00e4hrleistet einen sicheren und effizienten Kranbetrieb in verschiedenen Umgebungen.<\/p>","protected":false},"excerpt":{"rendered":"<p><strong>Eigenschaften von Kran-Ton- und Lichtalarm\uff1a<\/strong><\/p>\n<ul>\n<li>LED-Lichtquelle mit hoher Helligkeit<\/li>\n<li>Laute Tonwarnungen<\/li>\n<li>Multi-Voltage-Unterst\u00fctzung<\/li>\n<li>Rotierende Warnleuchte (optional)<\/li>\n<li>Hoher Schutzgrad<\/li>\n<li>Lange Lebensdauer<\/li>\n<\/ul>","protected":false},"featured_media":7491,"template":"","meta":{"_kad_post_transparent":"default","_kad_post_title":"","_kad_post_layout":"default","_kad_post_sidebar_id":"","_kad_post_content_style":"default","_kad_post_vertical_padding":"show","_kad_post_feature":"","_kad_post_feature_position":"","_kad_post_header":false,"_kad_post_footer":false},"product_brand":[],"product_cat":[65],"product_tag":[632,622,376,634,612,616,626,627,629,613,617,620,615,614,618,628,619,621,623,630,635,633,625,631,624],"class_list":{"0":"post-5790","1":"product","2":"type-product","3":"status-publish","4":"has-post-thumbnail","6":"product_cat-crane-electrical-parts","7":"product_tag-aviation-plug","8":"product_tag-cable-trolley","9":"product_tag-china-crane-parts-supplier","10":"product_tag-crane-aviation-plug","11":"product_tag-crane-cable-trolley","12":"product_tag-crane-control-cabinet","13":"product_tag-crane-control-handle","14":"product_tag-crane-controls","15":"product_tag-crane-electrical-control-cabinet","16":"product_tag-crane-electrical-part","17":"product_tag-crane-limit-switch","18":"product_tag-crane-overload-limiter","19":"product_tag-crane-pendant-controller","20":"product_tag-crane-remote-controller","21":"product_tag-crane-sound-and-light-alarm","22":"product_tag-electrical-control-cabinet","23":"product_tag-heavy-duty-aviation-connector","24":"product_tag-i-beam-cable-trolley","25":"product_tag-i-beam-cable-trolley-supplier","26":"product_tag-limit-switch","27":"product_tag-overload-limiter","28":"product_tag-quick-connector","29":"product_tag-remote-controller","30":"product_tag-sound-and-light-alarm","31":"product_tag-wireless-remote-control","33":"first","34":"instock","35":"shipping-taxable","36":"product-type-simple","37":"entry","38":"content-bg","39":"loop-entry"},"yoast_head":"<!-- This site is optimized with the Yoast SEO plugin v24.5 - https:\/\/yoast.com\/wordpress\/plugins\/seo\/ -->\n<title>Crane sound and light alarm - Sound and light alarm- Crane Parts Manufacturer<\/title>\n<meta name=\"description\" content=\"Sound and light alarm,Crane Electrical Parts,Sound and light alarm manufacturer,Sound and light alarm Supplier,Crane Parts Supplier\" \/>\n<meta name=\"robots\" content=\"index, follow, max-snippet:-1, max-image-preview:large, max-video-preview:-1\" \/>\n<link rel=\"canonical\" href=\"https:\/\/www.hnhlcranes.com\/de\/produkt\/kranalarm-mit-licht-und-ton\/\" \/>\n<meta property=\"og:locale\" content=\"de_DE\" \/>\n<meta property=\"og:type\" content=\"article\" \/>\n<meta property=\"og:title\" content=\"Crane sound and light alarm - Sound and light alarm- Crane Parts Manufacturer\" \/>\n<meta property=\"og:description\" content=\"Sound and light alarm,Crane Electrical Parts,Sound and light alarm manufacturer,Sound and light alarm Supplier,Crane Parts Supplier\" \/>\n<meta property=\"og:url\" content=\"https:\/\/www.hnhlcranes.com\/de\/produkt\/kranalarm-mit-licht-und-ton\/\" \/>\n<meta property=\"og:site_name\" content=\"Crane Parts Manufacturer\" \/>\n<meta property=\"article:modified_time\" content=\"2025-01-16T04:10:37+00:00\" \/>\n<meta property=\"og:image\" content=\"https:\/\/www.hnhlcranes.com\/wp-content\/uploads\/2024\/12\/Crane-sound-and-light-alarm.jpg\" \/>\n\t<meta property=\"og:image:width\" content=\"600\" \/>\n\t<meta property=\"og:image:height\" content=\"600\" \/>\n\t<meta property=\"og:image:type\" content=\"image\/jpeg\" \/>\n<meta name=\"twitter:card\" content=\"summary_large_image\" \/>\n<meta name=\"twitter:label1\" content=\"Gesch\u00e4tzte Lesezeit\" \/>\n\t<meta name=\"twitter:data1\" content=\"3\u00a0Minuten\" \/>\n<script type=\"application\/ld+json\" class=\"yoast-schema-graph\">{\"@context\":\"https:\/\/schema.org\",\"@graph\":[{\"@type\":\"WebPage\",\"@id\":\"https:\/\/www.hnhlcranes.com\/product\/crane-sound-and-light-alarm\/\",\"url\":\"https:\/\/www.hnhlcranes.com\/product\/crane-sound-and-light-alarm\/\",\"name\":\"Crane sound and light alarm - Sound and light alarm- Crane Parts Manufacturer\",\"isPartOf\":{\"@id\":\"https:\/\/www.hnhlcranes.com\/#website\"},\"primaryImageOfPage\":{\"@id\":\"https:\/\/www.hnhlcranes.com\/product\/crane-sound-and-light-alarm\/#primaryimage\"},\"image\":{\"@id\":\"https:\/\/www.hnhlcranes.com\/product\/crane-sound-and-light-alarm\/#primaryimage\"},\"thumbnailUrl\":\"https:\/\/www.hnhlcranes.com\/wp-content\/uploads\/2024\/12\/Crane-sound-and-light-alarm.jpg\",\"datePublished\":\"2024-12-05T16:55:21+00:00\",\"dateModified\":\"2025-01-16T04:10:37+00:00\",\"description\":\"Sound and light alarm,Crane Electrical Parts,Sound and light alarm manufacturer,Sound and light alarm Supplier,Crane Parts Supplier\",\"breadcrumb\":{\"@id\":\"https:\/\/www.hnhlcranes.com\/product\/crane-sound-and-light-alarm\/#breadcrumb\"},\"inLanguage\":\"de\",\"potentialAction\":[{\"@type\":\"ReadAction\",\"target\":[\"https:\/\/www.hnhlcranes.com\/product\/crane-sound-and-light-alarm\/\"]}]},{\"@type\":\"ImageObject\",\"inLanguage\":\"de\",\"@id\":\"https:\/\/www.hnhlcranes.com\/product\/crane-sound-and-light-alarm\/#primaryimage\",\"url\":\"https:\/\/www.hnhlcranes.com\/wp-content\/uploads\/2024\/12\/Crane-sound-and-light-alarm.jpg\",\"contentUrl\":\"https:\/\/www.hnhlcranes.com\/wp-content\/uploads\/2024\/12\/Crane-sound-and-light-alarm.jpg\",\"width\":600,\"height\":600},{\"@type\":\"BreadcrumbList\",\"@id\":\"https:\/\/www.hnhlcranes.com\/product\/crane-sound-and-light-alarm\/#breadcrumb\",\"itemListElement\":[{\"@type\":\"ListItem\",\"position\":1,\"name\":\"home\",\"item\":\"https:\/\/www.hnhlcranes.com\/\"},{\"@type\":\"ListItem\",\"position\":2,\"name\":\"products\",\"item\":\"https:\/\/www.hnhlcranes.com\/products\/\"},{\"@type\":\"ListItem\",\"position\":3,\"name\":\"Crane sound and light alarm\"}]},{\"@type\":\"WebSite\",\"@id\":\"https:\/\/www.hnhlcranes.com\/#website\",\"url\":\"https:\/\/www.hnhlcranes.com\/\",\"name\":\"Crane Parts Manufacturer\",\"description\":\"Crane Wheels,Crane Drums,Crane Hooks,Crane Coupling,Crane End Carriage,Electric Hoist,European Crane Parts,Crane Rail Clip,Crane Spreader,Crane Motor,Crane Reducer,Crane Brake,Light Crane Parts,Workstation Crane Parts,Crane Electrical Parts,China Crane Parts Supplier,China Crane Parts Manufacturer,Angle box type crane wheel,45 degree split crane wheel,European crane wheel,Crane Wheel Blocks,Overhead crane drum,European crane drum,Overhead crane hook,European crane hook,Crane pulley block,Gear coupling,Brake wheel coupling,Drum gear coupling,Brake wheel drum gear coupling,Cardan Shaft Coupling,WZL drum coupling,Plum blossom elastic coupling,Brake wheel plum elastic coupling,European Single girder crane end carriage,European Double girder crane end carriage,European Suspension  crane end carriage,Wire Rope Electric Hoist,Electric Chain Hoist,European Single Girder Wire Rope Electric Hoist,European Double Girder Wire Rope Electric Hoist,Crane grab,Container spreader,Billet crane clamps,C-type hook,Lifting Electromagnet,YZR crane motor,YZP crane motor,ZQ Reducer,ZSC Reducer,QJ Reducer,QJ-L Reducer,QJY Reducer,H series gearbox,F Series Gear Motor,K Series Gear Motor,R Series Gear Motor,travelling machinery gear motor,Electro hydraulic drum brake,Electro hydraulic disc brake,Crane Safety brake,Crane cable trolley,Crane remote controller,Crane pendant controller,Crane electrical control cabinet,Crane limit switch,Crane sound and light alarm,Heavy Duty Aviation Connector,Crane overload limiter\",\"publisher\":{\"@id\":\"https:\/\/www.hnhlcranes.com\/#organization\"},\"potentialAction\":[{\"@type\":\"SearchAction\",\"target\":{\"@type\":\"EntryPoint\",\"urlTemplate\":\"https:\/\/www.hnhlcranes.com\/?s={search_term_string}\"},\"query-input\":{\"@type\":\"PropertyValueSpecification\",\"valueRequired\":true,\"valueName\":\"search_term_string\"}}],\"inLanguage\":\"de\"},{\"@type\":\"Organization\",\"@id\":\"https:\/\/www.hnhlcranes.com\/#organization\",\"name\":\"Crane Parts Manufacturer\",\"url\":\"https:\/\/www.hnhlcranes.com\/\",\"logo\":{\"@type\":\"ImageObject\",\"inLanguage\":\"de\",\"@id\":\"https:\/\/www.hnhlcranes.com\/#\/schema\/logo\/image\/\",\"url\":\"https:\/\/www.hnhlcranes.com\/wp-content\/uploads\/2025\/01\/HL-logo-1.png\",\"contentUrl\":\"https:\/\/www.hnhlcranes.com\/wp-content\/uploads\/2025\/01\/HL-logo-1.png\",\"width\":600,\"height\":169,\"caption\":\"Crane Parts Manufacturer\"},\"image\":{\"@id\":\"https:\/\/www.hnhlcranes.com\/#\/schema\/logo\/image\/\"}}]}<\/script>\n<!-- \/ Yoast SEO plugin. -->","yoast_head_json":{"title":"Crane sound and light alarm - Sound and light alarm- Crane Parts Manufacturer","description":"Sound and light alarm,Crane Electrical Parts,Sound and light alarm manufacturer,Sound and light alarm Supplier,Crane Parts Supplier","robots":{"index":"index","follow":"follow","max-snippet":"max-snippet:-1","max-image-preview":"max-image-preview:large","max-video-preview":"max-video-preview:-1"},"canonical":"https:\/\/www.hnhlcranes.com\/de\/produkt\/kranalarm-mit-licht-und-ton\/","og_locale":"de_DE","og_type":"article","og_title":"Crane sound and light alarm - Sound and light alarm- Crane Parts Manufacturer","og_description":"Sound and light alarm,Crane Electrical Parts,Sound and light alarm manufacturer,Sound and light alarm Supplier,Crane Parts Supplier","og_url":"https:\/\/www.hnhlcranes.com\/de\/produkt\/kranalarm-mit-licht-und-ton\/","og_site_name":"Crane Parts Manufacturer","article_modified_time":"2025-01-16T04:10:37+00:00","og_image":[{"width":600,"height":600,"url":"https:\/\/www.hnhlcranes.com\/wp-content\/uploads\/2024\/12\/Crane-sound-and-light-alarm.jpg","type":"image\/jpeg"}],"twitter_card":"summary_large_image","twitter_misc":{"Gesch\u00e4tzte Lesezeit":"3\u00a0Minuten"},"schema":{"@context":"https:\/\/schema.org","@graph":[{"@type":"WebPage","@id":"https:\/\/www.hnhlcranes.com\/product\/crane-sound-and-light-alarm\/","url":"https:\/\/www.hnhlcranes.com\/product\/crane-sound-and-light-alarm\/","name":"Crane sound and light alarm - Sound and light alarm- Crane Parts Manufacturer","isPartOf":{"@id":"https:\/\/www.hnhlcranes.com\/#website"},"primaryImageOfPage":{"@id":"https:\/\/www.hnhlcranes.com\/product\/crane-sound-and-light-alarm\/#primaryimage"},"image":{"@id":"https:\/\/www.hnhlcranes.com\/product\/crane-sound-and-light-alarm\/#primaryimage"},"thumbnailUrl":"https:\/\/www.hnhlcranes.com\/wp-content\/uploads\/2024\/12\/Crane-sound-and-light-alarm.jpg","datePublished":"2024-12-05T16:55:21+00:00","dateModified":"2025-01-16T04:10:37+00:00","description":"Sound and light alarm,Crane Electrical Parts,Sound and light alarm manufacturer,Sound and light alarm Supplier,Crane Parts Supplier","breadcrumb":{"@id":"https:\/\/www.hnhlcranes.com\/product\/crane-sound-and-light-alarm\/#breadcrumb"},"inLanguage":"de","potentialAction":[{"@type":"ReadAction","target":["https:\/\/www.hnhlcranes.com\/product\/crane-sound-and-light-alarm\/"]}]},{"@type":"ImageObject","inLanguage":"de","@id":"https:\/\/www.hnhlcranes.com\/product\/crane-sound-and-light-alarm\/#primaryimage","url":"https:\/\/www.hnhlcranes.com\/wp-content\/uploads\/2024\/12\/Crane-sound-and-light-alarm.jpg","contentUrl":"https:\/\/www.hnhlcranes.com\/wp-content\/uploads\/2024\/12\/Crane-sound-and-light-alarm.jpg","width":600,"height":600},{"@type":"BreadcrumbList","@id":"https:\/\/www.hnhlcranes.com\/product\/crane-sound-and-light-alarm\/#breadcrumb","itemListElement":[{"@type":"ListItem","position":1,"name":"home","item":"https:\/\/www.hnhlcranes.com\/"},{"@type":"ListItem","position":2,"name":"products","item":"https:\/\/www.hnhlcranes.com\/products\/"},{"@type":"ListItem","position":3,"name":"Crane sound and light alarm"}]},{"@type":"WebSite","@id":"https:\/\/www.hnhlcranes.com\/#website","url":"https:\/\/www.hnhlcranes.com\/","name":"Crane Parts Manufacturer","description":"Crane Wheels,Crane Drums,Crane Hooks,Crane Coupling,Crane End Carriage,Electric Hoist,European Crane Parts,Crane Rail Clip,Crane Spreader,Crane Motor,Crane Reducer,Crane Brake,Light Crane Parts,Workstation Crane Parts,Crane Electrical Parts,China Crane Parts Supplier,China Crane Parts Manufacturer,Angle box type crane wheel,45 degree split crane wheel,European crane wheel,Crane Wheel Blocks,Overhead crane drum,European crane drum,Overhead crane hook,European crane hook,Crane pulley block,Gear coupling,Brake wheel coupling,Drum gear coupling,Brake wheel drum gear coupling,Cardan Shaft Coupling,WZL drum coupling,Plum blossom elastic coupling,Brake wheel plum elastic coupling,European Single girder crane end carriage,European Double girder crane end carriage,European Suspension  crane end carriage,Wire Rope Electric Hoist,Electric Chain Hoist,European Single Girder Wire Rope Electric Hoist,European Double Girder Wire Rope Electric Hoist,Crane grab,Container spreader,Billet crane clamps,C-type hook,Lifting Electromagnet,YZR crane motor,YZP crane motor,ZQ Reducer,ZSC Reducer,QJ Reducer,QJ-L Reducer,QJY Reducer,H series gearbox,F Series Gear Motor,K Series Gear Motor,R Series Gear Motor,travelling machinery gear motor,Electro hydraulic drum brake,Electro hydraulic disc brake,Crane Safety brake,Crane cable trolley,Crane remote controller,Crane pendant controller,Crane electrical control cabinet,Crane limit switch,Crane sound and light alarm,Heavy Duty Aviation Connector,Crane overload limiter","publisher":{"@id":"https:\/\/www.hnhlcranes.com\/#organization"},"potentialAction":[{"@type":"SearchAction","target":{"@type":"EntryPoint","urlTemplate":"https:\/\/www.hnhlcranes.com\/?s={search_term_string}"},"query-input":{"@type":"PropertyValueSpecification","valueRequired":true,"valueName":"search_term_string"}}],"inLanguage":"de"},{"@type":"Organization","@id":"https:\/\/www.hnhlcranes.com\/#organization","name":"Crane Parts Manufacturer","url":"https:\/\/www.hnhlcranes.com\/","logo":{"@type":"ImageObject","inLanguage":"de","@id":"https:\/\/www.hnhlcranes.com\/#\/schema\/logo\/image\/","url":"https:\/\/www.hnhlcranes.com\/wp-content\/uploads\/2025\/01\/HL-logo-1.png","contentUrl":"https:\/\/www.hnhlcranes.com\/wp-content\/uploads\/2025\/01\/HL-logo-1.png","width":600,"height":169,"caption":"Crane Parts Manufacturer"},"image":{"@id":"https:\/\/www.hnhlcranes.com\/#\/schema\/logo\/image\/"}}]}},"_links":{"self":[{"href":"https:\/\/www.hnhlcranes.com\/de\/wp-json\/wp\/v2\/product\/5790","targetHints":{"allow":["GET"]}}],"collection":[{"href":"https:\/\/www.hnhlcranes.com\/de\/wp-json\/wp\/v2\/product"}],"about":[{"href":"https:\/\/www.hnhlcranes.com\/de\/wp-json\/wp\/v2\/types\/product"}],"version-history":[{"count":4,"href":"https:\/\/www.hnhlcranes.com\/de\/wp-json\/wp\/v2\/product\/5790\/revisions"}],"predecessor-version":[{"id":7494,"href":"https:\/\/www.hnhlcranes.com\/de\/wp-json\/wp\/v2\/product\/5790\/revisions\/7494"}],"wp:featuredmedia":[{"embeddable":true,"href":"https:\/\/www.hnhlcranes.com\/de\/wp-json\/wp\/v2\/media\/7491"}],"wp:attachment":[{"href":"https:\/\/www.hnhlcranes.com\/de\/wp-json\/wp\/v2\/media?parent=5790"}],"wp:term":[{"taxonomy":"product_brand","embeddable":true,"href":"https:\/\/www.hnhlcranes.com\/de\/wp-json\/wp\/v2\/product_brand?post=5790"},{"taxonomy":"product_cat","embeddable":true,"href":"https:\/\/www.hnhlcranes.com\/de\/wp-json\/wp\/v2\/product_cat?post=5790"},{"taxonomy":"product_tag","embeddable":true,"href":"https:\/\/www.hnhlcranes.com\/de\/wp-json\/wp\/v2\/product_tag?post=5790"}],"curies":[{"name":"wp","href":"https:\/\/api.w.org\/{rel}","templated":true}]}}