{"id":5424,"date":"2024-11-25T23:05:17","date_gmt":"2024-11-25T15:05:17","guid":{"rendered":"https:\/\/www.hnhlcranes.com\/?post_type=product&#038;p=5424"},"modified":"2025-01-19T18:08:18","modified_gmt":"2025-01-19T10:08:18","slug":"grua-de-agarre","status":"publish","type":"product","link":"https:\/\/www.hnhlcranes.com\/es\/producto\/grua-de-agarre\/","title":{"rendered":"Agarre de gr\u00faa"},"content":{"rendered":"<h6><span style=\"font-family: arial, helvetica, sans-serif; font-size: 18pt;\"><strong>Tipos de pinzas para gr\u00faas y sus caracter\u00edsticas<\/strong><\/span><\/h6>\n<h6><span style=\"font-family: arial, helvetica, sans-serif; font-size: 14pt;\"><strong>Pinza de cuerda simple<\/strong><\/span><\/h6>\n<ul>\n<li><strong>Mecanismo<\/strong>: Funciona con un cable met\u00e1lico para realizar las acciones de elevaci\u00f3n y apertura\/cierre, utilizando un mecanismo de bloqueo especial.<\/li>\n<li><strong>Caracter\u00edsticas<\/strong>: Adecuado para gr\u00faas con un solo tambor de elevaci\u00f3n (gancho \u00fanico), lo que permite una apertura y cierre sin fisuras durante la carga y descarga. F\u00e1cil de acoplar y desacoplar, lo que la hace adecuada para operaciones submarinas y terrestres, como el agarre y el apilamiento.<\/li>\n<li><strong>Limitaciones<\/strong>: No pueden abrirse en el aire, excepto las de accionamiento manual o por control remoto.<\/li>\n<\/ul>\n<h6><span style=\"font-family: arial, helvetica, sans-serif; font-size: 14pt;\"><strong>Agarre de doble cuerda<\/strong><\/span><\/h6>\n<ul>\n<li><strong>Mecanismo<\/strong>: Dise\u00f1ado para gr\u00faas con mecanismos de elevaci\u00f3n dobles (un solo cable para cada tambor). Utiliza un cable para el equilibrio y el otro para abrir y cerrar la cuchara.<\/li>\n<li><strong>Caracter\u00edsticas<\/strong>:\n<ul>\n<li>A menudo se utiliza en puertos, muelles e industrias de la construcci\u00f3n.<\/li>\n<li>Disponibles en configuraciones ligera, media, pesada y ultrapesada en funci\u00f3n de las propiedades del material.<\/li>\n<li>Dise\u00f1adas para manipular materiales sueltos a granel.<\/li>\n<\/ul>\n<\/li>\n<\/ul>\n<h6><span style=\"font-family: arial, helvetica, sans-serif; font-size: 14pt;\"><strong>Pinza de cuatro cuerdas<\/strong><\/span><\/h6>\n<ul>\n<li><strong>Mecanismo<\/strong>: Se utiliza con gr\u00faas equipadas con dos juegos de tambores de cable. Emplea dos cables para el soporte y dos para abrir y cerrar las mordazas.<\/li>\n<li><strong>Aplicaciones<\/strong>: Adecuado para tareas como carga, descarga, apilamiento y alimentaci\u00f3n de materiales. Suelen utilizarse con gr\u00faas puente o de p\u00f3rtico.<\/li>\n<li><strong>Personalizaci\u00f3n<\/strong>: Puede adaptarse con dientes, vigas paralelas o para operaciones submarinas en funci\u00f3n de las necesidades del usuario y las caracter\u00edsticas del material.<\/li>\n<\/ul>\n<h6><span style=\"font-family: arial, helvetica, sans-serif; font-size: 14pt;\"><strong>Pinza m\u00faltiple<\/strong><\/span><\/h6>\n<ul>\n<li><strong>Aplicaciones<\/strong>: Manipula eficazmente chatarra, materiales s\u00f3lidos de gran tama\u00f1o y residuos en entornos dif\u00edciles como puertos, ferrocarriles, metalurgia y construcci\u00f3n.<\/li>\n<li><strong>Caracter\u00edsticas<\/strong>:\n<ul>\n<li>Disponible en modelos de una cuerda, doble cuerda, cuatro cuerdas y el\u00e9ctrico.<\/li>\n<li>Las mordazas se cierran individualmente en funci\u00f3n del tama\u00f1o y la forma del material, lo que garantiza una manipulaci\u00f3n eficaz.<\/li>\n<li>Dise\u00f1adas con 4 a 8 mordazas, personalizables en funci\u00f3n de los requisitos del usuario y las propiedades del material.<\/li>\n<\/ul>\n<\/li>\n<\/ul>\n<h6><span style=\"font-family: arial, helvetica, sans-serif; font-size: 14pt;\"><strong>Agarre de troncos<\/strong><\/span><\/h6>\n<ul>\n<li><strong>Aplicaciones<\/strong>: Espec\u00edficamente dise\u00f1ada para la manipulaci\u00f3n de madera en aserraderos, grandes f\u00e1bricas de madera, papeleras y puertos. Se utiliza para descargar barcos, apilar troncos y otras tareas relacionadas.<\/li>\n<li><strong>Caracter\u00edsticas<\/strong>:\n<ul>\n<li>Disponible en modelos de una cuerda, doble cuerda, cuatro cuerdas y el\u00e9ctrico.<\/li>\n<li>Personalizable para satisfacer las necesidades espec\u00edficas del usuario.<\/li>\n<\/ul>\n<\/li>\n<\/ul>\n<h6><span style=\"font-family: arial, helvetica, sans-serif; font-size: 14pt;\"><strong>Pinza motorizada<\/strong><\/span><\/h6>\n<ul>\n<li><strong>Mecanismo<\/strong>: Equipado con su propio mecanismo de apertura\/cierre, permite el funcionamiento a cualquier altura para la manipulaci\u00f3n de materiales.<\/li>\n<li><strong>Caracter\u00edsticas<\/strong>:\n<ul>\n<li>Mayor productividad en comparaci\u00f3n con las pinzas de una sola cuerda.<\/li>\n<li>F\u00e1cil montaje y desmontaje con gran eficacia de carga y descarga.<\/li>\n<li>Adecuada para la manipulaci\u00f3n de materiales a granel sueltos.<\/li>\n<li>Requiere un carrete de cable de suministro de energ\u00eda para mayores alturas de elevaci\u00f3n.<\/li>\n<\/ul>\n<\/li>\n<li><strong>Limitaci\u00f3n<\/strong>: No apto para operaciones submarinas.<\/li>\n<\/ul>\n<h6><span style=\"font-family: arial, helvetica, sans-serif; font-size: 14pt;\"><strong>Pinza el\u00e9ctrica hidr\u00e1ulica multigarra<\/strong><\/span><\/h6>\n<ul>\n<li><strong>Aplicaciones<\/strong>: Dise\u00f1ada para manipular materiales irregulares y de gran tama\u00f1o como chatarra de acero, arrabio, mineral y residuos en entornos dif\u00edciles, sustituyendo eficazmente el trabajo manual.<\/li>\n<li><strong>Caracter\u00edsticas<\/strong>:\n<ul>\n<li>Equipada con un sistema hidr\u00e1ulico independiente, que utiliza componentes de alta calidad para un excelente rendimiento.<\/li>\n<li>Cada mand\u00edbula es accionada por un cilindro hidr\u00e1ulico independiente, lo que garantiza que no se produzcan derrames de material.<\/li>\n<li>Incluye un conector de cable en la parte superior para facilitar la integraci\u00f3n de la gr\u00faa.<\/li>\n<li>Disponibles en m\u00faltiples configuraciones: mordazas circulares o rectangulares, y dise\u00f1os de garras cerradas, semiabiertas o abiertas.<\/li>\n<\/ul>\n<\/li>\n<\/ul>","protected":false},"excerpt":{"rendered":"<p>Cuchara de un solo cable,Cuchara de cuatro cables,Cuchara multipaleta electrohidr\u00e1ulica,Cuchara para piel de naranja,Cuchara con motor el\u00e9ctrico,Cuchara bivalva electrohidr\u00e1ulica<\/p>","protected":false},"featured_media":7139,"template":"","meta":{"_kad_post_transparent":"default","_kad_post_title":"","_kad_post_layout":"default","_kad_post_sidebar_id":"","_kad_post_content_style":"default","_kad_post_vertical_padding":"show","_kad_post_feature":"","_kad_post_feature_position":"","_kad_post_header":false,"_kad_post_footer":false},"product_brand":[],"product_cat":[59],"product_tag":[508,510,513,497,514,512,515,498,521,376,517,518,496,507,520,516,495,522,494,504,502,505,501,506,499,523,503,519,509,500,493,511],"class_list":{"0":"post-5424","1":"product","2":"type-product","3":"status-publish","4":"has-post-thumbnail","6":"product_cat-crane-spreader","7":"product_tag-20ft-container-spreader","8":"product_tag-40ft-container-lifting-frame","9":"product_tag-billet-clamps","10":"product_tag-billet-crane-clamp","11":"product_tag-billet-crane-clamps-manufacturer","12":"product_tag-billet-lifting-clamp","13":"product_tag-billet-lifting-clamps-china-supplier","14":"product_tag-c-type-hook","15":"product_tag-c-type-spreader","16":"product_tag-china-crane-parts-supplier","17":"product_tag-coil-c-type-hook","18":"product_tag-coil-hook","19":"product_tag-container-spreader","20":"product_tag-container-spreader-manufacturers","21":"product_tag-crane-c-hook","22":"product_tag-crane-c-type-spreader","23":"product_tag-crane-grab","24":"product_tag-crane-magnets","25":"product_tag-crane-spreader","26":"product_tag-electric-motor-grab","27":"product_tag-electro-hydraulic-multi-flap-grab","28":"product_tag-electro-hydraulicclamshell-grab","29":"product_tag-four-rope-grab","30":"product_tag-grab-manufacturers","31":"product_tag-lifting-electromagnet","32":"product_tag-lifting-electromagnet-spreader","33":"product_tag-orange-peel-grab","34":"product_tag-overhead-crane-steel-coil-c-type-hook","35":"product_tag-semi-automatic-container-spreader","36":"product_tag-singlr-rope-grab","37":"product_tag-special-crane-spreader","38":"product_tag-tec-container-spreader","40":"first","41":"instock","42":"featured","43":"shipping-taxable","44":"product-type-simple","45":"entry","46":"content-bg","47":"loop-entry"},"yoast_head":"<!-- This site is optimized with the Yoast SEO plugin v24.5 - https:\/\/yoast.com\/wordpress\/plugins\/seo\/ -->\n<title>Crane grab - Four rope grab-Electric motor grab-grab manufacturer- Crane Parts Manufacturer<\/title>\n<meta name=\"description\" content=\"Singlr rope grab,Four rope grab,Electro-hydraulic multi-flap grab,Orange peel grab,Electric motor grab,Electro-Hydraulicclamshell grab,Crane grab\" \/>\n<meta name=\"robots\" content=\"index, follow, max-snippet:-1, max-image-preview:large, max-video-preview:-1\" \/>\n<link rel=\"canonical\" href=\"https:\/\/www.hnhlcranes.com\/es\/producto\/grua-de-agarre\/\" \/>\n<meta property=\"og:locale\" content=\"es_ES\" \/>\n<meta property=\"og:type\" content=\"article\" \/>\n<meta property=\"og:title\" content=\"Crane grab - Four rope grab-Electric motor grab-grab manufacturer- Crane Parts Manufacturer\" \/>\n<meta property=\"og:description\" content=\"Singlr rope grab,Four rope grab,Electro-hydraulic multi-flap grab,Orange peel grab,Electric motor grab,Electro-Hydraulicclamshell grab,Crane grab\" \/>\n<meta property=\"og:url\" content=\"https:\/\/www.hnhlcranes.com\/es\/producto\/grua-de-agarre\/\" \/>\n<meta property=\"og:site_name\" content=\"Crane Parts Manufacturer\" \/>\n<meta property=\"article:modified_time\" content=\"2025-01-19T10:08:18+00:00\" \/>\n<meta property=\"og:image\" content=\"https:\/\/www.hnhlcranes.com\/wp-content\/uploads\/2024\/11\/Crane-grab.jpg\" \/>\n\t<meta property=\"og:image:width\" content=\"600\" \/>\n\t<meta property=\"og:image:height\" content=\"600\" \/>\n\t<meta property=\"og:image:type\" content=\"image\/jpeg\" \/>\n<meta name=\"twitter:card\" content=\"summary_large_image\" \/>\n<meta name=\"twitter:label1\" content=\"Tiempo de lectura\" \/>\n\t<meta name=\"twitter:data1\" content=\"3 minutos\" \/>\n<script type=\"application\/ld+json\" class=\"yoast-schema-graph\">{\"@context\":\"https:\/\/schema.org\",\"@graph\":[{\"@type\":\"WebPage\",\"@id\":\"https:\/\/www.hnhlcranes.com\/product\/crane-grab\/\",\"url\":\"https:\/\/www.hnhlcranes.com\/product\/crane-grab\/\",\"name\":\"Crane grab - Four rope grab-Electric motor grab-grab manufacturer- Crane Parts Manufacturer\",\"isPartOf\":{\"@id\":\"https:\/\/www.hnhlcranes.com\/#website\"},\"primaryImageOfPage\":{\"@id\":\"https:\/\/www.hnhlcranes.com\/product\/crane-grab\/#primaryimage\"},\"image\":{\"@id\":\"https:\/\/www.hnhlcranes.com\/product\/crane-grab\/#primaryimage\"},\"thumbnailUrl\":\"https:\/\/www.hnhlcranes.com\/wp-content\/uploads\/2024\/11\/Crane-grab.jpg\",\"datePublished\":\"2024-11-25T15:05:17+00:00\",\"dateModified\":\"2025-01-19T10:08:18+00:00\",\"description\":\"Singlr rope grab,Four rope grab,Electro-hydraulic multi-flap grab,Orange peel grab,Electric motor grab,Electro-Hydraulicclamshell grab,Crane grab\",\"breadcrumb\":{\"@id\":\"https:\/\/www.hnhlcranes.com\/product\/crane-grab\/#breadcrumb\"},\"inLanguage\":\"es\",\"potentialAction\":[{\"@type\":\"ReadAction\",\"target\":[\"https:\/\/www.hnhlcranes.com\/product\/crane-grab\/\"]}]},{\"@type\":\"ImageObject\",\"inLanguage\":\"es\",\"@id\":\"https:\/\/www.hnhlcranes.com\/product\/crane-grab\/#primaryimage\",\"url\":\"https:\/\/www.hnhlcranes.com\/wp-content\/uploads\/2024\/11\/Crane-grab.jpg\",\"contentUrl\":\"https:\/\/www.hnhlcranes.com\/wp-content\/uploads\/2024\/11\/Crane-grab.jpg\",\"width\":600,\"height\":600},{\"@type\":\"BreadcrumbList\",\"@id\":\"https:\/\/www.hnhlcranes.com\/product\/crane-grab\/#breadcrumb\",\"itemListElement\":[{\"@type\":\"ListItem\",\"position\":1,\"name\":\"home\",\"item\":\"https:\/\/www.hnhlcranes.com\/\"},{\"@type\":\"ListItem\",\"position\":2,\"name\":\"products\",\"item\":\"https:\/\/www.hnhlcranes.com\/products\/\"},{\"@type\":\"ListItem\",\"position\":3,\"name\":\"Crane grab\"}]},{\"@type\":\"WebSite\",\"@id\":\"https:\/\/www.hnhlcranes.com\/#website\",\"url\":\"https:\/\/www.hnhlcranes.com\/\",\"name\":\"Crane Parts Manufacturer\",\"description\":\"Crane Wheels,Crane Drums,Crane Hooks,Crane Coupling,Crane End Carriage,Electric Hoist,European Crane Parts,Crane Rail Clip,Crane Spreader,Crane Motor,Crane Reducer,Crane Brake,Light Crane Parts,Workstation Crane Parts,Crane Electrical Parts,China Crane Parts Supplier,China Crane Parts Manufacturer,Angle box type crane wheel,45 degree split crane wheel,European crane wheel,Crane Wheel Blocks,Overhead crane drum,European crane drum,Overhead crane hook,European crane hook,Crane pulley block,Gear coupling,Brake wheel coupling,Drum gear coupling,Brake wheel drum gear coupling,Cardan Shaft Coupling,WZL drum coupling,Plum blossom elastic coupling,Brake wheel plum elastic coupling,European Single girder crane end carriage,European Double girder crane end carriage,European Suspension  crane end carriage,Wire Rope Electric Hoist,Electric Chain Hoist,European Single Girder Wire Rope Electric Hoist,European Double Girder Wire Rope Electric Hoist,Crane grab,Container spreader,Billet crane clamps,C-type hook,Lifting Electromagnet,YZR crane motor,YZP crane motor,ZQ Reducer,ZSC Reducer,QJ Reducer,QJ-L Reducer,QJY Reducer,H series gearbox,F Series Gear Motor,K Series Gear Motor,R Series Gear Motor,travelling machinery gear motor,Electro hydraulic drum brake,Electro hydraulic disc brake,Crane Safety brake,Crane cable trolley,Crane remote controller,Crane pendant controller,Crane electrical control cabinet,Crane limit switch,Crane sound and light alarm,Heavy Duty Aviation Connector,Crane overload limiter\",\"publisher\":{\"@id\":\"https:\/\/www.hnhlcranes.com\/#organization\"},\"potentialAction\":[{\"@type\":\"SearchAction\",\"target\":{\"@type\":\"EntryPoint\",\"urlTemplate\":\"https:\/\/www.hnhlcranes.com\/?s={search_term_string}\"},\"query-input\":{\"@type\":\"PropertyValueSpecification\",\"valueRequired\":true,\"valueName\":\"search_term_string\"}}],\"inLanguage\":\"es\"},{\"@type\":\"Organization\",\"@id\":\"https:\/\/www.hnhlcranes.com\/#organization\",\"name\":\"Crane Parts Manufacturer\",\"url\":\"https:\/\/www.hnhlcranes.com\/\",\"logo\":{\"@type\":\"ImageObject\",\"inLanguage\":\"es\",\"@id\":\"https:\/\/www.hnhlcranes.com\/#\/schema\/logo\/image\/\",\"url\":\"https:\/\/www.hnhlcranes.com\/wp-content\/uploads\/2025\/01\/HL-logo-1.png\",\"contentUrl\":\"https:\/\/www.hnhlcranes.com\/wp-content\/uploads\/2025\/01\/HL-logo-1.png\",\"width\":600,\"height\":169,\"caption\":\"Crane Parts Manufacturer\"},\"image\":{\"@id\":\"https:\/\/www.hnhlcranes.com\/#\/schema\/logo\/image\/\"}}]}<\/script>\n<!-- \/ Yoast SEO plugin. -->","yoast_head_json":{"title":"Crane grab - Four rope grab-Electric motor grab-grab manufacturer- Crane Parts Manufacturer","description":"Singlr rope grab,Four rope grab,Electro-hydraulic multi-flap grab,Orange peel grab,Electric motor grab,Electro-Hydraulicclamshell grab,Crane grab","robots":{"index":"index","follow":"follow","max-snippet":"max-snippet:-1","max-image-preview":"max-image-preview:large","max-video-preview":"max-video-preview:-1"},"canonical":"https:\/\/www.hnhlcranes.com\/es\/producto\/grua-de-agarre\/","og_locale":"es_ES","og_type":"article","og_title":"Crane grab - Four rope grab-Electric motor grab-grab manufacturer- Crane Parts Manufacturer","og_description":"Singlr rope grab,Four rope grab,Electro-hydraulic multi-flap grab,Orange peel grab,Electric motor grab,Electro-Hydraulicclamshell grab,Crane grab","og_url":"https:\/\/www.hnhlcranes.com\/es\/producto\/grua-de-agarre\/","og_site_name":"Crane Parts Manufacturer","article_modified_time":"2025-01-19T10:08:18+00:00","og_image":[{"width":600,"height":600,"url":"https:\/\/www.hnhlcranes.com\/wp-content\/uploads\/2024\/11\/Crane-grab.jpg","type":"image\/jpeg"}],"twitter_card":"summary_large_image","twitter_misc":{"Tiempo de lectura":"3 minutos"},"schema":{"@context":"https:\/\/schema.org","@graph":[{"@type":"WebPage","@id":"https:\/\/www.hnhlcranes.com\/product\/crane-grab\/","url":"https:\/\/www.hnhlcranes.com\/product\/crane-grab\/","name":"Crane grab - Four rope grab-Electric motor grab-grab manufacturer- Crane Parts Manufacturer","isPartOf":{"@id":"https:\/\/www.hnhlcranes.com\/#website"},"primaryImageOfPage":{"@id":"https:\/\/www.hnhlcranes.com\/product\/crane-grab\/#primaryimage"},"image":{"@id":"https:\/\/www.hnhlcranes.com\/product\/crane-grab\/#primaryimage"},"thumbnailUrl":"https:\/\/www.hnhlcranes.com\/wp-content\/uploads\/2024\/11\/Crane-grab.jpg","datePublished":"2024-11-25T15:05:17+00:00","dateModified":"2025-01-19T10:08:18+00:00","description":"Singlr rope grab,Four rope grab,Electro-hydraulic multi-flap grab,Orange peel grab,Electric motor grab,Electro-Hydraulicclamshell grab,Crane grab","breadcrumb":{"@id":"https:\/\/www.hnhlcranes.com\/product\/crane-grab\/#breadcrumb"},"inLanguage":"es","potentialAction":[{"@type":"ReadAction","target":["https:\/\/www.hnhlcranes.com\/product\/crane-grab\/"]}]},{"@type":"ImageObject","inLanguage":"es","@id":"https:\/\/www.hnhlcranes.com\/product\/crane-grab\/#primaryimage","url":"https:\/\/www.hnhlcranes.com\/wp-content\/uploads\/2024\/11\/Crane-grab.jpg","contentUrl":"https:\/\/www.hnhlcranes.com\/wp-content\/uploads\/2024\/11\/Crane-grab.jpg","width":600,"height":600},{"@type":"BreadcrumbList","@id":"https:\/\/www.hnhlcranes.com\/product\/crane-grab\/#breadcrumb","itemListElement":[{"@type":"ListItem","position":1,"name":"home","item":"https:\/\/www.hnhlcranes.com\/"},{"@type":"ListItem","position":2,"name":"products","item":"https:\/\/www.hnhlcranes.com\/products\/"},{"@type":"ListItem","position":3,"name":"Crane grab"}]},{"@type":"WebSite","@id":"https:\/\/www.hnhlcranes.com\/#website","url":"https:\/\/www.hnhlcranes.com\/","name":"Crane Parts Manufacturer","description":"Crane Wheels,Crane Drums,Crane Hooks,Crane Coupling,Crane End Carriage,Electric Hoist,European Crane Parts,Crane Rail Clip,Crane Spreader,Crane Motor,Crane Reducer,Crane Brake,Light Crane Parts,Workstation Crane Parts,Crane Electrical Parts,China Crane Parts Supplier,China Crane Parts Manufacturer,Angle box type crane wheel,45 degree split crane wheel,European crane wheel,Crane Wheel Blocks,Overhead crane drum,European crane drum,Overhead crane hook,European crane hook,Crane pulley block,Gear coupling,Brake wheel coupling,Drum gear coupling,Brake wheel drum gear coupling,Cardan Shaft Coupling,WZL drum coupling,Plum blossom elastic coupling,Brake wheel plum elastic coupling,European Single girder crane end carriage,European Double girder crane end carriage,European Suspension  crane end carriage,Wire Rope Electric Hoist,Electric Chain Hoist,European Single Girder Wire Rope Electric Hoist,European Double Girder Wire Rope Electric Hoist,Crane grab,Container spreader,Billet crane clamps,C-type hook,Lifting Electromagnet,YZR crane motor,YZP crane motor,ZQ Reducer,ZSC Reducer,QJ Reducer,QJ-L Reducer,QJY Reducer,H series gearbox,F Series Gear Motor,K Series Gear Motor,R Series Gear Motor,travelling machinery gear motor,Electro hydraulic drum brake,Electro hydraulic disc brake,Crane Safety brake,Crane cable trolley,Crane remote controller,Crane pendant controller,Crane electrical control cabinet,Crane limit switch,Crane sound and light alarm,Heavy Duty Aviation Connector,Crane overload limiter","publisher":{"@id":"https:\/\/www.hnhlcranes.com\/#organization"},"potentialAction":[{"@type":"SearchAction","target":{"@type":"EntryPoint","urlTemplate":"https:\/\/www.hnhlcranes.com\/?s={search_term_string}"},"query-input":{"@type":"PropertyValueSpecification","valueRequired":true,"valueName":"search_term_string"}}],"inLanguage":"es"},{"@type":"Organization","@id":"https:\/\/www.hnhlcranes.com\/#organization","name":"Crane Parts Manufacturer","url":"https:\/\/www.hnhlcranes.com\/","logo":{"@type":"ImageObject","inLanguage":"es","@id":"https:\/\/www.hnhlcranes.com\/#\/schema\/logo\/image\/","url":"https:\/\/www.hnhlcranes.com\/wp-content\/uploads\/2025\/01\/HL-logo-1.png","contentUrl":"https:\/\/www.hnhlcranes.com\/wp-content\/uploads\/2025\/01\/HL-logo-1.png","width":600,"height":169,"caption":"Crane Parts Manufacturer"},"image":{"@id":"https:\/\/www.hnhlcranes.com\/#\/schema\/logo\/image\/"}}]}},"_links":{"self":[{"href":"https:\/\/www.hnhlcranes.com\/es\/wp-json\/wp\/v2\/product\/5424","targetHints":{"allow":["GET"]}}],"collection":[{"href":"https:\/\/www.hnhlcranes.com\/es\/wp-json\/wp\/v2\/product"}],"about":[{"href":"https:\/\/www.hnhlcranes.com\/es\/wp-json\/wp\/v2\/types\/product"}],"version-history":[{"count":3,"href":"https:\/\/www.hnhlcranes.com\/es\/wp-json\/wp\/v2\/product\/5424\/revisions"}],"predecessor-version":[{"id":7141,"href":"https:\/\/www.hnhlcranes.com\/es\/wp-json\/wp\/v2\/product\/5424\/revisions\/7141"}],"wp:featuredmedia":[{"embeddable":true,"href":"https:\/\/www.hnhlcranes.com\/es\/wp-json\/wp\/v2\/media\/7139"}],"wp:attachment":[{"href":"https:\/\/www.hnhlcranes.com\/es\/wp-json\/wp\/v2\/media?parent=5424"}],"wp:term":[{"taxonomy":"product_brand","embeddable":true,"href":"https:\/\/www.hnhlcranes.com\/es\/wp-json\/wp\/v2\/product_brand?post=5424"},{"taxonomy":"product_cat","embeddable":true,"href":"https:\/\/www.hnhlcranes.com\/es\/wp-json\/wp\/v2\/product_cat?post=5424"},{"taxonomy":"product_tag","embeddable":true,"href":"https:\/\/www.hnhlcranes.com\/es\/wp-json\/wp\/v2\/product_tag?post=5424"}],"curies":[{"name":"wp","href":"https:\/\/api.w.org\/{rel}","templated":true}]}}