{"id":5524,"date":"2024-11-29T21:45:30","date_gmt":"2024-11-29T13:45:30","guid":{"rendered":"https:\/\/www.hnhlcranes.com\/?post_type=product&#038;p=5524"},"modified":"2025-01-10T17:37:54","modified_gmt":"2025-01-10T09:37:54","slug":"clip-de-carril-cgwk","status":"publish","type":"product","link":"https:\/\/www.hnhlcranes.com\/es\/producto\/clip-de-carril-cgwk\/","title":{"rendered":"Clip de carril CGWK"},"content":{"rendered":"<h6><img fetchpriority=\"high\" decoding=\"async\" class=\"alignnone wp-image-7096\" src=\"https:\/\/www.hnhlcranes.com\/wp-content\/uploads\/2024\/11\/CGWK-Rail-Clip-1-300x103.jpg\" alt=\"\" width=\"955\" height=\"328\" srcset=\"https:\/\/www.hnhlcranes.com\/wp-content\/uploads\/2024\/11\/CGWK-Rail-Clip-1-300x103.jpg 300w, https:\/\/www.hnhlcranes.com\/wp-content\/uploads\/2024\/11\/CGWK-Rail-Clip-1-768x263.jpg 768w, https:\/\/www.hnhlcranes.com\/wp-content\/uploads\/2024\/11\/CGWK-Rail-Clip-1-600x205.jpg 600w, https:\/\/www.hnhlcranes.com\/wp-content\/uploads\/2024\/11\/CGWK-Rail-Clip-1.jpg 1000w\" sizes=\"(max-width: 955px) 100vw, 955px\" \/><\/h6>\n<h3><strong>Caracter\u00edsticas de CGWK Rail Clip<\/strong><\/h3>\n<h4><strong>Soldadura de placas base<\/strong><\/h4>\n<p>En <strong>Placa base CGWK<\/strong> se suelda al ala superior de la viga de acero de la gr\u00faa mediante soldaduras de filete en dos lados o soldaduras envolventes en tres lados. Esto garantiza que las fuerzas laterales horizontales de la gr\u00faa se transmitan uniformemente a la viga de la gr\u00faa. A su vez, esto evita las debilidades estructurales que suelen causar las perforaciones extensas en el ala de la viga, mejorando as\u00ed la estabilidad general del sistema de gr\u00faa.<\/p>\n<h4><strong>Conexi\u00f3n articulada esf\u00e9rica<\/strong><\/h4>\n<p>La placa base y la placa de sujeci\u00f3n superior est\u00e1n conectadas mediante una bisagra esf\u00e9rica. Este dise\u00f1o permite una ligera inclinaci\u00f3n bajo fuerzas laterales, lo que mitiga eficazmente el impacto de las fuerzas horizontales sobre la viga de la gr\u00faa y los sistemas de frenado. Como resultado, ayuda a prolongar la vida \u00fatil tanto de la viga de la gr\u00faa como de los sistemas de frenado al reducir la tensi\u00f3n sobre estos componentes.<\/p>\n<h4><strong>Posicionamiento Proximidad<\/strong><\/h4>\n<p>En <strong>Placa base CGWK<\/strong> est\u00e1 estrat\u00e9gicamente situado aproximadamente 1 mm por debajo del borde inferior del ra\u00edl. Este preciso posicionamiento restringe eficazmente el movimiento lateral del ra\u00edl, garantizando una mayor estabilidad y reduciendo el riesgo de desalineaci\u00f3n del ra\u00edl durante el funcionamiento.<\/p>\n<h4><strong>Pernos especiales para mayor estabilidad<\/strong><\/h4>\n<p>Para optimizar la distribuci\u00f3n de la carga en los componentes de fijaci\u00f3n, se utilizan pernos especiales. Estos pernos mejoran la estabilidad general del sistema, y la placa de sujeci\u00f3n superior puede desmontarse f\u00e1cilmente. Esta caracter\u00edstica de dise\u00f1o simplifica significativamente la instalaci\u00f3n y el mantenimiento, haciendo que el sistema sea m\u00e1s f\u00e1cil de usar y rentable.<\/p>\n<h4><strong>Material y resistencia<\/strong><\/h4>\n<p>Todos los componentes de fijaci\u00f3n est\u00e1n fabricados en acero de alta resistencia y baja aleaci\u00f3n, lo que garantiza su durabilidad y resistencia. Los pernos de resistencia M20 Grado 8.8 se aprietan a un par de 220N-m, proporcionando una fijaci\u00f3n robusta y segura. Adem\u00e1s, el sistema puede soportar una fuerza lateral m\u00e1xima de 65 kN en cada punto de carga de la rueda, lo que garantiza su fiabilidad en operaciones de gr\u00faa exigentes.<\/p>\n<h3><strong>Instrucciones de instalaci\u00f3n del clip de carril CGWK<\/strong><\/h3>\n<h4><strong>Alineaci\u00f3n de carriles<\/strong><\/h4>\n<p>Antes de comenzar la instalaci\u00f3n, es esencial alinear el ra\u00edl de acuerdo con las especificaciones de dise\u00f1o. Este paso es crucial para garantizar la correcta colocaci\u00f3n del ra\u00edl y el buen funcionamiento de todo el sistema.<\/p>\n<h4><strong>Colocaci\u00f3n de la placa base<\/strong><\/h4>\n<p>A continuaci\u00f3n, coloque las placas base a lo largo de la direcci\u00f3n del ra\u00edl a intervalos de 500 mm. Adem\u00e1s, aseg\u00farese de que la distancia perpendicular entre el centro del perno y el centro del ra\u00edl (valor a) est\u00e9 correctamente colocada para garantizar una alineaci\u00f3n y funcionalidad adecuadas.<\/p>\n<h4><strong>Soldadura de placas base<\/strong><\/h4>\n<p>Una vez colocadas las placas base, proceda a soldar la placa base a la viga de la gr\u00faa utilizando el m\u00e9todo de soldadura especificado (soldadura a dos o tres lados). Este paso asegura las placas base a la viga de la gr\u00faa, formando una base estable para los clips de carril.<\/p>\n<h4><strong>Montaje de componentes<\/strong><\/h4>\n<p>Para montar el <strong>Clip de carril CGWK<\/strong>Siga estos pasos en el orden que se indica a continuaci\u00f3n:<\/p>\n<ul>\n<li>Coloque los pernos para fijar los componentes.<\/li>\n<li>Coloque la placa de sujeci\u00f3n superior sobre la placa base.<\/li>\n<li>A\u00f1ade arandelas planas, arandelas el\u00e1sticas y tuercas a los pernos.<\/li>\n<li>Por \u00faltimo, apriete las tuercas a un par de 220 N-m, asegur\u00e1ndose de que el sistema est\u00e1 bien montado y listo para su uso.<\/li>\n<\/ul>\n<p>Siguiendo estas instrucciones, el <strong>Clip de carril CGWK<\/strong> se instalar\u00e1 de forma eficiente, proporcionando una soluci\u00f3n fiable y duradera para asegurar los ra\u00edles de las gr\u00faas. El dise\u00f1o preciso, el uso de materiales de alta resistencia y la facilidad de instalaci\u00f3n lo convierten en la opci\u00f3n ideal para aplicaciones industriales exigentes.<\/p>","protected":false},"excerpt":{"rendered":"<h6><span style=\"font-family: arial, helvetica, sans-serif; font-size: 14pt;\"><strong>Especificaciones del clip de carril CGWK<\/strong><\/span><\/h6>\n<ul>\n<li><strong>Modelos<\/strong>: CGWK38, CGWK43, CGWK50, CGWK60, CGWK70, CGWK80, CGWK100, CGWK120<\/li>\n<li><strong>M\u00e9todo de fijaci\u00f3n<\/strong>: Placa base soldada<\/li>\n<\/ul>","protected":false},"featured_media":7094,"template":"","meta":{"_kad_post_transparent":"default","_kad_post_title":"","_kad_post_layout":"default","_kad_post_sidebar_id":"","_kad_post_content_style":"default","_kad_post_vertical_padding":"show","_kad_post_feature":"","_kad_post_feature_position":"","_kad_post_header":false,"_kad_post_footer":false},"product_brand":[],"product_cat":[83],"product_tag":[483,482,481,480,376,489,486,490,488,484,492,487,485,493,478,491,477,479],"class_list":{"0":"post-5524","1":"product","2":"type-product","3":"status-publish","4":"has-post-thumbnail","6":"product_cat-crane-rail-clip","7":"product_tag-05g525-rail-clip","8":"product_tag-cgbk-rail-clip","9":"product_tag-cgek-rail-clip","10":"product_tag-cgwk-rail-clip","11":"product_tag-china-crane-parts-supplier","12":"product_tag-crane-rail-clamp","13":"product_tag-crane-rail-clip","14":"product_tag-crane-rail-clip-supplier","15":"product_tag-crane-rail-fixing-device","16":"product_tag-hdgy-rail-clip","17":"product_tag-rail-connection-splint","18":"product_tag-rail-fixing-device","19":"product_tag-rail-joint","20":"product_tag-special-crane-spreader","21":"product_tag-swjk-rail-clip","22":"product_tag-tracks-jointing-plates","23":"product_tag-wjk-rail-clip","24":"product_tag-wjkc-rail-clip","26":"first","27":"instock","28":"shipping-taxable","29":"product-type-simple","30":"entry","31":"content-bg","32":"loop-entry"},"yoast_head":"<!-- This site is optimized with the Yoast SEO plugin v24.5 - https:\/\/yoast.com\/wordpress\/plugins\/seo\/ -->\n<title>CGWK Rail Clip - Rail fixing device- Rail Clamp-Crane Parts Manufacturer<\/title>\n<meta name=\"description\" content=\"Rail Clips,CGWK Rail Clip,Crane Rail Clips,Rail fixing device,Crane Rail fixing device,crane Rail Clamp,WJK Rail Clips,Overhead Crane Rail Clip\" \/>\n<meta name=\"robots\" content=\"index, follow, max-snippet:-1, max-image-preview:large, max-video-preview:-1\" \/>\n<link rel=\"canonical\" href=\"https:\/\/www.hnhlcranes.com\/es\/producto\/clip-de-carril-cgwk\/\" \/>\n<meta property=\"og:locale\" content=\"es_ES\" \/>\n<meta property=\"og:type\" content=\"article\" \/>\n<meta property=\"og:title\" content=\"CGWK Rail Clip - Rail fixing device- Rail Clamp-Crane Parts Manufacturer\" \/>\n<meta property=\"og:description\" content=\"Rail Clips,CGWK Rail Clip,Crane Rail Clips,Rail fixing device,Crane Rail fixing device,crane Rail Clamp,WJK Rail Clips,Overhead Crane Rail Clip\" \/>\n<meta property=\"og:url\" content=\"https:\/\/www.hnhlcranes.com\/es\/producto\/clip-de-carril-cgwk\/\" \/>\n<meta property=\"og:site_name\" content=\"Crane Parts Manufacturer\" \/>\n<meta property=\"article:modified_time\" content=\"2025-01-10T09:37:54+00:00\" \/>\n<meta property=\"og:image\" content=\"https:\/\/www.hnhlcranes.com\/wp-content\/uploads\/2024\/11\/CGWK-Rail-Clip.jpg\" \/>\n\t<meta property=\"og:image:width\" content=\"600\" \/>\n\t<meta property=\"og:image:height\" content=\"600\" \/>\n\t<meta property=\"og:image:type\" content=\"image\/jpeg\" \/>\n<meta name=\"twitter:card\" content=\"summary_large_image\" \/>\n<meta name=\"twitter:label1\" content=\"Tiempo de lectura\" \/>\n\t<meta name=\"twitter:data1\" content=\"3 minutos\" \/>\n<script type=\"application\/ld+json\" class=\"yoast-schema-graph\">{\"@context\":\"https:\/\/schema.org\",\"@graph\":[{\"@type\":\"WebPage\",\"@id\":\"https:\/\/www.hnhlcranes.com\/product\/cgwk-rail-clip\/\",\"url\":\"https:\/\/www.hnhlcranes.com\/product\/cgwk-rail-clip\/\",\"name\":\"CGWK Rail Clip - Rail fixing device- Rail Clamp-Crane Parts Manufacturer\",\"isPartOf\":{\"@id\":\"https:\/\/www.hnhlcranes.com\/#website\"},\"primaryImageOfPage\":{\"@id\":\"https:\/\/www.hnhlcranes.com\/product\/cgwk-rail-clip\/#primaryimage\"},\"image\":{\"@id\":\"https:\/\/www.hnhlcranes.com\/product\/cgwk-rail-clip\/#primaryimage\"},\"thumbnailUrl\":\"https:\/\/www.hnhlcranes.com\/wp-content\/uploads\/2024\/11\/CGWK-Rail-Clip.jpg\",\"datePublished\":\"2024-11-29T13:45:30+00:00\",\"dateModified\":\"2025-01-10T09:37:54+00:00\",\"description\":\"Rail Clips,CGWK Rail Clip,Crane Rail Clips,Rail fixing device,Crane Rail fixing device,crane Rail Clamp,WJK Rail Clips,Overhead Crane Rail Clip\",\"breadcrumb\":{\"@id\":\"https:\/\/www.hnhlcranes.com\/product\/cgwk-rail-clip\/#breadcrumb\"},\"inLanguage\":\"es\",\"potentialAction\":[{\"@type\":\"ReadAction\",\"target\":[\"https:\/\/www.hnhlcranes.com\/product\/cgwk-rail-clip\/\"]}]},{\"@type\":\"ImageObject\",\"inLanguage\":\"es\",\"@id\":\"https:\/\/www.hnhlcranes.com\/product\/cgwk-rail-clip\/#primaryimage\",\"url\":\"https:\/\/www.hnhlcranes.com\/wp-content\/uploads\/2024\/11\/CGWK-Rail-Clip.jpg\",\"contentUrl\":\"https:\/\/www.hnhlcranes.com\/wp-content\/uploads\/2024\/11\/CGWK-Rail-Clip.jpg\",\"width\":600,\"height\":600},{\"@type\":\"BreadcrumbList\",\"@id\":\"https:\/\/www.hnhlcranes.com\/product\/cgwk-rail-clip\/#breadcrumb\",\"itemListElement\":[{\"@type\":\"ListItem\",\"position\":1,\"name\":\"home\",\"item\":\"https:\/\/www.hnhlcranes.com\/\"},{\"@type\":\"ListItem\",\"position\":2,\"name\":\"products\",\"item\":\"https:\/\/www.hnhlcranes.com\/products\/\"},{\"@type\":\"ListItem\",\"position\":3,\"name\":\"CGWK Rail Clip\"}]},{\"@type\":\"WebSite\",\"@id\":\"https:\/\/www.hnhlcranes.com\/#website\",\"url\":\"https:\/\/www.hnhlcranes.com\/\",\"name\":\"Crane Parts Manufacturer\",\"description\":\"Crane Wheels,Crane Drums,Crane Hooks,Crane Coupling,Crane End Carriage,Electric Hoist,European Crane Parts,Crane Rail Clip,Crane Spreader,Crane Motor,Crane Reducer,Crane Brake,Light Crane Parts,Workstation Crane Parts,Crane Electrical Parts,China Crane Parts Supplier,China Crane Parts Manufacturer,Angle box type crane wheel,45 degree split crane wheel,European crane wheel,Crane Wheel Blocks,Overhead crane drum,European crane drum,Overhead crane hook,European crane hook,Crane pulley block,Gear coupling,Brake wheel coupling,Drum gear coupling,Brake wheel drum gear coupling,Cardan Shaft Coupling,WZL drum coupling,Plum blossom elastic coupling,Brake wheel plum elastic coupling,European Single girder crane end carriage,European Double girder crane end carriage,European Suspension  crane end carriage,Wire Rope Electric Hoist,Electric Chain Hoist,European Single Girder Wire Rope Electric Hoist,European Double Girder Wire Rope Electric Hoist,Crane grab,Container spreader,Billet crane clamps,C-type hook,Lifting Electromagnet,YZR crane motor,YZP crane motor,ZQ Reducer,ZSC Reducer,QJ Reducer,QJ-L Reducer,QJY Reducer,H series gearbox,F Series Gear Motor,K Series Gear Motor,R Series Gear Motor,travelling machinery gear motor,Electro hydraulic drum brake,Electro hydraulic disc brake,Crane Safety brake,Crane cable trolley,Crane remote controller,Crane pendant controller,Crane electrical control cabinet,Crane limit switch,Crane sound and light alarm,Heavy Duty Aviation Connector,Crane overload limiter\",\"publisher\":{\"@id\":\"https:\/\/www.hnhlcranes.com\/#organization\"},\"potentialAction\":[{\"@type\":\"SearchAction\",\"target\":{\"@type\":\"EntryPoint\",\"urlTemplate\":\"https:\/\/www.hnhlcranes.com\/?s={search_term_string}\"},\"query-input\":{\"@type\":\"PropertyValueSpecification\",\"valueRequired\":true,\"valueName\":\"search_term_string\"}}],\"inLanguage\":\"es\"},{\"@type\":\"Organization\",\"@id\":\"https:\/\/www.hnhlcranes.com\/#organization\",\"name\":\"Crane Parts Manufacturer\",\"url\":\"https:\/\/www.hnhlcranes.com\/\",\"logo\":{\"@type\":\"ImageObject\",\"inLanguage\":\"es\",\"@id\":\"https:\/\/www.hnhlcranes.com\/#\/schema\/logo\/image\/\",\"url\":\"https:\/\/www.hnhlcranes.com\/wp-content\/uploads\/2025\/01\/HL-logo-1.png\",\"contentUrl\":\"https:\/\/www.hnhlcranes.com\/wp-content\/uploads\/2025\/01\/HL-logo-1.png\",\"width\":600,\"height\":169,\"caption\":\"Crane Parts Manufacturer\"},\"image\":{\"@id\":\"https:\/\/www.hnhlcranes.com\/#\/schema\/logo\/image\/\"}}]}<\/script>\n<!-- \/ Yoast SEO plugin. -->","yoast_head_json":{"title":"CGWK Rail Clip - Rail fixing device- Rail Clamp-Crane Parts Manufacturer","description":"Rail Clips,CGWK Rail Clip,Crane Rail Clips,Rail fixing device,Crane Rail fixing device,crane Rail Clamp,WJK Rail Clips,Overhead Crane Rail Clip","robots":{"index":"index","follow":"follow","max-snippet":"max-snippet:-1","max-image-preview":"max-image-preview:large","max-video-preview":"max-video-preview:-1"},"canonical":"https:\/\/www.hnhlcranes.com\/es\/producto\/clip-de-carril-cgwk\/","og_locale":"es_ES","og_type":"article","og_title":"CGWK Rail Clip - Rail fixing device- Rail Clamp-Crane Parts Manufacturer","og_description":"Rail Clips,CGWK Rail Clip,Crane Rail Clips,Rail fixing device,Crane Rail fixing device,crane Rail Clamp,WJK Rail Clips,Overhead Crane Rail Clip","og_url":"https:\/\/www.hnhlcranes.com\/es\/producto\/clip-de-carril-cgwk\/","og_site_name":"Crane Parts Manufacturer","article_modified_time":"2025-01-10T09:37:54+00:00","og_image":[{"width":600,"height":600,"url":"https:\/\/www.hnhlcranes.com\/wp-content\/uploads\/2024\/11\/CGWK-Rail-Clip.jpg","type":"image\/jpeg"}],"twitter_card":"summary_large_image","twitter_misc":{"Tiempo de lectura":"3 minutos"},"schema":{"@context":"https:\/\/schema.org","@graph":[{"@type":"WebPage","@id":"https:\/\/www.hnhlcranes.com\/product\/cgwk-rail-clip\/","url":"https:\/\/www.hnhlcranes.com\/product\/cgwk-rail-clip\/","name":"CGWK Rail Clip - Rail fixing device- Rail Clamp-Crane Parts Manufacturer","isPartOf":{"@id":"https:\/\/www.hnhlcranes.com\/#website"},"primaryImageOfPage":{"@id":"https:\/\/www.hnhlcranes.com\/product\/cgwk-rail-clip\/#primaryimage"},"image":{"@id":"https:\/\/www.hnhlcranes.com\/product\/cgwk-rail-clip\/#primaryimage"},"thumbnailUrl":"https:\/\/www.hnhlcranes.com\/wp-content\/uploads\/2024\/11\/CGWK-Rail-Clip.jpg","datePublished":"2024-11-29T13:45:30+00:00","dateModified":"2025-01-10T09:37:54+00:00","description":"Rail Clips,CGWK Rail Clip,Crane Rail Clips,Rail fixing device,Crane Rail fixing device,crane Rail Clamp,WJK Rail Clips,Overhead Crane Rail Clip","breadcrumb":{"@id":"https:\/\/www.hnhlcranes.com\/product\/cgwk-rail-clip\/#breadcrumb"},"inLanguage":"es","potentialAction":[{"@type":"ReadAction","target":["https:\/\/www.hnhlcranes.com\/product\/cgwk-rail-clip\/"]}]},{"@type":"ImageObject","inLanguage":"es","@id":"https:\/\/www.hnhlcranes.com\/product\/cgwk-rail-clip\/#primaryimage","url":"https:\/\/www.hnhlcranes.com\/wp-content\/uploads\/2024\/11\/CGWK-Rail-Clip.jpg","contentUrl":"https:\/\/www.hnhlcranes.com\/wp-content\/uploads\/2024\/11\/CGWK-Rail-Clip.jpg","width":600,"height":600},{"@type":"BreadcrumbList","@id":"https:\/\/www.hnhlcranes.com\/product\/cgwk-rail-clip\/#breadcrumb","itemListElement":[{"@type":"ListItem","position":1,"name":"home","item":"https:\/\/www.hnhlcranes.com\/"},{"@type":"ListItem","position":2,"name":"products","item":"https:\/\/www.hnhlcranes.com\/products\/"},{"@type":"ListItem","position":3,"name":"CGWK Rail Clip"}]},{"@type":"WebSite","@id":"https:\/\/www.hnhlcranes.com\/#website","url":"https:\/\/www.hnhlcranes.com\/","name":"Crane Parts Manufacturer","description":"Crane Wheels,Crane Drums,Crane Hooks,Crane Coupling,Crane End Carriage,Electric Hoist,European Crane Parts,Crane Rail Clip,Crane Spreader,Crane Motor,Crane Reducer,Crane Brake,Light Crane Parts,Workstation Crane Parts,Crane Electrical Parts,China Crane Parts Supplier,China Crane Parts Manufacturer,Angle box type crane wheel,45 degree split crane wheel,European crane wheel,Crane Wheel Blocks,Overhead crane drum,European crane drum,Overhead crane hook,European crane hook,Crane pulley block,Gear coupling,Brake wheel coupling,Drum gear coupling,Brake wheel drum gear coupling,Cardan Shaft Coupling,WZL drum coupling,Plum blossom elastic coupling,Brake wheel plum elastic coupling,European Single girder crane end carriage,European Double girder crane end carriage,European Suspension  crane end carriage,Wire Rope Electric Hoist,Electric Chain Hoist,European Single Girder Wire Rope Electric Hoist,European Double Girder Wire Rope Electric Hoist,Crane grab,Container spreader,Billet crane clamps,C-type hook,Lifting Electromagnet,YZR crane motor,YZP crane motor,ZQ Reducer,ZSC Reducer,QJ Reducer,QJ-L Reducer,QJY Reducer,H series gearbox,F Series Gear Motor,K Series Gear Motor,R Series Gear Motor,travelling machinery gear motor,Electro hydraulic drum brake,Electro hydraulic disc brake,Crane Safety brake,Crane cable trolley,Crane remote controller,Crane pendant controller,Crane electrical control cabinet,Crane limit switch,Crane sound and light alarm,Heavy Duty Aviation Connector,Crane overload limiter","publisher":{"@id":"https:\/\/www.hnhlcranes.com\/#organization"},"potentialAction":[{"@type":"SearchAction","target":{"@type":"EntryPoint","urlTemplate":"https:\/\/www.hnhlcranes.com\/?s={search_term_string}"},"query-input":{"@type":"PropertyValueSpecification","valueRequired":true,"valueName":"search_term_string"}}],"inLanguage":"es"},{"@type":"Organization","@id":"https:\/\/www.hnhlcranes.com\/#organization","name":"Crane Parts Manufacturer","url":"https:\/\/www.hnhlcranes.com\/","logo":{"@type":"ImageObject","inLanguage":"es","@id":"https:\/\/www.hnhlcranes.com\/#\/schema\/logo\/image\/","url":"https:\/\/www.hnhlcranes.com\/wp-content\/uploads\/2025\/01\/HL-logo-1.png","contentUrl":"https:\/\/www.hnhlcranes.com\/wp-content\/uploads\/2025\/01\/HL-logo-1.png","width":600,"height":169,"caption":"Crane Parts Manufacturer"},"image":{"@id":"https:\/\/www.hnhlcranes.com\/#\/schema\/logo\/image\/"}}]}},"_links":{"self":[{"href":"https:\/\/www.hnhlcranes.com\/es\/wp-json\/wp\/v2\/product\/5524","targetHints":{"allow":["GET"]}}],"collection":[{"href":"https:\/\/www.hnhlcranes.com\/es\/wp-json\/wp\/v2\/product"}],"about":[{"href":"https:\/\/www.hnhlcranes.com\/es\/wp-json\/wp\/v2\/types\/product"}],"version-history":[{"count":5,"href":"https:\/\/www.hnhlcranes.com\/es\/wp-json\/wp\/v2\/product\/5524\/revisions"}],"predecessor-version":[{"id":7194,"href":"https:\/\/www.hnhlcranes.com\/es\/wp-json\/wp\/v2\/product\/5524\/revisions\/7194"}],"wp:featuredmedia":[{"embeddable":true,"href":"https:\/\/www.hnhlcranes.com\/es\/wp-json\/wp\/v2\/media\/7094"}],"wp:attachment":[{"href":"https:\/\/www.hnhlcranes.com\/es\/wp-json\/wp\/v2\/media?parent=5524"}],"wp:term":[{"taxonomy":"product_brand","embeddable":true,"href":"https:\/\/www.hnhlcranes.com\/es\/wp-json\/wp\/v2\/product_brand?post=5524"},{"taxonomy":"product_cat","embeddable":true,"href":"https:\/\/www.hnhlcranes.com\/es\/wp-json\/wp\/v2\/product_cat?post=5524"},{"taxonomy":"product_tag","embeddable":true,"href":"https:\/\/www.hnhlcranes.com\/es\/wp-json\/wp\/v2\/product_tag?post=5524"}],"curies":[{"name":"wp","href":"https:\/\/api.w.org\/{rel}","templated":true}]}}