{"id":5528,"date":"2024-11-29T22:04:09","date_gmt":"2024-11-29T14:04:09","guid":{"rendered":"https:\/\/www.hnhlcranes.com\/?post_type=product&#038;p=5528"},"modified":"2025-01-10T17:43:16","modified_gmt":"2025-01-10T09:43:16","slug":"clip-de-carril-cgek","status":"publish","type":"product","link":"https:\/\/www.hnhlcranes.com\/es\/producto\/clip-de-carril-cgek\/","title":{"rendered":"Clip de carril CGEK"},"content":{"rendered":"<h6><img fetchpriority=\"high\" decoding=\"async\" class=\"alignnone wp-image-7104\" src=\"https:\/\/www.hnhlcranes.com\/wp-content\/uploads\/2024\/11\/CGEK-Rail-Clip-3-300x129.jpg\" alt=\"\" width=\"949\" height=\"408\" srcset=\"https:\/\/www.hnhlcranes.com\/wp-content\/uploads\/2024\/11\/CGEK-Rail-Clip-3-300x129.jpg 300w, https:\/\/www.hnhlcranes.com\/wp-content\/uploads\/2024\/11\/CGEK-Rail-Clip-3-768x331.jpg 768w, https:\/\/www.hnhlcranes.com\/wp-content\/uploads\/2024\/11\/CGEK-Rail-Clip-3-600x259.jpg 600w, https:\/\/www.hnhlcranes.com\/wp-content\/uploads\/2024\/11\/CGEK-Rail-Clip-3.jpg 1000w\" sizes=\"(max-width: 949px) 100vw, 949px\" \/><\/h6>\n<h3><strong>Caracter\u00edsticas de CGEK Rail Clip<\/strong><\/h3>\n<h4><strong>Ajuste lateral<\/strong><\/h4>\n<p>En <strong>Clip de carril CGEK<\/strong> permite el ajuste lateral, lo que optimiza las condiciones para una instalaci\u00f3n y alineaci\u00f3n precisas de los ra\u00edles. Esta flexibilidad garantiza el posicionamiento preciso del sistema de ra\u00edles, facilitando un funcionamiento suave y eficiente de la gr\u00faa.<\/p>\n<h4><strong>Fiabilidad frente a fuerzas laterales<\/strong><\/h4>\n<p>Los componentes fijos de los clips est\u00e1n dise\u00f1ados para soportar con fiabilidad las fuerzas laterales generadas durante las operaciones de la gr\u00faa. Como resultado, garantizan la estabilidad, evitando el movimiento y mejorando la seguridad y el rendimiento general del sistema de carriles de gr\u00faa.<\/p>\n<h4><strong>Dise\u00f1o compacto<\/strong><\/h4>\n<p>Con una estructura estrecha y plana, estos clips ofrecen unas dimensiones de instalaci\u00f3n \u00f3ptimas, por lo que son adecuados para gr\u00faas con y sin ruedas gu\u00eda. Este dise\u00f1o compacto ayuda a maximizar la eficiencia del espacio y proporciona facilidad de instalaci\u00f3n.<\/p>\n<h4><strong>Mecanismo de bloqueo autom\u00e1tico<\/strong><\/h4>\n<p>Gracias al dise\u00f1o en forma de cu\u00f1a y a las superficies inclinadas entrelazadas de las placas de sujeci\u00f3n superior e inferior, los clips se bloquean autom\u00e1ticamente en su sitio. Este mecanismo de bloqueo autom\u00e1tico simplifica el proceso de instalaci\u00f3n y garantiza que las pinzas permanezcan firmemente en su posici\u00f3n durante el funcionamiento.<\/p>\n<h4><strong>Control de tolerancia y durabilidad de los contactos<\/strong><\/h4>\n<p>El clip de ra\u00edl CGEK se adapta eficazmente a las tolerancias del ra\u00edl y la viga de la gr\u00faa, garantizando un ajuste preciso. Adem\u00e1s, mantiene un contacto duradero entre el ra\u00edl y la base, apoyado en bases pretensadas que mejoran la durabilidad y la estabilidad.<\/p>\n<h4><strong>Reducci\u00f3n del ruido<\/strong><\/h4>\n<p>El innovador dise\u00f1o del clip de carril CGEK reduce significativamente el ruido, lo que contribuye a mejorar el entorno de trabajo. Esta caracter\u00edstica es especialmente beneficiosa en entornos en los que el control del ruido es crucial para mantener la eficiencia operativa y la comodidad de los trabajadores.<\/p>\n<h4><strong>Materiales de alta resistencia<\/strong><\/h4>\n<p>Los componentes est\u00e1n fabricados con acero estructural de baja aleaci\u00f3n y alta resistencia, lo que garantiza una mayor durabilidad y rendimiento. Esta elecci\u00f3n de material prolonga la vida \u00fatil de las pinzas, incluso en condiciones de uso intensivo y exigentes.<\/p>\n<h4><strong>Pernos de alta resistencia<\/strong><\/h4>\n<p>Equipado con pernos de alta resistencia M20, grado 8.8, el sistema de clips de carril CGEK ofrece un par de apriete de 220 N-m. Adem\u00e1s, puede soportar una fuerza lateral m\u00e1xima de 120 kN ejercida por la presi\u00f3n de las ruedas, lo que garantiza que los clips puedan funcionar de forma fiable con cargas elevadas.<\/p>\n<h3><strong>Pasos de instalaci\u00f3n del clip de carril CGEK<\/strong><\/h3>\n<h4><strong>Colocaci\u00f3n de la placa base<\/strong><\/h4>\n<p>Para empezar, coloque las placas base a lo largo del carril de la gr\u00faa a intervalos de 500 mm. Aseg\u00farese de que las placas base est\u00e9n alineadas perpendicularmente al carril, con el centro del perno en T separado de la l\u00ednea central del carril seg\u00fan el valor especificado aaa.<\/p>\n<h4><strong>Soldadura de las placas base<\/strong><\/h4>\n<p>A continuaci\u00f3n, suelde firmemente las placas base en las posiciones determinadas. Esto garantiza que las placas base queden firmemente fijadas a la viga de la gr\u00faa, formando una base estable para todo el sistema de ra\u00edles.<\/p>\n<h4><strong>Instalaci\u00f3n secuencial<\/strong><\/h4>\n<p>Despu\u00e9s de soldar las placas base, proceda a la instalaci\u00f3n secuencial de los componentes:<\/p>\n<ol>\n<li>Coloque los pernos en T en su sitio.<\/li>\n<li>Instale los componentes en el siguiente orden: placa de cubierta superior, arandela plana, arandela el\u00e1stica y tuerca.<\/li>\n<li>Por \u00faltimo, apriete los pernos en T y ajuste la placa de la cubierta superior seg\u00fan sea necesario para garantizar un montaje seguro y estable.<\/li>\n<\/ol>\n<p>Siguiendo estos pasos detallados, el sistema de clip de ra\u00edl CGEK puede instalarse de forma eficiente, ofreciendo una soluci\u00f3n fiable y duradera para asegurar los ra\u00edles de las gr\u00faas, al tiempo que garantiza un funcionamiento sin problemas y una larga vida \u00fatil. Sus precisas caracter\u00edsticas de dise\u00f1o y su facilidad de instalaci\u00f3n lo convierten en una excelente opci\u00f3n para aplicaciones industriales exigentes.<\/p>","protected":false},"excerpt":{"rendered":"<h6><span style=\"font-family: arial, helvetica, sans-serif; font-size: 14pt;\"><strong>Especificaciones del clip de carril CGEK<\/strong><\/span><\/h6>\n<ul>\n<li><strong>Modelos:<\/strong> CGEK38, CGEK43, CGEK50, CGEK60, CGEK70, CGEK80, CGEK100, CGEK120<\/li>\n<li><strong>M\u00e9todo de fijaci\u00f3n:<\/strong> Placa base soldada<\/li>\n<\/ul>","protected":false},"featured_media":7102,"template":"","meta":{"_kad_post_transparent":"default","_kad_post_title":"","_kad_post_layout":"default","_kad_post_sidebar_id":"","_kad_post_content_style":"default","_kad_post_vertical_padding":"show","_kad_post_feature":"","_kad_post_feature_position":"","_kad_post_header":false,"_kad_post_footer":false},"product_brand":[],"product_cat":[83],"product_tag":[483,482,481,480,376,489,486,490,488,484,492,487,485,493,478,491,477,479],"class_list":{"0":"post-5528","1":"product","2":"type-product","3":"status-publish","4":"has-post-thumbnail","6":"product_cat-crane-rail-clip","7":"product_tag-05g525-rail-clip","8":"product_tag-cgbk-rail-clip","9":"product_tag-cgek-rail-clip","10":"product_tag-cgwk-rail-clip","11":"product_tag-china-crane-parts-supplier","12":"product_tag-crane-rail-clamp","13":"product_tag-crane-rail-clip","14":"product_tag-crane-rail-clip-supplier","15":"product_tag-crane-rail-fixing-device","16":"product_tag-hdgy-rail-clip","17":"product_tag-rail-connection-splint","18":"product_tag-rail-fixing-device","19":"product_tag-rail-joint","20":"product_tag-special-crane-spreader","21":"product_tag-swjk-rail-clip","22":"product_tag-tracks-jointing-plates","23":"product_tag-wjk-rail-clip","24":"product_tag-wjkc-rail-clip","26":"first","27":"instock","28":"shipping-taxable","29":"product-type-simple","30":"entry","31":"content-bg","32":"loop-entry"},"yoast_head":"<!-- This site is optimized with the Yoast SEO plugin v24.5 - https:\/\/yoast.com\/wordpress\/plugins\/seo\/ -->\n<title>CGEK Rail Clip - Rail Clamp- Rail fixing device-Crane Parts Manufacturer<\/title>\n<meta name=\"description\" content=\"Rail Clips,CGEK Rail Clip,Crane Rail Clips,Rail fixing device,Crane Rail fixing device,crane Rail Clamp,WJK Rail Clips,Overhead Crane Rail Clip\" \/>\n<meta name=\"robots\" content=\"index, follow, max-snippet:-1, max-image-preview:large, max-video-preview:-1\" \/>\n<link rel=\"canonical\" href=\"https:\/\/www.hnhlcranes.com\/es\/producto\/clip-de-carril-cgek\/\" \/>\n<meta property=\"og:locale\" content=\"es_ES\" \/>\n<meta property=\"og:type\" content=\"article\" \/>\n<meta property=\"og:title\" content=\"CGEK Rail Clip - Rail Clamp- Rail fixing device-Crane Parts Manufacturer\" \/>\n<meta property=\"og:description\" content=\"Rail Clips,CGEK Rail Clip,Crane Rail Clips,Rail fixing device,Crane Rail fixing device,crane Rail Clamp,WJK Rail Clips,Overhead Crane Rail Clip\" \/>\n<meta property=\"og:url\" content=\"https:\/\/www.hnhlcranes.com\/es\/producto\/clip-de-carril-cgek\/\" \/>\n<meta property=\"og:site_name\" content=\"Crane Parts Manufacturer\" \/>\n<meta property=\"article:modified_time\" content=\"2025-01-10T09:43:16+00:00\" \/>\n<meta property=\"og:image\" content=\"https:\/\/www.hnhlcranes.com\/wp-content\/uploads\/2024\/11\/CGEK-Rail-Clip.jpg\" \/>\n\t<meta property=\"og:image:width\" content=\"600\" \/>\n\t<meta property=\"og:image:height\" content=\"600\" \/>\n\t<meta property=\"og:image:type\" content=\"image\/jpeg\" \/>\n<meta name=\"twitter:card\" content=\"summary_large_image\" \/>\n<meta name=\"twitter:label1\" content=\"Tiempo de lectura\" \/>\n\t<meta name=\"twitter:data1\" content=\"3 minutos\" \/>\n<script type=\"application\/ld+json\" class=\"yoast-schema-graph\">{\"@context\":\"https:\/\/schema.org\",\"@graph\":[{\"@type\":\"WebPage\",\"@id\":\"https:\/\/www.hnhlcranes.com\/product\/cgek-rail-clip\/\",\"url\":\"https:\/\/www.hnhlcranes.com\/product\/cgek-rail-clip\/\",\"name\":\"CGEK Rail Clip - Rail Clamp- Rail fixing device-Crane Parts Manufacturer\",\"isPartOf\":{\"@id\":\"https:\/\/www.hnhlcranes.com\/#website\"},\"primaryImageOfPage\":{\"@id\":\"https:\/\/www.hnhlcranes.com\/product\/cgek-rail-clip\/#primaryimage\"},\"image\":{\"@id\":\"https:\/\/www.hnhlcranes.com\/product\/cgek-rail-clip\/#primaryimage\"},\"thumbnailUrl\":\"https:\/\/www.hnhlcranes.com\/wp-content\/uploads\/2024\/11\/CGEK-Rail-Clip.jpg\",\"datePublished\":\"2024-11-29T14:04:09+00:00\",\"dateModified\":\"2025-01-10T09:43:16+00:00\",\"description\":\"Rail Clips,CGEK Rail Clip,Crane Rail Clips,Rail fixing device,Crane Rail fixing device,crane Rail Clamp,WJK Rail Clips,Overhead Crane Rail Clip\",\"breadcrumb\":{\"@id\":\"https:\/\/www.hnhlcranes.com\/product\/cgek-rail-clip\/#breadcrumb\"},\"inLanguage\":\"es\",\"potentialAction\":[{\"@type\":\"ReadAction\",\"target\":[\"https:\/\/www.hnhlcranes.com\/product\/cgek-rail-clip\/\"]}]},{\"@type\":\"ImageObject\",\"inLanguage\":\"es\",\"@id\":\"https:\/\/www.hnhlcranes.com\/product\/cgek-rail-clip\/#primaryimage\",\"url\":\"https:\/\/www.hnhlcranes.com\/wp-content\/uploads\/2024\/11\/CGEK-Rail-Clip.jpg\",\"contentUrl\":\"https:\/\/www.hnhlcranes.com\/wp-content\/uploads\/2024\/11\/CGEK-Rail-Clip.jpg\",\"width\":600,\"height\":600},{\"@type\":\"BreadcrumbList\",\"@id\":\"https:\/\/www.hnhlcranes.com\/product\/cgek-rail-clip\/#breadcrumb\",\"itemListElement\":[{\"@type\":\"ListItem\",\"position\":1,\"name\":\"home\",\"item\":\"https:\/\/www.hnhlcranes.com\/\"},{\"@type\":\"ListItem\",\"position\":2,\"name\":\"products\",\"item\":\"https:\/\/www.hnhlcranes.com\/products\/\"},{\"@type\":\"ListItem\",\"position\":3,\"name\":\"CGEK Rail Clip\"}]},{\"@type\":\"WebSite\",\"@id\":\"https:\/\/www.hnhlcranes.com\/#website\",\"url\":\"https:\/\/www.hnhlcranes.com\/\",\"name\":\"Crane Parts Manufacturer\",\"description\":\"Crane Wheels,Crane Drums,Crane Hooks,Crane Coupling,Crane End Carriage,Electric Hoist,European Crane Parts,Crane Rail Clip,Crane Spreader,Crane Motor,Crane Reducer,Crane Brake,Light Crane Parts,Workstation Crane Parts,Crane Electrical Parts,China Crane Parts Supplier,China Crane Parts Manufacturer,Angle box type crane wheel,45 degree split crane wheel,European crane wheel,Crane Wheel Blocks,Overhead crane drum,European crane drum,Overhead crane hook,European crane hook,Crane pulley block,Gear coupling,Brake wheel coupling,Drum gear coupling,Brake wheel drum gear coupling,Cardan Shaft Coupling,WZL drum coupling,Plum blossom elastic coupling,Brake wheel plum elastic coupling,European Single girder crane end carriage,European Double girder crane end carriage,European Suspension  crane end carriage,Wire Rope Electric Hoist,Electric Chain Hoist,European Single Girder Wire Rope Electric Hoist,European Double Girder Wire Rope Electric Hoist,Crane grab,Container spreader,Billet crane clamps,C-type hook,Lifting Electromagnet,YZR crane motor,YZP crane motor,ZQ Reducer,ZSC Reducer,QJ Reducer,QJ-L Reducer,QJY Reducer,H series gearbox,F Series Gear Motor,K Series Gear Motor,R Series Gear Motor,travelling machinery gear motor,Electro hydraulic drum brake,Electro hydraulic disc brake,Crane Safety brake,Crane cable trolley,Crane remote controller,Crane pendant controller,Crane electrical control cabinet,Crane limit switch,Crane sound and light alarm,Heavy Duty Aviation Connector,Crane overload limiter\",\"publisher\":{\"@id\":\"https:\/\/www.hnhlcranes.com\/#organization\"},\"potentialAction\":[{\"@type\":\"SearchAction\",\"target\":{\"@type\":\"EntryPoint\",\"urlTemplate\":\"https:\/\/www.hnhlcranes.com\/?s={search_term_string}\"},\"query-input\":{\"@type\":\"PropertyValueSpecification\",\"valueRequired\":true,\"valueName\":\"search_term_string\"}}],\"inLanguage\":\"es\"},{\"@type\":\"Organization\",\"@id\":\"https:\/\/www.hnhlcranes.com\/#organization\",\"name\":\"Crane Parts Manufacturer\",\"url\":\"https:\/\/www.hnhlcranes.com\/\",\"logo\":{\"@type\":\"ImageObject\",\"inLanguage\":\"es\",\"@id\":\"https:\/\/www.hnhlcranes.com\/#\/schema\/logo\/image\/\",\"url\":\"https:\/\/www.hnhlcranes.com\/wp-content\/uploads\/2025\/01\/HL-logo-1.png\",\"contentUrl\":\"https:\/\/www.hnhlcranes.com\/wp-content\/uploads\/2025\/01\/HL-logo-1.png\",\"width\":600,\"height\":169,\"caption\":\"Crane Parts Manufacturer\"},\"image\":{\"@id\":\"https:\/\/www.hnhlcranes.com\/#\/schema\/logo\/image\/\"}}]}<\/script>\n<!-- \/ Yoast SEO plugin. -->","yoast_head_json":{"title":"CGEK Rail Clip - Rail Clamp- Rail fixing device-Crane Parts Manufacturer","description":"Rail Clips,CGEK Rail Clip,Crane Rail Clips,Rail fixing device,Crane Rail fixing device,crane Rail Clamp,WJK Rail Clips,Overhead Crane Rail Clip","robots":{"index":"index","follow":"follow","max-snippet":"max-snippet:-1","max-image-preview":"max-image-preview:large","max-video-preview":"max-video-preview:-1"},"canonical":"https:\/\/www.hnhlcranes.com\/es\/producto\/clip-de-carril-cgek\/","og_locale":"es_ES","og_type":"article","og_title":"CGEK Rail Clip - Rail Clamp- Rail fixing device-Crane Parts Manufacturer","og_description":"Rail Clips,CGEK Rail Clip,Crane Rail Clips,Rail fixing device,Crane Rail fixing device,crane Rail Clamp,WJK Rail Clips,Overhead Crane Rail Clip","og_url":"https:\/\/www.hnhlcranes.com\/es\/producto\/clip-de-carril-cgek\/","og_site_name":"Crane Parts Manufacturer","article_modified_time":"2025-01-10T09:43:16+00:00","og_image":[{"width":600,"height":600,"url":"https:\/\/www.hnhlcranes.com\/wp-content\/uploads\/2024\/11\/CGEK-Rail-Clip.jpg","type":"image\/jpeg"}],"twitter_card":"summary_large_image","twitter_misc":{"Tiempo de lectura":"3 minutos"},"schema":{"@context":"https:\/\/schema.org","@graph":[{"@type":"WebPage","@id":"https:\/\/www.hnhlcranes.com\/product\/cgek-rail-clip\/","url":"https:\/\/www.hnhlcranes.com\/product\/cgek-rail-clip\/","name":"CGEK Rail Clip - Rail Clamp- Rail fixing device-Crane Parts Manufacturer","isPartOf":{"@id":"https:\/\/www.hnhlcranes.com\/#website"},"primaryImageOfPage":{"@id":"https:\/\/www.hnhlcranes.com\/product\/cgek-rail-clip\/#primaryimage"},"image":{"@id":"https:\/\/www.hnhlcranes.com\/product\/cgek-rail-clip\/#primaryimage"},"thumbnailUrl":"https:\/\/www.hnhlcranes.com\/wp-content\/uploads\/2024\/11\/CGEK-Rail-Clip.jpg","datePublished":"2024-11-29T14:04:09+00:00","dateModified":"2025-01-10T09:43:16+00:00","description":"Rail Clips,CGEK Rail Clip,Crane Rail Clips,Rail fixing device,Crane Rail fixing device,crane Rail Clamp,WJK Rail Clips,Overhead Crane Rail Clip","breadcrumb":{"@id":"https:\/\/www.hnhlcranes.com\/product\/cgek-rail-clip\/#breadcrumb"},"inLanguage":"es","potentialAction":[{"@type":"ReadAction","target":["https:\/\/www.hnhlcranes.com\/product\/cgek-rail-clip\/"]}]},{"@type":"ImageObject","inLanguage":"es","@id":"https:\/\/www.hnhlcranes.com\/product\/cgek-rail-clip\/#primaryimage","url":"https:\/\/www.hnhlcranes.com\/wp-content\/uploads\/2024\/11\/CGEK-Rail-Clip.jpg","contentUrl":"https:\/\/www.hnhlcranes.com\/wp-content\/uploads\/2024\/11\/CGEK-Rail-Clip.jpg","width":600,"height":600},{"@type":"BreadcrumbList","@id":"https:\/\/www.hnhlcranes.com\/product\/cgek-rail-clip\/#breadcrumb","itemListElement":[{"@type":"ListItem","position":1,"name":"home","item":"https:\/\/www.hnhlcranes.com\/"},{"@type":"ListItem","position":2,"name":"products","item":"https:\/\/www.hnhlcranes.com\/products\/"},{"@type":"ListItem","position":3,"name":"CGEK Rail Clip"}]},{"@type":"WebSite","@id":"https:\/\/www.hnhlcranes.com\/#website","url":"https:\/\/www.hnhlcranes.com\/","name":"Crane Parts Manufacturer","description":"Crane Wheels,Crane Drums,Crane Hooks,Crane Coupling,Crane End Carriage,Electric Hoist,European Crane Parts,Crane Rail Clip,Crane Spreader,Crane Motor,Crane Reducer,Crane Brake,Light Crane Parts,Workstation Crane Parts,Crane Electrical Parts,China Crane Parts Supplier,China Crane Parts Manufacturer,Angle box type crane wheel,45 degree split crane wheel,European crane wheel,Crane Wheel Blocks,Overhead crane drum,European crane drum,Overhead crane hook,European crane hook,Crane pulley block,Gear coupling,Brake wheel coupling,Drum gear coupling,Brake wheel drum gear coupling,Cardan Shaft Coupling,WZL drum coupling,Plum blossom elastic coupling,Brake wheel plum elastic coupling,European Single girder crane end carriage,European Double girder crane end carriage,European Suspension  crane end carriage,Wire Rope Electric Hoist,Electric Chain Hoist,European Single Girder Wire Rope Electric Hoist,European Double Girder Wire Rope Electric Hoist,Crane grab,Container spreader,Billet crane clamps,C-type hook,Lifting Electromagnet,YZR crane motor,YZP crane motor,ZQ Reducer,ZSC Reducer,QJ Reducer,QJ-L Reducer,QJY Reducer,H series gearbox,F Series Gear Motor,K Series Gear Motor,R Series Gear Motor,travelling machinery gear motor,Electro hydraulic drum brake,Electro hydraulic disc brake,Crane Safety brake,Crane cable trolley,Crane remote controller,Crane pendant controller,Crane electrical control cabinet,Crane limit switch,Crane sound and light alarm,Heavy Duty Aviation Connector,Crane overload limiter","publisher":{"@id":"https:\/\/www.hnhlcranes.com\/#organization"},"potentialAction":[{"@type":"SearchAction","target":{"@type":"EntryPoint","urlTemplate":"https:\/\/www.hnhlcranes.com\/?s={search_term_string}"},"query-input":{"@type":"PropertyValueSpecification","valueRequired":true,"valueName":"search_term_string"}}],"inLanguage":"es"},{"@type":"Organization","@id":"https:\/\/www.hnhlcranes.com\/#organization","name":"Crane Parts Manufacturer","url":"https:\/\/www.hnhlcranes.com\/","logo":{"@type":"ImageObject","inLanguage":"es","@id":"https:\/\/www.hnhlcranes.com\/#\/schema\/logo\/image\/","url":"https:\/\/www.hnhlcranes.com\/wp-content\/uploads\/2025\/01\/HL-logo-1.png","contentUrl":"https:\/\/www.hnhlcranes.com\/wp-content\/uploads\/2025\/01\/HL-logo-1.png","width":600,"height":169,"caption":"Crane Parts Manufacturer"},"image":{"@id":"https:\/\/www.hnhlcranes.com\/#\/schema\/logo\/image\/"}}]}},"_links":{"self":[{"href":"https:\/\/www.hnhlcranes.com\/es\/wp-json\/wp\/v2\/product\/5528","targetHints":{"allow":["GET"]}}],"collection":[{"href":"https:\/\/www.hnhlcranes.com\/es\/wp-json\/wp\/v2\/product"}],"about":[{"href":"https:\/\/www.hnhlcranes.com\/es\/wp-json\/wp\/v2\/types\/product"}],"version-history":[{"count":4,"href":"https:\/\/www.hnhlcranes.com\/es\/wp-json\/wp\/v2\/product\/5528\/revisions"}],"predecessor-version":[{"id":7195,"href":"https:\/\/www.hnhlcranes.com\/es\/wp-json\/wp\/v2\/product\/5528\/revisions\/7195"}],"wp:featuredmedia":[{"embeddable":true,"href":"https:\/\/www.hnhlcranes.com\/es\/wp-json\/wp\/v2\/media\/7102"}],"wp:attachment":[{"href":"https:\/\/www.hnhlcranes.com\/es\/wp-json\/wp\/v2\/media?parent=5528"}],"wp:term":[{"taxonomy":"product_brand","embeddable":true,"href":"https:\/\/www.hnhlcranes.com\/es\/wp-json\/wp\/v2\/product_brand?post=5528"},{"taxonomy":"product_cat","embeddable":true,"href":"https:\/\/www.hnhlcranes.com\/es\/wp-json\/wp\/v2\/product_cat?post=5528"},{"taxonomy":"product_tag","embeddable":true,"href":"https:\/\/www.hnhlcranes.com\/es\/wp-json\/wp\/v2\/product_tag?post=5528"}],"curies":[{"name":"wp","href":"https:\/\/api.w.org\/{rel}","templated":true}]}}