{"id":5707,"date":"2024-12-04T10:26:51","date_gmt":"2024-12-04T02:26:51","guid":{"rendered":"https:\/\/www.hnhlcranes.com\/?post_type=product&#038;p=5707"},"modified":"2025-01-13T23:47:09","modified_gmt":"2025-01-13T15:47:09","slug":"parte-grua-de-estacion-de-trabajo","status":"publish","type":"product","link":"https:\/\/www.hnhlcranes.com\/es\/producto\/parte-grua-de-estacion-de-trabajo\/","title":{"rendered":"Estaci\u00f3n de trabajo Pieza de gr\u00faa"},"content":{"rendered":"<div class=\"flex max-w-full flex-col flex-grow\">\n<div class=\"min-h-8 text-message flex w-full flex-col items-end gap-2 whitespace-normal break-words [.text-message+&amp;]:mt-5\" dir=\"auto\" data-message-author-role=\"assistant\" data-message-id=\"d22886da-3fb2-45fa-876a-33dd54db9fd5\" data-message-model-slug=\"gpt-4o\">\n<div class=\"flex w-full flex-col gap-1 empty:hidden first:pt-[3px]\">\n<div class=\"markdown prose w-full break-words dark:prose-invert light\">\n<h3>Visi\u00f3n general de la gr\u00faa para estaciones de trabajo<\/h3>\n<p>La gr\u00faa para estaciones de trabajo es un dispositivo de elevaci\u00f3n de gran eficacia dise\u00f1ado espec\u00edficamente para estaciones de trabajo y l\u00edneas de producci\u00f3n. Sirve principalmente para aplicaciones con capacidades de elevaci\u00f3n de hasta 2000 kg y ofrece una gama de caracter\u00edsticas y funcionalidades excepcionales.<\/p>\n<h3>Caracter\u00edsticas de dise\u00f1o<\/h3>\n<p>Para mejorar el rendimiento, las gr\u00faas para estaciones de trabajo incorporan una estructura de bastidor de tubo cuadrado. Esta estructura incluye cuatro columnas verticales y un travesa\u00f1o superior, que forman un marco de p\u00f3rtico estable. Adem\u00e1s, el travesa\u00f1o superior presenta un dise\u00f1o de doble viga para mejorar la capacidad de carga e integra posiciones preinstaladas para conjuntos de poleas y carriles gu\u00eda. En la parte inferior, las placas base reforzadas refuerzan las columnas, garantizando la estabilidad estructural general. Gracias a su estructura de bastidor modular, los usuarios pueden instalar y ajustar la gr\u00faa con facilidad, lo que la hace ideal para tareas ligeras de elevaci\u00f3n y manipulaci\u00f3n de materiales en puestos de trabajo, almacenes y entornos similares.<\/p>\n<h3>Escenarios de aplicaci\u00f3n<\/h3>\n<p>Las gr\u00faas para estaciones de trabajo destacan en diversos sectores industriales. Por ejemplo, los fabricantes de la industria general, el sector de la automoci\u00f3n y la generaci\u00f3n de energ\u00eda conf\u00edan en esta gr\u00faa para satisfacer sus necesidades de elevaci\u00f3n. Su capacidad para ofrecer soluciones de elevaci\u00f3n eficientes y econ\u00f3micas la hace especialmente eficaz para cubrir l\u00edneas completas de producci\u00f3n y montaje.<\/p>\n<h3>Especificaciones t\u00e9cnicas y par\u00e1metros de rendimiento<\/h3>\n<p>Para adaptarse a diversos requisitos, la gr\u00faa ofrece capacidades de elevaci\u00f3n, luces y alturas de elevaci\u00f3n personalizables. Adem\u00e1s, su configuraci\u00f3n de ra\u00edles incluye opciones de ra\u00edl \u00fanico, ra\u00edl doble o estructuras suspendidas, lo que ofrece la ventaja a\u00f1adida de grandes luces para satisfacer necesidades operativas espec\u00edficas.<\/p>\n<h3>Instalaci\u00f3n y mantenimiento<\/h3>\n<p>Para mayor comodidad, las gr\u00faas para estaciones de trabajo utilizan dimensiones de secci\u00f3n y uniones atornilladas normalizadas. Como resultado, la instalaci\u00f3n puede completarse r\u00e1pidamente, a menudo en un solo d\u00eda, minimizando as\u00ed el tiempo de inactividad y evitando interrupciones en la producci\u00f3n. Para mantener un rendimiento \u00f3ptimo, los operarios deben inspeccionar peri\u00f3dicamente las orugas, los mecanismos de elevaci\u00f3n y los componentes de funcionamiento, garantizando un funcionamiento seguro y fiable a lo largo del tiempo.<\/p>\n<h3>Seguridad y fiabilidad<\/h3>\n<p>Para garantizar la seguridad operativa, la gr\u00faa incorpora m\u00faltiples dispositivos de seguridad avanzados, como limitadores y frenos. Adem\u00e1s, los fabricantes utilizan materiales ligeros de alta resistencia y procesos de fabricaci\u00f3n avanzados para mejorar la estabilidad y durabilidad de la gr\u00faa. Estas caracter\u00edsticas convierten a las gr\u00faas para estaciones de trabajo en una soluci\u00f3n de elevaci\u00f3n segura y fiable.<\/p>\n<h3>Conclusi\u00f3n<\/h3>\n<p>En resumen, las gr\u00faas para estaciones de trabajo destacan como una soluci\u00f3n de elevaci\u00f3n eficaz, flexible y segura. Su combinaci\u00f3n de alto rendimiento, facilidad de instalaci\u00f3n y s\u00f3lidas caracter\u00edsticas de seguridad la convierten en la opci\u00f3n ideal para diversas aplicaciones industriales.<\/p>\n<\/div>\n<\/div>\n<\/div>\n<\/div>\n<div class=\"mb-2 flex gap-3 empty:hidden -ml-2\">\n<div class=\"items-center justify-start rounded-xl p-1 flex\"><\/div>\n<\/div>\n<h6><strong><span style=\"font-family: arial, helvetica, sans-serif; font-size: 18pt;\">Estaci\u00f3n de trabajo Pieza de gr\u00faa<\/span><\/strong><\/h6>\n<div class=\"flex max-w-full flex-col flex-grow\">\n<div class=\"min-h-8 text-message flex w-full flex-col items-end gap-2 whitespace-normal break-words [.text-message+&amp;]:mt-5\" dir=\"auto\" data-message-author-role=\"assistant\" data-message-id=\"c8d7d5a5-db5c-4384-9025-33dbfdf6a310\" data-message-model-slug=\"gpt-4o\">\n<div class=\"flex w-full flex-col gap-1 empty:hidden first:pt-[3px]\">\n<div class=\"markdown prose w-full break-words dark:prose-invert light\">\n<p><img fetchpriority=\"high\" decoding=\"async\" class=\"wp-image-5712 alignleft\" src=\"https:\/\/www.hnhlcranes.com\/wp-content\/uploads\/2024\/12\/Workstation-Crane-manual-trolley-300x300.jpg\" alt=\"\" width=\"250\" height=\"250\" \/> <img decoding=\"async\" class=\"wp-image-5713 alignleft\" src=\"https:\/\/www.hnhlcranes.com\/wp-content\/uploads\/2024\/12\/Workstation-Crane-electric-trolley-300x300.jpg\" alt=\"\" width=\"250\" height=\"250\" \/> <img decoding=\"async\" class=\"wp-image-5714 alignleft\" src=\"https:\/\/www.hnhlcranes.com\/wp-content\/uploads\/2024\/12\/Workstation-Crane-end-beam-300x300.jpg\" alt=\"\" width=\"249\" height=\"249\" \/><\/p>\n<p>&nbsp;<\/p>\n<\/div>\n<\/div>\n<\/div>\n<\/div>\n<p>&nbsp;<\/p>\n<p>&nbsp;<\/p>\n<p>&nbsp;<\/p>\n<p>&nbsp;<\/p>\n<p>&nbsp;<\/p>\n<p><span style=\"font-size: 12pt;\">\u00a0 Estaci\u00f3n de trabajo Gr\u00faa carro manual<\/span>\u00a0 \u00a0 \u00a0 \u00a0 \u00a0 \u00a0<span style=\"font-size: 12pt;\">\u00a0 \u00a0Gr\u00faa para estaciones de trabajo Carro el\u00e9ctrico Gr\u00faa para estaciones de trabajo Viga extrema<\/span><\/p>\n<p>&nbsp;<\/p>\n<p><img loading=\"lazy\" decoding=\"async\" class=\"wp-image-5716 alignleft\" src=\"https:\/\/www.hnhlcranes.com\/wp-content\/uploads\/2024\/12\/Workstation-Crane-cable-slider-300x300.jpg\" alt=\"\" width=\"250\" height=\"250\" \/> <img loading=\"lazy\" decoding=\"async\" class=\"wp-image-5715 alignleft\" src=\"https:\/\/www.hnhlcranes.com\/wp-content\/uploads\/2024\/12\/Workstation-Crane-cable-trolley-300x300.jpg\" alt=\"\" width=\"251\" height=\"251\" \/><\/p>\n<p>&nbsp;<\/p>\n<p>&nbsp;<\/p>\n<p>&nbsp;<\/p>\n<p>&nbsp;<\/p>\n<p>&nbsp;<\/p>\n<p>&nbsp;<\/p>\n<p><span style=\"font-size: 12pt;\">\u00a0 \u00a0 Estaci\u00f3n de trabajo Gr\u00faa corredera de cable Estaci\u00f3n de trabajo Gr\u00faa carro de cable<\/span><\/p>\n<p>&nbsp;<\/p>","protected":false},"excerpt":{"rendered":"<p>Gr\u00faa para Estaciones de Trabajo,Gr\u00faa para Estaciones de Trabajo,Gr\u00faa para Estaciones de Trabajo,Gr\u00faa para Estaciones de Trabajo,Gr\u00faa para Estaciones de Trabajo,Gr\u00faa para Estaciones de Trabajo,Gr\u00faa para Estaciones de Trabajo,Gr\u00faa para Estaciones de Trabajo<\/p>","protected":false},"featured_media":7434,"template":"","meta":{"_kad_post_transparent":"default","_kad_post_title":"","_kad_post_layout":"default","_kad_post_sidebar_id":"","_kad_post_content_style":"default","_kad_post_vertical_padding":"show","_kad_post_feature":"","_kad_post_feature_position":"","_kad_post_header":false,"_kad_post_footer":false},"product_brand":[],"product_cat":[64],"product_tag":[376,608,610,606,607,604,605,603,611,609],"class_list":{"0":"post-5707","1":"product","2":"type-product","3":"status-publish","4":"has-post-thumbnail","6":"product_cat-workstation-crane-parts","7":"product_tag-china-crane-parts-supplier","8":"product_tag-freestanding-bridge-crane","9":"product_tag-monorails-crane","10":"product_tag-workstation-crane-cable-slider","11":"product_tag-workstation-crane-cable-trolley","12":"product_tag-workstation-crane-electric-trolley","13":"product_tag-workstation-crane-end-beam","14":"product_tag-workstation-crane-manual-trolley","15":"product_tag-workstation-crane-part","16":"product_tag-workstation-cranes","18":"first","19":"instock","20":"shipping-taxable","21":"product-type-simple","22":"entry","23":"content-bg","24":"loop-entry"},"yoast_head":"<!-- This site is optimized with the Yoast SEO plugin v24.5 - https:\/\/yoast.com\/wordpress\/plugins\/seo\/ -->\n<title>Workstation Crane Part -Workstation Crane- Crane Parts Manufacturer<\/title>\n<meta name=\"description\" content=\"Workstation Crane manual trolley,Workstation Crane electric trolley,Workstation Crane end beam,Workstation Crane cable trolley,Workstation Crane Parts\" \/>\n<meta name=\"robots\" content=\"index, follow, max-snippet:-1, max-image-preview:large, max-video-preview:-1\" \/>\n<link rel=\"canonical\" href=\"https:\/\/www.hnhlcranes.com\/es\/producto\/parte-grua-de-estacion-de-trabajo\/\" \/>\n<meta property=\"og:locale\" content=\"es_ES\" \/>\n<meta property=\"og:type\" content=\"article\" \/>\n<meta property=\"og:title\" content=\"Workstation Crane Part -Workstation Crane- Crane Parts Manufacturer\" \/>\n<meta property=\"og:description\" content=\"Workstation Crane manual trolley,Workstation Crane electric trolley,Workstation Crane end beam,Workstation Crane cable trolley,Workstation Crane Parts\" \/>\n<meta property=\"og:url\" content=\"https:\/\/www.hnhlcranes.com\/es\/producto\/parte-grua-de-estacion-de-trabajo\/\" \/>\n<meta property=\"og:site_name\" content=\"Crane Parts Manufacturer\" \/>\n<meta property=\"article:modified_time\" content=\"2025-01-13T15:47:09+00:00\" \/>\n<meta property=\"og:image\" content=\"https:\/\/www.hnhlcranes.com\/wp-content\/uploads\/2024\/12\/Workstation-Crane-Parts.jpg\" \/>\n\t<meta property=\"og:image:width\" content=\"600\" \/>\n\t<meta property=\"og:image:height\" content=\"600\" \/>\n\t<meta property=\"og:image:type\" content=\"image\/jpeg\" \/>\n<meta name=\"twitter:card\" content=\"summary_large_image\" \/>\n<meta name=\"twitter:label1\" content=\"Tiempo de lectura\" \/>\n\t<meta name=\"twitter:data1\" content=\"3 minutos\" \/>\n<script type=\"application\/ld+json\" class=\"yoast-schema-graph\">{\"@context\":\"https:\/\/schema.org\",\"@graph\":[{\"@type\":\"WebPage\",\"@id\":\"https:\/\/www.hnhlcranes.com\/product\/workstation-crane-part\/\",\"url\":\"https:\/\/www.hnhlcranes.com\/product\/workstation-crane-part\/\",\"name\":\"Workstation Crane Part -Workstation Crane- Crane Parts Manufacturer\",\"isPartOf\":{\"@id\":\"https:\/\/www.hnhlcranes.com\/#website\"},\"primaryImageOfPage\":{\"@id\":\"https:\/\/www.hnhlcranes.com\/product\/workstation-crane-part\/#primaryimage\"},\"image\":{\"@id\":\"https:\/\/www.hnhlcranes.com\/product\/workstation-crane-part\/#primaryimage\"},\"thumbnailUrl\":\"https:\/\/www.hnhlcranes.com\/wp-content\/uploads\/2024\/12\/Workstation-Crane-Parts.jpg\",\"datePublished\":\"2024-12-04T02:26:51+00:00\",\"dateModified\":\"2025-01-13T15:47:09+00:00\",\"description\":\"Workstation Crane manual trolley,Workstation Crane electric trolley,Workstation Crane end beam,Workstation Crane cable trolley,Workstation Crane Parts\",\"breadcrumb\":{\"@id\":\"https:\/\/www.hnhlcranes.com\/product\/workstation-crane-part\/#breadcrumb\"},\"inLanguage\":\"es\",\"potentialAction\":[{\"@type\":\"ReadAction\",\"target\":[\"https:\/\/www.hnhlcranes.com\/product\/workstation-crane-part\/\"]}]},{\"@type\":\"ImageObject\",\"inLanguage\":\"es\",\"@id\":\"https:\/\/www.hnhlcranes.com\/product\/workstation-crane-part\/#primaryimage\",\"url\":\"https:\/\/www.hnhlcranes.com\/wp-content\/uploads\/2024\/12\/Workstation-Crane-Parts.jpg\",\"contentUrl\":\"https:\/\/www.hnhlcranes.com\/wp-content\/uploads\/2024\/12\/Workstation-Crane-Parts.jpg\",\"width\":600,\"height\":600},{\"@type\":\"BreadcrumbList\",\"@id\":\"https:\/\/www.hnhlcranes.com\/product\/workstation-crane-part\/#breadcrumb\",\"itemListElement\":[{\"@type\":\"ListItem\",\"position\":1,\"name\":\"home\",\"item\":\"https:\/\/www.hnhlcranes.com\/\"},{\"@type\":\"ListItem\",\"position\":2,\"name\":\"products\",\"item\":\"https:\/\/www.hnhlcranes.com\/products\/\"},{\"@type\":\"ListItem\",\"position\":3,\"name\":\"Workstation Crane Part\"}]},{\"@type\":\"WebSite\",\"@id\":\"https:\/\/www.hnhlcranes.com\/#website\",\"url\":\"https:\/\/www.hnhlcranes.com\/\",\"name\":\"Crane Parts Manufacturer\",\"description\":\"Crane Wheels,Crane Drums,Crane Hooks,Crane Coupling,Crane End Carriage,Electric Hoist,European Crane Parts,Crane Rail Clip,Crane Spreader,Crane Motor,Crane Reducer,Crane Brake,Light Crane Parts,Workstation Crane Parts,Crane Electrical Parts,China Crane Parts Supplier,China Crane Parts Manufacturer,Angle box type crane wheel,45 degree split crane wheel,European crane wheel,Crane Wheel Blocks,Overhead crane drum,European crane drum,Overhead crane hook,European crane hook,Crane pulley block,Gear coupling,Brake wheel coupling,Drum gear coupling,Brake wheel drum gear coupling,Cardan Shaft Coupling,WZL drum coupling,Plum blossom elastic coupling,Brake wheel plum elastic coupling,European Single girder crane end carriage,European Double girder crane end carriage,European Suspension  crane end carriage,Wire Rope Electric Hoist,Electric Chain Hoist,European Single Girder Wire Rope Electric Hoist,European Double Girder Wire Rope Electric Hoist,Crane grab,Container spreader,Billet crane clamps,C-type hook,Lifting Electromagnet,YZR crane motor,YZP crane motor,ZQ Reducer,ZSC Reducer,QJ Reducer,QJ-L Reducer,QJY Reducer,H series gearbox,F Series Gear Motor,K Series Gear Motor,R Series Gear Motor,travelling machinery gear motor,Electro hydraulic drum brake,Electro hydraulic disc brake,Crane Safety brake,Crane cable trolley,Crane remote controller,Crane pendant controller,Crane electrical control cabinet,Crane limit switch,Crane sound and light alarm,Heavy Duty Aviation Connector,Crane overload limiter\",\"publisher\":{\"@id\":\"https:\/\/www.hnhlcranes.com\/#organization\"},\"potentialAction\":[{\"@type\":\"SearchAction\",\"target\":{\"@type\":\"EntryPoint\",\"urlTemplate\":\"https:\/\/www.hnhlcranes.com\/?s={search_term_string}\"},\"query-input\":{\"@type\":\"PropertyValueSpecification\",\"valueRequired\":true,\"valueName\":\"search_term_string\"}}],\"inLanguage\":\"es\"},{\"@type\":\"Organization\",\"@id\":\"https:\/\/www.hnhlcranes.com\/#organization\",\"name\":\"Crane Parts Manufacturer\",\"url\":\"https:\/\/www.hnhlcranes.com\/\",\"logo\":{\"@type\":\"ImageObject\",\"inLanguage\":\"es\",\"@id\":\"https:\/\/www.hnhlcranes.com\/#\/schema\/logo\/image\/\",\"url\":\"https:\/\/www.hnhlcranes.com\/wp-content\/uploads\/2025\/01\/HL-logo-1.png\",\"contentUrl\":\"https:\/\/www.hnhlcranes.com\/wp-content\/uploads\/2025\/01\/HL-logo-1.png\",\"width\":600,\"height\":169,\"caption\":\"Crane Parts Manufacturer\"},\"image\":{\"@id\":\"https:\/\/www.hnhlcranes.com\/#\/schema\/logo\/image\/\"}}]}<\/script>\n<!-- \/ Yoast SEO plugin. -->","yoast_head_json":{"title":"Workstation Crane Part -Workstation Crane- Crane Parts Manufacturer","description":"Workstation Crane manual trolley,Workstation Crane electric trolley,Workstation Crane end beam,Workstation Crane cable trolley,Workstation Crane Parts","robots":{"index":"index","follow":"follow","max-snippet":"max-snippet:-1","max-image-preview":"max-image-preview:large","max-video-preview":"max-video-preview:-1"},"canonical":"https:\/\/www.hnhlcranes.com\/es\/producto\/parte-grua-de-estacion-de-trabajo\/","og_locale":"es_ES","og_type":"article","og_title":"Workstation Crane Part -Workstation Crane- Crane Parts Manufacturer","og_description":"Workstation Crane manual trolley,Workstation Crane electric trolley,Workstation Crane end beam,Workstation Crane cable trolley,Workstation Crane Parts","og_url":"https:\/\/www.hnhlcranes.com\/es\/producto\/parte-grua-de-estacion-de-trabajo\/","og_site_name":"Crane Parts Manufacturer","article_modified_time":"2025-01-13T15:47:09+00:00","og_image":[{"width":600,"height":600,"url":"https:\/\/www.hnhlcranes.com\/wp-content\/uploads\/2024\/12\/Workstation-Crane-Parts.jpg","type":"image\/jpeg"}],"twitter_card":"summary_large_image","twitter_misc":{"Tiempo de lectura":"3 minutos"},"schema":{"@context":"https:\/\/schema.org","@graph":[{"@type":"WebPage","@id":"https:\/\/www.hnhlcranes.com\/product\/workstation-crane-part\/","url":"https:\/\/www.hnhlcranes.com\/product\/workstation-crane-part\/","name":"Workstation Crane Part -Workstation Crane- Crane Parts Manufacturer","isPartOf":{"@id":"https:\/\/www.hnhlcranes.com\/#website"},"primaryImageOfPage":{"@id":"https:\/\/www.hnhlcranes.com\/product\/workstation-crane-part\/#primaryimage"},"image":{"@id":"https:\/\/www.hnhlcranes.com\/product\/workstation-crane-part\/#primaryimage"},"thumbnailUrl":"https:\/\/www.hnhlcranes.com\/wp-content\/uploads\/2024\/12\/Workstation-Crane-Parts.jpg","datePublished":"2024-12-04T02:26:51+00:00","dateModified":"2025-01-13T15:47:09+00:00","description":"Workstation Crane manual trolley,Workstation Crane electric trolley,Workstation Crane end beam,Workstation Crane cable trolley,Workstation Crane Parts","breadcrumb":{"@id":"https:\/\/www.hnhlcranes.com\/product\/workstation-crane-part\/#breadcrumb"},"inLanguage":"es","potentialAction":[{"@type":"ReadAction","target":["https:\/\/www.hnhlcranes.com\/product\/workstation-crane-part\/"]}]},{"@type":"ImageObject","inLanguage":"es","@id":"https:\/\/www.hnhlcranes.com\/product\/workstation-crane-part\/#primaryimage","url":"https:\/\/www.hnhlcranes.com\/wp-content\/uploads\/2024\/12\/Workstation-Crane-Parts.jpg","contentUrl":"https:\/\/www.hnhlcranes.com\/wp-content\/uploads\/2024\/12\/Workstation-Crane-Parts.jpg","width":600,"height":600},{"@type":"BreadcrumbList","@id":"https:\/\/www.hnhlcranes.com\/product\/workstation-crane-part\/#breadcrumb","itemListElement":[{"@type":"ListItem","position":1,"name":"home","item":"https:\/\/www.hnhlcranes.com\/"},{"@type":"ListItem","position":2,"name":"products","item":"https:\/\/www.hnhlcranes.com\/products\/"},{"@type":"ListItem","position":3,"name":"Workstation Crane Part"}]},{"@type":"WebSite","@id":"https:\/\/www.hnhlcranes.com\/#website","url":"https:\/\/www.hnhlcranes.com\/","name":"Crane Parts Manufacturer","description":"Crane Wheels,Crane Drums,Crane Hooks,Crane Coupling,Crane End Carriage,Electric Hoist,European Crane Parts,Crane Rail Clip,Crane Spreader,Crane Motor,Crane Reducer,Crane Brake,Light Crane Parts,Workstation Crane Parts,Crane Electrical Parts,China Crane Parts Supplier,China Crane Parts Manufacturer,Angle box type crane wheel,45 degree split crane wheel,European crane wheel,Crane Wheel Blocks,Overhead crane drum,European crane drum,Overhead crane hook,European crane hook,Crane pulley block,Gear coupling,Brake wheel coupling,Drum gear coupling,Brake wheel drum gear coupling,Cardan Shaft Coupling,WZL drum coupling,Plum blossom elastic coupling,Brake wheel plum elastic coupling,European Single girder crane end carriage,European Double girder crane end carriage,European Suspension  crane end carriage,Wire Rope Electric Hoist,Electric Chain Hoist,European Single Girder Wire Rope Electric Hoist,European Double Girder Wire Rope Electric Hoist,Crane grab,Container spreader,Billet crane clamps,C-type hook,Lifting Electromagnet,YZR crane motor,YZP crane motor,ZQ Reducer,ZSC Reducer,QJ Reducer,QJ-L Reducer,QJY Reducer,H series gearbox,F Series Gear Motor,K Series Gear Motor,R Series Gear Motor,travelling machinery gear motor,Electro hydraulic drum brake,Electro hydraulic disc brake,Crane Safety brake,Crane cable trolley,Crane remote controller,Crane pendant controller,Crane electrical control cabinet,Crane limit switch,Crane sound and light alarm,Heavy Duty Aviation Connector,Crane overload limiter","publisher":{"@id":"https:\/\/www.hnhlcranes.com\/#organization"},"potentialAction":[{"@type":"SearchAction","target":{"@type":"EntryPoint","urlTemplate":"https:\/\/www.hnhlcranes.com\/?s={search_term_string}"},"query-input":{"@type":"PropertyValueSpecification","valueRequired":true,"valueName":"search_term_string"}}],"inLanguage":"es"},{"@type":"Organization","@id":"https:\/\/www.hnhlcranes.com\/#organization","name":"Crane Parts Manufacturer","url":"https:\/\/www.hnhlcranes.com\/","logo":{"@type":"ImageObject","inLanguage":"es","@id":"https:\/\/www.hnhlcranes.com\/#\/schema\/logo\/image\/","url":"https:\/\/www.hnhlcranes.com\/wp-content\/uploads\/2025\/01\/HL-logo-1.png","contentUrl":"https:\/\/www.hnhlcranes.com\/wp-content\/uploads\/2025\/01\/HL-logo-1.png","width":600,"height":169,"caption":"Crane Parts Manufacturer"},"image":{"@id":"https:\/\/www.hnhlcranes.com\/#\/schema\/logo\/image\/"}}]}},"_links":{"self":[{"href":"https:\/\/www.hnhlcranes.com\/es\/wp-json\/wp\/v2\/product\/5707","targetHints":{"allow":["GET"]}}],"collection":[{"href":"https:\/\/www.hnhlcranes.com\/es\/wp-json\/wp\/v2\/product"}],"about":[{"href":"https:\/\/www.hnhlcranes.com\/es\/wp-json\/wp\/v2\/types\/product"}],"version-history":[{"count":4,"href":"https:\/\/www.hnhlcranes.com\/es\/wp-json\/wp\/v2\/product\/5707\/revisions"}],"predecessor-version":[{"id":7438,"href":"https:\/\/www.hnhlcranes.com\/es\/wp-json\/wp\/v2\/product\/5707\/revisions\/7438"}],"wp:featuredmedia":[{"embeddable":true,"href":"https:\/\/www.hnhlcranes.com\/es\/wp-json\/wp\/v2\/media\/7434"}],"wp:attachment":[{"href":"https:\/\/www.hnhlcranes.com\/es\/wp-json\/wp\/v2\/media?parent=5707"}],"wp:term":[{"taxonomy":"product_brand","embeddable":true,"href":"https:\/\/www.hnhlcranes.com\/es\/wp-json\/wp\/v2\/product_brand?post=5707"},{"taxonomy":"product_cat","embeddable":true,"href":"https:\/\/www.hnhlcranes.com\/es\/wp-json\/wp\/v2\/product_cat?post=5707"},{"taxonomy":"product_tag","embeddable":true,"href":"https:\/\/www.hnhlcranes.com\/es\/wp-json\/wp\/v2\/product_tag?post=5707"}],"curies":[{"name":"wp","href":"https:\/\/api.w.org\/{rel}","templated":true}]}}