{"id":5799,"date":"2024-12-06T01:12:50","date_gmt":"2024-12-05T17:12:50","guid":{"rendered":"https:\/\/www.hnhlcranes.com\/?post_type=product&#038;p=5799"},"modified":"2025-01-16T15:38:12","modified_gmt":"2025-01-16T07:38:12","slug":"conector-de-aviacion-de-alta-resistencia","status":"publish","type":"product","link":"https:\/\/www.hnhlcranes.com\/es\/producto\/conector-de-aviacion-de-alta-resistencia\/","title":{"rendered":"Conector de aviaci\u00f3n de alta resistencia"},"content":{"rendered":"<div class=\"flex max-w-full flex-col flex-grow\">\n<div class=\"min-h-8 text-message flex w-full flex-col items-end gap-2 whitespace-normal break-words text-start [.text-message+&amp;]:mt-5\" dir=\"auto\" data-message-author-role=\"assistant\" data-message-id=\"fc730c9a-ffef-45d3-a6b5-1c3420fc36b9\" data-message-model-slug=\"gpt-4o\">\n<div class=\"flex w-full flex-col gap-1 empty:hidden first:pt-[3px]\">\n<div class=\"markdown prose w-full break-words dark:prose-invert light\"><\/div>\n<\/div>\n<\/div>\n<\/div>\n<h3>Caracter\u00edsticas y especificaciones del conector de aviaci\u00f3n de alta resistencia<\/h3>\n<h4><strong>Caracter\u00edsticas<\/strong><\/h4>\n<ol>\n<li><strong>Alta resistencia y durabilidad:<\/strong>\n<ul>\n<li>Los conectores de alta resistencia para aviaci\u00f3n est\u00e1n fabricados con materiales de alta resistencia, que ofrecen una excelente resistencia a la abrasi\u00f3n, a la corrosi\u00f3n y a los golpes. Estos conectores est\u00e1n dise\u00f1ados para soportar impactos mec\u00e1nicos y vibraciones, por lo que son ideales para entornos dif\u00edciles y aplicaciones industriales.<\/li>\n<\/ul>\n<\/li>\n<li><strong>Resistente al agua y al polvo:<\/strong>\n<ul>\n<li>Estos conectores tienen un alto grado de protecci\u00f3n, normalmente IP67 o superior, que impide eficazmente la entrada de agua, polvo y otros contaminantes. Como resultado, garantizan un funcionamiento fiable en entornos con mucha humedad o mucho polvo.<\/li>\n<\/ul>\n<\/li>\n<li><strong>Rendimiento el\u00e9ctrico fiable:<\/strong>\n<ul>\n<li>Los conectores de aviaci\u00f3n de alta resistencia ofrecen una gran capacidad de transmisi\u00f3n de corriente, lo que garantiza una transferencia de potencia estable en condiciones de carga elevada. Los componentes de contacto suelen estar fabricados con materiales de alta conductividad (como la aleaci\u00f3n de cobre), lo que garantiza conexiones el\u00e9ctricas fiables y duraderas.<\/li>\n<\/ul>\n<\/li>\n<li><strong>Resistencia a altas y bajas temperaturas:<\/strong>\n<ul>\n<li>Estos conectores est\u00e1n dise\u00f1ados para funcionar a temperaturas extremas, que suelen oscilar entre -55 \u00b0C y +200 \u00b0C. Son id\u00f3neos para sectores como el aeroespacial, el militar y el ferroviario, donde son habituales las condiciones de alta o baja temperatura.<\/li>\n<\/ul>\n<\/li>\n<li><strong>Variedad de conectores:<\/strong>\n<ul>\n<li>Los conectores de aviaci\u00f3n de alta resistencia admiten varios tipos de conectores, como los circulares, rectangulares, de enchufe recto y desmontables, para satisfacer los distintos requisitos y escenarios de aplicaci\u00f3n.<\/li>\n<\/ul>\n<\/li>\n<li><strong>Instalaci\u00f3n y desconexi\u00f3n r\u00e1pidas:<\/strong>\n<ul>\n<li>Estos conectores est\u00e1n dise\u00f1ados para ofrecer comodidad, con mecanismos r\u00e1pidos de conexi\u00f3n y desconexi\u00f3n que mejoran la eficacia operativa. Muchos modelos incorporan mecanismos de autobloqueo, que garantizan conexiones estables y fiables.<\/li>\n<\/ul>\n<\/li>\n<li><strong>Amplia gama de aplicaciones:<\/strong>\n<ul>\n<li>Estos conectores se utilizan ampliamente en la industria aeroespacial, militar, ferroviaria, maquinaria pesada, equipos industriales y otros campos que requieren conexiones el\u00e9ctricas de alta resistencia.<\/li>\n<\/ul>\n<\/li>\n<\/ol>\n<h4><strong>Especificaciones<\/strong><\/h4>\n<ol>\n<li><strong>Corriente nominal:<\/strong>\n<ul>\n<li>El rango de corriente nominal suele variar entre 10 A y 500 A, en funci\u00f3n del modelo y las especificaciones del conector.<\/li>\n<\/ul>\n<\/li>\n<li><strong>Tensi\u00f3n nominal:<\/strong>\n<ul>\n<li>La tensi\u00f3n nominal suele oscilar entre 250 V y 3000 V, lo que permite satisfacer las exigencias el\u00e9ctricas de diversas aplicaciones.<\/li>\n<\/ul>\n<\/li>\n<li><strong>Resistencia de contacto:<\/strong>\n<ul>\n<li>La resistencia de contacto suele ser inferior a 1m\u03a9, lo que garantiza conexiones de baja resistencia y reduce la p\u00e9rdida de energ\u00eda.<\/li>\n<\/ul>\n<\/li>\n<li><strong>Temperatura de funcionamiento:<\/strong>\n<ul>\n<li>El rango de temperaturas de funcionamiento est\u00e1ndar es de -55\u00b0C a +200\u00b0C, con algunos modelos capaces de soportar temperaturas a\u00fan m\u00e1s elevadas.<\/li>\n<\/ul>\n<\/li>\n<li><strong>Grado de protecci\u00f3n:<\/strong>\n<ul>\n<li>El grado de protecci\u00f3n suele ser igual o superior a IP67, lo que proporciona una excelente protecci\u00f3n contra el agua y el polvo.<\/li>\n<\/ul>\n<\/li>\n<li><strong>Ciclos de inserci\u00f3n\/retirada:<\/strong>\n<ul>\n<li>Los conectores suelen soportar entre 1.000 y 5.000 ciclos de acoplamiento, lo que garantiza su fiabilidad y estabilidad a largo plazo incluso tras un uso repetido.<\/li>\n<\/ul>\n<\/li>\n<li><strong>Tipos de conectores:<\/strong>\n<ul>\n<li>Entre los tipos de conectores m\u00e1s comunes se encuentran los de conexi\u00f3n r\u00e1pida, los roscados y los de bloqueo, que permiten opciones flexibles en funci\u00f3n de las necesidades espec\u00edficas de conexi\u00f3n.<\/li>\n<\/ul>\n<\/li>\n<li><strong>Materiales:<\/strong>\n<ul>\n<li>Las carcasas suelen ser de aleaci\u00f3n de aluminio o acero inoxidable, mientras que los contactos suelen estar compuestos de aleaci\u00f3n de cobre o materiales plateados, que proporcionan una excelente conductividad y resistencia a la corrosi\u00f3n.<\/li>\n<\/ul>\n<\/li>\n<li><strong>Tama\u00f1o y peso:<\/strong>\n<ul>\n<li>Los conectores de aviaci\u00f3n de alta resistencia suelen ser de mayor tama\u00f1o para acomodar una corriente m\u00e1s alta y un rendimiento mec\u00e1nico m\u00e1s fuerte, lo que resulta en un peso relativamente m\u00e1s pesado para garantizar conexiones estables.<\/li>\n<\/ul>\n<\/li>\n<\/ol>\n<h3>Conclusi\u00f3n<\/h3>\n<p>En conclusi\u00f3n, los conectores de aviaci\u00f3n de alta resistencia ofrecen una durabilidad y fiabilidad extraordinarias, proporcionando conexiones el\u00e9ctricas estables incluso en entornos extremos. Con caracter\u00edsticas como impermeabilidad, protecci\u00f3n contra el polvo, resistencia a los golpes y tolerancia a las altas temperaturas, estos conectores se utilizan ampliamente en sectores como el aeroespacial, el militar, el ferroviario y el de equipos industriales. Su gran rendimiento el\u00e9ctrico, la variedad de estilos de conectores y los altos \u00edndices de protecci\u00f3n los convierten en la opci\u00f3n ideal para aplicaciones que requieren conexiones el\u00e9ctricas de alta resistencia.<\/p>\n<p><img fetchpriority=\"high\" decoding=\"async\" class=\"alignnone wp-image-7525\" src=\"https:\/\/www.hnhlcranes.com\/wp-content\/uploads\/2024\/12\/Heavy-Duty-Aviation-Connector-6-pin-e1737012766554-300x147.jpg\" alt=\"\" width=\"1010\" height=\"495\" srcset=\"https:\/\/www.hnhlcranes.com\/wp-content\/uploads\/2024\/12\/Heavy-Duty-Aviation-Connector-6-pin-e1737012766554-300x147.jpg 300w, https:\/\/www.hnhlcranes.com\/wp-content\/uploads\/2024\/12\/Heavy-Duty-Aviation-Connector-6-pin-e1737012766554-1024x502.jpg 1024w, https:\/\/www.hnhlcranes.com\/wp-content\/uploads\/2024\/12\/Heavy-Duty-Aviation-Connector-6-pin-e1737012766554-768x376.jpg 768w, https:\/\/www.hnhlcranes.com\/wp-content\/uploads\/2024\/12\/Heavy-Duty-Aviation-Connector-6-pin-e1737012766554-600x294.jpg 600w, https:\/\/www.hnhlcranes.com\/wp-content\/uploads\/2024\/12\/Heavy-Duty-Aviation-Connector-6-pin-e1737012766554.jpg 1224w\" sizes=\"(max-width: 1010px) 100vw, 1010px\" \/><\/p>\n<p><img decoding=\"async\" class=\"alignnone wp-image-7526\" src=\"https:\/\/www.hnhlcranes.com\/wp-content\/uploads\/2024\/12\/Heavy-Duty-Aviation-Connector-16-pin-e1737012903661-300x147.jpg\" alt=\"\" width=\"1000\" height=\"490\" srcset=\"https:\/\/www.hnhlcranes.com\/wp-content\/uploads\/2024\/12\/Heavy-Duty-Aviation-Connector-16-pin-e1737012903661-300x147.jpg 300w, https:\/\/www.hnhlcranes.com\/wp-content\/uploads\/2024\/12\/Heavy-Duty-Aviation-Connector-16-pin-e1737012903661-1024x502.jpg 1024w, https:\/\/www.hnhlcranes.com\/wp-content\/uploads\/2024\/12\/Heavy-Duty-Aviation-Connector-16-pin-e1737012903661-768x376.jpg 768w, https:\/\/www.hnhlcranes.com\/wp-content\/uploads\/2024\/12\/Heavy-Duty-Aviation-Connector-16-pin-e1737012903661-600x294.jpg 600w, https:\/\/www.hnhlcranes.com\/wp-content\/uploads\/2024\/12\/Heavy-Duty-Aviation-Connector-16-pin-e1737012903661.jpg 1224w\" sizes=\"(max-width: 1000px) 100vw, 1000px\" \/><\/p>\n<p><img decoding=\"async\" class=\"alignnone  wp-image-7527\" src=\"https:\/\/www.hnhlcranes.com\/wp-content\/uploads\/2024\/12\/Heavy-Duty-Aviation-Connector-32-pin-e1737013007182-300x147.jpg\" alt=\"\" width=\"1004\" height=\"492\" srcset=\"https:\/\/www.hnhlcranes.com\/wp-content\/uploads\/2024\/12\/Heavy-Duty-Aviation-Connector-32-pin-e1737013007182-300x147.jpg 300w, https:\/\/www.hnhlcranes.com\/wp-content\/uploads\/2024\/12\/Heavy-Duty-Aviation-Connector-32-pin-e1737013007182-1024x502.jpg 1024w, https:\/\/www.hnhlcranes.com\/wp-content\/uploads\/2024\/12\/Heavy-Duty-Aviation-Connector-32-pin-e1737013007182-768x376.jpg 768w, https:\/\/www.hnhlcranes.com\/wp-content\/uploads\/2024\/12\/Heavy-Duty-Aviation-Connector-32-pin-e1737013007182-600x294.jpg 600w, https:\/\/www.hnhlcranes.com\/wp-content\/uploads\/2024\/12\/Heavy-Duty-Aviation-Connector-32-pin-e1737013007182.jpg 1224w\" sizes=\"(max-width: 1004px) 100vw, 1004px\" \/><\/p>","protected":false},"excerpt":{"rendered":"<p>El conector de aviaci\u00f3n HE Heavy Duty, tambi\u00e9n conocido como enchufe de aviaci\u00f3n o conector r\u00e1pido, es una soluci\u00f3n vers\u00e1til y robusta para conexiones el\u00e9ctricas y de se\u00f1ales en equipos industriales, incluidas gr\u00faas.<\/p>","protected":false},"featured_media":7506,"template":"","meta":{"_kad_post_transparent":"default","_kad_post_title":"","_kad_post_layout":"default","_kad_post_sidebar_id":"","_kad_post_content_style":"default","_kad_post_vertical_padding":"show","_kad_post_feature":"","_kad_post_feature_position":"","_kad_post_header":false,"_kad_post_footer":false},"product_brand":[],"product_cat":[65],"product_tag":[632,622,376,634,612,616,626,627,629,613,617,620,615,614,618,628,619,621,623,630,635,633,625,631,624],"class_list":{"0":"post-5799","1":"product","2":"type-product","3":"status-publish","4":"has-post-thumbnail","6":"product_cat-crane-electrical-parts","7":"product_tag-aviation-plug","8":"product_tag-cable-trolley","9":"product_tag-china-crane-parts-supplier","10":"product_tag-crane-aviation-plug","11":"product_tag-crane-cable-trolley","12":"product_tag-crane-control-cabinet","13":"product_tag-crane-control-handle","14":"product_tag-crane-controls","15":"product_tag-crane-electrical-control-cabinet","16":"product_tag-crane-electrical-part","17":"product_tag-crane-limit-switch","18":"product_tag-crane-overload-limiter","19":"product_tag-crane-pendant-controller","20":"product_tag-crane-remote-controller","21":"product_tag-crane-sound-and-light-alarm","22":"product_tag-electrical-control-cabinet","23":"product_tag-heavy-duty-aviation-connector","24":"product_tag-i-beam-cable-trolley","25":"product_tag-i-beam-cable-trolley-supplier","26":"product_tag-limit-switch","27":"product_tag-overload-limiter","28":"product_tag-quick-connector","29":"product_tag-remote-controller","30":"product_tag-sound-and-light-alarm","31":"product_tag-wireless-remote-control","33":"first","34":"instock","35":"shipping-taxable","36":"product-type-simple","37":"entry","38":"content-bg","39":"loop-entry"},"yoast_head":"<!-- This site is optimized with the Yoast SEO plugin v24.5 - https:\/\/yoast.com\/wordpress\/plugins\/seo\/ -->\n<title>Heavy Duty Aviation Connector - Aviation plug-Quick connector-Crane Parts Manufacturer<\/title>\n<meta name=\"description\" content=\"Aviation plug,quick connector,Crane aviation plug, Heavy Duty Aviation Connector manufacturer,Crane Parts Supplier,Heavy Duty Aviation Connector\" \/>\n<meta name=\"robots\" content=\"index, follow, max-snippet:-1, max-image-preview:large, max-video-preview:-1\" \/>\n<link rel=\"canonical\" href=\"https:\/\/www.hnhlcranes.com\/es\/producto\/conector-de-aviacion-de-alta-resistencia\/\" \/>\n<meta property=\"og:locale\" content=\"es_ES\" \/>\n<meta property=\"og:type\" content=\"article\" \/>\n<meta property=\"og:title\" content=\"Heavy Duty Aviation Connector - Aviation plug-Quick connector-Crane Parts Manufacturer\" \/>\n<meta property=\"og:description\" content=\"Aviation plug,quick connector,Crane aviation plug, Heavy Duty Aviation Connector manufacturer,Crane Parts Supplier,Heavy Duty Aviation Connector\" \/>\n<meta property=\"og:url\" content=\"https:\/\/www.hnhlcranes.com\/es\/producto\/conector-de-aviacion-de-alta-resistencia\/\" \/>\n<meta property=\"og:site_name\" content=\"Crane Parts Manufacturer\" \/>\n<meta property=\"article:modified_time\" content=\"2025-01-16T07:38:12+00:00\" \/>\n<meta property=\"og:image\" content=\"https:\/\/www.hnhlcranes.com\/wp-content\/uploads\/2024\/12\/Heavy-Duty-Aviation-Connector.jpg\" \/>\n\t<meta property=\"og:image:width\" content=\"600\" \/>\n\t<meta property=\"og:image:height\" content=\"600\" \/>\n\t<meta property=\"og:image:type\" content=\"image\/jpeg\" \/>\n<meta name=\"twitter:card\" content=\"summary_large_image\" \/>\n<meta name=\"twitter:label1\" content=\"Tiempo de lectura\" \/>\n\t<meta name=\"twitter:data1\" content=\"4 minutos\" \/>\n<script type=\"application\/ld+json\" class=\"yoast-schema-graph\">{\"@context\":\"https:\/\/schema.org\",\"@graph\":[{\"@type\":\"WebPage\",\"@id\":\"https:\/\/www.hnhlcranes.com\/product\/heavy-duty-aviation-connector\/\",\"url\":\"https:\/\/www.hnhlcranes.com\/product\/heavy-duty-aviation-connector\/\",\"name\":\"Heavy Duty Aviation Connector - Aviation plug-Quick connector-Crane Parts Manufacturer\",\"isPartOf\":{\"@id\":\"https:\/\/www.hnhlcranes.com\/#website\"},\"primaryImageOfPage\":{\"@id\":\"https:\/\/www.hnhlcranes.com\/product\/heavy-duty-aviation-connector\/#primaryimage\"},\"image\":{\"@id\":\"https:\/\/www.hnhlcranes.com\/product\/heavy-duty-aviation-connector\/#primaryimage\"},\"thumbnailUrl\":\"https:\/\/www.hnhlcranes.com\/wp-content\/uploads\/2024\/12\/Heavy-Duty-Aviation-Connector.jpg\",\"datePublished\":\"2024-12-05T17:12:50+00:00\",\"dateModified\":\"2025-01-16T07:38:12+00:00\",\"description\":\"Aviation plug,quick connector,Crane aviation plug, Heavy Duty Aviation Connector manufacturer,Crane Parts Supplier,Heavy Duty Aviation Connector\",\"breadcrumb\":{\"@id\":\"https:\/\/www.hnhlcranes.com\/product\/heavy-duty-aviation-connector\/#breadcrumb\"},\"inLanguage\":\"es\",\"potentialAction\":[{\"@type\":\"ReadAction\",\"target\":[\"https:\/\/www.hnhlcranes.com\/product\/heavy-duty-aviation-connector\/\"]}]},{\"@type\":\"ImageObject\",\"inLanguage\":\"es\",\"@id\":\"https:\/\/www.hnhlcranes.com\/product\/heavy-duty-aviation-connector\/#primaryimage\",\"url\":\"https:\/\/www.hnhlcranes.com\/wp-content\/uploads\/2024\/12\/Heavy-Duty-Aviation-Connector.jpg\",\"contentUrl\":\"https:\/\/www.hnhlcranes.com\/wp-content\/uploads\/2024\/12\/Heavy-Duty-Aviation-Connector.jpg\",\"width\":600,\"height\":600},{\"@type\":\"BreadcrumbList\",\"@id\":\"https:\/\/www.hnhlcranes.com\/product\/heavy-duty-aviation-connector\/#breadcrumb\",\"itemListElement\":[{\"@type\":\"ListItem\",\"position\":1,\"name\":\"home\",\"item\":\"https:\/\/www.hnhlcranes.com\/\"},{\"@type\":\"ListItem\",\"position\":2,\"name\":\"products\",\"item\":\"https:\/\/www.hnhlcranes.com\/products\/\"},{\"@type\":\"ListItem\",\"position\":3,\"name\":\"Heavy Duty Aviation Connector\"}]},{\"@type\":\"WebSite\",\"@id\":\"https:\/\/www.hnhlcranes.com\/#website\",\"url\":\"https:\/\/www.hnhlcranes.com\/\",\"name\":\"Crane Parts Manufacturer\",\"description\":\"Crane Wheels,Crane Drums,Crane Hooks,Crane Coupling,Crane End Carriage,Electric Hoist,European Crane Parts,Crane Rail Clip,Crane Spreader,Crane Motor,Crane Reducer,Crane Brake,Light Crane Parts,Workstation Crane Parts,Crane Electrical Parts,China Crane Parts Supplier,China Crane Parts Manufacturer,Angle box type crane wheel,45 degree split crane wheel,European crane wheel,Crane Wheel Blocks,Overhead crane drum,European crane drum,Overhead crane hook,European crane hook,Crane pulley block,Gear coupling,Brake wheel coupling,Drum gear coupling,Brake wheel drum gear coupling,Cardan Shaft Coupling,WZL drum coupling,Plum blossom elastic coupling,Brake wheel plum elastic coupling,European Single girder crane end carriage,European Double girder crane end carriage,European Suspension  crane end carriage,Wire Rope Electric Hoist,Electric Chain Hoist,European Single Girder Wire Rope Electric Hoist,European Double Girder Wire Rope Electric Hoist,Crane grab,Container spreader,Billet crane clamps,C-type hook,Lifting Electromagnet,YZR crane motor,YZP crane motor,ZQ Reducer,ZSC Reducer,QJ Reducer,QJ-L Reducer,QJY Reducer,H series gearbox,F Series Gear Motor,K Series Gear Motor,R Series Gear Motor,travelling machinery gear motor,Electro hydraulic drum brake,Electro hydraulic disc brake,Crane Safety brake,Crane cable trolley,Crane remote controller,Crane pendant controller,Crane electrical control cabinet,Crane limit switch,Crane sound and light alarm,Heavy Duty Aviation Connector,Crane overload limiter\",\"publisher\":{\"@id\":\"https:\/\/www.hnhlcranes.com\/#organization\"},\"potentialAction\":[{\"@type\":\"SearchAction\",\"target\":{\"@type\":\"EntryPoint\",\"urlTemplate\":\"https:\/\/www.hnhlcranes.com\/?s={search_term_string}\"},\"query-input\":{\"@type\":\"PropertyValueSpecification\",\"valueRequired\":true,\"valueName\":\"search_term_string\"}}],\"inLanguage\":\"es\"},{\"@type\":\"Organization\",\"@id\":\"https:\/\/www.hnhlcranes.com\/#organization\",\"name\":\"Crane Parts Manufacturer\",\"url\":\"https:\/\/www.hnhlcranes.com\/\",\"logo\":{\"@type\":\"ImageObject\",\"inLanguage\":\"es\",\"@id\":\"https:\/\/www.hnhlcranes.com\/#\/schema\/logo\/image\/\",\"url\":\"https:\/\/www.hnhlcranes.com\/wp-content\/uploads\/2025\/01\/HL-logo-1.png\",\"contentUrl\":\"https:\/\/www.hnhlcranes.com\/wp-content\/uploads\/2025\/01\/HL-logo-1.png\",\"width\":600,\"height\":169,\"caption\":\"Crane Parts Manufacturer\"},\"image\":{\"@id\":\"https:\/\/www.hnhlcranes.com\/#\/schema\/logo\/image\/\"}}]}<\/script>\n<!-- \/ Yoast SEO plugin. -->","yoast_head_json":{"title":"Heavy Duty Aviation Connector - Aviation plug-Quick connector-Crane Parts Manufacturer","description":"Aviation plug,quick connector,Crane aviation plug, Heavy Duty Aviation Connector manufacturer,Crane Parts Supplier,Heavy Duty Aviation Connector","robots":{"index":"index","follow":"follow","max-snippet":"max-snippet:-1","max-image-preview":"max-image-preview:large","max-video-preview":"max-video-preview:-1"},"canonical":"https:\/\/www.hnhlcranes.com\/es\/producto\/conector-de-aviacion-de-alta-resistencia\/","og_locale":"es_ES","og_type":"article","og_title":"Heavy Duty Aviation Connector - Aviation plug-Quick connector-Crane Parts Manufacturer","og_description":"Aviation plug,quick connector,Crane aviation plug, Heavy Duty Aviation Connector manufacturer,Crane Parts Supplier,Heavy Duty Aviation Connector","og_url":"https:\/\/www.hnhlcranes.com\/es\/producto\/conector-de-aviacion-de-alta-resistencia\/","og_site_name":"Crane Parts Manufacturer","article_modified_time":"2025-01-16T07:38:12+00:00","og_image":[{"width":600,"height":600,"url":"https:\/\/www.hnhlcranes.com\/wp-content\/uploads\/2024\/12\/Heavy-Duty-Aviation-Connector.jpg","type":"image\/jpeg"}],"twitter_card":"summary_large_image","twitter_misc":{"Tiempo de lectura":"4 minutos"},"schema":{"@context":"https:\/\/schema.org","@graph":[{"@type":"WebPage","@id":"https:\/\/www.hnhlcranes.com\/product\/heavy-duty-aviation-connector\/","url":"https:\/\/www.hnhlcranes.com\/product\/heavy-duty-aviation-connector\/","name":"Heavy Duty Aviation Connector - Aviation plug-Quick connector-Crane Parts Manufacturer","isPartOf":{"@id":"https:\/\/www.hnhlcranes.com\/#website"},"primaryImageOfPage":{"@id":"https:\/\/www.hnhlcranes.com\/product\/heavy-duty-aviation-connector\/#primaryimage"},"image":{"@id":"https:\/\/www.hnhlcranes.com\/product\/heavy-duty-aviation-connector\/#primaryimage"},"thumbnailUrl":"https:\/\/www.hnhlcranes.com\/wp-content\/uploads\/2024\/12\/Heavy-Duty-Aviation-Connector.jpg","datePublished":"2024-12-05T17:12:50+00:00","dateModified":"2025-01-16T07:38:12+00:00","description":"Aviation plug,quick connector,Crane aviation plug, Heavy Duty Aviation Connector manufacturer,Crane Parts Supplier,Heavy Duty Aviation Connector","breadcrumb":{"@id":"https:\/\/www.hnhlcranes.com\/product\/heavy-duty-aviation-connector\/#breadcrumb"},"inLanguage":"es","potentialAction":[{"@type":"ReadAction","target":["https:\/\/www.hnhlcranes.com\/product\/heavy-duty-aviation-connector\/"]}]},{"@type":"ImageObject","inLanguage":"es","@id":"https:\/\/www.hnhlcranes.com\/product\/heavy-duty-aviation-connector\/#primaryimage","url":"https:\/\/www.hnhlcranes.com\/wp-content\/uploads\/2024\/12\/Heavy-Duty-Aviation-Connector.jpg","contentUrl":"https:\/\/www.hnhlcranes.com\/wp-content\/uploads\/2024\/12\/Heavy-Duty-Aviation-Connector.jpg","width":600,"height":600},{"@type":"BreadcrumbList","@id":"https:\/\/www.hnhlcranes.com\/product\/heavy-duty-aviation-connector\/#breadcrumb","itemListElement":[{"@type":"ListItem","position":1,"name":"home","item":"https:\/\/www.hnhlcranes.com\/"},{"@type":"ListItem","position":2,"name":"products","item":"https:\/\/www.hnhlcranes.com\/products\/"},{"@type":"ListItem","position":3,"name":"Heavy Duty Aviation Connector"}]},{"@type":"WebSite","@id":"https:\/\/www.hnhlcranes.com\/#website","url":"https:\/\/www.hnhlcranes.com\/","name":"Crane Parts Manufacturer","description":"Crane Wheels,Crane Drums,Crane Hooks,Crane Coupling,Crane End Carriage,Electric Hoist,European Crane Parts,Crane Rail Clip,Crane Spreader,Crane Motor,Crane Reducer,Crane Brake,Light Crane Parts,Workstation Crane Parts,Crane Electrical Parts,China Crane Parts Supplier,China Crane Parts Manufacturer,Angle box type crane wheel,45 degree split crane wheel,European crane wheel,Crane Wheel Blocks,Overhead crane drum,European crane drum,Overhead crane hook,European crane hook,Crane pulley block,Gear coupling,Brake wheel coupling,Drum gear coupling,Brake wheel drum gear coupling,Cardan Shaft Coupling,WZL drum coupling,Plum blossom elastic coupling,Brake wheel plum elastic coupling,European Single girder crane end carriage,European Double girder crane end carriage,European Suspension  crane end carriage,Wire Rope Electric Hoist,Electric Chain Hoist,European Single Girder Wire Rope Electric Hoist,European Double Girder Wire Rope Electric Hoist,Crane grab,Container spreader,Billet crane clamps,C-type hook,Lifting Electromagnet,YZR crane motor,YZP crane motor,ZQ Reducer,ZSC Reducer,QJ Reducer,QJ-L Reducer,QJY Reducer,H series gearbox,F Series Gear Motor,K Series Gear Motor,R Series Gear Motor,travelling machinery gear motor,Electro hydraulic drum brake,Electro hydraulic disc brake,Crane Safety brake,Crane cable trolley,Crane remote controller,Crane pendant controller,Crane electrical control cabinet,Crane limit switch,Crane sound and light alarm,Heavy Duty Aviation Connector,Crane overload limiter","publisher":{"@id":"https:\/\/www.hnhlcranes.com\/#organization"},"potentialAction":[{"@type":"SearchAction","target":{"@type":"EntryPoint","urlTemplate":"https:\/\/www.hnhlcranes.com\/?s={search_term_string}"},"query-input":{"@type":"PropertyValueSpecification","valueRequired":true,"valueName":"search_term_string"}}],"inLanguage":"es"},{"@type":"Organization","@id":"https:\/\/www.hnhlcranes.com\/#organization","name":"Crane Parts Manufacturer","url":"https:\/\/www.hnhlcranes.com\/","logo":{"@type":"ImageObject","inLanguage":"es","@id":"https:\/\/www.hnhlcranes.com\/#\/schema\/logo\/image\/","url":"https:\/\/www.hnhlcranes.com\/wp-content\/uploads\/2025\/01\/HL-logo-1.png","contentUrl":"https:\/\/www.hnhlcranes.com\/wp-content\/uploads\/2025\/01\/HL-logo-1.png","width":600,"height":169,"caption":"Crane Parts Manufacturer"},"image":{"@id":"https:\/\/www.hnhlcranes.com\/#\/schema\/logo\/image\/"}}]}},"_links":{"self":[{"href":"https:\/\/www.hnhlcranes.com\/es\/wp-json\/wp\/v2\/product\/5799","targetHints":{"allow":["GET"]}}],"collection":[{"href":"https:\/\/www.hnhlcranes.com\/es\/wp-json\/wp\/v2\/product"}],"about":[{"href":"https:\/\/www.hnhlcranes.com\/es\/wp-json\/wp\/v2\/types\/product"}],"version-history":[{"count":25,"href":"https:\/\/www.hnhlcranes.com\/es\/wp-json\/wp\/v2\/product\/5799\/revisions"}],"predecessor-version":[{"id":7533,"href":"https:\/\/www.hnhlcranes.com\/es\/wp-json\/wp\/v2\/product\/5799\/revisions\/7533"}],"wp:featuredmedia":[{"embeddable":true,"href":"https:\/\/www.hnhlcranes.com\/es\/wp-json\/wp\/v2\/media\/7506"}],"wp:attachment":[{"href":"https:\/\/www.hnhlcranes.com\/es\/wp-json\/wp\/v2\/media?parent=5799"}],"wp:term":[{"taxonomy":"product_brand","embeddable":true,"href":"https:\/\/www.hnhlcranes.com\/es\/wp-json\/wp\/v2\/product_brand?post=5799"},{"taxonomy":"product_cat","embeddable":true,"href":"https:\/\/www.hnhlcranes.com\/es\/wp-json\/wp\/v2\/product_cat?post=5799"},{"taxonomy":"product_tag","embeddable":true,"href":"https:\/\/www.hnhlcranes.com\/es\/wp-json\/wp\/v2\/product_tag?post=5799"}],"curies":[{"name":"wp","href":"https:\/\/api.w.org\/{rel}","templated":true}]}}