{"id":4915,"date":"2024-11-08T16:24:37","date_gmt":"2024-11-08T08:24:37","guid":{"rendered":"https:\/\/www.hnhlcranes.com\/?post_type=product&#038;p=4915"},"modified":"2025-01-19T18:11:01","modified_gmt":"2025-01-19T10:11:01","slug":"piduriratta-haakeseadeldis","status":"publish","type":"product","link":"https:\/\/www.hnhlcranes.com\/et\/toode\/piduriratta-haakeseadeldis\/","title":{"rendered":"Piduriratta haakeseadeldis"},"content":{"rendered":"<div class=\"flex max-w-full flex-col flex-grow\">\n<div class=\"min-h-8 text-message flex w-full flex-col items-end gap-2 whitespace-normal break-words text-start [.text-message+&amp;]:mt-5\" dir=\"auto\" data-message-author-role=\"assistant\" data-message-id=\"267a957f-544d-4c06-88af-57afe1e9f3ad\" data-message-model-slug=\"gpt-4o\">\n<div class=\"flex w-full flex-col gap-1 empty:hidden first:pt-[3px]\">\n<div class=\"markdown prose w-full break-words dark:prose-invert light\">\n<p>A <strong>Piduriratta haakeseadeldis<\/strong> on mehaanilistes j\u00f5u\u00fclekandes\u00fcsteemides kasutatav haakeseadiste t\u00fc\u00fcp, mis on spetsiaalselt ette n\u00e4htud kahe v\u00f5lli \u00fchendamiseks ja \u00fche v\u00f5lli pidurdamiseks. See koosneb tavaliselt kahest p\u00f5hikomponendist: piduriratast, mis on \u00fchendatud ajava v\u00f5lliga, ja haakeseadise osast, mis on \u00fchendatud ajava v\u00f5lliga.<\/p>\n<h3><strong>Piduriratta haakeseadeldis <\/strong>Peamised omadused:<\/h3>\n<ol>\n<li><strong>Struktuur<\/strong>: Pidurirataste haakeseadiste struktuur h\u00f5lmab \u00fcldiselt piduriratast ja haakeseadist. Pidurirattal on tavaliselt mitu piduririba v\u00f5i -klotsi, mida saab kasutada piduris\u00fcsteemi abil, et v\u00e4hendada kiirust v\u00f5i peatada v\u00f5lli p\u00f6\u00f6rlemine.<\/li>\n<li><strong>T\u00f6\u00f6p\u00f5him\u00f5te<\/strong>: T\u00f6\u00f6tamise ajal edastab haakeseadis j\u00f5udu veetavale v\u00f5llile, samal ajal kui piduriratas v\u00f5ib vajaduse korral rakendada pidurdusj\u00f5udu veov\u00f5llile, aeglustades v\u00f5i peatades selle p\u00f6\u00f6rlemist.<\/li>\n<li><strong>Rakendused<\/strong>: Seda t\u00fc\u00fcpi \u00fchendusi kasutatakse tavaliselt s\u00fcsteemides, mis n\u00f5uavad kiiruse reguleerimist v\u00f5i h\u00e4daseiskamise funktsiooni. N\u00e4iteks leidub seda tavaliselt kraanades, konveierites, liftides ja muudes rasketes masinates, kus see pakub t\u00f5husalt peatamis- v\u00f5i aeglustamisv\u00f5imalusi.<\/li>\n<li><strong>Disain<\/strong>: Pidurirataste haakeseadise konstruktsioon \u00fchendab nii p\u00f6\u00f6rdemomendi \u00fclekande kui ka pidurdusfunktsiooni, tagades, et haakeseadis mitte ainult ei edasta t\u00f5husalt j\u00f5udu, vaid pakub ka usaldusv\u00e4\u00e4rset pidurdust\u00f5husust.<\/li>\n<\/ol>\n<h3>Eelised:<\/h3>\n<ul>\n<li><strong>Pidurdusfunktsioon<\/strong>: Pidurirataste haakeseadmed v\u00f5ivad pakkuda kohest pidurdamist, mist\u00f5ttu on see ideaalne rakenduste jaoks, mis n\u00f5uavad kiiret peatumist v\u00f5i aeglustamist.<\/li>\n<li><strong>Integreeritud disain<\/strong>: \u00dchendades piduri- ja haakeseadme funktsioonid, s\u00e4\u00e4stab see ruumi ja v\u00e4hendab paigalduskulusid.<\/li>\n<li><strong>K\u00f5rge kandev\u00f5ime<\/strong>: Pidurirataste haakeseadised on tavaliselt v\u00f5imelised taluma suurt p\u00f6\u00f6rdemomenti ja suuri koormusi, mist\u00f5ttu sobivad need rasketehnika jaoks.<\/li>\n<\/ul>\n<h3>Puudused:<\/h3>\n<ul>\n<li><strong>Kulumine ja kulumine<\/strong>: Piduriratas ja piduriklotsid v\u00f5ivad aja jooksul kuluda, mis n\u00f5uab regulaarset v\u00e4ljavahetamist.<\/li>\n<li><strong>M\u00fcraprobleemid<\/strong>: Pidurdamine v\u00f5ib tekitada m\u00fcra, eriti suure koormuse korral.<\/li>\n<\/ul>\n<p>\u00dcldiselt on pidurirataste haakeseadised haakeseadised, mis edastavad nii p\u00f6\u00f6rdemomenti kui ka tagavad pidurdusfunktsiooni. Seda kasutatakse laialdaselt seadmetes, mis n\u00f5uavad t\u00e4pset kontrolli p\u00f6\u00f6rlemise \u00fcle, eriti rasketes masinates ja suure koormusega rakendustes.<\/p>\n<\/div>\n<\/div>\n<\/div>\n<\/div>\n<p>&nbsp;<\/p>\n<p><img fetchpriority=\"high\" decoding=\"async\" class=\"alignnone wp-image-6884\" src=\"https:\/\/www.hnhlcranes.com\/wp-content\/uploads\/2024\/11\/Brake-wheel-coupling-7-300x204.jpg\" alt=\"\" width=\"954\" height=\"649\" srcset=\"https:\/\/www.hnhlcranes.com\/wp-content\/uploads\/2024\/11\/Brake-wheel-coupling-7-300x204.jpg 300w, https:\/\/www.hnhlcranes.com\/wp-content\/uploads\/2024\/11\/Brake-wheel-coupling-7-768x523.jpg 768w, https:\/\/www.hnhlcranes.com\/wp-content\/uploads\/2024\/11\/Brake-wheel-coupling-7-600x409.jpg 600w, https:\/\/www.hnhlcranes.com\/wp-content\/uploads\/2024\/11\/Brake-wheel-coupling-7.jpg 1000w\" sizes=\"(max-width: 954px) 100vw, 954px\" \/><\/p>","protected":false},"excerpt":{"rendered":"<p><strong>Piduriratta haakeseadme parameetrid:<\/strong><\/p>\n<ul>\n<li><strong>Maksimaalne lubatud p\u00f6\u00f6rdemoment:<\/strong> 630 Nm kuni 125 000 Nm<\/li>\n<li><strong>Maksimaalne kiirus:<\/strong> 4000 p\u00f6\u00f6ret minutis kuni 950 p\u00f6\u00f6ret minutis<\/li>\n<li><strong>Piduriratta l\u00e4bim\u00f5\u00f5t:<\/strong> \u2205160, \u2205200, \u2205250, \u2205300, \u2205315, \u2205400, \u2205500, \u2205600, \u2205630, \u2205700, \u2205800<\/li>\n<li><strong>\u00dchendusmaterjal:<\/strong> ZG430-640, 45 terasest<\/li>\n<li><strong>Haakeseadise t\u00fc\u00fcp:<\/strong> Piduriratas koos poolhambulise haakeseadisega<\/li>\n<li><strong>Kohandatud valikud:<\/strong> Te v\u00f5ite esitada oma joonised ja me valmistame need vastavalt etteantud m\u00f5\u00f5tmetele.<\/li>\n<\/ul>","protected":false},"featured_media":6882,"template":"","meta":{"_kad_post_transparent":"default","_kad_post_title":"","_kad_post_layout":"default","_kad_post_sidebar_id":"","_kad_post_content_style":"default","_kad_post_vertical_padding":"show","_kad_post_feature":"","_kad_post_feature_position":"","_kad_post_header":false,"_kad_post_footer":false},"product_brand":[],"product_cat":[54],"product_tag":[425,427,431,439,428,376,438,374,432,424,433,373,436,426,437,423,430,435,434,429],"class_list":{"0":"post-4915","1":"product","2":"type-product","3":"status-publish","4":"has-post-thumbnail","6":"product_cat-crane-coupling","7":"product_tag-brake-wheel-coupling","8":"product_tag-brake-wheel-drum-gear-coupling","9":"product_tag-brake-wheel-plum-elastic-coupling","10":"product_tag-cardan-coupling","11":"product_tag-cardan-shaft-coupling","12":"product_tag-china-crane-parts-supplier","13":"product_tag-coupling-manufacturer","14":"product_tag-crane-accessories","15":"product_tag-crane-brake-wheel-coupling","16":"product_tag-crane-coupling","17":"product_tag-crane-gear-couplings","18":"product_tag-crane-parts","19":"product_tag-disc-couplings","20":"product_tag-drum-gear-coupling","21":"product_tag-fluid-couplings","22":"product_tag-gear-coupling","23":"product_tag-plum-blossom-elastic-coupling","24":"product_tag-power-transmission-couplings","25":"product_tag-shaft-couplings","26":"product_tag-wzl-drum-coupling","28":"first","29":"instock","30":"shipping-taxable","31":"product-type-simple","32":"entry","33":"content-bg","34":"loop-entry"},"yoast_head":"<!-- This site is optimized with the Yoast SEO plugin v24.5 - https:\/\/yoast.com\/wordpress\/plugins\/seo\/ -->\n<title>Brake wheel coupling - Crane Brake wheel coupling-Crane Parts Manufacturer<\/title>\n<meta name=\"description\" content=\"Crane brake wheel coupling,Shaft couplings,Disc Couplings,Fluid couplings,Crane parts,Crane accessories,Coupling manufacturer,Cardan coupling\" \/>\n<meta name=\"robots\" content=\"index, follow, max-snippet:-1, max-image-preview:large, max-video-preview:-1\" \/>\n<link rel=\"canonical\" href=\"https:\/\/www.hnhlcranes.com\/et\/toode\/piduriratta-haakeseadeldis\/\" \/>\n<meta property=\"og:locale\" content=\"et_EE\" \/>\n<meta property=\"og:type\" content=\"article\" \/>\n<meta property=\"og:title\" content=\"Brake wheel coupling - Crane Brake wheel coupling-Crane Parts Manufacturer\" \/>\n<meta property=\"og:description\" content=\"Crane brake wheel coupling,Shaft couplings,Disc Couplings,Fluid couplings,Crane parts,Crane accessories,Coupling manufacturer,Cardan coupling\" \/>\n<meta property=\"og:url\" content=\"https:\/\/www.hnhlcranes.com\/et\/toode\/piduriratta-haakeseadeldis\/\" \/>\n<meta property=\"og:site_name\" content=\"Crane Parts Manufacturer\" \/>\n<meta property=\"article:modified_time\" content=\"2025-01-19T10:11:01+00:00\" \/>\n<meta property=\"og:image\" content=\"https:\/\/www.hnhlcranes.com\/wp-content\/uploads\/2024\/11\/Brake-wheel-coupling.jpg\" \/>\n\t<meta property=\"og:image:width\" content=\"600\" \/>\n\t<meta property=\"og:image:height\" content=\"600\" \/>\n\t<meta property=\"og:image:type\" content=\"image\/jpeg\" \/>\n<meta name=\"twitter:card\" content=\"summary_large_image\" \/>\n<meta name=\"twitter:label1\" content=\"Est. reading time\" \/>\n\t<meta name=\"twitter:data1\" content=\"2 minutit\" \/>\n<script type=\"application\/ld+json\" class=\"yoast-schema-graph\">{\"@context\":\"https:\/\/schema.org\",\"@graph\":[{\"@type\":\"WebPage\",\"@id\":\"https:\/\/www.hnhlcranes.com\/product\/brake-wheel-coupling\/\",\"url\":\"https:\/\/www.hnhlcranes.com\/product\/brake-wheel-coupling\/\",\"name\":\"Brake wheel coupling - Crane Brake wheel coupling-Crane Parts Manufacturer\",\"isPartOf\":{\"@id\":\"https:\/\/www.hnhlcranes.com\/#website\"},\"primaryImageOfPage\":{\"@id\":\"https:\/\/www.hnhlcranes.com\/product\/brake-wheel-coupling\/#primaryimage\"},\"image\":{\"@id\":\"https:\/\/www.hnhlcranes.com\/product\/brake-wheel-coupling\/#primaryimage\"},\"thumbnailUrl\":\"https:\/\/www.hnhlcranes.com\/wp-content\/uploads\/2024\/11\/Brake-wheel-coupling.jpg\",\"datePublished\":\"2024-11-08T08:24:37+00:00\",\"dateModified\":\"2025-01-19T10:11:01+00:00\",\"description\":\"Crane brake wheel coupling,Shaft couplings,Disc Couplings,Fluid couplings,Crane parts,Crane accessories,Coupling manufacturer,Cardan coupling\",\"breadcrumb\":{\"@id\":\"https:\/\/www.hnhlcranes.com\/product\/brake-wheel-coupling\/#breadcrumb\"},\"inLanguage\":\"et\",\"potentialAction\":[{\"@type\":\"ReadAction\",\"target\":[\"https:\/\/www.hnhlcranes.com\/product\/brake-wheel-coupling\/\"]}]},{\"@type\":\"ImageObject\",\"inLanguage\":\"et\",\"@id\":\"https:\/\/www.hnhlcranes.com\/product\/brake-wheel-coupling\/#primaryimage\",\"url\":\"https:\/\/www.hnhlcranes.com\/wp-content\/uploads\/2024\/11\/Brake-wheel-coupling.jpg\",\"contentUrl\":\"https:\/\/www.hnhlcranes.com\/wp-content\/uploads\/2024\/11\/Brake-wheel-coupling.jpg\",\"width\":600,\"height\":600},{\"@type\":\"BreadcrumbList\",\"@id\":\"https:\/\/www.hnhlcranes.com\/product\/brake-wheel-coupling\/#breadcrumb\",\"itemListElement\":[{\"@type\":\"ListItem\",\"position\":1,\"name\":\"home\",\"item\":\"https:\/\/www.hnhlcranes.com\/\"},{\"@type\":\"ListItem\",\"position\":2,\"name\":\"products\",\"item\":\"https:\/\/www.hnhlcranes.com\/products\/\"},{\"@type\":\"ListItem\",\"position\":3,\"name\":\"Brake wheel coupling\"}]},{\"@type\":\"WebSite\",\"@id\":\"https:\/\/www.hnhlcranes.com\/#website\",\"url\":\"https:\/\/www.hnhlcranes.com\/\",\"name\":\"Crane Parts Manufacturer\",\"description\":\"Crane Wheels,Crane Drums,Crane Hooks,Crane Coupling,Crane End Carriage,Electric Hoist,European Crane Parts,Crane Rail Clip,Crane Spreader,Crane Motor,Crane Reducer,Crane Brake,Light Crane Parts,Workstation Crane Parts,Crane Electrical Parts,China Crane Parts Supplier,China Crane Parts Manufacturer,Angle box type crane wheel,45 degree split crane wheel,European crane wheel,Crane Wheel Blocks,Overhead crane drum,European crane drum,Overhead crane hook,European crane hook,Crane pulley block,Gear coupling,Brake wheel coupling,Drum gear coupling,Brake wheel drum gear coupling,Cardan Shaft Coupling,WZL drum coupling,Plum blossom elastic coupling,Brake wheel plum elastic coupling,European Single girder crane end carriage,European Double girder crane end carriage,European Suspension  crane end carriage,Wire Rope Electric Hoist,Electric Chain Hoist,European Single Girder Wire Rope Electric Hoist,European Double Girder Wire Rope Electric Hoist,Crane grab,Container spreader,Billet crane clamps,C-type hook,Lifting Electromagnet,YZR crane motor,YZP crane motor,ZQ Reducer,ZSC Reducer,QJ Reducer,QJ-L Reducer,QJY Reducer,H series gearbox,F Series Gear Motor,K Series Gear Motor,R Series Gear Motor,travelling machinery gear motor,Electro hydraulic drum brake,Electro hydraulic disc brake,Crane Safety brake,Crane cable trolley,Crane remote controller,Crane pendant controller,Crane electrical control cabinet,Crane limit switch,Crane sound and light alarm,Heavy Duty Aviation Connector,Crane overload limiter\",\"publisher\":{\"@id\":\"https:\/\/www.hnhlcranes.com\/#organization\"},\"potentialAction\":[{\"@type\":\"SearchAction\",\"target\":{\"@type\":\"EntryPoint\",\"urlTemplate\":\"https:\/\/www.hnhlcranes.com\/?s={search_term_string}\"},\"query-input\":{\"@type\":\"PropertyValueSpecification\",\"valueRequired\":true,\"valueName\":\"search_term_string\"}}],\"inLanguage\":\"et\"},{\"@type\":\"Organization\",\"@id\":\"https:\/\/www.hnhlcranes.com\/#organization\",\"name\":\"Crane Parts Manufacturer\",\"url\":\"https:\/\/www.hnhlcranes.com\/\",\"logo\":{\"@type\":\"ImageObject\",\"inLanguage\":\"et\",\"@id\":\"https:\/\/www.hnhlcranes.com\/#\/schema\/logo\/image\/\",\"url\":\"https:\/\/www.hnhlcranes.com\/wp-content\/uploads\/2025\/01\/HL-logo-1.png\",\"contentUrl\":\"https:\/\/www.hnhlcranes.com\/wp-content\/uploads\/2025\/01\/HL-logo-1.png\",\"width\":600,\"height\":169,\"caption\":\"Crane Parts Manufacturer\"},\"image\":{\"@id\":\"https:\/\/www.hnhlcranes.com\/#\/schema\/logo\/image\/\"}}]}<\/script>\n<!-- \/ Yoast SEO plugin. -->","yoast_head_json":{"title":"Brake wheel coupling - Crane Brake wheel coupling-Crane Parts Manufacturer","description":"Crane brake wheel coupling,Shaft couplings,Disc Couplings,Fluid couplings,Crane parts,Crane accessories,Coupling manufacturer,Cardan coupling","robots":{"index":"index","follow":"follow","max-snippet":"max-snippet:-1","max-image-preview":"max-image-preview:large","max-video-preview":"max-video-preview:-1"},"canonical":"https:\/\/www.hnhlcranes.com\/et\/toode\/piduriratta-haakeseadeldis\/","og_locale":"et_EE","og_type":"article","og_title":"Brake wheel coupling - Crane Brake wheel coupling-Crane Parts Manufacturer","og_description":"Crane brake wheel coupling,Shaft couplings,Disc Couplings,Fluid couplings,Crane parts,Crane accessories,Coupling manufacturer,Cardan coupling","og_url":"https:\/\/www.hnhlcranes.com\/et\/toode\/piduriratta-haakeseadeldis\/","og_site_name":"Crane Parts Manufacturer","article_modified_time":"2025-01-19T10:11:01+00:00","og_image":[{"width":600,"height":600,"url":"https:\/\/www.hnhlcranes.com\/wp-content\/uploads\/2024\/11\/Brake-wheel-coupling.jpg","type":"image\/jpeg"}],"twitter_card":"summary_large_image","twitter_misc":{"Est. reading time":"2 minutit"},"schema":{"@context":"https:\/\/schema.org","@graph":[{"@type":"WebPage","@id":"https:\/\/www.hnhlcranes.com\/product\/brake-wheel-coupling\/","url":"https:\/\/www.hnhlcranes.com\/product\/brake-wheel-coupling\/","name":"Brake wheel coupling - Crane Brake wheel coupling-Crane Parts Manufacturer","isPartOf":{"@id":"https:\/\/www.hnhlcranes.com\/#website"},"primaryImageOfPage":{"@id":"https:\/\/www.hnhlcranes.com\/product\/brake-wheel-coupling\/#primaryimage"},"image":{"@id":"https:\/\/www.hnhlcranes.com\/product\/brake-wheel-coupling\/#primaryimage"},"thumbnailUrl":"https:\/\/www.hnhlcranes.com\/wp-content\/uploads\/2024\/11\/Brake-wheel-coupling.jpg","datePublished":"2024-11-08T08:24:37+00:00","dateModified":"2025-01-19T10:11:01+00:00","description":"Crane brake wheel coupling,Shaft couplings,Disc Couplings,Fluid couplings,Crane parts,Crane accessories,Coupling manufacturer,Cardan coupling","breadcrumb":{"@id":"https:\/\/www.hnhlcranes.com\/product\/brake-wheel-coupling\/#breadcrumb"},"inLanguage":"et","potentialAction":[{"@type":"ReadAction","target":["https:\/\/www.hnhlcranes.com\/product\/brake-wheel-coupling\/"]}]},{"@type":"ImageObject","inLanguage":"et","@id":"https:\/\/www.hnhlcranes.com\/product\/brake-wheel-coupling\/#primaryimage","url":"https:\/\/www.hnhlcranes.com\/wp-content\/uploads\/2024\/11\/Brake-wheel-coupling.jpg","contentUrl":"https:\/\/www.hnhlcranes.com\/wp-content\/uploads\/2024\/11\/Brake-wheel-coupling.jpg","width":600,"height":600},{"@type":"BreadcrumbList","@id":"https:\/\/www.hnhlcranes.com\/product\/brake-wheel-coupling\/#breadcrumb","itemListElement":[{"@type":"ListItem","position":1,"name":"home","item":"https:\/\/www.hnhlcranes.com\/"},{"@type":"ListItem","position":2,"name":"products","item":"https:\/\/www.hnhlcranes.com\/products\/"},{"@type":"ListItem","position":3,"name":"Brake wheel coupling"}]},{"@type":"WebSite","@id":"https:\/\/www.hnhlcranes.com\/#website","url":"https:\/\/www.hnhlcranes.com\/","name":"Crane Parts Manufacturer","description":"Crane Wheels,Crane Drums,Crane Hooks,Crane Coupling,Crane End Carriage,Electric Hoist,European Crane Parts,Crane Rail Clip,Crane Spreader,Crane Motor,Crane Reducer,Crane Brake,Light Crane Parts,Workstation Crane Parts,Crane Electrical Parts,China Crane Parts Supplier,China Crane Parts Manufacturer,Angle box type crane wheel,45 degree split crane wheel,European crane wheel,Crane Wheel Blocks,Overhead crane drum,European crane drum,Overhead crane hook,European crane hook,Crane pulley block,Gear coupling,Brake wheel coupling,Drum gear coupling,Brake wheel drum gear coupling,Cardan Shaft Coupling,WZL drum coupling,Plum blossom elastic coupling,Brake wheel plum elastic coupling,European Single girder crane end carriage,European Double girder crane end carriage,European Suspension  crane end carriage,Wire Rope Electric Hoist,Electric Chain Hoist,European Single Girder Wire Rope Electric Hoist,European Double Girder Wire Rope Electric Hoist,Crane grab,Container spreader,Billet crane clamps,C-type hook,Lifting Electromagnet,YZR crane motor,YZP crane motor,ZQ Reducer,ZSC Reducer,QJ Reducer,QJ-L Reducer,QJY Reducer,H series gearbox,F Series Gear Motor,K Series Gear Motor,R Series Gear Motor,travelling machinery gear motor,Electro hydraulic drum brake,Electro hydraulic disc brake,Crane Safety brake,Crane cable trolley,Crane remote controller,Crane pendant controller,Crane electrical control cabinet,Crane limit switch,Crane sound and light alarm,Heavy Duty Aviation Connector,Crane overload limiter","publisher":{"@id":"https:\/\/www.hnhlcranes.com\/#organization"},"potentialAction":[{"@type":"SearchAction","target":{"@type":"EntryPoint","urlTemplate":"https:\/\/www.hnhlcranes.com\/?s={search_term_string}"},"query-input":{"@type":"PropertyValueSpecification","valueRequired":true,"valueName":"search_term_string"}}],"inLanguage":"et"},{"@type":"Organization","@id":"https:\/\/www.hnhlcranes.com\/#organization","name":"Crane Parts Manufacturer","url":"https:\/\/www.hnhlcranes.com\/","logo":{"@type":"ImageObject","inLanguage":"et","@id":"https:\/\/www.hnhlcranes.com\/#\/schema\/logo\/image\/","url":"https:\/\/www.hnhlcranes.com\/wp-content\/uploads\/2025\/01\/HL-logo-1.png","contentUrl":"https:\/\/www.hnhlcranes.com\/wp-content\/uploads\/2025\/01\/HL-logo-1.png","width":600,"height":169,"caption":"Crane Parts Manufacturer"},"image":{"@id":"https:\/\/www.hnhlcranes.com\/#\/schema\/logo\/image\/"}}]}},"_links":{"self":[{"href":"https:\/\/www.hnhlcranes.com\/et\/wp-json\/wp\/v2\/product\/4915","targetHints":{"allow":["GET"]}}],"collection":[{"href":"https:\/\/www.hnhlcranes.com\/et\/wp-json\/wp\/v2\/product"}],"about":[{"href":"https:\/\/www.hnhlcranes.com\/et\/wp-json\/wp\/v2\/types\/product"}],"version-history":[{"count":6,"href":"https:\/\/www.hnhlcranes.com\/et\/wp-json\/wp\/v2\/product\/4915\/revisions"}],"predecessor-version":[{"id":6889,"href":"https:\/\/www.hnhlcranes.com\/et\/wp-json\/wp\/v2\/product\/4915\/revisions\/6889"}],"wp:featuredmedia":[{"embeddable":true,"href":"https:\/\/www.hnhlcranes.com\/et\/wp-json\/wp\/v2\/media\/6882"}],"wp:attachment":[{"href":"https:\/\/www.hnhlcranes.com\/et\/wp-json\/wp\/v2\/media?parent=4915"}],"wp:term":[{"taxonomy":"product_brand","embeddable":true,"href":"https:\/\/www.hnhlcranes.com\/et\/wp-json\/wp\/v2\/product_brand?post=4915"},{"taxonomy":"product_cat","embeddable":true,"href":"https:\/\/www.hnhlcranes.com\/et\/wp-json\/wp\/v2\/product_cat?post=4915"},{"taxonomy":"product_tag","embeddable":true,"href":"https:\/\/www.hnhlcranes.com\/et\/wp-json\/wp\/v2\/product_tag?post=4915"}],"curies":[{"name":"wp","href":"https:\/\/api.w.org\/{rel}","templated":true}]}}