{"id":5222,"date":"2024-11-10T21:52:35","date_gmt":"2024-11-10T13:52:35","guid":{"rendered":"https:\/\/www.hnhlcranes.com\/?post_type=product&#038;p=5222"},"modified":"2025-01-19T18:08:47","modified_gmt":"2025-01-19T10:08:47","slug":"f-seeria-kaigumootor","status":"publish","type":"product","link":"https:\/\/www.hnhlcranes.com\/et\/toode\/f-seeria-kaigumootor\/","title":{"rendered":"F-seeria k\u00e4igumootor"},"content":{"rendered":"<h3>J\u00f5udlusomadused<\/h3>\n<p>F-seeria k\u00e4igumootor, K-seeria k\u00e4igumootor ja <a href=\"https:\/\/www.hnhlcranes.com\/et\/toode\/r-seeria-kaigumootor\/\" target=\"_blank\" rel=\"noopener\">R-seeria k\u00e4igumootor<\/a> ei ole mitte ainult kompaktsed, vaid ka v\u00f5imsad, andes vaatamata oma v\u00e4iksusele suure p\u00f6\u00f6rdemomendi. Need k\u00e4igumootorid on konstrueeritud ja valmistatud modulaarse kombinatsioonis\u00fcsteemi abil. Selle tulemusena pakuvad nad laia valikut mootorikombinatsioone, paigalduskonfiguratsioone ja konstruktsiooniv\u00f5imalusi. Lisaks v\u00f5imaldavad peenelt astmestatud \u00fclekandesuhted neid sujuvalt kohandada erinevate t\u00f6\u00f6tingimustega, saavutades t\u00f5husa elektromehaanilise integreerimise.<\/p>\n<p>Eelk\u00f5ige F-, K- ja R-seeria reduktorite puhul kasutatakse modulaar\u00fcksuse konstruktsiooni, mis lihtsustab tootmisprotsessi. Selline l\u00e4henemisviis v\u00e4hendab m\u00e4rkimisv\u00e4\u00e4rselt osade mitmekesisust ja laoseisu, l\u00fchendades seel\u00e4bi tarneaega. Lisaks sellele paistavad need hammasrataste mootorid silma k\u00f5rge \u00fclekandet\u00f5hususe, madala energiatarbimise ja silmapaistva \u00fcldise j\u00f5udluse poolest, mis teeb neist oma kategoorias silmapaistva valiku.<\/p>\n<p>K\u00e4igumootorid on varustatud suure j\u00e4ikusega malmist korpusega, mis on tugevdatud ribidega, mis lisavad tugevust. Lisaks valmistavad tootjad hammasrattaid kvaliteetsest legeeritud terasest, rakendades karestamise ja karestamise karastusprotsessi. Sellele j\u00e4rgneb t\u00e4ppish lihvimine, mis tagab sujuva \u00fclekande, madala m\u00fcra, suure kandev\u00f5ime, minimaalse temperatuurit\u00f5usu ja pikendatud kasutusaja.<\/p>\n<p>T\u00e4nu nende erakordsele mitmek\u00fclgsusele kasutatakse neid hammasajamootoreid laialdaselt erinevates t\u00f6\u00f6stusharudes. N\u00e4iteks on nad asendamatud t\u00f5steseadmetes, kerget\u00f6\u00f6stuses, eskalaatorites, automatiseeritud ladustuss\u00fcsteemides, ehitusmasinates, terase- ja metallurgias, paberit\u00f6\u00f6stuses ja puitplaatide tootmises. Lisaks kasutatakse neid sageli autot\u00f6\u00f6stuses, tubakat\u00f6\u00f6stuses, veekaitseprojektides, tr\u00fckinduses ja pakendamises, farmaatsiat\u00f6\u00f6stuses, tekstiilit\u00f6\u00f6stuses, ehitusmaterjalides, logistikas, s\u00f6\u00f6damasinates ja keskkonnakaitses.<\/p>\n<p>Enne transportimist j\u00e4tavad tootjad need reduktorid ilma \u00f5lita, et tagada ohutu transport. Seet\u00f5ttu soovitatakse kasutajatel enne mootorite k\u00e4itamist lisada N220 keskmise r\u00f5huga t\u00f6\u00f6stuslikku hammasratta\u00f5li, et optimeerida nende j\u00f5udlust.<\/p>\n<h6><strong><span style=\"font-family: arial, helvetica, sans-serif; font-size: 18pt;\">Struktuur ja konfiguratsioon<\/span><\/strong><\/h6>\n<p><img fetchpriority=\"high\" decoding=\"async\" class=\"alignnone wp-image-7312\" src=\"https:\/\/www.hnhlcranes.com\/wp-content\/uploads\/2024\/11\/F-Series-Gear-Motor-5-300x75.jpg\" alt=\"\" width=\"960\" height=\"240\" srcset=\"https:\/\/www.hnhlcranes.com\/wp-content\/uploads\/2024\/11\/F-Series-Gear-Motor-5-300x75.jpg 300w, https:\/\/www.hnhlcranes.com\/wp-content\/uploads\/2024\/11\/F-Series-Gear-Motor-5-768x192.jpg 768w, https:\/\/www.hnhlcranes.com\/wp-content\/uploads\/2024\/11\/F-Series-Gear-Motor-5-600x150.jpg 600w, https:\/\/www.hnhlcranes.com\/wp-content\/uploads\/2024\/11\/F-Series-Gear-Motor-5.jpg 1000w\" sizes=\"(max-width: 960px) 100vw, 960px\" \/><\/p>\n<p>&nbsp;<\/p>\n<h6><strong><span style=\"font-family: arial, helvetica, sans-serif; font-size: 18pt;\">Paigaldamise vormid<\/span><\/strong><\/h6>\n<p><img decoding=\"async\" class=\"alignnone wp-image-7313\" src=\"https:\/\/www.hnhlcranes.com\/wp-content\/uploads\/2024\/11\/F-Series-Gear-Motor-6-300x132.jpg\" alt=\"\" width=\"961\" height=\"423\" srcset=\"https:\/\/www.hnhlcranes.com\/wp-content\/uploads\/2024\/11\/F-Series-Gear-Motor-6-300x132.jpg 300w, https:\/\/www.hnhlcranes.com\/wp-content\/uploads\/2024\/11\/F-Series-Gear-Motor-6-768x337.jpg 768w, https:\/\/www.hnhlcranes.com\/wp-content\/uploads\/2024\/11\/F-Series-Gear-Motor-6-600x263.jpg 600w, https:\/\/www.hnhlcranes.com\/wp-content\/uploads\/2024\/11\/F-Series-Gear-Motor-6.jpg 1000w\" sizes=\"(max-width: 961px) 100vw, 961px\" \/><\/p>\n<p>&nbsp;<\/p>\n<h6><strong><span style=\"font-family: arial, helvetica, sans-serif; font-size: 18pt;\">Mootori \u00fchenduskarbi asend<\/span><\/strong><\/h6>\n<p><img decoding=\"async\" class=\"alignnone wp-image-7314\" src=\"https:\/\/www.hnhlcranes.com\/wp-content\/uploads\/2024\/11\/F-Series-Gear-Motor-7-300x68.jpg\" alt=\"\" width=\"979\" height=\"222\" srcset=\"https:\/\/www.hnhlcranes.com\/wp-content\/uploads\/2024\/11\/F-Series-Gear-Motor-7-300x68.jpg 300w, https:\/\/www.hnhlcranes.com\/wp-content\/uploads\/2024\/11\/F-Series-Gear-Motor-7-768x174.jpg 768w, https:\/\/www.hnhlcranes.com\/wp-content\/uploads\/2024\/11\/F-Series-Gear-Motor-7-600x136.jpg 600w, https:\/\/www.hnhlcranes.com\/wp-content\/uploads\/2024\/11\/F-Series-Gear-Motor-7.jpg 1000w\" sizes=\"(max-width: 979px) 100vw, 979px\" \/><\/p>\n<p>&nbsp;<\/p>\n<h6><strong><span style=\"font-family: arial, helvetica, sans-serif; font-size: 18pt;\">F-seeria k\u00e4igumootori p\u00f6\u00f6rlemissageduse vahemik ja maksimaalne p\u00f6\u00f6rdemoment<\/span><\/strong><\/h6>\n<table style=\"width: 100%; border-style: solid; border-color: #000000;\" border=\"1\" cellspacing=\"0.5\">\n<tbody>\n<tr>\n<td style=\"text-align: center;\" width=\"173\"><span style=\"font-size: 10pt;\">T\u00fc\u00fcp<\/span><\/td>\n<td style=\"text-align: center;\" width=\"85\"><span style=\"font-size: 10pt;\">03<\/span><\/td>\n<td style=\"text-align: center;\" width=\"85\"><span style=\"font-size: 10pt;\">04<\/span><\/td>\n<td style=\"text-align: center;\" width=\"85\"><span style=\"font-size: 10pt;\">05<\/span><\/td>\n<td style=\"text-align: center;\" width=\"85\"><span style=\"font-size: 10pt;\">06<\/span><\/td>\n<td style=\"text-align: center;\" width=\"85\"><span style=\"font-size: 10pt;\">07<\/span><\/td>\n<td style=\"text-align: center;\" width=\"85\"><span style=\"font-size: 10pt;\">08<\/span><\/td>\n<td style=\"text-align: center;\" width=\"85\"><span style=\"font-size: 10pt;\">09<\/span><\/td>\n<td style=\"text-align: center;\" width=\"85\"><span style=\"font-size: 10pt;\">10<\/span><\/td>\n<td style=\"text-align: center;\" width=\"85\"><span style=\"font-size: 10pt;\">12<\/span><\/td>\n<td style=\"text-align: center;\" width=\"84\"><span style=\"font-size: 10pt;\">15<\/span><\/td>\n<\/tr>\n<tr>\n<td style=\"text-align: center;\" width=\"173\"><span style=\"font-size: 10pt;\">Struktuuriline vorm<\/span><\/td>\n<td style=\"text-align: center;\" colspan=\"10\" width=\"849\"><span style=\"font-size: 10pt;\">FA,FAF,F,FH<\/span><\/td>\n<\/tr>\n<tr>\n<td style=\"text-align: center;\" width=\"173\"><span style=\"font-size: 10pt;\">K\u00e4iguvahetuse suhe<\/span><\/td>\n<td style=\"text-align: center;\" width=\"85\"><span style=\"font-size: 10pt;\">3.77~<\/span><\/p>\n<p><span style=\"font-size: 10pt;\">128.51<\/span><\/td>\n<td style=\"text-align: center;\" width=\"85\"><span style=\"font-size: 10pt;\">4.99~<\/span><\/p>\n<p><span style=\"font-size: 10pt;\">190.76<\/span><\/td>\n<td style=\"text-align: center;\" width=\"85\"><span style=\"font-size: 10pt;\">5.18~<\/span><\/p>\n<p><span style=\"font-size: 10pt;\">199.7<\/span><\/td>\n<td style=\"text-align: center;\" width=\"85\"><span style=\"font-size: 10pt;\">3.97~<\/span><\/p>\n<p><span style=\"font-size: 10pt;\">228.99<\/span><\/td>\n<td style=\"text-align: center;\" width=\"85\"><span style=\"font-size: 10pt;\">4.28~<\/span><\/p>\n<p><span style=\"font-size: 10pt;\">281.71<\/span><\/td>\n<td style=\"text-align: center;\" width=\"85\"><span style=\"font-size: 10pt;\">4.12~<\/span><\/p>\n<p><span style=\"font-size: 10pt;\">270.68<\/span><\/td>\n<td style=\"text-align: center;\" width=\"85\"><span style=\"font-size: 10pt;\">4.57~<\/span><\/p>\n<p><span style=\"font-size: 10pt;\">276.77<\/span><\/td>\n<td style=\"text-align: center;\" width=\"85\"><span style=\"font-size: 10pt;\">6.22~<\/span><\/p>\n<p><span style=\"font-size: 10pt;\">254.4<\/span><\/td>\n<td style=\"text-align: center;\" width=\"85\"><span style=\"font-size: 10pt;\">4.68~<\/span><\/p>\n<p><span style=\"font-size: 10pt;\">170.83<\/span><\/td>\n<td style=\"text-align: center;\" width=\"84\"><span style=\"font-size: 10pt;\">11.92~<\/span><\/p>\n<p><span style=\"font-size: 10pt;\">267.43<\/span><\/td>\n<\/tr>\n<tr>\n<td style=\"text-align: center;\" width=\"173\"><span style=\"font-size: 10pt;\">Maksimaalne p\u00f6\u00f6rdemoment<\/span><\/p>\n<p><span style=\"font-size: 10pt;\">N.m<\/span><\/td>\n<td style=\"text-align: center;\" width=\"85\"><span style=\"font-size: 10pt;\">200<\/span><\/td>\n<td style=\"text-align: center;\" width=\"85\"><span style=\"font-size: 10pt;\">400<\/span><\/td>\n<td style=\"text-align: center;\" width=\"85\"><span style=\"font-size: 10pt;\">600<\/span><\/td>\n<td style=\"text-align: center;\" width=\"85\"><span style=\"font-size: 10pt;\">820<\/span><\/td>\n<td style=\"text-align: center;\" width=\"85\"><span style=\"font-size: 10pt;\">1500<\/span><\/td>\n<td style=\"text-align: center;\" width=\"85\"><span style=\"font-size: 10pt;\">3000<\/span><\/td>\n<td style=\"text-align: center;\" width=\"85\"><span style=\"font-size: 10pt;\">4300<\/span><\/td>\n<td style=\"text-align: center;\" width=\"85\"><span style=\"font-size: 10pt;\">7840<\/span><\/td>\n<td style=\"text-align: center;\" width=\"85\"><span style=\"font-size: 10pt;\">12000<\/span><\/td>\n<td style=\"text-align: center;\" width=\"84\"><span style=\"font-size: 10pt;\">18000<\/span><\/td>\n<\/tr>\n<\/tbody>\n<\/table>\n<p>&nbsp;<\/p>","protected":false},"excerpt":{"rendered":"<h6><strong><span style=\"font-size: 14pt; font-family: arial, helvetica, sans-serif;\">F-seeria k\u00e4igumootori spetsifikatsioonid<\/span><\/strong><\/h6>\n<ul>\n<li><strong>Mudelid<\/strong>: F..03, F..04, F..05, F..06, F..07, F..08, F..09, F..10, F..12, F..15, F..16, F..18<\/li>\n<li><strong>Kiiruse suhe<\/strong>: 3.77 kuni 267.43<\/li>\n<li><strong>V\u00f5imsusvahemik<\/strong>: 0,12, 0,18, 0,25, 0,37, 0,55, 0,75, 1,1, 1,5, 2,2, 3, 4, 5,5, 7,5, 11, 15, 18,5, 22, 30, 37, 45, 55, 75, 90, 110, 132, 160, 200 kW.<\/li>\n<li><strong>Struktuurit\u00fc\u00fcbid<\/strong>: FA, FAF, F, FH<\/li>\n<li><strong>V\u00e4ljundi p\u00f6\u00f6rdemoment<\/strong>: 200 Nm kuni 18 000 Nm<\/li>\n<\/ul>","protected":false},"featured_media":7315,"template":"","meta":{"_kad_post_transparent":"default","_kad_post_title":"","_kad_post_layout":"default","_kad_post_sidebar_id":"","_kad_post_content_style":"default","_kad_post_vertical_padding":"show","_kad_post_feature":"","_kad_post_feature_position":"","_kad_post_header":false,"_kad_post_footer":false},"product_brand":[],"product_cat":[55],"product_tag":[376,374,561,558,373,542,547,557,566,555,546,559,564,541,565,551,543,548,575,570,538,571,539,576,572,540,549,544,550,563,562,567,560,552,553,556,545,554,573,568,536,574,569,537],"class_list":{"0":"post-5222","1":"product","2":"type-product","3":"status-publish","4":"has-post-thumbnail","6":"product_cat-crane-reducer","7":"product_tag-china-crane-parts-supplier","8":"product_tag-crane-accessories","9":"product_tag-crane-decelerators","10":"product_tag-crane-gearbox","11":"product_tag-crane-parts","12":"product_tag-f-series-gear-motor","13":"product_tag-f-series-three-in-one-reducer","14":"product_tag-fem-standard-gear-motors","15":"product_tag-flender-reducer","16":"product_tag-gear-motor-for-crane-traveling","17":"product_tag-gear-motors","18":"product_tag-gear-reducer","19":"product_tag-gear-reducer-for-crane","20":"product_tag-h-series-gearbox","21":"product_tag-hard-tooth-surface-reducercrane-and-hoist-reducer","22":"product_tag-helical-gear-motor-r-series","23":"product_tag-k-series-gear-motor","24":"product_tag-k-series-three-in-one-reducer","25":"product_tag-qj-crane-reducer","26":"product_tag-qj-gearbox","27":"product_tag-qj-reducer","28":"product_tag-qj-l-gearbox","29":"product_tag-qj-l-reducer","30":"product_tag-qjy-crane-reducer","31":"product_tag-qjy-gearbox","32":"product_tag-qjy-reducer","33":"product_tag-r-series-crane-reducer","34":"product_tag-r-series-gear-motor","35":"product_tag-r-series-helical-gear-units","36":"product_tag-reducer-for-crane","37":"product_tag-reducer-gearbox","38":"product_tag-reducer-manufacturer","39":"product_tag-speed-reducer","40":"product_tag-three-in-one-reducer","41":"product_tag-travelling-machinery","42":"product_tag-travelling-machinery-frequency-inverter-motors","43":"product_tag-travelling-machinery-gear-motor","44":"product_tag-travelling-motor-with-gear","45":"product_tag-zq-crane-reducer","46":"product_tag-zq-gearbox","47":"product_tag-zq-reducer","48":"product_tag-zsc-crane-reducer","49":"product_tag-zsc-gearbox","50":"product_tag-zsc-reducer","52":"first","53":"instock","54":"featured","55":"shipping-taxable","56":"product-type-simple","57":"entry","58":"content-bg","59":"loop-entry"},"yoast_head":"<!-- This site is optimized with the Yoast SEO plugin v24.5 - https:\/\/yoast.com\/wordpress\/plugins\/seo\/ -->\n<title>F Series Gear Motor - F series three-in-one reducer- Crane Parts Manufacturer<\/title>\n<meta name=\"description\" content=\"F Series Gear Motors,F series three-in-one reducer,K series three-in-one reducer,Crane Gearbox,travelling machinery gear motors,Travelling Motor With Gear\" \/>\n<meta name=\"robots\" content=\"index, follow, max-snippet:-1, max-image-preview:large, max-video-preview:-1\" \/>\n<link rel=\"canonical\" href=\"https:\/\/www.hnhlcranes.com\/et\/toode\/f-seeria-kaigumootor\/\" \/>\n<meta property=\"og:locale\" content=\"et_EE\" \/>\n<meta property=\"og:type\" content=\"article\" \/>\n<meta property=\"og:title\" content=\"F Series Gear Motor - F series three-in-one reducer- Crane Parts Manufacturer\" \/>\n<meta property=\"og:description\" content=\"F Series Gear Motors,F series three-in-one reducer,K series three-in-one reducer,Crane Gearbox,travelling machinery gear motors,Travelling Motor With Gear\" \/>\n<meta property=\"og:url\" content=\"https:\/\/www.hnhlcranes.com\/et\/toode\/f-seeria-kaigumootor\/\" \/>\n<meta property=\"og:site_name\" content=\"Crane Parts Manufacturer\" \/>\n<meta property=\"article:modified_time\" content=\"2025-01-19T10:08:47+00:00\" \/>\n<meta property=\"og:image\" content=\"https:\/\/www.hnhlcranes.com\/wp-content\/uploads\/2024\/11\/F-Series-Gear-Motor.jpg\" \/>\n\t<meta property=\"og:image:width\" content=\"600\" \/>\n\t<meta property=\"og:image:height\" content=\"600\" \/>\n\t<meta property=\"og:image:type\" content=\"image\/jpeg\" \/>\n<meta name=\"twitter:card\" content=\"summary_large_image\" \/>\n<meta name=\"twitter:label1\" content=\"Est. reading time\" \/>\n\t<meta name=\"twitter:data1\" content=\"3 minutit\" \/>\n<script type=\"application\/ld+json\" class=\"yoast-schema-graph\">{\"@context\":\"https:\/\/schema.org\",\"@graph\":[{\"@type\":\"WebPage\",\"@id\":\"https:\/\/www.hnhlcranes.com\/product\/f-series-gear-motor\/\",\"url\":\"https:\/\/www.hnhlcranes.com\/product\/f-series-gear-motor\/\",\"name\":\"F Series Gear Motor - F series three-in-one reducer- Crane Parts Manufacturer\",\"isPartOf\":{\"@id\":\"https:\/\/www.hnhlcranes.com\/#website\"},\"primaryImageOfPage\":{\"@id\":\"https:\/\/www.hnhlcranes.com\/product\/f-series-gear-motor\/#primaryimage\"},\"image\":{\"@id\":\"https:\/\/www.hnhlcranes.com\/product\/f-series-gear-motor\/#primaryimage\"},\"thumbnailUrl\":\"https:\/\/www.hnhlcranes.com\/wp-content\/uploads\/2024\/11\/F-Series-Gear-Motor.jpg\",\"datePublished\":\"2024-11-10T13:52:35+00:00\",\"dateModified\":\"2025-01-19T10:08:47+00:00\",\"description\":\"F Series Gear Motors,F series three-in-one reducer,K series three-in-one reducer,Crane Gearbox,travelling machinery gear motors,Travelling Motor With Gear\",\"breadcrumb\":{\"@id\":\"https:\/\/www.hnhlcranes.com\/product\/f-series-gear-motor\/#breadcrumb\"},\"inLanguage\":\"et\",\"potentialAction\":[{\"@type\":\"ReadAction\",\"target\":[\"https:\/\/www.hnhlcranes.com\/product\/f-series-gear-motor\/\"]}]},{\"@type\":\"ImageObject\",\"inLanguage\":\"et\",\"@id\":\"https:\/\/www.hnhlcranes.com\/product\/f-series-gear-motor\/#primaryimage\",\"url\":\"https:\/\/www.hnhlcranes.com\/wp-content\/uploads\/2024\/11\/F-Series-Gear-Motor.jpg\",\"contentUrl\":\"https:\/\/www.hnhlcranes.com\/wp-content\/uploads\/2024\/11\/F-Series-Gear-Motor.jpg\",\"width\":600,\"height\":600},{\"@type\":\"BreadcrumbList\",\"@id\":\"https:\/\/www.hnhlcranes.com\/product\/f-series-gear-motor\/#breadcrumb\",\"itemListElement\":[{\"@type\":\"ListItem\",\"position\":1,\"name\":\"home\",\"item\":\"https:\/\/www.hnhlcranes.com\/\"},{\"@type\":\"ListItem\",\"position\":2,\"name\":\"products\",\"item\":\"https:\/\/www.hnhlcranes.com\/products\/\"},{\"@type\":\"ListItem\",\"position\":3,\"name\":\"F Series Gear Motor\"}]},{\"@type\":\"WebSite\",\"@id\":\"https:\/\/www.hnhlcranes.com\/#website\",\"url\":\"https:\/\/www.hnhlcranes.com\/\",\"name\":\"Crane Parts Manufacturer\",\"description\":\"Crane Wheels,Crane Drums,Crane Hooks,Crane Coupling,Crane End Carriage,Electric Hoist,European Crane Parts,Crane Rail Clip,Crane Spreader,Crane Motor,Crane Reducer,Crane Brake,Light Crane Parts,Workstation Crane Parts,Crane Electrical Parts,China Crane Parts Supplier,China Crane Parts Manufacturer,Angle box type crane wheel,45 degree split crane wheel,European crane wheel,Crane Wheel Blocks,Overhead crane drum,European crane drum,Overhead crane hook,European crane hook,Crane pulley block,Gear coupling,Brake wheel coupling,Drum gear coupling,Brake wheel drum gear coupling,Cardan Shaft Coupling,WZL drum coupling,Plum blossom elastic coupling,Brake wheel plum elastic coupling,European Single girder crane end carriage,European Double girder crane end carriage,European Suspension  crane end carriage,Wire Rope Electric Hoist,Electric Chain Hoist,European Single Girder Wire Rope Electric Hoist,European Double Girder Wire Rope Electric Hoist,Crane grab,Container spreader,Billet crane clamps,C-type hook,Lifting Electromagnet,YZR crane motor,YZP crane motor,ZQ Reducer,ZSC Reducer,QJ Reducer,QJ-L Reducer,QJY Reducer,H series gearbox,F Series Gear Motor,K Series Gear Motor,R Series Gear Motor,travelling machinery gear motor,Electro hydraulic drum brake,Electro hydraulic disc brake,Crane Safety brake,Crane cable trolley,Crane remote controller,Crane pendant controller,Crane electrical control cabinet,Crane limit switch,Crane sound and light alarm,Heavy Duty Aviation Connector,Crane overload limiter\",\"publisher\":{\"@id\":\"https:\/\/www.hnhlcranes.com\/#organization\"},\"potentialAction\":[{\"@type\":\"SearchAction\",\"target\":{\"@type\":\"EntryPoint\",\"urlTemplate\":\"https:\/\/www.hnhlcranes.com\/?s={search_term_string}\"},\"query-input\":{\"@type\":\"PropertyValueSpecification\",\"valueRequired\":true,\"valueName\":\"search_term_string\"}}],\"inLanguage\":\"et\"},{\"@type\":\"Organization\",\"@id\":\"https:\/\/www.hnhlcranes.com\/#organization\",\"name\":\"Crane Parts Manufacturer\",\"url\":\"https:\/\/www.hnhlcranes.com\/\",\"logo\":{\"@type\":\"ImageObject\",\"inLanguage\":\"et\",\"@id\":\"https:\/\/www.hnhlcranes.com\/#\/schema\/logo\/image\/\",\"url\":\"https:\/\/www.hnhlcranes.com\/wp-content\/uploads\/2025\/01\/HL-logo-1.png\",\"contentUrl\":\"https:\/\/www.hnhlcranes.com\/wp-content\/uploads\/2025\/01\/HL-logo-1.png\",\"width\":600,\"height\":169,\"caption\":\"Crane Parts Manufacturer\"},\"image\":{\"@id\":\"https:\/\/www.hnhlcranes.com\/#\/schema\/logo\/image\/\"}}]}<\/script>\n<!-- \/ Yoast SEO plugin. -->","yoast_head_json":{"title":"F Series Gear Motor - F series three-in-one reducer- Crane Parts Manufacturer","description":"F Series Gear Motors,F series three-in-one reducer,K series three-in-one reducer,Crane Gearbox,travelling machinery gear motors,Travelling Motor With Gear","robots":{"index":"index","follow":"follow","max-snippet":"max-snippet:-1","max-image-preview":"max-image-preview:large","max-video-preview":"max-video-preview:-1"},"canonical":"https:\/\/www.hnhlcranes.com\/et\/toode\/f-seeria-kaigumootor\/","og_locale":"et_EE","og_type":"article","og_title":"F Series Gear Motor - F series three-in-one reducer- Crane Parts Manufacturer","og_description":"F Series Gear Motors,F series three-in-one reducer,K series three-in-one reducer,Crane Gearbox,travelling machinery gear motors,Travelling Motor With Gear","og_url":"https:\/\/www.hnhlcranes.com\/et\/toode\/f-seeria-kaigumootor\/","og_site_name":"Crane Parts Manufacturer","article_modified_time":"2025-01-19T10:08:47+00:00","og_image":[{"width":600,"height":600,"url":"https:\/\/www.hnhlcranes.com\/wp-content\/uploads\/2024\/11\/F-Series-Gear-Motor.jpg","type":"image\/jpeg"}],"twitter_card":"summary_large_image","twitter_misc":{"Est. reading time":"3 minutit"},"schema":{"@context":"https:\/\/schema.org","@graph":[{"@type":"WebPage","@id":"https:\/\/www.hnhlcranes.com\/product\/f-series-gear-motor\/","url":"https:\/\/www.hnhlcranes.com\/product\/f-series-gear-motor\/","name":"F Series Gear Motor - F series three-in-one reducer- Crane Parts Manufacturer","isPartOf":{"@id":"https:\/\/www.hnhlcranes.com\/#website"},"primaryImageOfPage":{"@id":"https:\/\/www.hnhlcranes.com\/product\/f-series-gear-motor\/#primaryimage"},"image":{"@id":"https:\/\/www.hnhlcranes.com\/product\/f-series-gear-motor\/#primaryimage"},"thumbnailUrl":"https:\/\/www.hnhlcranes.com\/wp-content\/uploads\/2024\/11\/F-Series-Gear-Motor.jpg","datePublished":"2024-11-10T13:52:35+00:00","dateModified":"2025-01-19T10:08:47+00:00","description":"F Series Gear Motors,F series three-in-one reducer,K series three-in-one reducer,Crane Gearbox,travelling machinery gear motors,Travelling Motor With Gear","breadcrumb":{"@id":"https:\/\/www.hnhlcranes.com\/product\/f-series-gear-motor\/#breadcrumb"},"inLanguage":"et","potentialAction":[{"@type":"ReadAction","target":["https:\/\/www.hnhlcranes.com\/product\/f-series-gear-motor\/"]}]},{"@type":"ImageObject","inLanguage":"et","@id":"https:\/\/www.hnhlcranes.com\/product\/f-series-gear-motor\/#primaryimage","url":"https:\/\/www.hnhlcranes.com\/wp-content\/uploads\/2024\/11\/F-Series-Gear-Motor.jpg","contentUrl":"https:\/\/www.hnhlcranes.com\/wp-content\/uploads\/2024\/11\/F-Series-Gear-Motor.jpg","width":600,"height":600},{"@type":"BreadcrumbList","@id":"https:\/\/www.hnhlcranes.com\/product\/f-series-gear-motor\/#breadcrumb","itemListElement":[{"@type":"ListItem","position":1,"name":"home","item":"https:\/\/www.hnhlcranes.com\/"},{"@type":"ListItem","position":2,"name":"products","item":"https:\/\/www.hnhlcranes.com\/products\/"},{"@type":"ListItem","position":3,"name":"F Series Gear Motor"}]},{"@type":"WebSite","@id":"https:\/\/www.hnhlcranes.com\/#website","url":"https:\/\/www.hnhlcranes.com\/","name":"Crane Parts Manufacturer","description":"Crane Wheels,Crane Drums,Crane Hooks,Crane Coupling,Crane End Carriage,Electric Hoist,European Crane Parts,Crane Rail Clip,Crane Spreader,Crane Motor,Crane Reducer,Crane Brake,Light Crane Parts,Workstation Crane Parts,Crane Electrical Parts,China Crane Parts Supplier,China Crane Parts Manufacturer,Angle box type crane wheel,45 degree split crane wheel,European crane wheel,Crane Wheel Blocks,Overhead crane drum,European crane drum,Overhead crane hook,European crane hook,Crane pulley block,Gear coupling,Brake wheel coupling,Drum gear coupling,Brake wheel drum gear coupling,Cardan Shaft Coupling,WZL drum coupling,Plum blossom elastic coupling,Brake wheel plum elastic coupling,European Single girder crane end carriage,European Double girder crane end carriage,European Suspension  crane end carriage,Wire Rope Electric Hoist,Electric Chain Hoist,European Single Girder Wire Rope Electric Hoist,European Double Girder Wire Rope Electric Hoist,Crane grab,Container spreader,Billet crane clamps,C-type hook,Lifting Electromagnet,YZR crane motor,YZP crane motor,ZQ Reducer,ZSC Reducer,QJ Reducer,QJ-L Reducer,QJY Reducer,H series gearbox,F Series Gear Motor,K Series Gear Motor,R Series Gear Motor,travelling machinery gear motor,Electro hydraulic drum brake,Electro hydraulic disc brake,Crane Safety brake,Crane cable trolley,Crane remote controller,Crane pendant controller,Crane electrical control cabinet,Crane limit switch,Crane sound and light alarm,Heavy Duty Aviation Connector,Crane overload limiter","publisher":{"@id":"https:\/\/www.hnhlcranes.com\/#organization"},"potentialAction":[{"@type":"SearchAction","target":{"@type":"EntryPoint","urlTemplate":"https:\/\/www.hnhlcranes.com\/?s={search_term_string}"},"query-input":{"@type":"PropertyValueSpecification","valueRequired":true,"valueName":"search_term_string"}}],"inLanguage":"et"},{"@type":"Organization","@id":"https:\/\/www.hnhlcranes.com\/#organization","name":"Crane Parts Manufacturer","url":"https:\/\/www.hnhlcranes.com\/","logo":{"@type":"ImageObject","inLanguage":"et","@id":"https:\/\/www.hnhlcranes.com\/#\/schema\/logo\/image\/","url":"https:\/\/www.hnhlcranes.com\/wp-content\/uploads\/2025\/01\/HL-logo-1.png","contentUrl":"https:\/\/www.hnhlcranes.com\/wp-content\/uploads\/2025\/01\/HL-logo-1.png","width":600,"height":169,"caption":"Crane Parts Manufacturer"},"image":{"@id":"https:\/\/www.hnhlcranes.com\/#\/schema\/logo\/image\/"}}]}},"_links":{"self":[{"href":"https:\/\/www.hnhlcranes.com\/et\/wp-json\/wp\/v2\/product\/5222","targetHints":{"allow":["GET"]}}],"collection":[{"href":"https:\/\/www.hnhlcranes.com\/et\/wp-json\/wp\/v2\/product"}],"about":[{"href":"https:\/\/www.hnhlcranes.com\/et\/wp-json\/wp\/v2\/types\/product"}],"version-history":[{"count":4,"href":"https:\/\/www.hnhlcranes.com\/et\/wp-json\/wp\/v2\/product\/5222\/revisions"}],"predecessor-version":[{"id":7340,"href":"https:\/\/www.hnhlcranes.com\/et\/wp-json\/wp\/v2\/product\/5222\/revisions\/7340"}],"wp:featuredmedia":[{"embeddable":true,"href":"https:\/\/www.hnhlcranes.com\/et\/wp-json\/wp\/v2\/media\/7315"}],"wp:attachment":[{"href":"https:\/\/www.hnhlcranes.com\/et\/wp-json\/wp\/v2\/media?parent=5222"}],"wp:term":[{"taxonomy":"product_brand","embeddable":true,"href":"https:\/\/www.hnhlcranes.com\/et\/wp-json\/wp\/v2\/product_brand?post=5222"},{"taxonomy":"product_cat","embeddable":true,"href":"https:\/\/www.hnhlcranes.com\/et\/wp-json\/wp\/v2\/product_cat?post=5222"},{"taxonomy":"product_tag","embeddable":true,"href":"https:\/\/www.hnhlcranes.com\/et\/wp-json\/wp\/v2\/product_tag?post=5222"}],"curies":[{"name":"wp","href":"https:\/\/api.w.org\/{rel}","templated":true}]}}