{"id":5487,"date":"2024-11-26T01:03:18","date_gmt":"2024-11-25T17:03:18","guid":{"rendered":"https:\/\/www.hnhlcranes.com\/?post_type=product&#038;p=5487"},"modified":"2025-01-10T15:41:51","modified_gmt":"2025-01-10T07:41:51","slug":"tostev-elektromagnet","status":"publish","type":"product","link":"https:\/\/www.hnhlcranes.com\/et\/toode\/tostev-elektromagnet\/","title":{"rendered":"T\u00f5stev elektromagnet"},"content":{"rendered":"<div class=\"flex-1 overflow-hidden @container\/thread\">\n<div class=\"h-full\">\n<div class=\"react-scroll-to-bottom--css-xvoge-79elbk h-full\">\n<div class=\"react-scroll-to-bottom--css-xvoge-1n7m0yu\">\n<div class=\"flex flex-col text-sm md:pb-9\">\n<article class=\"w-full scroll-mb-[var(--thread-trailing-height,150px)] text-token-text-primary focus-visible:outline-2 focus-visible:outline-offset-[-4px]\" dir=\"auto\" data-testid=\"conversation-turn-35\" data-scroll-anchor=\"true\">\n<div class=\"m-auto text-base py-[18px] px-3 md:px-4 w-full md:px-5 lg:px-4 xl:px-5\">\n<div class=\"mx-auto flex flex-1 gap-4 text-base md:gap-5 lg:gap-6 md:max-w-3xl lg:max-w-[40rem] xl:max-w-[48rem]\">\n<div class=\"group\/conversation-turn relative flex w-full min-w-0 flex-col agent-turn\">\n<div class=\"flex-col gap-1 md:gap-3\">\n<div class=\"flex max-w-full flex-col flex-grow\">\n<div class=\"min-h-8 text-message flex w-full flex-col items-end gap-2 whitespace-normal break-words text-start [.text-message+&amp;]:mt-5\" dir=\"auto\" data-message-author-role=\"assistant\" data-message-id=\"70b04e16-fa78-41b2-98a2-8fab7970678a\" data-message-model-slug=\"gpt-4o\">\n<div class=\"flex w-full flex-col gap-1 empty:hidden first:pt-[3px]\">\n<div class=\"markdown prose w-full break-words dark:prose-invert light\">\n<h3><strong>\u00dclevaade t\u00f5stmise elektromagnetist<\/strong><\/h3>\n<p>A <strong>t\u00f5stev elektromagnet<\/strong> on seade, mis tekitab magnetv\u00e4lja, kui elektrivool l\u00e4bib m\u00e4hist. See magnetv\u00e4li v\u00f5imaldab t\u00f5sta ferromagnetilisi materjale ja magnetism kaob, kui vool v\u00e4lja l\u00fclitatakse. Laialdaselt kasutatakse neid t\u00f6\u00f6stusharudes, nagu metallurgia, kaevandamine, masinad ja transport, ning t\u00f5stvad elektromagnetid pakuvad t\u00f5husat ja ohutut lahendust materjalide k\u00e4itlemiseks, eriti rakendustes, mis n\u00f5uavad sagedast raskete koormate t\u00f5stmist ja liigutamist.<\/p>\n<h3><strong>T\u00f5stev elektromagnet <\/strong><strong>Peamised omadused<\/strong><\/h3>\n<ol>\n<li><strong>Lihtne kontroll<\/strong>: T\u00f5stva elektromagneti magnetismi kontrollitakse lihtsalt voolu sisse- v\u00f5i v\u00e4ljal\u00fclitamisega, mis teeb magnetj\u00f5u aktiveerimise v\u00f5i deaktiveerimise vajaduse korral lihtsaks.<\/li>\n<li><strong>Paindlik reguleerimine<\/strong>: Reguleerides voolu intensiivsust ja suunda, saab magnetv\u00e4lja tugevust ja polaarsust muuta vastavalt konkreetsetele n\u00f5uetele, mis tagab suure paindlikkuse.<\/li>\n<li><strong>Laialdased rakendused<\/strong>: T\u00f5stemagnetid sobivad sellistes t\u00f6\u00f6stusharudes nagu metallurgia, masinad, kaevandamine ja transport, kus neid kasutatakse ferromagnetiliste materjalide, n\u00e4iteks terase t\u00f5stmiseks.<\/li>\n<\/ol>\n<h3><strong>Rakendused<\/strong><\/h3>\n<ul>\n<li><strong>Metallurgia ja kaevandamine<\/strong>: T\u00f5stemagnetid t\u00f5stetakse terase, malmist valuplokkide ja muude magnetiliste materjalide t\u00f5stmiseks, m\u00e4ngides olulist rolli terasetootmises ja mineraalide k\u00e4itlemises.<\/li>\n<li><strong>Masinad ja tootmine<\/strong>: Neid kasutatakse laialdaselt masinaosade, metallij\u00e4\u00e4tmete ja muude materjalide t\u00f5stmiseks, parandades tootmisettev\u00f5tete ja tootmisliinide t\u00f5husust.<\/li>\n<li><strong>Transport<\/strong>: Sellistes t\u00f6\u00f6stusharudes nagu raudteed, sadamad ja laevaehitus, asendavad t\u00f5stmise elektromagnetid k\u00e4sitsit\u00f6\u00f6d, h\u00f5lbustades raskete koormate t\u00f5stmist ning s\u00e4\u00e4stes nii aega kui ka t\u00f6\u00f6j\u00f5udu.<\/li>\n<li><strong>Erilised keskkonnad<\/strong>: T\u00f5stemagnetid on v\u00f5imelised t\u00f6\u00f6tama \u00e4\u00e4rmuslikes tingimustes, n\u00e4iteks k\u00f5rgetel temperatuuridel, vee all, tolmuses keskkonnas v\u00f5i m\u00fcrgiste gaasidega piirkondades, tagades usaldusv\u00e4\u00e4rse t\u00f6\u00f6 keerulistes tingimustes.<\/li>\n<\/ul>\n<h3><strong>Spetsiaalsed mudelid<\/strong><\/h3>\n<ul>\n<li><strong>MW5 seeria - vanaraua t\u00f5stmise elektromagnetid<\/strong>: M\u00f5eldud terasj\u00e4\u00e4tmete, malmist valuplokkide, teraskuulide ja muude vanametallide t\u00f5stmiseks.<\/li>\n<li><strong>MW12 seeria - ristk\u00fclikukujuline elektromagnet<\/strong>: Ideaalne kimpude t\u00f5stmiseks, millel on suure l\u00e4bilaskvusega magnetahel, mis suudab l\u00e4bida mitmeid \u00f5hul\u00f5ike.<\/li>\n<li><strong>MW22-seeria - terasvaluplokid ja suured plommid<\/strong>: Optimeeritud terasest valuplokkide, suurte esialgsete plokkide ja konstruktsiooniterase komponentide t\u00f5stmiseks.<\/li>\n<li><strong>MW84 seeria - Elektromagnet keskmise paksusega ja paksude terasplaatide jaoks<\/strong>: Spetsiaalselt kavandatud terasplaatide t\u00f5stmiseks paksusega 6-32 mm, mis tagab ohutu ja t\u00e4pse t\u00f6\u00f6. Pikemate plaatide puhul tuleb kasutada mitut elektromagnetit koos.<\/li>\n<\/ul>\n<h3><strong>Eelised<\/strong><\/h3>\n<ol>\n<li><strong>T\u00f5hus ja usaldusv\u00e4\u00e4rne<\/strong>: T\u00f5stev elektromagnetid tagavad kiire ja stabiilse t\u00f5stev\u00f5ime, mis parandab oluliselt t\u00f6\u00f6 t\u00f5husust.<\/li>\n<li><strong>Energiat\u00f5hus<\/strong>: Nad tarbivad v\u00e4hem energiat, t\u00e4ites samal ajal t\u00f5stmisn\u00f5udeid, mis teeb neist keskkonnas\u00f5braliku valiku.<\/li>\n<li><strong>K\u00f5rge ohutus<\/strong>: Kvaliteetsete materjalide ja t\u00e4iustatud konstruktsiooniga t\u00f5stev elektromagnetid on varustatud turvaelementidega, mis takistavad materjalide juhuslikku kukkumist.<\/li>\n<li><strong>Tugev kohanemisv\u00f5ime<\/strong>: Nad on v\u00f5imelised t\u00f6\u00f6tama erinevates keskkondades, sealhulgas k\u00f5rgetel temperatuuridel, niisketes tingimustes, tolmustes ja toksilistes keskkondades.<\/li>\n<\/ol>\n<h3><strong>Kokkuv\u00f5te<\/strong><\/h3>\n<p>Kokkuv\u00f5tteks v\u00f5ib \u00f6elda, et t\u00f5stvad elektromagnetid on t\u00f6\u00f6stuslikes rakendustes asendamatud, pakkudes lihtsat, t\u00f5husat ja ohutut materjali k\u00e4itlemise meetodit. Olenemata sellest, kas neid kasutatakse terasetootmises, mineraalide k\u00e4itlemisel, masinatootmises v\u00f5i ekstreemsetes tingimustes, tagavad t\u00f5stvad elektromagnetid usaldusv\u00e4\u00e4rsed, ohutud ja t\u00f5husad t\u00f5stet\u00f6\u00f6d. Nende kasutusmugavus, energiat\u00f5husus ja v\u00f5ime kohaneda erinevate keskkondadega muudavad need hindamatuteks t\u00f6\u00f6riistadeks t\u00f6\u00f6stusharudes, kus on vaja rasket t\u00f5stmist ja materjalide liigutamist.<\/p>\n<\/div>\n<\/div>\n<\/div>\n<\/div>\n<\/div>\n<\/div>\n<\/div>\n<\/div>\n<\/article>\n<\/div>\n<\/div>\n<\/div>\n<\/div>\n<\/div>","protected":false},"excerpt":{"rendered":"<p>Kraanamagnetid, t\u00f5stev elektromagnet<\/p>\n<ul>\n<li><span style=\"font-family: arial, helvetica, sans-serif; font-size: 12pt;\"><strong>MW5 seeria - vanaraua t\u00f5stmise elektromagnetid<\/strong><\/span><\/li>\n<li><span style=\"font-family: arial, helvetica, sans-serif; font-size: 12pt;\"><strong>MW12-seeria - ristk\u00fclikukujuline elektromagnetiline pingutuspesa komplekteeritud betoonvarraste jaoks<\/strong><\/span><\/li>\n<li><span style=\"font-family: arial, helvetica, sans-serif; font-size: 12pt;\"><strong>MW22-seeria - terasvaluplokid ja suured plommid<\/strong><\/span><\/li>\n<li><span style=\"font-family: arial, helvetica, sans-serif; font-size: 12pt;\"><strong>MW84 seeria - Elektromagnet keskmise paksusega ja paksude terasplaatide jaoks<\/strong><\/span><\/li>\n<\/ul>","protected":false},"featured_media":7184,"template":"","meta":{"_kad_post_transparent":"default","_kad_post_title":"","_kad_post_layout":"default","_kad_post_sidebar_id":"","_kad_post_content_style":"default","_kad_post_vertical_padding":"show","_kad_post_feature":"","_kad_post_feature_position":"","_kad_post_header":false,"_kad_post_footer":false},"product_brand":[],"product_cat":[59],"product_tag":[508,510,513,497,514,512,515,498,521,376,517,518,496,507,520,516,495,522,494,504,502,505,501,506,499,523,503,519,509,500,493,511],"class_list":{"0":"post-5487","1":"product","2":"type-product","3":"status-publish","4":"has-post-thumbnail","6":"product_cat-crane-spreader","7":"product_tag-20ft-container-spreader","8":"product_tag-40ft-container-lifting-frame","9":"product_tag-billet-clamps","10":"product_tag-billet-crane-clamp","11":"product_tag-billet-crane-clamps-manufacturer","12":"product_tag-billet-lifting-clamp","13":"product_tag-billet-lifting-clamps-china-supplier","14":"product_tag-c-type-hook","15":"product_tag-c-type-spreader","16":"product_tag-china-crane-parts-supplier","17":"product_tag-coil-c-type-hook","18":"product_tag-coil-hook","19":"product_tag-container-spreader","20":"product_tag-container-spreader-manufacturers","21":"product_tag-crane-c-hook","22":"product_tag-crane-c-type-spreader","23":"product_tag-crane-grab","24":"product_tag-crane-magnets","25":"product_tag-crane-spreader","26":"product_tag-electric-motor-grab","27":"product_tag-electro-hydraulic-multi-flap-grab","28":"product_tag-electro-hydraulicclamshell-grab","29":"product_tag-four-rope-grab","30":"product_tag-grab-manufacturers","31":"product_tag-lifting-electromagnet","32":"product_tag-lifting-electromagnet-spreader","33":"product_tag-orange-peel-grab","34":"product_tag-overhead-crane-steel-coil-c-type-hook","35":"product_tag-semi-automatic-container-spreader","36":"product_tag-singlr-rope-grab","37":"product_tag-special-crane-spreader","38":"product_tag-tec-container-spreader","40":"first","41":"instock","42":"shipping-taxable","43":"product-type-simple","44":"entry","45":"content-bg","46":"loop-entry"},"yoast_head":"<!-- This site is optimized with the Yoast SEO plugin v24.5 - https:\/\/yoast.com\/wordpress\/plugins\/seo\/ -->\n<title>Lifting Electromagnet -Crane magnets- Crane Parts Manufacturer<\/title>\n<meta name=\"description\" content=\"Crane magnets,Special Crane Spreader,Lifting Electromagnet Spreader,China Crane Parts Supplier,Lifting Electromagnet,Crane Spreader\" \/>\n<meta name=\"robots\" content=\"index, follow, max-snippet:-1, max-image-preview:large, max-video-preview:-1\" \/>\n<link rel=\"canonical\" href=\"https:\/\/www.hnhlcranes.com\/et\/toode\/tostev-elektromagnet\/\" \/>\n<meta property=\"og:locale\" content=\"et_EE\" \/>\n<meta property=\"og:type\" content=\"article\" \/>\n<meta property=\"og:title\" content=\"Lifting Electromagnet -Crane magnets- Crane Parts Manufacturer\" \/>\n<meta property=\"og:description\" content=\"Crane magnets,Special Crane Spreader,Lifting Electromagnet Spreader,China Crane Parts Supplier,Lifting Electromagnet,Crane Spreader\" \/>\n<meta property=\"og:url\" content=\"https:\/\/www.hnhlcranes.com\/et\/toode\/tostev-elektromagnet\/\" \/>\n<meta property=\"og:site_name\" content=\"Crane Parts Manufacturer\" \/>\n<meta property=\"article:modified_time\" content=\"2025-01-10T07:41:51+00:00\" \/>\n<meta property=\"og:image\" content=\"https:\/\/www.hnhlcranes.com\/wp-content\/uploads\/2024\/11\/Lifting-Electromagnet.jpg\" \/>\n\t<meta property=\"og:image:width\" content=\"600\" \/>\n\t<meta property=\"og:image:height\" content=\"600\" \/>\n\t<meta property=\"og:image:type\" content=\"image\/jpeg\" \/>\n<meta name=\"twitter:card\" content=\"summary_large_image\" \/>\n<meta name=\"twitter:label1\" content=\"Est. reading time\" \/>\n\t<meta name=\"twitter:data1\" content=\"3 minutit\" \/>\n<script type=\"application\/ld+json\" class=\"yoast-schema-graph\">{\"@context\":\"https:\/\/schema.org\",\"@graph\":[{\"@type\":\"WebPage\",\"@id\":\"https:\/\/www.hnhlcranes.com\/product\/lifting-electromagnet\/\",\"url\":\"https:\/\/www.hnhlcranes.com\/product\/lifting-electromagnet\/\",\"name\":\"Lifting Electromagnet -Crane magnets- Crane Parts Manufacturer\",\"isPartOf\":{\"@id\":\"https:\/\/www.hnhlcranes.com\/#website\"},\"primaryImageOfPage\":{\"@id\":\"https:\/\/www.hnhlcranes.com\/product\/lifting-electromagnet\/#primaryimage\"},\"image\":{\"@id\":\"https:\/\/www.hnhlcranes.com\/product\/lifting-electromagnet\/#primaryimage\"},\"thumbnailUrl\":\"https:\/\/www.hnhlcranes.com\/wp-content\/uploads\/2024\/11\/Lifting-Electromagnet.jpg\",\"datePublished\":\"2024-11-25T17:03:18+00:00\",\"dateModified\":\"2025-01-10T07:41:51+00:00\",\"description\":\"Crane magnets,Special Crane Spreader,Lifting Electromagnet Spreader,China Crane Parts Supplier,Lifting Electromagnet,Crane Spreader\",\"breadcrumb\":{\"@id\":\"https:\/\/www.hnhlcranes.com\/product\/lifting-electromagnet\/#breadcrumb\"},\"inLanguage\":\"et\",\"potentialAction\":[{\"@type\":\"ReadAction\",\"target\":[\"https:\/\/www.hnhlcranes.com\/product\/lifting-electromagnet\/\"]}]},{\"@type\":\"ImageObject\",\"inLanguage\":\"et\",\"@id\":\"https:\/\/www.hnhlcranes.com\/product\/lifting-electromagnet\/#primaryimage\",\"url\":\"https:\/\/www.hnhlcranes.com\/wp-content\/uploads\/2024\/11\/Lifting-Electromagnet.jpg\",\"contentUrl\":\"https:\/\/www.hnhlcranes.com\/wp-content\/uploads\/2024\/11\/Lifting-Electromagnet.jpg\",\"width\":600,\"height\":600},{\"@type\":\"BreadcrumbList\",\"@id\":\"https:\/\/www.hnhlcranes.com\/product\/lifting-electromagnet\/#breadcrumb\",\"itemListElement\":[{\"@type\":\"ListItem\",\"position\":1,\"name\":\"home\",\"item\":\"https:\/\/www.hnhlcranes.com\/\"},{\"@type\":\"ListItem\",\"position\":2,\"name\":\"products\",\"item\":\"https:\/\/www.hnhlcranes.com\/products\/\"},{\"@type\":\"ListItem\",\"position\":3,\"name\":\"Lifting Electromagnet\"}]},{\"@type\":\"WebSite\",\"@id\":\"https:\/\/www.hnhlcranes.com\/#website\",\"url\":\"https:\/\/www.hnhlcranes.com\/\",\"name\":\"Crane Parts Manufacturer\",\"description\":\"Crane Wheels,Crane Drums,Crane Hooks,Crane Coupling,Crane End Carriage,Electric Hoist,European Crane Parts,Crane Rail Clip,Crane Spreader,Crane Motor,Crane Reducer,Crane Brake,Light Crane Parts,Workstation Crane Parts,Crane Electrical Parts,China Crane Parts Supplier,China Crane Parts Manufacturer,Angle box type crane wheel,45 degree split crane wheel,European crane wheel,Crane Wheel Blocks,Overhead crane drum,European crane drum,Overhead crane hook,European crane hook,Crane pulley block,Gear coupling,Brake wheel coupling,Drum gear coupling,Brake wheel drum gear coupling,Cardan Shaft Coupling,WZL drum coupling,Plum blossom elastic coupling,Brake wheel plum elastic coupling,European Single girder crane end carriage,European Double girder crane end carriage,European Suspension  crane end carriage,Wire Rope Electric Hoist,Electric Chain Hoist,European Single Girder Wire Rope Electric Hoist,European Double Girder Wire Rope Electric Hoist,Crane grab,Container spreader,Billet crane clamps,C-type hook,Lifting Electromagnet,YZR crane motor,YZP crane motor,ZQ Reducer,ZSC Reducer,QJ Reducer,QJ-L Reducer,QJY Reducer,H series gearbox,F Series Gear Motor,K Series Gear Motor,R Series Gear Motor,travelling machinery gear motor,Electro hydraulic drum brake,Electro hydraulic disc brake,Crane Safety brake,Crane cable trolley,Crane remote controller,Crane pendant controller,Crane electrical control cabinet,Crane limit switch,Crane sound and light alarm,Heavy Duty Aviation Connector,Crane overload limiter\",\"publisher\":{\"@id\":\"https:\/\/www.hnhlcranes.com\/#organization\"},\"potentialAction\":[{\"@type\":\"SearchAction\",\"target\":{\"@type\":\"EntryPoint\",\"urlTemplate\":\"https:\/\/www.hnhlcranes.com\/?s={search_term_string}\"},\"query-input\":{\"@type\":\"PropertyValueSpecification\",\"valueRequired\":true,\"valueName\":\"search_term_string\"}}],\"inLanguage\":\"et\"},{\"@type\":\"Organization\",\"@id\":\"https:\/\/www.hnhlcranes.com\/#organization\",\"name\":\"Crane Parts Manufacturer\",\"url\":\"https:\/\/www.hnhlcranes.com\/\",\"logo\":{\"@type\":\"ImageObject\",\"inLanguage\":\"et\",\"@id\":\"https:\/\/www.hnhlcranes.com\/#\/schema\/logo\/image\/\",\"url\":\"https:\/\/www.hnhlcranes.com\/wp-content\/uploads\/2025\/01\/HL-logo-1.png\",\"contentUrl\":\"https:\/\/www.hnhlcranes.com\/wp-content\/uploads\/2025\/01\/HL-logo-1.png\",\"width\":600,\"height\":169,\"caption\":\"Crane Parts Manufacturer\"},\"image\":{\"@id\":\"https:\/\/www.hnhlcranes.com\/#\/schema\/logo\/image\/\"}}]}<\/script>\n<!-- \/ Yoast SEO plugin. -->","yoast_head_json":{"title":"Lifting Electromagnet -Crane magnets- Crane Parts Manufacturer","description":"Crane magnets,Special Crane Spreader,Lifting Electromagnet Spreader,China Crane Parts Supplier,Lifting Electromagnet,Crane Spreader","robots":{"index":"index","follow":"follow","max-snippet":"max-snippet:-1","max-image-preview":"max-image-preview:large","max-video-preview":"max-video-preview:-1"},"canonical":"https:\/\/www.hnhlcranes.com\/et\/toode\/tostev-elektromagnet\/","og_locale":"et_EE","og_type":"article","og_title":"Lifting Electromagnet -Crane magnets- Crane Parts Manufacturer","og_description":"Crane magnets,Special Crane Spreader,Lifting Electromagnet Spreader,China Crane Parts Supplier,Lifting Electromagnet,Crane Spreader","og_url":"https:\/\/www.hnhlcranes.com\/et\/toode\/tostev-elektromagnet\/","og_site_name":"Crane Parts Manufacturer","article_modified_time":"2025-01-10T07:41:51+00:00","og_image":[{"width":600,"height":600,"url":"https:\/\/www.hnhlcranes.com\/wp-content\/uploads\/2024\/11\/Lifting-Electromagnet.jpg","type":"image\/jpeg"}],"twitter_card":"summary_large_image","twitter_misc":{"Est. reading time":"3 minutit"},"schema":{"@context":"https:\/\/schema.org","@graph":[{"@type":"WebPage","@id":"https:\/\/www.hnhlcranes.com\/product\/lifting-electromagnet\/","url":"https:\/\/www.hnhlcranes.com\/product\/lifting-electromagnet\/","name":"Lifting Electromagnet -Crane magnets- Crane Parts Manufacturer","isPartOf":{"@id":"https:\/\/www.hnhlcranes.com\/#website"},"primaryImageOfPage":{"@id":"https:\/\/www.hnhlcranes.com\/product\/lifting-electromagnet\/#primaryimage"},"image":{"@id":"https:\/\/www.hnhlcranes.com\/product\/lifting-electromagnet\/#primaryimage"},"thumbnailUrl":"https:\/\/www.hnhlcranes.com\/wp-content\/uploads\/2024\/11\/Lifting-Electromagnet.jpg","datePublished":"2024-11-25T17:03:18+00:00","dateModified":"2025-01-10T07:41:51+00:00","description":"Crane magnets,Special Crane Spreader,Lifting Electromagnet Spreader,China Crane Parts Supplier,Lifting Electromagnet,Crane Spreader","breadcrumb":{"@id":"https:\/\/www.hnhlcranes.com\/product\/lifting-electromagnet\/#breadcrumb"},"inLanguage":"et","potentialAction":[{"@type":"ReadAction","target":["https:\/\/www.hnhlcranes.com\/product\/lifting-electromagnet\/"]}]},{"@type":"ImageObject","inLanguage":"et","@id":"https:\/\/www.hnhlcranes.com\/product\/lifting-electromagnet\/#primaryimage","url":"https:\/\/www.hnhlcranes.com\/wp-content\/uploads\/2024\/11\/Lifting-Electromagnet.jpg","contentUrl":"https:\/\/www.hnhlcranes.com\/wp-content\/uploads\/2024\/11\/Lifting-Electromagnet.jpg","width":600,"height":600},{"@type":"BreadcrumbList","@id":"https:\/\/www.hnhlcranes.com\/product\/lifting-electromagnet\/#breadcrumb","itemListElement":[{"@type":"ListItem","position":1,"name":"home","item":"https:\/\/www.hnhlcranes.com\/"},{"@type":"ListItem","position":2,"name":"products","item":"https:\/\/www.hnhlcranes.com\/products\/"},{"@type":"ListItem","position":3,"name":"Lifting Electromagnet"}]},{"@type":"WebSite","@id":"https:\/\/www.hnhlcranes.com\/#website","url":"https:\/\/www.hnhlcranes.com\/","name":"Crane Parts Manufacturer","description":"Crane Wheels,Crane Drums,Crane Hooks,Crane Coupling,Crane End Carriage,Electric Hoist,European Crane Parts,Crane Rail Clip,Crane Spreader,Crane Motor,Crane Reducer,Crane Brake,Light Crane Parts,Workstation Crane Parts,Crane Electrical Parts,China Crane Parts Supplier,China Crane Parts Manufacturer,Angle box type crane wheel,45 degree split crane wheel,European crane wheel,Crane Wheel Blocks,Overhead crane drum,European crane drum,Overhead crane hook,European crane hook,Crane pulley block,Gear coupling,Brake wheel coupling,Drum gear coupling,Brake wheel drum gear coupling,Cardan Shaft Coupling,WZL drum coupling,Plum blossom elastic coupling,Brake wheel plum elastic coupling,European Single girder crane end carriage,European Double girder crane end carriage,European Suspension  crane end carriage,Wire Rope Electric Hoist,Electric Chain Hoist,European Single Girder Wire Rope Electric Hoist,European Double Girder Wire Rope Electric Hoist,Crane grab,Container spreader,Billet crane clamps,C-type hook,Lifting Electromagnet,YZR crane motor,YZP crane motor,ZQ Reducer,ZSC Reducer,QJ Reducer,QJ-L Reducer,QJY Reducer,H series gearbox,F Series Gear Motor,K Series Gear Motor,R Series Gear Motor,travelling machinery gear motor,Electro hydraulic drum brake,Electro hydraulic disc brake,Crane Safety brake,Crane cable trolley,Crane remote controller,Crane pendant controller,Crane electrical control cabinet,Crane limit switch,Crane sound and light alarm,Heavy Duty Aviation Connector,Crane overload limiter","publisher":{"@id":"https:\/\/www.hnhlcranes.com\/#organization"},"potentialAction":[{"@type":"SearchAction","target":{"@type":"EntryPoint","urlTemplate":"https:\/\/www.hnhlcranes.com\/?s={search_term_string}"},"query-input":{"@type":"PropertyValueSpecification","valueRequired":true,"valueName":"search_term_string"}}],"inLanguage":"et"},{"@type":"Organization","@id":"https:\/\/www.hnhlcranes.com\/#organization","name":"Crane Parts Manufacturer","url":"https:\/\/www.hnhlcranes.com\/","logo":{"@type":"ImageObject","inLanguage":"et","@id":"https:\/\/www.hnhlcranes.com\/#\/schema\/logo\/image\/","url":"https:\/\/www.hnhlcranes.com\/wp-content\/uploads\/2025\/01\/HL-logo-1.png","contentUrl":"https:\/\/www.hnhlcranes.com\/wp-content\/uploads\/2025\/01\/HL-logo-1.png","width":600,"height":169,"caption":"Crane Parts Manufacturer"},"image":{"@id":"https:\/\/www.hnhlcranes.com\/#\/schema\/logo\/image\/"}}]}},"_links":{"self":[{"href":"https:\/\/www.hnhlcranes.com\/et\/wp-json\/wp\/v2\/product\/5487","targetHints":{"allow":["GET"]}}],"collection":[{"href":"https:\/\/www.hnhlcranes.com\/et\/wp-json\/wp\/v2\/product"}],"about":[{"href":"https:\/\/www.hnhlcranes.com\/et\/wp-json\/wp\/v2\/types\/product"}],"version-history":[{"count":3,"href":"https:\/\/www.hnhlcranes.com\/et\/wp-json\/wp\/v2\/product\/5487\/revisions"}],"predecessor-version":[{"id":7186,"href":"https:\/\/www.hnhlcranes.com\/et\/wp-json\/wp\/v2\/product\/5487\/revisions\/7186"}],"wp:featuredmedia":[{"embeddable":true,"href":"https:\/\/www.hnhlcranes.com\/et\/wp-json\/wp\/v2\/media\/7184"}],"wp:attachment":[{"href":"https:\/\/www.hnhlcranes.com\/et\/wp-json\/wp\/v2\/media?parent=5487"}],"wp:term":[{"taxonomy":"product_brand","embeddable":true,"href":"https:\/\/www.hnhlcranes.com\/et\/wp-json\/wp\/v2\/product_brand?post=5487"},{"taxonomy":"product_cat","embeddable":true,"href":"https:\/\/www.hnhlcranes.com\/et\/wp-json\/wp\/v2\/product_cat?post=5487"},{"taxonomy":"product_tag","embeddable":true,"href":"https:\/\/www.hnhlcranes.com\/et\/wp-json\/wp\/v2\/product_tag?post=5487"}],"curies":[{"name":"wp","href":"https:\/\/api.w.org\/{rel}","templated":true}]}}