{"id":5659,"date":"2024-12-03T17:07:45","date_gmt":"2024-12-03T09:07:45","guid":{"rendered":"https:\/\/www.hnhlcranes.com\/?post_type=product&#038;p=5659"},"modified":"2025-01-08T01:06:53","modified_gmt":"2025-01-07T17:06:53","slug":"euroopa-vedrustuse-kraana-loppvanker","status":"publish","type":"product","link":"https:\/\/www.hnhlcranes.com\/et\/toode\/euroopa-vedrustuse-kraana-loppvanker\/","title":{"rendered":"Euroopa peatuskraana l\u00f5ppvanker"},"content":{"rendered":"<p>The <strong>Euroopa vedrustuse kraana l\u00f5ppvanker<\/strong> on vedukkraanis\u00fcsteemide oluline komponent, mis on m\u00f5eldud kraanakonstruktsiooni toetamiseks ja horisontaalse liikumise v\u00f5imaldamiseks m\u00f6\u00f6da r\u00f6\u00f6paid. See on konstrueeritud vastavalt Euroopa standarditele ning pakub suurt j\u00f5udlust, kompaktsust ja vastupidavust. Seda t\u00fc\u00fcpi otsavagunit kasutatakse laialdaselt mitmesugustes t\u00f6\u00f6stusrakendustes, kus on oluline ruumi optimeerimine, t\u00e4psus ja sujuv t\u00f6\u00f6. Eelk\u00f5ige v\u00f5imaldab selle vedrustuse konstruktsioon suuremat paindlikkust kraana liikumises, mist\u00f5ttu see sobib eriti h\u00e4sti piiratud ruumiga rajatistele.<\/p>\n<h3>Peamised omadused:<\/h3>\n<ol>\n<li><strong>Struktuurne projekteerimine<\/strong>: Euroopa vedrustuskraana otsavagunil on tugev terasraam, mis tagab nii suure tugevuse kui ka kerge profiili. Selle vedrustuse konstruktsioon v\u00e4listab vajaduse traditsiooniliste tugijalgade j\u00e4rele, v\u00f5imaldades t\u00f5husat t\u00f6\u00f6d piiratud ruumiga keskkondades. Lisaks v\u00e4hendab kompaktne konstruktsioon paigaldusruumi ja parandab \u00fcldist t\u00f6\u00f6 t\u00f5husust.<\/li>\n<li><strong>Ajami s\u00fcsteem<\/strong>: L\u00f5ppvanker on varustatud t\u00e4iustatud elektrilise ajamiga, mis tavaliselt t\u00f6\u00f6tab vahelduvvoolumootorite abil. Need mootorid tagavad \u00fchtlase ja stabiilse liikumiskiiruse, tagades samal ajal t\u00e4pse kontrolli kraana liikumise \u00fcle. Peale selle tagab ajamite s\u00fcsteem sujuva t\u00f6\u00f6, v\u00e4hendades samal ajal energiatarbimist, mist\u00f5ttu on see ideaalne pikaajaliseks kasutamiseks n\u00f5udlikes t\u00f6\u00f6stuskeskkondades.<\/li>\n<li><strong>Peatamismehhanism<\/strong>: Erinevalt traditsioonilistest otsavagunitest v\u00f5imaldab riputuskonstruktsioon otsavagunit kraana konstruktsiooni k\u00fclge riputada. See tagab suurema paindlikkuse ja sujuvama t\u00f6\u00f6, eriti kitsastes kohtades v\u00f5i kui on vaja minimaalset h\u00f5\u00f5rdumist. See v\u00f5imaldab ka vertikaalseid k\u00f5rvalekaldeid, v\u00e4hendades kraanis\u00fcsteemi koormust.<\/li>\n<li><strong>R\u00f6\u00f6bastee ja ratta s\u00fcsteem<\/strong>: L\u00f5puvanker sisaldab suure tugevusega materjalidest valmistatud rattapaare, mis pakuvad suurep\u00e4rast kulumiskindlust ja kandev\u00f5imet. Need rattad on konstrueeritud nii, et nad t\u00f6\u00f6tavad sujuvalt standardiseeritud kraanar\u00f6\u00f6pmel, tagades stabiilse ja usaldusv\u00e4\u00e4rse liikumise.<\/li>\n<li><strong>T\u00e4psus ja stabiilsus<\/strong>: Euroopa vedrustuse kraana l\u00f5ppvanker on konstrueeritud t\u00e4pseks ja stabiilseks t\u00f6\u00f6ks. See minimeerib m\u00fcra ja vibratsiooni liikumise ajal, tagades kraana sujuva t\u00f6\u00f6 isegi raskete koormuste korral ja aidates kaasa t\u00f5husale t\u00f6\u00f6v\u00f5imele pikema aja jooksul.<\/li>\n<\/ol>\n<h3>Eelised:<\/h3>\n<ul>\n<li><strong>Ruumi t\u00f5husus<\/strong>: Rippkonstruktsioon v\u00e4listab vajaduse t\u00e4iendavate tugijalgade j\u00e4rele, s\u00e4\u00e4stes seega v\u00e4\u00e4rtuslikku ruumi ja pakkudes suuremat paindlikkust nii paigaldamisel kui ka kasutamisel. See on eriti kasulik piiratud p\u00f5randapinnaga ruumides.<\/li>\n<li><strong>Sujuv toimimine<\/strong>: Vedrustusmehhanism v\u00e4hendab h\u00f5\u00f5rdumist, v\u00f5imaldades sujuvamat liikumist, mis v\u00e4hendab s\u00fcsteemi kulumist ja parandab \u00fcldist t\u00f6\u00f6 efektiivsust.<\/li>\n<li><strong>Energiat\u00f5husus<\/strong>: T\u00e4iustatud elektriline ajam tagab optimaalse energiakasutuse, v\u00e4hendades tegevuskulusid, s\u00e4ilitades samal ajal suure j\u00f5udluse.<\/li>\n<li><strong>Paindlikkus<\/strong>: Riputuskonstruktsioon v\u00f5imaldab l\u00f5ppvagunil kohaneda vertikaalsete k\u00f5rvalekallete ja ebatasaste pindadega, pakkudes suuremat t\u00f6\u00f6alast paindlikkust ja v\u00e4hendades kraanis\u00fcsteemi koormust.<\/li>\n<li><strong>Madal m\u00fcra ja vibratsioon<\/strong>: L\u00f5ppvanker t\u00f6\u00f6tab minimaalse m\u00fcra ja vibratsiooniga, mis aitab kaasa vaiksemale ja mugavamale t\u00f6\u00f6keskkonnale.<\/li>\n<\/ul>\n<h3>Kokkuv\u00f5te:<\/h3>\n<p>Euroopa rippkraana otsavanker on t\u00f5hus, kompaktne ja v\u00e4ga paindlik komponent, mis sobib ideaalselt mitmesuguste t\u00f6\u00f6stuslike rakenduste jaoks. Selle vedrustuse konstruktsioonil on mitmeid eeliseid, sealhulgas ruumiline t\u00f5husus, sujuv t\u00f6\u00f6 ja suur t\u00e4psus. Ehkki algne investeering ja hooldusvajadus v\u00f5ivad olla suuremad kui traditsioonilistel l\u00f5ppvankritel, on see t\u00e4nu pikaajalistele eelistele, nagu energias\u00e4\u00e4st, suurem paindlikkus ja v\u00e4iksem kulumine, v\u00e4ga sobiv valik n\u00f5udlike t\u00f6\u00f6vajadustega rajatiste jaoks.<\/p>\n<h3><strong><span style=\"font-family: arial, helvetica, sans-serif; font-size: 18pt;\">1.DU10 3.2t Kandekraana l\u00f5ppvanker 1.DU10 3.2t Kandekraana l\u00f5ppvanker<\/span><\/strong><\/h3>\n<p><img fetchpriority=\"high\" decoding=\"async\" class=\"alignnone wp-image-7002\" src=\"https:\/\/www.hnhlcranes.com\/wp-content\/uploads\/2024\/12\/European-Suspension-crane-end-carriage-3.2t-300x211.jpg\" alt=\"\" width=\"899\" height=\"632\" srcset=\"https:\/\/www.hnhlcranes.com\/wp-content\/uploads\/2024\/12\/European-Suspension-crane-end-carriage-3.2t-300x211.jpg 300w, https:\/\/www.hnhlcranes.com\/wp-content\/uploads\/2024\/12\/European-Suspension-crane-end-carriage-3.2t-768x540.jpg 768w, https:\/\/www.hnhlcranes.com\/wp-content\/uploads\/2024\/12\/European-Suspension-crane-end-carriage-3.2t-600x422.jpg 600w, https:\/\/www.hnhlcranes.com\/wp-content\/uploads\/2024\/12\/European-Suspension-crane-end-carriage-3.2t.jpg 1000w\" sizes=\"(max-width: 899px) 100vw, 899px\" \/><\/p>\n<p>&nbsp;<\/p>\n<p>\u2460 puhver<i>\uff1b<\/i>\u2461Endtuled<i>\uff1b<\/i>\u2462Rattad<i>(drive)<\/i><i>\uff1b<\/i>\u2463Rattad<i>(t\u00fchik\u00e4igul)<\/i><i>\uff1b<\/i>\u2464Rattad<i>(t\u00fchik\u00e4ik v\u00f5i s\u00f5it)<\/i><\/p>\n<p>&nbsp;<\/p>\n<h3><strong><span style=\"font-family: arial, helvetica, sans-serif; font-size: 18pt;\">2.DU13 5t Kandekraana l\u00f5ppvanker 2.DU13 5t Kandekraana l\u00f5ppvanker<\/span><\/strong><\/h3>\n<p><img decoding=\"async\" class=\"alignnone wp-image-7003\" src=\"https:\/\/www.hnhlcranes.com\/wp-content\/uploads\/2024\/12\/European-Suspension-crane-end-carriage-5t-300x226.jpg\" alt=\"\" width=\"901\" height=\"679\" srcset=\"https:\/\/www.hnhlcranes.com\/wp-content\/uploads\/2024\/12\/European-Suspension-crane-end-carriage-5t-300x226.jpg 300w, https:\/\/www.hnhlcranes.com\/wp-content\/uploads\/2024\/12\/European-Suspension-crane-end-carriage-5t-768x578.jpg 768w, https:\/\/www.hnhlcranes.com\/wp-content\/uploads\/2024\/12\/European-Suspension-crane-end-carriage-5t-600x451.jpg 600w, https:\/\/www.hnhlcranes.com\/wp-content\/uploads\/2024\/12\/European-Suspension-crane-end-carriage-5t.jpg 1000w\" sizes=\"(max-width: 901px) 100vw, 901px\" \/><\/p>\n<p>&nbsp;<\/p>\n<p>\u2460 puhver<i>\uff1b<\/i>\u2461Endtuled<i>\uff1b<\/i>\u2462Rattad<i>(drive)\uff1b<\/i>\u2463Rattad<i>(t\u00fchik\u00e4igul)\uff1b<\/i>\u2464Rattad<i>(t\u00fchik\u00e4ik v\u00f5i s\u00f5it)<\/i><\/p>\n<p>&nbsp;<\/p>\n<h3><strong><span style=\"font-family: arial, helvetica, sans-serif; font-size: 18pt;\">3.DU16 10t Kandekraana l\u00f5ppvanker 3.DU16 10t Kandekraana l\u00f5ppvanker<\/span><\/strong><\/h3>\n<p><img decoding=\"async\" class=\"alignnone wp-image-7004\" src=\"https:\/\/www.hnhlcranes.com\/wp-content\/uploads\/2024\/12\/European-Suspension-crane-end-carriage-10t-300x216.jpg\" alt=\"\" width=\"900\" height=\"648\" srcset=\"https:\/\/www.hnhlcranes.com\/wp-content\/uploads\/2024\/12\/European-Suspension-crane-end-carriage-10t-300x216.jpg 300w, https:\/\/www.hnhlcranes.com\/wp-content\/uploads\/2024\/12\/European-Suspension-crane-end-carriage-10t-768x553.jpg 768w, https:\/\/www.hnhlcranes.com\/wp-content\/uploads\/2024\/12\/European-Suspension-crane-end-carriage-10t-600x432.jpg 600w, https:\/\/www.hnhlcranes.com\/wp-content\/uploads\/2024\/12\/European-Suspension-crane-end-carriage-10t.jpg 1000w\" sizes=\"(max-width: 900px) 100vw, 900px\" \/><\/p>\n<p>\u2460 puhver<i>\uff1b<\/i>\u2461Endtuled<i>\uff1b<\/i>\u2462Rattad<i>(drive)\uff1b<\/i>\u2463Rattad<i>(t\u00fchik\u00e4igul)\uff1b<\/i>\u2464Rattad<i>(t\u00fchik\u00e4ik v\u00f5i s\u00f5it)<\/i><\/p>","protected":false},"excerpt":{"rendered":"<h6><strong><span style=\"font-family: arial, helvetica, sans-serif; font-size: 14pt;\">Euroopa peatamiskraana l\u00f5ppvankri spetsifikatsioonid<\/span><\/strong><\/h6>\n<ul>\n<li><strong>Mudelid<\/strong>:DU10,DU13,DU16<\/li>\n<li><strong>Velje materjal<\/strong>: 40Cr<\/li>\n<li><strong>Ratta\u00fchenduse t\u00fc\u00fcbid<\/strong>: gear<\/li>\n<li><strong>Sobiv r\u00f6\u00f6bastee vorm:<\/strong> I-tala, H-tala<\/li>\n<\/ul>","protected":false},"featured_media":6999,"template":"","meta":{"_kad_post_transparent":"default","_kad_post_title":"","_kad_post_layout":"default","_kad_post_sidebar_id":"","_kad_post_content_style":"default","_kad_post_vertical_padding":"show","_kad_post_feature":"","_kad_post_feature_position":"","_kad_post_header":false,"_kad_post_footer":false},"product_brand":[],"product_cat":[62,61],"product_tag":[376,443,445,456,442,450,454,453,447,441,451,455,446,440,448,444,452,449],"class_list":{"0":"post-5659","1":"product","2":"type-product","3":"status-publish","4":"has-post-thumbnail","6":"product_cat-crane-end-carriage","7":"product_cat-european-crane-parts","8":"product_tag-china-crane-parts-supplier","9":"product_tag-crane-end-beam","10":"product_tag-crane-end-beam-manufacturer","11":"product_tag-crane-end-carriage","12":"product_tag-end-carriage","13":"product_tag-end-carriages","14":"product_tag-european-double-girder-crane-end-carriage","15":"product_tag-european-single-girder-crane-end-carriage","16":"product_tag-european-style-hoist-double-beam-crane-end-beam","17":"product_tag-european-style-single-beam-crane-end-carriage","18":"product_tag-european-style-suspended-single-beam-crane-end-beam","19":"product_tag-european-suspension-crane-end-carriage","20":"product_tag-fem-double-girder-crane-end-carriages","21":"product_tag-fem-single-girder-crane-end-carriage","22":"product_tag-fem-suspension-crane-end-carriage","23":"product_tag-fen-din-european-style-single-beam-crane-end-carriage","24":"product_tag-fen-din-suspension-crane-end-beam","25":"product_tag-suspension-crane-end-beam","27":"first","28":"instock","29":"shipping-taxable","30":"product-type-simple","31":"entry","32":"content-bg","33":"loop-entry"},"yoast_head":"<!-- This site is optimized with the Yoast SEO plugin v24.5 - https:\/\/yoast.com\/wordpress\/plugins\/seo\/ -->\n<title>European Suspension crane end carriage - Suspension end beamCrane Parts Manufacturer<\/title>\n<meta name=\"description\" content=\"Suspension crane end beam,European style suspended single beam crane end beam,FEN\/DIN Suspension crane end beam,European Suspension crane end carriage\" \/>\n<meta name=\"robots\" content=\"index, follow, max-snippet:-1, max-image-preview:large, max-video-preview:-1\" \/>\n<link rel=\"canonical\" href=\"https:\/\/www.hnhlcranes.com\/et\/toode\/euroopa-vedrustuse-kraana-loppvanker\/\" \/>\n<meta property=\"og:locale\" content=\"et_EE\" \/>\n<meta property=\"og:type\" content=\"article\" \/>\n<meta property=\"og:title\" content=\"European Suspension crane end carriage - Suspension end beamCrane Parts Manufacturer\" \/>\n<meta property=\"og:description\" content=\"Suspension crane end beam,European style suspended single beam crane end beam,FEN\/DIN Suspension crane end beam,European Suspension crane end carriage\" \/>\n<meta property=\"og:url\" content=\"https:\/\/www.hnhlcranes.com\/et\/toode\/euroopa-vedrustuse-kraana-loppvanker\/\" \/>\n<meta property=\"og:site_name\" content=\"Crane Parts Manufacturer\" \/>\n<meta property=\"article:modified_time\" content=\"2025-01-07T17:06:53+00:00\" \/>\n<meta property=\"og:image\" content=\"https:\/\/www.hnhlcranes.com\/wp-content\/uploads\/2024\/12\/European-Suspension-crane-end-carriage.jpg\" \/>\n\t<meta property=\"og:image:width\" content=\"600\" \/>\n\t<meta property=\"og:image:height\" content=\"600\" \/>\n\t<meta property=\"og:image:type\" content=\"image\/jpeg\" \/>\n<meta name=\"twitter:card\" content=\"summary_large_image\" \/>\n<meta name=\"twitter:label1\" content=\"Est. reading time\" \/>\n\t<meta name=\"twitter:data1\" content=\"4 minutit\" \/>\n<script type=\"application\/ld+json\" class=\"yoast-schema-graph\">{\"@context\":\"https:\/\/schema.org\",\"@graph\":[{\"@type\":\"WebPage\",\"@id\":\"https:\/\/www.hnhlcranes.com\/product\/european-suspension-crane-end-carriage\/\",\"url\":\"https:\/\/www.hnhlcranes.com\/product\/european-suspension-crane-end-carriage\/\",\"name\":\"European Suspension crane end carriage - Suspension end beamCrane Parts Manufacturer\",\"isPartOf\":{\"@id\":\"https:\/\/www.hnhlcranes.com\/#website\"},\"primaryImageOfPage\":{\"@id\":\"https:\/\/www.hnhlcranes.com\/product\/european-suspension-crane-end-carriage\/#primaryimage\"},\"image\":{\"@id\":\"https:\/\/www.hnhlcranes.com\/product\/european-suspension-crane-end-carriage\/#primaryimage\"},\"thumbnailUrl\":\"https:\/\/www.hnhlcranes.com\/wp-content\/uploads\/2024\/12\/European-Suspension-crane-end-carriage.jpg\",\"datePublished\":\"2024-12-03T09:07:45+00:00\",\"dateModified\":\"2025-01-07T17:06:53+00:00\",\"description\":\"Suspension crane end beam,European style suspended single beam crane end beam,FEN\/DIN Suspension crane end beam,European Suspension crane end carriage\",\"breadcrumb\":{\"@id\":\"https:\/\/www.hnhlcranes.com\/product\/european-suspension-crane-end-carriage\/#breadcrumb\"},\"inLanguage\":\"et\",\"potentialAction\":[{\"@type\":\"ReadAction\",\"target\":[\"https:\/\/www.hnhlcranes.com\/product\/european-suspension-crane-end-carriage\/\"]}]},{\"@type\":\"ImageObject\",\"inLanguage\":\"et\",\"@id\":\"https:\/\/www.hnhlcranes.com\/product\/european-suspension-crane-end-carriage\/#primaryimage\",\"url\":\"https:\/\/www.hnhlcranes.com\/wp-content\/uploads\/2024\/12\/European-Suspension-crane-end-carriage.jpg\",\"contentUrl\":\"https:\/\/www.hnhlcranes.com\/wp-content\/uploads\/2024\/12\/European-Suspension-crane-end-carriage.jpg\",\"width\":600,\"height\":600},{\"@type\":\"BreadcrumbList\",\"@id\":\"https:\/\/www.hnhlcranes.com\/product\/european-suspension-crane-end-carriage\/#breadcrumb\",\"itemListElement\":[{\"@type\":\"ListItem\",\"position\":1,\"name\":\"home\",\"item\":\"https:\/\/www.hnhlcranes.com\/\"},{\"@type\":\"ListItem\",\"position\":2,\"name\":\"products\",\"item\":\"https:\/\/www.hnhlcranes.com\/products\/\"},{\"@type\":\"ListItem\",\"position\":3,\"name\":\"European Suspension crane end carriage\"}]},{\"@type\":\"WebSite\",\"@id\":\"https:\/\/www.hnhlcranes.com\/#website\",\"url\":\"https:\/\/www.hnhlcranes.com\/\",\"name\":\"Crane Parts Manufacturer\",\"description\":\"Crane Wheels,Crane Drums,Crane Hooks,Crane Coupling,Crane End Carriage,Electric Hoist,European Crane Parts,Crane Rail Clip,Crane Spreader,Crane Motor,Crane Reducer,Crane Brake,Light Crane Parts,Workstation Crane Parts,Crane Electrical Parts,China Crane Parts Supplier,China Crane Parts Manufacturer,Angle box type crane wheel,45 degree split crane wheel,European crane wheel,Crane Wheel Blocks,Overhead crane drum,European crane drum,Overhead crane hook,European crane hook,Crane pulley block,Gear coupling,Brake wheel coupling,Drum gear coupling,Brake wheel drum gear coupling,Cardan Shaft Coupling,WZL drum coupling,Plum blossom elastic coupling,Brake wheel plum elastic coupling,European Single girder crane end carriage,European Double girder crane end carriage,European Suspension  crane end carriage,Wire Rope Electric Hoist,Electric Chain Hoist,European Single Girder Wire Rope Electric Hoist,European Double Girder Wire Rope Electric Hoist,Crane grab,Container spreader,Billet crane clamps,C-type hook,Lifting Electromagnet,YZR crane motor,YZP crane motor,ZQ Reducer,ZSC Reducer,QJ Reducer,QJ-L Reducer,QJY Reducer,H series gearbox,F Series Gear Motor,K Series Gear Motor,R Series Gear Motor,travelling machinery gear motor,Electro hydraulic drum brake,Electro hydraulic disc brake,Crane Safety brake,Crane cable trolley,Crane remote controller,Crane pendant controller,Crane electrical control cabinet,Crane limit switch,Crane sound and light alarm,Heavy Duty Aviation Connector,Crane overload limiter\",\"publisher\":{\"@id\":\"https:\/\/www.hnhlcranes.com\/#organization\"},\"potentialAction\":[{\"@type\":\"SearchAction\",\"target\":{\"@type\":\"EntryPoint\",\"urlTemplate\":\"https:\/\/www.hnhlcranes.com\/?s={search_term_string}\"},\"query-input\":{\"@type\":\"PropertyValueSpecification\",\"valueRequired\":true,\"valueName\":\"search_term_string\"}}],\"inLanguage\":\"et\"},{\"@type\":\"Organization\",\"@id\":\"https:\/\/www.hnhlcranes.com\/#organization\",\"name\":\"Crane Parts Manufacturer\",\"url\":\"https:\/\/www.hnhlcranes.com\/\",\"logo\":{\"@type\":\"ImageObject\",\"inLanguage\":\"et\",\"@id\":\"https:\/\/www.hnhlcranes.com\/#\/schema\/logo\/image\/\",\"url\":\"https:\/\/www.hnhlcranes.com\/wp-content\/uploads\/2025\/01\/HL-logo-1.png\",\"contentUrl\":\"https:\/\/www.hnhlcranes.com\/wp-content\/uploads\/2025\/01\/HL-logo-1.png\",\"width\":600,\"height\":169,\"caption\":\"Crane Parts Manufacturer\"},\"image\":{\"@id\":\"https:\/\/www.hnhlcranes.com\/#\/schema\/logo\/image\/\"}}]}<\/script>\n<!-- \/ Yoast SEO plugin. -->","yoast_head_json":{"title":"European Suspension crane end carriage - Suspension end beamCrane Parts Manufacturer","description":"Suspension crane end beam,European style suspended single beam crane end beam,FEN\/DIN Suspension crane end beam,European Suspension crane end carriage","robots":{"index":"index","follow":"follow","max-snippet":"max-snippet:-1","max-image-preview":"max-image-preview:large","max-video-preview":"max-video-preview:-1"},"canonical":"https:\/\/www.hnhlcranes.com\/et\/toode\/euroopa-vedrustuse-kraana-loppvanker\/","og_locale":"et_EE","og_type":"article","og_title":"European Suspension crane end carriage - Suspension end beamCrane Parts Manufacturer","og_description":"Suspension crane end beam,European style suspended single beam crane end beam,FEN\/DIN Suspension crane end beam,European Suspension crane end carriage","og_url":"https:\/\/www.hnhlcranes.com\/et\/toode\/euroopa-vedrustuse-kraana-loppvanker\/","og_site_name":"Crane Parts Manufacturer","article_modified_time":"2025-01-07T17:06:53+00:00","og_image":[{"width":600,"height":600,"url":"https:\/\/www.hnhlcranes.com\/wp-content\/uploads\/2024\/12\/European-Suspension-crane-end-carriage.jpg","type":"image\/jpeg"}],"twitter_card":"summary_large_image","twitter_misc":{"Est. reading time":"4 minutit"},"schema":{"@context":"https:\/\/schema.org","@graph":[{"@type":"WebPage","@id":"https:\/\/www.hnhlcranes.com\/product\/european-suspension-crane-end-carriage\/","url":"https:\/\/www.hnhlcranes.com\/product\/european-suspension-crane-end-carriage\/","name":"European Suspension crane end carriage - Suspension end beamCrane Parts Manufacturer","isPartOf":{"@id":"https:\/\/www.hnhlcranes.com\/#website"},"primaryImageOfPage":{"@id":"https:\/\/www.hnhlcranes.com\/product\/european-suspension-crane-end-carriage\/#primaryimage"},"image":{"@id":"https:\/\/www.hnhlcranes.com\/product\/european-suspension-crane-end-carriage\/#primaryimage"},"thumbnailUrl":"https:\/\/www.hnhlcranes.com\/wp-content\/uploads\/2024\/12\/European-Suspension-crane-end-carriage.jpg","datePublished":"2024-12-03T09:07:45+00:00","dateModified":"2025-01-07T17:06:53+00:00","description":"Suspension crane end beam,European style suspended single beam crane end beam,FEN\/DIN Suspension crane end beam,European Suspension crane end carriage","breadcrumb":{"@id":"https:\/\/www.hnhlcranes.com\/product\/european-suspension-crane-end-carriage\/#breadcrumb"},"inLanguage":"et","potentialAction":[{"@type":"ReadAction","target":["https:\/\/www.hnhlcranes.com\/product\/european-suspension-crane-end-carriage\/"]}]},{"@type":"ImageObject","inLanguage":"et","@id":"https:\/\/www.hnhlcranes.com\/product\/european-suspension-crane-end-carriage\/#primaryimage","url":"https:\/\/www.hnhlcranes.com\/wp-content\/uploads\/2024\/12\/European-Suspension-crane-end-carriage.jpg","contentUrl":"https:\/\/www.hnhlcranes.com\/wp-content\/uploads\/2024\/12\/European-Suspension-crane-end-carriage.jpg","width":600,"height":600},{"@type":"BreadcrumbList","@id":"https:\/\/www.hnhlcranes.com\/product\/european-suspension-crane-end-carriage\/#breadcrumb","itemListElement":[{"@type":"ListItem","position":1,"name":"home","item":"https:\/\/www.hnhlcranes.com\/"},{"@type":"ListItem","position":2,"name":"products","item":"https:\/\/www.hnhlcranes.com\/products\/"},{"@type":"ListItem","position":3,"name":"European Suspension crane end carriage"}]},{"@type":"WebSite","@id":"https:\/\/www.hnhlcranes.com\/#website","url":"https:\/\/www.hnhlcranes.com\/","name":"Crane Parts Manufacturer","description":"Crane Wheels,Crane Drums,Crane Hooks,Crane Coupling,Crane End Carriage,Electric Hoist,European Crane Parts,Crane Rail Clip,Crane Spreader,Crane Motor,Crane Reducer,Crane Brake,Light Crane Parts,Workstation Crane Parts,Crane Electrical Parts,China Crane Parts Supplier,China Crane Parts Manufacturer,Angle box type crane wheel,45 degree split crane wheel,European crane wheel,Crane Wheel Blocks,Overhead crane drum,European crane drum,Overhead crane hook,European crane hook,Crane pulley block,Gear coupling,Brake wheel coupling,Drum gear coupling,Brake wheel drum gear coupling,Cardan Shaft Coupling,WZL drum coupling,Plum blossom elastic coupling,Brake wheel plum elastic coupling,European Single girder crane end carriage,European Double girder crane end carriage,European Suspension  crane end carriage,Wire Rope Electric Hoist,Electric Chain Hoist,European Single Girder Wire Rope Electric Hoist,European Double Girder Wire Rope Electric Hoist,Crane grab,Container spreader,Billet crane clamps,C-type hook,Lifting Electromagnet,YZR crane motor,YZP crane motor,ZQ Reducer,ZSC Reducer,QJ Reducer,QJ-L Reducer,QJY Reducer,H series gearbox,F Series Gear Motor,K Series Gear Motor,R Series Gear Motor,travelling machinery gear motor,Electro hydraulic drum brake,Electro hydraulic disc brake,Crane Safety brake,Crane cable trolley,Crane remote controller,Crane pendant controller,Crane electrical control cabinet,Crane limit switch,Crane sound and light alarm,Heavy Duty Aviation Connector,Crane overload limiter","publisher":{"@id":"https:\/\/www.hnhlcranes.com\/#organization"},"potentialAction":[{"@type":"SearchAction","target":{"@type":"EntryPoint","urlTemplate":"https:\/\/www.hnhlcranes.com\/?s={search_term_string}"},"query-input":{"@type":"PropertyValueSpecification","valueRequired":true,"valueName":"search_term_string"}}],"inLanguage":"et"},{"@type":"Organization","@id":"https:\/\/www.hnhlcranes.com\/#organization","name":"Crane Parts Manufacturer","url":"https:\/\/www.hnhlcranes.com\/","logo":{"@type":"ImageObject","inLanguage":"et","@id":"https:\/\/www.hnhlcranes.com\/#\/schema\/logo\/image\/","url":"https:\/\/www.hnhlcranes.com\/wp-content\/uploads\/2025\/01\/HL-logo-1.png","contentUrl":"https:\/\/www.hnhlcranes.com\/wp-content\/uploads\/2025\/01\/HL-logo-1.png","width":600,"height":169,"caption":"Crane Parts Manufacturer"},"image":{"@id":"https:\/\/www.hnhlcranes.com\/#\/schema\/logo\/image\/"}}]}},"_links":{"self":[{"href":"https:\/\/www.hnhlcranes.com\/et\/wp-json\/wp\/v2\/product\/5659","targetHints":{"allow":["GET"]}}],"collection":[{"href":"https:\/\/www.hnhlcranes.com\/et\/wp-json\/wp\/v2\/product"}],"about":[{"href":"https:\/\/www.hnhlcranes.com\/et\/wp-json\/wp\/v2\/types\/product"}],"version-history":[{"count":6,"href":"https:\/\/www.hnhlcranes.com\/et\/wp-json\/wp\/v2\/product\/5659\/revisions"}],"predecessor-version":[{"id":7008,"href":"https:\/\/www.hnhlcranes.com\/et\/wp-json\/wp\/v2\/product\/5659\/revisions\/7008"}],"wp:featuredmedia":[{"embeddable":true,"href":"https:\/\/www.hnhlcranes.com\/et\/wp-json\/wp\/v2\/media\/6999"}],"wp:attachment":[{"href":"https:\/\/www.hnhlcranes.com\/et\/wp-json\/wp\/v2\/media?parent=5659"}],"wp:term":[{"taxonomy":"product_brand","embeddable":true,"href":"https:\/\/www.hnhlcranes.com\/et\/wp-json\/wp\/v2\/product_brand?post=5659"},{"taxonomy":"product_cat","embeddable":true,"href":"https:\/\/www.hnhlcranes.com\/et\/wp-json\/wp\/v2\/product_cat?post=5659"},{"taxonomy":"product_tag","embeddable":true,"href":"https:\/\/www.hnhlcranes.com\/et\/wp-json\/wp\/v2\/product_tag?post=5659"}],"curies":[{"name":"wp","href":"https:\/\/api.w.org\/{rel}","templated":true}]}}