{"id":5707,"date":"2024-12-04T10:26:51","date_gmt":"2024-12-04T02:26:51","guid":{"rendered":"https:\/\/www.hnhlcranes.com\/?post_type=product&#038;p=5707"},"modified":"2025-01-13T23:47:09","modified_gmt":"2025-01-13T15:47:09","slug":"toojaama-kraana-osa","status":"publish","type":"product","link":"https:\/\/www.hnhlcranes.com\/et\/toode\/toojaama-kraana-osa\/","title":{"rendered":"T\u00f6\u00f6jaama kraana osa"},"content":{"rendered":"<div class=\"flex max-w-full flex-col flex-grow\">\n<div class=\"min-h-8 text-message flex w-full flex-col items-end gap-2 whitespace-normal break-words [.text-message+&amp;]:mt-5\" dir=\"auto\" data-message-author-role=\"assistant\" data-message-id=\"d22886da-3fb2-45fa-876a-33dd54db9fd5\" data-message-model-slug=\"gpt-4o\">\n<div class=\"flex w-full flex-col gap-1 empty:hidden first:pt-[3px]\">\n<div class=\"markdown prose w-full break-words dark:prose-invert light\">\n<h3>T\u00f6\u00f6jaama kraana \u00fclevaade<\/h3>\n<p>T\u00f6\u00f6jaamakraana on v\u00e4ga t\u00f5hus t\u00f5steseade, mis on m\u00f5eldud spetsiaalselt t\u00f6\u00f6jaamade ja tootmisliinide jaoks. Peamiselt kuni 2000 kg t\u00f5stev\u00f5imega rakendusi teenindav kraan pakub mitmeid erakordseid omadusi ja funktsioone.<\/p>\n<h3>Disaini omadused<\/h3>\n<p>T\u00f6\u00f6jaamakraanade j\u00f5udluse suurendamiseks on nende raamkonstruktsioon nelinurkse toruga. See struktuur sisaldab nelja vertikaalset sammast ja \u00fclemist risttala, mis moodustavad stabiilse portaalraami. Lisaks sellele on \u00fclemine risttala topeltpalk konstruktsiooniga, mis parandab kandev\u00f5imet ning sisaldab eelpaigaldatud positsioone rihmarataste ja juhtr\u00f6\u00f6baste jaoks. Alumisel pool tugevdatud alusplaadid tugevdavad sambaid, tagades \u00fcldise struktuurilise stabiilsuse. T\u00e4nu modulaarsele raamkonstruktsioonile saavad kasutajad kraanat h\u00f5lpsasti paigaldada ja reguleerida, mist\u00f5ttu see sobib ideaalselt kergete t\u00f5stmis- ja materjalik\u00e4itlus\u00fclesannete t\u00e4itmiseks t\u00f6\u00f6kohtades, ladudes ja muudes sarnastes keskkondades.<\/p>\n<h3>Rakendusstsenaariumid<\/h3>\n<p>T\u00f6\u00f6jaamakraanad paistavad silma erinevates t\u00f6\u00f6stussektorites. N\u00e4iteks \u00fcldt\u00f6\u00f6stuse, autot\u00f6\u00f6stuse ja energiatootmise tootjad usaldavad seda kraanat oma t\u00f5stmisvajaduste rahuldamiseks. Selle v\u00f5ime pakkuda t\u00f5husaid ja \u00f6konoomseid t\u00f5stelahendusi muudab selle eriti t\u00f5husaks tervete tootmis- ja koosteliinide katmiseks.<\/p>\n<h3>Tehnilised andmed ja j\u00f5udlusparameetrid<\/h3>\n<p>Erinevate n\u00f5uete rahuldamiseks pakub kraana kohandatavat t\u00f5stev\u00f5imet, ulatust ja t\u00f5stek\u00f5rgust. Lisaks sellele sisaldab selle r\u00f6\u00f6bastee konfiguratsioon v\u00f5imalusi \u00fche- v\u00f5i kaher\u00f6\u00f6pmeliste v\u00f5i rippkonstruktsioonide jaoks, mis annab lisakasu suurte vahekauguste jaoks, et rahuldada konkreetseid t\u00f6\u00f6vajadusi.<\/p>\n<h3>Paigaldamine ja hooldus<\/h3>\n<p>Mugavuse huvides kasutatakse t\u00f6\u00f6jaamakraanade puhul standardiseeritud ristl\u00f5ike m\u00f5\u00f5tmeid ja polt\u00fchendusi. Selle tulemusel saab paigaldamise kiiresti, sageli \u00fche p\u00e4eva jooksul, l\u00f5pule viia, minimeerides seel\u00e4bi seisakuid ja v\u00e4ltides tootmiskatkestusi. Optimaalse j\u00f5udluse s\u00e4ilitamiseks peaksid operaatorid regulaarselt kontrollima r\u00f6\u00f6paid, t\u00f5stemehhanisme ja jooksvaid komponente, et tagada ohutu ja usaldusv\u00e4\u00e4rne t\u00f6\u00f6 pikema aja jooksul.<\/p>\n<h3>Ohutus ja usaldusv\u00e4\u00e4rsus<\/h3>\n<p>T\u00f6\u00f6ohutuse tagamiseks on kraana varustatud mitmete t\u00e4iustatud turvaelementidega, nagu n\u00e4iteks piirajad ja pidurid. Lisaks kasutavad tootjad kraana stabiilsuse ja vastupidavuse suurendamiseks suure tugevusega ja kergeid materjale ning t\u00e4iustatud tootmisprotsesse. Need omadused muudavad t\u00f6\u00f6koha kraanad nii turvaliseks kui ka usaldusv\u00e4\u00e4rseks t\u00f5stelahenduseks.<\/p>\n<h3>Kokkuv\u00f5te<\/h3>\n<p>Kokkuv\u00f5ttes on t\u00f6\u00f6jaamakraanad t\u00f5hus, paindlik ja turvaline t\u00f5stelahendust. Selle kombinatsioon suure j\u00f5udluse, lihtsa paigaldamise ja tugevate turvaelementide vahel teeb sellest ideaalse valiku erinevateks t\u00f6\u00f6stuslikeks rakendusteks.<\/p>\n<\/div>\n<\/div>\n<\/div>\n<\/div>\n<div class=\"mb-2 flex gap-3 empty:hidden -ml-2\">\n<div class=\"items-center justify-start rounded-xl p-1 flex\"><\/div>\n<\/div>\n<h6><strong><span style=\"font-family: arial, helvetica, sans-serif; font-size: 18pt;\">T\u00f6\u00f6jaama kraana osa<\/span><\/strong><\/h6>\n<div class=\"flex max-w-full flex-col flex-grow\">\n<div class=\"min-h-8 text-message flex w-full flex-col items-end gap-2 whitespace-normal break-words [.text-message+&amp;]:mt-5\" dir=\"auto\" data-message-author-role=\"assistant\" data-message-id=\"c8d7d5a5-db5c-4384-9025-33dbfdf6a310\" data-message-model-slug=\"gpt-4o\">\n<div class=\"flex w-full flex-col gap-1 empty:hidden first:pt-[3px]\">\n<div class=\"markdown prose w-full break-words dark:prose-invert light\">\n<p><img fetchpriority=\"high\" decoding=\"async\" class=\"wp-image-5712 alignleft\" src=\"https:\/\/www.hnhlcranes.com\/wp-content\/uploads\/2024\/12\/Workstation-Crane-manual-trolley-300x300.jpg\" alt=\"\" width=\"250\" height=\"250\" \/> <img decoding=\"async\" class=\"wp-image-5713 alignleft\" src=\"https:\/\/www.hnhlcranes.com\/wp-content\/uploads\/2024\/12\/Workstation-Crane-electric-trolley-300x300.jpg\" alt=\"\" width=\"250\" height=\"250\" \/> <img decoding=\"async\" class=\"wp-image-5714 alignleft\" src=\"https:\/\/www.hnhlcranes.com\/wp-content\/uploads\/2024\/12\/Workstation-Crane-end-beam-300x300.jpg\" alt=\"\" width=\"249\" height=\"249\" \/><\/p>\n<p>&nbsp;<\/p>\n<\/div>\n<\/div>\n<\/div>\n<\/div>\n<p>&nbsp;<\/p>\n<p>&nbsp;<\/p>\n<p>&nbsp;<\/p>\n<p>&nbsp;<\/p>\n<p>&nbsp;<\/p>\n<p><span style=\"font-size: 12pt;\">\u00a0 T\u00f6\u00f6jaam Kraana k\u00e4sik\u00e4ru<\/span>\u00a0 \u00a0 \u00a0 \u00a0 \u00a0 \u00a0<span style=\"font-size: 12pt;\">\u00a0 \u00a0T\u00f6\u00f6jaama kraana elektriline k\u00e4ru T\u00f6\u00f6jaama kraana otsapalk<\/span><\/p>\n<p>&nbsp;<\/p>\n<p><img loading=\"lazy\" decoding=\"async\" class=\"wp-image-5716 alignleft\" src=\"https:\/\/www.hnhlcranes.com\/wp-content\/uploads\/2024\/12\/Workstation-Crane-cable-slider-300x300.jpg\" alt=\"\" width=\"250\" height=\"250\" \/> <img loading=\"lazy\" decoding=\"async\" class=\"wp-image-5715 alignleft\" src=\"https:\/\/www.hnhlcranes.com\/wp-content\/uploads\/2024\/12\/Workstation-Crane-cable-trolley-300x300.jpg\" alt=\"\" width=\"251\" height=\"251\" \/><\/p>\n<p>&nbsp;<\/p>\n<p>&nbsp;<\/p>\n<p>&nbsp;<\/p>\n<p>&nbsp;<\/p>\n<p>&nbsp;<\/p>\n<p>&nbsp;<\/p>\n<p><span style=\"font-size: 12pt;\">\u00a0 \u00a0 T\u00f6\u00f6jaam Kraana kaabli liugur T\u00f6\u00f6jaam Kraana kaablivanker<\/span><\/p>\n<p>&nbsp;<\/p>","protected":false},"excerpt":{"rendered":"<p>Workstation Crane manuaalne k\u00e4ru,Workstation Crane elektriline k\u00e4ru,Workstation Crane l\u00f5pptala,Workstation Crane kaablik\u00e4ru,Workstation Crane osad,Workstation Crane kaabli liugur,Workstation Crane<\/p>","protected":false},"featured_media":7434,"template":"","meta":{"_kad_post_transparent":"default","_kad_post_title":"","_kad_post_layout":"default","_kad_post_sidebar_id":"","_kad_post_content_style":"default","_kad_post_vertical_padding":"show","_kad_post_feature":"","_kad_post_feature_position":"","_kad_post_header":false,"_kad_post_footer":false},"product_brand":[],"product_cat":[64],"product_tag":[376,608,610,606,607,604,605,603,611,609],"class_list":{"0":"post-5707","1":"product","2":"type-product","3":"status-publish","4":"has-post-thumbnail","6":"product_cat-workstation-crane-parts","7":"product_tag-china-crane-parts-supplier","8":"product_tag-freestanding-bridge-crane","9":"product_tag-monorails-crane","10":"product_tag-workstation-crane-cable-slider","11":"product_tag-workstation-crane-cable-trolley","12":"product_tag-workstation-crane-electric-trolley","13":"product_tag-workstation-crane-end-beam","14":"product_tag-workstation-crane-manual-trolley","15":"product_tag-workstation-crane-part","16":"product_tag-workstation-cranes","18":"first","19":"instock","20":"shipping-taxable","21":"product-type-simple","22":"entry","23":"content-bg","24":"loop-entry"},"yoast_head":"<!-- This site is optimized with the Yoast SEO plugin v24.5 - https:\/\/yoast.com\/wordpress\/plugins\/seo\/ -->\n<title>Workstation Crane Part -Workstation Crane- Crane Parts Manufacturer<\/title>\n<meta name=\"description\" content=\"Workstation Crane manual trolley,Workstation Crane electric trolley,Workstation Crane end beam,Workstation Crane cable trolley,Workstation Crane Parts\" \/>\n<meta name=\"robots\" content=\"index, follow, max-snippet:-1, max-image-preview:large, max-video-preview:-1\" \/>\n<link rel=\"canonical\" href=\"https:\/\/www.hnhlcranes.com\/et\/toode\/toojaama-kraana-osa\/\" \/>\n<meta property=\"og:locale\" content=\"et_EE\" \/>\n<meta property=\"og:type\" content=\"article\" \/>\n<meta property=\"og:title\" content=\"Workstation Crane Part -Workstation Crane- Crane Parts Manufacturer\" \/>\n<meta property=\"og:description\" content=\"Workstation Crane manual trolley,Workstation Crane electric trolley,Workstation Crane end beam,Workstation Crane cable trolley,Workstation Crane Parts\" \/>\n<meta property=\"og:url\" content=\"https:\/\/www.hnhlcranes.com\/et\/toode\/toojaama-kraana-osa\/\" \/>\n<meta property=\"og:site_name\" content=\"Crane Parts Manufacturer\" \/>\n<meta property=\"article:modified_time\" content=\"2025-01-13T15:47:09+00:00\" \/>\n<meta property=\"og:image\" content=\"https:\/\/www.hnhlcranes.com\/wp-content\/uploads\/2024\/12\/Workstation-Crane-Parts.jpg\" \/>\n\t<meta property=\"og:image:width\" content=\"600\" \/>\n\t<meta property=\"og:image:height\" content=\"600\" \/>\n\t<meta property=\"og:image:type\" content=\"image\/jpeg\" \/>\n<meta name=\"twitter:card\" content=\"summary_large_image\" \/>\n<meta name=\"twitter:label1\" content=\"Est. reading time\" \/>\n\t<meta name=\"twitter:data1\" content=\"3 minutit\" \/>\n<script type=\"application\/ld+json\" class=\"yoast-schema-graph\">{\"@context\":\"https:\/\/schema.org\",\"@graph\":[{\"@type\":\"WebPage\",\"@id\":\"https:\/\/www.hnhlcranes.com\/product\/workstation-crane-part\/\",\"url\":\"https:\/\/www.hnhlcranes.com\/product\/workstation-crane-part\/\",\"name\":\"Workstation Crane Part -Workstation Crane- Crane Parts Manufacturer\",\"isPartOf\":{\"@id\":\"https:\/\/www.hnhlcranes.com\/#website\"},\"primaryImageOfPage\":{\"@id\":\"https:\/\/www.hnhlcranes.com\/product\/workstation-crane-part\/#primaryimage\"},\"image\":{\"@id\":\"https:\/\/www.hnhlcranes.com\/product\/workstation-crane-part\/#primaryimage\"},\"thumbnailUrl\":\"https:\/\/www.hnhlcranes.com\/wp-content\/uploads\/2024\/12\/Workstation-Crane-Parts.jpg\",\"datePublished\":\"2024-12-04T02:26:51+00:00\",\"dateModified\":\"2025-01-13T15:47:09+00:00\",\"description\":\"Workstation Crane manual trolley,Workstation Crane electric trolley,Workstation Crane end beam,Workstation Crane cable trolley,Workstation Crane Parts\",\"breadcrumb\":{\"@id\":\"https:\/\/www.hnhlcranes.com\/product\/workstation-crane-part\/#breadcrumb\"},\"inLanguage\":\"et\",\"potentialAction\":[{\"@type\":\"ReadAction\",\"target\":[\"https:\/\/www.hnhlcranes.com\/product\/workstation-crane-part\/\"]}]},{\"@type\":\"ImageObject\",\"inLanguage\":\"et\",\"@id\":\"https:\/\/www.hnhlcranes.com\/product\/workstation-crane-part\/#primaryimage\",\"url\":\"https:\/\/www.hnhlcranes.com\/wp-content\/uploads\/2024\/12\/Workstation-Crane-Parts.jpg\",\"contentUrl\":\"https:\/\/www.hnhlcranes.com\/wp-content\/uploads\/2024\/12\/Workstation-Crane-Parts.jpg\",\"width\":600,\"height\":600},{\"@type\":\"BreadcrumbList\",\"@id\":\"https:\/\/www.hnhlcranes.com\/product\/workstation-crane-part\/#breadcrumb\",\"itemListElement\":[{\"@type\":\"ListItem\",\"position\":1,\"name\":\"home\",\"item\":\"https:\/\/www.hnhlcranes.com\/\"},{\"@type\":\"ListItem\",\"position\":2,\"name\":\"products\",\"item\":\"https:\/\/www.hnhlcranes.com\/products\/\"},{\"@type\":\"ListItem\",\"position\":3,\"name\":\"Workstation Crane Part\"}]},{\"@type\":\"WebSite\",\"@id\":\"https:\/\/www.hnhlcranes.com\/#website\",\"url\":\"https:\/\/www.hnhlcranes.com\/\",\"name\":\"Crane Parts Manufacturer\",\"description\":\"Crane Wheels,Crane Drums,Crane Hooks,Crane Coupling,Crane End Carriage,Electric Hoist,European Crane Parts,Crane Rail Clip,Crane Spreader,Crane Motor,Crane Reducer,Crane Brake,Light Crane Parts,Workstation Crane Parts,Crane Electrical Parts,China Crane Parts Supplier,China Crane Parts Manufacturer,Angle box type crane wheel,45 degree split crane wheel,European crane wheel,Crane Wheel Blocks,Overhead crane drum,European crane drum,Overhead crane hook,European crane hook,Crane pulley block,Gear coupling,Brake wheel coupling,Drum gear coupling,Brake wheel drum gear coupling,Cardan Shaft Coupling,WZL drum coupling,Plum blossom elastic coupling,Brake wheel plum elastic coupling,European Single girder crane end carriage,European Double girder crane end carriage,European Suspension  crane end carriage,Wire Rope Electric Hoist,Electric Chain Hoist,European Single Girder Wire Rope Electric Hoist,European Double Girder Wire Rope Electric Hoist,Crane grab,Container spreader,Billet crane clamps,C-type hook,Lifting Electromagnet,YZR crane motor,YZP crane motor,ZQ Reducer,ZSC Reducer,QJ Reducer,QJ-L Reducer,QJY Reducer,H series gearbox,F Series Gear Motor,K Series Gear Motor,R Series Gear Motor,travelling machinery gear motor,Electro hydraulic drum brake,Electro hydraulic disc brake,Crane Safety brake,Crane cable trolley,Crane remote controller,Crane pendant controller,Crane electrical control cabinet,Crane limit switch,Crane sound and light alarm,Heavy Duty Aviation Connector,Crane overload limiter\",\"publisher\":{\"@id\":\"https:\/\/www.hnhlcranes.com\/#organization\"},\"potentialAction\":[{\"@type\":\"SearchAction\",\"target\":{\"@type\":\"EntryPoint\",\"urlTemplate\":\"https:\/\/www.hnhlcranes.com\/?s={search_term_string}\"},\"query-input\":{\"@type\":\"PropertyValueSpecification\",\"valueRequired\":true,\"valueName\":\"search_term_string\"}}],\"inLanguage\":\"et\"},{\"@type\":\"Organization\",\"@id\":\"https:\/\/www.hnhlcranes.com\/#organization\",\"name\":\"Crane Parts Manufacturer\",\"url\":\"https:\/\/www.hnhlcranes.com\/\",\"logo\":{\"@type\":\"ImageObject\",\"inLanguage\":\"et\",\"@id\":\"https:\/\/www.hnhlcranes.com\/#\/schema\/logo\/image\/\",\"url\":\"https:\/\/www.hnhlcranes.com\/wp-content\/uploads\/2025\/01\/HL-logo-1.png\",\"contentUrl\":\"https:\/\/www.hnhlcranes.com\/wp-content\/uploads\/2025\/01\/HL-logo-1.png\",\"width\":600,\"height\":169,\"caption\":\"Crane Parts Manufacturer\"},\"image\":{\"@id\":\"https:\/\/www.hnhlcranes.com\/#\/schema\/logo\/image\/\"}}]}<\/script>\n<!-- \/ Yoast SEO plugin. -->","yoast_head_json":{"title":"Workstation Crane Part -Workstation Crane- Crane Parts Manufacturer","description":"Workstation Crane manual trolley,Workstation Crane electric trolley,Workstation Crane end beam,Workstation Crane cable trolley,Workstation Crane Parts","robots":{"index":"index","follow":"follow","max-snippet":"max-snippet:-1","max-image-preview":"max-image-preview:large","max-video-preview":"max-video-preview:-1"},"canonical":"https:\/\/www.hnhlcranes.com\/et\/toode\/toojaama-kraana-osa\/","og_locale":"et_EE","og_type":"article","og_title":"Workstation Crane Part -Workstation Crane- Crane Parts Manufacturer","og_description":"Workstation Crane manual trolley,Workstation Crane electric trolley,Workstation Crane end beam,Workstation Crane cable trolley,Workstation Crane Parts","og_url":"https:\/\/www.hnhlcranes.com\/et\/toode\/toojaama-kraana-osa\/","og_site_name":"Crane Parts Manufacturer","article_modified_time":"2025-01-13T15:47:09+00:00","og_image":[{"width":600,"height":600,"url":"https:\/\/www.hnhlcranes.com\/wp-content\/uploads\/2024\/12\/Workstation-Crane-Parts.jpg","type":"image\/jpeg"}],"twitter_card":"summary_large_image","twitter_misc":{"Est. reading time":"3 minutit"},"schema":{"@context":"https:\/\/schema.org","@graph":[{"@type":"WebPage","@id":"https:\/\/www.hnhlcranes.com\/product\/workstation-crane-part\/","url":"https:\/\/www.hnhlcranes.com\/product\/workstation-crane-part\/","name":"Workstation Crane Part -Workstation Crane- Crane Parts Manufacturer","isPartOf":{"@id":"https:\/\/www.hnhlcranes.com\/#website"},"primaryImageOfPage":{"@id":"https:\/\/www.hnhlcranes.com\/product\/workstation-crane-part\/#primaryimage"},"image":{"@id":"https:\/\/www.hnhlcranes.com\/product\/workstation-crane-part\/#primaryimage"},"thumbnailUrl":"https:\/\/www.hnhlcranes.com\/wp-content\/uploads\/2024\/12\/Workstation-Crane-Parts.jpg","datePublished":"2024-12-04T02:26:51+00:00","dateModified":"2025-01-13T15:47:09+00:00","description":"Workstation Crane manual trolley,Workstation Crane electric trolley,Workstation Crane end beam,Workstation Crane cable trolley,Workstation Crane Parts","breadcrumb":{"@id":"https:\/\/www.hnhlcranes.com\/product\/workstation-crane-part\/#breadcrumb"},"inLanguage":"et","potentialAction":[{"@type":"ReadAction","target":["https:\/\/www.hnhlcranes.com\/product\/workstation-crane-part\/"]}]},{"@type":"ImageObject","inLanguage":"et","@id":"https:\/\/www.hnhlcranes.com\/product\/workstation-crane-part\/#primaryimage","url":"https:\/\/www.hnhlcranes.com\/wp-content\/uploads\/2024\/12\/Workstation-Crane-Parts.jpg","contentUrl":"https:\/\/www.hnhlcranes.com\/wp-content\/uploads\/2024\/12\/Workstation-Crane-Parts.jpg","width":600,"height":600},{"@type":"BreadcrumbList","@id":"https:\/\/www.hnhlcranes.com\/product\/workstation-crane-part\/#breadcrumb","itemListElement":[{"@type":"ListItem","position":1,"name":"home","item":"https:\/\/www.hnhlcranes.com\/"},{"@type":"ListItem","position":2,"name":"products","item":"https:\/\/www.hnhlcranes.com\/products\/"},{"@type":"ListItem","position":3,"name":"Workstation Crane Part"}]},{"@type":"WebSite","@id":"https:\/\/www.hnhlcranes.com\/#website","url":"https:\/\/www.hnhlcranes.com\/","name":"Crane Parts Manufacturer","description":"Crane Wheels,Crane Drums,Crane Hooks,Crane Coupling,Crane End Carriage,Electric Hoist,European Crane Parts,Crane Rail Clip,Crane Spreader,Crane Motor,Crane Reducer,Crane Brake,Light Crane Parts,Workstation Crane Parts,Crane Electrical Parts,China Crane Parts Supplier,China Crane Parts Manufacturer,Angle box type crane wheel,45 degree split crane wheel,European crane wheel,Crane Wheel Blocks,Overhead crane drum,European crane drum,Overhead crane hook,European crane hook,Crane pulley block,Gear coupling,Brake wheel coupling,Drum gear coupling,Brake wheel drum gear coupling,Cardan Shaft Coupling,WZL drum coupling,Plum blossom elastic coupling,Brake wheel plum elastic coupling,European Single girder crane end carriage,European Double girder crane end carriage,European Suspension  crane end carriage,Wire Rope Electric Hoist,Electric Chain Hoist,European Single Girder Wire Rope Electric Hoist,European Double Girder Wire Rope Electric Hoist,Crane grab,Container spreader,Billet crane clamps,C-type hook,Lifting Electromagnet,YZR crane motor,YZP crane motor,ZQ Reducer,ZSC Reducer,QJ Reducer,QJ-L Reducer,QJY Reducer,H series gearbox,F Series Gear Motor,K Series Gear Motor,R Series Gear Motor,travelling machinery gear motor,Electro hydraulic drum brake,Electro hydraulic disc brake,Crane Safety brake,Crane cable trolley,Crane remote controller,Crane pendant controller,Crane electrical control cabinet,Crane limit switch,Crane sound and light alarm,Heavy Duty Aviation Connector,Crane overload limiter","publisher":{"@id":"https:\/\/www.hnhlcranes.com\/#organization"},"potentialAction":[{"@type":"SearchAction","target":{"@type":"EntryPoint","urlTemplate":"https:\/\/www.hnhlcranes.com\/?s={search_term_string}"},"query-input":{"@type":"PropertyValueSpecification","valueRequired":true,"valueName":"search_term_string"}}],"inLanguage":"et"},{"@type":"Organization","@id":"https:\/\/www.hnhlcranes.com\/#organization","name":"Crane Parts Manufacturer","url":"https:\/\/www.hnhlcranes.com\/","logo":{"@type":"ImageObject","inLanguage":"et","@id":"https:\/\/www.hnhlcranes.com\/#\/schema\/logo\/image\/","url":"https:\/\/www.hnhlcranes.com\/wp-content\/uploads\/2025\/01\/HL-logo-1.png","contentUrl":"https:\/\/www.hnhlcranes.com\/wp-content\/uploads\/2025\/01\/HL-logo-1.png","width":600,"height":169,"caption":"Crane Parts Manufacturer"},"image":{"@id":"https:\/\/www.hnhlcranes.com\/#\/schema\/logo\/image\/"}}]}},"_links":{"self":[{"href":"https:\/\/www.hnhlcranes.com\/et\/wp-json\/wp\/v2\/product\/5707","targetHints":{"allow":["GET"]}}],"collection":[{"href":"https:\/\/www.hnhlcranes.com\/et\/wp-json\/wp\/v2\/product"}],"about":[{"href":"https:\/\/www.hnhlcranes.com\/et\/wp-json\/wp\/v2\/types\/product"}],"version-history":[{"count":4,"href":"https:\/\/www.hnhlcranes.com\/et\/wp-json\/wp\/v2\/product\/5707\/revisions"}],"predecessor-version":[{"id":7438,"href":"https:\/\/www.hnhlcranes.com\/et\/wp-json\/wp\/v2\/product\/5707\/revisions\/7438"}],"wp:featuredmedia":[{"embeddable":true,"href":"https:\/\/www.hnhlcranes.com\/et\/wp-json\/wp\/v2\/media\/7434"}],"wp:attachment":[{"href":"https:\/\/www.hnhlcranes.com\/et\/wp-json\/wp\/v2\/media?parent=5707"}],"wp:term":[{"taxonomy":"product_brand","embeddable":true,"href":"https:\/\/www.hnhlcranes.com\/et\/wp-json\/wp\/v2\/product_brand?post=5707"},{"taxonomy":"product_cat","embeddable":true,"href":"https:\/\/www.hnhlcranes.com\/et\/wp-json\/wp\/v2\/product_cat?post=5707"},{"taxonomy":"product_tag","embeddable":true,"href":"https:\/\/www.hnhlcranes.com\/et\/wp-json\/wp\/v2\/product_tag?post=5707"}],"curies":[{"name":"wp","href":"https:\/\/api.w.org\/{rel}","templated":true}]}}