{"id":5820,"date":"2024-12-06T01:29:13","date_gmt":"2024-12-05T17:29:13","guid":{"rendered":"https:\/\/www.hnhlcranes.com\/?post_type=product&#038;p=5820"},"modified":"2025-01-16T16:14:10","modified_gmt":"2025-01-16T08:14:10","slug":"kraana-ulekoormuse-piiraja","status":"publish","type":"product","link":"https:\/\/www.hnhlcranes.com\/et\/toode\/kraana-ulekoormuse-piiraja\/","title":{"rendered":"Kraana \u00fclekoormuse piiraja"},"content":{"rendered":"<div class=\"flex-1 overflow-hidden\">\n<div class=\"h-full\">\n<div class=\"react-scroll-to-bottom--css-fbdqh-79elbk h-full\">\n<div class=\"react-scroll-to-bottom--css-fbdqh-1n7m0yu\">\n<div class=\"flex flex-col text-sm md:pb-9\">\n<article class=\"w-full scroll-mb-[var(--thread-trailing-height,150px)] text-token-text-primary focus-visible:outline-2 focus-visible:outline-offset-[-4px]\" dir=\"auto\" data-testid=\"conversation-turn-17\" data-scroll-anchor=\"true\">\n<div class=\"m-auto text-base py-[18px] px-3 md:px-4 w-full md:px-5 lg:px-4 xl:px-5\">\n<div class=\"mx-auto flex flex-1 gap-4 text-base md:gap-5 lg:gap-6 md:max-w-3xl lg:max-w-[40rem] xl:max-w-[48rem]\">\n<div class=\"group\/conversation-turn relative flex w-full min-w-0 flex-col agent-turn\">\n<div class=\"flex-col gap-1 md:gap-3\">\n<div class=\"flex max-w-full flex-col flex-grow\">\n<div class=\"min-h-8 text-message flex w-full flex-col items-end gap-2 whitespace-normal break-words text-start [.text-message+&amp;]:mt-5\" dir=\"auto\" data-message-author-role=\"assistant\" data-message-id=\"6538a722-2ad3-40cd-9770-c47786dcb06e\" data-message-model-slug=\"gpt-4o\">\n<div class=\"flex w-full flex-col gap-1 empty:hidden first:pt-[3px]\">\n<div class=\"markdown prose w-full break-words dark:prose-invert light\">\n<div class=\"flex max-w-full flex-col flex-grow\">\n<div class=\"min-h-8 text-message flex w-full flex-col items-end gap-2 whitespace-normal break-words text-start [.text-message+&amp;]:mt-5\" dir=\"auto\" data-message-author-role=\"assistant\" data-message-id=\"4161658d-c029-4f43-843c-307ecec1274a\" data-message-model-slug=\"gpt-4o\">\n<div class=\"flex w-full flex-col gap-1 empty:hidden first:pt-[3px]\">\n<div class=\"markdown prose w-full break-words dark:prose-invert light\">\n<h3><strong>Keskkonna sobivus <\/strong>kraana \u00fclekoormuse piiraja<\/h3>\n<ol>\n<li><strong>K\u00f5rge ja madala temperatuuriga keskkonnad:<\/strong>\n<ul>\n<li>Crane'i \u00fclekoormuse piirajad on v\u00f5imelised t\u00f6\u00f6tama usaldusv\u00e4\u00e4rselt laias temperatuurivahemikus, tavaliselt -40\u00b0C kuni +85\u00b0C, mist\u00f5ttu sobivad need nii k\u00f5rge kui ka madala temperatuuriga tingimustes.<\/li>\n<\/ul>\n<\/li>\n<li><strong>Niisked ja veekindlad keskkonnad:<\/strong>\n<ul>\n<li>Sellistel piirajatel on tavaliselt kaitseaste IP65 v\u00f5i k\u00f5rgem, mis takistab vee ja tolmu sattumist seadmesse. See muudab nad ideaalseks kasutamiseks niisketes, tolmustes v\u00f5i rasketes ilmastikutingimustes.<\/li>\n<\/ul>\n<\/li>\n<\/ol>\n<h3><strong>Peamised funktsioonid <\/strong>kraana \u00fclekoormuse piiraja<\/h3>\n<ol>\n<li><strong>Koormuse j\u00e4lgimine ja \u00fclekoormuse v\u00e4ltimine:<\/strong>\n<ul>\n<li>\u00dclekoormuse piiraja j\u00e4lgib pidevalt konksu koormust ja v\u00f5rdleb seda kraana nimiv\u00f5imsusega. Kui koormus \u00fcletab ohutu piiri, piirab s\u00fcsteem automaatselt edasisi t\u00f5stet\u00f6id.<\/li>\n<\/ul>\n<\/li>\n<li><strong>Automaatne h\u00e4ire:<\/strong>\n<ul>\n<li>Kui koormus l\u00e4heneb ohutuspiirile v\u00f5i \u00fcletab seda, k\u00e4ivitab s\u00fcsteem h\u00e4iresignaali, sealhulgas helisignaalid ja visuaalsed signaalid, mis hoiatab operaatorit, et ta v\u00f5taks parandusmeetmeid ja takistaks edasist \u00fclekoormust.<\/li>\n<\/ul>\n<\/li>\n<li><strong>Operatiivne kaitse:<\/strong>\n<ul>\n<li>\u00dclekoormuse piiraja v\u00f5ib suhelda kraana juhtimiss\u00fcsteemiga, et automaatselt v\u00e4hendada t\u00f5stekiirust v\u00f5i peatada edasised t\u00f5stet\u00f6\u00f6d t\u00e4ielikult, v\u00e4ltides seadme kahjustusi v\u00f5i \u00fclekoormusest tulenevaid ohutusriske.<\/li>\n<\/ul>\n<\/li>\n<li><strong>Andmete s\u00e4ilitamine ja anal\u00fc\u00fcs:<\/strong>\n<ul>\n<li>Tavaliselt on piiraja varustatud andmesalvestusfunktsiooniga, mis v\u00f5imaldab salvestada ajaloolisi koormusandmeid, h\u00e4ireandmeid ja muid t\u00f6\u00f6andmeid. See aitab operatsioonij\u00e4rgsel anal\u00fc\u00fcsil, diagnostikal ja hooldusel. M\u00f5ned mudelid toetavad ka kaugseiret ja andmete allalaadimist.<\/li>\n<\/ul>\n<\/li>\n<li><strong>Kaugjuhtimine ja hoiatused:<\/strong>\n<ul>\n<li>M\u00f5ned mudelid pakuvad kaugj\u00e4lgimis- ja kaugjuhtimisfunktsioone, mis v\u00f5imaldavad operaatoritel v\u00f5i juhtidel vaadata koormusandmeid ja h\u00e4ireandmeid eemalt, parandades \u00fcldist ohutust kraana t\u00f6\u00f6 ajal.<\/li>\n<\/ul>\n<\/li>\n<\/ol>\n<h3><strong>T\u00f6\u00f6p\u00f5him\u00f5te<\/strong><\/h3>\n<ol>\n<li><strong>Koormuse m\u00f5\u00f5tmine:<\/strong>\n<ul>\n<li>Kraana \u00fclekoormuse piiraja kasutab konksu koormuse reaalajas m\u00f5\u00f5tmiseks andureid, n\u00e4iteks r\u00f5huandureid, pingeandureid v\u00f5i nihkeandureid. Andurid saadavad need andmed t\u00f6\u00f6tlemiseks juhtimiss\u00fcsteemi.<\/li>\n<\/ul>\n<\/li>\n<li><strong>Andmete t\u00f6\u00f6tlemine ja v\u00f5rdlus:<\/strong>\n<ul>\n<li>Kui juhtimiss\u00fcsteem saab anduri andmed, v\u00f5rdleb ta praegust koormust eelseadistatud ohutuspiiriga. Kui koormus \u00fcletab piirv\u00e4\u00e4rtust, k\u00e4ivitab s\u00fcsteem kohe h\u00e4ire ja aktiveerib kaitsemehhanismi.<\/li>\n<\/ul>\n<\/li>\n<li><strong>H\u00e4ire- ja kaitsemehhanism:<\/strong>\n<ul>\n<li>Kui koormus \u00fcletab ohutu l\u00e4vendi, aktiveerib s\u00fcsteem helisignaali ja visuaalse h\u00e4ire, et hoiatada operaatorit. Samal ajal v\u00f5tab see automaatselt meetmeid, n\u00e4iteks aeglustab t\u00f5stekiirust v\u00f5i peatab edasise t\u00f5stmise, et v\u00e4ltida seadmete kahjustusi v\u00f5i ohutusalaseid \u00f5nnetusi.<\/li>\n<\/ul>\n<\/li>\n<li><strong>Reaalajas j\u00e4lgimine ja salvestamine:<\/strong>\n<ul>\n<li>\u00dclekoormuse piiraja kuvab ekraanil reaalajas koormusandmeid ja salvestab ajaloolisi andmeid hilisemaks l\u00e4bivaatamiseks. M\u00f5ned t\u00e4iustatud mudelid v\u00f5ivad edastada andmeid kaugjuhtimise teel seirekeskusesse, mis v\u00f5imaldab operaatoril v\u00f5i juhtkonnal pidevalt j\u00e4lgida.<\/li>\n<\/ul>\n<\/li>\n<li><strong>Kohandamine ja optimeerimine:<\/strong>\n<ul>\n<li>M\u00f5nel k\u00f5rgekvaliteedilisel \u00fclekoormuse piirajal on intelligentsed reguleerimisv\u00f5imalused. Need reguleerivad automaatselt koormuspiiri vastavalt muutuvatele t\u00f6\u00f6tingimustele, tagades, et kraana t\u00f6\u00f6tab alati ohutusvahemikus.<\/li>\n<\/ul>\n<\/li>\n<\/ol>\n<\/div>\n<\/div>\n<\/div>\n<\/div>\n<h6><strong><span style=\"font-family: arial, helvetica, sans-serif; font-size: 18pt;\">Kokkuv\u00f5te<\/span><\/strong><\/h6>\n<p>The <strong>QCX kraana \u00fclekoormuse piiraja<\/strong> on kahetasandiliste kraanade h\u00e4davajalik ohutusmehhanism. T\u00e4nu t\u00e4psele koormuse j\u00e4lgimisele, usaldusv\u00e4\u00e4rsetele h\u00e4iresignaalidele ja mootori automaatsele v\u00e4ljal\u00fclitamisele minimeerib see \u00fclekoormusega seotud riske ja aitab oluliselt kaasa kaasaegsete t\u00f6\u00f6stuslike ohutusstandardite t\u00e4itmisele.<\/p>\n<\/div>\n<\/div>\n<\/div>\n<\/div>\n<\/div>\n<\/div>\n<\/div>\n<\/div>\n<\/article>\n<\/div>\n<\/div>\n<\/div>\n<\/div>\n<\/div>\n<div><span style=\"font-family: var(--global-body-font-family);\">V\u00f5llikorpuse ja -alusega andurid koos QCX-M t\u00fc\u00fcpi seadmetega on k\u00f5ige sagedamini kasutatav t\u00f5stekaalu piirajate vorm. Standardtoodete m\u00f5\u00f5tmed on esitatud j\u00e4rgmises tabelis. N\u00e4iteks tellimusmudel on: \u201cQCX-M-4-20t\/170-320\u201d.<\/span><\/div>\n<div><img fetchpriority=\"high\" decoding=\"async\" class=\"alignnone wp-image-7540\" src=\"https:\/\/www.hnhlcranes.com\/wp-content\/uploads\/2024\/12\/Crane-overload-limiter-7-300x188.jpg\" alt=\"\" width=\"962\" height=\"603\" srcset=\"https:\/\/www.hnhlcranes.com\/wp-content\/uploads\/2024\/12\/Crane-overload-limiter-7-300x188.jpg 300w, https:\/\/www.hnhlcranes.com\/wp-content\/uploads\/2024\/12\/Crane-overload-limiter-7-768x482.jpg 768w, https:\/\/www.hnhlcranes.com\/wp-content\/uploads\/2024\/12\/Crane-overload-limiter-7-600x377.jpg 600w, https:\/\/www.hnhlcranes.com\/wp-content\/uploads\/2024\/12\/Crane-overload-limiter-7.jpg 1000w\" sizes=\"(max-width: 962px) 100vw, 962px\" \/><\/div>\n<div>\n<p>&nbsp;<\/p>\n<p>Suurtonnaa\u017ei piirajate andurid kohandatakse tavaliselt vastavalt kasutaja joonistele. J\u00e4rgmises tabelis esitatud seeria m\u00f5\u00f5tmed on kokkuv\u00f5tlikult esitatud suuremate Hiina kraanatootjate tellimusjooniste alusel, et anda viide, kui uued kasutajad tellivad v\u00f5i projekteerivad mittestandardseid tooteid.<\/p>\n<p><img decoding=\"async\" class=\"alignnone wp-image-7541\" src=\"https:\/\/www.hnhlcranes.com\/wp-content\/uploads\/2024\/12\/Crane-overload-limiter-8-300x206.jpg\" alt=\"\" width=\"990\" height=\"680\" srcset=\"https:\/\/www.hnhlcranes.com\/wp-content\/uploads\/2024\/12\/Crane-overload-limiter-8-300x206.jpg 300w, https:\/\/www.hnhlcranes.com\/wp-content\/uploads\/2024\/12\/Crane-overload-limiter-8-768x528.jpg 768w, https:\/\/www.hnhlcranes.com\/wp-content\/uploads\/2024\/12\/Crane-overload-limiter-8-600x413.jpg 600w, https:\/\/www.hnhlcranes.com\/wp-content\/uploads\/2024\/12\/Crane-overload-limiter-8.jpg 1000w\" sizes=\"(max-width: 990px) 100vw, 990px\" \/><\/p>\n<p>HLF-3A seeria andurid koosnevad kahest osast: andurid ja padjad. Need paigaldatakse peamiselt kraana fikseeritud rihmaratta v\u00f5lli kahe otsa alla, et taluda rihmaratta ploki tekitatud survet. \u00dcldiselt kasutatakse kahte andurit \u00fches r\u00fchmas. Neid kasutatakse sageli juhtudel, kus on suhteliselt k\u00f5rged m\u00f5\u00f5tet\u00e4psusn\u00f5uded, n\u00e4iteks kraana elektroonilised kaalud.<\/p>\n<p>&nbsp;<\/p>\n<\/div>\n<div><img decoding=\"async\" class=\"alignnone wp-image-7542\" src=\"https:\/\/www.hnhlcranes.com\/wp-content\/uploads\/2024\/12\/Crane-overload-limiter-HLF-300x187.jpg\" alt=\"\" width=\"977\" height=\"609\" srcset=\"https:\/\/www.hnhlcranes.com\/wp-content\/uploads\/2024\/12\/Crane-overload-limiter-HLF-300x187.jpg 300w, https:\/\/www.hnhlcranes.com\/wp-content\/uploads\/2024\/12\/Crane-overload-limiter-HLF-768x479.jpg 768w, https:\/\/www.hnhlcranes.com\/wp-content\/uploads\/2024\/12\/Crane-overload-limiter-HLF-600x374.jpg 600w, https:\/\/www.hnhlcranes.com\/wp-content\/uploads\/2024\/12\/Crane-overload-limiter-HLF.jpg 1000w\" sizes=\"(max-width: 977px) 100vw, 977px\" \/><\/div>","protected":false},"excerpt":{"rendered":"<h6><strong><span style=\"font-family: arial, helvetica, sans-serif; font-size: 14pt;\">Peamised parameetrid:<\/span><\/strong><\/h6>\n<ul>\n<li>T\u00e4psus \u22645%F.S.<\/li>\n<li>90% hoiatus, 105% h\u00e4ire<\/li>\n<li>130% vahetu juhtimine, v\u00e4ljund relekontaktide komplekt<\/li>\n<li>V\u00f5imsus 10A, 380V<\/li>\n<li>Toitepinge AC380V v\u00f5i 220V\/50Hz<\/li>\n<li>Keskkonnatemperatuur -20\uff5e+60\u2103\/90%RH<\/li>\n<li>Kaitsetaseme andur IP65,<\/li>\n<li>Seade IP42<\/li>\n<\/ul>","protected":false},"featured_media":7543,"template":"","meta":{"_kad_post_transparent":"default","_kad_post_title":"","_kad_post_layout":"default","_kad_post_sidebar_id":"","_kad_post_content_style":"default","_kad_post_vertical_padding":"show","_kad_post_feature":"","_kad_post_feature_position":"","_kad_post_header":false,"_kad_post_footer":false},"product_brand":[],"product_cat":[65],"product_tag":[632,622,376,634,612,616,626,627,629,613,617,620,615,614,618,628,619,621,623,630,635,633,625,631,624],"class_list":{"0":"post-5820","1":"product","2":"type-product","3":"status-publish","4":"has-post-thumbnail","6":"product_cat-crane-electrical-parts","7":"product_tag-aviation-plug","8":"product_tag-cable-trolley","9":"product_tag-china-crane-parts-supplier","10":"product_tag-crane-aviation-plug","11":"product_tag-crane-cable-trolley","12":"product_tag-crane-control-cabinet","13":"product_tag-crane-control-handle","14":"product_tag-crane-controls","15":"product_tag-crane-electrical-control-cabinet","16":"product_tag-crane-electrical-part","17":"product_tag-crane-limit-switch","18":"product_tag-crane-overload-limiter","19":"product_tag-crane-pendant-controller","20":"product_tag-crane-remote-controller","21":"product_tag-crane-sound-and-light-alarm","22":"product_tag-electrical-control-cabinet","23":"product_tag-heavy-duty-aviation-connector","24":"product_tag-i-beam-cable-trolley","25":"product_tag-i-beam-cable-trolley-supplier","26":"product_tag-limit-switch","27":"product_tag-overload-limiter","28":"product_tag-quick-connector","29":"product_tag-remote-controller","30":"product_tag-sound-and-light-alarm","31":"product_tag-wireless-remote-control","33":"first","34":"instock","35":"shipping-taxable","36":"product-type-simple","37":"entry","38":"content-bg","39":"loop-entry"},"yoast_head":"<!-- This site is optimized with the Yoast SEO plugin v24.5 - https:\/\/yoast.com\/wordpress\/plugins\/seo\/ -->\n<title>Crane overload limiter - Overload limiter-Crane Electrical Part-Crane Parts Manufacturer<\/title>\n<meta name=\"description\" content=\"Overload limiter,Crane overload limiter manufacturer,Crane overload limiter Supplier,Crane overload limiter,Crane Parts Supplier\" \/>\n<meta name=\"robots\" content=\"index, follow, max-snippet:-1, max-image-preview:large, max-video-preview:-1\" \/>\n<link rel=\"canonical\" href=\"https:\/\/www.hnhlcranes.com\/et\/toode\/kraana-ulekoormuse-piiraja\/\" \/>\n<meta property=\"og:locale\" content=\"et_EE\" \/>\n<meta property=\"og:type\" content=\"article\" \/>\n<meta property=\"og:title\" content=\"Crane overload limiter - Overload limiter-Crane Electrical Part-Crane Parts Manufacturer\" \/>\n<meta property=\"og:description\" content=\"Overload limiter,Crane overload limiter manufacturer,Crane overload limiter Supplier,Crane overload limiter,Crane Parts Supplier\" \/>\n<meta property=\"og:url\" content=\"https:\/\/www.hnhlcranes.com\/et\/toode\/kraana-ulekoormuse-piiraja\/\" \/>\n<meta property=\"og:site_name\" content=\"Crane Parts Manufacturer\" \/>\n<meta property=\"article:modified_time\" content=\"2025-01-16T08:14:10+00:00\" \/>\n<meta property=\"og:image\" content=\"https:\/\/www.hnhlcranes.com\/wp-content\/uploads\/2024\/12\/Crane-overload-limiter.jpg\" \/>\n\t<meta property=\"og:image:width\" content=\"600\" \/>\n\t<meta property=\"og:image:height\" content=\"600\" \/>\n\t<meta property=\"og:image:type\" content=\"image\/jpeg\" \/>\n<meta name=\"twitter:card\" content=\"summary_large_image\" \/>\n<meta name=\"twitter:label1\" content=\"Est. reading time\" \/>\n\t<meta name=\"twitter:data1\" content=\"4 minutit\" \/>\n<script type=\"application\/ld+json\" class=\"yoast-schema-graph\">{\"@context\":\"https:\/\/schema.org\",\"@graph\":[{\"@type\":\"WebPage\",\"@id\":\"https:\/\/www.hnhlcranes.com\/product\/crane-overload-limiter\/\",\"url\":\"https:\/\/www.hnhlcranes.com\/product\/crane-overload-limiter\/\",\"name\":\"Crane overload limiter - Overload limiter-Crane Electrical Part-Crane Parts Manufacturer\",\"isPartOf\":{\"@id\":\"https:\/\/www.hnhlcranes.com\/#website\"},\"primaryImageOfPage\":{\"@id\":\"https:\/\/www.hnhlcranes.com\/product\/crane-overload-limiter\/#primaryimage\"},\"image\":{\"@id\":\"https:\/\/www.hnhlcranes.com\/product\/crane-overload-limiter\/#primaryimage\"},\"thumbnailUrl\":\"https:\/\/www.hnhlcranes.com\/wp-content\/uploads\/2024\/12\/Crane-overload-limiter.jpg\",\"datePublished\":\"2024-12-05T17:29:13+00:00\",\"dateModified\":\"2025-01-16T08:14:10+00:00\",\"description\":\"Overload limiter,Crane overload limiter manufacturer,Crane overload limiter Supplier,Crane overload limiter,Crane Parts Supplier\",\"breadcrumb\":{\"@id\":\"https:\/\/www.hnhlcranes.com\/product\/crane-overload-limiter\/#breadcrumb\"},\"inLanguage\":\"et\",\"potentialAction\":[{\"@type\":\"ReadAction\",\"target\":[\"https:\/\/www.hnhlcranes.com\/product\/crane-overload-limiter\/\"]}]},{\"@type\":\"ImageObject\",\"inLanguage\":\"et\",\"@id\":\"https:\/\/www.hnhlcranes.com\/product\/crane-overload-limiter\/#primaryimage\",\"url\":\"https:\/\/www.hnhlcranes.com\/wp-content\/uploads\/2024\/12\/Crane-overload-limiter.jpg\",\"contentUrl\":\"https:\/\/www.hnhlcranes.com\/wp-content\/uploads\/2024\/12\/Crane-overload-limiter.jpg\",\"width\":600,\"height\":600},{\"@type\":\"BreadcrumbList\",\"@id\":\"https:\/\/www.hnhlcranes.com\/product\/crane-overload-limiter\/#breadcrumb\",\"itemListElement\":[{\"@type\":\"ListItem\",\"position\":1,\"name\":\"home\",\"item\":\"https:\/\/www.hnhlcranes.com\/\"},{\"@type\":\"ListItem\",\"position\":2,\"name\":\"products\",\"item\":\"https:\/\/www.hnhlcranes.com\/products\/\"},{\"@type\":\"ListItem\",\"position\":3,\"name\":\"Crane overload limiter\"}]},{\"@type\":\"WebSite\",\"@id\":\"https:\/\/www.hnhlcranes.com\/#website\",\"url\":\"https:\/\/www.hnhlcranes.com\/\",\"name\":\"Crane Parts Manufacturer\",\"description\":\"Crane Wheels,Crane Drums,Crane Hooks,Crane Coupling,Crane End Carriage,Electric Hoist,European Crane Parts,Crane Rail Clip,Crane Spreader,Crane Motor,Crane Reducer,Crane Brake,Light Crane Parts,Workstation Crane Parts,Crane Electrical Parts,China Crane Parts Supplier,China Crane Parts Manufacturer,Angle box type crane wheel,45 degree split crane wheel,European crane wheel,Crane Wheel Blocks,Overhead crane drum,European crane drum,Overhead crane hook,European crane hook,Crane pulley block,Gear coupling,Brake wheel coupling,Drum gear coupling,Brake wheel drum gear coupling,Cardan Shaft Coupling,WZL drum coupling,Plum blossom elastic coupling,Brake wheel plum elastic coupling,European Single girder crane end carriage,European Double girder crane end carriage,European Suspension  crane end carriage,Wire Rope Electric Hoist,Electric Chain Hoist,European Single Girder Wire Rope Electric Hoist,European Double Girder Wire Rope Electric Hoist,Crane grab,Container spreader,Billet crane clamps,C-type hook,Lifting Electromagnet,YZR crane motor,YZP crane motor,ZQ Reducer,ZSC Reducer,QJ Reducer,QJ-L Reducer,QJY Reducer,H series gearbox,F Series Gear Motor,K Series Gear Motor,R Series Gear Motor,travelling machinery gear motor,Electro hydraulic drum brake,Electro hydraulic disc brake,Crane Safety brake,Crane cable trolley,Crane remote controller,Crane pendant controller,Crane electrical control cabinet,Crane limit switch,Crane sound and light alarm,Heavy Duty Aviation Connector,Crane overload limiter\",\"publisher\":{\"@id\":\"https:\/\/www.hnhlcranes.com\/#organization\"},\"potentialAction\":[{\"@type\":\"SearchAction\",\"target\":{\"@type\":\"EntryPoint\",\"urlTemplate\":\"https:\/\/www.hnhlcranes.com\/?s={search_term_string}\"},\"query-input\":{\"@type\":\"PropertyValueSpecification\",\"valueRequired\":true,\"valueName\":\"search_term_string\"}}],\"inLanguage\":\"et\"},{\"@type\":\"Organization\",\"@id\":\"https:\/\/www.hnhlcranes.com\/#organization\",\"name\":\"Crane Parts Manufacturer\",\"url\":\"https:\/\/www.hnhlcranes.com\/\",\"logo\":{\"@type\":\"ImageObject\",\"inLanguage\":\"et\",\"@id\":\"https:\/\/www.hnhlcranes.com\/#\/schema\/logo\/image\/\",\"url\":\"https:\/\/www.hnhlcranes.com\/wp-content\/uploads\/2025\/01\/HL-logo-1.png\",\"contentUrl\":\"https:\/\/www.hnhlcranes.com\/wp-content\/uploads\/2025\/01\/HL-logo-1.png\",\"width\":600,\"height\":169,\"caption\":\"Crane Parts Manufacturer\"},\"image\":{\"@id\":\"https:\/\/www.hnhlcranes.com\/#\/schema\/logo\/image\/\"}}]}<\/script>\n<!-- \/ Yoast SEO plugin. -->","yoast_head_json":{"title":"Crane overload limiter - Overload limiter-Crane Electrical Part-Crane Parts Manufacturer","description":"Overload limiter,Crane overload limiter manufacturer,Crane overload limiter Supplier,Crane overload limiter,Crane Parts Supplier","robots":{"index":"index","follow":"follow","max-snippet":"max-snippet:-1","max-image-preview":"max-image-preview:large","max-video-preview":"max-video-preview:-1"},"canonical":"https:\/\/www.hnhlcranes.com\/et\/toode\/kraana-ulekoormuse-piiraja\/","og_locale":"et_EE","og_type":"article","og_title":"Crane overload limiter - Overload limiter-Crane Electrical Part-Crane Parts Manufacturer","og_description":"Overload limiter,Crane overload limiter manufacturer,Crane overload limiter Supplier,Crane overload limiter,Crane Parts Supplier","og_url":"https:\/\/www.hnhlcranes.com\/et\/toode\/kraana-ulekoormuse-piiraja\/","og_site_name":"Crane Parts Manufacturer","article_modified_time":"2025-01-16T08:14:10+00:00","og_image":[{"width":600,"height":600,"url":"https:\/\/www.hnhlcranes.com\/wp-content\/uploads\/2024\/12\/Crane-overload-limiter.jpg","type":"image\/jpeg"}],"twitter_card":"summary_large_image","twitter_misc":{"Est. reading time":"4 minutit"},"schema":{"@context":"https:\/\/schema.org","@graph":[{"@type":"WebPage","@id":"https:\/\/www.hnhlcranes.com\/product\/crane-overload-limiter\/","url":"https:\/\/www.hnhlcranes.com\/product\/crane-overload-limiter\/","name":"Crane overload limiter - Overload limiter-Crane Electrical Part-Crane Parts Manufacturer","isPartOf":{"@id":"https:\/\/www.hnhlcranes.com\/#website"},"primaryImageOfPage":{"@id":"https:\/\/www.hnhlcranes.com\/product\/crane-overload-limiter\/#primaryimage"},"image":{"@id":"https:\/\/www.hnhlcranes.com\/product\/crane-overload-limiter\/#primaryimage"},"thumbnailUrl":"https:\/\/www.hnhlcranes.com\/wp-content\/uploads\/2024\/12\/Crane-overload-limiter.jpg","datePublished":"2024-12-05T17:29:13+00:00","dateModified":"2025-01-16T08:14:10+00:00","description":"Overload limiter,Crane overload limiter manufacturer,Crane overload limiter Supplier,Crane overload limiter,Crane Parts Supplier","breadcrumb":{"@id":"https:\/\/www.hnhlcranes.com\/product\/crane-overload-limiter\/#breadcrumb"},"inLanguage":"et","potentialAction":[{"@type":"ReadAction","target":["https:\/\/www.hnhlcranes.com\/product\/crane-overload-limiter\/"]}]},{"@type":"ImageObject","inLanguage":"et","@id":"https:\/\/www.hnhlcranes.com\/product\/crane-overload-limiter\/#primaryimage","url":"https:\/\/www.hnhlcranes.com\/wp-content\/uploads\/2024\/12\/Crane-overload-limiter.jpg","contentUrl":"https:\/\/www.hnhlcranes.com\/wp-content\/uploads\/2024\/12\/Crane-overload-limiter.jpg","width":600,"height":600},{"@type":"BreadcrumbList","@id":"https:\/\/www.hnhlcranes.com\/product\/crane-overload-limiter\/#breadcrumb","itemListElement":[{"@type":"ListItem","position":1,"name":"home","item":"https:\/\/www.hnhlcranes.com\/"},{"@type":"ListItem","position":2,"name":"products","item":"https:\/\/www.hnhlcranes.com\/products\/"},{"@type":"ListItem","position":3,"name":"Crane overload limiter"}]},{"@type":"WebSite","@id":"https:\/\/www.hnhlcranes.com\/#website","url":"https:\/\/www.hnhlcranes.com\/","name":"Crane Parts Manufacturer","description":"Crane Wheels,Crane Drums,Crane Hooks,Crane Coupling,Crane End Carriage,Electric Hoist,European Crane Parts,Crane Rail Clip,Crane Spreader,Crane Motor,Crane Reducer,Crane Brake,Light Crane Parts,Workstation Crane Parts,Crane Electrical Parts,China Crane Parts Supplier,China Crane Parts Manufacturer,Angle box type crane wheel,45 degree split crane wheel,European crane wheel,Crane Wheel Blocks,Overhead crane drum,European crane drum,Overhead crane hook,European crane hook,Crane pulley block,Gear coupling,Brake wheel coupling,Drum gear coupling,Brake wheel drum gear coupling,Cardan Shaft Coupling,WZL drum coupling,Plum blossom elastic coupling,Brake wheel plum elastic coupling,European Single girder crane end carriage,European Double girder crane end carriage,European Suspension  crane end carriage,Wire Rope Electric Hoist,Electric Chain Hoist,European Single Girder Wire Rope Electric Hoist,European Double Girder Wire Rope Electric Hoist,Crane grab,Container spreader,Billet crane clamps,C-type hook,Lifting Electromagnet,YZR crane motor,YZP crane motor,ZQ Reducer,ZSC Reducer,QJ Reducer,QJ-L Reducer,QJY Reducer,H series gearbox,F Series Gear Motor,K Series Gear Motor,R Series Gear Motor,travelling machinery gear motor,Electro hydraulic drum brake,Electro hydraulic disc brake,Crane Safety brake,Crane cable trolley,Crane remote controller,Crane pendant controller,Crane electrical control cabinet,Crane limit switch,Crane sound and light alarm,Heavy Duty Aviation Connector,Crane overload limiter","publisher":{"@id":"https:\/\/www.hnhlcranes.com\/#organization"},"potentialAction":[{"@type":"SearchAction","target":{"@type":"EntryPoint","urlTemplate":"https:\/\/www.hnhlcranes.com\/?s={search_term_string}"},"query-input":{"@type":"PropertyValueSpecification","valueRequired":true,"valueName":"search_term_string"}}],"inLanguage":"et"},{"@type":"Organization","@id":"https:\/\/www.hnhlcranes.com\/#organization","name":"Crane Parts Manufacturer","url":"https:\/\/www.hnhlcranes.com\/","logo":{"@type":"ImageObject","inLanguage":"et","@id":"https:\/\/www.hnhlcranes.com\/#\/schema\/logo\/image\/","url":"https:\/\/www.hnhlcranes.com\/wp-content\/uploads\/2025\/01\/HL-logo-1.png","contentUrl":"https:\/\/www.hnhlcranes.com\/wp-content\/uploads\/2025\/01\/HL-logo-1.png","width":600,"height":169,"caption":"Crane Parts Manufacturer"},"image":{"@id":"https:\/\/www.hnhlcranes.com\/#\/schema\/logo\/image\/"}}]}},"_links":{"self":[{"href":"https:\/\/www.hnhlcranes.com\/et\/wp-json\/wp\/v2\/product\/5820","targetHints":{"allow":["GET"]}}],"collection":[{"href":"https:\/\/www.hnhlcranes.com\/et\/wp-json\/wp\/v2\/product"}],"about":[{"href":"https:\/\/www.hnhlcranes.com\/et\/wp-json\/wp\/v2\/types\/product"}],"version-history":[{"count":6,"href":"https:\/\/www.hnhlcranes.com\/et\/wp-json\/wp\/v2\/product\/5820\/revisions"}],"predecessor-version":[{"id":7547,"href":"https:\/\/www.hnhlcranes.com\/et\/wp-json\/wp\/v2\/product\/5820\/revisions\/7547"}],"wp:featuredmedia":[{"embeddable":true,"href":"https:\/\/www.hnhlcranes.com\/et\/wp-json\/wp\/v2\/media\/7543"}],"wp:attachment":[{"href":"https:\/\/www.hnhlcranes.com\/et\/wp-json\/wp\/v2\/media?parent=5820"}],"wp:term":[{"taxonomy":"product_brand","embeddable":true,"href":"https:\/\/www.hnhlcranes.com\/et\/wp-json\/wp\/v2\/product_brand?post=5820"},{"taxonomy":"product_cat","embeddable":true,"href":"https:\/\/www.hnhlcranes.com\/et\/wp-json\/wp\/v2\/product_cat?post=5820"},{"taxonomy":"product_tag","embeddable":true,"href":"https:\/\/www.hnhlcranes.com\/et\/wp-json\/wp\/v2\/product_tag?post=5820"}],"curies":[{"name":"wp","href":"https:\/\/api.w.org\/{rel}","templated":true}]}}