{"id":4915,"date":"2024-11-08T16:24:37","date_gmt":"2024-11-08T08:24:37","guid":{"rendered":"https:\/\/www.hnhlcranes.com\/?post_type=product&#038;p=4915"},"modified":"2025-01-19T18:11:01","modified_gmt":"2025-01-19T10:11:01","slug":"jarrupyoran-kytkenta","status":"publish","type":"product","link":"https:\/\/www.hnhlcranes.com\/fi\/tuote\/jarrupyoran-kytkenta\/","title":{"rendered":"Jarrupy\u00f6r\u00e4n kytkent\u00e4"},"content":{"rendered":"<div class=\"flex max-w-full flex-col flex-grow\">\n<div class=\"min-h-8 text-message flex w-full flex-col items-end gap-2 whitespace-normal break-words text-start [.text-message+&amp;]:mt-5\" dir=\"auto\" data-message-author-role=\"assistant\" data-message-id=\"267a957f-544d-4c06-88af-57afe1e9f3ad\" data-message-model-slug=\"gpt-4o\">\n<div class=\"flex w-full flex-col gap-1 empty:hidden first:pt-[3px]\">\n<div class=\"markdown prose w-full break-words dark:prose-invert light\">\n<p>A <strong>Jarrupy\u00f6r\u00e4n kytkent\u00e4<\/strong> on mekaanisissa voimansiirtoj\u00e4rjestelmiss\u00e4 k\u00e4ytetty kytkintyyppi, joka on erityisesti suunniteltu yhdist\u00e4m\u00e4\u00e4n kaksi akselia ja mahdollistamaan jarrutustoiminta toisella akselilla. Se koostuu tyypillisesti kahdesta p\u00e4\u00e4komponentista: vet\u00e4v\u00e4\u00e4n akseliin liitett\u00e4v\u00e4st\u00e4 jarrupy\u00f6r\u00e4st\u00e4 ja vet\u00e4v\u00e4\u00e4n akseliin liitett\u00e4v\u00e4st\u00e4 kytkinosasta.<\/p>\n<h3><strong>Jarrupy\u00f6r\u00e4n kytkent\u00e4 <\/strong>T\u00e4rkeimm\u00e4t ominaisuudet:<\/h3>\n<ol>\n<li><strong>Rakenne<\/strong>: Jarrupy\u00f6r\u00e4kytkimen rakenne sis\u00e4lt\u00e4\u00e4 yleens\u00e4 jarrupy\u00f6r\u00e4n ja kytkimen. Jarrupy\u00f6r\u00e4ss\u00e4 on yleens\u00e4 useita jarruhihnoja tai -levyj\u00e4, joita jarruj\u00e4rjestelm\u00e4 voi k\u00e4ytt\u00e4\u00e4 nopeuden v\u00e4hent\u00e4miseksi tai akselin py\u00f6rimisen pys\u00e4ytt\u00e4miseksi.<\/li>\n<li><strong>Toimintaperiaate<\/strong>: K\u00e4yt\u00f6ss\u00e4 kytkin siirt\u00e4\u00e4 voimaa vet\u00e4v\u00e4lle akselille, kun taas jarrupy\u00f6r\u00e4 voi tarvittaessa jarruttaa vet\u00e4v\u00e4\u00e4 akselia hidastaen tai pys\u00e4ytt\u00e4en sen py\u00f6rimisen.<\/li>\n<li><strong>Sovellukset<\/strong>: T\u00e4t\u00e4 kytkintyyppi\u00e4 k\u00e4ytet\u00e4\u00e4n tyypillisesti j\u00e4rjestelmiss\u00e4, jotka vaativat nopeudens\u00e4\u00e4t\u00f6- tai h\u00e4t\u00e4pys\u00e4ytystoimintoa. Se on yleisesti k\u00e4yt\u00f6ss\u00e4 esimerkiksi nostureissa, kuljettimissa, hisseiss\u00e4 ja muissa raskaissa koneissa, joissa se tarjoaa tehokkaasti pys\u00e4ytys- tai hidastustoimintoja.<\/li>\n<li><strong>Suunnittelu<\/strong>: Jarrupy\u00f6r\u00e4kytkimen suunnittelussa on yhdistetty sek\u00e4 v\u00e4\u00e4nt\u00f6momentin siirto ett\u00e4 jarrutustoiminnot, mik\u00e4 varmistaa, ett\u00e4 kytkin ei ainoastaan siirr\u00e4 tehoa tehokkaasti, vaan tarjoaa my\u00f6s luotettavan jarrutustehon.<\/li>\n<\/ol>\n<h3>Edut:<\/h3>\n<ul>\n<li><strong>Jarrutustoiminto<\/strong>: Jarrupy\u00f6r\u00e4kytkimet voivat tarjota v\u00e4litt\u00f6m\u00e4n jarrutuksen, joten ne soveltuvat erinomaisesti sovelluksiin, joissa tarvitaan nopeaa pys\u00e4htymist\u00e4 tai hidastumista.<\/li>\n<li><strong>Integroitu suunnittelu<\/strong>: Yhdist\u00e4m\u00e4ll\u00e4 jarru- ja kytkent\u00e4toiminnot se s\u00e4\u00e4st\u00e4\u00e4 tilaa ja v\u00e4hent\u00e4\u00e4 asennuskustannuksia.<\/li>\n<li><strong>Korkea kantavuus<\/strong>: Jarrupy\u00f6r\u00e4kytkimet kest\u00e4v\u00e4t yleens\u00e4 suuria v\u00e4\u00e4nt\u00f6momentteja ja raskaita kuormia, joten ne soveltuvat raskaisiin koneisiin.<\/li>\n<\/ul>\n<h3>Haitat:<\/h3>\n<ul>\n<li><strong>Kuluminen ja kuluminen<\/strong>: Jarrupy\u00f6r\u00e4 ja jarrupalat voivat kulua ajan my\u00f6t\u00e4, jolloin ne on vaihdettava s\u00e4\u00e4nn\u00f6llisesti.<\/li>\n<li><strong>Meluongelmat<\/strong>: Jarrutus voi aiheuttaa melua, erityisesti suurissa kuormituksissa.<\/li>\n<\/ul>\n<p>Kaiken kaikkiaan jarrupy\u00f6r\u00e4kytkimet ovat kytkimi\u00e4, jotka sek\u00e4 siirt\u00e4v\u00e4t v\u00e4\u00e4nt\u00f6momenttia ett\u00e4 tarjoavat jarrutustoimintoja. Sit\u00e4 k\u00e4ytet\u00e4\u00e4n laajalti laitteissa, jotka vaativat tarkkaa py\u00f6rimisen hallintaa, erityisesti raskaissa koneissa ja korkean kuormituksen sovelluksissa.<\/p>\n<\/div>\n<\/div>\n<\/div>\n<\/div>\n<p>&nbsp;<\/p>\n<p><img fetchpriority=\"high\" decoding=\"async\" class=\"alignnone wp-image-6884\" src=\"https:\/\/www.hnhlcranes.com\/wp-content\/uploads\/2024\/11\/Brake-wheel-coupling-7-300x204.jpg\" alt=\"\" width=\"954\" height=\"649\" srcset=\"https:\/\/www.hnhlcranes.com\/wp-content\/uploads\/2024\/11\/Brake-wheel-coupling-7-300x204.jpg 300w, https:\/\/www.hnhlcranes.com\/wp-content\/uploads\/2024\/11\/Brake-wheel-coupling-7-768x523.jpg 768w, https:\/\/www.hnhlcranes.com\/wp-content\/uploads\/2024\/11\/Brake-wheel-coupling-7-600x409.jpg 600w, https:\/\/www.hnhlcranes.com\/wp-content\/uploads\/2024\/11\/Brake-wheel-coupling-7.jpg 1000w\" sizes=\"(max-width: 954px) 100vw, 954px\" \/><\/p>","protected":false},"excerpt":{"rendered":"<p><strong>Jarrupy\u00f6r\u00e4n kytkent\u00e4parametrit:<\/strong><\/p>\n<ul>\n<li><strong>Suurin sallittu v\u00e4\u00e4nt\u00f6momentti:<\/strong> 630 Nm - 125 000 Nm<\/li>\n<li><strong>Suurin nopeus:<\/strong> 4000 rpm - 950 rpm<\/li>\n<li><strong>Jarrupy\u00f6r\u00e4n halkaisija:<\/strong> \u2205160, \u2205200, \u2205250, \u2205300, \u2205315, \u2205400, \u2205500, \u2205600, \u2205630, \u2205700, \u2205800<\/li>\n<li><strong>Kytkent\u00e4materiaali:<\/strong> ZG430-640, 45 ter\u00e4s<\/li>\n<li><strong>Kytkent\u00e4tyyppi:<\/strong> Jarrupy\u00f6r\u00e4, jossa on puolihammaskytkin<\/li>\n<li><strong>Mukautetut vaihtoehdot:<\/strong> Voit toimittaa omat piirustuksesi, ja me valmistamme ne annettujen mittojen mukaan.<\/li>\n<\/ul>","protected":false},"featured_media":6882,"template":"","meta":{"_kad_post_transparent":"default","_kad_post_title":"","_kad_post_layout":"default","_kad_post_sidebar_id":"","_kad_post_content_style":"default","_kad_post_vertical_padding":"show","_kad_post_feature":"","_kad_post_feature_position":"","_kad_post_header":false,"_kad_post_footer":false},"product_brand":[],"product_cat":[54],"product_tag":[425,427,431,439,428,376,438,374,432,424,433,373,436,426,437,423,430,435,434,429],"class_list":{"0":"post-4915","1":"product","2":"type-product","3":"status-publish","4":"has-post-thumbnail","6":"product_cat-crane-coupling","7":"product_tag-brake-wheel-coupling","8":"product_tag-brake-wheel-drum-gear-coupling","9":"product_tag-brake-wheel-plum-elastic-coupling","10":"product_tag-cardan-coupling","11":"product_tag-cardan-shaft-coupling","12":"product_tag-china-crane-parts-supplier","13":"product_tag-coupling-manufacturer","14":"product_tag-crane-accessories","15":"product_tag-crane-brake-wheel-coupling","16":"product_tag-crane-coupling","17":"product_tag-crane-gear-couplings","18":"product_tag-crane-parts","19":"product_tag-disc-couplings","20":"product_tag-drum-gear-coupling","21":"product_tag-fluid-couplings","22":"product_tag-gear-coupling","23":"product_tag-plum-blossom-elastic-coupling","24":"product_tag-power-transmission-couplings","25":"product_tag-shaft-couplings","26":"product_tag-wzl-drum-coupling","28":"first","29":"instock","30":"shipping-taxable","31":"product-type-simple","32":"entry","33":"content-bg","34":"loop-entry"},"yoast_head":"<!-- This site is optimized with the Yoast SEO plugin v24.5 - https:\/\/yoast.com\/wordpress\/plugins\/seo\/ -->\n<title>Brake wheel coupling - Crane Brake wheel coupling-Crane Parts Manufacturer<\/title>\n<meta name=\"description\" content=\"Crane brake wheel coupling,Shaft couplings,Disc Couplings,Fluid couplings,Crane parts,Crane accessories,Coupling manufacturer,Cardan coupling\" \/>\n<meta name=\"robots\" content=\"index, follow, max-snippet:-1, max-image-preview:large, max-video-preview:-1\" \/>\n<link rel=\"canonical\" href=\"https:\/\/www.hnhlcranes.com\/fi\/tuote\/jarrupyoran-kytkenta\/\" \/>\n<meta property=\"og:locale\" content=\"fi_FI\" \/>\n<meta property=\"og:type\" content=\"article\" \/>\n<meta property=\"og:title\" content=\"Brake wheel coupling - Crane Brake wheel coupling-Crane Parts Manufacturer\" \/>\n<meta property=\"og:description\" content=\"Crane brake wheel coupling,Shaft couplings,Disc Couplings,Fluid couplings,Crane parts,Crane accessories,Coupling manufacturer,Cardan coupling\" \/>\n<meta property=\"og:url\" content=\"https:\/\/www.hnhlcranes.com\/fi\/tuote\/jarrupyoran-kytkenta\/\" \/>\n<meta property=\"og:site_name\" content=\"Crane Parts Manufacturer\" \/>\n<meta property=\"article:modified_time\" content=\"2025-01-19T10:11:01+00:00\" \/>\n<meta property=\"og:image\" content=\"https:\/\/www.hnhlcranes.com\/wp-content\/uploads\/2024\/11\/Brake-wheel-coupling.jpg\" \/>\n\t<meta property=\"og:image:width\" content=\"600\" \/>\n\t<meta property=\"og:image:height\" content=\"600\" \/>\n\t<meta property=\"og:image:type\" content=\"image\/jpeg\" \/>\n<meta name=\"twitter:card\" content=\"summary_large_image\" \/>\n<meta name=\"twitter:label1\" content=\"Arvioitu lukuaika\" \/>\n\t<meta name=\"twitter:data1\" content=\"2 minuuttia\" \/>\n<script type=\"application\/ld+json\" class=\"yoast-schema-graph\">{\"@context\":\"https:\/\/schema.org\",\"@graph\":[{\"@type\":\"WebPage\",\"@id\":\"https:\/\/www.hnhlcranes.com\/product\/brake-wheel-coupling\/\",\"url\":\"https:\/\/www.hnhlcranes.com\/product\/brake-wheel-coupling\/\",\"name\":\"Brake wheel coupling - Crane Brake wheel coupling-Crane Parts Manufacturer\",\"isPartOf\":{\"@id\":\"https:\/\/www.hnhlcranes.com\/#website\"},\"primaryImageOfPage\":{\"@id\":\"https:\/\/www.hnhlcranes.com\/product\/brake-wheel-coupling\/#primaryimage\"},\"image\":{\"@id\":\"https:\/\/www.hnhlcranes.com\/product\/brake-wheel-coupling\/#primaryimage\"},\"thumbnailUrl\":\"https:\/\/www.hnhlcranes.com\/wp-content\/uploads\/2024\/11\/Brake-wheel-coupling.jpg\",\"datePublished\":\"2024-11-08T08:24:37+00:00\",\"dateModified\":\"2025-01-19T10:11:01+00:00\",\"description\":\"Crane brake wheel coupling,Shaft couplings,Disc Couplings,Fluid couplings,Crane parts,Crane accessories,Coupling manufacturer,Cardan coupling\",\"breadcrumb\":{\"@id\":\"https:\/\/www.hnhlcranes.com\/product\/brake-wheel-coupling\/#breadcrumb\"},\"inLanguage\":\"fi\",\"potentialAction\":[{\"@type\":\"ReadAction\",\"target\":[\"https:\/\/www.hnhlcranes.com\/product\/brake-wheel-coupling\/\"]}]},{\"@type\":\"ImageObject\",\"inLanguage\":\"fi\",\"@id\":\"https:\/\/www.hnhlcranes.com\/product\/brake-wheel-coupling\/#primaryimage\",\"url\":\"https:\/\/www.hnhlcranes.com\/wp-content\/uploads\/2024\/11\/Brake-wheel-coupling.jpg\",\"contentUrl\":\"https:\/\/www.hnhlcranes.com\/wp-content\/uploads\/2024\/11\/Brake-wheel-coupling.jpg\",\"width\":600,\"height\":600},{\"@type\":\"BreadcrumbList\",\"@id\":\"https:\/\/www.hnhlcranes.com\/product\/brake-wheel-coupling\/#breadcrumb\",\"itemListElement\":[{\"@type\":\"ListItem\",\"position\":1,\"name\":\"home\",\"item\":\"https:\/\/www.hnhlcranes.com\/\"},{\"@type\":\"ListItem\",\"position\":2,\"name\":\"products\",\"item\":\"https:\/\/www.hnhlcranes.com\/products\/\"},{\"@type\":\"ListItem\",\"position\":3,\"name\":\"Brake wheel coupling\"}]},{\"@type\":\"WebSite\",\"@id\":\"https:\/\/www.hnhlcranes.com\/#website\",\"url\":\"https:\/\/www.hnhlcranes.com\/\",\"name\":\"Crane Parts Manufacturer\",\"description\":\"Crane Wheels,Crane Drums,Crane Hooks,Crane Coupling,Crane End Carriage,Electric Hoist,European Crane Parts,Crane Rail Clip,Crane Spreader,Crane Motor,Crane Reducer,Crane Brake,Light Crane Parts,Workstation Crane Parts,Crane Electrical Parts,China Crane Parts Supplier,China Crane Parts Manufacturer,Angle box type crane wheel,45 degree split crane wheel,European crane wheel,Crane Wheel Blocks,Overhead crane drum,European crane drum,Overhead crane hook,European crane hook,Crane pulley block,Gear coupling,Brake wheel coupling,Drum gear coupling,Brake wheel drum gear coupling,Cardan Shaft Coupling,WZL drum coupling,Plum blossom elastic coupling,Brake wheel plum elastic coupling,European Single girder crane end carriage,European Double girder crane end carriage,European Suspension  crane end carriage,Wire Rope Electric Hoist,Electric Chain Hoist,European Single Girder Wire Rope Electric Hoist,European Double Girder Wire Rope Electric Hoist,Crane grab,Container spreader,Billet crane clamps,C-type hook,Lifting Electromagnet,YZR crane motor,YZP crane motor,ZQ Reducer,ZSC Reducer,QJ Reducer,QJ-L Reducer,QJY Reducer,H series gearbox,F Series Gear Motor,K Series Gear Motor,R Series Gear Motor,travelling machinery gear motor,Electro hydraulic drum brake,Electro hydraulic disc brake,Crane Safety brake,Crane cable trolley,Crane remote controller,Crane pendant controller,Crane electrical control cabinet,Crane limit switch,Crane sound and light alarm,Heavy Duty Aviation Connector,Crane overload limiter\",\"publisher\":{\"@id\":\"https:\/\/www.hnhlcranes.com\/#organization\"},\"potentialAction\":[{\"@type\":\"SearchAction\",\"target\":{\"@type\":\"EntryPoint\",\"urlTemplate\":\"https:\/\/www.hnhlcranes.com\/?s={search_term_string}\"},\"query-input\":{\"@type\":\"PropertyValueSpecification\",\"valueRequired\":true,\"valueName\":\"search_term_string\"}}],\"inLanguage\":\"fi\"},{\"@type\":\"Organization\",\"@id\":\"https:\/\/www.hnhlcranes.com\/#organization\",\"name\":\"Crane Parts Manufacturer\",\"url\":\"https:\/\/www.hnhlcranes.com\/\",\"logo\":{\"@type\":\"ImageObject\",\"inLanguage\":\"fi\",\"@id\":\"https:\/\/www.hnhlcranes.com\/#\/schema\/logo\/image\/\",\"url\":\"https:\/\/www.hnhlcranes.com\/wp-content\/uploads\/2025\/01\/HL-logo-1.png\",\"contentUrl\":\"https:\/\/www.hnhlcranes.com\/wp-content\/uploads\/2025\/01\/HL-logo-1.png\",\"width\":600,\"height\":169,\"caption\":\"Crane Parts Manufacturer\"},\"image\":{\"@id\":\"https:\/\/www.hnhlcranes.com\/#\/schema\/logo\/image\/\"}}]}<\/script>\n<!-- \/ Yoast SEO plugin. -->","yoast_head_json":{"title":"Brake wheel coupling - Crane Brake wheel coupling-Crane Parts Manufacturer","description":"Crane brake wheel coupling,Shaft couplings,Disc Couplings,Fluid couplings,Crane parts,Crane accessories,Coupling manufacturer,Cardan coupling","robots":{"index":"index","follow":"follow","max-snippet":"max-snippet:-1","max-image-preview":"max-image-preview:large","max-video-preview":"max-video-preview:-1"},"canonical":"https:\/\/www.hnhlcranes.com\/fi\/tuote\/jarrupyoran-kytkenta\/","og_locale":"fi_FI","og_type":"article","og_title":"Brake wheel coupling - Crane Brake wheel coupling-Crane Parts Manufacturer","og_description":"Crane brake wheel coupling,Shaft couplings,Disc Couplings,Fluid couplings,Crane parts,Crane accessories,Coupling manufacturer,Cardan coupling","og_url":"https:\/\/www.hnhlcranes.com\/fi\/tuote\/jarrupyoran-kytkenta\/","og_site_name":"Crane Parts Manufacturer","article_modified_time":"2025-01-19T10:11:01+00:00","og_image":[{"width":600,"height":600,"url":"https:\/\/www.hnhlcranes.com\/wp-content\/uploads\/2024\/11\/Brake-wheel-coupling.jpg","type":"image\/jpeg"}],"twitter_card":"summary_large_image","twitter_misc":{"Arvioitu lukuaika":"2 minuuttia"},"schema":{"@context":"https:\/\/schema.org","@graph":[{"@type":"WebPage","@id":"https:\/\/www.hnhlcranes.com\/product\/brake-wheel-coupling\/","url":"https:\/\/www.hnhlcranes.com\/product\/brake-wheel-coupling\/","name":"Brake wheel coupling - Crane Brake wheel coupling-Crane Parts Manufacturer","isPartOf":{"@id":"https:\/\/www.hnhlcranes.com\/#website"},"primaryImageOfPage":{"@id":"https:\/\/www.hnhlcranes.com\/product\/brake-wheel-coupling\/#primaryimage"},"image":{"@id":"https:\/\/www.hnhlcranes.com\/product\/brake-wheel-coupling\/#primaryimage"},"thumbnailUrl":"https:\/\/www.hnhlcranes.com\/wp-content\/uploads\/2024\/11\/Brake-wheel-coupling.jpg","datePublished":"2024-11-08T08:24:37+00:00","dateModified":"2025-01-19T10:11:01+00:00","description":"Crane brake wheel coupling,Shaft couplings,Disc Couplings,Fluid couplings,Crane parts,Crane accessories,Coupling manufacturer,Cardan coupling","breadcrumb":{"@id":"https:\/\/www.hnhlcranes.com\/product\/brake-wheel-coupling\/#breadcrumb"},"inLanguage":"fi","potentialAction":[{"@type":"ReadAction","target":["https:\/\/www.hnhlcranes.com\/product\/brake-wheel-coupling\/"]}]},{"@type":"ImageObject","inLanguage":"fi","@id":"https:\/\/www.hnhlcranes.com\/product\/brake-wheel-coupling\/#primaryimage","url":"https:\/\/www.hnhlcranes.com\/wp-content\/uploads\/2024\/11\/Brake-wheel-coupling.jpg","contentUrl":"https:\/\/www.hnhlcranes.com\/wp-content\/uploads\/2024\/11\/Brake-wheel-coupling.jpg","width":600,"height":600},{"@type":"BreadcrumbList","@id":"https:\/\/www.hnhlcranes.com\/product\/brake-wheel-coupling\/#breadcrumb","itemListElement":[{"@type":"ListItem","position":1,"name":"home","item":"https:\/\/www.hnhlcranes.com\/"},{"@type":"ListItem","position":2,"name":"products","item":"https:\/\/www.hnhlcranes.com\/products\/"},{"@type":"ListItem","position":3,"name":"Brake wheel coupling"}]},{"@type":"WebSite","@id":"https:\/\/www.hnhlcranes.com\/#website","url":"https:\/\/www.hnhlcranes.com\/","name":"Crane Parts Manufacturer","description":"Crane Wheels,Crane Drums,Crane Hooks,Crane Coupling,Crane End Carriage,Electric Hoist,European Crane Parts,Crane Rail Clip,Crane Spreader,Crane Motor,Crane Reducer,Crane Brake,Light Crane Parts,Workstation Crane Parts,Crane Electrical Parts,China Crane Parts Supplier,China Crane Parts Manufacturer,Angle box type crane wheel,45 degree split crane wheel,European crane wheel,Crane Wheel Blocks,Overhead crane drum,European crane drum,Overhead crane hook,European crane hook,Crane pulley block,Gear coupling,Brake wheel coupling,Drum gear coupling,Brake wheel drum gear coupling,Cardan Shaft Coupling,WZL drum coupling,Plum blossom elastic coupling,Brake wheel plum elastic coupling,European Single girder crane end carriage,European Double girder crane end carriage,European Suspension  crane end carriage,Wire Rope Electric Hoist,Electric Chain Hoist,European Single Girder Wire Rope Electric Hoist,European Double Girder Wire Rope Electric Hoist,Crane grab,Container spreader,Billet crane clamps,C-type hook,Lifting Electromagnet,YZR crane motor,YZP crane motor,ZQ Reducer,ZSC Reducer,QJ Reducer,QJ-L Reducer,QJY Reducer,H series gearbox,F Series Gear Motor,K Series Gear Motor,R Series Gear Motor,travelling machinery gear motor,Electro hydraulic drum brake,Electro hydraulic disc brake,Crane Safety brake,Crane cable trolley,Crane remote controller,Crane pendant controller,Crane electrical control cabinet,Crane limit switch,Crane sound and light alarm,Heavy Duty Aviation Connector,Crane overload limiter","publisher":{"@id":"https:\/\/www.hnhlcranes.com\/#organization"},"potentialAction":[{"@type":"SearchAction","target":{"@type":"EntryPoint","urlTemplate":"https:\/\/www.hnhlcranes.com\/?s={search_term_string}"},"query-input":{"@type":"PropertyValueSpecification","valueRequired":true,"valueName":"search_term_string"}}],"inLanguage":"fi"},{"@type":"Organization","@id":"https:\/\/www.hnhlcranes.com\/#organization","name":"Crane Parts Manufacturer","url":"https:\/\/www.hnhlcranes.com\/","logo":{"@type":"ImageObject","inLanguage":"fi","@id":"https:\/\/www.hnhlcranes.com\/#\/schema\/logo\/image\/","url":"https:\/\/www.hnhlcranes.com\/wp-content\/uploads\/2025\/01\/HL-logo-1.png","contentUrl":"https:\/\/www.hnhlcranes.com\/wp-content\/uploads\/2025\/01\/HL-logo-1.png","width":600,"height":169,"caption":"Crane Parts Manufacturer"},"image":{"@id":"https:\/\/www.hnhlcranes.com\/#\/schema\/logo\/image\/"}}]}},"_links":{"self":[{"href":"https:\/\/www.hnhlcranes.com\/fi\/wp-json\/wp\/v2\/product\/4915","targetHints":{"allow":["GET"]}}],"collection":[{"href":"https:\/\/www.hnhlcranes.com\/fi\/wp-json\/wp\/v2\/product"}],"about":[{"href":"https:\/\/www.hnhlcranes.com\/fi\/wp-json\/wp\/v2\/types\/product"}],"version-history":[{"count":6,"href":"https:\/\/www.hnhlcranes.com\/fi\/wp-json\/wp\/v2\/product\/4915\/revisions"}],"predecessor-version":[{"id":6889,"href":"https:\/\/www.hnhlcranes.com\/fi\/wp-json\/wp\/v2\/product\/4915\/revisions\/6889"}],"wp:featuredmedia":[{"embeddable":true,"href":"https:\/\/www.hnhlcranes.com\/fi\/wp-json\/wp\/v2\/media\/6882"}],"wp:attachment":[{"href":"https:\/\/www.hnhlcranes.com\/fi\/wp-json\/wp\/v2\/media?parent=4915"}],"wp:term":[{"taxonomy":"product_brand","embeddable":true,"href":"https:\/\/www.hnhlcranes.com\/fi\/wp-json\/wp\/v2\/product_brand?post=4915"},{"taxonomy":"product_cat","embeddable":true,"href":"https:\/\/www.hnhlcranes.com\/fi\/wp-json\/wp\/v2\/product_cat?post=4915"},{"taxonomy":"product_tag","embeddable":true,"href":"https:\/\/www.hnhlcranes.com\/fi\/wp-json\/wp\/v2\/product_tag?post=4915"}],"curies":[{"name":"wp","href":"https:\/\/api.w.org\/{rel}","templated":true}]}}