{"id":5444,"date":"2024-11-25T23:42:41","date_gmt":"2024-11-25T15:42:41","guid":{"rendered":"https:\/\/www.hnhlcranes.com\/?post_type=product&#038;p=5444"},"modified":"2025-01-10T15:05:04","modified_gmt":"2025-01-10T07:05:04","slug":"sailiolevitin","status":"publish","type":"product","link":"https:\/\/www.hnhlcranes.com\/fi\/tuote\/sailiolevitin\/","title":{"rendered":"S\u00e4ili\u00f6levitin"},"content":{"rendered":"<h3><strong>Johdanto Container Spreaderiin<\/strong><\/h3>\n<p>A <strong>s\u00e4ili\u00f6levitin<\/strong> on laite, joka on suunniteltu erityisesti s\u00e4ili\u00f6iden nostamiseen, kuljettamiseen ja tarkkaan sijoittamiseen. Sit\u00e4 k\u00e4ytet\u00e4\u00e4n tyypillisesti satamanostureissa, kuten laituri- ja porttanostureissa. Levitin liitet\u00e4\u00e4n nosturin koukkuun tai nostok\u00f6ysiin, ja se varmistaa konttien turvallisen nostamisen ja k\u00e4sittelyn. Jatko- ja lukitusmekanismiensa ansiosta konttien levittimell\u00e4 on ratkaiseva merkitys konttien vakauden ja turvallisuuden yll\u00e4pit\u00e4misess\u00e4 nostoprosessin aikana.<\/p>\n<h3><strong>T\u00e4rkeimm\u00e4t toiminnot<\/strong><\/h3>\n<ul>\n<li><strong>Konttien nosto<\/strong>: Kontinlevittimen ensisijainen teht\u00e4v\u00e4 on nostaa kontteja rahtilaivoista tai satamapihoilta ja kuljettaa ne muihin paikkoihin. Se kytkeytyy kontin nelj\u00e4\u00e4n kulmavaluun ja kiinnitt\u00e4\u00e4 kontin paikalleen nostotoimenpiteen aikana.<\/li>\n<li><strong>Tarkka sijoittelu<\/strong>: S\u00e4ili\u00f6levittimell\u00e4 varmistetaan s\u00e4ili\u00f6iden tarkka sijoittaminen, kun niit\u00e4 siirret\u00e4\u00e4n paikasta toiseen. T\u00e4m\u00e4 on erityisen t\u00e4rke\u00e4\u00e4 satamatoiminnoissa, joissa vaaditaan suurta tarkkuutta pinoamisessa ja purkamisessa. Levitin auttaa est\u00e4m\u00e4\u00e4n konttien kallistumisen tai putoamisen siirron aikana.<\/li>\n<li><strong>Laajennus ja s\u00e4\u00e4t\u00f6<\/strong>: Useimmissa konttien levittimiss\u00e4 on laajennettava ominaisuus, jonka avulla niiden leveytt\u00e4 voidaan s\u00e4\u00e4t\u00e4\u00e4 eri konttikokojen (kuten 20-jalkaisten, 40-jalkaisten tai 45-jalkaisten konttien) mukaan. T\u00e4m\u00e4 muunneltavuus tarkoittaa, ett\u00e4 sama levitin voi k\u00e4sitell\u00e4 useita konttikokoja, mik\u00e4 lis\u00e4\u00e4 toiminnan tehokkuutta.<\/li>\n<li><strong>Lukitusmekanismi<\/strong>: Jotta kontti ei p\u00e4\u00e4se liukumaan irti nostamisen aikana, kontin levitin on varustettu lukitusmekanismilla. Se voi olla joko automaattinen tai manuaalinen, ja se lukitsee turvallisesti kontin nelj\u00e4 kulmavalua, kun ne on kytketty, est\u00e4en vahingossa tapahtuvan irtoamisen nostamisen aikana.<\/li>\n<li><strong>Tehokkuuden parantaminen<\/strong>: Konttilevittimet on suunniteltu nopeasti kytkett\u00e4viksi ja irrotettaviksi, mik\u00e4 lis\u00e4\u00e4 nosturin toiminnan tehokkuutta. Vilkkaissa satamissa levitin lyhent\u00e4\u00e4 l\u00e4pimenoaikaa, mik\u00e4 nopeuttaa lastink\u00e4sittely\u00e4 ja kuljetusta.<\/li>\n<\/ul>\n<h3><strong>Keskeiset rakenneosat<\/strong><\/h3>\n<ul>\n<li><strong>Kehys<\/strong>: Runko tukee koko levittimen rakennetta, ja se on yleens\u00e4 valmistettu lujasta ter\u00e4ksest\u00e4 kontin painon kest\u00e4miseksi.<\/li>\n<li><strong>Koukut tai nostorenkaat<\/strong>: N\u00e4m\u00e4 liitt\u00e4v\u00e4t levittimen nosturin nostoj\u00e4rjestelm\u00e4\u00e4n ja helpottavat nostotoimintaa.<\/li>\n<li><strong>Laajennettavat k\u00e4sivarret<\/strong>: Levittimen ulosvedett\u00e4v\u00e4 osa mahdollistaa sen mukauttamisen eri kokoisiin s\u00e4ili\u00f6ihin.<\/li>\n<li><strong>Lukitusmekanismi<\/strong>: T\u00e4m\u00e4 mekanismi varmistaa kontin kulmavalujen turvallisen kiinnityksen levittimeen ja est\u00e4\u00e4 kontin siirtymisen.<\/li>\n<li><strong>Ohjausj\u00e4rjestelm\u00e4<\/strong>: Nykyaikaisissa konttilevittimiss\u00e4 voi olla elektronisia ohjausj\u00e4rjestelmi\u00e4, joilla hallitaan laajentamista, lukitsemista ja muita toimintoja, ja joissakin on jopa kauko-ohjausominaisuuksia.<\/li>\n<\/ul>\n<h3><strong>Edut<\/strong><\/h3>\n<ul>\n<li><strong>Tehokkuuden lis\u00e4\u00e4minen<\/strong>: Automaattinen lukitusj\u00e4rjestelm\u00e4 ja nopeak\u00e4ytt\u00f6inen rakenne parantavat merkitt\u00e4v\u00e4sti konttien k\u00e4sittelyn tehokkuutta.<\/li>\n<li><strong>Mukautuvuus eri kokoihin<\/strong>: Jatkettavien varsien ansiosta levitin soveltuu monenlaisiin s\u00e4ili\u00f6kokoisiin s\u00e4ili\u00f6ihin ja on eritt\u00e4in monik\u00e4ytt\u00f6inen.<\/li>\n<li><strong>Korkea turvallisuus<\/strong>: Lukitusmekanismi varmistaa, ett\u00e4 s\u00e4ili\u00f6t pysyv\u00e4t vakaina ja turvallisina k\u00e4sittelyn aikana, mik\u00e4 v\u00e4hent\u00e4\u00e4 onnettomuusriski\u00e4.<\/li>\n<li><strong>V\u00e4hennetyt manuaaliset toimenpiteet<\/strong>: Nykyaikaisissa konttien levittimiss\u00e4 on usein automaattiset ohjausj\u00e4rjestelm\u00e4t, jotka v\u00e4hent\u00e4v\u00e4t manuaalisten toimintojen tarvetta ja parantavat turvallisuutta ja tehokkuutta.<\/li>\n<\/ul>\n<h3><strong>P\u00e4\u00e4telm\u00e4<\/strong><\/h3>\n<p>Yhteenvetona voidaan todeta, ett\u00e4 konttien levityslaite on olennainen laite satamissa, telakoilla ja muissa konttien k\u00e4sittelytoiminnoissa. Se mahdollistaa konttien tehokkaan, turvallisen ja tarkan nostamisen ja k\u00e4sittelyn. Laajennettavuuden ja lukitusmekanismien ansiosta siihen voidaan sovittaa erikokoisia kontteja, mink\u00e4 vuoksi sit\u00e4 k\u00e4ytet\u00e4\u00e4n laajalti konttien kuljetuksessa, lastauksessa, purkamisessa ja pinoamisessa maailmanlaajuisesti.<\/p>","protected":false},"excerpt":{"rendered":"<p>Konttilevittimen valmistajat,20ft Container Spreader,Puoliautomaattinen konttilevitin,40ft Container Lifting Frame,Container spreader<\/p>","protected":false},"featured_media":7148,"template":"","meta":{"_kad_post_transparent":"default","_kad_post_title":"","_kad_post_layout":"default","_kad_post_sidebar_id":"","_kad_post_content_style":"default","_kad_post_vertical_padding":"show","_kad_post_feature":"","_kad_post_feature_position":"","_kad_post_header":false,"_kad_post_footer":false},"product_brand":[],"product_cat":[59],"product_tag":[508,510,513,497,514,512,515,498,521,376,517,518,496,507,520,516,495,522,494,504,502,505,501,506,499,523,503,519,509,500,493,511],"class_list":{"0":"post-5444","1":"product","2":"type-product","3":"status-publish","4":"has-post-thumbnail","6":"product_cat-crane-spreader","7":"product_tag-20ft-container-spreader","8":"product_tag-40ft-container-lifting-frame","9":"product_tag-billet-clamps","10":"product_tag-billet-crane-clamp","11":"product_tag-billet-crane-clamps-manufacturer","12":"product_tag-billet-lifting-clamp","13":"product_tag-billet-lifting-clamps-china-supplier","14":"product_tag-c-type-hook","15":"product_tag-c-type-spreader","16":"product_tag-china-crane-parts-supplier","17":"product_tag-coil-c-type-hook","18":"product_tag-coil-hook","19":"product_tag-container-spreader","20":"product_tag-container-spreader-manufacturers","21":"product_tag-crane-c-hook","22":"product_tag-crane-c-type-spreader","23":"product_tag-crane-grab","24":"product_tag-crane-magnets","25":"product_tag-crane-spreader","26":"product_tag-electric-motor-grab","27":"product_tag-electro-hydraulic-multi-flap-grab","28":"product_tag-electro-hydraulicclamshell-grab","29":"product_tag-four-rope-grab","30":"product_tag-grab-manufacturers","31":"product_tag-lifting-electromagnet","32":"product_tag-lifting-electromagnet-spreader","33":"product_tag-orange-peel-grab","34":"product_tag-overhead-crane-steel-coil-c-type-hook","35":"product_tag-semi-automatic-container-spreader","36":"product_tag-singlr-rope-grab","37":"product_tag-special-crane-spreader","38":"product_tag-tec-container-spreader","40":"first","41":"instock","42":"shipping-taxable","43":"product-type-simple","44":"entry","45":"content-bg","46":"loop-entry"},"yoast_head":"<!-- This site is optimized with the Yoast SEO plugin v24.5 - https:\/\/yoast.com\/wordpress\/plugins\/seo\/ -->\n<title>Container spreader - Container spreader manufacturers- Crane Parts Manufacturer<\/title>\n<meta name=\"description\" content=\"Container spreader manufacturer,Semi Automatic container spreader,40ft Container Lifting Frame,China Crane Parts Supplier\" \/>\n<meta name=\"robots\" content=\"index, follow, max-snippet:-1, max-image-preview:large, max-video-preview:-1\" \/>\n<link rel=\"canonical\" href=\"https:\/\/www.hnhlcranes.com\/fi\/tuote\/sailiolevitin\/\" \/>\n<meta property=\"og:locale\" content=\"fi_FI\" \/>\n<meta property=\"og:type\" content=\"article\" \/>\n<meta property=\"og:title\" content=\"Container spreader - Container spreader manufacturers- Crane Parts Manufacturer\" \/>\n<meta property=\"og:description\" content=\"Container spreader manufacturer,Semi Automatic container spreader,40ft Container Lifting Frame,China Crane Parts Supplier\" \/>\n<meta property=\"og:url\" content=\"https:\/\/www.hnhlcranes.com\/fi\/tuote\/sailiolevitin\/\" \/>\n<meta property=\"og:site_name\" content=\"Crane Parts Manufacturer\" \/>\n<meta property=\"article:modified_time\" content=\"2025-01-10T07:05:04+00:00\" \/>\n<meta property=\"og:image\" content=\"https:\/\/www.hnhlcranes.com\/wp-content\/uploads\/2024\/11\/Container-spreader.jpg\" \/>\n\t<meta property=\"og:image:width\" content=\"600\" \/>\n\t<meta property=\"og:image:height\" content=\"600\" \/>\n\t<meta property=\"og:image:type\" content=\"image\/jpeg\" \/>\n<meta name=\"twitter:card\" content=\"summary_large_image\" \/>\n<meta name=\"twitter:label1\" content=\"Arvioitu lukuaika\" \/>\n\t<meta name=\"twitter:data1\" content=\"3 minuuttia\" \/>\n<script type=\"application\/ld+json\" class=\"yoast-schema-graph\">{\"@context\":\"https:\/\/schema.org\",\"@graph\":[{\"@type\":\"WebPage\",\"@id\":\"https:\/\/www.hnhlcranes.com\/product\/container-spreader\/\",\"url\":\"https:\/\/www.hnhlcranes.com\/product\/container-spreader\/\",\"name\":\"Container spreader - Container spreader manufacturers- Crane Parts Manufacturer\",\"isPartOf\":{\"@id\":\"https:\/\/www.hnhlcranes.com\/#website\"},\"primaryImageOfPage\":{\"@id\":\"https:\/\/www.hnhlcranes.com\/product\/container-spreader\/#primaryimage\"},\"image\":{\"@id\":\"https:\/\/www.hnhlcranes.com\/product\/container-spreader\/#primaryimage\"},\"thumbnailUrl\":\"https:\/\/www.hnhlcranes.com\/wp-content\/uploads\/2024\/11\/Container-spreader.jpg\",\"datePublished\":\"2024-11-25T15:42:41+00:00\",\"dateModified\":\"2025-01-10T07:05:04+00:00\",\"description\":\"Container spreader manufacturer,Semi Automatic container spreader,40ft Container Lifting Frame,China Crane Parts Supplier\",\"breadcrumb\":{\"@id\":\"https:\/\/www.hnhlcranes.com\/product\/container-spreader\/#breadcrumb\"},\"inLanguage\":\"fi\",\"potentialAction\":[{\"@type\":\"ReadAction\",\"target\":[\"https:\/\/www.hnhlcranes.com\/product\/container-spreader\/\"]}]},{\"@type\":\"ImageObject\",\"inLanguage\":\"fi\",\"@id\":\"https:\/\/www.hnhlcranes.com\/product\/container-spreader\/#primaryimage\",\"url\":\"https:\/\/www.hnhlcranes.com\/wp-content\/uploads\/2024\/11\/Container-spreader.jpg\",\"contentUrl\":\"https:\/\/www.hnhlcranes.com\/wp-content\/uploads\/2024\/11\/Container-spreader.jpg\",\"width\":600,\"height\":600},{\"@type\":\"BreadcrumbList\",\"@id\":\"https:\/\/www.hnhlcranes.com\/product\/container-spreader\/#breadcrumb\",\"itemListElement\":[{\"@type\":\"ListItem\",\"position\":1,\"name\":\"home\",\"item\":\"https:\/\/www.hnhlcranes.com\/\"},{\"@type\":\"ListItem\",\"position\":2,\"name\":\"products\",\"item\":\"https:\/\/www.hnhlcranes.com\/products\/\"},{\"@type\":\"ListItem\",\"position\":3,\"name\":\"Container spreader\"}]},{\"@type\":\"WebSite\",\"@id\":\"https:\/\/www.hnhlcranes.com\/#website\",\"url\":\"https:\/\/www.hnhlcranes.com\/\",\"name\":\"Crane Parts Manufacturer\",\"description\":\"Crane Wheels,Crane Drums,Crane Hooks,Crane Coupling,Crane End Carriage,Electric Hoist,European Crane Parts,Crane Rail Clip,Crane Spreader,Crane Motor,Crane Reducer,Crane Brake,Light Crane Parts,Workstation Crane Parts,Crane Electrical Parts,China Crane Parts Supplier,China Crane Parts Manufacturer,Angle box type crane wheel,45 degree split crane wheel,European crane wheel,Crane Wheel Blocks,Overhead crane drum,European crane drum,Overhead crane hook,European crane hook,Crane pulley block,Gear coupling,Brake wheel coupling,Drum gear coupling,Brake wheel drum gear coupling,Cardan Shaft Coupling,WZL drum coupling,Plum blossom elastic coupling,Brake wheel plum elastic coupling,European Single girder crane end carriage,European Double girder crane end carriage,European Suspension  crane end carriage,Wire Rope Electric Hoist,Electric Chain Hoist,European Single Girder Wire Rope Electric Hoist,European Double Girder Wire Rope Electric Hoist,Crane grab,Container spreader,Billet crane clamps,C-type hook,Lifting Electromagnet,YZR crane motor,YZP crane motor,ZQ Reducer,ZSC Reducer,QJ Reducer,QJ-L Reducer,QJY Reducer,H series gearbox,F Series Gear Motor,K Series Gear Motor,R Series Gear Motor,travelling machinery gear motor,Electro hydraulic drum brake,Electro hydraulic disc brake,Crane Safety brake,Crane cable trolley,Crane remote controller,Crane pendant controller,Crane electrical control cabinet,Crane limit switch,Crane sound and light alarm,Heavy Duty Aviation Connector,Crane overload limiter\",\"publisher\":{\"@id\":\"https:\/\/www.hnhlcranes.com\/#organization\"},\"potentialAction\":[{\"@type\":\"SearchAction\",\"target\":{\"@type\":\"EntryPoint\",\"urlTemplate\":\"https:\/\/www.hnhlcranes.com\/?s={search_term_string}\"},\"query-input\":{\"@type\":\"PropertyValueSpecification\",\"valueRequired\":true,\"valueName\":\"search_term_string\"}}],\"inLanguage\":\"fi\"},{\"@type\":\"Organization\",\"@id\":\"https:\/\/www.hnhlcranes.com\/#organization\",\"name\":\"Crane Parts Manufacturer\",\"url\":\"https:\/\/www.hnhlcranes.com\/\",\"logo\":{\"@type\":\"ImageObject\",\"inLanguage\":\"fi\",\"@id\":\"https:\/\/www.hnhlcranes.com\/#\/schema\/logo\/image\/\",\"url\":\"https:\/\/www.hnhlcranes.com\/wp-content\/uploads\/2025\/01\/HL-logo-1.png\",\"contentUrl\":\"https:\/\/www.hnhlcranes.com\/wp-content\/uploads\/2025\/01\/HL-logo-1.png\",\"width\":600,\"height\":169,\"caption\":\"Crane Parts Manufacturer\"},\"image\":{\"@id\":\"https:\/\/www.hnhlcranes.com\/#\/schema\/logo\/image\/\"}}]}<\/script>\n<!-- \/ Yoast SEO plugin. -->","yoast_head_json":{"title":"Container spreader - Container spreader manufacturers- Crane Parts Manufacturer","description":"Container spreader manufacturer,Semi Automatic container spreader,40ft Container Lifting Frame,China Crane Parts Supplier","robots":{"index":"index","follow":"follow","max-snippet":"max-snippet:-1","max-image-preview":"max-image-preview:large","max-video-preview":"max-video-preview:-1"},"canonical":"https:\/\/www.hnhlcranes.com\/fi\/tuote\/sailiolevitin\/","og_locale":"fi_FI","og_type":"article","og_title":"Container spreader - Container spreader manufacturers- Crane Parts Manufacturer","og_description":"Container spreader manufacturer,Semi Automatic container spreader,40ft Container Lifting Frame,China Crane Parts Supplier","og_url":"https:\/\/www.hnhlcranes.com\/fi\/tuote\/sailiolevitin\/","og_site_name":"Crane Parts Manufacturer","article_modified_time":"2025-01-10T07:05:04+00:00","og_image":[{"width":600,"height":600,"url":"https:\/\/www.hnhlcranes.com\/wp-content\/uploads\/2024\/11\/Container-spreader.jpg","type":"image\/jpeg"}],"twitter_card":"summary_large_image","twitter_misc":{"Arvioitu lukuaika":"3 minuuttia"},"schema":{"@context":"https:\/\/schema.org","@graph":[{"@type":"WebPage","@id":"https:\/\/www.hnhlcranes.com\/product\/container-spreader\/","url":"https:\/\/www.hnhlcranes.com\/product\/container-spreader\/","name":"Container spreader - Container spreader manufacturers- Crane Parts Manufacturer","isPartOf":{"@id":"https:\/\/www.hnhlcranes.com\/#website"},"primaryImageOfPage":{"@id":"https:\/\/www.hnhlcranes.com\/product\/container-spreader\/#primaryimage"},"image":{"@id":"https:\/\/www.hnhlcranes.com\/product\/container-spreader\/#primaryimage"},"thumbnailUrl":"https:\/\/www.hnhlcranes.com\/wp-content\/uploads\/2024\/11\/Container-spreader.jpg","datePublished":"2024-11-25T15:42:41+00:00","dateModified":"2025-01-10T07:05:04+00:00","description":"Container spreader manufacturer,Semi Automatic container spreader,40ft Container Lifting Frame,China Crane Parts Supplier","breadcrumb":{"@id":"https:\/\/www.hnhlcranes.com\/product\/container-spreader\/#breadcrumb"},"inLanguage":"fi","potentialAction":[{"@type":"ReadAction","target":["https:\/\/www.hnhlcranes.com\/product\/container-spreader\/"]}]},{"@type":"ImageObject","inLanguage":"fi","@id":"https:\/\/www.hnhlcranes.com\/product\/container-spreader\/#primaryimage","url":"https:\/\/www.hnhlcranes.com\/wp-content\/uploads\/2024\/11\/Container-spreader.jpg","contentUrl":"https:\/\/www.hnhlcranes.com\/wp-content\/uploads\/2024\/11\/Container-spreader.jpg","width":600,"height":600},{"@type":"BreadcrumbList","@id":"https:\/\/www.hnhlcranes.com\/product\/container-spreader\/#breadcrumb","itemListElement":[{"@type":"ListItem","position":1,"name":"home","item":"https:\/\/www.hnhlcranes.com\/"},{"@type":"ListItem","position":2,"name":"products","item":"https:\/\/www.hnhlcranes.com\/products\/"},{"@type":"ListItem","position":3,"name":"Container spreader"}]},{"@type":"WebSite","@id":"https:\/\/www.hnhlcranes.com\/#website","url":"https:\/\/www.hnhlcranes.com\/","name":"Crane Parts Manufacturer","description":"Crane Wheels,Crane Drums,Crane Hooks,Crane Coupling,Crane End Carriage,Electric Hoist,European Crane Parts,Crane Rail Clip,Crane Spreader,Crane Motor,Crane Reducer,Crane Brake,Light Crane Parts,Workstation Crane Parts,Crane Electrical Parts,China Crane Parts Supplier,China Crane Parts Manufacturer,Angle box type crane wheel,45 degree split crane wheel,European crane wheel,Crane Wheel Blocks,Overhead crane drum,European crane drum,Overhead crane hook,European crane hook,Crane pulley block,Gear coupling,Brake wheel coupling,Drum gear coupling,Brake wheel drum gear coupling,Cardan Shaft Coupling,WZL drum coupling,Plum blossom elastic coupling,Brake wheel plum elastic coupling,European Single girder crane end carriage,European Double girder crane end carriage,European Suspension  crane end carriage,Wire Rope Electric Hoist,Electric Chain Hoist,European Single Girder Wire Rope Electric Hoist,European Double Girder Wire Rope Electric Hoist,Crane grab,Container spreader,Billet crane clamps,C-type hook,Lifting Electromagnet,YZR crane motor,YZP crane motor,ZQ Reducer,ZSC Reducer,QJ Reducer,QJ-L Reducer,QJY Reducer,H series gearbox,F Series Gear Motor,K Series Gear Motor,R Series Gear Motor,travelling machinery gear motor,Electro hydraulic drum brake,Electro hydraulic disc brake,Crane Safety brake,Crane cable trolley,Crane remote controller,Crane pendant controller,Crane electrical control cabinet,Crane limit switch,Crane sound and light alarm,Heavy Duty Aviation Connector,Crane overload limiter","publisher":{"@id":"https:\/\/www.hnhlcranes.com\/#organization"},"potentialAction":[{"@type":"SearchAction","target":{"@type":"EntryPoint","urlTemplate":"https:\/\/www.hnhlcranes.com\/?s={search_term_string}"},"query-input":{"@type":"PropertyValueSpecification","valueRequired":true,"valueName":"search_term_string"}}],"inLanguage":"fi"},{"@type":"Organization","@id":"https:\/\/www.hnhlcranes.com\/#organization","name":"Crane Parts Manufacturer","url":"https:\/\/www.hnhlcranes.com\/","logo":{"@type":"ImageObject","inLanguage":"fi","@id":"https:\/\/www.hnhlcranes.com\/#\/schema\/logo\/image\/","url":"https:\/\/www.hnhlcranes.com\/wp-content\/uploads\/2025\/01\/HL-logo-1.png","contentUrl":"https:\/\/www.hnhlcranes.com\/wp-content\/uploads\/2025\/01\/HL-logo-1.png","width":600,"height":169,"caption":"Crane Parts Manufacturer"},"image":{"@id":"https:\/\/www.hnhlcranes.com\/#\/schema\/logo\/image\/"}}]}},"_links":{"self":[{"href":"https:\/\/www.hnhlcranes.com\/fi\/wp-json\/wp\/v2\/product\/5444","targetHints":{"allow":["GET"]}}],"collection":[{"href":"https:\/\/www.hnhlcranes.com\/fi\/wp-json\/wp\/v2\/product"}],"about":[{"href":"https:\/\/www.hnhlcranes.com\/fi\/wp-json\/wp\/v2\/types\/product"}],"version-history":[{"count":4,"href":"https:\/\/www.hnhlcranes.com\/fi\/wp-json\/wp\/v2\/product\/5444\/revisions"}],"predecessor-version":[{"id":7152,"href":"https:\/\/www.hnhlcranes.com\/fi\/wp-json\/wp\/v2\/product\/5444\/revisions\/7152"}],"wp:featuredmedia":[{"embeddable":true,"href":"https:\/\/www.hnhlcranes.com\/fi\/wp-json\/wp\/v2\/media\/7148"}],"wp:attachment":[{"href":"https:\/\/www.hnhlcranes.com\/fi\/wp-json\/wp\/v2\/media?parent=5444"}],"wp:term":[{"taxonomy":"product_brand","embeddable":true,"href":"https:\/\/www.hnhlcranes.com\/fi\/wp-json\/wp\/v2\/product_brand?post=5444"},{"taxonomy":"product_cat","embeddable":true,"href":"https:\/\/www.hnhlcranes.com\/fi\/wp-json\/wp\/v2\/product_cat?post=5444"},{"taxonomy":"product_tag","embeddable":true,"href":"https:\/\/www.hnhlcranes.com\/fi\/wp-json\/wp\/v2\/product_tag?post=5444"}],"curies":[{"name":"wp","href":"https:\/\/api.w.org\/{rel}","templated":true}]}}