{"id":5505,"date":"2024-11-28T14:51:15","date_gmt":"2024-11-28T06:51:15","guid":{"rendered":"https:\/\/www.hnhlcranes.com\/?post_type=product&#038;p=5505"},"modified":"2025-01-10T15:49:58","modified_gmt":"2025-01-10T07:49:58","slug":"wjk-kiskokiinnike","status":"publish","type":"product","link":"https:\/\/www.hnhlcranes.com\/fi\/tuote\/wjk-kiskokiinnike\/","title":{"rendered":"WJK Rail Clip"},"content":{"rendered":"<h6><img fetchpriority=\"high\" decoding=\"async\" class=\"alignnone wp-image-7077\" src=\"https:\/\/www.hnhlcranes.com\/wp-content\/uploads\/2024\/11\/WJK-Rail-Clip-2-300x95.jpg\" alt=\"\" width=\"951\" height=\"301\" srcset=\"https:\/\/www.hnhlcranes.com\/wp-content\/uploads\/2024\/11\/WJK-Rail-Clip-2-300x95.jpg 300w, https:\/\/www.hnhlcranes.com\/wp-content\/uploads\/2024\/11\/WJK-Rail-Clip-2-768x242.jpg 768w, https:\/\/www.hnhlcranes.com\/wp-content\/uploads\/2024\/11\/WJK-Rail-Clip-2-600x189.jpg 600w, https:\/\/www.hnhlcranes.com\/wp-content\/uploads\/2024\/11\/WJK-Rail-Clip-2.jpg 800w\" sizes=\"(max-width: 951px) 100vw, 951px\" \/><\/h6>\n<h6><\/h6>\n<h3>WJK Rail Clipin ominaisuudet<\/h3>\n<p>The <strong>WJK-kiskokiinnike<\/strong> on suunniteltu erityisesti k\u00e4ytett\u00e4v\u00e4ksi ter\u00e4spalkkien kanssa, ja sen nostokapasiteetti on 350 tonnia sarjaa kohti, ja se koostuu yhteens\u00e4 seitsem\u00e4st\u00e4 osasta. T\u00e4m\u00e4 vankka rakenne takaa optimaalisen suorituskyvyn useissa raskaissa sovelluksissa.<\/p>\n<h4><strong>Pohjalevyn hitsaus<\/strong><\/h4>\n<p>The <strong>WJK pohjalevy<\/strong> hitsataan ter\u00e4ksisen nosturipalkin laippaan joko kolmen puolen ymp\u00e4r\u00f6ivill\u00e4 hitseill\u00e4 tai kahden puolen sivuhitseill\u00e4. T\u00e4ll\u00e4 kokoonpanolla varmistetaan, ett\u00e4 nosturin vaakasuuntainen sivuttaisvoima siirtyy tasaisesti nosturipalkkiin. Lis\u00e4ksi se minimoi laipan liiallisesta porauksesta johtuvan rakenteellisen heikkenemisen, mik\u00e4 parantaa merkitt\u00e4v\u00e4sti nosturipalkin poikkileikkauksen kantavuutta.<\/p>\n<h4><strong>Pallonivelen liit\u00e4nt\u00e4<\/strong><\/h4>\n<p>Pohjalevy on liitetty T-pultin alap\u00e4\u00e4h\u00e4n T-pultin avulla. <strong>pallonivel<\/strong>, jonka ansiosta T-pultti pysyy kohtisuorassa yl\u00e4kanteen n\u00e4hden sivuttaisen voiman k\u00e4yt\u00f6n aikana. T\u00e4m\u00e4 liitosrakenne mahdollistaa my\u00f6s liev\u00e4n kallistuksen. T\u00e4m\u00e4n seurauksena nosturin kiskoon, nosturipalkkiin ja jarruj\u00e4rjestelm\u00e4\u00e4n kohdistuvia sivuttaisvaikutuksia lievennet\u00e4\u00e4n tehokkaasti, mik\u00e4 lopulta pident\u00e4\u00e4 n\u00e4iden osien rakenteellista k\u00e4ytt\u00f6ik\u00e4\u00e4.<\/p>\n<h4><strong>Mittarin s\u00e4\u00e4t\u00f6levy<\/strong><\/h4>\n<p>The <strong>WJK-kiskoleikkeet<\/strong> ominaisuus a <strong>mittarin s\u00e4\u00e4t\u00f6levy<\/strong>, mik\u00e4 mahdollistaa raideleveyden tarkan hienos\u00e4\u00e4d\u00f6n. T\u00e4m\u00e4 ominaisuus ei ainoastaan paranna asennustarkkuutta vaan my\u00f6s v\u00e4hent\u00e4\u00e4 poikkeamia kiskon keskilinjassa. Lis\u00e4ksi siin\u00e4 on kaksinkertainen itselukittuva mekanismi, joka est\u00e4\u00e4 l\u00f6ystymisen k\u00e4yt\u00f6n aikana ja takaa vakaan suorituskyvyn.<\/p>\n<h4><strong>Asennuksen ja huollon helppous<\/strong><\/h4>\n<p>The <strong>T-pultit<\/strong> ja <strong>ylemm\u00e4t peitelevyt<\/strong> WJK-klipsit voidaan helposti koota ja purkaa, mik\u00e4 yksinkertaistaa huomattavasti rakennus- ja huoltotoimia. Asennuksen ja huollon helppous v\u00e4hent\u00e4\u00e4 seisokkiaikoja ja lis\u00e4\u00e4 toiminnan tehokkuutta.<\/p>\n<h4><strong>Yhteensopivuus kiskon kaarevuuden kanssa<\/strong><\/h4>\n<p>The <strong>ylempi peitelevy<\/strong> on suunniteltu vastaamaan kiskon poikkileikkauksen kaarevuutta. N\u00e4in varmistetaan, ett\u00e4 kisko on tiukasti kiinnitetty est\u00e4m\u00e4tt\u00e4 sen v\u00e4h\u00e4ist\u00e4 pituussuuntaista liikett\u00e4. Lis\u00e4ksi t\u00e4m\u00e4 ominaisuus helpottaa t\u00e4yspitkien kiskojen hitsaamista, mik\u00e4 tekee WJK-kiskokiinnikkeest\u00e4 monipuolisen erilaisissa kiskokokoonpanoissa.<\/p>\n<h4><strong>Kiinte\u00e4 komponenttiv\u00e4li<\/strong><\/h4>\n<p>Kiinteiden osien v\u00e4linen et\u00e4isyys m\u00e4\u00e4ritet\u00e4\u00e4n nosturin nostokapasiteetin perusteella. Nostureissa, joiden kuormitus on \u2264275 t, v\u00e4li on 600 mm; nostureissa, joiden kuormitus on &gt;275 t, v\u00e4li pienennet\u00e4\u00e4n 500 mm:iin, jotta suurempi kuormitus voidaan ottaa huomioon.<\/p>\n<h4><strong>Hitsausmateriaalien yhteensopivuus<\/strong><\/h4>\n<p>The <strong>kiinte\u00e4n osan pohja<\/strong> hitsataan nosturipalkkiin k\u00e4ytt\u00e4en elektrodimalleja, jotka ovat yhteensopivia liitososien materiaalin kanssa. Esim, <strong>E4303 elektrodit<\/strong> k\u00e4ytet\u00e4\u00e4n <strong>Q235 ter\u00e4s<\/strong>, kun taas <strong>E5015 elektrodit<\/strong> ovat suositeltavampia <strong>Q345 ter\u00e4s<\/strong> vahvan ja luotettavan sidoksen varmistamiseksi.<\/p>\n<h4><strong>Nosturivelvollisuuteen perustuvat hitsaustyypit<\/strong><\/h4>\n<p>Hitsaustyypit riippuvat nosturin k\u00e4ytt\u00f6tasosta. Osoitteessa <strong>keskiraskaat nosturit<\/strong>k\u00e4ytet\u00e4\u00e4n kaksipuolisia hitsaussaumoja, kun taas <strong>raskaaseen k\u00e4ytt\u00f6\u00f6n<\/strong> (tai <strong>superraskas<\/strong>) nosturit vaativat kolmelta sivulta ymp\u00e4r\u00f6ivi\u00e4 hitsaussaumoja, jotta ne kest\u00e4v\u00e4t suuremmat kuormat ja rasitukset.<\/p>\n<h4><strong>Pultin kiristysmomentti<\/strong><\/h4>\n<p>Osoitteessa <strong>keskiraskaat nosturit<\/strong> (Q \u2264 275t) suurin pultin kiristysmomentti on 150 N-m, kun taas kun kyseess\u00e4 on <strong>raskaat nosturit<\/strong>kiristysmomentti on nostettu 220 N-m:iin, jotta voidaan ottaa huomioon k\u00e4yt\u00f6n aikana syntyv\u00e4t suuremmat voimat.<\/p>\n<h4><strong>Suurin sivuttaisvoima<\/strong><\/h4>\n<p>The <strong>suurin sallittu sivuttaisvoima<\/strong> WJK-kiskokiinnikkeelle on 45 kN. N\u00e4in varmistetaan, ett\u00e4 kiskonpidin kest\u00e4\u00e4 huomattavia sivuttaisvoimia ilman, ett\u00e4 sen rakenteellinen eheys vaarantuu.<\/p>\n<p>Sis\u00e4llytt\u00e4m\u00e4ll\u00e4 n\u00e4m\u00e4 edistykselliset suunnitteluominaisuudet <strong>WJK-kiskokiinnike<\/strong> varmistaa turvallisen, luotettavan ja kest\u00e4v\u00e4n yhteyden nosturin ja kiskoj\u00e4rjestelm\u00e4n v\u00e4lille, mik\u00e4 parantaa toiminnan yleist\u00e4 tehokkuutta ja turvallisuutta.<\/p>","protected":false},"excerpt":{"rendered":"<h6><strong><span style=\"font-family: arial, helvetica, sans-serif; font-size: 14pt;\">WJK Rail Clipin tekniset tiedot<\/span><\/strong><\/h6>\n<ul>\n<li><strong>Mallit<\/strong>: WJK-TG38, WJK-TG43, WJK-TG50, WJK-TG60, WJK-QU70, WJK-QU80, WJK-QU100, WJK-QU120.<\/li>\n<li><strong>Kiinnitysmenetelm\u00e4<\/strong>: Hitsattu pohjalevy<\/li>\n<\/ul>","protected":false},"featured_media":7075,"template":"","meta":{"_kad_post_transparent":"default","_kad_post_title":"","_kad_post_layout":"default","_kad_post_sidebar_id":"","_kad_post_content_style":"default","_kad_post_vertical_padding":"show","_kad_post_feature":"","_kad_post_feature_position":"","_kad_post_header":false,"_kad_post_footer":false},"product_brand":[],"product_cat":[83],"product_tag":[483,482,481,480,376,489,486,490,488,484,492,487,485,493,478,491,477,479],"class_list":{"0":"post-5505","1":"product","2":"type-product","3":"status-publish","4":"has-post-thumbnail","6":"product_cat-crane-rail-clip","7":"product_tag-05g525-rail-clip","8":"product_tag-cgbk-rail-clip","9":"product_tag-cgek-rail-clip","10":"product_tag-cgwk-rail-clip","11":"product_tag-china-crane-parts-supplier","12":"product_tag-crane-rail-clamp","13":"product_tag-crane-rail-clip","14":"product_tag-crane-rail-clip-supplier","15":"product_tag-crane-rail-fixing-device","16":"product_tag-hdgy-rail-clip","17":"product_tag-rail-connection-splint","18":"product_tag-rail-fixing-device","19":"product_tag-rail-joint","20":"product_tag-special-crane-spreader","21":"product_tag-swjk-rail-clip","22":"product_tag-tracks-jointing-plates","23":"product_tag-wjk-rail-clip","24":"product_tag-wjkc-rail-clip","26":"first","27":"instock","28":"shipping-taxable","29":"product-type-simple","30":"entry","31":"content-bg","32":"loop-entry"},"yoast_head":"<!-- This site is optimized with the Yoast SEO plugin v24.5 - https:\/\/yoast.com\/wordpress\/plugins\/seo\/ -->\n<title>WJK Rail Clip - WJK Rail Clips-Rail fixing device-Crane Rail Clamp-Crane Parts Manufacturer<\/title>\n<meta name=\"description\" content=\"Rail Clips,WJK Rail Clip,Crane Rail Clip,Rail fixing device,Crane Rail fixing device,crane Rail Clamp,SWJK Rail Clips,Overhead Crane Rail Clip\" \/>\n<meta name=\"robots\" content=\"index, follow, max-snippet:-1, max-image-preview:large, max-video-preview:-1\" \/>\n<link rel=\"canonical\" href=\"https:\/\/www.hnhlcranes.com\/fi\/tuote\/wjk-kiskokiinnike\/\" \/>\n<meta property=\"og:locale\" content=\"fi_FI\" \/>\n<meta property=\"og:type\" content=\"article\" \/>\n<meta property=\"og:title\" content=\"WJK Rail Clip - WJK Rail Clips-Rail fixing device-Crane Rail Clamp-Crane Parts Manufacturer\" \/>\n<meta property=\"og:description\" content=\"Rail Clips,WJK Rail Clip,Crane Rail Clip,Rail fixing device,Crane Rail fixing device,crane Rail Clamp,SWJK Rail Clips,Overhead Crane Rail Clip\" \/>\n<meta property=\"og:url\" content=\"https:\/\/www.hnhlcranes.com\/fi\/tuote\/wjk-kiskokiinnike\/\" \/>\n<meta property=\"og:site_name\" content=\"Crane Parts Manufacturer\" \/>\n<meta property=\"article:modified_time\" content=\"2025-01-10T07:49:58+00:00\" \/>\n<meta property=\"og:image\" content=\"https:\/\/www.hnhlcranes.com\/wp-content\/uploads\/2024\/11\/WJK-Rail-Clip.jpg\" \/>\n\t<meta property=\"og:image:width\" content=\"600\" \/>\n\t<meta property=\"og:image:height\" content=\"600\" \/>\n\t<meta property=\"og:image:type\" content=\"image\/jpeg\" \/>\n<meta name=\"twitter:card\" content=\"summary_large_image\" \/>\n<meta name=\"twitter:label1\" content=\"Arvioitu lukuaika\" \/>\n\t<meta name=\"twitter:data1\" content=\"3 minuuttia\" \/>\n<script type=\"application\/ld+json\" class=\"yoast-schema-graph\">{\"@context\":\"https:\/\/schema.org\",\"@graph\":[{\"@type\":\"WebPage\",\"@id\":\"https:\/\/www.hnhlcranes.com\/product\/wjk-rail-clip\/\",\"url\":\"https:\/\/www.hnhlcranes.com\/product\/wjk-rail-clip\/\",\"name\":\"WJK Rail Clip - WJK Rail Clips-Rail fixing device-Crane Rail Clamp-Crane Parts Manufacturer\",\"isPartOf\":{\"@id\":\"https:\/\/www.hnhlcranes.com\/#website\"},\"primaryImageOfPage\":{\"@id\":\"https:\/\/www.hnhlcranes.com\/product\/wjk-rail-clip\/#primaryimage\"},\"image\":{\"@id\":\"https:\/\/www.hnhlcranes.com\/product\/wjk-rail-clip\/#primaryimage\"},\"thumbnailUrl\":\"https:\/\/www.hnhlcranes.com\/wp-content\/uploads\/2024\/11\/WJK-Rail-Clip.jpg\",\"datePublished\":\"2024-11-28T06:51:15+00:00\",\"dateModified\":\"2025-01-10T07:49:58+00:00\",\"description\":\"Rail Clips,WJK Rail Clip,Crane Rail Clip,Rail fixing device,Crane Rail fixing device,crane Rail Clamp,SWJK Rail Clips,Overhead Crane Rail Clip\",\"breadcrumb\":{\"@id\":\"https:\/\/www.hnhlcranes.com\/product\/wjk-rail-clip\/#breadcrumb\"},\"inLanguage\":\"fi\",\"potentialAction\":[{\"@type\":\"ReadAction\",\"target\":[\"https:\/\/www.hnhlcranes.com\/product\/wjk-rail-clip\/\"]}]},{\"@type\":\"ImageObject\",\"inLanguage\":\"fi\",\"@id\":\"https:\/\/www.hnhlcranes.com\/product\/wjk-rail-clip\/#primaryimage\",\"url\":\"https:\/\/www.hnhlcranes.com\/wp-content\/uploads\/2024\/11\/WJK-Rail-Clip.jpg\",\"contentUrl\":\"https:\/\/www.hnhlcranes.com\/wp-content\/uploads\/2024\/11\/WJK-Rail-Clip.jpg\",\"width\":600,\"height\":600},{\"@type\":\"BreadcrumbList\",\"@id\":\"https:\/\/www.hnhlcranes.com\/product\/wjk-rail-clip\/#breadcrumb\",\"itemListElement\":[{\"@type\":\"ListItem\",\"position\":1,\"name\":\"home\",\"item\":\"https:\/\/www.hnhlcranes.com\/\"},{\"@type\":\"ListItem\",\"position\":2,\"name\":\"products\",\"item\":\"https:\/\/www.hnhlcranes.com\/products\/\"},{\"@type\":\"ListItem\",\"position\":3,\"name\":\"WJK Rail Clip\"}]},{\"@type\":\"WebSite\",\"@id\":\"https:\/\/www.hnhlcranes.com\/#website\",\"url\":\"https:\/\/www.hnhlcranes.com\/\",\"name\":\"Crane Parts Manufacturer\",\"description\":\"Crane Wheels,Crane Drums,Crane Hooks,Crane Coupling,Crane End Carriage,Electric Hoist,European Crane Parts,Crane Rail Clip,Crane Spreader,Crane Motor,Crane Reducer,Crane Brake,Light Crane Parts,Workstation Crane Parts,Crane Electrical Parts,China Crane Parts Supplier,China Crane Parts Manufacturer,Angle box type crane wheel,45 degree split crane wheel,European crane wheel,Crane Wheel Blocks,Overhead crane drum,European crane drum,Overhead crane hook,European crane hook,Crane pulley block,Gear coupling,Brake wheel coupling,Drum gear coupling,Brake wheel drum gear coupling,Cardan Shaft Coupling,WZL drum coupling,Plum blossom elastic coupling,Brake wheel plum elastic coupling,European Single girder crane end carriage,European Double girder crane end carriage,European Suspension  crane end carriage,Wire Rope Electric Hoist,Electric Chain Hoist,European Single Girder Wire Rope Electric Hoist,European Double Girder Wire Rope Electric Hoist,Crane grab,Container spreader,Billet crane clamps,C-type hook,Lifting Electromagnet,YZR crane motor,YZP crane motor,ZQ Reducer,ZSC Reducer,QJ Reducer,QJ-L Reducer,QJY Reducer,H series gearbox,F Series Gear Motor,K Series Gear Motor,R Series Gear Motor,travelling machinery gear motor,Electro hydraulic drum brake,Electro hydraulic disc brake,Crane Safety brake,Crane cable trolley,Crane remote controller,Crane pendant controller,Crane electrical control cabinet,Crane limit switch,Crane sound and light alarm,Heavy Duty Aviation Connector,Crane overload limiter\",\"publisher\":{\"@id\":\"https:\/\/www.hnhlcranes.com\/#organization\"},\"potentialAction\":[{\"@type\":\"SearchAction\",\"target\":{\"@type\":\"EntryPoint\",\"urlTemplate\":\"https:\/\/www.hnhlcranes.com\/?s={search_term_string}\"},\"query-input\":{\"@type\":\"PropertyValueSpecification\",\"valueRequired\":true,\"valueName\":\"search_term_string\"}}],\"inLanguage\":\"fi\"},{\"@type\":\"Organization\",\"@id\":\"https:\/\/www.hnhlcranes.com\/#organization\",\"name\":\"Crane Parts Manufacturer\",\"url\":\"https:\/\/www.hnhlcranes.com\/\",\"logo\":{\"@type\":\"ImageObject\",\"inLanguage\":\"fi\",\"@id\":\"https:\/\/www.hnhlcranes.com\/#\/schema\/logo\/image\/\",\"url\":\"https:\/\/www.hnhlcranes.com\/wp-content\/uploads\/2025\/01\/HL-logo-1.png\",\"contentUrl\":\"https:\/\/www.hnhlcranes.com\/wp-content\/uploads\/2025\/01\/HL-logo-1.png\",\"width\":600,\"height\":169,\"caption\":\"Crane Parts Manufacturer\"},\"image\":{\"@id\":\"https:\/\/www.hnhlcranes.com\/#\/schema\/logo\/image\/\"}}]}<\/script>\n<!-- \/ Yoast SEO plugin. -->","yoast_head_json":{"title":"WJK Rail Clip - WJK Rail Clips-Rail fixing device-Crane Rail Clamp-Crane Parts Manufacturer","description":"Rail Clips,WJK Rail Clip,Crane Rail Clip,Rail fixing device,Crane Rail fixing device,crane Rail Clamp,SWJK Rail Clips,Overhead Crane Rail Clip","robots":{"index":"index","follow":"follow","max-snippet":"max-snippet:-1","max-image-preview":"max-image-preview:large","max-video-preview":"max-video-preview:-1"},"canonical":"https:\/\/www.hnhlcranes.com\/fi\/tuote\/wjk-kiskokiinnike\/","og_locale":"fi_FI","og_type":"article","og_title":"WJK Rail Clip - WJK Rail Clips-Rail fixing device-Crane Rail Clamp-Crane Parts Manufacturer","og_description":"Rail Clips,WJK Rail Clip,Crane Rail Clip,Rail fixing device,Crane Rail fixing device,crane Rail Clamp,SWJK Rail Clips,Overhead Crane Rail Clip","og_url":"https:\/\/www.hnhlcranes.com\/fi\/tuote\/wjk-kiskokiinnike\/","og_site_name":"Crane Parts Manufacturer","article_modified_time":"2025-01-10T07:49:58+00:00","og_image":[{"width":600,"height":600,"url":"https:\/\/www.hnhlcranes.com\/wp-content\/uploads\/2024\/11\/WJK-Rail-Clip.jpg","type":"image\/jpeg"}],"twitter_card":"summary_large_image","twitter_misc":{"Arvioitu lukuaika":"3 minuuttia"},"schema":{"@context":"https:\/\/schema.org","@graph":[{"@type":"WebPage","@id":"https:\/\/www.hnhlcranes.com\/product\/wjk-rail-clip\/","url":"https:\/\/www.hnhlcranes.com\/product\/wjk-rail-clip\/","name":"WJK Rail Clip - WJK Rail Clips-Rail fixing device-Crane Rail Clamp-Crane Parts Manufacturer","isPartOf":{"@id":"https:\/\/www.hnhlcranes.com\/#website"},"primaryImageOfPage":{"@id":"https:\/\/www.hnhlcranes.com\/product\/wjk-rail-clip\/#primaryimage"},"image":{"@id":"https:\/\/www.hnhlcranes.com\/product\/wjk-rail-clip\/#primaryimage"},"thumbnailUrl":"https:\/\/www.hnhlcranes.com\/wp-content\/uploads\/2024\/11\/WJK-Rail-Clip.jpg","datePublished":"2024-11-28T06:51:15+00:00","dateModified":"2025-01-10T07:49:58+00:00","description":"Rail Clips,WJK Rail Clip,Crane Rail Clip,Rail fixing device,Crane Rail fixing device,crane Rail Clamp,SWJK Rail Clips,Overhead Crane Rail Clip","breadcrumb":{"@id":"https:\/\/www.hnhlcranes.com\/product\/wjk-rail-clip\/#breadcrumb"},"inLanguage":"fi","potentialAction":[{"@type":"ReadAction","target":["https:\/\/www.hnhlcranes.com\/product\/wjk-rail-clip\/"]}]},{"@type":"ImageObject","inLanguage":"fi","@id":"https:\/\/www.hnhlcranes.com\/product\/wjk-rail-clip\/#primaryimage","url":"https:\/\/www.hnhlcranes.com\/wp-content\/uploads\/2024\/11\/WJK-Rail-Clip.jpg","contentUrl":"https:\/\/www.hnhlcranes.com\/wp-content\/uploads\/2024\/11\/WJK-Rail-Clip.jpg","width":600,"height":600},{"@type":"BreadcrumbList","@id":"https:\/\/www.hnhlcranes.com\/product\/wjk-rail-clip\/#breadcrumb","itemListElement":[{"@type":"ListItem","position":1,"name":"home","item":"https:\/\/www.hnhlcranes.com\/"},{"@type":"ListItem","position":2,"name":"products","item":"https:\/\/www.hnhlcranes.com\/products\/"},{"@type":"ListItem","position":3,"name":"WJK Rail Clip"}]},{"@type":"WebSite","@id":"https:\/\/www.hnhlcranes.com\/#website","url":"https:\/\/www.hnhlcranes.com\/","name":"Crane Parts Manufacturer","description":"Crane Wheels,Crane Drums,Crane Hooks,Crane Coupling,Crane End Carriage,Electric Hoist,European Crane Parts,Crane Rail Clip,Crane Spreader,Crane Motor,Crane Reducer,Crane Brake,Light Crane Parts,Workstation Crane Parts,Crane Electrical Parts,China Crane Parts Supplier,China Crane Parts Manufacturer,Angle box type crane wheel,45 degree split crane wheel,European crane wheel,Crane Wheel Blocks,Overhead crane drum,European crane drum,Overhead crane hook,European crane hook,Crane pulley block,Gear coupling,Brake wheel coupling,Drum gear coupling,Brake wheel drum gear coupling,Cardan Shaft Coupling,WZL drum coupling,Plum blossom elastic coupling,Brake wheel plum elastic coupling,European Single girder crane end carriage,European Double girder crane end carriage,European Suspension  crane end carriage,Wire Rope Electric Hoist,Electric Chain Hoist,European Single Girder Wire Rope Electric Hoist,European Double Girder Wire Rope Electric Hoist,Crane grab,Container spreader,Billet crane clamps,C-type hook,Lifting Electromagnet,YZR crane motor,YZP crane motor,ZQ Reducer,ZSC Reducer,QJ Reducer,QJ-L Reducer,QJY Reducer,H series gearbox,F Series Gear Motor,K Series Gear Motor,R Series Gear Motor,travelling machinery gear motor,Electro hydraulic drum brake,Electro hydraulic disc brake,Crane Safety brake,Crane cable trolley,Crane remote controller,Crane pendant controller,Crane electrical control cabinet,Crane limit switch,Crane sound and light alarm,Heavy Duty Aviation Connector,Crane overload limiter","publisher":{"@id":"https:\/\/www.hnhlcranes.com\/#organization"},"potentialAction":[{"@type":"SearchAction","target":{"@type":"EntryPoint","urlTemplate":"https:\/\/www.hnhlcranes.com\/?s={search_term_string}"},"query-input":{"@type":"PropertyValueSpecification","valueRequired":true,"valueName":"search_term_string"}}],"inLanguage":"fi"},{"@type":"Organization","@id":"https:\/\/www.hnhlcranes.com\/#organization","name":"Crane Parts Manufacturer","url":"https:\/\/www.hnhlcranes.com\/","logo":{"@type":"ImageObject","inLanguage":"fi","@id":"https:\/\/www.hnhlcranes.com\/#\/schema\/logo\/image\/","url":"https:\/\/www.hnhlcranes.com\/wp-content\/uploads\/2025\/01\/HL-logo-1.png","contentUrl":"https:\/\/www.hnhlcranes.com\/wp-content\/uploads\/2025\/01\/HL-logo-1.png","width":600,"height":169,"caption":"Crane Parts Manufacturer"},"image":{"@id":"https:\/\/www.hnhlcranes.com\/#\/schema\/logo\/image\/"}}]}},"_links":{"self":[{"href":"https:\/\/www.hnhlcranes.com\/fi\/wp-json\/wp\/v2\/product\/5505","targetHints":{"allow":["GET"]}}],"collection":[{"href":"https:\/\/www.hnhlcranes.com\/fi\/wp-json\/wp\/v2\/product"}],"about":[{"href":"https:\/\/www.hnhlcranes.com\/fi\/wp-json\/wp\/v2\/types\/product"}],"version-history":[{"count":7,"href":"https:\/\/www.hnhlcranes.com\/fi\/wp-json\/wp\/v2\/product\/5505\/revisions"}],"predecessor-version":[{"id":7190,"href":"https:\/\/www.hnhlcranes.com\/fi\/wp-json\/wp\/v2\/product\/5505\/revisions\/7190"}],"wp:featuredmedia":[{"embeddable":true,"href":"https:\/\/www.hnhlcranes.com\/fi\/wp-json\/wp\/v2\/media\/7075"}],"wp:attachment":[{"href":"https:\/\/www.hnhlcranes.com\/fi\/wp-json\/wp\/v2\/media?parent=5505"}],"wp:term":[{"taxonomy":"product_brand","embeddable":true,"href":"https:\/\/www.hnhlcranes.com\/fi\/wp-json\/wp\/v2\/product_brand?post=5505"},{"taxonomy":"product_cat","embeddable":true,"href":"https:\/\/www.hnhlcranes.com\/fi\/wp-json\/wp\/v2\/product_cat?post=5505"},{"taxonomy":"product_tag","embeddable":true,"href":"https:\/\/www.hnhlcranes.com\/fi\/wp-json\/wp\/v2\/product_tag?post=5505"}],"curies":[{"name":"wp","href":"https:\/\/api.w.org\/{rel}","templated":true}]}}