{"id":5528,"date":"2024-11-29T22:04:09","date_gmt":"2024-11-29T14:04:09","guid":{"rendered":"https:\/\/www.hnhlcranes.com\/?post_type=product&#038;p=5528"},"modified":"2025-01-10T17:43:16","modified_gmt":"2025-01-10T09:43:16","slug":"cgek-kiskokiinnike","status":"publish","type":"product","link":"https:\/\/www.hnhlcranes.com\/fi\/tuote\/cgek-kiskokiinnike\/","title":{"rendered":"CGEK kiskoklipsi"},"content":{"rendered":"<h6><img fetchpriority=\"high\" decoding=\"async\" class=\"alignnone wp-image-7104\" src=\"https:\/\/www.hnhlcranes.com\/wp-content\/uploads\/2024\/11\/CGEK-Rail-Clip-3-300x129.jpg\" alt=\"\" width=\"949\" height=\"408\" srcset=\"https:\/\/www.hnhlcranes.com\/wp-content\/uploads\/2024\/11\/CGEK-Rail-Clip-3-300x129.jpg 300w, https:\/\/www.hnhlcranes.com\/wp-content\/uploads\/2024\/11\/CGEK-Rail-Clip-3-768x331.jpg 768w, https:\/\/www.hnhlcranes.com\/wp-content\/uploads\/2024\/11\/CGEK-Rail-Clip-3-600x259.jpg 600w, https:\/\/www.hnhlcranes.com\/wp-content\/uploads\/2024\/11\/CGEK-Rail-Clip-3.jpg 1000w\" sizes=\"(max-width: 949px) 100vw, 949px\" \/><\/h6>\n<h3><strong>CGEK Rail Clipin ominaisuudet<\/strong><\/h3>\n<h4><strong>Sivus\u00e4\u00e4t\u00f6<\/strong><\/h4>\n<p>The <strong>CGEK-kiskokiinnike<\/strong> mahdollistaa sivusuunnassa s\u00e4\u00e4t\u00e4misen, mik\u00e4 optimoi olosuhteet tarkalle radan asennukselle ja kohdistukselle. T\u00e4m\u00e4 joustavuus varmistaa, ett\u00e4 kiskoj\u00e4rjestelm\u00e4 on tarkasti paikallaan, mik\u00e4 helpottaa nosturin sujuvaa ja tehokasta k\u00e4ytt\u00f6\u00e4.<\/p>\n<h4><strong>Luotettavuus sivuttaisvoimien kest\u00e4misess\u00e4<\/strong><\/h4>\n<p>Kiinnittimien kiinte\u00e4t osat on suunniteltu kest\u00e4m\u00e4\u00e4n luotettavasti nosturin k\u00e4yt\u00f6n aikana syntyv\u00e4t sivuttaisvoimat. N\u00e4in ne varmistavat vakauden, est\u00e4v\u00e4t liikkumisen ja parantavat nosturikiskoj\u00e4rjestelm\u00e4n yleist\u00e4 turvallisuutta ja suorituskyky\u00e4.<\/p>\n<h4><strong>Kompakti muotoilu<\/strong><\/h4>\n<p>Kapean ja litte\u00e4n rakenteensa ansiosta n\u00e4m\u00e4 kiinnittimet tarjoavat optimaaliset asennusmitat, joten ne soveltuvat sek\u00e4 ohjauspy\u00f6rill\u00e4 ett\u00e4 ilman ohjauspy\u00f6ri\u00e4 varustettuihin nostureihin. T\u00e4m\u00e4 kompakti rakenne auttaa maksimoimaan tilatehokkuuden ja helpottaa asennusta.<\/p>\n<h4><strong>Automaattinen lukitusmekanismi<\/strong><\/h4>\n<p>Kiilamaisen muotoilun sek\u00e4 ylemm\u00e4n ja alemman kiinnityslevyn kallistettujen pintojen yhteenliitt\u00e4misen ansiosta kiinnittimet lukkiutuvat automaattisesti paikalleen. T\u00e4m\u00e4 automaattinen lukitusmekanismi yksinkertaistaa asennusta ja varmistaa, ett\u00e4 kiinnittimet pysyv\u00e4t tukevasti paikoillaan k\u00e4yt\u00f6n aikana.<\/p>\n<h4><strong>Toleranssin hallinta ja kosketuksen kest\u00e4vyys<\/strong><\/h4>\n<p>CGEK-kiskokiinnike mukautuu tehokkaasti kiskon ja nosturipalkin toleransseihin, mik\u00e4 takaa tarkan istuvuuden. Lis\u00e4ksi se pit\u00e4\u00e4 kiskon ja jalustan v\u00e4lisen kosketuksen pitk\u00e4kestoisena, ja sit\u00e4 tukevat esij\u00e4nnitetyt jalustat, jotka parantavat kest\u00e4vyytt\u00e4 ja vakautta.<\/p>\n<h4><strong>Melunvaimennus<\/strong><\/h4>\n<p>CGEK-kiskoklipsin innovatiivinen muotoilu v\u00e4hent\u00e4\u00e4 merkitt\u00e4v\u00e4sti melua, mik\u00e4 parantaa ty\u00f6ymp\u00e4rist\u00f6\u00e4. T\u00e4m\u00e4 ominaisuus on erityisen hy\u00f6dyllinen kohteissa, joissa melunhallinta on ratkaisevan t\u00e4rke\u00e4\u00e4 toiminnan tehokkuuden ja ty\u00f6ntekij\u00f6iden viihtyvyyden yll\u00e4pit\u00e4miseksi.<\/p>\n<h4><strong>Lujat materiaalit<\/strong><\/h4>\n<p>Komponentit on valmistettu matalaseosteisesta, lujatekoisesta rakenneter\u00e4ksest\u00e4, mik\u00e4 takaa paremman kest\u00e4vyyden ja suorituskyvyn. T\u00e4m\u00e4 materiaalivalinta pident\u00e4\u00e4 kiinnittimien k\u00e4ytt\u00f6ik\u00e4\u00e4 my\u00f6s raskaissa ja vaativissa olosuhteissa.<\/p>\n<h4><strong>Lujat pultit<\/strong><\/h4>\n<p>CGEK-kiskokiinnikej\u00e4rjestelm\u00e4 on varustettu M20-luokan 8.8-luokan lujuusluokan pulteilla, ja sen kiristysmomentti on 220 N-m. Lis\u00e4ksi se kest\u00e4\u00e4 py\u00f6r\u00e4npaineen aiheuttaman 120 kN:n suuruisen sivuttaisvoiman, mik\u00e4 varmistaa, ett\u00e4 kiinnittimet toimivat luotettavasti suurissa kuormituksissa.<\/p>\n<h3><strong>CGEK-kiskoklipsin asennusvaiheet<\/strong><\/h3>\n<h4><strong>Pohjalevyn sijoittaminen<\/strong><\/h4>\n<p>Aseta pohjalevyt aluksi nosturikiskoa pitkin 500 mm:n v\u00e4lein. Varmista, ett\u00e4 pohjalevyt on kohdistettu kohtisuoraan kiskoon n\u00e4hden siten, ett\u00e4 T-pultin keskipiste on m\u00e4\u00e4ritellyn arvon aaa mukaisesti et\u00e4isyydell\u00e4 kiskon keskilinjasta.<\/p>\n<h4><strong>Pohjalevyjen hitsaus<\/strong><\/h4>\n<p>Seuraavaksi hitsaa pohjalevyt tukevasti m\u00e4\u00e4ritettyihin asentoihin. N\u00e4in varmistetaan, ett\u00e4 pohjalevyt kiinnittyv\u00e4t tukevasti nosturipalkkiin ja muodostavat vakaan perustan koko kiskoj\u00e4rjestelm\u00e4lle.<\/p>\n<h4><strong>Per\u00e4kk\u00e4inen asennus<\/strong><\/h4>\n<p>Kun pohjalevyt on hitsattu, jatka osien asennusta per\u00e4kk\u00e4in:<\/p>\n<ol>\n<li>Aseta T-pultit paikoilleen.<\/li>\n<li>Asenna osat seuraavassa j\u00e4rjestyksess\u00e4: yl\u00e4kansilevy, litte\u00e4 aluslevy, jousialuslevy ja mutteri.<\/li>\n<li>Kirist\u00e4 lopuksi T-pultit ja s\u00e4\u00e4d\u00e4 yl\u00e4kansilevy\u00e4 tarpeen mukaan varmistaaksesi turvallisen ja vakaan kokoonpanon.<\/li>\n<\/ol>\n<p>Seuraamalla n\u00e4it\u00e4 yksityiskohtaisia ohjeita CGEK-kiskokiinnikej\u00e4rjestelm\u00e4 voidaan asentaa tehokkaasti, ja se tarjoaa luotettavan ja kest\u00e4v\u00e4n ratkaisun nosturikiskojen kiinnitt\u00e4miseen ja varmistaa samalla h\u00e4iri\u00f6tt\u00f6m\u00e4n toiminnan ja pitk\u00e4ik\u00e4isyyden. Tarkat suunnitteluominaisuudet ja asennuksen helppous tekev\u00e4t siit\u00e4 erinomaisen valinnan vaativiin teollisuussovelluksiin.<\/p>","protected":false},"excerpt":{"rendered":"<h6><span style=\"font-family: arial, helvetica, sans-serif; font-size: 14pt;\"><strong>CGEK Rail Clipin tekniset tiedot<\/strong><\/span><\/h6>\n<ul>\n<li><strong>Mallit:<\/strong> CGEK38, CGEK43, CGEK50, CGEK60, CGEK70, CGEK80, CGEK100, CGEK120<\/li>\n<li><strong>Kiinnitysmenetelm\u00e4:<\/strong> Hitsattu pohjalevy<\/li>\n<\/ul>","protected":false},"featured_media":7102,"template":"","meta":{"_kad_post_transparent":"default","_kad_post_title":"","_kad_post_layout":"default","_kad_post_sidebar_id":"","_kad_post_content_style":"default","_kad_post_vertical_padding":"show","_kad_post_feature":"","_kad_post_feature_position":"","_kad_post_header":false,"_kad_post_footer":false},"product_brand":[],"product_cat":[83],"product_tag":[483,482,481,480,376,489,486,490,488,484,492,487,485,493,478,491,477,479],"class_list":{"0":"post-5528","1":"product","2":"type-product","3":"status-publish","4":"has-post-thumbnail","6":"product_cat-crane-rail-clip","7":"product_tag-05g525-rail-clip","8":"product_tag-cgbk-rail-clip","9":"product_tag-cgek-rail-clip","10":"product_tag-cgwk-rail-clip","11":"product_tag-china-crane-parts-supplier","12":"product_tag-crane-rail-clamp","13":"product_tag-crane-rail-clip","14":"product_tag-crane-rail-clip-supplier","15":"product_tag-crane-rail-fixing-device","16":"product_tag-hdgy-rail-clip","17":"product_tag-rail-connection-splint","18":"product_tag-rail-fixing-device","19":"product_tag-rail-joint","20":"product_tag-special-crane-spreader","21":"product_tag-swjk-rail-clip","22":"product_tag-tracks-jointing-plates","23":"product_tag-wjk-rail-clip","24":"product_tag-wjkc-rail-clip","26":"first","27":"instock","28":"shipping-taxable","29":"product-type-simple","30":"entry","31":"content-bg","32":"loop-entry"},"yoast_head":"<!-- This site is optimized with the Yoast SEO plugin v24.5 - https:\/\/yoast.com\/wordpress\/plugins\/seo\/ -->\n<title>CGEK Rail Clip - Rail Clamp- Rail fixing device-Crane Parts Manufacturer<\/title>\n<meta name=\"description\" content=\"Rail Clips,CGEK Rail Clip,Crane Rail Clips,Rail fixing device,Crane Rail fixing device,crane Rail Clamp,WJK Rail Clips,Overhead Crane Rail Clip\" \/>\n<meta name=\"robots\" content=\"index, follow, max-snippet:-1, max-image-preview:large, max-video-preview:-1\" \/>\n<link rel=\"canonical\" href=\"https:\/\/www.hnhlcranes.com\/fi\/tuote\/cgek-kiskokiinnike\/\" \/>\n<meta property=\"og:locale\" content=\"fi_FI\" \/>\n<meta property=\"og:type\" content=\"article\" \/>\n<meta property=\"og:title\" content=\"CGEK Rail Clip - Rail Clamp- Rail fixing device-Crane Parts Manufacturer\" \/>\n<meta property=\"og:description\" content=\"Rail Clips,CGEK Rail Clip,Crane Rail Clips,Rail fixing device,Crane Rail fixing device,crane Rail Clamp,WJK Rail Clips,Overhead Crane Rail Clip\" \/>\n<meta property=\"og:url\" content=\"https:\/\/www.hnhlcranes.com\/fi\/tuote\/cgek-kiskokiinnike\/\" \/>\n<meta property=\"og:site_name\" content=\"Crane Parts Manufacturer\" \/>\n<meta property=\"article:modified_time\" content=\"2025-01-10T09:43:16+00:00\" \/>\n<meta property=\"og:image\" content=\"https:\/\/www.hnhlcranes.com\/wp-content\/uploads\/2024\/11\/CGEK-Rail-Clip.jpg\" \/>\n\t<meta property=\"og:image:width\" content=\"600\" \/>\n\t<meta property=\"og:image:height\" content=\"600\" \/>\n\t<meta property=\"og:image:type\" content=\"image\/jpeg\" \/>\n<meta name=\"twitter:card\" content=\"summary_large_image\" \/>\n<meta name=\"twitter:label1\" content=\"Arvioitu lukuaika\" \/>\n\t<meta name=\"twitter:data1\" content=\"3 minuuttia\" \/>\n<script type=\"application\/ld+json\" class=\"yoast-schema-graph\">{\"@context\":\"https:\/\/schema.org\",\"@graph\":[{\"@type\":\"WebPage\",\"@id\":\"https:\/\/www.hnhlcranes.com\/product\/cgek-rail-clip\/\",\"url\":\"https:\/\/www.hnhlcranes.com\/product\/cgek-rail-clip\/\",\"name\":\"CGEK Rail Clip - Rail Clamp- Rail fixing device-Crane Parts Manufacturer\",\"isPartOf\":{\"@id\":\"https:\/\/www.hnhlcranes.com\/#website\"},\"primaryImageOfPage\":{\"@id\":\"https:\/\/www.hnhlcranes.com\/product\/cgek-rail-clip\/#primaryimage\"},\"image\":{\"@id\":\"https:\/\/www.hnhlcranes.com\/product\/cgek-rail-clip\/#primaryimage\"},\"thumbnailUrl\":\"https:\/\/www.hnhlcranes.com\/wp-content\/uploads\/2024\/11\/CGEK-Rail-Clip.jpg\",\"datePublished\":\"2024-11-29T14:04:09+00:00\",\"dateModified\":\"2025-01-10T09:43:16+00:00\",\"description\":\"Rail Clips,CGEK Rail Clip,Crane Rail Clips,Rail fixing device,Crane Rail fixing device,crane Rail Clamp,WJK Rail Clips,Overhead Crane Rail Clip\",\"breadcrumb\":{\"@id\":\"https:\/\/www.hnhlcranes.com\/product\/cgek-rail-clip\/#breadcrumb\"},\"inLanguage\":\"fi\",\"potentialAction\":[{\"@type\":\"ReadAction\",\"target\":[\"https:\/\/www.hnhlcranes.com\/product\/cgek-rail-clip\/\"]}]},{\"@type\":\"ImageObject\",\"inLanguage\":\"fi\",\"@id\":\"https:\/\/www.hnhlcranes.com\/product\/cgek-rail-clip\/#primaryimage\",\"url\":\"https:\/\/www.hnhlcranes.com\/wp-content\/uploads\/2024\/11\/CGEK-Rail-Clip.jpg\",\"contentUrl\":\"https:\/\/www.hnhlcranes.com\/wp-content\/uploads\/2024\/11\/CGEK-Rail-Clip.jpg\",\"width\":600,\"height\":600},{\"@type\":\"BreadcrumbList\",\"@id\":\"https:\/\/www.hnhlcranes.com\/product\/cgek-rail-clip\/#breadcrumb\",\"itemListElement\":[{\"@type\":\"ListItem\",\"position\":1,\"name\":\"home\",\"item\":\"https:\/\/www.hnhlcranes.com\/\"},{\"@type\":\"ListItem\",\"position\":2,\"name\":\"products\",\"item\":\"https:\/\/www.hnhlcranes.com\/products\/\"},{\"@type\":\"ListItem\",\"position\":3,\"name\":\"CGEK Rail Clip\"}]},{\"@type\":\"WebSite\",\"@id\":\"https:\/\/www.hnhlcranes.com\/#website\",\"url\":\"https:\/\/www.hnhlcranes.com\/\",\"name\":\"Crane Parts Manufacturer\",\"description\":\"Crane Wheels,Crane Drums,Crane Hooks,Crane Coupling,Crane End Carriage,Electric Hoist,European Crane Parts,Crane Rail Clip,Crane Spreader,Crane Motor,Crane Reducer,Crane Brake,Light Crane Parts,Workstation Crane Parts,Crane Electrical Parts,China Crane Parts Supplier,China Crane Parts Manufacturer,Angle box type crane wheel,45 degree split crane wheel,European crane wheel,Crane Wheel Blocks,Overhead crane drum,European crane drum,Overhead crane hook,European crane hook,Crane pulley block,Gear coupling,Brake wheel coupling,Drum gear coupling,Brake wheel drum gear coupling,Cardan Shaft Coupling,WZL drum coupling,Plum blossom elastic coupling,Brake wheel plum elastic coupling,European Single girder crane end carriage,European Double girder crane end carriage,European Suspension  crane end carriage,Wire Rope Electric Hoist,Electric Chain Hoist,European Single Girder Wire Rope Electric Hoist,European Double Girder Wire Rope Electric Hoist,Crane grab,Container spreader,Billet crane clamps,C-type hook,Lifting Electromagnet,YZR crane motor,YZP crane motor,ZQ Reducer,ZSC Reducer,QJ Reducer,QJ-L Reducer,QJY Reducer,H series gearbox,F Series Gear Motor,K Series Gear Motor,R Series Gear Motor,travelling machinery gear motor,Electro hydraulic drum brake,Electro hydraulic disc brake,Crane Safety brake,Crane cable trolley,Crane remote controller,Crane pendant controller,Crane electrical control cabinet,Crane limit switch,Crane sound and light alarm,Heavy Duty Aviation Connector,Crane overload limiter\",\"publisher\":{\"@id\":\"https:\/\/www.hnhlcranes.com\/#organization\"},\"potentialAction\":[{\"@type\":\"SearchAction\",\"target\":{\"@type\":\"EntryPoint\",\"urlTemplate\":\"https:\/\/www.hnhlcranes.com\/?s={search_term_string}\"},\"query-input\":{\"@type\":\"PropertyValueSpecification\",\"valueRequired\":true,\"valueName\":\"search_term_string\"}}],\"inLanguage\":\"fi\"},{\"@type\":\"Organization\",\"@id\":\"https:\/\/www.hnhlcranes.com\/#organization\",\"name\":\"Crane Parts Manufacturer\",\"url\":\"https:\/\/www.hnhlcranes.com\/\",\"logo\":{\"@type\":\"ImageObject\",\"inLanguage\":\"fi\",\"@id\":\"https:\/\/www.hnhlcranes.com\/#\/schema\/logo\/image\/\",\"url\":\"https:\/\/www.hnhlcranes.com\/wp-content\/uploads\/2025\/01\/HL-logo-1.png\",\"contentUrl\":\"https:\/\/www.hnhlcranes.com\/wp-content\/uploads\/2025\/01\/HL-logo-1.png\",\"width\":600,\"height\":169,\"caption\":\"Crane Parts Manufacturer\"},\"image\":{\"@id\":\"https:\/\/www.hnhlcranes.com\/#\/schema\/logo\/image\/\"}}]}<\/script>\n<!-- \/ Yoast SEO plugin. -->","yoast_head_json":{"title":"CGEK Rail Clip - Rail Clamp- Rail fixing device-Crane Parts Manufacturer","description":"Rail Clips,CGEK Rail Clip,Crane Rail Clips,Rail fixing device,Crane Rail fixing device,crane Rail Clamp,WJK Rail Clips,Overhead Crane Rail Clip","robots":{"index":"index","follow":"follow","max-snippet":"max-snippet:-1","max-image-preview":"max-image-preview:large","max-video-preview":"max-video-preview:-1"},"canonical":"https:\/\/www.hnhlcranes.com\/fi\/tuote\/cgek-kiskokiinnike\/","og_locale":"fi_FI","og_type":"article","og_title":"CGEK Rail Clip - Rail Clamp- Rail fixing device-Crane Parts Manufacturer","og_description":"Rail Clips,CGEK Rail Clip,Crane Rail Clips,Rail fixing device,Crane Rail fixing device,crane Rail Clamp,WJK Rail Clips,Overhead Crane Rail Clip","og_url":"https:\/\/www.hnhlcranes.com\/fi\/tuote\/cgek-kiskokiinnike\/","og_site_name":"Crane Parts Manufacturer","article_modified_time":"2025-01-10T09:43:16+00:00","og_image":[{"width":600,"height":600,"url":"https:\/\/www.hnhlcranes.com\/wp-content\/uploads\/2024\/11\/CGEK-Rail-Clip.jpg","type":"image\/jpeg"}],"twitter_card":"summary_large_image","twitter_misc":{"Arvioitu lukuaika":"3 minuuttia"},"schema":{"@context":"https:\/\/schema.org","@graph":[{"@type":"WebPage","@id":"https:\/\/www.hnhlcranes.com\/product\/cgek-rail-clip\/","url":"https:\/\/www.hnhlcranes.com\/product\/cgek-rail-clip\/","name":"CGEK Rail Clip - Rail Clamp- Rail fixing device-Crane Parts Manufacturer","isPartOf":{"@id":"https:\/\/www.hnhlcranes.com\/#website"},"primaryImageOfPage":{"@id":"https:\/\/www.hnhlcranes.com\/product\/cgek-rail-clip\/#primaryimage"},"image":{"@id":"https:\/\/www.hnhlcranes.com\/product\/cgek-rail-clip\/#primaryimage"},"thumbnailUrl":"https:\/\/www.hnhlcranes.com\/wp-content\/uploads\/2024\/11\/CGEK-Rail-Clip.jpg","datePublished":"2024-11-29T14:04:09+00:00","dateModified":"2025-01-10T09:43:16+00:00","description":"Rail Clips,CGEK Rail Clip,Crane Rail Clips,Rail fixing device,Crane Rail fixing device,crane Rail Clamp,WJK Rail Clips,Overhead Crane Rail Clip","breadcrumb":{"@id":"https:\/\/www.hnhlcranes.com\/product\/cgek-rail-clip\/#breadcrumb"},"inLanguage":"fi","potentialAction":[{"@type":"ReadAction","target":["https:\/\/www.hnhlcranes.com\/product\/cgek-rail-clip\/"]}]},{"@type":"ImageObject","inLanguage":"fi","@id":"https:\/\/www.hnhlcranes.com\/product\/cgek-rail-clip\/#primaryimage","url":"https:\/\/www.hnhlcranes.com\/wp-content\/uploads\/2024\/11\/CGEK-Rail-Clip.jpg","contentUrl":"https:\/\/www.hnhlcranes.com\/wp-content\/uploads\/2024\/11\/CGEK-Rail-Clip.jpg","width":600,"height":600},{"@type":"BreadcrumbList","@id":"https:\/\/www.hnhlcranes.com\/product\/cgek-rail-clip\/#breadcrumb","itemListElement":[{"@type":"ListItem","position":1,"name":"home","item":"https:\/\/www.hnhlcranes.com\/"},{"@type":"ListItem","position":2,"name":"products","item":"https:\/\/www.hnhlcranes.com\/products\/"},{"@type":"ListItem","position":3,"name":"CGEK Rail Clip"}]},{"@type":"WebSite","@id":"https:\/\/www.hnhlcranes.com\/#website","url":"https:\/\/www.hnhlcranes.com\/","name":"Crane Parts Manufacturer","description":"Crane Wheels,Crane Drums,Crane Hooks,Crane Coupling,Crane End Carriage,Electric Hoist,European Crane Parts,Crane Rail Clip,Crane Spreader,Crane Motor,Crane Reducer,Crane Brake,Light Crane Parts,Workstation Crane Parts,Crane Electrical Parts,China Crane Parts Supplier,China Crane Parts Manufacturer,Angle box type crane wheel,45 degree split crane wheel,European crane wheel,Crane Wheel Blocks,Overhead crane drum,European crane drum,Overhead crane hook,European crane hook,Crane pulley block,Gear coupling,Brake wheel coupling,Drum gear coupling,Brake wheel drum gear coupling,Cardan Shaft Coupling,WZL drum coupling,Plum blossom elastic coupling,Brake wheel plum elastic coupling,European Single girder crane end carriage,European Double girder crane end carriage,European Suspension  crane end carriage,Wire Rope Electric Hoist,Electric Chain Hoist,European Single Girder Wire Rope Electric Hoist,European Double Girder Wire Rope Electric Hoist,Crane grab,Container spreader,Billet crane clamps,C-type hook,Lifting Electromagnet,YZR crane motor,YZP crane motor,ZQ Reducer,ZSC Reducer,QJ Reducer,QJ-L Reducer,QJY Reducer,H series gearbox,F Series Gear Motor,K Series Gear Motor,R Series Gear Motor,travelling machinery gear motor,Electro hydraulic drum brake,Electro hydraulic disc brake,Crane Safety brake,Crane cable trolley,Crane remote controller,Crane pendant controller,Crane electrical control cabinet,Crane limit switch,Crane sound and light alarm,Heavy Duty Aviation Connector,Crane overload limiter","publisher":{"@id":"https:\/\/www.hnhlcranes.com\/#organization"},"potentialAction":[{"@type":"SearchAction","target":{"@type":"EntryPoint","urlTemplate":"https:\/\/www.hnhlcranes.com\/?s={search_term_string}"},"query-input":{"@type":"PropertyValueSpecification","valueRequired":true,"valueName":"search_term_string"}}],"inLanguage":"fi"},{"@type":"Organization","@id":"https:\/\/www.hnhlcranes.com\/#organization","name":"Crane Parts Manufacturer","url":"https:\/\/www.hnhlcranes.com\/","logo":{"@type":"ImageObject","inLanguage":"fi","@id":"https:\/\/www.hnhlcranes.com\/#\/schema\/logo\/image\/","url":"https:\/\/www.hnhlcranes.com\/wp-content\/uploads\/2025\/01\/HL-logo-1.png","contentUrl":"https:\/\/www.hnhlcranes.com\/wp-content\/uploads\/2025\/01\/HL-logo-1.png","width":600,"height":169,"caption":"Crane Parts Manufacturer"},"image":{"@id":"https:\/\/www.hnhlcranes.com\/#\/schema\/logo\/image\/"}}]}},"_links":{"self":[{"href":"https:\/\/www.hnhlcranes.com\/fi\/wp-json\/wp\/v2\/product\/5528","targetHints":{"allow":["GET"]}}],"collection":[{"href":"https:\/\/www.hnhlcranes.com\/fi\/wp-json\/wp\/v2\/product"}],"about":[{"href":"https:\/\/www.hnhlcranes.com\/fi\/wp-json\/wp\/v2\/types\/product"}],"version-history":[{"count":4,"href":"https:\/\/www.hnhlcranes.com\/fi\/wp-json\/wp\/v2\/product\/5528\/revisions"}],"predecessor-version":[{"id":7195,"href":"https:\/\/www.hnhlcranes.com\/fi\/wp-json\/wp\/v2\/product\/5528\/revisions\/7195"}],"wp:featuredmedia":[{"embeddable":true,"href":"https:\/\/www.hnhlcranes.com\/fi\/wp-json\/wp\/v2\/media\/7102"}],"wp:attachment":[{"href":"https:\/\/www.hnhlcranes.com\/fi\/wp-json\/wp\/v2\/media?parent=5528"}],"wp:term":[{"taxonomy":"product_brand","embeddable":true,"href":"https:\/\/www.hnhlcranes.com\/fi\/wp-json\/wp\/v2\/product_brand?post=5528"},{"taxonomy":"product_cat","embeddable":true,"href":"https:\/\/www.hnhlcranes.com\/fi\/wp-json\/wp\/v2\/product_cat?post=5528"},{"taxonomy":"product_tag","embeddable":true,"href":"https:\/\/www.hnhlcranes.com\/fi\/wp-json\/wp\/v2\/product_tag?post=5528"}],"curies":[{"name":"wp","href":"https:\/\/api.w.org\/{rel}","templated":true}]}}