{"id":5544,"date":"2024-11-29T22:40:44","date_gmt":"2024-11-29T14:40:44","guid":{"rendered":"https:\/\/www.hnhlcranes.com\/?post_type=product&#038;p=5544"},"modified":"2025-01-10T18:14:36","modified_gmt":"2025-01-10T10:14:36","slug":"hdgy-kiskon-pidike","status":"publish","type":"product","link":"https:\/\/www.hnhlcranes.com\/fi\/tuote\/hdgy-kiskon-pidike\/","title":{"rendered":"HDGY Rail Clip"},"content":{"rendered":"<h3><strong>HDGY Rail Clipin ominaisuudet<\/strong><\/h3>\n<h4><strong>Elastinen kiinnitys ja v\u00e4hentynyt kuluminen<\/strong><\/h4>\n<p>The <strong>HDGY-kiskokiinnike<\/strong> on suunniteltu erityisesti varmistamaan kiskojen elastinen kiinnitys betonisiin nosturipalkkeihin. T\u00e4m\u00e4 rakenne v\u00e4hent\u00e4\u00e4 kiskon p\u00e4\u00e4n kulumista, minimoi nosturipalkkiin kohdistuvan vaikutuksen, v\u00e4hent\u00e4\u00e4 nosturipy\u00f6r\u00e4n laipan kulumista ja alentaa melutasoa. T\u00e4m\u00e4n seurauksena j\u00e4rjestelm\u00e4 parantaa sek\u00e4 nosturik\u00e4yt\u00f6n pitk\u00e4ik\u00e4isyytt\u00e4 ett\u00e4 tehokkuutta.<\/p>\n<h4><strong>Parannettu vakaus elastisella komposiittikumityynyll\u00e4 varustettuna<\/strong><\/h4>\n<p>HDGY-kiskokiinnike lis\u00e4\u00e4 merkitt\u00e4v\u00e4sti kitkaa est\u00e4m\u00e4ll\u00e4 kiskon liikkumisen est\u00e4m\u00e4ll\u00e4 kiskon ja nosturipalkin v\u00e4liss\u00e4 olevan joustavan komposiittikumityynyn. Lis\u00e4ksi t\u00e4m\u00e4 ominaisuus poistaa tai minimoi ep\u00e4tasaiset raot kiskon pituudelta, mik\u00e4 johtaa parempaan pulttij\u00e4nnityksen jakautumiseen kiinnityslevyihin, mik\u00e4 parantaa j\u00e4rjestelm\u00e4n yleist\u00e4 vakautta entisest\u00e4\u00e4n.<\/p>\n<h4><strong>Optimaalinen j\u00e4nnitysjakauma<\/strong><\/h4>\n<p>Kumityynyn poikkileikkaus on hieman kupera j\u00e4nnityksen j\u00e4rkev\u00e4n jakautumisen varmistamiseksi. Lis\u00e4ksi tyynyn pienet suorakulmaiset harjanteet parantavat sen kosketusta kiskoon, lis\u00e4\u00e4v\u00e4t elastisuutta ja vaimentavat tehokkaasti t\u00e4rin\u00e4\u00e4, mik\u00e4 viime k\u00e4dess\u00e4 edist\u00e4\u00e4 tasaisempaa toimintaa ja v\u00e4hent\u00e4\u00e4 kulumista.<\/p>\n<h4><strong>Kest\u00e4v\u00e4 muotoilu<\/strong><\/h4>\n<p>Kumityynyss\u00e4 on suorakulmaiset urat, jotka minimoivat sivusuuntaisen muodonmuutoksen rasituksessa ja v\u00e4hent\u00e4v\u00e4t puristuksesta aiheutuvia pintavaurioita. Lis\u00e4ksi k\u00e4sitellyn ter\u00e4svahvistuksen ansiosta HDGY-kiskoklipsin rakenne on eritt\u00e4in kest\u00e4v\u00e4 ja s\u00e4ilytt\u00e4\u00e4 erinomaisen suorituskyvyn jopa 2 miljoonan v\u00e4symissyklin j\u00e4lkeen, mik\u00e4 takaa pitk\u00e4aikaisen luotettavuuden.<\/p>\n<h4><strong>Turvalliset ja symmetriset kiinnityslevyt<\/strong><\/h4>\n<p>Kiinnityslevyt on kiinnitetty tukevasti nosturipalkkiin, jolloin ne eiv\u00e4t l\u00f6ysty ja nosturipalkin kuluminen on mahdollisimman v\u00e4h\u00e4ist\u00e4. Kiinnityslevyjen symmetrinen rakenne muodostaa poikkileikkauksessa kiilamaisen rakenteen, joka rajoittaa tehokkaasti kiskon sivuttaissiirtym\u00e4\u00e4, mik\u00e4 takaa vakauden nosturin k\u00e4yt\u00f6n aikana.<\/p>\n<h4><strong>S\u00e4\u00e4dett\u00e4vyys asennusta ja huoltoa varten<\/strong><\/h4>\n<p>Asennuksen ja huollon helpottamiseksi kiinnityslevyn elliptiset urat mahdollistavat sivusuuntaiset s\u00e4\u00e4d\u00f6t. Lis\u00e4ksi vinot rei\u00e4t, jotka on yhdistetty liukastumista est\u00e4viin lohkoihin, est\u00e4v\u00e4t puristimen liikkumisen ja helpottavat sivusuuntaista kohdistusta asennuksen tai huollon aikana, mik\u00e4 takaa tarkat s\u00e4\u00e4d\u00f6t ja helpon k\u00e4sittelyn.<\/p>\n<h4><strong>Kiskoliikkeen toleranssi<\/strong><\/h4>\n<p>J\u00e4rjestelm\u00e4 on suunniteltu siten, ett\u00e4 se kest\u00e4\u00e4 v\u00e4h\u00e4iset kiskon liikkeet nosturin k\u00e4yt\u00f6n aikana. T\u00e4m\u00e4 takaa joustavuuden vakaudesta tinkim\u00e4tt\u00e4 ja mahdollistaa tehokkaan liikkeen s\u00e4ilytt\u00e4en samalla kisko- ja nosturij\u00e4rjestelm\u00e4n eheyden.<\/p>\n<h3><strong>HDGY Rail Clipin asennusvaiheet<\/strong><\/h3>\n<h4><strong>Kumityynyn asettaminen paikalleen<\/strong><\/h4>\n<p>Aseta ensin kumityyny niin, ett\u00e4 sen suorakulmaiset harjanteet ja urat ovat samansuuntaiset kiskon kanssa, ja aseta se kiskon alle. Varmista, ett\u00e4 kumityyny on kohtisuorassa kiskon keskilinjaan n\u00e4hden ja ett\u00e4 se on oikeassa asennossa molemmin puolin oleviin pultteihin n\u00e4hden. N\u00e4in varmistetaan tarkka sijoittelu ja kohdistus optimaalisen suorituskyvyn saavuttamiseksi.<\/p>\n<h4><strong>Pohjakerroksen valmistelu<\/strong><\/h4>\n<p>Ennen kuin asetat kumityynyn betonipohjan p\u00e4\u00e4lle, puhdista pinta perusteellisesti mahdollisten roskien poistamiseksi. T\u00e4m\u00e4 vaihe on olennaisen t\u00e4rke\u00e4 sen varmistamiseksi, ettei siell\u00e4 ole ep\u00e4puhtauksia, jotka voisivat heikent\u00e4\u00e4 j\u00e4rjestelm\u00e4n suorituskyky\u00e4.<\/p>\n<h4><strong>Kiinnityslevyn kokoaminen<\/strong><\/h4>\n<p>Noudata seuraavia vaiheita kokoonpanoprosessissa:<\/p>\n<ul>\n<li>Aseta pultit ter\u00e4sbetoniseen nosturipalkkiin esiporattuihin reikiin.<\/li>\n<li>Aseta kiinnityslevyn runko alustan p\u00e4\u00e4lle.<\/li>\n<li>Lis\u00e4\u00e4 liukastumisenestopalikka siten, ett\u00e4 sen pieni p\u00e4\u00e4 osoittaa kiskoa kohti vakauden lis\u00e4\u00e4miseksi.<\/li>\n<li>Kiinnit\u00e4 jousialuslevy ja mutteri ja kirist\u00e4 kokoonpano.<\/li>\n<li>S\u00e4\u00e4d\u00e4 kiinnityslevy siten, ett\u00e4 se painuu tiukasti kiskon reunaa vasten.<\/li>\n<li>Kirist\u00e4 lopuksi pultit kokonaan, jotta osat kiinnittyv\u00e4t paikoilleen.<\/li>\n<\/ul>\n<h4><strong>Kiinnityslevyn kohdistus<\/strong><\/h4>\n<p>Varmista, ett\u00e4 kiinnityslevyn keskilinja on kohtisuorassa kiskon keskilinjaan n\u00e4hden ilman vinoutta. T\u00e4m\u00e4 vaihe takaa, ett\u00e4 kiinnityslevy on oikein kohdistettu kiskon optimaalisen kiinnityksen ja j\u00e4rjestelm\u00e4n kokonaissuorituskyvyn varmistamiseksi.<\/p>","protected":false},"excerpt":{"rendered":"<h6><span style=\"font-family: arial, helvetica, sans-serif; font-size: 14pt;\"><strong>HDGY Rail Clipin tekniset tiedot<\/strong><\/span><\/h6>\n<ul>\n<li><strong>Mallit:<\/strong> HDGY24, HDGY38A, HDGY38B, HDGY43, HDGY50, HDGY70, HDGY80, HDGY100 JA HDGY120<\/li>\n<li><strong>Kiinnitysmenetelm\u00e4:<\/strong> Pultin kiinnitys<\/li>\n<\/ul>","protected":false},"featured_media":7117,"template":"","meta":{"_kad_post_transparent":"default","_kad_post_title":"","_kad_post_layout":"default","_kad_post_sidebar_id":"","_kad_post_content_style":"default","_kad_post_vertical_padding":"show","_kad_post_feature":"","_kad_post_feature_position":"","_kad_post_header":false,"_kad_post_footer":false},"product_brand":[],"product_cat":[83],"product_tag":[483,482,481,480,376,489,486,490,488,484,492,487,485,493,478,491,477,479],"class_list":{"0":"post-5544","1":"product","2":"type-product","3":"status-publish","4":"has-post-thumbnail","6":"product_cat-crane-rail-clip","7":"product_tag-05g525-rail-clip","8":"product_tag-cgbk-rail-clip","9":"product_tag-cgek-rail-clip","10":"product_tag-cgwk-rail-clip","11":"product_tag-china-crane-parts-supplier","12":"product_tag-crane-rail-clamp","13":"product_tag-crane-rail-clip","14":"product_tag-crane-rail-clip-supplier","15":"product_tag-crane-rail-fixing-device","16":"product_tag-hdgy-rail-clip","17":"product_tag-rail-connection-splint","18":"product_tag-rail-fixing-device","19":"product_tag-rail-joint","20":"product_tag-special-crane-spreader","21":"product_tag-swjk-rail-clip","22":"product_tag-tracks-jointing-plates","23":"product_tag-wjk-rail-clip","24":"product_tag-wjkc-rail-clip","26":"first","27":"instock","28":"shipping-taxable","29":"product-type-simple","30":"entry","31":"content-bg","32":"loop-entry"},"yoast_head":"<!-- This site is optimized with the Yoast SEO plugin v24.5 - https:\/\/yoast.com\/wordpress\/plugins\/seo\/ -->\n<title>HDGY Rail Clip - Crane Rail fixing device-crane Rail Clamp- Crane Parts Manufacturer<\/title>\n<meta name=\"description\" content=\"Rail Clips,HDGY Rail Clip,Crane Rail Clips,Rail fixing device,Crane Rail fixing device,crane Rail Clamp,WJK Rail Clips,Overhead Crane Rail Clip\" \/>\n<meta name=\"robots\" content=\"index, follow, max-snippet:-1, max-image-preview:large, max-video-preview:-1\" \/>\n<link rel=\"canonical\" href=\"https:\/\/www.hnhlcranes.com\/fi\/tuote\/hdgy-kiskon-pidike\/\" \/>\n<meta property=\"og:locale\" content=\"fi_FI\" \/>\n<meta property=\"og:type\" content=\"article\" \/>\n<meta property=\"og:title\" content=\"HDGY Rail Clip - Crane Rail fixing device-crane Rail Clamp- Crane Parts Manufacturer\" \/>\n<meta property=\"og:description\" content=\"Rail Clips,HDGY Rail Clip,Crane Rail Clips,Rail fixing device,Crane Rail fixing device,crane Rail Clamp,WJK Rail Clips,Overhead Crane Rail Clip\" \/>\n<meta property=\"og:url\" content=\"https:\/\/www.hnhlcranes.com\/fi\/tuote\/hdgy-kiskon-pidike\/\" \/>\n<meta property=\"og:site_name\" content=\"Crane Parts Manufacturer\" \/>\n<meta property=\"article:modified_time\" content=\"2025-01-10T10:14:36+00:00\" \/>\n<meta property=\"og:image\" content=\"https:\/\/www.hnhlcranes.com\/wp-content\/uploads\/2024\/11\/HDGY-Rail-Clip.jpg\" \/>\n\t<meta property=\"og:image:width\" content=\"600\" \/>\n\t<meta property=\"og:image:height\" content=\"600\" \/>\n\t<meta property=\"og:image:type\" content=\"image\/jpeg\" \/>\n<meta name=\"twitter:card\" content=\"summary_large_image\" \/>\n<meta name=\"twitter:label1\" content=\"Arvioitu lukuaika\" \/>\n\t<meta name=\"twitter:data1\" content=\"3 minuuttia\" \/>\n<script type=\"application\/ld+json\" class=\"yoast-schema-graph\">{\"@context\":\"https:\/\/schema.org\",\"@graph\":[{\"@type\":\"WebPage\",\"@id\":\"https:\/\/www.hnhlcranes.com\/product\/hdgy-rail-clip\/\",\"url\":\"https:\/\/www.hnhlcranes.com\/product\/hdgy-rail-clip\/\",\"name\":\"HDGY Rail Clip - Crane Rail fixing device-crane Rail Clamp- Crane Parts Manufacturer\",\"isPartOf\":{\"@id\":\"https:\/\/www.hnhlcranes.com\/#website\"},\"primaryImageOfPage\":{\"@id\":\"https:\/\/www.hnhlcranes.com\/product\/hdgy-rail-clip\/#primaryimage\"},\"image\":{\"@id\":\"https:\/\/www.hnhlcranes.com\/product\/hdgy-rail-clip\/#primaryimage\"},\"thumbnailUrl\":\"https:\/\/www.hnhlcranes.com\/wp-content\/uploads\/2024\/11\/HDGY-Rail-Clip.jpg\",\"datePublished\":\"2024-11-29T14:40:44+00:00\",\"dateModified\":\"2025-01-10T10:14:36+00:00\",\"description\":\"Rail Clips,HDGY Rail Clip,Crane Rail Clips,Rail fixing device,Crane Rail fixing device,crane Rail Clamp,WJK Rail Clips,Overhead Crane Rail Clip\",\"breadcrumb\":{\"@id\":\"https:\/\/www.hnhlcranes.com\/product\/hdgy-rail-clip\/#breadcrumb\"},\"inLanguage\":\"fi\",\"potentialAction\":[{\"@type\":\"ReadAction\",\"target\":[\"https:\/\/www.hnhlcranes.com\/product\/hdgy-rail-clip\/\"]}]},{\"@type\":\"ImageObject\",\"inLanguage\":\"fi\",\"@id\":\"https:\/\/www.hnhlcranes.com\/product\/hdgy-rail-clip\/#primaryimage\",\"url\":\"https:\/\/www.hnhlcranes.com\/wp-content\/uploads\/2024\/11\/HDGY-Rail-Clip.jpg\",\"contentUrl\":\"https:\/\/www.hnhlcranes.com\/wp-content\/uploads\/2024\/11\/HDGY-Rail-Clip.jpg\",\"width\":600,\"height\":600},{\"@type\":\"BreadcrumbList\",\"@id\":\"https:\/\/www.hnhlcranes.com\/product\/hdgy-rail-clip\/#breadcrumb\",\"itemListElement\":[{\"@type\":\"ListItem\",\"position\":1,\"name\":\"home\",\"item\":\"https:\/\/www.hnhlcranes.com\/\"},{\"@type\":\"ListItem\",\"position\":2,\"name\":\"products\",\"item\":\"https:\/\/www.hnhlcranes.com\/products\/\"},{\"@type\":\"ListItem\",\"position\":3,\"name\":\"HDGY Rail Clip\"}]},{\"@type\":\"WebSite\",\"@id\":\"https:\/\/www.hnhlcranes.com\/#website\",\"url\":\"https:\/\/www.hnhlcranes.com\/\",\"name\":\"Crane Parts Manufacturer\",\"description\":\"Crane Wheels,Crane Drums,Crane Hooks,Crane Coupling,Crane End Carriage,Electric Hoist,European Crane Parts,Crane Rail Clip,Crane Spreader,Crane Motor,Crane Reducer,Crane Brake,Light Crane Parts,Workstation Crane Parts,Crane Electrical Parts,China Crane Parts Supplier,China Crane Parts Manufacturer,Angle box type crane wheel,45 degree split crane wheel,European crane wheel,Crane Wheel Blocks,Overhead crane drum,European crane drum,Overhead crane hook,European crane hook,Crane pulley block,Gear coupling,Brake wheel coupling,Drum gear coupling,Brake wheel drum gear coupling,Cardan Shaft Coupling,WZL drum coupling,Plum blossom elastic coupling,Brake wheel plum elastic coupling,European Single girder crane end carriage,European Double girder crane end carriage,European Suspension  crane end carriage,Wire Rope Electric Hoist,Electric Chain Hoist,European Single Girder Wire Rope Electric Hoist,European Double Girder Wire Rope Electric Hoist,Crane grab,Container spreader,Billet crane clamps,C-type hook,Lifting Electromagnet,YZR crane motor,YZP crane motor,ZQ Reducer,ZSC Reducer,QJ Reducer,QJ-L Reducer,QJY Reducer,H series gearbox,F Series Gear Motor,K Series Gear Motor,R Series Gear Motor,travelling machinery gear motor,Electro hydraulic drum brake,Electro hydraulic disc brake,Crane Safety brake,Crane cable trolley,Crane remote controller,Crane pendant controller,Crane electrical control cabinet,Crane limit switch,Crane sound and light alarm,Heavy Duty Aviation Connector,Crane overload limiter\",\"publisher\":{\"@id\":\"https:\/\/www.hnhlcranes.com\/#organization\"},\"potentialAction\":[{\"@type\":\"SearchAction\",\"target\":{\"@type\":\"EntryPoint\",\"urlTemplate\":\"https:\/\/www.hnhlcranes.com\/?s={search_term_string}\"},\"query-input\":{\"@type\":\"PropertyValueSpecification\",\"valueRequired\":true,\"valueName\":\"search_term_string\"}}],\"inLanguage\":\"fi\"},{\"@type\":\"Organization\",\"@id\":\"https:\/\/www.hnhlcranes.com\/#organization\",\"name\":\"Crane Parts Manufacturer\",\"url\":\"https:\/\/www.hnhlcranes.com\/\",\"logo\":{\"@type\":\"ImageObject\",\"inLanguage\":\"fi\",\"@id\":\"https:\/\/www.hnhlcranes.com\/#\/schema\/logo\/image\/\",\"url\":\"https:\/\/www.hnhlcranes.com\/wp-content\/uploads\/2025\/01\/HL-logo-1.png\",\"contentUrl\":\"https:\/\/www.hnhlcranes.com\/wp-content\/uploads\/2025\/01\/HL-logo-1.png\",\"width\":600,\"height\":169,\"caption\":\"Crane Parts Manufacturer\"},\"image\":{\"@id\":\"https:\/\/www.hnhlcranes.com\/#\/schema\/logo\/image\/\"}}]}<\/script>\n<!-- \/ Yoast SEO plugin. -->","yoast_head_json":{"title":"HDGY Rail Clip - Crane Rail fixing device-crane Rail Clamp- Crane Parts Manufacturer","description":"Rail Clips,HDGY Rail Clip,Crane Rail Clips,Rail fixing device,Crane Rail fixing device,crane Rail Clamp,WJK Rail Clips,Overhead Crane Rail Clip","robots":{"index":"index","follow":"follow","max-snippet":"max-snippet:-1","max-image-preview":"max-image-preview:large","max-video-preview":"max-video-preview:-1"},"canonical":"https:\/\/www.hnhlcranes.com\/fi\/tuote\/hdgy-kiskon-pidike\/","og_locale":"fi_FI","og_type":"article","og_title":"HDGY Rail Clip - Crane Rail fixing device-crane Rail Clamp- Crane Parts Manufacturer","og_description":"Rail Clips,HDGY Rail Clip,Crane Rail Clips,Rail fixing device,Crane Rail fixing device,crane Rail Clamp,WJK Rail Clips,Overhead Crane Rail Clip","og_url":"https:\/\/www.hnhlcranes.com\/fi\/tuote\/hdgy-kiskon-pidike\/","og_site_name":"Crane Parts Manufacturer","article_modified_time":"2025-01-10T10:14:36+00:00","og_image":[{"width":600,"height":600,"url":"https:\/\/www.hnhlcranes.com\/wp-content\/uploads\/2024\/11\/HDGY-Rail-Clip.jpg","type":"image\/jpeg"}],"twitter_card":"summary_large_image","twitter_misc":{"Arvioitu lukuaika":"3 minuuttia"},"schema":{"@context":"https:\/\/schema.org","@graph":[{"@type":"WebPage","@id":"https:\/\/www.hnhlcranes.com\/product\/hdgy-rail-clip\/","url":"https:\/\/www.hnhlcranes.com\/product\/hdgy-rail-clip\/","name":"HDGY Rail Clip - Crane Rail fixing device-crane Rail Clamp- Crane Parts Manufacturer","isPartOf":{"@id":"https:\/\/www.hnhlcranes.com\/#website"},"primaryImageOfPage":{"@id":"https:\/\/www.hnhlcranes.com\/product\/hdgy-rail-clip\/#primaryimage"},"image":{"@id":"https:\/\/www.hnhlcranes.com\/product\/hdgy-rail-clip\/#primaryimage"},"thumbnailUrl":"https:\/\/www.hnhlcranes.com\/wp-content\/uploads\/2024\/11\/HDGY-Rail-Clip.jpg","datePublished":"2024-11-29T14:40:44+00:00","dateModified":"2025-01-10T10:14:36+00:00","description":"Rail Clips,HDGY Rail Clip,Crane Rail Clips,Rail fixing device,Crane Rail fixing device,crane Rail Clamp,WJK Rail Clips,Overhead Crane Rail Clip","breadcrumb":{"@id":"https:\/\/www.hnhlcranes.com\/product\/hdgy-rail-clip\/#breadcrumb"},"inLanguage":"fi","potentialAction":[{"@type":"ReadAction","target":["https:\/\/www.hnhlcranes.com\/product\/hdgy-rail-clip\/"]}]},{"@type":"ImageObject","inLanguage":"fi","@id":"https:\/\/www.hnhlcranes.com\/product\/hdgy-rail-clip\/#primaryimage","url":"https:\/\/www.hnhlcranes.com\/wp-content\/uploads\/2024\/11\/HDGY-Rail-Clip.jpg","contentUrl":"https:\/\/www.hnhlcranes.com\/wp-content\/uploads\/2024\/11\/HDGY-Rail-Clip.jpg","width":600,"height":600},{"@type":"BreadcrumbList","@id":"https:\/\/www.hnhlcranes.com\/product\/hdgy-rail-clip\/#breadcrumb","itemListElement":[{"@type":"ListItem","position":1,"name":"home","item":"https:\/\/www.hnhlcranes.com\/"},{"@type":"ListItem","position":2,"name":"products","item":"https:\/\/www.hnhlcranes.com\/products\/"},{"@type":"ListItem","position":3,"name":"HDGY Rail Clip"}]},{"@type":"WebSite","@id":"https:\/\/www.hnhlcranes.com\/#website","url":"https:\/\/www.hnhlcranes.com\/","name":"Crane Parts Manufacturer","description":"Crane Wheels,Crane Drums,Crane Hooks,Crane Coupling,Crane End Carriage,Electric Hoist,European Crane Parts,Crane Rail Clip,Crane Spreader,Crane Motor,Crane Reducer,Crane Brake,Light Crane Parts,Workstation Crane Parts,Crane Electrical Parts,China Crane Parts Supplier,China Crane Parts Manufacturer,Angle box type crane wheel,45 degree split crane wheel,European crane wheel,Crane Wheel Blocks,Overhead crane drum,European crane drum,Overhead crane hook,European crane hook,Crane pulley block,Gear coupling,Brake wheel coupling,Drum gear coupling,Brake wheel drum gear coupling,Cardan Shaft Coupling,WZL drum coupling,Plum blossom elastic coupling,Brake wheel plum elastic coupling,European Single girder crane end carriage,European Double girder crane end carriage,European Suspension  crane end carriage,Wire Rope Electric Hoist,Electric Chain Hoist,European Single Girder Wire Rope Electric Hoist,European Double Girder Wire Rope Electric Hoist,Crane grab,Container spreader,Billet crane clamps,C-type hook,Lifting Electromagnet,YZR crane motor,YZP crane motor,ZQ Reducer,ZSC Reducer,QJ Reducer,QJ-L Reducer,QJY Reducer,H series gearbox,F Series Gear Motor,K Series Gear Motor,R Series Gear Motor,travelling machinery gear motor,Electro hydraulic drum brake,Electro hydraulic disc brake,Crane Safety brake,Crane cable trolley,Crane remote controller,Crane pendant controller,Crane electrical control cabinet,Crane limit switch,Crane sound and light alarm,Heavy Duty Aviation Connector,Crane overload limiter","publisher":{"@id":"https:\/\/www.hnhlcranes.com\/#organization"},"potentialAction":[{"@type":"SearchAction","target":{"@type":"EntryPoint","urlTemplate":"https:\/\/www.hnhlcranes.com\/?s={search_term_string}"},"query-input":{"@type":"PropertyValueSpecification","valueRequired":true,"valueName":"search_term_string"}}],"inLanguage":"fi"},{"@type":"Organization","@id":"https:\/\/www.hnhlcranes.com\/#organization","name":"Crane Parts Manufacturer","url":"https:\/\/www.hnhlcranes.com\/","logo":{"@type":"ImageObject","inLanguage":"fi","@id":"https:\/\/www.hnhlcranes.com\/#\/schema\/logo\/image\/","url":"https:\/\/www.hnhlcranes.com\/wp-content\/uploads\/2025\/01\/HL-logo-1.png","contentUrl":"https:\/\/www.hnhlcranes.com\/wp-content\/uploads\/2025\/01\/HL-logo-1.png","width":600,"height":169,"caption":"Crane Parts Manufacturer"},"image":{"@id":"https:\/\/www.hnhlcranes.com\/#\/schema\/logo\/image\/"}}]}},"_links":{"self":[{"href":"https:\/\/www.hnhlcranes.com\/fi\/wp-json\/wp\/v2\/product\/5544","targetHints":{"allow":["GET"]}}],"collection":[{"href":"https:\/\/www.hnhlcranes.com\/fi\/wp-json\/wp\/v2\/product"}],"about":[{"href":"https:\/\/www.hnhlcranes.com\/fi\/wp-json\/wp\/v2\/types\/product"}],"version-history":[{"count":3,"href":"https:\/\/www.hnhlcranes.com\/fi\/wp-json\/wp\/v2\/product\/5544\/revisions"}],"predecessor-version":[{"id":7196,"href":"https:\/\/www.hnhlcranes.com\/fi\/wp-json\/wp\/v2\/product\/5544\/revisions\/7196"}],"wp:featuredmedia":[{"embeddable":true,"href":"https:\/\/www.hnhlcranes.com\/fi\/wp-json\/wp\/v2\/media\/7117"}],"wp:attachment":[{"href":"https:\/\/www.hnhlcranes.com\/fi\/wp-json\/wp\/v2\/media?parent=5544"}],"wp:term":[{"taxonomy":"product_brand","embeddable":true,"href":"https:\/\/www.hnhlcranes.com\/fi\/wp-json\/wp\/v2\/product_brand?post=5544"},{"taxonomy":"product_cat","embeddable":true,"href":"https:\/\/www.hnhlcranes.com\/fi\/wp-json\/wp\/v2\/product_cat?post=5544"},{"taxonomy":"product_tag","embeddable":true,"href":"https:\/\/www.hnhlcranes.com\/fi\/wp-json\/wp\/v2\/product_tag?post=5544"}],"curies":[{"name":"wp","href":"https:\/\/api.w.org\/{rel}","templated":true}]}}