{"id":5590,"date":"2024-12-02T21:15:24","date_gmt":"2024-12-02T13:15:24","guid":{"rendered":"https:\/\/www.hnhlcranes.com\/?post_type=product&#038;p=5590"},"modified":"2025-01-17T02:27:00","modified_gmt":"2025-01-16T18:27:00","slug":"eurooppalainen-yksipalkkinen-vaijerikoysi-sahkoinen-nostin","status":"publish","type":"product","link":"https:\/\/www.hnhlcranes.com\/fi\/tuote\/eurooppalainen-yksipalkkinen-vaijerikoysi-sahkoinen-nostin\/","title":{"rendered":"Eurooppalainen yksipalkkinen vaijerik\u00f6ysi s\u00e4hk\u00f6inen nostin"},"content":{"rendered":"<div class=\"flex max-w-full flex-col flex-grow\">\n<div class=\"min-h-8 text-message flex w-full flex-col items-end gap-2 whitespace-normal break-words [.text-message+&amp;]:mt-5\" dir=\"auto\" data-message-author-role=\"assistant\" data-message-id=\"ea78a6a9-c395-4bcc-8ce3-affe95563cd7\" data-message-model-slug=\"gpt-4o\">\n<div class=\"flex w-full flex-col gap-1 empty:hidden first:pt-[3px]\">\n<div class=\"markdown prose w-full break-words dark:prose-invert light\">\n<div class=\"flex-shrink-0 flex flex-col relative items-end\">\n<div class=\"pt-0\">\n<div class=\"gizmo-bot-avatar flex h-8 w-8 items-center justify-center overflow-hidden rounded-full\">\n<p>The <strong>Eurooppalainen yksipalkkinen vaijerik\u00f6ysi s\u00e4hk\u00f6inen nostin<\/strong> on edistyksellinen nostolaite, jossa k\u00e4ytet\u00e4\u00e4n yhden palkin rakennetta ja vaijeria ensisijaisena nostov\u00e4lineen\u00e4. Sit\u00e4 k\u00e4ytet\u00e4\u00e4n laajalti teollisuusymp\u00e4rist\u00f6iss\u00e4, jotka edellytt\u00e4v\u00e4t tehokasta ja turvallista nostamista. T\u00e4m\u00e4ntyyppist\u00e4 s\u00e4hk\u00f6k\u00e4ytt\u00f6ist\u00e4 nostinta k\u00e4ytet\u00e4\u00e4n yleisesti tehtaissa, varastoissa, logistiikkakeskuksissa ja muissa paikoissa, erityisesti ymp\u00e4rist\u00f6iss\u00e4, jotka edellytt\u00e4v\u00e4t suuria nostokorkeuksia ja raskaiden kuormien k\u00e4sittely\u00e4.<\/p>\n<h3>T\u00e4rkeimm\u00e4t ominaisuudet:<\/h3>\n<ol>\n<li><strong>Yhden palkin rakenne<\/strong>: Perinteisiin kaksoispalkkimalleihin verrattuna yksipalkkinen rakenne on kompaktimpi ja yksinkertaisempi, ja se tarjoaa tehokkaat nosto-ominaisuudet ja vie v\u00e4hemm\u00e4n tilaa.<\/li>\n<li><strong>Vaijerik\u00f6ysi Drive<\/strong>: T\u00e4m\u00e4 nostin k\u00e4ytt\u00e4\u00e4 nostov\u00e4lineen\u00e4 vaijeria, mink\u00e4 vuoksi se soveltuu paremmin suurempien kuormien nostamiseen ja ty\u00f6skentelyyn pidemmill\u00e4 et\u00e4isyyksill\u00e4 kuin ketjunostimet.<\/li>\n<li><strong>Korkea kantavuus<\/strong>: Eurooppalaisilla yksitahoisilla vaijeris\u00e4hk\u00f6hisseill\u00e4 on tyypillisesti suuri nostokapasiteetti, joka vaihtelee sadoista kilogrammoista useisiin tonneihin, joten niill\u00e4 voidaan k\u00e4sitell\u00e4 raskaita kuormia.<\/li>\n<li><strong>Tehokas s\u00e4hk\u00f6moottori<\/strong>: Korkean hy\u00f6tysuhteen moottorilla varustetut nostimet voivat toimia yht\u00e4jaksoisesti pitki\u00e4 aikoja, mik\u00e4 parantaa ty\u00f6n tuottavuutta.<\/li>\n<li><strong>Kompakti muotoilu<\/strong>: Nostimen kompakti rakenne s\u00e4\u00e4st\u00e4\u00e4 tilaa, joten se sopii erinomaisesti k\u00e4ytett\u00e4v\u00e4ksi ymp\u00e4rist\u00f6iss\u00e4, joissa on rajoitettu ty\u00f6tila.<\/li>\n<li><strong>Sujuva nosto ja lasku<\/strong>: Nostin toimii tasaisesti sek\u00e4 nostamisen ett\u00e4 laskemisen aikana, mik\u00e4 v\u00e4hent\u00e4\u00e4 kuormaan ja laitteisiin kohdistuvia vaikutuksia ja pident\u00e4\u00e4 nostimen k\u00e4ytt\u00f6ik\u00e4\u00e4.<\/li>\n<li><strong>Turvallisuusominaisuudet<\/strong>: Tyypillisesti ne on varustettu ylikuormitussuojilla, rajakytkimill\u00e4 ja jarruj\u00e4rjestelmill\u00e4, jotka takaavat turvallisuuden k\u00e4yt\u00f6n aikana.<\/li>\n<\/ol>\n<h3>Rakenteelliset osat:<\/h3>\n<ol>\n<li><strong>S\u00e4hk\u00f6moottori<\/strong>: Antaa virtaa nostimen nostomekanismin k\u00e4ytt\u00e4miseen, mik\u00e4 takaa vakaan ja tehokkaan toiminnan.<\/li>\n<li><strong>V\u00e4hennyslaite<\/strong>: Alennin muuntaa moottorin nopean py\u00f6rimisnopeuden nostoon sopivaksi pienemm\u00e4ll\u00e4 nopeudella tapahtuvaksi py\u00f6rimiseksi, mik\u00e4 lis\u00e4\u00e4 v\u00e4\u00e4nt\u00f6momenttia.<\/li>\n<li><strong>Vaijeri<\/strong>: Nostov\u00e4lineen\u00e4 vaijerilla on suuri vetolujuus ja kantavuus, joten se soveltuu raskaiden esineiden nostamiseen.<\/li>\n<li><strong>Ohjausj\u00e4rjestelm\u00e4<\/strong>: K\u00e4ytt\u00e4j\u00e4t ohjaavat nostinta ohjauskotelon tai langattoman kaukos\u00e4\u00e4timen avulla, mik\u00e4 tekee nostoprosessista k\u00e4tev\u00e4n ja helpon.<\/li>\n<li><strong>Turvalaitteet<\/strong>: Ylikuormitussuojan, rajakytkimien ja jarruj\u00e4rjestelmien kaltaiset ominaisuudet varmistavat, ett\u00e4 nostin toimii turvallisesti ja luotettavasti.<\/li>\n<\/ol>\n<h3>Edut:<\/h3>\n<ul>\n<li><strong>Parempi ty\u00f6tehokkuus<\/strong>: Korkean hy\u00f6tysuhteen moottori ja tasainen toiminta parantavat huomattavasti ty\u00f6tehoa nopeuttamalla ja turvallisemmalla nostolla.<\/li>\n<li><strong>Turvallisuus ja luotettavuus<\/strong>: Useat turvatoiminnot varmistavat, ett\u00e4 nostin pysyy vakaana ja turvallisena my\u00f6s raskaiden teht\u00e4vien aikana, mik\u00e4 ehk\u00e4isee mahdollisia riskej\u00e4.<\/li>\n<li><strong>Monipuolisuus<\/strong>: Nostin soveltuu monenlaisiin suuren kuorman ja korkean taajuuden nostoteht\u00e4viin, erityisesti ahtaissa tiloissa, joihin muut j\u00e4rjestelm\u00e4t eiv\u00e4t ehk\u00e4 sovi.<\/li>\n<li><strong>Kest\u00e4vyys<\/strong>: Vaijeri ja korkealaatuinen moottori antavat nostimelle pidemm\u00e4n k\u00e4ytt\u00f6i\u00e4n, mik\u00e4 v\u00e4hent\u00e4\u00e4 huoltokustannuksia ja seisokkiaikoja.<\/li>\n<\/ul>\n<h3>Johtop\u00e4\u00e4t\u00f6kset:<\/h3>\n<p>The <strong>Eurooppalainen yksipalkkinen vaijerik\u00f6ysi s\u00e4hk\u00f6inen nostin<\/strong> on tehokas, turvallinen ja kest\u00e4v\u00e4 nostolaite, jota k\u00e4ytet\u00e4\u00e4n kompaktin rakenteensa ja voimakkaan kantavuutensa ansiosta laajalti eri teollisuus- ja rakennusaloilla. Se tarjoaa sujuvia nostotoimintoja ja toimii erinomaisesti erilaisissa ymp\u00e4rist\u00f6iss\u00e4. T\u00e4st\u00e4 nostimesta on tullut v\u00e4ltt\u00e4m\u00e4t\u00f6n laite nykyaikaisissa tehtaissa ja rakennushankkeissa.<\/p>\n<div class=\"relative p-1 rounded-sm flex items-center justify-center bg-token-main-surface-primary text-token-text-primary h-8 w-8\">\n<p><img fetchpriority=\"high\" decoding=\"async\" class=\"alignnone wp-image-7046\" src=\"https:\/\/www.hnhlcranes.com\/wp-content\/uploads\/2024\/12\/European-Single-Girder-Wire-Rope-Electric-Hoist-K2-246x300.jpg\" alt=\"\" width=\"952\" height=\"1161\" srcset=\"https:\/\/www.hnhlcranes.com\/wp-content\/uploads\/2024\/12\/European-Single-Girder-Wire-Rope-Electric-Hoist-K2-246x300.jpg 246w, https:\/\/www.hnhlcranes.com\/wp-content\/uploads\/2024\/12\/European-Single-Girder-Wire-Rope-Electric-Hoist-K2-839x1024.jpg 839w, https:\/\/www.hnhlcranes.com\/wp-content\/uploads\/2024\/12\/European-Single-Girder-Wire-Rope-Electric-Hoist-K2-768x938.jpg 768w, https:\/\/www.hnhlcranes.com\/wp-content\/uploads\/2024\/12\/European-Single-Girder-Wire-Rope-Electric-Hoist-K2-600x733.jpg 600w, https:\/\/www.hnhlcranes.com\/wp-content\/uploads\/2024\/12\/European-Single-Girder-Wire-Rope-Electric-Hoist-K2.jpg 1000w\" sizes=\"(max-width: 952px) 100vw, 952px\" \/> <img decoding=\"async\" class=\"alignnone wp-image-7047\" src=\"https:\/\/www.hnhlcranes.com\/wp-content\/uploads\/2024\/12\/European-Single-Girder-Wire-Rope-Electric-Hoist-K3-250x300.jpg\" alt=\"\" width=\"951\" height=\"1141\" srcset=\"https:\/\/www.hnhlcranes.com\/wp-content\/uploads\/2024\/12\/European-Single-Girder-Wire-Rope-Electric-Hoist-K3-250x300.jpg 250w, https:\/\/www.hnhlcranes.com\/wp-content\/uploads\/2024\/12\/European-Single-Girder-Wire-Rope-Electric-Hoist-K3-600x721.jpg 600w\" sizes=\"(max-width: 951px) 100vw, 951px\" \/><\/p>\n<p><img decoding=\"async\" class=\"alignnone wp-image-7048\" src=\"https:\/\/www.hnhlcranes.com\/wp-content\/uploads\/2024\/12\/European-Single-Girder-Wire-Rope-Electric-Hoist-K4-246x300.jpg\" alt=\"\" width=\"950\" height=\"1159\" srcset=\"https:\/\/www.hnhlcranes.com\/wp-content\/uploads\/2024\/12\/European-Single-Girder-Wire-Rope-Electric-Hoist-K4-246x300.jpg 246w, https:\/\/www.hnhlcranes.com\/wp-content\/uploads\/2024\/12\/European-Single-Girder-Wire-Rope-Electric-Hoist-K4-600x731.jpg 600w\" sizes=\"(max-width: 950px) 100vw, 950px\" \/><\/p>\n<\/div>\n<\/div>\n<\/div>\n<\/div>\n<\/div>\n<\/div>\n<\/div>\n<\/div>","protected":false},"excerpt":{"rendered":"<h6><strong><span style=\"font-family: arial, helvetica, sans-serif; font-size: 14pt;\">Euroopan yhden palkin vaijerik\u00f6yden s\u00e4hk\u00f6inen nostin tekniset tiedot<\/span><\/strong><\/h6>\n<ul>\n<li><strong>Kapasiteettivaihtoehdot<\/strong>: 2t, 3.2t, 5t, 6.3t, 8t, 10t, 12.5t.<\/li>\n<li><strong>Tullin luokitus<\/strong>: M3, M4, M5, M6<\/li>\n<li><strong>Nostokorkeusalue<\/strong>: 6m, 9m, 12m, 15m, 18m.<\/li>\n<\/ul>","protected":false},"featured_media":7049,"template":"","meta":{"_kad_post_transparent":"default","_kad_post_title":"","_kad_post_layout":"default","_kad_post_sidebar_id":"","_kad_post_content_style":"default","_kad_post_vertical_padding":"show","_kad_post_feature":"","_kad_post_feature_position":"","_kad_post_header":false,"_kad_post_footer":false},"product_brand":[],"product_cat":[60,61],"product_tag":[457,462,376,460,474,464,463,461,472,476,470,469,475,466,471,465,467,468,459,473,458],"class_list":{"0":"post-5590","1":"product","2":"type-product","3":"status-publish","4":"has-post-thumbnail","6":"product_cat-electric-hoist","7":"product_cat-european-crane-parts","8":"product_tag-cd-md-wire-rope-electric-hoist","9":"product_tag-chain-hoist","10":"product_tag-china-crane-parts-supplier","11":"product_tag-double-girder-wire-rope-electric-hoist","12":"product_tag-electric-chain-hoist","13":"product_tag-electric-chain-hoist-china-distributor","14":"product_tag-electric-chain-hoist-manufacturer","15":"product_tag-electric-hoist","16":"product_tag-european-double-beam-wire-rope-electric-hoist","17":"product_tag-european-double-girder-wire-rope-electric-hoist","18":"product_tag-european-electric-hoist","19":"product_tag-european-hoist","20":"product_tag-european-single-girder-wire-rope-electric-hoist","21":"product_tag-european-wire-rope-electric-hoist","22":"product_tag-fem-double-girder-wire-rope-electric-hoist","23":"product_tag-fem-single-girder-wire-rope-electric-hoist","24":"product_tag-low-headroom-electric-hoist","25":"product_tag-single-beam-electric-hoist","26":"product_tag-single-girder-wire-rope-electric-hoist","27":"product_tag-wire-rope-electric-hoist","28":"product_tag-wire-rope-electric-hoist-china-manufacturer","30":"first","31":"instock","32":"featured","33":"shipping-taxable","34":"product-type-simple","35":"entry","36":"content-bg","37":"loop-entry"},"yoast_head":"<!-- This site is optimized with the Yoast SEO plugin v24.5 - https:\/\/yoast.com\/wordpress\/plugins\/seo\/ -->\n<title>European Single Girder Wire Rope Electric Hoist - Electric Hoist-Crane Parts Manufacturer<\/title>\n<meta name=\"description\" content=\"European wire rope electric hoist,Low headroom electric hoist,Single beam electric hoist,FEM Single Girder Wire Rope Electric Hoist,Electric Hoist\" \/>\n<meta name=\"robots\" content=\"index, follow, max-snippet:-1, max-image-preview:large, max-video-preview:-1\" \/>\n<link rel=\"canonical\" href=\"https:\/\/www.hnhlcranes.com\/fi\/tuote\/eurooppalainen-yksipalkkinen-vaijerikoysi-sahkoinen-nostin\/\" \/>\n<meta property=\"og:locale\" content=\"fi_FI\" \/>\n<meta property=\"og:type\" content=\"article\" \/>\n<meta property=\"og:title\" content=\"European Single Girder Wire Rope Electric Hoist - Electric Hoist-Crane Parts Manufacturer\" \/>\n<meta property=\"og:description\" content=\"European wire rope electric hoist,Low headroom electric hoist,Single beam electric hoist,FEM Single Girder Wire Rope Electric Hoist,Electric Hoist\" \/>\n<meta property=\"og:url\" content=\"https:\/\/www.hnhlcranes.com\/fi\/tuote\/eurooppalainen-yksipalkkinen-vaijerikoysi-sahkoinen-nostin\/\" \/>\n<meta property=\"og:site_name\" content=\"Crane Parts Manufacturer\" \/>\n<meta property=\"article:modified_time\" content=\"2025-01-16T18:27:00+00:00\" \/>\n<meta property=\"og:image\" content=\"https:\/\/www.hnhlcranes.com\/wp-content\/uploads\/2024\/12\/European-Single-Girder-Wire-Rope-Electric-Hoist.jpg\" \/>\n\t<meta property=\"og:image:width\" content=\"600\" \/>\n\t<meta property=\"og:image:height\" content=\"600\" \/>\n\t<meta property=\"og:image:type\" content=\"image\/jpeg\" \/>\n<meta name=\"twitter:card\" content=\"summary_large_image\" \/>\n<meta name=\"twitter:label1\" content=\"Arvioitu lukuaika\" \/>\n\t<meta name=\"twitter:data1\" content=\"3 minuuttia\" \/>\n<script type=\"application\/ld+json\" class=\"yoast-schema-graph\">{\"@context\":\"https:\/\/schema.org\",\"@graph\":[{\"@type\":\"WebPage\",\"@id\":\"https:\/\/www.hnhlcranes.com\/product\/european-single-girder-wire-rope-electric-hoist\/\",\"url\":\"https:\/\/www.hnhlcranes.com\/product\/european-single-girder-wire-rope-electric-hoist\/\",\"name\":\"European Single Girder Wire Rope Electric Hoist - Electric Hoist-Crane Parts Manufacturer\",\"isPartOf\":{\"@id\":\"https:\/\/www.hnhlcranes.com\/#website\"},\"primaryImageOfPage\":{\"@id\":\"https:\/\/www.hnhlcranes.com\/product\/european-single-girder-wire-rope-electric-hoist\/#primaryimage\"},\"image\":{\"@id\":\"https:\/\/www.hnhlcranes.com\/product\/european-single-girder-wire-rope-electric-hoist\/#primaryimage\"},\"thumbnailUrl\":\"https:\/\/www.hnhlcranes.com\/wp-content\/uploads\/2024\/12\/European-Single-Girder-Wire-Rope-Electric-Hoist.jpg\",\"datePublished\":\"2024-12-02T13:15:24+00:00\",\"dateModified\":\"2025-01-16T18:27:00+00:00\",\"description\":\"European wire rope electric hoist,Low headroom electric hoist,Single beam electric hoist,FEM Single Girder Wire Rope Electric Hoist,Electric Hoist\",\"breadcrumb\":{\"@id\":\"https:\/\/www.hnhlcranes.com\/product\/european-single-girder-wire-rope-electric-hoist\/#breadcrumb\"},\"inLanguage\":\"fi\",\"potentialAction\":[{\"@type\":\"ReadAction\",\"target\":[\"https:\/\/www.hnhlcranes.com\/product\/european-single-girder-wire-rope-electric-hoist\/\"]}]},{\"@type\":\"ImageObject\",\"inLanguage\":\"fi\",\"@id\":\"https:\/\/www.hnhlcranes.com\/product\/european-single-girder-wire-rope-electric-hoist\/#primaryimage\",\"url\":\"https:\/\/www.hnhlcranes.com\/wp-content\/uploads\/2024\/12\/European-Single-Girder-Wire-Rope-Electric-Hoist.jpg\",\"contentUrl\":\"https:\/\/www.hnhlcranes.com\/wp-content\/uploads\/2024\/12\/European-Single-Girder-Wire-Rope-Electric-Hoist.jpg\",\"width\":600,\"height\":600},{\"@type\":\"BreadcrumbList\",\"@id\":\"https:\/\/www.hnhlcranes.com\/product\/european-single-girder-wire-rope-electric-hoist\/#breadcrumb\",\"itemListElement\":[{\"@type\":\"ListItem\",\"position\":1,\"name\":\"home\",\"item\":\"https:\/\/www.hnhlcranes.com\/\"},{\"@type\":\"ListItem\",\"position\":2,\"name\":\"products\",\"item\":\"https:\/\/www.hnhlcranes.com\/products\/\"},{\"@type\":\"ListItem\",\"position\":3,\"name\":\"European Single Girder Wire Rope Electric Hoist\"}]},{\"@type\":\"WebSite\",\"@id\":\"https:\/\/www.hnhlcranes.com\/#website\",\"url\":\"https:\/\/www.hnhlcranes.com\/\",\"name\":\"Crane Parts Manufacturer\",\"description\":\"Crane Wheels,Crane Drums,Crane Hooks,Crane Coupling,Crane End Carriage,Electric Hoist,European Crane Parts,Crane Rail Clip,Crane Spreader,Crane Motor,Crane Reducer,Crane Brake,Light Crane Parts,Workstation Crane Parts,Crane Electrical Parts,China Crane Parts Supplier,China Crane Parts Manufacturer,Angle box type crane wheel,45 degree split crane wheel,European crane wheel,Crane Wheel Blocks,Overhead crane drum,European crane drum,Overhead crane hook,European crane hook,Crane pulley block,Gear coupling,Brake wheel coupling,Drum gear coupling,Brake wheel drum gear coupling,Cardan Shaft Coupling,WZL drum coupling,Plum blossom elastic coupling,Brake wheel plum elastic coupling,European Single girder crane end carriage,European Double girder crane end carriage,European Suspension  crane end carriage,Wire Rope Electric Hoist,Electric Chain Hoist,European Single Girder Wire Rope Electric Hoist,European Double Girder Wire Rope Electric Hoist,Crane grab,Container spreader,Billet crane clamps,C-type hook,Lifting Electromagnet,YZR crane motor,YZP crane motor,ZQ Reducer,ZSC Reducer,QJ Reducer,QJ-L Reducer,QJY Reducer,H series gearbox,F Series Gear Motor,K Series Gear Motor,R Series Gear Motor,travelling machinery gear motor,Electro hydraulic drum brake,Electro hydraulic disc brake,Crane Safety brake,Crane cable trolley,Crane remote controller,Crane pendant controller,Crane electrical control cabinet,Crane limit switch,Crane sound and light alarm,Heavy Duty Aviation Connector,Crane overload limiter\",\"publisher\":{\"@id\":\"https:\/\/www.hnhlcranes.com\/#organization\"},\"potentialAction\":[{\"@type\":\"SearchAction\",\"target\":{\"@type\":\"EntryPoint\",\"urlTemplate\":\"https:\/\/www.hnhlcranes.com\/?s={search_term_string}\"},\"query-input\":{\"@type\":\"PropertyValueSpecification\",\"valueRequired\":true,\"valueName\":\"search_term_string\"}}],\"inLanguage\":\"fi\"},{\"@type\":\"Organization\",\"@id\":\"https:\/\/www.hnhlcranes.com\/#organization\",\"name\":\"Crane Parts Manufacturer\",\"url\":\"https:\/\/www.hnhlcranes.com\/\",\"logo\":{\"@type\":\"ImageObject\",\"inLanguage\":\"fi\",\"@id\":\"https:\/\/www.hnhlcranes.com\/#\/schema\/logo\/image\/\",\"url\":\"https:\/\/www.hnhlcranes.com\/wp-content\/uploads\/2025\/01\/HL-logo-1.png\",\"contentUrl\":\"https:\/\/www.hnhlcranes.com\/wp-content\/uploads\/2025\/01\/HL-logo-1.png\",\"width\":600,\"height\":169,\"caption\":\"Crane Parts Manufacturer\"},\"image\":{\"@id\":\"https:\/\/www.hnhlcranes.com\/#\/schema\/logo\/image\/\"}}]}<\/script>\n<!-- \/ Yoast SEO plugin. -->","yoast_head_json":{"title":"European Single Girder Wire Rope Electric Hoist - Electric Hoist-Crane Parts Manufacturer","description":"European wire rope electric hoist,Low headroom electric hoist,Single beam electric hoist,FEM Single Girder Wire Rope Electric Hoist,Electric Hoist","robots":{"index":"index","follow":"follow","max-snippet":"max-snippet:-1","max-image-preview":"max-image-preview:large","max-video-preview":"max-video-preview:-1"},"canonical":"https:\/\/www.hnhlcranes.com\/fi\/tuote\/eurooppalainen-yksipalkkinen-vaijerikoysi-sahkoinen-nostin\/","og_locale":"fi_FI","og_type":"article","og_title":"European Single Girder Wire Rope Electric Hoist - Electric Hoist-Crane Parts Manufacturer","og_description":"European wire rope electric hoist,Low headroom electric hoist,Single beam electric hoist,FEM Single Girder Wire Rope Electric Hoist,Electric Hoist","og_url":"https:\/\/www.hnhlcranes.com\/fi\/tuote\/eurooppalainen-yksipalkkinen-vaijerikoysi-sahkoinen-nostin\/","og_site_name":"Crane Parts Manufacturer","article_modified_time":"2025-01-16T18:27:00+00:00","og_image":[{"width":600,"height":600,"url":"https:\/\/www.hnhlcranes.com\/wp-content\/uploads\/2024\/12\/European-Single-Girder-Wire-Rope-Electric-Hoist.jpg","type":"image\/jpeg"}],"twitter_card":"summary_large_image","twitter_misc":{"Arvioitu lukuaika":"3 minuuttia"},"schema":{"@context":"https:\/\/schema.org","@graph":[{"@type":"WebPage","@id":"https:\/\/www.hnhlcranes.com\/product\/european-single-girder-wire-rope-electric-hoist\/","url":"https:\/\/www.hnhlcranes.com\/product\/european-single-girder-wire-rope-electric-hoist\/","name":"European Single Girder Wire Rope Electric Hoist - Electric Hoist-Crane Parts Manufacturer","isPartOf":{"@id":"https:\/\/www.hnhlcranes.com\/#website"},"primaryImageOfPage":{"@id":"https:\/\/www.hnhlcranes.com\/product\/european-single-girder-wire-rope-electric-hoist\/#primaryimage"},"image":{"@id":"https:\/\/www.hnhlcranes.com\/product\/european-single-girder-wire-rope-electric-hoist\/#primaryimage"},"thumbnailUrl":"https:\/\/www.hnhlcranes.com\/wp-content\/uploads\/2024\/12\/European-Single-Girder-Wire-Rope-Electric-Hoist.jpg","datePublished":"2024-12-02T13:15:24+00:00","dateModified":"2025-01-16T18:27:00+00:00","description":"European wire rope electric hoist,Low headroom electric hoist,Single beam electric hoist,FEM Single Girder Wire Rope Electric Hoist,Electric Hoist","breadcrumb":{"@id":"https:\/\/www.hnhlcranes.com\/product\/european-single-girder-wire-rope-electric-hoist\/#breadcrumb"},"inLanguage":"fi","potentialAction":[{"@type":"ReadAction","target":["https:\/\/www.hnhlcranes.com\/product\/european-single-girder-wire-rope-electric-hoist\/"]}]},{"@type":"ImageObject","inLanguage":"fi","@id":"https:\/\/www.hnhlcranes.com\/product\/european-single-girder-wire-rope-electric-hoist\/#primaryimage","url":"https:\/\/www.hnhlcranes.com\/wp-content\/uploads\/2024\/12\/European-Single-Girder-Wire-Rope-Electric-Hoist.jpg","contentUrl":"https:\/\/www.hnhlcranes.com\/wp-content\/uploads\/2024\/12\/European-Single-Girder-Wire-Rope-Electric-Hoist.jpg","width":600,"height":600},{"@type":"BreadcrumbList","@id":"https:\/\/www.hnhlcranes.com\/product\/european-single-girder-wire-rope-electric-hoist\/#breadcrumb","itemListElement":[{"@type":"ListItem","position":1,"name":"home","item":"https:\/\/www.hnhlcranes.com\/"},{"@type":"ListItem","position":2,"name":"products","item":"https:\/\/www.hnhlcranes.com\/products\/"},{"@type":"ListItem","position":3,"name":"European Single Girder Wire Rope Electric Hoist"}]},{"@type":"WebSite","@id":"https:\/\/www.hnhlcranes.com\/#website","url":"https:\/\/www.hnhlcranes.com\/","name":"Crane Parts Manufacturer","description":"Crane Wheels,Crane Drums,Crane Hooks,Crane Coupling,Crane End Carriage,Electric Hoist,European Crane Parts,Crane Rail Clip,Crane Spreader,Crane Motor,Crane Reducer,Crane Brake,Light Crane Parts,Workstation Crane Parts,Crane Electrical Parts,China Crane Parts Supplier,China Crane Parts Manufacturer,Angle box type crane wheel,45 degree split crane wheel,European crane wheel,Crane Wheel Blocks,Overhead crane drum,European crane drum,Overhead crane hook,European crane hook,Crane pulley block,Gear coupling,Brake wheel coupling,Drum gear coupling,Brake wheel drum gear coupling,Cardan Shaft Coupling,WZL drum coupling,Plum blossom elastic coupling,Brake wheel plum elastic coupling,European Single girder crane end carriage,European Double girder crane end carriage,European Suspension  crane end carriage,Wire Rope Electric Hoist,Electric Chain Hoist,European Single Girder Wire Rope Electric Hoist,European Double Girder Wire Rope Electric Hoist,Crane grab,Container spreader,Billet crane clamps,C-type hook,Lifting Electromagnet,YZR crane motor,YZP crane motor,ZQ Reducer,ZSC Reducer,QJ Reducer,QJ-L Reducer,QJY Reducer,H series gearbox,F Series Gear Motor,K Series Gear Motor,R Series Gear Motor,travelling machinery gear motor,Electro hydraulic drum brake,Electro hydraulic disc brake,Crane Safety brake,Crane cable trolley,Crane remote controller,Crane pendant controller,Crane electrical control cabinet,Crane limit switch,Crane sound and light alarm,Heavy Duty Aviation Connector,Crane overload limiter","publisher":{"@id":"https:\/\/www.hnhlcranes.com\/#organization"},"potentialAction":[{"@type":"SearchAction","target":{"@type":"EntryPoint","urlTemplate":"https:\/\/www.hnhlcranes.com\/?s={search_term_string}"},"query-input":{"@type":"PropertyValueSpecification","valueRequired":true,"valueName":"search_term_string"}}],"inLanguage":"fi"},{"@type":"Organization","@id":"https:\/\/www.hnhlcranes.com\/#organization","name":"Crane Parts Manufacturer","url":"https:\/\/www.hnhlcranes.com\/","logo":{"@type":"ImageObject","inLanguage":"fi","@id":"https:\/\/www.hnhlcranes.com\/#\/schema\/logo\/image\/","url":"https:\/\/www.hnhlcranes.com\/wp-content\/uploads\/2025\/01\/HL-logo-1.png","contentUrl":"https:\/\/www.hnhlcranes.com\/wp-content\/uploads\/2025\/01\/HL-logo-1.png","width":600,"height":169,"caption":"Crane Parts Manufacturer"},"image":{"@id":"https:\/\/www.hnhlcranes.com\/#\/schema\/logo\/image\/"}}]}},"_links":{"self":[{"href":"https:\/\/www.hnhlcranes.com\/fi\/wp-json\/wp\/v2\/product\/5590","targetHints":{"allow":["GET"]}}],"collection":[{"href":"https:\/\/www.hnhlcranes.com\/fi\/wp-json\/wp\/v2\/product"}],"about":[{"href":"https:\/\/www.hnhlcranes.com\/fi\/wp-json\/wp\/v2\/types\/product"}],"version-history":[{"count":3,"href":"https:\/\/www.hnhlcranes.com\/fi\/wp-json\/wp\/v2\/product\/5590\/revisions"}],"predecessor-version":[{"id":7051,"href":"https:\/\/www.hnhlcranes.com\/fi\/wp-json\/wp\/v2\/product\/5590\/revisions\/7051"}],"wp:featuredmedia":[{"embeddable":true,"href":"https:\/\/www.hnhlcranes.com\/fi\/wp-json\/wp\/v2\/media\/7049"}],"wp:attachment":[{"href":"https:\/\/www.hnhlcranes.com\/fi\/wp-json\/wp\/v2\/media?parent=5590"}],"wp:term":[{"taxonomy":"product_brand","embeddable":true,"href":"https:\/\/www.hnhlcranes.com\/fi\/wp-json\/wp\/v2\/product_brand?post=5590"},{"taxonomy":"product_cat","embeddable":true,"href":"https:\/\/www.hnhlcranes.com\/fi\/wp-json\/wp\/v2\/product_cat?post=5590"},{"taxonomy":"product_tag","embeddable":true,"href":"https:\/\/www.hnhlcranes.com\/fi\/wp-json\/wp\/v2\/product_tag?post=5590"}],"curies":[{"name":"wp","href":"https:\/\/api.w.org\/{rel}","templated":true}]}}