{"id":5659,"date":"2024-12-03T17:07:45","date_gmt":"2024-12-03T09:07:45","guid":{"rendered":"https:\/\/www.hnhlcranes.com\/?post_type=product&#038;p=5659"},"modified":"2025-01-08T01:06:53","modified_gmt":"2025-01-07T17:06:53","slug":"eurooppalainen-ripustusnosturin-paatyvaunu","status":"publish","type":"product","link":"https:\/\/www.hnhlcranes.com\/fi\/tuote\/eurooppalainen-ripustusnosturin-paatyvaunu\/","title":{"rendered":"Eurooppalainen nosturin p\u00e4\u00e4tevaunu Jousitusnosturin p\u00e4\u00e4tevaunu"},"content":{"rendered":"<p>The <strong>Eurooppalainen jousitusnosturin p\u00e4\u00e4tevaunu<\/strong> on olennainen osa ripustusnosturij\u00e4rjestelmi\u00e4, jotka on suunniteltu tukemaan nosturin rakennetta ja mahdollistamaan vaakasuuntainen liikkuminen kiskoja pitkin. Se on suunniteltu vastaamaan eurooppalaisia standardeja, ja se on eritt\u00e4in suorituskykyinen, kompakti ja kest\u00e4v\u00e4. T\u00e4m\u00e4ntyyppist\u00e4 p\u00e4\u00e4tyvaunua k\u00e4ytet\u00e4\u00e4n laajalti erilaisissa teollisuussovelluksissa, joissa tilan optimointi, tarkkuus ja sujuva toiminta ovat v\u00e4ltt\u00e4m\u00e4tt\u00f6mi\u00e4. Erityisesti sen jousitusrakenne mahdollistaa suuremman joustavuuden nosturin liikkeiss\u00e4, joten se soveltuu erityisen hyvin tiloiltaan rajallisiin tiloihin.<\/p>\n<h3>T\u00e4rkeimm\u00e4t ominaisuudet:<\/h3>\n<ol>\n<li><strong>Rakennesuunnittelu<\/strong>: Eurooppalaisessa ripustusnosturin p\u00e4\u00e4tyvaunussa on vankka ter\u00e4srunko, joka tarjoaa sek\u00e4 suuren lujuuden ett\u00e4 kevyen profiilin. Sen ripustusrakenne poistaa perinteisten tukijalkojen tarpeen, mik\u00e4 mahdollistaa tehokkaan toiminnan ymp\u00e4rist\u00f6iss\u00e4, joissa on rajoitetusti tilaa. Lis\u00e4ksi kompakti muotoilu minimoi asennustilan ja parantaa yleist\u00e4 toiminnan tehokkuutta.<\/li>\n<li><strong>Drive System<\/strong>: P\u00e4\u00e4tevaunu on varustettu kehittyneell\u00e4 s\u00e4hk\u00f6k\u00e4ytt\u00f6j\u00e4rjestelm\u00e4ll\u00e4, joka toimii tyypillisesti vaihtovirtamoottoreilla. N\u00e4m\u00e4 moottorit tuottavat tasaisen ja vakaan liikenopeuden ja mahdollistavat samalla nosturin liikkeen tarkan hallinnan. Lis\u00e4ksi k\u00e4ytt\u00f6j\u00e4rjestelm\u00e4 takaa tasaisen toiminnan ja minimoi energiankulutuksen, joten se soveltuu erinomaisesti pitk\u00e4aikaiseen k\u00e4ytt\u00f6\u00f6n vaativissa teollisuusymp\u00e4rist\u00f6iss\u00e4.<\/li>\n<li><strong>Jousitusmekanismi<\/strong>: Toisin kuin perinteiset p\u00e4\u00e4tyvaunut, ripustusrakenne mahdollistaa p\u00e4\u00e4tyvaunun ripustamisen nosturin rakenteeseen. T\u00e4m\u00e4 lis\u00e4\u00e4 joustavuutta ja sujuvampaa toimintaa erityisesti ahtaissa tiloissa tai silloin, kun vaaditaan mahdollisimman v\u00e4h\u00e4n kitkaa. Se my\u00f6s mukautuu pystysuuntaisiin virheasentoihin, mik\u00e4 v\u00e4hent\u00e4\u00e4 nosturij\u00e4rjestelm\u00e4\u00e4n kohdistuvaa rasitusta.<\/li>\n<li><strong>Telaketju- ja py\u00f6r\u00e4j\u00e4rjestelm\u00e4<\/strong>: P\u00e4\u00e4tyvaunu sis\u00e4lt\u00e4\u00e4 lujatekoisista materiaaleista valmistetut py\u00f6r\u00e4kerrat, jotka tarjoavat erinomaisen kulutuskest\u00e4vyyden ja kantavuuden. N\u00e4m\u00e4 py\u00f6r\u00e4t on suunniteltu toimimaan sujuvasti vakioiduilla nosturiraiteilla, mik\u00e4 takaa vakaan ja luotettavan liikkeen.<\/li>\n<li><strong>Tarkkuus ja vakaus<\/strong>: Nosturin eurooppalainen jousitettu p\u00e4\u00e4tyvaunu on suunniteltu tarkkaa ja vakaata toimintaa varten. Se minimoi melun ja t\u00e4rin\u00e4n liikkeen aikana, takaa nosturin tasaisen toiminnan my\u00f6s raskaiden kuormien alla ja edist\u00e4\u00e4 tehokasta toimintaa pitkien ajanjaksojen ajan.<\/li>\n<\/ol>\n<h3>Edut:<\/h3>\n<ul>\n<li><strong>Tilatehokkuus<\/strong>: Ripustuksen ansiosta ei tarvita ylim\u00e4\u00e4r\u00e4isi\u00e4 tukijalkoja, mik\u00e4 s\u00e4\u00e4st\u00e4\u00e4 arvokasta tilaa ja tarjoaa enemm\u00e4n joustavuutta sek\u00e4 asennuksessa ett\u00e4 k\u00e4yt\u00f6ss\u00e4. T\u00e4m\u00e4 on erityisen hy\u00f6dyllist\u00e4 tiloissa, joissa lattiapinta-ala on rajallinen.<\/li>\n<li><strong>Sujuva toiminta<\/strong>: Jousitusmekanismi minimoi kitkan, mik\u00e4 mahdollistaa tasaisemman liikkeen, mik\u00e4 v\u00e4hent\u00e4\u00e4 j\u00e4rjestelm\u00e4n kulumista ja parantaa yleist\u00e4 toimintatehokkuutta.<\/li>\n<li><strong>Energiatehokkuus<\/strong>: Edistyksellinen s\u00e4hk\u00f6k\u00e4ytt\u00f6j\u00e4rjestelm\u00e4 takaa optimaalisen energiank\u00e4yt\u00f6n, mik\u00e4 v\u00e4hent\u00e4\u00e4 k\u00e4ytt\u00f6kustannuksia ja s\u00e4ilytt\u00e4\u00e4 samalla korkean suorituskyvyn.<\/li>\n<li><strong>Joustavuus<\/strong>: Jousituksen ansiosta p\u00e4\u00e4tevaunu voi mukautua pystysuuntaisiin vinoutumiin ja ep\u00e4tasaisiin pintoihin, mik\u00e4 lis\u00e4\u00e4 toiminnan joustavuutta ja v\u00e4hent\u00e4\u00e4 nosturij\u00e4rjestelm\u00e4\u00e4n kohdistuvaa rasitusta.<\/li>\n<li><strong>V\u00e4h\u00e4inen melu ja t\u00e4rin\u00e4<\/strong>: P\u00e4\u00e4tyvaunu toimii mahdollisimman v\u00e4h\u00e4ll\u00e4 melulla ja t\u00e4rin\u00e4ll\u00e4, mik\u00e4 edist\u00e4\u00e4 hiljaisempaa ja miellytt\u00e4v\u00e4mp\u00e4\u00e4 ty\u00f6ymp\u00e4rist\u00f6\u00e4.<\/li>\n<\/ul>\n<h3>Johtop\u00e4\u00e4t\u00f6kset:<\/h3>\n<p>Eurooppalainen ripustusnosturin p\u00e4\u00e4tyvaunu on tehokas, kompakti ja eritt\u00e4in joustava komponentti, joka sopii monenlaisiin teollisiin sovelluksiin. Sen ripustusrakenne tarjoaa useita etuja, kuten tilatehokkuuden, tasaisen toiminnan ja korkean tarkkuuden. Vaikka alkuinvestoinnit ja huoltovaatimukset voivat olla perinteisi\u00e4 p\u00e4\u00e4tyk\u00e4rryj\u00e4 korkeammat, pitk\u00e4n aikav\u00e4lin hy\u00f6dyt, kuten energians\u00e4\u00e4st\u00f6t, parempi joustavuus ja pienempi kuluminen, tekev\u00e4t siit\u00e4 eritt\u00e4in sopivan valinnan laitoksiin, joilla on vaativia toiminnallisia tarpeita.<\/p>\n<h3><strong><span style=\"font-family: arial, helvetica, sans-serif; font-size: 18pt;\">1.DU10 3.2t Jousitusnosturin p\u00e4\u00e4tevaunu<\/span><\/strong><\/h3>\n<p><img fetchpriority=\"high\" decoding=\"async\" class=\"alignnone wp-image-7002\" src=\"https:\/\/www.hnhlcranes.com\/wp-content\/uploads\/2024\/12\/European-Suspension-crane-end-carriage-3.2t-300x211.jpg\" alt=\"\" width=\"899\" height=\"632\" srcset=\"https:\/\/www.hnhlcranes.com\/wp-content\/uploads\/2024\/12\/European-Suspension-crane-end-carriage-3.2t-300x211.jpg 300w, https:\/\/www.hnhlcranes.com\/wp-content\/uploads\/2024\/12\/European-Suspension-crane-end-carriage-3.2t-768x540.jpg 768w, https:\/\/www.hnhlcranes.com\/wp-content\/uploads\/2024\/12\/European-Suspension-crane-end-carriage-3.2t-600x422.jpg 600w, https:\/\/www.hnhlcranes.com\/wp-content\/uploads\/2024\/12\/European-Suspension-crane-end-carriage-3.2t.jpg 1000w\" sizes=\"(max-width: 899px) 100vw, 899px\" \/><\/p>\n<p>&nbsp;<\/p>\n<p>\u2460 puskuri<i>\uff1b<\/i>\u2461P\u00e4\u00e4tepalkki<i>\uff1b<\/i>\u2462Py\u00f6r\u00e4t<i>(ajaa)<\/i><i>\uff1b<\/i>\u2463Py\u00f6r\u00e4t<i>(tyhj\u00e4k\u00e4ynti)<\/i><i>\uff1b<\/i>\u2464Py\u00f6r\u00e4t<i>(tyhj\u00e4k\u00e4ynti tai ajo)<\/i><\/p>\n<p>&nbsp;<\/p>\n<h3><strong><span style=\"font-family: arial, helvetica, sans-serif; font-size: 18pt;\">2.DU13 5t Jousitusnosturin p\u00e4\u00e4tevaunu<\/span><\/strong><\/h3>\n<p><img decoding=\"async\" class=\"alignnone wp-image-7003\" src=\"https:\/\/www.hnhlcranes.com\/wp-content\/uploads\/2024\/12\/European-Suspension-crane-end-carriage-5t-300x226.jpg\" alt=\"\" width=\"901\" height=\"679\" srcset=\"https:\/\/www.hnhlcranes.com\/wp-content\/uploads\/2024\/12\/European-Suspension-crane-end-carriage-5t-300x226.jpg 300w, https:\/\/www.hnhlcranes.com\/wp-content\/uploads\/2024\/12\/European-Suspension-crane-end-carriage-5t-768x578.jpg 768w, https:\/\/www.hnhlcranes.com\/wp-content\/uploads\/2024\/12\/European-Suspension-crane-end-carriage-5t-600x451.jpg 600w, https:\/\/www.hnhlcranes.com\/wp-content\/uploads\/2024\/12\/European-Suspension-crane-end-carriage-5t.jpg 1000w\" sizes=\"(max-width: 901px) 100vw, 901px\" \/><\/p>\n<p>&nbsp;<\/p>\n<p>\u2460 puskuri<i>\uff1b<\/i>\u2461P\u00e4\u00e4tepalkki<i>\uff1b<\/i>\u2462Py\u00f6r\u00e4t<i>(ajaa)\uff1b<\/i>\u2463Py\u00f6r\u00e4t<i>(tyhj\u00e4k\u00e4ynti)\uff1b<\/i>\u2464Py\u00f6r\u00e4t<i>(tyhj\u00e4k\u00e4ynti tai ajo)<\/i><\/p>\n<p>&nbsp;<\/p>\n<h3><strong><span style=\"font-family: arial, helvetica, sans-serif; font-size: 18pt;\">3.DU16 10t Jousitusnosturin p\u00e4\u00e4tevaunu<\/span><\/strong><\/h3>\n<p><img decoding=\"async\" class=\"alignnone wp-image-7004\" src=\"https:\/\/www.hnhlcranes.com\/wp-content\/uploads\/2024\/12\/European-Suspension-crane-end-carriage-10t-300x216.jpg\" alt=\"\" width=\"900\" height=\"648\" srcset=\"https:\/\/www.hnhlcranes.com\/wp-content\/uploads\/2024\/12\/European-Suspension-crane-end-carriage-10t-300x216.jpg 300w, https:\/\/www.hnhlcranes.com\/wp-content\/uploads\/2024\/12\/European-Suspension-crane-end-carriage-10t-768x553.jpg 768w, https:\/\/www.hnhlcranes.com\/wp-content\/uploads\/2024\/12\/European-Suspension-crane-end-carriage-10t-600x432.jpg 600w, https:\/\/www.hnhlcranes.com\/wp-content\/uploads\/2024\/12\/European-Suspension-crane-end-carriage-10t.jpg 1000w\" sizes=\"(max-width: 900px) 100vw, 900px\" \/><\/p>\n<p>\u2460 puskuri<i>\uff1b<\/i>\u2461P\u00e4\u00e4tepalkki<i>\uff1b<\/i>\u2462Py\u00f6r\u00e4t<i>(ajaa)\uff1b<\/i>\u2463Py\u00f6r\u00e4t<i>(tyhj\u00e4k\u00e4ynti)\uff1b<\/i>\u2464Py\u00f6r\u00e4t<i>(tyhj\u00e4k\u00e4ynti tai ajo)<\/i><\/p>","protected":false},"excerpt":{"rendered":"<h6><strong><span style=\"font-family: arial, helvetica, sans-serif; font-size: 14pt;\">Eurooppalaisen ripustusnosturin p\u00e4\u00e4tevaunun tekniset tiedot<\/span><\/strong><\/h6>\n<ul>\n<li><strong>Mallit<\/strong>:DU10,DU13,DU16<\/li>\n<li><strong>Py\u00f6r\u00e4n materiaali<\/strong>: 40Cr<\/li>\n<li><strong>Py\u00f6r\u00e4n liit\u00e4nt\u00e4tyypit<\/strong>: vaihde<\/li>\n<li><strong>Vastaava ratamuoto:<\/strong> I-palkki, H-palkki<\/li>\n<\/ul>","protected":false},"featured_media":6999,"template":"","meta":{"_kad_post_transparent":"default","_kad_post_title":"","_kad_post_layout":"default","_kad_post_sidebar_id":"","_kad_post_content_style":"default","_kad_post_vertical_padding":"show","_kad_post_feature":"","_kad_post_feature_position":"","_kad_post_header":false,"_kad_post_footer":false},"product_brand":[],"product_cat":[62,61],"product_tag":[376,443,445,456,442,450,454,453,447,441,451,455,446,440,448,444,452,449],"class_list":{"0":"post-5659","1":"product","2":"type-product","3":"status-publish","4":"has-post-thumbnail","6":"product_cat-crane-end-carriage","7":"product_cat-european-crane-parts","8":"product_tag-china-crane-parts-supplier","9":"product_tag-crane-end-beam","10":"product_tag-crane-end-beam-manufacturer","11":"product_tag-crane-end-carriage","12":"product_tag-end-carriage","13":"product_tag-end-carriages","14":"product_tag-european-double-girder-crane-end-carriage","15":"product_tag-european-single-girder-crane-end-carriage","16":"product_tag-european-style-hoist-double-beam-crane-end-beam","17":"product_tag-european-style-single-beam-crane-end-carriage","18":"product_tag-european-style-suspended-single-beam-crane-end-beam","19":"product_tag-european-suspension-crane-end-carriage","20":"product_tag-fem-double-girder-crane-end-carriages","21":"product_tag-fem-single-girder-crane-end-carriage","22":"product_tag-fem-suspension-crane-end-carriage","23":"product_tag-fen-din-european-style-single-beam-crane-end-carriage","24":"product_tag-fen-din-suspension-crane-end-beam","25":"product_tag-suspension-crane-end-beam","27":"first","28":"instock","29":"shipping-taxable","30":"product-type-simple","31":"entry","32":"content-bg","33":"loop-entry"},"yoast_head":"<!-- This site is optimized with the Yoast SEO plugin v24.5 - https:\/\/yoast.com\/wordpress\/plugins\/seo\/ -->\n<title>European Suspension crane end carriage - Suspension end beamCrane Parts Manufacturer<\/title>\n<meta name=\"description\" content=\"Suspension crane end beam,European style suspended single beam crane end beam,FEN\/DIN Suspension crane end beam,European Suspension crane end carriage\" \/>\n<meta name=\"robots\" content=\"index, follow, max-snippet:-1, max-image-preview:large, max-video-preview:-1\" \/>\n<link rel=\"canonical\" href=\"https:\/\/www.hnhlcranes.com\/fi\/tuote\/eurooppalainen-ripustusnosturin-paatyvaunu\/\" \/>\n<meta property=\"og:locale\" content=\"fi_FI\" \/>\n<meta property=\"og:type\" content=\"article\" \/>\n<meta property=\"og:title\" content=\"European Suspension crane end carriage - Suspension end beamCrane Parts Manufacturer\" \/>\n<meta property=\"og:description\" content=\"Suspension crane end beam,European style suspended single beam crane end beam,FEN\/DIN Suspension crane end beam,European Suspension crane end carriage\" \/>\n<meta property=\"og:url\" content=\"https:\/\/www.hnhlcranes.com\/fi\/tuote\/eurooppalainen-ripustusnosturin-paatyvaunu\/\" \/>\n<meta property=\"og:site_name\" content=\"Crane Parts Manufacturer\" \/>\n<meta property=\"article:modified_time\" content=\"2025-01-07T17:06:53+00:00\" \/>\n<meta property=\"og:image\" content=\"https:\/\/www.hnhlcranes.com\/wp-content\/uploads\/2024\/12\/European-Suspension-crane-end-carriage.jpg\" \/>\n\t<meta property=\"og:image:width\" content=\"600\" \/>\n\t<meta property=\"og:image:height\" content=\"600\" \/>\n\t<meta property=\"og:image:type\" content=\"image\/jpeg\" \/>\n<meta name=\"twitter:card\" content=\"summary_large_image\" \/>\n<meta name=\"twitter:label1\" content=\"Arvioitu lukuaika\" \/>\n\t<meta name=\"twitter:data1\" content=\"4 minuuttia\" \/>\n<script type=\"application\/ld+json\" class=\"yoast-schema-graph\">{\"@context\":\"https:\/\/schema.org\",\"@graph\":[{\"@type\":\"WebPage\",\"@id\":\"https:\/\/www.hnhlcranes.com\/product\/european-suspension-crane-end-carriage\/\",\"url\":\"https:\/\/www.hnhlcranes.com\/product\/european-suspension-crane-end-carriage\/\",\"name\":\"European Suspension crane end carriage - Suspension end beamCrane Parts Manufacturer\",\"isPartOf\":{\"@id\":\"https:\/\/www.hnhlcranes.com\/#website\"},\"primaryImageOfPage\":{\"@id\":\"https:\/\/www.hnhlcranes.com\/product\/european-suspension-crane-end-carriage\/#primaryimage\"},\"image\":{\"@id\":\"https:\/\/www.hnhlcranes.com\/product\/european-suspension-crane-end-carriage\/#primaryimage\"},\"thumbnailUrl\":\"https:\/\/www.hnhlcranes.com\/wp-content\/uploads\/2024\/12\/European-Suspension-crane-end-carriage.jpg\",\"datePublished\":\"2024-12-03T09:07:45+00:00\",\"dateModified\":\"2025-01-07T17:06:53+00:00\",\"description\":\"Suspension crane end beam,European style suspended single beam crane end beam,FEN\/DIN Suspension crane end beam,European Suspension crane end carriage\",\"breadcrumb\":{\"@id\":\"https:\/\/www.hnhlcranes.com\/product\/european-suspension-crane-end-carriage\/#breadcrumb\"},\"inLanguage\":\"fi\",\"potentialAction\":[{\"@type\":\"ReadAction\",\"target\":[\"https:\/\/www.hnhlcranes.com\/product\/european-suspension-crane-end-carriage\/\"]}]},{\"@type\":\"ImageObject\",\"inLanguage\":\"fi\",\"@id\":\"https:\/\/www.hnhlcranes.com\/product\/european-suspension-crane-end-carriage\/#primaryimage\",\"url\":\"https:\/\/www.hnhlcranes.com\/wp-content\/uploads\/2024\/12\/European-Suspension-crane-end-carriage.jpg\",\"contentUrl\":\"https:\/\/www.hnhlcranes.com\/wp-content\/uploads\/2024\/12\/European-Suspension-crane-end-carriage.jpg\",\"width\":600,\"height\":600},{\"@type\":\"BreadcrumbList\",\"@id\":\"https:\/\/www.hnhlcranes.com\/product\/european-suspension-crane-end-carriage\/#breadcrumb\",\"itemListElement\":[{\"@type\":\"ListItem\",\"position\":1,\"name\":\"home\",\"item\":\"https:\/\/www.hnhlcranes.com\/\"},{\"@type\":\"ListItem\",\"position\":2,\"name\":\"products\",\"item\":\"https:\/\/www.hnhlcranes.com\/products\/\"},{\"@type\":\"ListItem\",\"position\":3,\"name\":\"European Suspension crane end carriage\"}]},{\"@type\":\"WebSite\",\"@id\":\"https:\/\/www.hnhlcranes.com\/#website\",\"url\":\"https:\/\/www.hnhlcranes.com\/\",\"name\":\"Crane Parts Manufacturer\",\"description\":\"Crane Wheels,Crane Drums,Crane Hooks,Crane Coupling,Crane End Carriage,Electric Hoist,European Crane Parts,Crane Rail Clip,Crane Spreader,Crane Motor,Crane Reducer,Crane Brake,Light Crane Parts,Workstation Crane Parts,Crane Electrical Parts,China Crane Parts Supplier,China Crane Parts Manufacturer,Angle box type crane wheel,45 degree split crane wheel,European crane wheel,Crane Wheel Blocks,Overhead crane drum,European crane drum,Overhead crane hook,European crane hook,Crane pulley block,Gear coupling,Brake wheel coupling,Drum gear coupling,Brake wheel drum gear coupling,Cardan Shaft Coupling,WZL drum coupling,Plum blossom elastic coupling,Brake wheel plum elastic coupling,European Single girder crane end carriage,European Double girder crane end carriage,European Suspension  crane end carriage,Wire Rope Electric Hoist,Electric Chain Hoist,European Single Girder Wire Rope Electric Hoist,European Double Girder Wire Rope Electric Hoist,Crane grab,Container spreader,Billet crane clamps,C-type hook,Lifting Electromagnet,YZR crane motor,YZP crane motor,ZQ Reducer,ZSC Reducer,QJ Reducer,QJ-L Reducer,QJY Reducer,H series gearbox,F Series Gear Motor,K Series Gear Motor,R Series Gear Motor,travelling machinery gear motor,Electro hydraulic drum brake,Electro hydraulic disc brake,Crane Safety brake,Crane cable trolley,Crane remote controller,Crane pendant controller,Crane electrical control cabinet,Crane limit switch,Crane sound and light alarm,Heavy Duty Aviation Connector,Crane overload limiter\",\"publisher\":{\"@id\":\"https:\/\/www.hnhlcranes.com\/#organization\"},\"potentialAction\":[{\"@type\":\"SearchAction\",\"target\":{\"@type\":\"EntryPoint\",\"urlTemplate\":\"https:\/\/www.hnhlcranes.com\/?s={search_term_string}\"},\"query-input\":{\"@type\":\"PropertyValueSpecification\",\"valueRequired\":true,\"valueName\":\"search_term_string\"}}],\"inLanguage\":\"fi\"},{\"@type\":\"Organization\",\"@id\":\"https:\/\/www.hnhlcranes.com\/#organization\",\"name\":\"Crane Parts Manufacturer\",\"url\":\"https:\/\/www.hnhlcranes.com\/\",\"logo\":{\"@type\":\"ImageObject\",\"inLanguage\":\"fi\",\"@id\":\"https:\/\/www.hnhlcranes.com\/#\/schema\/logo\/image\/\",\"url\":\"https:\/\/www.hnhlcranes.com\/wp-content\/uploads\/2025\/01\/HL-logo-1.png\",\"contentUrl\":\"https:\/\/www.hnhlcranes.com\/wp-content\/uploads\/2025\/01\/HL-logo-1.png\",\"width\":600,\"height\":169,\"caption\":\"Crane Parts Manufacturer\"},\"image\":{\"@id\":\"https:\/\/www.hnhlcranes.com\/#\/schema\/logo\/image\/\"}}]}<\/script>\n<!-- \/ Yoast SEO plugin. -->","yoast_head_json":{"title":"European Suspension crane end carriage - Suspension end beamCrane Parts Manufacturer","description":"Suspension crane end beam,European style suspended single beam crane end beam,FEN\/DIN Suspension crane end beam,European Suspension crane end carriage","robots":{"index":"index","follow":"follow","max-snippet":"max-snippet:-1","max-image-preview":"max-image-preview:large","max-video-preview":"max-video-preview:-1"},"canonical":"https:\/\/www.hnhlcranes.com\/fi\/tuote\/eurooppalainen-ripustusnosturin-paatyvaunu\/","og_locale":"fi_FI","og_type":"article","og_title":"European Suspension crane end carriage - Suspension end beamCrane Parts Manufacturer","og_description":"Suspension crane end beam,European style suspended single beam crane end beam,FEN\/DIN Suspension crane end beam,European Suspension crane end carriage","og_url":"https:\/\/www.hnhlcranes.com\/fi\/tuote\/eurooppalainen-ripustusnosturin-paatyvaunu\/","og_site_name":"Crane Parts Manufacturer","article_modified_time":"2025-01-07T17:06:53+00:00","og_image":[{"width":600,"height":600,"url":"https:\/\/www.hnhlcranes.com\/wp-content\/uploads\/2024\/12\/European-Suspension-crane-end-carriage.jpg","type":"image\/jpeg"}],"twitter_card":"summary_large_image","twitter_misc":{"Arvioitu lukuaika":"4 minuuttia"},"schema":{"@context":"https:\/\/schema.org","@graph":[{"@type":"WebPage","@id":"https:\/\/www.hnhlcranes.com\/product\/european-suspension-crane-end-carriage\/","url":"https:\/\/www.hnhlcranes.com\/product\/european-suspension-crane-end-carriage\/","name":"European Suspension crane end carriage - Suspension end beamCrane Parts Manufacturer","isPartOf":{"@id":"https:\/\/www.hnhlcranes.com\/#website"},"primaryImageOfPage":{"@id":"https:\/\/www.hnhlcranes.com\/product\/european-suspension-crane-end-carriage\/#primaryimage"},"image":{"@id":"https:\/\/www.hnhlcranes.com\/product\/european-suspension-crane-end-carriage\/#primaryimage"},"thumbnailUrl":"https:\/\/www.hnhlcranes.com\/wp-content\/uploads\/2024\/12\/European-Suspension-crane-end-carriage.jpg","datePublished":"2024-12-03T09:07:45+00:00","dateModified":"2025-01-07T17:06:53+00:00","description":"Suspension crane end beam,European style suspended single beam crane end beam,FEN\/DIN Suspension crane end beam,European Suspension crane end carriage","breadcrumb":{"@id":"https:\/\/www.hnhlcranes.com\/product\/european-suspension-crane-end-carriage\/#breadcrumb"},"inLanguage":"fi","potentialAction":[{"@type":"ReadAction","target":["https:\/\/www.hnhlcranes.com\/product\/european-suspension-crane-end-carriage\/"]}]},{"@type":"ImageObject","inLanguage":"fi","@id":"https:\/\/www.hnhlcranes.com\/product\/european-suspension-crane-end-carriage\/#primaryimage","url":"https:\/\/www.hnhlcranes.com\/wp-content\/uploads\/2024\/12\/European-Suspension-crane-end-carriage.jpg","contentUrl":"https:\/\/www.hnhlcranes.com\/wp-content\/uploads\/2024\/12\/European-Suspension-crane-end-carriage.jpg","width":600,"height":600},{"@type":"BreadcrumbList","@id":"https:\/\/www.hnhlcranes.com\/product\/european-suspension-crane-end-carriage\/#breadcrumb","itemListElement":[{"@type":"ListItem","position":1,"name":"home","item":"https:\/\/www.hnhlcranes.com\/"},{"@type":"ListItem","position":2,"name":"products","item":"https:\/\/www.hnhlcranes.com\/products\/"},{"@type":"ListItem","position":3,"name":"European Suspension crane end carriage"}]},{"@type":"WebSite","@id":"https:\/\/www.hnhlcranes.com\/#website","url":"https:\/\/www.hnhlcranes.com\/","name":"Crane Parts Manufacturer","description":"Crane Wheels,Crane Drums,Crane Hooks,Crane Coupling,Crane End Carriage,Electric Hoist,European Crane Parts,Crane Rail Clip,Crane Spreader,Crane Motor,Crane Reducer,Crane Brake,Light Crane Parts,Workstation Crane Parts,Crane Electrical Parts,China Crane Parts Supplier,China Crane Parts Manufacturer,Angle box type crane wheel,45 degree split crane wheel,European crane wheel,Crane Wheel Blocks,Overhead crane drum,European crane drum,Overhead crane hook,European crane hook,Crane pulley block,Gear coupling,Brake wheel coupling,Drum gear coupling,Brake wheel drum gear coupling,Cardan Shaft Coupling,WZL drum coupling,Plum blossom elastic coupling,Brake wheel plum elastic coupling,European Single girder crane end carriage,European Double girder crane end carriage,European Suspension  crane end carriage,Wire Rope Electric Hoist,Electric Chain Hoist,European Single Girder Wire Rope Electric Hoist,European Double Girder Wire Rope Electric Hoist,Crane grab,Container spreader,Billet crane clamps,C-type hook,Lifting Electromagnet,YZR crane motor,YZP crane motor,ZQ Reducer,ZSC Reducer,QJ Reducer,QJ-L Reducer,QJY Reducer,H series gearbox,F Series Gear Motor,K Series Gear Motor,R Series Gear Motor,travelling machinery gear motor,Electro hydraulic drum brake,Electro hydraulic disc brake,Crane Safety brake,Crane cable trolley,Crane remote controller,Crane pendant controller,Crane electrical control cabinet,Crane limit switch,Crane sound and light alarm,Heavy Duty Aviation Connector,Crane overload limiter","publisher":{"@id":"https:\/\/www.hnhlcranes.com\/#organization"},"potentialAction":[{"@type":"SearchAction","target":{"@type":"EntryPoint","urlTemplate":"https:\/\/www.hnhlcranes.com\/?s={search_term_string}"},"query-input":{"@type":"PropertyValueSpecification","valueRequired":true,"valueName":"search_term_string"}}],"inLanguage":"fi"},{"@type":"Organization","@id":"https:\/\/www.hnhlcranes.com\/#organization","name":"Crane Parts Manufacturer","url":"https:\/\/www.hnhlcranes.com\/","logo":{"@type":"ImageObject","inLanguage":"fi","@id":"https:\/\/www.hnhlcranes.com\/#\/schema\/logo\/image\/","url":"https:\/\/www.hnhlcranes.com\/wp-content\/uploads\/2025\/01\/HL-logo-1.png","contentUrl":"https:\/\/www.hnhlcranes.com\/wp-content\/uploads\/2025\/01\/HL-logo-1.png","width":600,"height":169,"caption":"Crane Parts Manufacturer"},"image":{"@id":"https:\/\/www.hnhlcranes.com\/#\/schema\/logo\/image\/"}}]}},"_links":{"self":[{"href":"https:\/\/www.hnhlcranes.com\/fi\/wp-json\/wp\/v2\/product\/5659","targetHints":{"allow":["GET"]}}],"collection":[{"href":"https:\/\/www.hnhlcranes.com\/fi\/wp-json\/wp\/v2\/product"}],"about":[{"href":"https:\/\/www.hnhlcranes.com\/fi\/wp-json\/wp\/v2\/types\/product"}],"version-history":[{"count":6,"href":"https:\/\/www.hnhlcranes.com\/fi\/wp-json\/wp\/v2\/product\/5659\/revisions"}],"predecessor-version":[{"id":7008,"href":"https:\/\/www.hnhlcranes.com\/fi\/wp-json\/wp\/v2\/product\/5659\/revisions\/7008"}],"wp:featuredmedia":[{"embeddable":true,"href":"https:\/\/www.hnhlcranes.com\/fi\/wp-json\/wp\/v2\/media\/6999"}],"wp:attachment":[{"href":"https:\/\/www.hnhlcranes.com\/fi\/wp-json\/wp\/v2\/media?parent=5659"}],"wp:term":[{"taxonomy":"product_brand","embeddable":true,"href":"https:\/\/www.hnhlcranes.com\/fi\/wp-json\/wp\/v2\/product_brand?post=5659"},{"taxonomy":"product_cat","embeddable":true,"href":"https:\/\/www.hnhlcranes.com\/fi\/wp-json\/wp\/v2\/product_cat?post=5659"},{"taxonomy":"product_tag","embeddable":true,"href":"https:\/\/www.hnhlcranes.com\/fi\/wp-json\/wp\/v2\/product_tag?post=5659"}],"curies":[{"name":"wp","href":"https:\/\/api.w.org\/{rel}","templated":true}]}}