{"id":5790,"date":"2024-12-06T00:55:21","date_gmt":"2024-12-05T16:55:21","guid":{"rendered":"https:\/\/www.hnhlcranes.com\/?post_type=product&#038;p=5790"},"modified":"2025-01-16T12:10:37","modified_gmt":"2025-01-16T04:10:37","slug":"nosturin-aani-ja-valohalytys","status":"publish","type":"product","link":"https:\/\/www.hnhlcranes.com\/fi\/tuote\/nosturin-aani-ja-valohalytys\/","title":{"rendered":"Nosturin \u00e4\u00e4ni- ja valoh\u00e4lytys"},"content":{"rendered":"<h3>Nosturin \u00e4\u00e4ni- ja valoh\u00e4lyttimen ominaisuudet ja tekniset tiedot<\/h3>\n<h4><strong>Ominaisuudet<\/strong><\/h4>\n<ol>\n<li><strong>Kaksoisvaroitusj\u00e4rjestelm\u00e4:<\/strong>\n<ul>\n<li>Nosturin \u00e4\u00e4ni- ja valoh\u00e4lytys yhdist\u00e4\u00e4 sek\u00e4 \u00e4\u00e4ni- ett\u00e4 visuaaliset signaalit, jotka her\u00e4tt\u00e4v\u00e4t tehokkaasti l\u00e4hell\u00e4 olevan henkil\u00f6st\u00f6n huomion ja varmistavat oikea-aikaisen h\u00e4lytyksen mahdollisista vaaroista erilaisissa ty\u00f6ymp\u00e4rist\u00f6iss\u00e4.<\/li>\n<\/ul>\n<\/li>\n<li><strong>Suuri n\u00e4kyvyys ja \u00e4\u00e4nekkyys:<\/strong>\n<ul>\n<li>Valoh\u00e4lyttimess\u00e4 k\u00e4ytet\u00e4\u00e4n kirkkaita vilkkuvia valoja, tyypillisesti punaisia, keltaisia tai sinisi\u00e4, jotka tarjoavat erinomaisen n\u00e4kyvyyden my\u00f6s h\u00e4m\u00e4r\u00e4ss\u00e4 tai meluisassa ymp\u00e4rist\u00f6ss\u00e4. \u00c4\u00e4nih\u00e4lytin antaa kovan varoitus\u00e4\u00e4nen, jonka \u00e4\u00e4nenvoimakkuus ja taajuus ovat s\u00e4\u00e4dett\u00e4viss\u00e4 ja joka takaa tehokkaan varoituksen eri ymp\u00e4rist\u00f6iss\u00e4.<\/li>\n<\/ul>\n<\/li>\n<li><strong>S\u00e4\u00e4dett\u00e4v\u00e4t asetukset:<\/strong>\n<ul>\n<li>K\u00e4ytt\u00e4j\u00e4t voivat s\u00e4\u00e4t\u00e4\u00e4 sek\u00e4 \u00e4\u00e4nenvoimakkuutta ett\u00e4 valon voimakkuutta tai vilkkumistilaa ty\u00f6ymp\u00e4rist\u00f6n mukaan, mik\u00e4 vastaa erilaisia turvallisuusvaatimuksia.<\/li>\n<\/ul>\n<\/li>\n<li><strong>Kest\u00e4vyys ja suojaus:<\/strong>\n<ul>\n<li>N\u00e4m\u00e4 h\u00e4lyttimet on suunniteltu vedenpit\u00e4viksi, p\u00f6lytiiviiksi ja iskunkest\u00e4viksi, joten ne soveltuvat vaativiin ty\u00f6olosuhteisiin ja takaavat luotettavan toiminnan pitk\u00e4ll\u00e4 aikav\u00e4lill\u00e4.<\/li>\n<\/ul>\n<\/li>\n<li><strong>Joustava asennus:<\/strong>\n<ul>\n<li>Laitteet on suunniteltu k\u00e4ytett\u00e4v\u00e4ksi erityyppisten nostureiden (kuten torninostureiden, portaalinostureiden ja mobiilinostureiden) kanssa. Lis\u00e4ksi niiden yksinkertainen asennusprosessi mahdollistaa r\u00e4\u00e4t\u00e4l\u00f6innin erilaisten toiminnallisten tarpeiden mukaan.<\/li>\n<\/ul>\n<\/li>\n<li><strong>Parempi turvallisuus paikan p\u00e4\u00e4ll\u00e4:<\/strong>\n<ul>\n<li>H\u00e4lyttimet varoittavat ty\u00f6ntekij\u00f6it\u00e4, k\u00e4ytt\u00e4ji\u00e4 ja sivullisia varhaisessa vaiheessa ja v\u00e4hent\u00e4v\u00e4t n\u00e4in onnettomuuksien todenn\u00e4k\u00f6isyytt\u00e4 erityisesti silloin, kun nosturit ovat liikkeess\u00e4, nostavat raskaita kuormia tai ovat mahdollisesti vaarallisessa tilassa.<\/li>\n<\/ul>\n<\/li>\n<\/ol>\n<h4><strong>Tekniset tiedot<\/strong><\/h4>\n<ol>\n<li><strong>K\u00e4ytt\u00f6j\u00e4nnite:<\/strong>\n<ul>\n<li>Vaihtovirtaj\u00e4nnite: 110V, 220V jne.<\/li>\n<li>DC-j\u00e4nnite: 12V, 24V jne.<\/li>\n<\/ul>\n<\/li>\n<li><strong>\u00c4\u00e4nen voimakkuus:<\/strong>\n<ul>\n<li>\u00c4\u00e4nen voimakkuus vaihtelee yleens\u00e4 85 dB:st\u00e4 120 dB:iin, ja \u00e4\u00e4nenvoimakkuus on s\u00e4\u00e4dett\u00e4viss\u00e4 ymp\u00e4rist\u00f6n mukaan.<\/li>\n<\/ul>\n<\/li>\n<li><strong>Valon tyyppi:<\/strong>\n<ul>\n<li>Vilkkuvat valot ovat yleens\u00e4 LED-valoja, jotka tarjoavat suuren kirkkauden ja pitk\u00e4n k\u00e4ytt\u00f6i\u00e4n. Valon v\u00e4rit voidaan valita vaatimusten mukaan, mukaan lukien punainen, keltainen tai sininen.<\/li>\n<\/ul>\n<\/li>\n<li><strong>Vilkkumisen taajuus:<\/strong>\n<ul>\n<li>Vilkkujen taajuus on yleens\u00e4 60-120 vilkkuvaa sekuntia minuutissa, ja niit\u00e4 voidaan s\u00e4\u00e4t\u00e4\u00e4 k\u00e4ytt\u00f6ymp\u00e4rist\u00f6n mukaan.<\/li>\n<\/ul>\n<\/li>\n<li><strong>Suojaustaso:<\/strong>\n<ul>\n<li>Suojaustaso on yleens\u00e4 IP65 tai korkeampi, mik\u00e4 varmistaa laitteen moitteettoman toiminnan kosteus- tai p\u00f6lypitoisissa ymp\u00e4rist\u00f6iss\u00e4.<\/li>\n<\/ul>\n<\/li>\n<li><strong>K\u00e4ytt\u00f6l\u00e4mp\u00f6tila-alue:<\/strong>\n<ul>\n<li>Tyypillinen k\u00e4ytt\u00f6l\u00e4mp\u00f6tila-alue on -20 \u00b0C:sta +60 \u00b0C:een, joten se soveltuu erilaisiin vaativiin ymp\u00e4rist\u00f6ihin.<\/li>\n<\/ul>\n<\/li>\n<li><strong>Asennusmenetelm\u00e4:<\/strong>\n<ul>\n<li>Erilaiset asennustavat, kuten kiinnitys-, imu- ja sein\u00e4asennusvaihtoehdot, tarjoavat joustavuutta asennukseen erilaisissa ymp\u00e4rist\u00f6iss\u00e4.<\/li>\n<\/ul>\n<\/li>\n<li><strong>Toimintavirta:<\/strong>\n<ul>\n<li>K\u00e4ytt\u00f6virta on tyypillisesti 0,2A-1A, mallista riippuen.<\/li>\n<\/ul>\n<\/li>\n<li><strong>K\u00e4ytt\u00f6ik\u00e4:<\/strong>\n<ul>\n<li>LED-valojen k\u00e4ytt\u00f6ik\u00e4 on tyypillisesti yli 50 000 tuntia, mik\u00e4 takaa pitk\u00e4aikaisen luotettavan k\u00e4yt\u00f6n.<\/li>\n<\/ul>\n<\/li>\n<\/ol>\n<h3>P\u00e4\u00e4telm\u00e4<\/h3>\n<p>Nosturin \u00e4\u00e4ni- ja valoh\u00e4lyttimet parantavat ty\u00f6maan turvallisuutta tarjoamalla sek\u00e4 \u00e4\u00e4ni- ett\u00e4 visuaalisia varoituksia, jotka auttavat ehk\u00e4isem\u00e4\u00e4n onnettomuuksia nosturin k\u00e4yt\u00f6n aikana. S\u00e4\u00e4dett\u00e4v\u00e4n \u00e4\u00e4nenvoimakkuuden ja valon voimakkuuden, erinomaisen kest\u00e4vyyden ja joustavien asennusmenetelmien ansiosta n\u00e4it\u00e4 h\u00e4lytysj\u00e4rjestelmi\u00e4 voidaan k\u00e4ytt\u00e4\u00e4 laajalti erilaisissa teollisuusymp\u00e4rist\u00f6iss\u00e4. Niiden kyky antaa luotettavia h\u00e4lytyksi\u00e4 takaa turvallisen ja tehokkaan nosturik\u00e4yt\u00f6n eri ymp\u00e4rist\u00f6iss\u00e4.<\/p>","protected":false},"excerpt":{"rendered":"<p><strong>Nosturin \u00e4\u00e4ni- ja valoh\u00e4lytyksen ominaisuudet\uff1a<\/strong><\/p>\n<ul>\n<li>Korkean kirkkauden LED-valonl\u00e4hde<\/li>\n<li>Kova\u00e4\u00e4niset \u00e4\u00e4nih\u00e4lytykset<\/li>\n<li>Monij\u00e4nnitetuki<\/li>\n<li>Py\u00f6riv\u00e4 varoitusvalo (valinnainen)<\/li>\n<li>Korkea suojausluokitus<\/li>\n<li>Pitk\u00e4 k\u00e4ytt\u00f6ik\u00e4<\/li>\n<\/ul>","protected":false},"featured_media":7491,"template":"","meta":{"_kad_post_transparent":"default","_kad_post_title":"","_kad_post_layout":"default","_kad_post_sidebar_id":"","_kad_post_content_style":"default","_kad_post_vertical_padding":"show","_kad_post_feature":"","_kad_post_feature_position":"","_kad_post_header":false,"_kad_post_footer":false},"product_brand":[],"product_cat":[65],"product_tag":[632,622,376,634,612,616,626,627,629,613,617,620,615,614,618,628,619,621,623,630,635,633,625,631,624],"class_list":{"0":"post-5790","1":"product","2":"type-product","3":"status-publish","4":"has-post-thumbnail","6":"product_cat-crane-electrical-parts","7":"product_tag-aviation-plug","8":"product_tag-cable-trolley","9":"product_tag-china-crane-parts-supplier","10":"product_tag-crane-aviation-plug","11":"product_tag-crane-cable-trolley","12":"product_tag-crane-control-cabinet","13":"product_tag-crane-control-handle","14":"product_tag-crane-controls","15":"product_tag-crane-electrical-control-cabinet","16":"product_tag-crane-electrical-part","17":"product_tag-crane-limit-switch","18":"product_tag-crane-overload-limiter","19":"product_tag-crane-pendant-controller","20":"product_tag-crane-remote-controller","21":"product_tag-crane-sound-and-light-alarm","22":"product_tag-electrical-control-cabinet","23":"product_tag-heavy-duty-aviation-connector","24":"product_tag-i-beam-cable-trolley","25":"product_tag-i-beam-cable-trolley-supplier","26":"product_tag-limit-switch","27":"product_tag-overload-limiter","28":"product_tag-quick-connector","29":"product_tag-remote-controller","30":"product_tag-sound-and-light-alarm","31":"product_tag-wireless-remote-control","33":"first","34":"instock","35":"shipping-taxable","36":"product-type-simple","37":"entry","38":"content-bg","39":"loop-entry"},"yoast_head":"<!-- This site is optimized with the Yoast SEO plugin v24.5 - https:\/\/yoast.com\/wordpress\/plugins\/seo\/ -->\n<title>Crane sound and light alarm - Sound and light alarm- Crane Parts Manufacturer<\/title>\n<meta name=\"description\" content=\"Sound and light alarm,Crane Electrical Parts,Sound and light alarm manufacturer,Sound and light alarm Supplier,Crane Parts Supplier\" \/>\n<meta name=\"robots\" content=\"index, follow, max-snippet:-1, max-image-preview:large, max-video-preview:-1\" \/>\n<link rel=\"canonical\" href=\"https:\/\/www.hnhlcranes.com\/fi\/tuote\/nosturin-aani-ja-valohalytys\/\" \/>\n<meta property=\"og:locale\" content=\"fi_FI\" \/>\n<meta property=\"og:type\" content=\"article\" \/>\n<meta property=\"og:title\" content=\"Crane sound and light alarm - Sound and light alarm- Crane Parts Manufacturer\" \/>\n<meta property=\"og:description\" content=\"Sound and light alarm,Crane Electrical Parts,Sound and light alarm manufacturer,Sound and light alarm Supplier,Crane Parts Supplier\" \/>\n<meta property=\"og:url\" content=\"https:\/\/www.hnhlcranes.com\/fi\/tuote\/nosturin-aani-ja-valohalytys\/\" \/>\n<meta property=\"og:site_name\" content=\"Crane Parts Manufacturer\" \/>\n<meta property=\"article:modified_time\" content=\"2025-01-16T04:10:37+00:00\" \/>\n<meta property=\"og:image\" content=\"https:\/\/www.hnhlcranes.com\/wp-content\/uploads\/2024\/12\/Crane-sound-and-light-alarm.jpg\" \/>\n\t<meta property=\"og:image:width\" content=\"600\" \/>\n\t<meta property=\"og:image:height\" content=\"600\" \/>\n\t<meta property=\"og:image:type\" content=\"image\/jpeg\" \/>\n<meta name=\"twitter:card\" content=\"summary_large_image\" \/>\n<meta name=\"twitter:label1\" content=\"Arvioitu lukuaika\" \/>\n\t<meta name=\"twitter:data1\" content=\"3 minuuttia\" \/>\n<script type=\"application\/ld+json\" class=\"yoast-schema-graph\">{\"@context\":\"https:\/\/schema.org\",\"@graph\":[{\"@type\":\"WebPage\",\"@id\":\"https:\/\/www.hnhlcranes.com\/product\/crane-sound-and-light-alarm\/\",\"url\":\"https:\/\/www.hnhlcranes.com\/product\/crane-sound-and-light-alarm\/\",\"name\":\"Crane sound and light alarm - Sound and light alarm- Crane Parts Manufacturer\",\"isPartOf\":{\"@id\":\"https:\/\/www.hnhlcranes.com\/#website\"},\"primaryImageOfPage\":{\"@id\":\"https:\/\/www.hnhlcranes.com\/product\/crane-sound-and-light-alarm\/#primaryimage\"},\"image\":{\"@id\":\"https:\/\/www.hnhlcranes.com\/product\/crane-sound-and-light-alarm\/#primaryimage\"},\"thumbnailUrl\":\"https:\/\/www.hnhlcranes.com\/wp-content\/uploads\/2024\/12\/Crane-sound-and-light-alarm.jpg\",\"datePublished\":\"2024-12-05T16:55:21+00:00\",\"dateModified\":\"2025-01-16T04:10:37+00:00\",\"description\":\"Sound and light alarm,Crane Electrical Parts,Sound and light alarm manufacturer,Sound and light alarm Supplier,Crane Parts Supplier\",\"breadcrumb\":{\"@id\":\"https:\/\/www.hnhlcranes.com\/product\/crane-sound-and-light-alarm\/#breadcrumb\"},\"inLanguage\":\"fi\",\"potentialAction\":[{\"@type\":\"ReadAction\",\"target\":[\"https:\/\/www.hnhlcranes.com\/product\/crane-sound-and-light-alarm\/\"]}]},{\"@type\":\"ImageObject\",\"inLanguage\":\"fi\",\"@id\":\"https:\/\/www.hnhlcranes.com\/product\/crane-sound-and-light-alarm\/#primaryimage\",\"url\":\"https:\/\/www.hnhlcranes.com\/wp-content\/uploads\/2024\/12\/Crane-sound-and-light-alarm.jpg\",\"contentUrl\":\"https:\/\/www.hnhlcranes.com\/wp-content\/uploads\/2024\/12\/Crane-sound-and-light-alarm.jpg\",\"width\":600,\"height\":600},{\"@type\":\"BreadcrumbList\",\"@id\":\"https:\/\/www.hnhlcranes.com\/product\/crane-sound-and-light-alarm\/#breadcrumb\",\"itemListElement\":[{\"@type\":\"ListItem\",\"position\":1,\"name\":\"home\",\"item\":\"https:\/\/www.hnhlcranes.com\/\"},{\"@type\":\"ListItem\",\"position\":2,\"name\":\"products\",\"item\":\"https:\/\/www.hnhlcranes.com\/products\/\"},{\"@type\":\"ListItem\",\"position\":3,\"name\":\"Crane sound and light alarm\"}]},{\"@type\":\"WebSite\",\"@id\":\"https:\/\/www.hnhlcranes.com\/#website\",\"url\":\"https:\/\/www.hnhlcranes.com\/\",\"name\":\"Crane Parts Manufacturer\",\"description\":\"Crane Wheels,Crane Drums,Crane Hooks,Crane Coupling,Crane End Carriage,Electric Hoist,European Crane Parts,Crane Rail Clip,Crane Spreader,Crane Motor,Crane Reducer,Crane Brake,Light Crane Parts,Workstation Crane Parts,Crane Electrical Parts,China Crane Parts Supplier,China Crane Parts Manufacturer,Angle box type crane wheel,45 degree split crane wheel,European crane wheel,Crane Wheel Blocks,Overhead crane drum,European crane drum,Overhead crane hook,European crane hook,Crane pulley block,Gear coupling,Brake wheel coupling,Drum gear coupling,Brake wheel drum gear coupling,Cardan Shaft Coupling,WZL drum coupling,Plum blossom elastic coupling,Brake wheel plum elastic coupling,European Single girder crane end carriage,European Double girder crane end carriage,European Suspension  crane end carriage,Wire Rope Electric Hoist,Electric Chain Hoist,European Single Girder Wire Rope Electric Hoist,European Double Girder Wire Rope Electric Hoist,Crane grab,Container spreader,Billet crane clamps,C-type hook,Lifting Electromagnet,YZR crane motor,YZP crane motor,ZQ Reducer,ZSC Reducer,QJ Reducer,QJ-L Reducer,QJY Reducer,H series gearbox,F Series Gear Motor,K Series Gear Motor,R Series Gear Motor,travelling machinery gear motor,Electro hydraulic drum brake,Electro hydraulic disc brake,Crane Safety brake,Crane cable trolley,Crane remote controller,Crane pendant controller,Crane electrical control cabinet,Crane limit switch,Crane sound and light alarm,Heavy Duty Aviation Connector,Crane overload limiter\",\"publisher\":{\"@id\":\"https:\/\/www.hnhlcranes.com\/#organization\"},\"potentialAction\":[{\"@type\":\"SearchAction\",\"target\":{\"@type\":\"EntryPoint\",\"urlTemplate\":\"https:\/\/www.hnhlcranes.com\/?s={search_term_string}\"},\"query-input\":{\"@type\":\"PropertyValueSpecification\",\"valueRequired\":true,\"valueName\":\"search_term_string\"}}],\"inLanguage\":\"fi\"},{\"@type\":\"Organization\",\"@id\":\"https:\/\/www.hnhlcranes.com\/#organization\",\"name\":\"Crane Parts Manufacturer\",\"url\":\"https:\/\/www.hnhlcranes.com\/\",\"logo\":{\"@type\":\"ImageObject\",\"inLanguage\":\"fi\",\"@id\":\"https:\/\/www.hnhlcranes.com\/#\/schema\/logo\/image\/\",\"url\":\"https:\/\/www.hnhlcranes.com\/wp-content\/uploads\/2025\/01\/HL-logo-1.png\",\"contentUrl\":\"https:\/\/www.hnhlcranes.com\/wp-content\/uploads\/2025\/01\/HL-logo-1.png\",\"width\":600,\"height\":169,\"caption\":\"Crane Parts Manufacturer\"},\"image\":{\"@id\":\"https:\/\/www.hnhlcranes.com\/#\/schema\/logo\/image\/\"}}]}<\/script>\n<!-- \/ Yoast SEO plugin. -->","yoast_head_json":{"title":"Crane sound and light alarm - Sound and light alarm- Crane Parts Manufacturer","description":"Sound and light alarm,Crane Electrical Parts,Sound and light alarm manufacturer,Sound and light alarm Supplier,Crane Parts Supplier","robots":{"index":"index","follow":"follow","max-snippet":"max-snippet:-1","max-image-preview":"max-image-preview:large","max-video-preview":"max-video-preview:-1"},"canonical":"https:\/\/www.hnhlcranes.com\/fi\/tuote\/nosturin-aani-ja-valohalytys\/","og_locale":"fi_FI","og_type":"article","og_title":"Crane sound and light alarm - Sound and light alarm- Crane Parts Manufacturer","og_description":"Sound and light alarm,Crane Electrical Parts,Sound and light alarm manufacturer,Sound and light alarm Supplier,Crane Parts Supplier","og_url":"https:\/\/www.hnhlcranes.com\/fi\/tuote\/nosturin-aani-ja-valohalytys\/","og_site_name":"Crane Parts Manufacturer","article_modified_time":"2025-01-16T04:10:37+00:00","og_image":[{"width":600,"height":600,"url":"https:\/\/www.hnhlcranes.com\/wp-content\/uploads\/2024\/12\/Crane-sound-and-light-alarm.jpg","type":"image\/jpeg"}],"twitter_card":"summary_large_image","twitter_misc":{"Arvioitu lukuaika":"3 minuuttia"},"schema":{"@context":"https:\/\/schema.org","@graph":[{"@type":"WebPage","@id":"https:\/\/www.hnhlcranes.com\/product\/crane-sound-and-light-alarm\/","url":"https:\/\/www.hnhlcranes.com\/product\/crane-sound-and-light-alarm\/","name":"Crane sound and light alarm - Sound and light alarm- Crane Parts Manufacturer","isPartOf":{"@id":"https:\/\/www.hnhlcranes.com\/#website"},"primaryImageOfPage":{"@id":"https:\/\/www.hnhlcranes.com\/product\/crane-sound-and-light-alarm\/#primaryimage"},"image":{"@id":"https:\/\/www.hnhlcranes.com\/product\/crane-sound-and-light-alarm\/#primaryimage"},"thumbnailUrl":"https:\/\/www.hnhlcranes.com\/wp-content\/uploads\/2024\/12\/Crane-sound-and-light-alarm.jpg","datePublished":"2024-12-05T16:55:21+00:00","dateModified":"2025-01-16T04:10:37+00:00","description":"Sound and light alarm,Crane Electrical Parts,Sound and light alarm manufacturer,Sound and light alarm Supplier,Crane Parts Supplier","breadcrumb":{"@id":"https:\/\/www.hnhlcranes.com\/product\/crane-sound-and-light-alarm\/#breadcrumb"},"inLanguage":"fi","potentialAction":[{"@type":"ReadAction","target":["https:\/\/www.hnhlcranes.com\/product\/crane-sound-and-light-alarm\/"]}]},{"@type":"ImageObject","inLanguage":"fi","@id":"https:\/\/www.hnhlcranes.com\/product\/crane-sound-and-light-alarm\/#primaryimage","url":"https:\/\/www.hnhlcranes.com\/wp-content\/uploads\/2024\/12\/Crane-sound-and-light-alarm.jpg","contentUrl":"https:\/\/www.hnhlcranes.com\/wp-content\/uploads\/2024\/12\/Crane-sound-and-light-alarm.jpg","width":600,"height":600},{"@type":"BreadcrumbList","@id":"https:\/\/www.hnhlcranes.com\/product\/crane-sound-and-light-alarm\/#breadcrumb","itemListElement":[{"@type":"ListItem","position":1,"name":"home","item":"https:\/\/www.hnhlcranes.com\/"},{"@type":"ListItem","position":2,"name":"products","item":"https:\/\/www.hnhlcranes.com\/products\/"},{"@type":"ListItem","position":3,"name":"Crane sound and light alarm"}]},{"@type":"WebSite","@id":"https:\/\/www.hnhlcranes.com\/#website","url":"https:\/\/www.hnhlcranes.com\/","name":"Crane Parts Manufacturer","description":"Crane Wheels,Crane Drums,Crane Hooks,Crane Coupling,Crane End Carriage,Electric Hoist,European Crane Parts,Crane Rail Clip,Crane Spreader,Crane Motor,Crane Reducer,Crane Brake,Light Crane Parts,Workstation Crane Parts,Crane Electrical Parts,China Crane Parts Supplier,China Crane Parts Manufacturer,Angle box type crane wheel,45 degree split crane wheel,European crane wheel,Crane Wheel Blocks,Overhead crane drum,European crane drum,Overhead crane hook,European crane hook,Crane pulley block,Gear coupling,Brake wheel coupling,Drum gear coupling,Brake wheel drum gear coupling,Cardan Shaft Coupling,WZL drum coupling,Plum blossom elastic coupling,Brake wheel plum elastic coupling,European Single girder crane end carriage,European Double girder crane end carriage,European Suspension  crane end carriage,Wire Rope Electric Hoist,Electric Chain Hoist,European Single Girder Wire Rope Electric Hoist,European Double Girder Wire Rope Electric Hoist,Crane grab,Container spreader,Billet crane clamps,C-type hook,Lifting Electromagnet,YZR crane motor,YZP crane motor,ZQ Reducer,ZSC Reducer,QJ Reducer,QJ-L Reducer,QJY Reducer,H series gearbox,F Series Gear Motor,K Series Gear Motor,R Series Gear Motor,travelling machinery gear motor,Electro hydraulic drum brake,Electro hydraulic disc brake,Crane Safety brake,Crane cable trolley,Crane remote controller,Crane pendant controller,Crane electrical control cabinet,Crane limit switch,Crane sound and light alarm,Heavy Duty Aviation Connector,Crane overload limiter","publisher":{"@id":"https:\/\/www.hnhlcranes.com\/#organization"},"potentialAction":[{"@type":"SearchAction","target":{"@type":"EntryPoint","urlTemplate":"https:\/\/www.hnhlcranes.com\/?s={search_term_string}"},"query-input":{"@type":"PropertyValueSpecification","valueRequired":true,"valueName":"search_term_string"}}],"inLanguage":"fi"},{"@type":"Organization","@id":"https:\/\/www.hnhlcranes.com\/#organization","name":"Crane Parts Manufacturer","url":"https:\/\/www.hnhlcranes.com\/","logo":{"@type":"ImageObject","inLanguage":"fi","@id":"https:\/\/www.hnhlcranes.com\/#\/schema\/logo\/image\/","url":"https:\/\/www.hnhlcranes.com\/wp-content\/uploads\/2025\/01\/HL-logo-1.png","contentUrl":"https:\/\/www.hnhlcranes.com\/wp-content\/uploads\/2025\/01\/HL-logo-1.png","width":600,"height":169,"caption":"Crane Parts Manufacturer"},"image":{"@id":"https:\/\/www.hnhlcranes.com\/#\/schema\/logo\/image\/"}}]}},"_links":{"self":[{"href":"https:\/\/www.hnhlcranes.com\/fi\/wp-json\/wp\/v2\/product\/5790","targetHints":{"allow":["GET"]}}],"collection":[{"href":"https:\/\/www.hnhlcranes.com\/fi\/wp-json\/wp\/v2\/product"}],"about":[{"href":"https:\/\/www.hnhlcranes.com\/fi\/wp-json\/wp\/v2\/types\/product"}],"version-history":[{"count":4,"href":"https:\/\/www.hnhlcranes.com\/fi\/wp-json\/wp\/v2\/product\/5790\/revisions"}],"predecessor-version":[{"id":7494,"href":"https:\/\/www.hnhlcranes.com\/fi\/wp-json\/wp\/v2\/product\/5790\/revisions\/7494"}],"wp:featuredmedia":[{"embeddable":true,"href":"https:\/\/www.hnhlcranes.com\/fi\/wp-json\/wp\/v2\/media\/7491"}],"wp:attachment":[{"href":"https:\/\/www.hnhlcranes.com\/fi\/wp-json\/wp\/v2\/media?parent=5790"}],"wp:term":[{"taxonomy":"product_brand","embeddable":true,"href":"https:\/\/www.hnhlcranes.com\/fi\/wp-json\/wp\/v2\/product_brand?post=5790"},{"taxonomy":"product_cat","embeddable":true,"href":"https:\/\/www.hnhlcranes.com\/fi\/wp-json\/wp\/v2\/product_cat?post=5790"},{"taxonomy":"product_tag","embeddable":true,"href":"https:\/\/www.hnhlcranes.com\/fi\/wp-json\/wp\/v2\/product_tag?post=5790"}],"curies":[{"name":"wp","href":"https:\/\/api.w.org\/{rel}","templated":true}]}}